{"id":1019,"date":"2023-09-07T03:16:54","date_gmt":"2023-09-07T03:16:54","guid":{"rendered":"https:\/\/hydraulic-cylinders.net\/?post_type=product&#038;p=1019"},"modified":"2023-09-19T01:36:32","modified_gmt":"2023-09-19T01:36:32","slug":"double-pistion-rod-hydraulic-cylinder","status":"publish","type":"product","link":"https:\/\/www.hydraulic-cylinders.net\/sl\/izdelek\/double-pistion-rod-hydraulic-cylinder\/","title":{"rendered":"Hidravli\u010dni cilinder z dvojno batno palico"},"content":{"rendered":"<h1 style=\"text-align: center;\"><strong>Hidravli\u010dni cilinder z dvojno batno palico<\/strong><\/h1>\n<p><img loading=\"lazy\" decoding=\"async\" class=\"size-full wp-image-1022 aligncenter\" src=\"https:\/\/hydraulic-cylinders.net\/wp-content\/uploads\/2023\/09\/double-piston-rod-hydraulic-cylinder-1-1.webp\" alt=\"\" width=\"281\" height=\"281\" srcset=\"https:\/\/www.hydraulic-cylinders.net\/wp-content\/uploads\/2023\/09\/double-piston-rod-hydraulic-cylinder-1-1.webp 281w, https:\/\/www.hydraulic-cylinders.net\/wp-content\/uploads\/2023\/09\/double-piston-rod-hydraulic-cylinder-1-1-100x100.webp 100w, https:\/\/www.hydraulic-cylinders.net\/wp-content\/uploads\/2023\/09\/double-piston-rod-hydraulic-cylinder-1-1-150x150.webp 150w, https:\/\/www.hydraulic-cylinders.net\/wp-content\/uploads\/2023\/09\/double-piston-rod-hydraulic-cylinder-1-1-12x12.webp 12w\" sizes=\"(max-width: 281px) 100vw, 281px\" \/><\/p>\n<p>The double piston rod hydraulic cylinder is a cutting-edge hydraulic element designed to provide superior power, stability, and versatility for a wide range of industrial applications. With its unique dual piston rod configuration, this hydraulic cylinder offers enhanced load-carrying capacity, precise control, and reliable performance, making it an indispensable asset in demanding hydraulic systems.<\/p>\n<p>Bistvene zna\u010dilnosti \u0161tiripal\u010dnega hidravli\u010dnega cilindra:<\/p>\n<p><strong>Double Piston Rod Configuration:<\/strong><\/p>\n<ol>\n<li style=\"list-style-type: none;\">\n<ul>\n<li>The dual piston rod configuration makes the hydraulic cylinder different from the traditional design, with higher stability, load capacity and side load resistance.<\/li>\n<li>It provides a symmetrical distribution of forces, ensuring balanced and precise movement during operation.<\/li>\n<\/ul>\n<\/li>\n<\/ol>\n<p><strong>Visoka izhodna mo\u010d:<\/strong><\/p>\n<ol>\n<li style=\"list-style-type: none;\">\n<ul>\n<li>This hydraulic cylinder has an impressive power output, making it suitable for applications that require a lot of power and lifting capacity.<\/li>\n<li>It provides a special thrust that allows it to easily handle heavy loads.<\/li>\n<\/ul>\n<\/li>\n<\/ol>\n<p><strong>Natan\u010den nadzor in pozicioniranje:<\/strong><\/p>\n<ol>\n<li style=\"list-style-type: none;\">\n<ul>\n<li>Dual piston rod hydraulic cylinders provide precise control over linear motion, ensuring accurate positioning and smooth operation.<\/li>\n<li>Zagotavlja odli\u010den nadzor hoda, kar operaterjem omogo\u010da doseganje hitrosti in natan\u010dnosti, potrebne za dolo\u010dene naloge.<\/li>\n<\/ul>\n<\/li>\n<\/ol>\n<p><strong>Vsestranska uporaba:<\/strong><\/p>\n<ul>\n<li style=\"list-style-type: none;\">\n<ul>\n<li>Its rugged construction and versatile design make this hydraulic cylinder suitable for various industries and applications.<\/li>\n<li>It can be used in heavy machinery, construction equipment, material handling systems, agricultural machinery, etc.<\/li>\n<\/ul>\n<\/li>\n<\/ul>\n<h2><strong>Double Piston Rod Hydraulic Cylinder Parameter:<\/strong><\/h2>\n<p><img loading=\"lazy\" decoding=\"async\" class=\"alignnone wp-image-1023 size-full\" src=\"https:\/\/hydraulic-cylinders.net\/wp-content\/uploads\/2023\/09\/double-piston-rod-hydraulic-cylinder-2.webp\" alt=\"\" width=\"654\" height=\"388\" srcset=\"https:\/\/hydraulic-cylinders.net\/wp-content\/uploads\/2023\/09\/double-piston-rod-hydraulic-cylinder-2.webp 654w, https:\/\/hydraulic-cylinders.net\/wp-content\/uploads\/2023\/09\/double-piston-rod-hydraulic-cylinder-2-480x285.webp 480w\" sizes=\"(min-width: 0px) and (max-width: 480px) 480px, (min-width: 481px) 654px, 100vw\" \/><\/p>\n<h2><strong>Hidravli\u010dni cilinder z dvojno batno palico <\/strong><strong>Na\u010din uporabe<\/strong><strong>:<\/strong><\/h2>\n<p><strong>Monta\u017ea in namestitev:<\/strong><\/p>\n<ol>\n<li style=\"list-style-type: none;\">\n<ul>\n<li>Za dolo\u010ditev ustreznega mesta namestitve hidravli\u010dnega cilindra znotraj sistema ali opreme upo\u0161tevajte zahteve glede obremenitve in prostorske omejitve.<\/li>\n<li>Prepri\u010dajte se, da je povr\u0161ina za monta\u017eo \u010dista, ravna in da lahko prenese te\u017eo jeklenke.<\/li>\n<li>Secure cylinders using recommended bolts or fasteners in accordance with the manufacturer&#8217;s guidelines.<\/li>\n<\/ul>\n<\/li>\n<\/ol>\n<p><strong>Hidravli\u010dni priklju\u010dki:<\/strong><\/p>\n<ol>\n<li style=\"list-style-type: none;\">\n<ul>\n<li>Connect hydraulic supply line to the cylinder port, ensuring proper seal to prevent leakage.<\/li>\n<li>Upo\u0161tevajte priporo\u010dila proizvajalca glede vrste hidravli\u010dnega olja in sistem napolnite do priporo\u010dene ravni.<\/li>\n<\/ul>\n<\/li>\n<\/ol>\n<p><strong>Delovanje:<\/strong><\/p>\n<ul>\n<li style=\"list-style-type: none;\">\n<ul>\n<li>Aktivirajte hidravli\u010dni sistem in krmilite gibanje valja s hidravli\u010dnim regulacijskim ventilom ali drugim ustreznim regulacijskim mehanizmom.<\/li>\n<li>Prilagodite nastavitve pretoka in tlaka, da dose\u017eete \u017eeleno hitrost in izhodno silo.<\/li>\n<li>Redno spremljajte delovanje jeklenke glede nenavadnega vedenja, kot so pu\u0161\u010danje, pregrevanje ali nenavaden hrup.<\/li>\n<\/ul>\n<\/li>\n<\/ul>\n<h2><strong>Hidravli\u010dni cilinder z dvojno batno palico <\/strong><strong>Vzdr\u017eevanje<\/strong><strong>:<\/strong><\/h2>\n<p><strong>Redni pregled:<\/strong><\/p>\n<ol>\n<li style=\"list-style-type: none;\">\n<ul>\n<li>Redno vizualno pregledujte, da preverite morebitne znake obrabe, pu\u0161\u010danja ali po\u0161kodb.<\/li>\n<li>Check the piston rod, seals, and mounting connections for abnormalities and address any problems promptly.<\/li>\n<\/ul>\n<\/li>\n<\/ol>\n<p><strong>Mazanje:<\/strong><\/p>\n<ol>\n<li style=\"list-style-type: none;\">\n<ul>\n<li>Upo\u0161tevajte proizvajal\u010deve smernice glede intervalov mazanja in uporabljajte priporo\u010deno mazivo, da zagotovite nemoteno delovanje.<\/li>\n<li>Lubricate piston rods, seals, and other moving parts to minimize friction and extend cylinder life.<\/li>\n<\/ul>\n<\/li>\n<\/ol>\n<p><strong>Zamenjava tesnila:<\/strong><\/p>\n<ul>\n<li style=\"list-style-type: none;\">\n<ul>\n<li>S\u010dasoma se tesnila lahko obrabijo in jih je treba zamenjati. \u010ce odkrijete pu\u0161\u010danje, previdno odstranite staro tesnilo in namestite novo v skladu s specifikacijami proizvajalca.<\/li>\n<\/ul>\n<\/li>\n<\/ul>\n<h2><strong>TB tip \u0161tirih palic hidravli\u010dni cilinder <\/strong><strong>Vzdr\u017eevanje<\/strong><strong>:<\/strong><\/h2>\n<ol>\n<li><strong>Redni pregled:<\/strong><\/li>\n<\/ol>\n<ul>\n<li>Periodically inspect the cylinder for any leakage, damage, or excessive wear.<\/li>\n<li>Check the condition of the seals, rods, and mounting components, and replace any worn or damaged parts.<\/li>\n<\/ul>\n<ol start=\"2\">\n<li><strong>Mazanje:<\/strong><\/li>\n<\/ol>\n<ul>\n<li>Follow the manufacturer&#8217;s recommendations for lubrication intervals and use high-quality hydraulic oil or grease suitable for the cylinder&#8217;s specifications.<\/li>\n<li>Apply lubrication to the rod, seals, and other moving parts to minimize friction and ensure smooth operation.<\/li>\n<\/ul>\n<ol start=\"3\">\n<li><strong>\u010ci\u0161\u010denje:<\/strong><\/li>\n<\/ol>\n<ul>\n<li>Keep the cylinder and its surrounding area clean and free from debris, dust, or contaminants affecting its performance.<\/li>\n<li>Use a mild cleaning agent and a soft cloth to wipe down the external surfaces of the cylinder.<\/li>\n<\/ul>\n<h2><strong>Zmogljivost in zmogljivost tovarne:<\/strong><\/h2>\n<h3>(1) Sestavljanje<\/h3>\n<p>Imamo prvovrstno neodvisno platformo za raziskave in razvoj. Delavnica za proizvodnjo hidravli\u010dnih cilindrov ima \u0161tiri polavtomatske monta\u017ene linije za dvi\u017ene cilindre in eno avtomatsko monta\u017eno linijo za nagibne cilindre z letno proizvodno zmogljivostjo 1 milijona kosov. Delavnica za posebne cilindre je opremljena z razli\u010dnimi specifikacijami polavtomatskega sistema za \u010di\u0161\u010denje in monta\u017eo z letno proizvodno zmogljivostjo 200.000 kosov ter znano CNC obdelovalno opremo, obdelovalnim centrom, visoko precizno posebno opremo za obdelavo cilindrov, robotskim varilnim strojem, avtomatskim \u010distilnim strojem, avtomatskim strojem za monta\u017eo cilindrov in avtomatsko proizvodno linijo za barvanje. Obstoje\u010da kriti\u010dna oprema obsega ve\u010d kot 300 kompletov (kompletov). Optimalna razporeditev in u\u010dinkovita uporaba opremnih virov zagotavljata zahteve glede natan\u010dnosti izdelkov in izpolnjujeta visoke zahteve glede kakovosti izdelkov.<\/p>\n<p><img loading=\"lazy\" decoding=\"async\" class=\"alignnone wp-image-626\" src=\"https:\/\/hydraulic-cylinders.net\/wp-content\/uploads\/2023\/08\/hydraulic-cylinder-product-1-300x158.webp\" alt=\"\" width=\"495\" height=\"260\" srcset=\"https:\/\/hydraulic-cylinders.net\/wp-content\/uploads\/2023\/08\/hydraulic-cylinder-product-1-300x158.webp 495w, https:\/\/hydraulic-cylinders.net\/wp-content\/uploads\/2023\/08\/hydraulic-cylinder-product-1-480x252.webp 480w\" sizes=\"(min-width: 0px) and (max-width: 480px) 480px, (min-width: 481px) 495px, 100vw\" \/> <img loading=\"lazy\" decoding=\"async\" class=\"alignnone wp-image-627\" src=\"https:\/\/hydraulic-cylinders.net\/wp-content\/uploads\/2023\/08\/hydraulic-cylinder-product-2-300x189.webp\" alt=\"\" width=\"413\" height=\"260\" \/><\/p>\n<h3>(2) Strojna obdelava<\/h3>\n<p>Strojna delavnica je opremljena s prilagojenim centrom za stru\u017eenje nagnjenih tirnic, obdelovalnim centrom, visokohitrostnim strojem za honanje, varilnim robotom in drugo sorodno opremo, ki lahko obdeluje cilindri\u010dne cevi z najve\u010djim notranjim premerom 400 mm in najve\u010djo dol\u017eino 6 metrov.<\/p>\n<p><img loading=\"lazy\" decoding=\"async\" class=\"alignnone wp-image-628 size-large\" src=\"https:\/\/hydraulic-cylinders.net\/wp-content\/uploads\/2023\/08\/hydraulic-cylinder-product-3-1024x391.webp\" alt=\"\" width=\"1024\" height=\"391\" srcset=\"https:\/\/hydraulic-cylinders.net\/wp-content\/uploads\/2023\/08\/hydraulic-cylinder-product-3-980x374.webp 980w, https:\/\/hydraulic-cylinders.net\/wp-content\/uploads\/2023\/08\/hydraulic-cylinder-product-3-480x183.webp 480w\" sizes=\"(min-width: 0px) and (max-width: 480px) 480px, (min-width: 481px) and (max-width: 980px) 980px, (min-width: 981px) 1024px, 100vw\" \/><\/p>\n<h3>(3) Varjenje<\/h3>\n<p><img loading=\"lazy\" decoding=\"async\" class=\"alignnone wp-image-629 size-large\" src=\"https:\/\/hydraulic-cylinders.net\/wp-content\/uploads\/2023\/08\/hydraulic-cylinder-product-4-1024x510.webp\" alt=\"\" width=\"1024\" height=\"510\" srcset=\"https:\/\/hydraulic-cylinders.net\/wp-content\/uploads\/2023\/08\/hydraulic-cylinder-product-4-980x488.webp 980w, https:\/\/hydraulic-cylinders.net\/wp-content\/uploads\/2023\/08\/hydraulic-cylinder-product-4-480x239.webp 480w\" sizes=\"(min-width: 0px) and (max-width: 480px) 480px, (min-width: 481px) and (max-width: 980px) 980px, (min-width: 981px) 1024px, 100vw\" \/><\/p>\n<h3>(4) Barvanje in premazovanje<\/h3>\n<p>Z majhnimi in srednje velikimi cilindri\u010dnimi avtomatskimi linijami za barvanje na vodni osnovi, za doseganje avtomatskega nakladanja in razkladanja robotov ter avtomatskega brizganja, je projektna zmogljivost 4000 kosov na izmeno;<br \/>\nImamo tudi polavtomatsko linijo za proizvodnjo barv za velike jeklenke, ki jo poganja veriga, s projektno zmogljivostjo 60 zabojev na izmeno.<\/p>\n<p><img loading=\"lazy\" decoding=\"async\" class=\"alignnone wp-image-630\" src=\"https:\/\/hydraulic-cylinders.net\/wp-content\/uploads\/2023\/08\/hydraulic-cylinder-product-5-300x213.webp\" alt=\"\" width=\"366\" height=\"260\" \/> <img loading=\"lazy\" decoding=\"async\" class=\"alignnone wp-image-631\" src=\"https:\/\/hydraulic-cylinders.net\/wp-content\/uploads\/2023\/08\/hydraulic-cylinder-product-6-300x225.webp\" alt=\"\" width=\"347\" height=\"260\" \/><\/p>\n<h3>(5) Testiranje<\/h3>\n<p>Imamo prvovrstne in\u0161pekcijske prostore in testne postaje, s katerimi zagotavljamo, da delovanje jeklenke izpolnjuje zahteve.<\/p>\n<p><img loading=\"lazy\" decoding=\"async\" class=\"alignnone wp-image-632\" src=\"https:\/\/hydraulic-cylinders.net\/wp-content\/uploads\/2023\/08\/hydraulic-cylinder-product-8-300x200.webp\" alt=\"\" width=\"389\" height=\"260\" \/><\/p>\n<p>&nbsp;<\/p>\n<p>&nbsp;<\/p>\n<p>Smo eden najbolj\u0161ih proizvajalcev lahkih \u0161tiripali\u010dnih hidravli\u010dnih cilindrov. Ponujamo vam celovito zalogo lahkih \u0161tiripali\u010dnih hidravli\u010dnih cilindrov. Ponujamo tudi ustrezne <a href=\"https:\/\/hzpt.com\/agricultural-pto-gearbox\/\" target=\"_blank\" rel=\"noopener\">kmetijski menjalniki<\/a>Na\u0161e izdelke smo izvozili strankam po vsem svetu in si prislu\u017eili dober ugled zaradi vrhunske kakovosti izdelkov in poprodajnih storitev. Toplo vabimo stranke tako doma kot v tujini, da nas kontaktirajo za poslovne dogovore, izmenjavo informacij in ...\u00a0<a href=\"https:\/\/www.hydraulic-cylinders.net\/sl\/contact-us\/\">sodelujte z nami<\/a>!<\/p>\n<h2><\/h2>\n<h2><\/h2>","protected":false},"excerpt":{"rendered":"<p>Double Piston Rod Hydraulic Cylinder The double piston rod hydraulic cylinder is a cutting-edge hydraulic element designed to provide superior power, stability, and versatility for a wide range of industrial applications. With its unique dual piston rod configuration, this hydraulic cylinder offers enhanced load-carrying capacity, precise control, and reliable performance, making it an indispensable asset [&hellip;]<\/p>","protected":false},"featured_media":1024,"comment_status":"open","ping_status":"closed","template":"","meta":{"_et_pb_use_builder":"","_et_pb_old_content":"","_et_gb_content_width":""},"product_brand":[],"product_cat":[1376,1386],"product_tag":[1380],"class_list":{"0":"post-1019","1":"product","2":"type-product","3":"status-publish","4":"has-post-thumbnail","6":"product_cat-hydraulic-cylinder","7":"product_cat-four-rod-hydraulic-cylinder","8":"product_tag-hydraulic-cylinder","10":"first","11":"instock","12":"shipping-taxable","13":"product-type-simple"},"amp_enabled":true,"_links":{"self":[{"href":"https:\/\/www.hydraulic-cylinders.net\/sl\/wp-json\/wp\/v2\/product\/1019","targetHints":{"allow":["GET"]}}],"collection":[{"href":"https:\/\/www.hydraulic-cylinders.net\/sl\/wp-json\/wp\/v2\/product"}],"about":[{"href":"https:\/\/www.hydraulic-cylinders.net\/sl\/wp-json\/wp\/v2\/types\/product"}],"replies":[{"embeddable":true,"href":"https:\/\/www.hydraulic-cylinders.net\/sl\/wp-json\/wp\/v2\/comments?post=1019"}],"wp:featuredmedia":[{"embeddable":true,"href":"https:\/\/www.hydraulic-cylinders.net\/sl\/wp-json\/wp\/v2\/media\/1024"}],"wp:attachment":[{"href":"https:\/\/www.hydraulic-cylinders.net\/sl\/wp-json\/wp\/v2\/media?parent=1019"}],"wp:term":[{"taxonomy":"product_brand","embeddable":true,"href":"https:\/\/www.hydraulic-cylinders.net\/sl\/wp-json\/wp\/v2\/product_brand?post=1019"},{"taxonomy":"product_cat","embeddable":true,"href":"https:\/\/www.hydraulic-cylinders.net\/sl\/wp-json\/wp\/v2\/product_cat?post=1019"},{"taxonomy":"product_tag","embeddable":true,"href":"https:\/\/www.hydraulic-cylinders.net\/sl\/wp-json\/wp\/v2\/product_tag?post=1019"}],"curies":[{"name":"delovni list","href":"https:\/\/api.w.org\/{rel}","templated":true}]}}