{"id":1105,"date":"2023-09-11T07:55:14","date_gmt":"2023-09-11T07:55:14","guid":{"rendered":"https:\/\/hydraulic-cylinders.net\/?post_type=product&#038;p=1105"},"modified":"2023-09-19T02:17:30","modified_gmt":"2023-09-19T02:17:30","slug":"piston-rod-end-with-external-thread-connection-engineering-hydraulic-cylinder","status":"publish","type":"product","link":"https:\/\/www.hydraulic-cylinders.net\/sl\/izdelek\/piston-rod-end-with-external-thread-connection-engineering-hydraulic-cylinder\/","title":{"rendered":"Konec batne palice z zunanjo navojno povezavo In\u017eeniring Hidravli\u010dni cilinder"},"content":{"rendered":"<h1 style=\"text-align: center;\"><strong>Konec batne palice z zunanjo navojno povezavo In\u017eeniring Hidravli\u010dni cilinder<\/strong><\/h1>\n<p>Konec batnice z zunanjim navojnim priklju\u010dkom se nahaja na koncu batnice in\u017eenirskega hidravli\u010dnega cilindra. Obi\u010dajno ima navojne dele, ki omogo\u010dajo varno pritrditev razli\u010dnih komponent, kot so nosilci, razpoke ali druge nosilne konstrukcije.<\/p>\n<p>Hidravli\u010dni cilinder serije HSG je dvosmerno delujo\u010d hidravli\u010dni cilinder z batnico. Na\u010din namestitve je u\u0161esni tip. Glede na povezavo med glavo valja in blokom valja obstajajo tri vrste zunanjih navojnih povezav, notranjih navojnih povezav in prirobni\u010dnih povezav. Hidravli\u010dni cilinder se uporablja predvsem v gradbeni\u0161tvu, dvigovanju, rudarstvu in drugih hidravli\u010dnih sistemih.<\/p>\n<p><img loading=\"lazy\" decoding=\"async\" class=\"aligncenter wp-image-1106\" src=\"https:\/\/hydraulic-cylinders.net\/wp-content\/uploads\/2023\/09\/hsg-hydraulic-cylinder-3-1-300x300.webp\" alt=\"\" width=\"400\" height=\"400\" \/><\/p>\n<h2><strong>Parameter hidravli\u010dnega cilindra HSG Engineering<\/strong><strong>:<\/strong><\/h2>\n<p><img loading=\"lazy\" decoding=\"async\" class=\"alignnone wp-image-1107 size-full\" src=\"https:\/\/hydraulic-cylinders.net\/wp-content\/uploads\/2023\/09\/hsg-engineering-hydraulic-cylinder-parameter-1-scaled.webp\" alt=\"\" width=\"2560\" height=\"1848\" srcset=\"https:\/\/hydraulic-cylinders.net\/wp-content\/uploads\/2023\/09\/hsg-engineering-hydraulic-cylinder-parameter-1-scaled.webp 2560w, https:\/\/hydraulic-cylinders.net\/wp-content\/uploads\/2023\/09\/hsg-engineering-hydraulic-cylinder-parameter-1-1280x924.webp 1280w, https:\/\/hydraulic-cylinders.net\/wp-content\/uploads\/2023\/09\/hsg-engineering-hydraulic-cylinder-parameter-1-980x707.webp 980w, https:\/\/hydraulic-cylinders.net\/wp-content\/uploads\/2023\/09\/hsg-engineering-hydraulic-cylinder-parameter-1-480x347.webp 480w\" sizes=\"(min-width: 0px) and (max-width: 480px) 480px, (min-width: 481px) and (max-width: 980px) 980px, (min-width: 981px) and (max-width: 1280px) 1280px, (min-width: 1281px) 2560px, 100vw\" \/> <img loading=\"lazy\" decoding=\"async\" class=\"alignnone wp-image-1108 size-full\" src=\"https:\/\/hydraulic-cylinders.net\/wp-content\/uploads\/2023\/09\/hsg-engineering-hydraulic-cylinder-parameter-2-scaled.webp\" alt=\"\" width=\"2269\" height=\"2560\" srcset=\"https:\/\/hydraulic-cylinders.net\/wp-content\/uploads\/2023\/09\/hsg-engineering-hydraulic-cylinder-parameter-2-scaled.webp 2269w, https:\/\/hydraulic-cylinders.net\/wp-content\/uploads\/2023\/09\/hsg-engineering-hydraulic-cylinder-parameter-2-1280x1444.webp 1280w, https:\/\/hydraulic-cylinders.net\/wp-content\/uploads\/2023\/09\/hsg-engineering-hydraulic-cylinder-parameter-2-980x1106.webp 980w, https:\/\/hydraulic-cylinders.net\/wp-content\/uploads\/2023\/09\/hsg-engineering-hydraulic-cylinder-parameter-2-480x542.webp 480w\" sizes=\"(min-width: 0px) and (max-width: 480px) 480px, (min-width: 481px) and (max-width: 980px) 980px, (min-width: 981px) and (max-width: 1280px) 1280px, (min-width: 1281px) 2269px, 100vw\" \/> <img loading=\"lazy\" decoding=\"async\" class=\"alignnone wp-image-1109 size-full\" src=\"https:\/\/hydraulic-cylinders.net\/wp-content\/uploads\/2023\/09\/hsg-engineering-hydraulic-cylinder-parameter-3-scaled.webp\" alt=\"\" width=\"2112\" height=\"2560\" srcset=\"https:\/\/hydraulic-cylinders.net\/wp-content\/uploads\/2023\/09\/hsg-engineering-hydraulic-cylinder-parameter-3-scaled.webp 2112w, https:\/\/hydraulic-cylinders.net\/wp-content\/uploads\/2023\/09\/hsg-engineering-hydraulic-cylinder-parameter-3-1280x1552.webp 1280w, https:\/\/hydraulic-cylinders.net\/wp-content\/uploads\/2023\/09\/hsg-engineering-hydraulic-cylinder-parameter-3-980x1188.webp 980w, https:\/\/hydraulic-cylinders.net\/wp-content\/uploads\/2023\/09\/hsg-engineering-hydraulic-cylinder-parameter-3-480x582.webp 480w\" sizes=\"(min-width: 0px) and (max-width: 480px) 480px, (min-width: 481px) and (max-width: 980px) 980px, (min-width: 981px) and (max-width: 1280px) 1280px, (min-width: 1281px) 2112px, 100vw\" \/><\/p>\n<h2><strong>HSG Engineering hidravli\u010dni cilinder <\/strong><strong>Prednosti<\/strong><strong>:<\/strong><\/h2>\n<p>Konec batnice z zunanjim navojem ponuja ve\u010d prednosti pri in\u017eenirstvu hidravli\u010dnih cilindrov:<\/p>\n<ol>\n<li>Vsestranskost:\n<ul>\n<li>Navojne povezave zagotavljajo fleksibilnost pri povezovanju razli\u010dnih komponent ali nosilnih konstrukcij, kar omogo\u010da prilagoditev in prilagoditev razli\u010dnim zahtevam uporabe.<\/li>\n<\/ul>\n<\/li>\n<li>Varna pritrditev:\n<ul>\n<li>Zunanji navoji zagotavljajo varno in zanesljivo povezavo, kar zmanj\u0161uje tveganje zrahljanja ali odtrganja med delovanjem.<\/li>\n<li>To pove\u010da varnost in stabilnost sklopov hidravli\u010dnih cilindrov, zlasti pri zahtevnih ali visoko trdnostnih aplikacijah.<\/li>\n<\/ul>\n<\/li>\n<li>Enostavnost vzdr\u017eevanja in zamenjave:\n<ul>\n<li>Zunanji navojni priklju\u010dki poenostavljajo vzdr\u017eevanje in zamenjavo delov, kar omogo\u010da hitro razstavljanje in ponovno monta\u017eo.<\/li>\n<li>To pomaga pri pregledu, popravilu ali zamenjavi po\u0161kodovanih ali obrabljenih delov, kar skraj\u0161a \u010das izpada in izbolj\u0161a splo\u0161no u\u010dinkovitost sistema.<\/li>\n<\/ul>\n<\/li>\n<\/ol>\n<h2><strong>HSG Engineering hidravli\u010dni cilinder<\/strong><strong> Uporaba:<\/strong><\/h2>\n<p>Zunanji navojni priklju\u010dek na koncu batnice ponuja vsestranskost in udobje v razli\u010dnih in\u017eenirskih aplikacijah, vklju\u010dno z:<\/p>\n<ol>\n<li><strong>Monta\u017eni nosilci in opore:<\/strong>\n<ul>\n<li>Navojna povezava omogo\u010da pritrditev monta\u017enih nosilcev ali podpor na hidravli\u010dni valj.<\/li>\n<li>Ti nosilci ali oporniki zagotavljajo dodatno stabilnost in strukturno oporo sklopu cilindra, kar zagotavlja pravilno poravnavo in porazdelitev obremenitve.<\/li>\n<\/ul>\n<\/li>\n<li><strong>Mehanizmi povezovanja:<\/strong>\n<ul>\n<li>Zunanji navoji omogo\u010dajo pritrditev mehanizmov povezovalnih palic, kot so utori ali krogli\u010dni zglobi, na konec palice.<\/li>\n<li>Te povezave olaj\u0161ajo prenos sile in gibanja med hidravli\u010dnimi cilindri in drugimi mehanskimi komponentami, kar omogo\u010da nadzorovano gibanje in natan\u010dno pozicioniranje.<\/li>\n<\/ul>\n<\/li>\n<li><strong>Nosilne konstrukcije:<\/strong>\n<ul>\n<li>Navojna povezava pritrdi nosilno konstrukcijo ali opremo neposredno na konec batnice.<\/li>\n<li>To omogo\u010da hidravli\u010dnemu cilindru, da uporablja silo in podpira te\u017eo zunanjih predmetov ali strojev, zaradi \u010desar je primeren za dvigovanje, potiskanje ali vle\u010denje te\u017ekih predmetov.<\/li>\n<\/ul>\n<\/li>\n<\/ol>\n<h2><strong>Kako ponovno zapakirati hidravli\u010dni cilinder?<\/strong><\/h2>\n<p>Ponovno pakiranje hidravli\u010dnega cilindra vklju\u010duje zamenjavo tesnil in drugih komponent, ki so se s\u010dasoma morda obrabile ali po\u0161kodovale. Tukaj je splo\u0161en vodnik po korakih za ponovno pakiranje hidravli\u010dnega cilindra:<\/p>\n<ol>\n<li><strong>Priprava:<\/strong>\n<ul>\n<li>Prepri\u010dajte se, da je hidravli\u010dni sistem brez tlaka in da je valj popolnoma uvle\u010den.<\/li>\n<li>Zberite potrebno orodje in nadomestna tesnila ali komplete tesnil za va\u0161 model cilindra.<\/li>\n<li>Za posebna navodila ali previdnostne ukrepe glejte dokumentacijo proizvajalca ali servisni priro\u010dnik.<\/li>\n<\/ul>\n<\/li>\n<li><strong>Odstranite valj:<\/strong>\n<ul>\n<li>Odklopite vse hidravli\u010dne cevi ali priklju\u010dke, priklju\u010dene na valj.<\/li>\n<li>Odstranite vse pritrdilne nosilce ali komponente, ki so morda pritrjene na valj.<\/li>\n<li>Previdno odstranite jeklenko z opreme ali stroja, na katerem je name\u0161\u010dena.<\/li>\n<\/ul>\n<\/li>\n<li><strong>Razstavite valj:<\/strong>\n<ul>\n<li>Varno dr\u017eite valj in s pomo\u010djo ustreznega orodja odstranite pokrov\u010dek ali glavo batnice.<\/li>\n<li>Izvlecite bat, batnico in povezane komponente iz cilindra.<\/li>\n<li>Preverite komponente glede morebitnih znakov obrabe, po\u0161kodb ali korozije.<\/li>\n<\/ul>\n<\/li>\n<li><strong>Odstranite stara tesnila:<\/strong>\n<ul>\n<li>Poi\u0161\u010dite in odstranite stara tesnila, vklju\u010dno s tesnili bata, tesnili ojnic in vsemi drugimi tesnili v valju.<\/li>\n<li>Previdno o\u010distite tesnilne utore in notranje povr\u0161ine cilindra in batne palice.<\/li>\n<\/ul>\n<\/li>\n<li><strong>Namestitev novih tesnil:<\/strong>\n<ul>\n<li>Nova tesnila nama\u017eite z zdru\u017eljivo hidravli\u010dno teko\u010dino ali tesnilno maso, kot priporo\u010da proizvajalec.<\/li>\n<li>Namestite nova tesnila v njihove utore in pri tem pazite na pravilno orientacijo in poravnavo.<\/li>\n<li>Za prepre\u010ditev po\u0161kodb tesnila med namestitvijo uporabite orodja za namestitev tesnila ali ustrezne improvizirane metode.<\/li>\n<\/ul>\n<\/li>\n<li><strong>Ponovno sestavite valj:<\/strong>\n<ul>\n<li>Bat, batnico in povezane komponente ponovno namestite v valj valja.<\/li>\n<li>Na notranje povr\u0161ine cilindra in batne palice nanesite tanko plast hidravli\u010dne teko\u010dine ali maziva.<\/li>\n<li>Previdno namestite pokrov\u010dek ali glavo batnice in pri tem zagotovite pravilno poravnavo ter privijanje v skladu s specifikacijami proizvajalca.<\/li>\n<\/ul>\n<\/li>\n<li><strong>Preizkusite in ponovno namestite valj:<\/strong>\n<ul>\n<li>Ponovno priklju\u010dite vse hidravli\u010dne cevi ali priklju\u010dke na valj.<\/li>\n<li>Previdno ponovno namestite jeklenko na opremo ali stroj in pri tem zagotovite pravilno poravnavo in monta\u017eo.<\/li>\n<li>Po\u010dasi pove\u010dajte tlak v hidravli\u010dnem sistemu in preverite morebitna pu\u0161\u010danja ali nepravilno delovanje.<\/li>\n<li>Za zagotovitev pravilnega delovanja valj popolnoma izvlecite in povlecite.<\/li>\n<\/ul>\n<\/li>\n<li><strong>Vzdr\u017eevanje in testiranje:<\/strong>\n<ul>\n<li>Redno pregledujte in vzdr\u017eujte hidravli\u010dni valj, da zagotovite optimalno delovanje in prepre\u010dite prezgodnjo odpoved tesnila.<\/li>\n<li>Spremljajte morebitne znake pu\u0161\u010danja, prekomerne obrabe ali drugih te\u017eav in jih nemudoma odpravite.<\/li>\n<li>Izvajajte redne preizkuse in prilagoditve, kot priporo\u010da proizvajalec ali glede na posebne zahteve uporabe.<\/li>\n<\/ul>\n<\/li>\n<\/ol>\n<h2><strong>Zmogljivost in zmogljivost tovarne:<\/strong><\/h2>\n<h3>(1) Sestavljanje<\/h3>\n<p>Imamo prvovrstno neodvisno platformo za raziskave in razvoj. Delavnica za proizvodnjo hidravli\u010dnih cilindrov ima \u0161tiri polavtomatske monta\u017ene linije za dvi\u017ene cilindre in eno avtomatsko monta\u017eno linijo za nagibne cilindre z letno proizvodno zmogljivostjo 1 milijona kosov. Delavnica za posebne cilindre je opremljena z razli\u010dnimi specifikacijami polavtomatskega sistema za \u010di\u0161\u010denje in monta\u017eo z letno proizvodno zmogljivostjo 200.000 kosov ter znano CNC obdelovalno opremo, obdelovalnim centrom, visoko precizno posebno opremo za obdelavo cilindrov, robotskim varilnim strojem, avtomatskim \u010distilnim strojem, avtomatskim strojem za monta\u017eo cilindrov in avtomatsko proizvodno linijo za barvanje. Obstoje\u010da kriti\u010dna oprema obsega ve\u010d kot 300 kompletov (kompletov). Optimalna razporeditev in u\u010dinkovita uporaba opremnih virov zagotavljata zahteve glede natan\u010dnosti izdelkov in izpolnjujeta visoke zahteve glede kakovosti izdelkov.<\/p>\n<p><img loading=\"lazy\" decoding=\"async\" class=\"alignnone wp-image-626\" src=\"https:\/\/hydraulic-cylinders.net\/wp-content\/uploads\/2023\/08\/hydraulic-cylinder-product-1-300x158.webp\" alt=\"\" width=\"495\" height=\"260\" srcset=\"https:\/\/hydraulic-cylinders.net\/wp-content\/uploads\/2023\/08\/hydraulic-cylinder-product-1-300x158.webp 495w, https:\/\/hydraulic-cylinders.net\/wp-content\/uploads\/2023\/08\/hydraulic-cylinder-product-1-480x252.webp 480w\" sizes=\"(min-width: 0px) and (max-width: 480px) 480px, (min-width: 481px) 495px, 100vw\" \/> <img loading=\"lazy\" decoding=\"async\" class=\"alignnone wp-image-627\" src=\"https:\/\/hydraulic-cylinders.net\/wp-content\/uploads\/2023\/08\/hydraulic-cylinder-product-2-300x189.webp\" alt=\"\" width=\"413\" height=\"260\" \/><\/p>\n<h3>(2) Strojna obdelava<\/h3>\n<p>Strojna delavnica je opremljena s prilagojenim centrom za stru\u017eenje nagnjenih tirnic, obdelovalnim centrom, visokohitrostnim strojem za honanje, varilnim robotom in drugo sorodno opremo, ki lahko obdeluje cilindri\u010dne cevi z najve\u010djim notranjim premerom 400 mm in najve\u010djo dol\u017eino 6 metrov.<\/p>\n<p><img loading=\"lazy\" decoding=\"async\" class=\"alignnone wp-image-628 size-large\" src=\"https:\/\/hydraulic-cylinders.net\/wp-content\/uploads\/2023\/08\/hydraulic-cylinder-product-3-1024x391.webp\" alt=\"\" width=\"1024\" height=\"391\" srcset=\"https:\/\/hydraulic-cylinders.net\/wp-content\/uploads\/2023\/08\/hydraulic-cylinder-product-3-980x374.webp 980w, https:\/\/hydraulic-cylinders.net\/wp-content\/uploads\/2023\/08\/hydraulic-cylinder-product-3-480x183.webp 480w\" sizes=\"(min-width: 0px) and (max-width: 480px) 480px, (min-width: 481px) and (max-width: 980px) 980px, (min-width: 981px) 1024px, 100vw\" \/><\/p>\n<h3>(3) Varjenje<\/h3>\n<p><img loading=\"lazy\" decoding=\"async\" class=\"alignnone wp-image-629 size-large\" src=\"https:\/\/hydraulic-cylinders.net\/wp-content\/uploads\/2023\/08\/hydraulic-cylinder-product-4-1024x510.webp\" alt=\"\" width=\"1024\" height=\"510\" srcset=\"https:\/\/hydraulic-cylinders.net\/wp-content\/uploads\/2023\/08\/hydraulic-cylinder-product-4-980x488.webp 980w, https:\/\/hydraulic-cylinders.net\/wp-content\/uploads\/2023\/08\/hydraulic-cylinder-product-4-480x239.webp 480w\" sizes=\"(min-width: 0px) and (max-width: 480px) 480px, (min-width: 481px) and (max-width: 980px) 980px, (min-width: 981px) 1024px, 100vw\" \/><\/p>\n<h3>(4) Barvanje in premazovanje<\/h3>\n<p>Z majhnimi in srednje velikimi cilindri\u010dnimi avtomatskimi linijami za barvanje na vodni osnovi, za doseganje avtomatskega nakladanja in razkladanja robotov ter avtomatskega brizganja, je projektna zmogljivost 4000 kosov na izmeno;<br \/>\nImamo tudi polavtomatsko linijo za proizvodnjo barv za velike jeklenke, ki jo poganja veriga, s projektno zmogljivostjo 60 zabojev na izmeno.<\/p>\n<p><img loading=\"lazy\" decoding=\"async\" class=\"alignnone wp-image-630\" src=\"https:\/\/hydraulic-cylinders.net\/wp-content\/uploads\/2023\/08\/hydraulic-cylinder-product-5-300x213.webp\" alt=\"\" width=\"366\" height=\"260\" \/> <img loading=\"lazy\" decoding=\"async\" class=\"alignnone wp-image-631\" src=\"https:\/\/hydraulic-cylinders.net\/wp-content\/uploads\/2023\/08\/hydraulic-cylinder-product-6-300x225.webp\" alt=\"\" width=\"347\" height=\"260\" \/><\/p>\n<h3>(5) Testiranje<\/h3>\n<p>Imamo prvovrstne in\u0161pekcijske prostore in testne postaje, s katerimi zagotavljamo, da delovanje jeklenke izpolnjuje zahteve.<\/p>\n<p><img loading=\"lazy\" decoding=\"async\" class=\"alignnone wp-image-632\" src=\"https:\/\/hydraulic-cylinders.net\/wp-content\/uploads\/2023\/08\/hydraulic-cylinder-product-8-300x200.webp\" alt=\"\" width=\"389\" height=\"260\" \/><\/p>\n<p>&nbsp;<\/p>\n<p>&nbsp;<\/p>\n<p>Smo eden najbolj\u0161ih proizvajalcev in\u017eenirskih hidravli\u010dnih cilindrov. Ponujamo vam celovito zalogo in\u017eenirskih hidravli\u010dnih cilindrov. Zagotavljamo tudi ustrezne <a href=\"https:\/\/hzpt.com\/agricultural-pto-gearbox\/\" target=\"_blank\" rel=\"noopener\">kmetijski menjalniki<\/a>Na\u0161e izdelke smo izvozili strankam po vsem svetu in si prislu\u017eili dober ugled zaradi vrhunske kakovosti izdelkov in poprodajnih storitev. Toplo vabimo stranke tako doma kot v tujini, da nas kontaktirajo za poslovne dogovore, izmenjavo informacij in ...\u00a0<a href=\"https:\/\/www.hydraulic-cylinders.net\/sl\/contact-us\/\">sodelujte z nami<\/a>!<\/p>\n<h2><\/h2>\n<h2><\/h2>","protected":false},"excerpt":{"rendered":"<p>Piston Rod End With External Thread Connection Engineering Hydraulic Cylinder The piston rod end with an external thread connection is located at the end of the engineering hydraulic cylinder piston rod. It usually has threaded sections that allow for the safe fastening of various components, such as mounting brackets, cracks, or other load-bearing structures. HSG [&hellip;]<\/p>","protected":false},"featured_media":1110,"comment_status":"open","ping_status":"closed","template":"","meta":{"_et_pb_use_builder":"","_et_pb_old_content":"","_et_gb_content_width":""},"product_brand":[],"product_cat":[1376],"product_tag":[1380],"class_list":{"0":"post-1105","1":"product","2":"type-product","3":"status-publish","4":"has-post-thumbnail","6":"product_cat-hydraulic-cylinder","7":"product_tag-hydraulic-cylinder","9":"first","10":"instock","11":"shipping-taxable","12":"product-type-simple"},"amp_enabled":true,"_links":{"self":[{"href":"https:\/\/www.hydraulic-cylinders.net\/sl\/wp-json\/wp\/v2\/product\/1105","targetHints":{"allow":["GET"]}}],"collection":[{"href":"https:\/\/www.hydraulic-cylinders.net\/sl\/wp-json\/wp\/v2\/product"}],"about":[{"href":"https:\/\/www.hydraulic-cylinders.net\/sl\/wp-json\/wp\/v2\/types\/product"}],"replies":[{"embeddable":true,"href":"https:\/\/www.hydraulic-cylinders.net\/sl\/wp-json\/wp\/v2\/comments?post=1105"}],"wp:featuredmedia":[{"embeddable":true,"href":"https:\/\/www.hydraulic-cylinders.net\/sl\/wp-json\/wp\/v2\/media\/1110"}],"wp:attachment":[{"href":"https:\/\/www.hydraulic-cylinders.net\/sl\/wp-json\/wp\/v2\/media?parent=1105"}],"wp:term":[{"taxonomy":"product_brand","embeddable":true,"href":"https:\/\/www.hydraulic-cylinders.net\/sl\/wp-json\/wp\/v2\/product_brand?post=1105"},{"taxonomy":"product_cat","embeddable":true,"href":"https:\/\/www.hydraulic-cylinders.net\/sl\/wp-json\/wp\/v2\/product_cat?post=1105"},{"taxonomy":"product_tag","embeddable":true,"href":"https:\/\/www.hydraulic-cylinders.net\/sl\/wp-json\/wp\/v2\/product_tag?post=1105"}],"curies":[{"name":"delovni list","href":"https:\/\/api.w.org\/{rel}","templated":true}]}}