{"id":1111,"date":"2023-09-11T08:12:31","date_gmt":"2023-09-11T08:12:31","guid":{"rendered":"https:\/\/hydraulic-cylinders.net\/?post_type=product&#038;p=1111"},"modified":"2023-09-19T02:17:35","modified_gmt":"2023-09-19T02:17:35","slug":"pistion-rod-end-is-external-threaded-rod-head-earring-connection-engineering-hydraulic-cylinder","status":"publish","type":"product","link":"https:\/\/www.hydraulic-cylinders.net\/sl\/izdelek\/pistion-rod-end-is-external-threaded-rod-head-earring-connection-engineering-hydraulic-cylinder\/","title":{"rendered":"Pistion Rod End je zunanja navojna palica Head Earring Connection Engineering Hidravli\u010dni cilinder"},"content":{"rendered":"<h1 style=\"text-align: center;\"><strong>Pistion Rod End je zunanja navojna palica Head Earring Connection Engineering Hidravli\u010dni cilinder<\/strong><\/h1>\n<p>Konec batnice ima zunanji navojni priklju\u010dek glave batnice, ki je obi\u010dajno sestavljen iz navojne glave batnice na koncu. Glava batnice ima zunanji navoj in jo je mogo\u010de priklju\u010diti na zunanje komponente ali nosilne konstrukcije.<\/p>\n<p>Hidravli\u010dni cilinder serije HSG je dvosmerno delujo\u010di hidravli\u010dni cilinder z batnico. Na\u010din namestitve je u\u0161esni tip. Glede na povezavo med glavo valja in blokom valja obstajajo tri vrste zunanjih navojnih povezav, notranjih navojnih povezav in prirobni\u010dnih povezav. Hidravli\u010dni cilinder se uporablja predvsem v gradbeni\u0161tvu, dvigovanju, rudarstvu in drugih hidravli\u010dnih sistemih.<\/p>\n<p><img loading=\"lazy\" decoding=\"async\" class=\"aligncenter wp-image-1112\" src=\"https:\/\/hydraulic-cylinders.net\/wp-content\/uploads\/2023\/09\/hsg-hydraulic-cylinder-4-1-300x300.webp\" alt=\"\" width=\"400\" height=\"400\" \/><\/p>\n<h2><strong>Parameter hidravli\u010dnega cilindra HSG Engineering<\/strong><strong>:<\/strong><\/h2>\n<p><img loading=\"lazy\" decoding=\"async\" class=\"alignnone wp-image-1113 size-full\" src=\"https:\/\/hydraulic-cylinders.net\/wp-content\/uploads\/2023\/09\/hsg-engineering-hydraulic-cylinder-parameter-1-1-scaled.webp\" alt=\"\" width=\"2560\" height=\"1848\" srcset=\"https:\/\/hydraulic-cylinders.net\/wp-content\/uploads\/2023\/09\/hsg-engineering-hydraulic-cylinder-parameter-1-1-scaled.webp 2560w, https:\/\/hydraulic-cylinders.net\/wp-content\/uploads\/2023\/09\/hsg-engineering-hydraulic-cylinder-parameter-1-1-1280x924.webp 1280w, https:\/\/hydraulic-cylinders.net\/wp-content\/uploads\/2023\/09\/hsg-engineering-hydraulic-cylinder-parameter-1-1-980x707.webp 980w, https:\/\/hydraulic-cylinders.net\/wp-content\/uploads\/2023\/09\/hsg-engineering-hydraulic-cylinder-parameter-1-1-480x347.webp 480w\" sizes=\"(min-width: 0px) and (max-width: 480px) 480px, (min-width: 481px) and (max-width: 980px) 980px, (min-width: 981px) and (max-width: 1280px) 1280px, (min-width: 1281px) 2560px, 100vw\" \/> <img loading=\"lazy\" decoding=\"async\" class=\"alignnone wp-image-1114 size-full\" src=\"https:\/\/hydraulic-cylinders.net\/wp-content\/uploads\/2023\/09\/hsg-engineering-hydraulic-cylinder-parameter-4-scaled.webp\" alt=\"\" width=\"1767\" height=\"2560\" srcset=\"https:\/\/hydraulic-cylinders.net\/wp-content\/uploads\/2023\/09\/hsg-engineering-hydraulic-cylinder-parameter-4-scaled.webp 1767w, https:\/\/hydraulic-cylinders.net\/wp-content\/uploads\/2023\/09\/hsg-engineering-hydraulic-cylinder-parameter-4-1280x1854.webp 1280w, https:\/\/hydraulic-cylinders.net\/wp-content\/uploads\/2023\/09\/hsg-engineering-hydraulic-cylinder-parameter-4-980x1420.webp 980w, https:\/\/hydraulic-cylinders.net\/wp-content\/uploads\/2023\/09\/hsg-engineering-hydraulic-cylinder-parameter-4-480x695.webp 480w\" sizes=\"(min-width: 0px) and (max-width: 480px) 480px, (min-width: 481px) and (max-width: 980px) 980px, (min-width: 981px) and (max-width: 1280px) 1280px, (min-width: 1281px) 1767px, 100vw\" \/> <img loading=\"lazy\" decoding=\"async\" class=\"alignnone wp-image-1115 size-full\" src=\"https:\/\/hydraulic-cylinders.net\/wp-content\/uploads\/2023\/09\/hsg-engineering-hydraulic-cylinder-parameter-5-scaled.webp\" alt=\"\" width=\"2002\" height=\"2560\" srcset=\"https:\/\/hydraulic-cylinders.net\/wp-content\/uploads\/2023\/09\/hsg-engineering-hydraulic-cylinder-parameter-5-scaled.webp 2002w, https:\/\/hydraulic-cylinders.net\/wp-content\/uploads\/2023\/09\/hsg-engineering-hydraulic-cylinder-parameter-5-1280x1637.webp 1280w, https:\/\/hydraulic-cylinders.net\/wp-content\/uploads\/2023\/09\/hsg-engineering-hydraulic-cylinder-parameter-5-980x1253.webp 980w, https:\/\/hydraulic-cylinders.net\/wp-content\/uploads\/2023\/09\/hsg-engineering-hydraulic-cylinder-parameter-5-480x614.webp 480w\" sizes=\"(min-width: 0px) and (max-width: 480px) 480px, (min-width: 481px) and (max-width: 980px) 980px, (min-width: 981px) and (max-width: 1280px) 1280px, (min-width: 1281px) 2002px, 100vw\" \/><\/p>\n<h2><strong>HSG Engineering hidravli\u010dni cilinder <\/strong><strong>Prednosti<\/strong><strong>:<\/strong><\/h2>\n<p>Konec batnice z zunanjim navojnim priklju\u010dkom glave batnice ponuja ve\u010d prednosti pri in\u017eenirstvu hidravli\u010dnih cilindrov:<\/p>\n<ol>\n<li><strong>Varna pritrditev:<\/strong>\n<ul>\n<li>Priklju\u010dek z navojno palico zagotavlja varno in zanesljivo povezavo, ki med delovanjem zmanj\u0161uje tveganje zrahljanja ali odklopa.<\/li>\n<li>To izbolj\u0161a varnost in stabilnost sklopov hidravli\u010dnih cilindrov, zlasti pri aplikacijah z visokimi obremenitvami ali vibracijami.<\/li>\n<\/ul>\n<\/li>\n<li><strong>Enostavnost namestitve in zamenjave:<\/strong>\n<ul>\n<li>Zunanje navojne povezave poenostavljajo namestitev in zamenjavo komponent ali nosilnih konstrukcij.<\/li>\n<li>Omogo\u010da hitro odstranitev in ponovno sestavljanje z navojnimi pritrdilnimi elementi za enostavno vzdr\u017eevanje, popravilo ali zamenjavo.<\/li>\n<\/ul>\n<\/li>\n<li><strong>Prilagodljivost:<\/strong>\n<ul>\n<li>Priklju\u010dki z navojnimi palicami se lahko prilagodijo razli\u010dnim zahtevam uporabe.<\/li>\n<li>Omogo\u010da priklju\u010ditev razli\u010dnih komponent ali nosilnih konstrukcij z uporabo zdru\u017eljivih navojnih pritrdilnih elementov, kar ponuja vsestranskost in mo\u017enosti prilagajanja.<\/li>\n<\/ul>\n<\/li>\n<\/ol>\n<h2><strong>HSG Engineering hidravli\u010dni cilinder<\/strong><strong> Uporaba:<\/strong><\/h2>\n<ol>\n<li><strong>Navojna pritrditev:<\/strong>\n<ul>\n<li>Zunanje navojne glave palic lahko neposredno privijejo komponente ali nosilne konstrukcije z uporabo matic, vijakov ali drugih navojnih pritrdilnih elementov.<\/li>\n<li>Ta navojna povezava omogo\u010da varno in zanesljivo povezavo, ki zagotavlja stabilnost in celovitost sklopa hidravli\u010dnega cilindra.<\/li>\n<\/ul>\n<\/li>\n<li><strong>Prilagoditev in prilagoditev:<\/strong>\n<ul>\n<li>Priklju\u010dek z navojno palico omogo\u010da fleksibilnost pri pritrjevanju razli\u010dnih komponent ali nosilnih konstrukcij.<\/li>\n<li>Omogo\u010da prilagoditev in nastavitev z izbiro ustreznih navojnih pritrdilnih elementov, ki ustrezajo specifi\u010dnim zahtevam uporabe.<\/li>\n<\/ul>\n<\/li>\n<li><strong>Nosilne konstrukcije:<\/strong>\n<ul>\n<li>Povezave z navojnimi palicami je mogo\u010de neposredno povezati z nosilnimi konstrukcijami, kot so nosilci, plo\u0161\u010de ali drugi nosilni elementi.<\/li>\n<li>Ta konfiguracija omogo\u010da hidravli\u010dnemu cilindru, da izvaja silo in podpira te\u017eo zunanjih predmetov ali strojev, zaradi \u010desar je primeren za aplikacije, ki zahtevajo nosilnost.<\/li>\n<\/ul>\n<\/li>\n<\/ol>\n<h2><strong>Kako odzra\u010diti dvostransko delujo\u010di hidravli\u010dni valj?<\/strong><\/h2>\n<p>Odzra\u010devanje dvostransko delujo\u010dega hidravli\u010dnega cilindra vklju\u010duje odstranitev zraka ali ujetih plinov iz sistema, da se zagotovi pravilno delovanje in prepre\u010di neenakomerno ali nedosledno gibanje. Tukaj je navodilo po korakih, kako odzra\u010diti dvostransko delujo\u010di hidravli\u010dni cilinder:<\/p>\n<ol>\n<li><strong>Priprava:<\/strong>\n<ul>\n<li>Prepri\u010dajte se, da je hidravli\u010dni sistem brez tlaka in da je valj uvle\u010den.<\/li>\n<li>Poi\u0161\u010dite odzra\u010devalne ventile ali priklju\u010dke na jeklenki. Ti so obi\u010dajno name\u0161\u010deni na kon\u010dnem pokrovu ali blizu odprtin jeklenke.<\/li>\n<\/ul>\n<\/li>\n<li><strong>Polo\u017eaj cilindra:<\/strong>\n<ul>\n<li>\u010ce je mogo\u010de, postavite valj navpi\u010dno s koncem palice navzgor. To pomaga, da se zra\u010dni mehur\u010dki dvignejo na vrh in olaj\u0161ajo odzra\u010devanje.<\/li>\n<\/ul>\n<\/li>\n<li><strong>Odprite odzra\u010devalne ventile:<\/strong>\n<ul>\n<li>Poi\u0161\u010dite odzra\u010devalne ventile ali priklju\u010dke na jeklenki.<\/li>\n<li>Z ustreznim klju\u010dem ali orodjem po\u010dasi odprite odzra\u010devalne ventile ali priklju\u010dke. Za\u010dnite s tistim, ki je najbli\u017eje koncu batnice valja.<\/li>\n<\/ul>\n<\/li>\n<li><strong>Uporabite pritisk:<\/strong>\n<ul>\n<li>Hidravli\u010dni sistem aktivirajte z uporabo \u010drpalke ali aktuatorja.<\/li>\n<li>Postopoma pove\u010dujte tlak na zmerno raven. To pomaga iztisniti ujeti zrak iz valja skozi odprte odzra\u010devalne ventile.<\/li>\n<\/ul>\n<\/li>\n<li><strong>Odzra\u010dite zrak:<\/strong>\n<ul>\n<li>Ko se hidravli\u010dni sistem tla\u010di, lahko opazite, da skozi odprte odzra\u010devalne ventile uhajajo zra\u010dni mehur\u010dki.<\/li>\n<li>Pustite, da se zrak iz sistema izpu\u0161\u010da, dokler ne opazite enakomernega pretoka hidravli\u010dne teko\u010dine brez zra\u010dnih mehur\u010dkov. To pomeni, da je valj pravilno odzra\u010den.<\/li>\n<\/ul>\n<\/li>\n<li><strong>Zaprite odzra\u010devalne ventile:<\/strong>\n<ul>\n<li>Ko je ves zrak izpu\u0161\u010den, zaprite odzra\u010devalne ventile ali priklju\u010dke na jeklenki.<\/li>\n<li>Prepri\u010dajte se, da so varno priviti, vendar se izogibajte premo\u010dnemu privijanju.<\/li>\n<\/ul>\n<\/li>\n<li><strong>Zlaganje in iztegovanje cilindra:<\/strong>\n<ul>\n<li>Z uporabo hidravli\u010dnega sistema nekajkrat popolnoma umaknite in izvlecite valj.<\/li>\n<li>To pomaga dodatno odstraniti preostale zra\u010dne \u017eepe in zagotoviti gladko in enakomerno gibanje valja.<\/li>\n<\/ul>\n<\/li>\n<li><strong>Preverite pu\u0161\u010danje:<\/strong>\n<ul>\n<li>Po odzra\u010devanju in delovanju cilindra preverite celoten hidravli\u010dni sistem glede morebitnih pu\u0161\u010danj ali nenavadnega delovanja.<\/li>\n<li>Morebitne te\u017eave ali pu\u0161\u010danja odpravite takoj, da prepre\u010dite nadaljnje te\u017eave.<\/li>\n<\/ul>\n<\/li>\n<\/ol>\n<h2><strong>Zmogljivost in zmogljivost tovarne:<\/strong><\/h2>\n<h3>(1) Sestavljanje<\/h3>\n<p>Imamo prvovrstno neodvisno platformo za raziskave in razvoj. Delavnica za proizvodnjo hidravli\u010dnih cilindrov ima \u0161tiri polavtomatske monta\u017ene linije za dvi\u017ene cilindre in eno avtomatsko monta\u017eno linijo za nagibne cilindre z letno proizvodno zmogljivostjo 1 milijona kosov. Delavnica za posebne cilindre je opremljena z razli\u010dnimi specifikacijami polavtomatskega sistema za \u010di\u0161\u010denje in monta\u017eo z letno proizvodno zmogljivostjo 200.000 kosov ter znano CNC obdelovalno opremo, obdelovalnim centrom, visoko precizno posebno opremo za obdelavo cilindrov, robotskim varilnim strojem, avtomatskim \u010distilnim strojem, avtomatskim strojem za monta\u017eo cilindrov in avtomatsko proizvodno linijo za barvanje. Obstoje\u010da kriti\u010dna oprema obsega ve\u010d kot 300 kompletov (kompletov). Optimalna razporeditev in u\u010dinkovita uporaba opremnih virov zagotavljata zahteve glede natan\u010dnosti izdelkov in izpolnjujeta visoke zahteve glede kakovosti izdelkov.<\/p>\n<p><img loading=\"lazy\" decoding=\"async\" class=\"alignnone wp-image-626\" src=\"https:\/\/hydraulic-cylinders.net\/wp-content\/uploads\/2023\/08\/hydraulic-cylinder-product-1-300x158.webp\" alt=\"\" width=\"495\" height=\"260\" srcset=\"https:\/\/hydraulic-cylinders.net\/wp-content\/uploads\/2023\/08\/hydraulic-cylinder-product-1-300x158.webp 495w, https:\/\/hydraulic-cylinders.net\/wp-content\/uploads\/2023\/08\/hydraulic-cylinder-product-1-480x252.webp 480w\" sizes=\"(min-width: 0px) and (max-width: 480px) 480px, (min-width: 481px) 495px, 100vw\" \/> <img loading=\"lazy\" decoding=\"async\" class=\"alignnone wp-image-627\" src=\"https:\/\/hydraulic-cylinders.net\/wp-content\/uploads\/2023\/08\/hydraulic-cylinder-product-2-300x189.webp\" alt=\"\" width=\"413\" height=\"260\" \/><\/p>\n<h3>(2) Strojna obdelava<\/h3>\n<p>Strojna delavnica je opremljena s prilagojenim centrom za stru\u017eenje nagnjenih tirnic, obdelovalnim centrom, visokohitrostnim strojem za honanje, varilnim robotom in drugo sorodno opremo, ki lahko obdeluje cilindri\u010dne cevi z najve\u010djim notranjim premerom 400 mm in najve\u010djo dol\u017eino 6 metrov.<\/p>\n<p><img loading=\"lazy\" decoding=\"async\" class=\"alignnone wp-image-628 size-large\" src=\"https:\/\/hydraulic-cylinders.net\/wp-content\/uploads\/2023\/08\/hydraulic-cylinder-product-3-1024x391.webp\" alt=\"\" width=\"1024\" height=\"391\" srcset=\"https:\/\/hydraulic-cylinders.net\/wp-content\/uploads\/2023\/08\/hydraulic-cylinder-product-3-980x374.webp 980w, https:\/\/hydraulic-cylinders.net\/wp-content\/uploads\/2023\/08\/hydraulic-cylinder-product-3-480x183.webp 480w\" sizes=\"(min-width: 0px) and (max-width: 480px) 480px, (min-width: 481px) and (max-width: 980px) 980px, (min-width: 981px) 1024px, 100vw\" \/><\/p>\n<h3>(3) Varjenje<\/h3>\n<p><img loading=\"lazy\" decoding=\"async\" class=\"alignnone wp-image-629 size-large\" src=\"https:\/\/hydraulic-cylinders.net\/wp-content\/uploads\/2023\/08\/hydraulic-cylinder-product-4-1024x510.webp\" alt=\"\" width=\"1024\" height=\"510\" srcset=\"https:\/\/hydraulic-cylinders.net\/wp-content\/uploads\/2023\/08\/hydraulic-cylinder-product-4-980x488.webp 980w, https:\/\/hydraulic-cylinders.net\/wp-content\/uploads\/2023\/08\/hydraulic-cylinder-product-4-480x239.webp 480w\" sizes=\"(min-width: 0px) and (max-width: 480px) 480px, (min-width: 481px) and (max-width: 980px) 980px, (min-width: 981px) 1024px, 100vw\" \/><\/p>\n<h3>(4) Barvanje in premazovanje<\/h3>\n<p>Z majhnimi in srednje velikimi cilindri\u010dnimi avtomatskimi linijami za barvanje na vodni osnovi, za doseganje avtomatskega nakladanja in razkladanja robotov ter avtomatskega brizganja, je projektna zmogljivost 4000 kosov na izmeno;<br \/>\nImamo tudi polavtomatsko linijo za proizvodnjo barv za velike jeklenke, ki jo poganja veriga, s projektno zmogljivostjo 60 zabojev na izmeno.<\/p>\n<p><img loading=\"lazy\" decoding=\"async\" class=\"alignnone wp-image-630\" src=\"https:\/\/hydraulic-cylinders.net\/wp-content\/uploads\/2023\/08\/hydraulic-cylinder-product-5-300x213.webp\" alt=\"\" width=\"366\" height=\"260\" \/> <img loading=\"lazy\" decoding=\"async\" class=\"alignnone wp-image-631\" src=\"https:\/\/hydraulic-cylinders.net\/wp-content\/uploads\/2023\/08\/hydraulic-cylinder-product-6-300x225.webp\" alt=\"\" width=\"347\" height=\"260\" \/><\/p>\n<h3>(5) Testiranje<\/h3>\n<p>Imamo prvovrstne in\u0161pekcijske prostore in testne postaje, s katerimi zagotavljamo, da delovanje jeklenke izpolnjuje zahteve.<\/p>\n<p><img loading=\"lazy\" decoding=\"async\" class=\"alignnone wp-image-632\" src=\"https:\/\/hydraulic-cylinders.net\/wp-content\/uploads\/2023\/08\/hydraulic-cylinder-product-8-300x200.webp\" alt=\"\" width=\"389\" height=\"260\" \/><\/p>\n<p>&nbsp;<\/p>\n<p>&nbsp;<\/p>\n<p>Smo eden najbolj\u0161ih proizvajalcev in\u017eenirskih hidravli\u010dnih cilindrov. Ponujamo vam celovito zalogo in\u017eenirskih hidravli\u010dnih cilindrov. Zagotavljamo tudi ustrezne <a href=\"https:\/\/hzpt.com\/agricultural-pto-gearbox\/\" target=\"_blank\" rel=\"noopener\">kmetijski menjalniki<\/a>Na\u0161e izdelke smo izvozili strankam po vsem svetu in si prislu\u017eili dober ugled zaradi vrhunske kakovosti izdelkov in poprodajnih storitev. Toplo vabimo stranke tako doma kot v tujini, da nas kontaktirajo za poslovne dogovore, izmenjavo informacij in ...\u00a0<a href=\"https:\/\/www.hydraulic-cylinders.net\/sl\/contact-us\/\">sodelujte z nami<\/a>!<\/p>\n<h2><\/h2>\n<h2><\/h2>\n<h2><\/h2>","protected":false},"excerpt":{"rendered":"<p>Pistion Rod End Is External Threaded Rod Head Earring Connection Engineering Hydraulic Cylinder The piston rod end has an externally threaded rod head earring connection, usually consisting of a threaded rod head at the end of the piston rod. The rod head has external threads and can be connected to external components or load-bearing structures. [&hellip;]<\/p>","protected":false},"featured_media":1116,"comment_status":"open","ping_status":"closed","template":"","meta":{"_et_pb_use_builder":"","_et_pb_old_content":"","_et_gb_content_width":""},"product_brand":[],"product_cat":[1376],"product_tag":[1380],"class_list":{"0":"post-1111","1":"product","2":"type-product","3":"status-publish","4":"has-post-thumbnail","6":"product_cat-hydraulic-cylinder","7":"product_tag-hydraulic-cylinder","9":"first","10":"instock","11":"shipping-taxable","12":"product-type-simple"},"amp_enabled":true,"_links":{"self":[{"href":"https:\/\/www.hydraulic-cylinders.net\/sl\/wp-json\/wp\/v2\/product\/1111","targetHints":{"allow":["GET"]}}],"collection":[{"href":"https:\/\/www.hydraulic-cylinders.net\/sl\/wp-json\/wp\/v2\/product"}],"about":[{"href":"https:\/\/www.hydraulic-cylinders.net\/sl\/wp-json\/wp\/v2\/types\/product"}],"replies":[{"embeddable":true,"href":"https:\/\/www.hydraulic-cylinders.net\/sl\/wp-json\/wp\/v2\/comments?post=1111"}],"wp:featuredmedia":[{"embeddable":true,"href":"https:\/\/www.hydraulic-cylinders.net\/sl\/wp-json\/wp\/v2\/media\/1116"}],"wp:attachment":[{"href":"https:\/\/www.hydraulic-cylinders.net\/sl\/wp-json\/wp\/v2\/media?parent=1111"}],"wp:term":[{"taxonomy":"product_brand","embeddable":true,"href":"https:\/\/www.hydraulic-cylinders.net\/sl\/wp-json\/wp\/v2\/product_brand?post=1111"},{"taxonomy":"product_cat","embeddable":true,"href":"https:\/\/www.hydraulic-cylinders.net\/sl\/wp-json\/wp\/v2\/product_cat?post=1111"},{"taxonomy":"product_tag","embeddable":true,"href":"https:\/\/www.hydraulic-cylinders.net\/sl\/wp-json\/wp\/v2\/product_tag?post=1111"}],"curies":[{"name":"delovni list","href":"https:\/\/api.w.org\/{rel}","templated":true}]}}