{"id":1141,"date":"2023-09-12T02:01:38","date_gmt":"2023-09-12T02:01:38","guid":{"rendered":"https:\/\/hydraulic-cylinders.net\/?post_type=product&#038;p=1141"},"modified":"2023-09-19T02:17:50","modified_gmt":"2023-09-19T02:17:50","slug":"hsg-engineering-hydraulic-cylinder","status":"publish","type":"product","link":"https:\/\/www.hydraulic-cylinders.net\/sl\/izdelek\/hsg-engineering-hydraulic-cylinder\/","title":{"rendered":"HSG Engineering hidravli\u010dni cilinder"},"content":{"rendered":"<h1 style=\"text-align: center;\"><strong>HSG Engineering hidravli\u010dni cilinder<\/strong><\/h1>\n<p>Hidravli\u010dni cilinder serije HSG je dvosmerno delujo\u010d hidravli\u010dni cilinder z batnico. Na\u010din namestitve je u\u0161esni tip. Glede na povezavo med glavo valja in blokom valja obstajajo tri vrste zunanjih navojnih povezav, notranjih navojnih povezav in prirobni\u010dnih povezav. Hidravli\u010dni cilinder se uporablja predvsem v gradbeni\u0161tvu, dvigovanju, rudarstvu in drugih hidravli\u010dnih sistemih.<\/p>\n<p>Zna\u010dilnosti namestitve sprednjih in zadnjih uhanov:<\/p>\n<p>Namestitev enojnega dvi\u017enega obro\u010da na repu je primerna tako, da se kon\u010dni del med delovnim procesom batnice premika vzdol\u017e iste krivulje gibljive ravnine. Obe strani batnice ne presegata 3\u00b0, pri \u010demer dejansko izpolnjujeta pogoje ravninske poti ali konstrukcijske zahteve pogojev namestitve enojnega uhana. V tem primeru je mogo\u010de namestiti sferi\u010dne le\u017eaje na repu in koncu batnice, vendar je treba paziti na tla\u010dno obremenitev, ki jo dovoljuje namestitev sferi\u010dnih le\u017eajev.<\/p>\n<p><img loading=\"lazy\" decoding=\"async\" class=\"aligncenter wp-image-1142\" src=\"https:\/\/hydraulic-cylinders.net\/wp-content\/uploads\/2023\/09\/hsg-hydraulic-cylinder-1-1-300x300.webp\" alt=\"\" width=\"400\" height=\"400\" srcset=\"https:\/\/www.hydraulic-cylinders.net\/wp-content\/uploads\/2023\/09\/hsg-hydraulic-cylinder-1-1-300x300.webp 300w, https:\/\/www.hydraulic-cylinders.net\/wp-content\/uploads\/2023\/09\/hsg-hydraulic-cylinder-1-1-100x100.webp 100w, https:\/\/www.hydraulic-cylinders.net\/wp-content\/uploads\/2023\/09\/hsg-hydraulic-cylinder-1-1-150x150.webp 150w, https:\/\/www.hydraulic-cylinders.net\/wp-content\/uploads\/2023\/09\/hsg-hydraulic-cylinder-1-1-12x12.webp 12w, https:\/\/www.hydraulic-cylinders.net\/wp-content\/uploads\/2023\/09\/hsg-hydraulic-cylinder-1-1.webp 369w\" sizes=\"(max-width: 400px) 100vw, 400px\" \/><\/p>\n<h2><strong>HSG Engineering hidravli\u010dni cilinder <\/strong><strong>Podro\u010dje uporabe<\/strong><strong>:<\/strong><\/h2>\n<p>Predvsem se uporablja v gradbeni\u0161tvu, dvigovanju te\u017ekih bremen, rudarstvu in drugih hidravli\u010dnih sistemih v in\u017eenirskem hidravli\u010dnem cilindru, vendar ni omejeno na zgoraj navedene vidike \u2013 tla\u010dni razred 16 MPa.<br \/>\nKo je sila valja relativno velika (npr. 20 ton) in je hod precej dolg (npr. 2 metra), je valj z vle\u010dno palico zaradi omejitve sile vijaka neprimeren za uporabo, namesto tega pa se lahko uporabi in\u017eenirski valj.<br \/>\nZaradi ogromnega tlaka in proizvodnega procesa in\u017eenirskega hidravli\u010dnega cilindra so stro\u0161ki materiala in obdelave vi\u0161ji kot pri cilindru z vezno palico.<\/p>\n<h2><strong>Parameter hidravli\u010dnega cilindra HSG Engineering<\/strong><strong>:<img loading=\"lazy\" decoding=\"async\" class=\"alignnone wp-image-1144 size-large\" src=\"https:\/\/hydraulic-cylinders.net\/wp-content\/uploads\/2023\/09\/hsg-engineering-hydraulic-cylinder-parameter-1-4-1024x739.webp\" alt=\"\" width=\"1024\" height=\"739\" srcset=\"https:\/\/hydraulic-cylinders.net\/wp-content\/uploads\/2023\/09\/hsg-engineering-hydraulic-cylinder-parameter-1-4-980x707.webp 980w, https:\/\/hydraulic-cylinders.net\/wp-content\/uploads\/2023\/09\/hsg-engineering-hydraulic-cylinder-parameter-1-4-480x347.webp 480w\" sizes=\"(min-width: 0px) and (max-width: 480px) 480px, (min-width: 481px) and (max-width: 980px) 980px, (min-width: 981px) 1024px, 100vw\" \/> <img loading=\"lazy\" decoding=\"async\" class=\"alignnone wp-image-1145 size-large\" src=\"https:\/\/hydraulic-cylinders.net\/wp-content\/uploads\/2023\/09\/hsg-engineering-hydraulic-cylinder-parameter-2-1-908x1024.webp\" alt=\"\" width=\"908\" height=\"1024\" \/> <img loading=\"lazy\" decoding=\"async\" class=\"alignnone wp-image-1146 size-large\" src=\"https:\/\/hydraulic-cylinders.net\/wp-content\/uploads\/2023\/09\/hsg-engineering-hydraulic-cylinder-parameter-3-1-845x1024.webp\" alt=\"\" width=\"845\" height=\"1024\" \/> <img loading=\"lazy\" decoding=\"async\" class=\"alignnone wp-image-1147 size-large\" src=\"https:\/\/hydraulic-cylinders.net\/wp-content\/uploads\/2023\/09\/hsg-engineering-hydraulic-cylinder-parameter-4-1-707x1024.webp\" alt=\"\" width=\"707\" height=\"1024\" \/> <img loading=\"lazy\" decoding=\"async\" class=\"alignnone wp-image-1148 size-large\" src=\"https:\/\/hydraulic-cylinders.net\/wp-content\/uploads\/2023\/09\/hsg-engineering-hydraulic-cylinder-parameter-5-1-801x1024.webp\" alt=\"\" width=\"801\" height=\"1024\" \/> <img loading=\"lazy\" decoding=\"async\" class=\"alignnone wp-image-1149 size-large\" src=\"https:\/\/hydraulic-cylinders.net\/wp-content\/uploads\/2023\/09\/hsg-engineering-hydraulic-cylinder-parameter-6-1-628x1024.webp\" alt=\"\" width=\"628\" height=\"1024\" \/> <img loading=\"lazy\" decoding=\"async\" class=\"alignnone wp-image-1150 size-large\" src=\"https:\/\/hydraulic-cylinders.net\/wp-content\/uploads\/2023\/09\/hsg-engineering-hydraulic-cylinder-parameter-7-1-844x1024.webp\" alt=\"\" width=\"844\" height=\"1024\" \/> <img loading=\"lazy\" decoding=\"async\" class=\"alignnone size-medium wp-image-1151\" src=\"https:\/\/hydraulic-cylinders.net\/wp-content\/uploads\/2023\/09\/hsg-engineering-hydraulic-cylinder-parameter-8-1-181x300.webp\" alt=\"\" width=\"181\" height=\"300\" \/> <img loading=\"lazy\" decoding=\"async\" class=\"alignnone size-medium wp-image-1152\" src=\"https:\/\/hydraulic-cylinders.net\/wp-content\/uploads\/2023\/09\/hsg-engineering-hydraulic-cylinder-parameter-9-1-249x300.webp\" alt=\"\" width=\"249\" height=\"300\" \/><\/strong><\/h2>\n<h2><strong>Izbira modela <\/strong><strong>HSG Engineering hidravli\u010dni cilinder<\/strong><strong>:<\/strong><\/h2>\n<p>HG-L-01-D\/DX100-E2501<br \/>\nHG-Dvosmerno delujo\u010di hidravli\u010dni cilinder<br \/>\nNa\u010din priklju\u010dka glave valja L: L = navoj (premer valja 0,80)<br \/>\n01- \u0160t. zasnove<br \/>\nPremer valja D\/d mm\/ premer batnice mm<br \/>\n100- hod hidravli\u010dnega cilindra<br \/>\nRazred e-tlaka: E=16MPa G=21MPa<br \/>\n2- glava valja, priklju\u010dek valja:<br \/>\n1 = uhani glave valja s pu\u0161o; 2 = uhani glave valja s spojnim le\u017eajem; 3 = te\u010dajna gred (za priklju\u010dek za karti\u010dni klju\u010d s premerom cilindra &gt; \u03a680); 4 = kon\u010dna prirobnica (za priklju\u010dek za karti\u010dni klju\u010d s premerom cilindra &gt; \u03a680) 5 = srednja prirobnica (za priklju\u010dek za karti\u010dni klju\u010d s premerom cilindra &gt; \u03a680)<br \/>\n5- priklju\u010dek konca batnice:<br \/>\n1 = zunanji navoj na koncu palice; 2 = notranji navoj na koncu palice (premer valja &gt; \u03a663); 3 = zunanji navoj na koncu palice, uho glave palice s pu\u0161o; 4 = notranji navoj na koncu palice, uho glave palice s pu\u0161o (premer valja &gt; \u03a663); 5 = zunanji navoj na koncu palice, uho glave palice s spojnim le\u017eajem; 6 = notranji navoj na koncu palice, uho glave palice s spojnim le\u017eajem (premer valja &gt; \u03a663); 7 = integrirani uho batnice s pu\u0161o (samo za premer valja = \u03a640, premer 50); 8 = integrirani uho batnice s spojnim le\u017eajem (samo za premer valja = 40, s 50)<br \/>\n0- del medpomnilnika:<br \/>\n0 = brez odbija\u010da; 1 = odbija\u010d na obeh koncih; 2 = konec glave valja z odbija\u010dem; 3 = konec glave batnice z odbija\u010dem 1- na\u010din priklju\u010dka oljne odprtine: 1 = metri\u010dni notranji navoj; 2 = angle\u0161ki notranji navoj<br \/>\nL1 - na\u010din priklju\u010dka konca batnice: L1 = zunanji navoj konca batnice; L2 = notranji navoj konca batnice<br \/>\n0 - delovni medij: 0 = olje, hidravli\u010dno olje; W = visokovodna osnova (emulzija). Opomba: Tisti, ki so v opisu modela ozna\u010deni z A, se obravnavajo kot nestandardni.<\/p>\n<h2><strong>HSG Engineering hidravli\u010dni cilinder <\/strong><strong>Tehni\u010dni parameter:<\/strong><\/h2>\n<p>Za izbiro \u017eelenega izdelka lahko uporabite naslednji modelni zapis. Primer modela: HG-L-50\/40 *100-2501<\/p>\n<p><img loading=\"lazy\" decoding=\"async\" class=\"alignnone size-large wp-image-320903\" src=\"https:\/\/hzpt.com\/wp-content\/uploads\/2023\/09\/hsg-hydraulic-cylinder-2-467x1024.webp\" alt=\"\" width=\"467\" height=\"1024\" \/><\/p>\n<p>Osnovni parametri hidravli\u010dnih cilindrov serije HSG, vklju\u010dno s premerom cilindra, premerom palice in najve\u010djim hodom.<\/p>\n<p>1, razmerje hitrosti je razmerje med efektivno povr\u0161ino batne votline in ustrezno velikostjo votline batnice.<br \/>\n2, najve\u010dji hod je na\u010deloma: ko je razmerje hitrosti = 1,33, S = 8D; ko je razmerje = 1,45, S = 10D; ko je ravnote\u017eje enako 2, je S podobno kot 12D.<\/p>\n<h2><strong>Kako najti komplet tesnil za hidravli\u010dni cilinder?<\/strong><\/h2>\n<p>Iskanje pravega kompleta tesnil za hidravli\u010dni valj je klju\u010dnega pomena za zagotovitev ustreznega prileganja, funkcionalnosti in zmogljivosti. Tukaj je nekaj korakov, ki vam bodo pomagali najti ustrezen komplet tesnil:<\/p>\n<ol>\n<li><strong>Dolo\u010dite proizvajalca in model cilindra:<\/strong>\n<ul>\n<li>Dolo\u010dite proizvajalca hidravli\u010dnega cilindra. Ta informacija je pogosto vtisnjena ali vgravirana na ohi\u0161ju cilindra.<\/li>\n<li>\u010ce je mogo\u010de, si zapi\u0161ite \u0161tevilko modela ali katere koli druge identifikacijske oznake na jeklenki.<\/li>\n<\/ul>\n<\/li>\n<li><strong>Specifikacije cilindra:<\/strong>\n<ul>\n<li>Izmerite dimenzije valja, vklju\u010dno s premerom izvrtine, premerom palice in dol\u017eino hoda.<\/li>\n<li>Upo\u0161tevajte vse posebne zna\u010dilnosti ali konfiguracije, zna\u010dilne za valj, kot so prirobnice, odprtine ali na\u010dini monta\u017ee.<\/li>\n<\/ul>\n<\/li>\n<li><strong>Razi\u0161\u010dite vire proizvajalca:<\/strong>\n<ul>\n<li>Obi\u0161\u010dite spletno mesto proizvajalca ali se obrnite na podporo strankam, da se pozanimate o razpolo\u017eljivih kompletih tesnil za va\u0161 model cilindra.<\/li>\n<li>Proizvajalcu posredujte specifikacije jeklenke in vse zbrane identifikacijske podatke.<\/li>\n<\/ul>\n<\/li>\n<li><strong>Razi\u0161\u010dite spletne dobavitelje hidravli\u010dnih tesnil:<\/strong>\n<ul>\n<li>Poi\u0161\u010dite ugledne spletne dobavitelje ali distributerje hidravli\u010dnih tesnil.<\/li>\n<li>Za zo\u017eitev izbire glede na specifikacije jeklenk ali proizvajalca uporabite iskalne filtre ali navigacijske menije na njihovih spletnih straneh.<\/li>\n<\/ul>\n<\/li>\n<li><strong>Uporabite orodja za navzkri\u017eno primerjavo kompleta tesnil:<\/strong>\n<ul>\n<li>Nekateri dobavitelji kompletov tesnil ponujajo orodja za navzkri\u017eno primerjavo ali podatkovne baze, ki pomagajo pri iskanju ujemanja modelov valjev z zdru\u017eljivimi kompleti tesnil.<\/li>\n<li>V orodje za navzkri\u017eno iskanje vnesite proizvajalca, model ali druge specifikacije cilindra, da najdete ustrezne komplete tesnil.<\/li>\n<\/ul>\n<\/li>\n<li><strong>Glejte priro\u010dnike za vzdr\u017eevanje hidravli\u010dnega sistema:<\/strong>\n<ul>\n<li>Preverite, ali ima oprema ali stroji, ki uporabljajo hidravli\u010dni valj, priro\u010dnik za vzdr\u017eevanje.<\/li>\n<li>Priro\u010dnik lahko vsebuje informacije o priporo\u010denih kompletih tesnil ali \u0161tevilkah delov.<\/li>\n<\/ul>\n<\/li>\n<li><strong>Poi\u0161\u010dite pomo\u010d strokovnjakov za hidravliko:<\/strong>\n<ul>\n<li>Obrnite se na strokovnjake za hidravli\u010dne sisteme, vzdr\u017eevalce ali in\u017eenirje s strokovnim znanjem o hidravli\u010dnih sistemih.<\/li>\n<li>Lahko vam svetujejo in priporo\u010dijo iskanje pravega kompleta tesnil za va\u0161 hidravli\u010dni valj.<\/li>\n<\/ul>\n<\/li>\n<li><strong>Razmislite o kompletih tesnil po meri:<\/strong>\n<ul>\n<li>\u010ce ne najdete kompleta tesnil, ki je posebej zasnovan za va\u0161 model cilindra, se obrnite na proizvajalca ali dobavitelja, ki ponuja komplete tesnil po meri.<\/li>\n<li>Zagotovite natan\u010dne meritve in specifikacije jeklenk za komplet tesnil, prilagojen va\u0161im zahtevam.<\/li>\n<\/ul>\n<\/li>\n<li><strong>Nakup in namestitev kompleta tesnil:<\/strong>\n<ul>\n<li>Ko izberete ustrezen komplet tesnil, oddajte naro\u010dilo pri dobavitelju ali proizvajalcu.<\/li>\n<li>Za pravilno namestitev in optimalno delovanje natan\u010dno upo\u0161tevajte navodila za namestitev kompleta tesnil.<\/li>\n<\/ul>\n<\/li>\n<\/ol>\n<h2><strong>Zmogljivost in zmogljivost tovarne:<\/strong><\/h2>\n<h3>(1) Sestavljanje<\/h3>\n<p>Imamo prvovrstno neodvisno platformo za raziskave in razvoj. Delavnica za proizvodnjo hidravli\u010dnih cilindrov ima \u0161tiri polavtomatske monta\u017ene linije za dvi\u017ene cilindre in eno avtomatsko monta\u017eno linijo za nagibne cilindre z letno proizvodno zmogljivostjo 1 milijona kosov. Delavnica za posebne cilindre je opremljena z razli\u010dnimi specifikacijami polavtomatskega sistema za \u010di\u0161\u010denje in monta\u017eo z letno proizvodno zmogljivostjo 200.000 kosov ter znano CNC obdelovalno opremo, obdelovalnim centrom, visoko precizno posebno opremo za obdelavo cilindrov, robotskim varilnim strojem, avtomatskim \u010distilnim strojem, avtomatskim strojem za monta\u017eo cilindrov in avtomatsko proizvodno linijo za barvanje. Obstoje\u010da kriti\u010dna oprema obsega ve\u010d kot 300 kompletov (kompletov). Optimalna razporeditev in u\u010dinkovita uporaba opremnih virov zagotavljata zahteve glede natan\u010dnosti izdelkov in izpolnjujeta visoke zahteve glede kakovosti izdelkov.<\/p>\n<p><img loading=\"lazy\" decoding=\"async\" class=\"alignnone wp-image-626\" src=\"https:\/\/hydraulic-cylinders.net\/wp-content\/uploads\/2023\/08\/hydraulic-cylinder-product-1-300x158.webp\" alt=\"\" width=\"495\" height=\"260\" srcset=\"https:\/\/hydraulic-cylinders.net\/wp-content\/uploads\/2023\/08\/hydraulic-cylinder-product-1-300x158.webp 495w, https:\/\/hydraulic-cylinders.net\/wp-content\/uploads\/2023\/08\/hydraulic-cylinder-product-1-480x252.webp 480w\" sizes=\"(min-width: 0px) and (max-width: 480px) 480px, (min-width: 481px) 495px, 100vw\" \/> <img loading=\"lazy\" decoding=\"async\" class=\"alignnone wp-image-627\" src=\"https:\/\/hydraulic-cylinders.net\/wp-content\/uploads\/2023\/08\/hydraulic-cylinder-product-2-300x189.webp\" alt=\"\" width=\"413\" height=\"260\" \/><\/p>\n<h3>(2) Strojna obdelava<\/h3>\n<p>Strojna delavnica je opremljena s prilagojenim centrom za stru\u017eenje nagnjenih tirnic, obdelovalnim centrom, visokohitrostnim strojem za honanje, varilnim robotom in drugo sorodno opremo, ki lahko obdeluje cilindri\u010dne cevi z najve\u010djim notranjim premerom 400 mm in najve\u010djo dol\u017eino 6 metrov.<\/p>\n<p><img loading=\"lazy\" decoding=\"async\" class=\"alignnone wp-image-628 size-large\" src=\"https:\/\/hydraulic-cylinders.net\/wp-content\/uploads\/2023\/08\/hydraulic-cylinder-product-3-1024x391.webp\" alt=\"\" width=\"1024\" height=\"391\" srcset=\"https:\/\/hydraulic-cylinders.net\/wp-content\/uploads\/2023\/08\/hydraulic-cylinder-product-3-980x374.webp 980w, https:\/\/hydraulic-cylinders.net\/wp-content\/uploads\/2023\/08\/hydraulic-cylinder-product-3-480x183.webp 480w\" sizes=\"(min-width: 0px) and (max-width: 480px) 480px, (min-width: 481px) and (max-width: 980px) 980px, (min-width: 981px) 1024px, 100vw\" \/><\/p>\n<h3>(3) Varjenje<\/h3>\n<p><img loading=\"lazy\" decoding=\"async\" class=\"alignnone wp-image-629 size-large\" src=\"https:\/\/hydraulic-cylinders.net\/wp-content\/uploads\/2023\/08\/hydraulic-cylinder-product-4-1024x510.webp\" alt=\"\" width=\"1024\" height=\"510\" srcset=\"https:\/\/hydraulic-cylinders.net\/wp-content\/uploads\/2023\/08\/hydraulic-cylinder-product-4-980x488.webp 980w, https:\/\/hydraulic-cylinders.net\/wp-content\/uploads\/2023\/08\/hydraulic-cylinder-product-4-480x239.webp 480w\" sizes=\"(min-width: 0px) and (max-width: 480px) 480px, (min-width: 481px) and (max-width: 980px) 980px, (min-width: 981px) 1024px, 100vw\" \/><\/p>\n<h3>(4) Barvanje in premazovanje<\/h3>\n<p>Z majhnimi in srednje velikimi cilindri\u010dnimi avtomatskimi linijami za barvanje na vodni osnovi, za doseganje avtomatskega nakladanja in razkladanja robotov ter avtomatskega brizganja, je projektna zmogljivost 4000 kosov na izmeno;<br \/>\nImamo tudi polavtomatsko linijo za proizvodnjo barv za velike jeklenke, ki jo poganja veriga, s projektno zmogljivostjo 60 zabojev na izmeno.<\/p>\n<p><img loading=\"lazy\" decoding=\"async\" class=\"alignnone wp-image-630\" src=\"https:\/\/hydraulic-cylinders.net\/wp-content\/uploads\/2023\/08\/hydraulic-cylinder-product-5-300x213.webp\" alt=\"\" width=\"366\" height=\"260\" \/> <img loading=\"lazy\" decoding=\"async\" class=\"alignnone wp-image-631\" src=\"https:\/\/hydraulic-cylinders.net\/wp-content\/uploads\/2023\/08\/hydraulic-cylinder-product-6-300x225.webp\" alt=\"\" width=\"347\" height=\"260\" \/><\/p>\n<h3>(5) Testiranje<\/h3>\n<p>Imamo prvovrstne in\u0161pekcijske prostore in testne postaje, s katerimi zagotavljamo, da delovanje jeklenke izpolnjuje zahteve.<\/p>\n<p><img loading=\"lazy\" decoding=\"async\" class=\"alignnone wp-image-632\" src=\"https:\/\/hydraulic-cylinders.net\/wp-content\/uploads\/2023\/08\/hydraulic-cylinder-product-8-300x200.webp\" alt=\"\" width=\"389\" height=\"260\" \/><\/p>\n<p>&nbsp;<\/p>\n<p>&nbsp;<\/p>\n<p>Smo eden najbolj\u0161ih proizvajalcev in\u017eenirskih hidravli\u010dnih cilindrov. Ponujamo vam celovito zalogo in\u017eenirskih hidravli\u010dnih cilindrov. Zagotavljamo tudi ustrezne <a href=\"https:\/\/hzpt.com\/agricultural-pto-gearbox\/\" target=\"_blank\" rel=\"noopener\">kmetijski menjalniki<\/a>Na\u0161e izdelke smo izvozili strankam po vsem svetu in si prislu\u017eili dober ugled zaradi vrhunske kakovosti izdelkov in poprodajnih storitev. Z veseljem vas vabimo, da nas kontaktirate za poslovne dogovore, izmenjavo informacij in ... <a href=\"https:\/\/www.hydraulic-cylinders.net\/sl\/contact-us\/\">sodelujte z nami<\/a>!<\/p>\n<h2><\/h2>\n<h2><\/h2>","protected":false},"excerpt":{"rendered":"<p>HSG Engineering Hydraulic Cylinder HSG series engineering hydraulic cylinder is a double-acting piston rod hydraulic cylinder. Installation mode adopts earring type. According to the connection between the cylinder head and the cylinder block, there are three kinds of external thread connection, internal card critical connection, and flange connection. Engineering hydraulic cylinder is mainly used in [&hellip;]<\/p>","protected":false},"featured_media":1143,"comment_status":"open","ping_status":"closed","template":"","meta":{"_et_pb_use_builder":"","_et_pb_old_content":"","_et_gb_content_width":""},"product_brand":[],"product_cat":[1376],"product_tag":[1380],"class_list":{"0":"post-1141","1":"product","2":"type-product","3":"status-publish","4":"has-post-thumbnail","6":"product_cat-hydraulic-cylinder","7":"product_tag-hydraulic-cylinder","9":"first","10":"instock","11":"shipping-taxable","12":"product-type-simple"},"amp_enabled":true,"_links":{"self":[{"href":"https:\/\/www.hydraulic-cylinders.net\/sl\/wp-json\/wp\/v2\/product\/1141","targetHints":{"allow":["GET"]}}],"collection":[{"href":"https:\/\/www.hydraulic-cylinders.net\/sl\/wp-json\/wp\/v2\/product"}],"about":[{"href":"https:\/\/www.hydraulic-cylinders.net\/sl\/wp-json\/wp\/v2\/types\/product"}],"replies":[{"embeddable":true,"href":"https:\/\/www.hydraulic-cylinders.net\/sl\/wp-json\/wp\/v2\/comments?post=1141"}],"wp:featuredmedia":[{"embeddable":true,"href":"https:\/\/www.hydraulic-cylinders.net\/sl\/wp-json\/wp\/v2\/media\/1143"}],"wp:attachment":[{"href":"https:\/\/www.hydraulic-cylinders.net\/sl\/wp-json\/wp\/v2\/media?parent=1141"}],"wp:term":[{"taxonomy":"product_brand","embeddable":true,"href":"https:\/\/www.hydraulic-cylinders.net\/sl\/wp-json\/wp\/v2\/product_brand?post=1141"},{"taxonomy":"product_cat","embeddable":true,"href":"https:\/\/www.hydraulic-cylinders.net\/sl\/wp-json\/wp\/v2\/product_cat?post=1141"},{"taxonomy":"product_tag","embeddable":true,"href":"https:\/\/www.hydraulic-cylinders.net\/sl\/wp-json\/wp\/v2\/product_tag?post=1141"}],"curies":[{"name":"delovni list","href":"https:\/\/api.w.org\/{rel}","templated":true}]}}