{"id":1181,"date":"2023-09-12T06:46:47","date_gmt":"2023-09-12T06:46:47","guid":{"rendered":"https:\/\/hydraulic-cylinders.net\/?post_type=product&#038;p=1181"},"modified":"2025-04-11T05:07:04","modified_gmt":"2025-04-11T05:07:04","slug":"middle-pin-type-metallurgical-hydraulic-cylinder","status":"publish","type":"product","link":"https:\/\/www.hydraulic-cylinders.net\/sl\/izdelek\/middle-pin-type-metallurgical-hydraulic-cylinder\/","title":{"rendered":"Srednji pin tipa metalur\u0161ki hidravli\u010dni cilinder"},"content":{"rendered":"<h1 style=\"text-align: center;\"><strong>Srednji pin tipa metalur\u0161ki hidravli\u010dni cilinder<\/strong><\/h1>\n<p>Metalur\u0161ki hidravli\u010dni cilinder s srednjim zati\u010dem je najsodobnej\u0161a hidravli\u010dna komponenta, zasnovana za izpolnjevanje strogih zahtev metalur\u0161kih aplikacij. Z vrhunsko zmogljivostjo, robustno konstrukcijo in inovativno zasnovo ta hidravli\u010dni cilinder zagotavlja natan\u010den nadzor, vzdr\u017eljivost in u\u010dinkovitost v zahtevnih industrijskih okoljih. Ne glede na to, ali se uporablja v jeklarnah, livarnah ali drugih metalur\u0161kih procesih, cilindri s srednjim zati\u010dem zagotavljajo izjemne rezultate.<\/p>\n<p>Hidravli\u010dni cilinder serije Y-HG1 za metalur\u0161ko opremo za dvostransko delujo\u010di batni cilinder, premer cilindra je obi\u010dajno v obmo\u010dju 40~320 mm, delovni tlak &lt;=16MPA, mehanski sistem hidravli\u010dnega olja se lahko uporablja za odstranjevanje emulzije in drugih delovnih medijev, namestitev prirobnice, uhanov, zati\u010dev, spro\u017eilcev (podstavka) in razli\u010dnih vrst.<\/p>\n<p>Visoko natan\u010dni CNC stroj za honanje, avtomatski varilni stroj, vertikalni, horizontalni obdelovalni center, portalni obdelovalni center, CNC stru\u017enica in druga obdelovalna oprema, kakovost izdelkov je stabilna in zagotovljena.<\/p>\n<p><img loading=\"lazy\" decoding=\"async\" class=\"wp-image-1178 aligncenter\" src=\"https:\/\/hydraulic-cylinders.net\/wp-content\/uploads\/2023\/09\/middle-pin-type-metallurgical-hydraulic-cylinder-2-300x300.webp\" alt=\"\" width=\"400\" height=\"400\" \/><\/p>\n<h2><strong>Parameter metalur\u0161kega hidravli\u010dnega cilindra s srednjim zati\u010dem:<\/strong><\/h2>\n<p><img loading=\"lazy\" decoding=\"async\" class=\"alignnone wp-image-1179 size-large\" src=\"https:\/\/hydraulic-cylinders.net\/wp-content\/uploads\/2023\/09\/middle-pin-type-metallurgical-hydraulic-cylinder-1-1024x694.webp\" alt=\"\" width=\"1024\" height=\"694\" srcset=\"https:\/\/hydraulic-cylinders.net\/wp-content\/uploads\/2023\/09\/middle-pin-type-metallurgical-hydraulic-cylinder-1-980x664.webp 980w, https:\/\/hydraulic-cylinders.net\/wp-content\/uploads\/2023\/09\/middle-pin-type-metallurgical-hydraulic-cylinder-1-480x325.webp 480w\" sizes=\"(min-width: 0px) and (max-width: 480px) 480px, (min-width: 481px) and (max-width: 980px) 980px, (min-width: 981px) 1024px, 100vw\" \/><\/p>\n<h2><strong>Srednji pin tipa metalur\u0161ki hidravli\u010dni cilinder <\/strong><strong>Na\u010din uporabe<\/strong><strong>:<\/strong><\/h2>\n<ol>\n<li><strong>Monta\u017ea in namestitev:<\/strong>\n<ul>\n<li>Glede na posebne zahteve metalur\u0161ke opreme dolo\u010dite ustrezen polo\u017eaj namestitve hidravli\u010dnega cilindra.<\/li>\n<li>Prepri\u010dajte se, da je monta\u017ena povr\u0161ina \u010dista, ravna in da lahko prenese te\u017eo in obremenitev cilindra.<\/li>\n<\/ul>\n<\/li>\n<li><strong>Priklju\u010ditev na hidravli\u010dni sistem:<\/strong>\n<ul>\n<li>Hidravli\u010dni valj priklju\u010dite na hidravli\u010dni sistem z uporabo zdru\u017eljive hidravli\u010dne cevi ali cevi.<\/li>\n<li>Zagotovite pravilno poravnavo in varne povezave, da prepre\u010dite pu\u0161\u010danje in zagotovite optimalno delovanje.<\/li>\n<\/ul>\n<\/li>\n<li><strong>Sistemska integracija in kalibracija:<\/strong>\n<ul>\n<li>V metalur\u0161ko opremo ali sisteme vgradite hidravli\u010dne cilindre v skladu z navodili proizvajalca.<\/li>\n<li>Kalibrirajte sistem, da dose\u017eete \u017eelene obratovalne parametre in zagotovite nemoteno delovanje.<\/li>\n<\/ul>\n<\/li>\n<li><strong>Upravljanje cilindra:<\/strong>\n<ul>\n<li>Za\u017eenite hidravli\u010dni sistem. Uporabite tlak, da za\u010dnete premikati hidravli\u010dni valj.<\/li>\n<li>Hidravli\u010dni krmilni sistem nadzoruje podalj\u0161evanje, kr\u010denje in pozicioniranje cilindra za u\u010dinkovite metalur\u0161ke operacije.<\/li>\n<\/ul>\n<\/li>\n<\/ol>\n<h2><strong>Srednji pin tipa metalur\u0161ki hidravli\u010dni cilinder <\/strong><strong>Zna\u010dilnosti<\/strong><strong>:<\/strong><\/h2>\n<ul>\n<li><strong>Zasnova srednjega zati\u010da:<\/strong> Edinstvena zasnova sredinskega zati\u010da zagotavlja izbolj\u0161ano stabilnost, natan\u010dno poravnavo in izbolj\u0161ano porazdelitev obremenitve med delovanjem, kar zagotavlja optimalno delovanje v metalur\u0161kih procesih.<\/li>\n<li><strong>Osredoto\u010denost na metalur\u0161ko uporabo:<\/strong> Valji so natan\u010dno zasnovani tako, da izpolnjujejo stroge zahteve metalur\u0161kih aplikacij, kar zagotavlja zanesljivost in vzdr\u017eljivost v ekstremnih pogojih.<\/li>\n<li><strong>Vrhunska zmogljivost:<\/strong>\u00a0 Cilindri zagotavljajo odli\u010dno zmogljivost, kar omogo\u010da natan\u010dno pozicioniranje, nemoteno delovanje in ve\u010djo produktivnost v metalur\u0161kih procesih.<\/li>\n<li><strong>Robustna konstrukcija:<\/strong>\u00a0 Izdelani iz visokokakovostnih materialov, cilindri prenesejo velike obremenitve in te\u017eke delovne pogoje, kar zagotavlja dolgotrajno vzdr\u017eljivost in zanesljivo delovanje.<\/li>\n<li><strong>Varnostne funkcije:<\/strong>\u00a0 Zasnova zdru\u017euje za\u0161\u010dito pred preobremenitvijo in mehanizem za izklop v sili, s \u010dimer daje prednost varnosti upravljavca v metalur\u0161kem procesu.<\/li>\n<\/ul>\n<h2><strong>Kako izmeriti hidravli\u010dni cilinder?<\/strong><\/h2>\n<p>Measuring a hydraulic cylinder is a straightforward process that requires a few essential tools. Here&#8217;s a step-by-step guide on how to measure a hydraulic cylinder accurately:<\/p>\n<ol>\n<li><strong>Zberite potrebna orodja:<\/strong>\n<ul>\n<li>Merilni trak ali \u010deljust: Za natan\u010dne meritve uporabite zanesljivo merilno orodje.<\/li>\n<li>Varnostna oprema: Za za\u0161\u010dito pred morebitnimi nevarnostmi nosite ustrezno osebno za\u0161\u010ditno opremo, kot so rokavice in za\u0161\u010ditna o\u010dala.<\/li>\n<\/ul>\n<\/li>\n<li><strong>Dolo\u010dite merilne to\u010dke:<\/strong>\n<ul>\n<li>Dolo\u010dite klju\u010dne merilne to\u010dke na hidravli\u010dnem cilindru, ki bodo zagotovile potrebne informacije za natan\u010dno merjenje.<\/li>\n<li>The main measuring points typically include the cylinder&#8217;s stroke length, bore diameter, and rod diameter.<\/li>\n<\/ul>\n<\/li>\n<li><strong>Izmerite dol\u017eino giba:<\/strong>\n<ul>\n<li>Hidravli\u010dni valj popolnoma izvlecite do njegove najve\u010dje dol\u017eine.<\/li>\n<li>Merilni trak ali \u010deljust namestite na en konec valja in ga poravnajte z referen\u010dno to\u010dko.<\/li>\n<li>Izmerite od referen\u010dne to\u010dke do nasprotnega konca valja.<\/li>\n<li>Velikost zapi\u0161ite kot dol\u017eino giba.<\/li>\n<\/ul>\n<\/li>\n<li><strong>Izmerite premer izvrtine:<\/strong>\n<ul>\n<li>Locate the cylinder&#8217;s bore, which is the inner diameter of the cylinder tube.<\/li>\n<li>Position the tape measure or caliper across the bore, ensuring it is perpendicular to the cylinder&#8217;s axis.<\/li>\n<li>Izmerite eno stran izvrtine od notranje stene do nasprotne notranje stene.<\/li>\n<li>Meritev zapi\u0161ite kot premer izvrtine.<\/li>\n<\/ul>\n<\/li>\n<li><strong>Izmerite premer palice:<\/strong>\n<ul>\n<li>Dolo\u010dite palico, ki je batnica, ki se razteza iz hidravli\u010dnega cilindra.<\/li>\n<li>Position the tape measure or caliper across the rod&#8217;s diameter, perpendicular to its axis.<\/li>\n<li>Izmerite eno stran palice, od zunanje povr\u0161ine do nasprotne zunanje povr\u0161ine.<\/li>\n<li>Meritev zapi\u0161ite kot premer palice.<\/li>\n<\/ul>\n<\/li>\n<li><strong>Dodatne meritve:<\/strong>\n<ul>\n<li>Glede na posebne zahteve ali uporabo boste morda morali izmeriti dodatne parametre, kot so celotna dol\u017eina valja, razdalja med pritrdilnimi to\u010dkami ali velikost navoja palice.<\/li>\n<\/ul>\n<\/li>\n<li><strong>Dokumentiranje in preverjanje meritev:<\/strong>\n<ul>\n<li>Dvakrat preverite vse zabele\u017eene meritve, da zagotovite natan\u010dnost.<\/li>\n<li>Meritve jasno dokumentirajte in jih organizirajte za poznej\u0161o uporabo ali naro\u010danje.<\/li>\n<\/ul>\n<\/li>\n<\/ol>\n<h2><strong>Zmogljivost in zmogljivost tovarne:<\/strong><\/h2>\n<h3>(1) Sestavljanje<\/h3>\n<p>Imamo prvovrstno neodvisno platformo za raziskave in razvoj. Delavnica za proizvodnjo hidravli\u010dnih cilindrov ima \u0161tiri polavtomatske monta\u017ene linije za dvi\u017ene cilindre in eno avtomatsko monta\u017eno linijo za nagibne cilindre z letno proizvodno zmogljivostjo 1 milijona kosov. Delavnica za posebne cilindre je opremljena z razli\u010dnimi specifikacijami polavtomatskega sistema za \u010di\u0161\u010denje in monta\u017eo z letno proizvodno zmogljivostjo 200.000 kosov ter znano CNC obdelovalno opremo, obdelovalnim centrom, visoko precizno posebno opremo za obdelavo cilindrov, robotskim varilnim strojem, avtomatskim \u010distilnim strojem, avtomatskim strojem za monta\u017eo cilindrov in avtomatsko proizvodno linijo za barvanje. Obstoje\u010da kriti\u010dna oprema obsega ve\u010d kot 300 kompletov (kompletov). Optimalna razporeditev in u\u010dinkovita uporaba opremnih virov zagotavljata zahteve glede natan\u010dnosti izdelkov in izpolnjujeta visoke zahteve glede kakovosti izdelkov.<\/p>\n<p><img loading=\"lazy\" decoding=\"async\" class=\"alignnone wp-image-626\" src=\"https:\/\/hydraulic-cylinders.net\/wp-content\/uploads\/2023\/08\/hydraulic-cylinder-product-1-300x158.webp\" alt=\"\" width=\"495\" height=\"260\" srcset=\"https:\/\/hydraulic-cylinders.net\/wp-content\/uploads\/2023\/08\/hydraulic-cylinder-product-1-300x158.webp 495w, https:\/\/hydraulic-cylinders.net\/wp-content\/uploads\/2023\/08\/hydraulic-cylinder-product-1-480x252.webp 480w\" sizes=\"(min-width: 0px) and (max-width: 480px) 480px, (min-width: 481px) 495px, 100vw\" \/> <img loading=\"lazy\" decoding=\"async\" class=\"alignnone wp-image-627\" src=\"https:\/\/hydraulic-cylinders.net\/wp-content\/uploads\/2023\/08\/hydraulic-cylinder-product-2-300x189.webp\" alt=\"\" width=\"413\" height=\"260\" \/><\/p>\n<h3>(2) Strojna obdelava<\/h3>\n<p>Strojna delavnica je opremljena s prilagojenim centrom za stru\u017eenje nagnjenih tirnic, obdelovalnim centrom, visokohitrostnim strojem za honanje, varilnim robotom in drugo sorodno opremo, ki lahko obdeluje cilindri\u010dne cevi z najve\u010djim notranjim premerom 400 mm in najve\u010djo dol\u017eino 6 metrov.<\/p>\n<p><img loading=\"lazy\" decoding=\"async\" class=\"alignnone wp-image-628 size-large\" src=\"https:\/\/hydraulic-cylinders.net\/wp-content\/uploads\/2023\/08\/hydraulic-cylinder-product-3-1024x391.webp\" alt=\"\" width=\"1024\" height=\"391\" srcset=\"https:\/\/hydraulic-cylinders.net\/wp-content\/uploads\/2023\/08\/hydraulic-cylinder-product-3-980x374.webp 980w, https:\/\/hydraulic-cylinders.net\/wp-content\/uploads\/2023\/08\/hydraulic-cylinder-product-3-480x183.webp 480w\" sizes=\"(min-width: 0px) and (max-width: 480px) 480px, (min-width: 481px) and (max-width: 980px) 980px, (min-width: 981px) 1024px, 100vw\" \/><\/p>\n<h3>(3) Varjenje<\/h3>\n<p><img loading=\"lazy\" decoding=\"async\" class=\"alignnone wp-image-629 size-large\" src=\"https:\/\/hydraulic-cylinders.net\/wp-content\/uploads\/2023\/08\/hydraulic-cylinder-product-4-1024x510.webp\" alt=\"\" width=\"1024\" height=\"510\" srcset=\"https:\/\/hydraulic-cylinders.net\/wp-content\/uploads\/2023\/08\/hydraulic-cylinder-product-4-980x488.webp 980w, https:\/\/hydraulic-cylinders.net\/wp-content\/uploads\/2023\/08\/hydraulic-cylinder-product-4-480x239.webp 480w\" sizes=\"(min-width: 0px) and (max-width: 480px) 480px, (min-width: 481px) and (max-width: 980px) 980px, (min-width: 981px) 1024px, 100vw\" \/><\/p>\n<h3>(4) Barvanje in premazovanje<\/h3>\n<p>Z majhnimi in srednje velikimi cilindri\u010dnimi avtomatskimi linijami za barvanje na vodni osnovi, za doseganje avtomatskega nakladanja in razkladanja robotov ter avtomatskega brizganja, je projektna zmogljivost 4000 kosov na izmeno;<br \/>\nImamo tudi polavtomatsko linijo za proizvodnjo barv za velike jeklenke, ki jo poganja veriga, s projektno zmogljivostjo 60 zabojev na izmeno.<\/p>\n<p><img loading=\"lazy\" decoding=\"async\" class=\"alignnone wp-image-630\" src=\"https:\/\/hydraulic-cylinders.net\/wp-content\/uploads\/2023\/08\/hydraulic-cylinder-product-5-300x213.webp\" alt=\"\" width=\"366\" height=\"260\" \/> <img loading=\"lazy\" decoding=\"async\" class=\"alignnone wp-image-631\" src=\"https:\/\/hydraulic-cylinders.net\/wp-content\/uploads\/2023\/08\/hydraulic-cylinder-product-6-300x225.webp\" alt=\"\" width=\"347\" height=\"260\" \/><\/p>\n<h3>(5) Testiranje<\/h3>\n<p>Imamo prvovrstne in\u0161pekcijske prostore in testne postaje, s katerimi zagotavljamo, da delovanje jeklenke izpolnjuje zahteve.<\/p>\n<p><img loading=\"lazy\" decoding=\"async\" class=\"alignnone wp-image-632\" src=\"https:\/\/hydraulic-cylinders.net\/wp-content\/uploads\/2023\/08\/hydraulic-cylinder-product-8-300x200.webp\" alt=\"\" width=\"389\" height=\"260\" \/><\/p>\n<p>&nbsp;<\/p>\n<p>&nbsp;<\/p>\n<p>Smo eden najbolj\u0161ih proizvajalcev metalur\u0161kih hidravli\u010dnih cilindrov. Ponujamo vam celovito zalogo metalur\u0161kih hidravli\u010dnih cilindrov. Zagotavljamo tudi ustrezne <a href=\"https:\/\/hzpt.com\/agricultural-pto-gearbox\/\" target=\"_blank\" rel=\"noopener\">kmetijski menjalniki<\/a>Na\u0161e izdelke smo izvozili strankam po vsem svetu in si prislu\u017eili dober ugled zaradi vrhunske kakovosti izdelkov in poprodajnih storitev. Z veseljem vas vabimo, da nas kontaktirate za poslovne dogovore, izmenjavo informacij in ... <a href=\"https:\/\/www.hydraulic-cylinders.net\/sl\/contact-us\/\">sodelujte z nami<\/a>!<\/p>\n<h2><\/h2>\n<h2><\/h2>\n<h2><\/h2>","protected":false},"excerpt":{"rendered":"<p>Middle Pin Type Metallurgical Hydraulic Cylinder Medium pin type metallurgical hydraulic cylinder is a cutting-edge hydraulic component designed to meet the strict requirements of metallurgical applications. With superior performance, rugged construction, and innovative design, this hydraulic cylinder provides precise control, durability and efficiency in demanding industrial environments. Whether used in steel mills, foundries, or other [&hellip;]<\/p>","protected":false},"featured_media":1180,"comment_status":"open","ping_status":"closed","template":"","meta":{"_et_pb_use_builder":"","_et_pb_old_content":"","_et_gb_content_width":""},"product_brand":[],"product_cat":[1376,1550,1524],"product_tag":[1380],"class_list":{"0":"post-1181","1":"product","2":"type-product","3":"status-publish","4":"has-post-thumbnail","6":"product_cat-hydraulic-cylinder","7":"product_cat-double-acting-hydraulic-cylinder","8":"product_cat-steel-mill-hydraulic-cylinders","9":"product_tag-hydraulic-cylinder","11":"first","12":"instock","13":"shipping-taxable","14":"product-type-simple"},"amp_enabled":true,"_links":{"self":[{"href":"https:\/\/www.hydraulic-cylinders.net\/sl\/wp-json\/wp\/v2\/product\/1181","targetHints":{"allow":["GET"]}}],"collection":[{"href":"https:\/\/www.hydraulic-cylinders.net\/sl\/wp-json\/wp\/v2\/product"}],"about":[{"href":"https:\/\/www.hydraulic-cylinders.net\/sl\/wp-json\/wp\/v2\/types\/product"}],"replies":[{"embeddable":true,"href":"https:\/\/www.hydraulic-cylinders.net\/sl\/wp-json\/wp\/v2\/comments?post=1181"}],"wp:featuredmedia":[{"embeddable":true,"href":"https:\/\/www.hydraulic-cylinders.net\/sl\/wp-json\/wp\/v2\/media\/1180"}],"wp:attachment":[{"href":"https:\/\/www.hydraulic-cylinders.net\/sl\/wp-json\/wp\/v2\/media?parent=1181"}],"wp:term":[{"taxonomy":"product_brand","embeddable":true,"href":"https:\/\/www.hydraulic-cylinders.net\/sl\/wp-json\/wp\/v2\/product_brand?post=1181"},{"taxonomy":"product_cat","embeddable":true,"href":"https:\/\/www.hydraulic-cylinders.net\/sl\/wp-json\/wp\/v2\/product_cat?post=1181"},{"taxonomy":"product_tag","embeddable":true,"href":"https:\/\/www.hydraulic-cylinders.net\/sl\/wp-json\/wp\/v2\/product_tag?post=1181"}],"curies":[{"name":"delovni list","href":"https:\/\/api.w.org\/{rel}","templated":true}]}}