{"id":1213,"date":"2023-09-13T07:59:01","date_gmt":"2023-09-13T07:59:01","guid":{"rendered":"https:\/\/hydraulic-cylinders.net\/?post_type=product&#038;p=1213"},"modified":"2025-04-11T05:06:52","modified_gmt":"2025-04-11T05:06:52","slug":"y-hg1-noraml-metallurgical-hydraulic-cylinder","status":"publish","type":"product","link":"https:\/\/www.hydraulic-cylinders.net\/sl\/izdelek\/y-hg1-noraml-metallurgical-hydraulic-cylinder\/","title":{"rendered":"Y-HG1 Metalur\u0161ki hidravli\u010dni cilinder Noraml"},"content":{"rendered":"<h1 style=\"text-align: center;\"><strong>Y-HG1 Metalur\u0161ki hidravli\u010dni cilinder Noraml<\/strong><\/h1>\n<p>Metalur\u0161ki hidravli\u010dni cilinder Y-HG1 je najsodobnej\u0161a hidravli\u010dna komponenta, posebej zasnovana za izpolnjevanje zahtevnih zahtev metalur\u0161kih aplikacij. Z naprednimi funkcijami, robustno konstrukcijo in izjemno zmogljivostjo metalur\u0161ki hidravli\u010dni cilinder Y-HG1 ponuja natan\u010den nadzor, vzdr\u017eljivost in zanesljivost v zahtevnih okoljih jeklarn, livarn in drugih metalur\u0161kih procesov. Ne glede na to, ali gre za dvigovanje, stiskanje ali pozicioniranje te\u017ekih bremen, cilinder Y-HG1 postavlja nove standarde v hidravli\u010dni tehnologiji, zaradi \u010desar je idealna izbira za metalur\u0161ko industrijo.<\/p>\n<p>Hidravli\u010dni cilinder serije Y-HG1 za metalur\u0161ko opremo za dvostransko delujo\u010di batni cilinder, premer cilindra je obi\u010dajno v obmo\u010dju 40~320 mm, delovni tlak &lt;=16MPA, mehanski sistem hidravli\u010dnega olja se lahko uporablja za odstranjevanje emulzije in drugih delovnih medijev, namestitev prirobnice, uhanov, zati\u010dev, spro\u017eilcev (podstavka) in razli\u010dnih vrst.<\/p>\n<p>Visoko natan\u010dni CNC stroj za honanje, avtomatski varilni stroj, vertikalni, horizontalni obdelovalni center, portalni obdelovalni center, CNC stru\u017enica in druga obdelovalna oprema, kakovost izdelkov je stabilna in zagotovljena.<\/p>\n<p><img loading=\"lazy\" decoding=\"async\" class=\"aligncenter wp-image-1214\" src=\"https:\/\/hydraulic-cylinders.net\/wp-content\/uploads\/2023\/09\/y-hg-1-noraml-metallurgical-hydraulic-cylinder-3-300x300.webp\" alt=\"\" width=\"400\" height=\"400\" \/><\/p>\n<h2><strong>Parameter metalur\u0161kega hidravli\u010dnega cilindra Y-HG1 Noraml:<img loading=\"lazy\" decoding=\"async\" class=\"alignnone wp-image-1215 size-large\" src=\"https:\/\/hydraulic-cylinders.net\/wp-content\/uploads\/2023\/09\/y-hg-1-noraml-metallurgical-hydraulic-cylinder-1-1024x307.webp\" alt=\"\" width=\"1024\" height=\"307\" srcset=\"https:\/\/hydraulic-cylinders.net\/wp-content\/uploads\/2023\/09\/y-hg-1-noraml-metallurgical-hydraulic-cylinder-1-980x293.webp 980w, https:\/\/hydraulic-cylinders.net\/wp-content\/uploads\/2023\/09\/y-hg-1-noraml-metallurgical-hydraulic-cylinder-1-480x144.webp 480w\" sizes=\"(min-width: 0px) and (max-width: 480px) 480px, (min-width: 481px) and (max-width: 980px) 980px, (min-width: 981px) 1024px, 100vw\" \/> <img loading=\"lazy\" decoding=\"async\" class=\"alignnone wp-image-1216 size-large\" src=\"https:\/\/hydraulic-cylinders.net\/wp-content\/uploads\/2023\/09\/y-hg-1-noraml-metallurgical-hydraulic-cylinder-2-1024x553.webp\" alt=\"\" width=\"1024\" height=\"553\" srcset=\"https:\/\/hydraulic-cylinders.net\/wp-content\/uploads\/2023\/09\/y-hg-1-noraml-metallurgical-hydraulic-cylinder-2-980x530.webp 980w, https:\/\/hydraulic-cylinders.net\/wp-content\/uploads\/2023\/09\/y-hg-1-noraml-metallurgical-hydraulic-cylinder-2-480x259.webp 480w\" sizes=\"(min-width: 0px) and (max-width: 480px) 480px, (min-width: 481px) and (max-width: 980px) 980px, (min-width: 981px) 1024px, 100vw\" \/><\/strong><\/h2>\n<h2><strong>Y-HG1 Metalur\u0161ki hidravli\u010dni cilinder Noraml <\/strong><strong>Na\u010din uporabe<\/strong><strong>:<\/strong><\/h2>\n<ol>\n<li><strong>Monta\u017ea in namestitev:<\/strong>\n<ul>\n<li>Dolo\u010dite ustrezno mesto za namestitev jeklenk Y-HG1 glede na specifi\u010dne zahteve va\u0161e metalur\u0161ke opreme.<\/li>\n<li>Prepri\u010dajte se, da je monta\u017ena povr\u0161ina \u010dista, ravna in da lahko prenese te\u017eo in obremenitev jeklenke.<\/li>\n<\/ul>\n<\/li>\n<li><strong>Priklju\u010ditev na hidravli\u010dni sistem:<\/strong>\n<ul>\n<li>Metalur\u0161ki hidravli\u010dni cilinder Y-HG1 priklju\u010dite na hidravli\u010dni sistem z uporabo zdru\u017eljive hidravli\u010dne cevi ali cevi.<\/li>\n<li>Zagotovite pravilno poravnavo in varne povezave, da prepre\u010dite pu\u0161\u010danje in zagotovite optimalno delovanje.<\/li>\n<\/ul>\n<\/li>\n<li><strong>Sistemska integracija in kalibracija:<\/strong>\n<ul>\n<li>V metalur\u0161ke hidravli\u010dne cilindre Y-HG1 vgradite v metalur\u0161ko opremo ali sisteme v skladu z navodili proizvajalca.<\/li>\n<li>Kalibrirajte sistem, da dose\u017eete zahtevane obratovalne parametre in zagotovite natan\u010den nadzor gibanja valjev.<\/li>\n<\/ul>\n<\/li>\n<li><strong>Upravljanje cilindra:<\/strong>\n<ul>\n<li>Aktivirajte hidravli\u010dni sistem, da ustvarite tlak in spro\u017eite gibanje cilindra Y-HG1.<\/li>\n<li>Hidravli\u010dni krmilni sistem natan\u010dno nadzoruje raztezanje, kr\u010denje in pozicioniranje valja za u\u010dinkovite metalur\u0161ke operacije.<\/li>\n<\/ul>\n<\/li>\n<\/ol>\n<h2><strong>Y-HG1 Metalur\u0161ki hidravli\u010dni cilinder Noraml <\/strong><strong>Zna\u010dilnosti<\/strong><strong>:<\/strong><\/h2>\n<ul>\n<li><strong>Robustna konstrukcija:<\/strong> Cilinder Y-HG1 je izdelan iz visokokakovostnih materialov, kar zagotavlja vzdr\u017eljivost in dolgo \u017eivljenjsko dobo v zahtevnem metalur\u0161kem okolju.<\/li>\n<li><strong>Natan\u010den nadzor:<\/strong>\u00a0 Metalur\u0161ki hidravli\u010dni cilinder zagotavlja vrhunski nadzor in natan\u010dnost pozicioniranja, kar operaterjem omogo\u010da doseganje natan\u010dnega gibanja za optimalne metalur\u0161ke procese.<\/li>\n<li><strong>Visoka nosilnost:<\/strong>\u00a0 Metalur\u0161ki hidravli\u010dni cilindri Y-HG1 so zasnovani za prena\u0161anje te\u017ekih bremen, ki so standardna v metalur\u0161kih aplikacijah, in zagotavljajo zanesljive zmogljivosti dvigovanja in stiskanja.<\/li>\n<li><strong>Odpornost proti koroziji:<\/strong>\u00a0 Premaz, odporen proti koroziji, \u0161\u010diti jeklenko pred agresivnimi kemikalijami in ekstremnimi temperaturami, ki so pogosto prisotne v metalur\u0161kih okoljih.<\/li>\n<li><strong>Vsestranske mo\u017enosti monta\u017ee:<\/strong> Cilindri Y-HG1 so na voljo v razli\u010dnih mo\u017enostih monta\u017ee in jih je mogo\u010de enostavno integrirati v ve\u010d metalur\u0161kih naprav in sistemov.<\/li>\n<\/ul>\n<h2><strong>Ali deluje enosmerni hidravli\u010dni cilinder?<\/strong><\/h2>\n<p>Enosmerni, enosmerno delujo\u010di hidravli\u010dni cilinder uporablja hidravli\u010dni sistem za ustvarjanje linearnega gibanja v eno smer. Sestavljen je iz cilindra, bata, batnice in hidravli\u010dne teko\u010dine. Takole deluje:<\/p>\n<ol>\n<li><strong>Dovod hidravli\u010dne teko\u010dine:<\/strong>\n<ul>\n<li>Hidravli\u010dni sistem dovaja tla\u010dno teko\u010dino, obi\u010dajno olje, v valj prek hidravli\u010dne \u010drpalke ali vira energije.<\/li>\n<\/ul>\n<\/li>\n<li><strong>Podalj\u0161ek cilindra:<\/strong>\n<ul>\n<li>Ko se hidravli\u010dna teko\u010dina dovaja v valj, vstopi v valj skozi dovodno odprtino.<\/li>\n<li>Tla\u010dna teko\u010dina pritiska na bat, zaradi \u010desar se ta premakne v \u017eeleno smer (obi\u010dajno se batna palica podalj\u0161a).<\/li>\n<li>Ko se tlak teko\u010dine pove\u010da, premaga upor oziroma obremenitev bata, kar povzro\u010di podalj\u0161anje batnice.<\/li>\n<\/ul>\n<\/li>\n<li><strong>Mehanizem tesnjenja:<\/strong>\n<ul>\n<li>Cev valja je zatesnjena, da se prepre\u010di pu\u0161\u010danje teko\u010dine. Obi\u010dajno vklju\u010duje tesnila okoli bata in batnice, kot so O-tesnila ali tesnila z ustjem.<\/li>\n<li>Ta tesnila zagotavljajo, da tla\u010dna teko\u010dina deluje le na eno stran bata, kar ustvarja neravnovesje tlaka, ki bat poganja v \u017eeleno smer.<\/li>\n<\/ul>\n<\/li>\n<li><strong>Povratni hod:<\/strong>\n<ul>\n<li>Po podalj\u0161anem hodu se hidravli\u010dna teko\u010dina sprosti oziroma odzra\u010di iz valja.<\/li>\n<li>Hidravli\u010dni sistem lahko za vrnitev bata in batnice v za\u010detni polo\u017eaj uporabi gravitacijo, vzmet ali zunanjo silo.<\/li>\n<li>Med povratnim hodom hidravli\u010dna teko\u010dina izte\u010de iz valja skozi izstopno odprtino.<\/li>\n<\/ul>\n<\/li>\n<li><strong>Podpora obremenitve:<\/strong>\n<ul>\n<li>Batnica hidravli\u010dnega cilindra je pogosto povezana z obremenitvijo ali mehanizmom, ki zahteva linearno gibanje ali silo.<\/li>\n<li>Ko se bat iztegne ali umakne, zagotovi potrebno silo za premikanje ali podpiranje bremena.<\/li>\n<\/ul>\n<\/li>\n<li><strong>Krmiljenje in ventili:<\/strong>\n<ul>\n<li>Za krmiljenje iztegovanja in vvla\u010devanja enosmernega hidravli\u010dnega cilindra hidravli\u010dni sistem vklju\u010duje ventile, kot so povratni ventili ali razsmerni regulacijski ventili.<\/li>\n<li>Ti ventili uravnavajo pretok hidravli\u010dne teko\u010dine, kar omogo\u010da, da vstopi in izstopi iz valja v \u017eeleni smeri.<\/li>\n<\/ul>\n<\/li>\n<li><strong>Posebnosti uporabe:<\/strong>\n<ul>\n<li>Enosmerni hidravli\u010dni cilindri se pogosto uporabljajo v aplikacijah, kjer je potrebna sila ali gibanje samo v eni smeri, kot so dvigovanje, potiskanje ali vpenjanje.<\/li>\n<li>Pogosto jih najdemo v hidravli\u010dnih dvigalkah, hidravli\u010dnih stiskalnicah, prekucnikih in razli\u010dni drugi industrijski in mobilni opremi.<\/li>\n<\/ul>\n<\/li>\n<\/ol>\n<h2><strong>Zmogljivost in zmogljivost tovarne:<\/strong><\/h2>\n<h3>(1) Sestavljanje<\/h3>\n<p>Imamo prvovrstno neodvisno platformo za raziskave in razvoj. Delavnica za proizvodnjo hidravli\u010dnih cilindrov ima \u0161tiri polavtomatske monta\u017ene linije za dvi\u017ene cilindre in eno avtomatsko monta\u017eno linijo za nagibne cilindre z letno proizvodno zmogljivostjo 1 milijona kosov. Delavnica za posebne cilindre je opremljena z razli\u010dnimi specifikacijami polavtomatskega sistema za \u010di\u0161\u010denje in monta\u017eo z letno proizvodno zmogljivostjo 200.000 kosov ter znano CNC obdelovalno opremo, obdelovalnim centrom, visoko precizno posebno opremo za obdelavo cilindrov, robotskim varilnim strojem, avtomatskim \u010distilnim strojem, avtomatskim strojem za monta\u017eo cilindrov in avtomatsko proizvodno linijo za barvanje. Obstoje\u010da kriti\u010dna oprema obsega ve\u010d kot 300 kompletov (kompletov). Optimalna razporeditev in u\u010dinkovita uporaba opremnih virov zagotavljata zahteve glede natan\u010dnosti izdelkov in izpolnjujeta visoke zahteve glede kakovosti izdelkov.<\/p>\n<p><img loading=\"lazy\" decoding=\"async\" class=\"alignnone wp-image-626\" src=\"https:\/\/hydraulic-cylinders.net\/wp-content\/uploads\/2023\/08\/hydraulic-cylinder-product-1-300x158.webp\" alt=\"\" width=\"495\" height=\"260\" srcset=\"https:\/\/hydraulic-cylinders.net\/wp-content\/uploads\/2023\/08\/hydraulic-cylinder-product-1-300x158.webp 495w, https:\/\/hydraulic-cylinders.net\/wp-content\/uploads\/2023\/08\/hydraulic-cylinder-product-1-480x252.webp 480w\" sizes=\"(min-width: 0px) and (max-width: 480px) 480px, (min-width: 481px) 495px, 100vw\" \/> <img loading=\"lazy\" decoding=\"async\" class=\"alignnone wp-image-627\" src=\"https:\/\/hydraulic-cylinders.net\/wp-content\/uploads\/2023\/08\/hydraulic-cylinder-product-2-300x189.webp\" alt=\"\" width=\"413\" height=\"260\" \/><\/p>\n<h3>(2) Strojna obdelava<\/h3>\n<p>Strojna delavnica je opremljena s prilagojenim centrom za stru\u017eenje nagnjenih tirnic, obdelovalnim centrom, visokohitrostnim strojem za honanje, varilnim robotom in drugo sorodno opremo, ki lahko obdeluje cilindri\u010dne cevi z najve\u010djim notranjim premerom 400 mm in najve\u010djo dol\u017eino 6 metrov.<\/p>\n<p><img loading=\"lazy\" decoding=\"async\" class=\"alignnone wp-image-628 size-large\" src=\"https:\/\/hydraulic-cylinders.net\/wp-content\/uploads\/2023\/08\/hydraulic-cylinder-product-3-1024x391.webp\" alt=\"\" width=\"1024\" height=\"391\" srcset=\"https:\/\/hydraulic-cylinders.net\/wp-content\/uploads\/2023\/08\/hydraulic-cylinder-product-3-980x374.webp 980w, https:\/\/hydraulic-cylinders.net\/wp-content\/uploads\/2023\/08\/hydraulic-cylinder-product-3-480x183.webp 480w\" sizes=\"(min-width: 0px) and (max-width: 480px) 480px, (min-width: 481px) and (max-width: 980px) 980px, (min-width: 981px) 1024px, 100vw\" \/><\/p>\n<h3>(3) Varjenje<\/h3>\n<p><img loading=\"lazy\" decoding=\"async\" class=\"alignnone wp-image-629 size-large\" src=\"https:\/\/hydraulic-cylinders.net\/wp-content\/uploads\/2023\/08\/hydraulic-cylinder-product-4-1024x510.webp\" alt=\"\" width=\"1024\" height=\"510\" srcset=\"https:\/\/hydraulic-cylinders.net\/wp-content\/uploads\/2023\/08\/hydraulic-cylinder-product-4-980x488.webp 980w, https:\/\/hydraulic-cylinders.net\/wp-content\/uploads\/2023\/08\/hydraulic-cylinder-product-4-480x239.webp 480w\" sizes=\"(min-width: 0px) and (max-width: 480px) 480px, (min-width: 481px) and (max-width: 980px) 980px, (min-width: 981px) 1024px, 100vw\" \/><\/p>\n<h3>(4) Barvanje in premazovanje<\/h3>\n<p>Z majhnimi in srednje velikimi cilindri\u010dnimi avtomatskimi linijami za barvanje na vodni osnovi, za doseganje avtomatskega nakladanja in razkladanja robotov ter avtomatskega brizganja, je projektna zmogljivost 4000 kosov na izmeno;<br \/>\nImamo tudi polavtomatsko linijo za proizvodnjo barv za velike jeklenke, ki jo poganja veriga, s projektno zmogljivostjo 60 zabojev na izmeno.<\/p>\n<p><img loading=\"lazy\" decoding=\"async\" class=\"alignnone wp-image-630\" src=\"https:\/\/hydraulic-cylinders.net\/wp-content\/uploads\/2023\/08\/hydraulic-cylinder-product-5-300x213.webp\" alt=\"\" width=\"366\" height=\"260\" \/> <img loading=\"lazy\" decoding=\"async\" class=\"alignnone wp-image-631\" src=\"https:\/\/hydraulic-cylinders.net\/wp-content\/uploads\/2023\/08\/hydraulic-cylinder-product-6-300x225.webp\" alt=\"\" width=\"347\" height=\"260\" \/><\/p>\n<h3>(5) Testiranje<\/h3>\n<p>Imamo prvovrstne in\u0161pekcijske prostore in testne postaje, s katerimi zagotavljamo, da delovanje jeklenke izpolnjuje zahteve.<\/p>\n<p><img loading=\"lazy\" decoding=\"async\" class=\"alignnone wp-image-632\" src=\"https:\/\/hydraulic-cylinders.net\/wp-content\/uploads\/2023\/08\/hydraulic-cylinder-product-8-300x200.webp\" alt=\"\" width=\"389\" height=\"260\" \/><\/p>\n<p>&nbsp;<\/p>\n<p>&nbsp;<\/p>\n<p>Smo eden najbolj\u0161ih proizvajalcev metalur\u0161kih hidravli\u010dnih cilindrov. Ponujamo vam celovito zalogo metalur\u0161kih hidravli\u010dnih cilindrov. Zagotavljamo tudi ustrezne <a href=\"https:\/\/hzpt.com\/agricultural-pto-gearbox\/\" target=\"_blank\" rel=\"noopener\">kmetijski menjalniki<\/a>Na\u0161e izdelke smo izvozili strankam po vsem svetu in si prislu\u017eili dober ugled zaradi vrhunske kakovosti izdelkov in poprodajnih storitev. Z veseljem vas vabimo, da nas kontaktirate za poslovne dogovore, izmenjavo informacij in ... <a href=\"https:\/\/www.hydraulic-cylinders.net\/sl\/contact-us\/\">sodelujte z nami<\/a>!<\/p>\n<h2><\/h2>\n<h2><\/h2>","protected":false},"excerpt":{"rendered":"<p>Y-HG1 Noraml Metallurgical Hydraulic Cylinder The Y-HG1 metallurgical hydraulic cylinder is a state-of-the-art hydraulic component specifically designed to meet the demanding requirements of metallurgical applications. With its advanced features, robust construction, and exceptional performance, the Y-HG1 metallurgical hydraulic cylinder offers precise control, durability, and reliability in the rigorous environments of steel mills, foundries, and other [&hellip;]<\/p>","protected":false},"featured_media":1217,"comment_status":"open","ping_status":"closed","template":"","meta":{"_et_pb_use_builder":"","_et_pb_old_content":"","_et_gb_content_width":""},"product_brand":[],"product_cat":[1376,1550,1524],"product_tag":[1380],"class_list":{"0":"post-1213","1":"product","2":"type-product","3":"status-publish","4":"has-post-thumbnail","6":"product_cat-hydraulic-cylinder","7":"product_cat-double-acting-hydraulic-cylinder","8":"product_cat-steel-mill-hydraulic-cylinders","9":"product_tag-hydraulic-cylinder","11":"first","12":"instock","13":"shipping-taxable","14":"product-type-simple"},"amp_enabled":true,"_links":{"self":[{"href":"https:\/\/www.hydraulic-cylinders.net\/sl\/wp-json\/wp\/v2\/product\/1213","targetHints":{"allow":["GET"]}}],"collection":[{"href":"https:\/\/www.hydraulic-cylinders.net\/sl\/wp-json\/wp\/v2\/product"}],"about":[{"href":"https:\/\/www.hydraulic-cylinders.net\/sl\/wp-json\/wp\/v2\/types\/product"}],"replies":[{"embeddable":true,"href":"https:\/\/www.hydraulic-cylinders.net\/sl\/wp-json\/wp\/v2\/comments?post=1213"}],"wp:featuredmedia":[{"embeddable":true,"href":"https:\/\/www.hydraulic-cylinders.net\/sl\/wp-json\/wp\/v2\/media\/1217"}],"wp:attachment":[{"href":"https:\/\/www.hydraulic-cylinders.net\/sl\/wp-json\/wp\/v2\/media?parent=1213"}],"wp:term":[{"taxonomy":"product_brand","embeddable":true,"href":"https:\/\/www.hydraulic-cylinders.net\/sl\/wp-json\/wp\/v2\/product_brand?post=1213"},{"taxonomy":"product_cat","embeddable":true,"href":"https:\/\/www.hydraulic-cylinders.net\/sl\/wp-json\/wp\/v2\/product_cat?post=1213"},{"taxonomy":"product_tag","embeddable":true,"href":"https:\/\/www.hydraulic-cylinders.net\/sl\/wp-json\/wp\/v2\/product_tag?post=1213"}],"curies":[{"name":"delovni list","href":"https:\/\/api.w.org\/{rel}","templated":true}]}}