{"id":1243,"date":"2023-09-14T08:24:48","date_gmt":"2023-09-14T08:24:48","guid":{"rendered":"https:\/\/hydraulic-cylinders.net\/?post_type=product&#038;p=1243"},"modified":"2025-04-11T05:26:12","modified_gmt":"2025-04-11T05:26:12","slug":"hroc-single-trunnion-type-circular-hydraulic-cylinder","status":"publish","type":"product","link":"https:\/\/www.hydraulic-cylinders.net\/sl\/izdelek\/hroc-single-trunnion-type-circular-hydraulic-cylinder\/","title":{"rendered":"Kro\u017eni hidravli\u010dni cilinder HROC Single Trunnion Type"},"content":{"rendered":"<h1 style=\"text-align: center;\"><strong>Kro\u017eni hidravli\u010dni cilinder HROC Single Trunnion Type<\/strong><\/h1>\n<p>Kro\u017eni hidravli\u010dni cilinder HROC z enojnim cevnim le\u017eajem je vrhunski hidravli\u010dni element, zasnovan za zanesljiv in u\u010dinkovit prenos mo\u010di za razli\u010dne industrijske aplikacije. S svojo inovativno zasnovo in vrhunsko zmogljivostjo ta hidravli\u010dni cilinder ponuja natan\u010den nadzor, vzdr\u017eljivost in vsestranskost. Ne glede na to, ali gre za proizvodnjo, gradbeni\u0161tvo ali ravnanje z materiali, so cilindri HROC z enojnim cevnim le\u017eajem zasnovani za optimizacijo hidravli\u010dnega delovanja in pove\u010danje produktivnosti.<\/p>\n<p>Okrogli valj serije HRO je varen in stabilen, ima odli\u010den izhod, enostavno vzdr\u017eevanje, lep videz, visoko kakovost, primeren za vse vrste stiskalnic.<\/p>\n<p><img loading=\"lazy\" decoding=\"async\" class=\"wp-image-1244 aligncenter\" src=\"https:\/\/hydraulic-cylinders.net\/wp-content\/uploads\/2023\/09\/hro-circular-hydraulic-cylinder-7-1-300x300.webp\" alt=\"\" width=\"400\" height=\"400\" \/><\/p>\n<h2><strong>Karakteristi\u010dni podatki kro\u017enega hidravli\u010dnega cilindra tipa HROA:<\/strong><\/h2>\n<p><img loading=\"lazy\" decoding=\"async\" class=\"alignnone wp-image-1245 size-full\" src=\"https:\/\/hydraulic-cylinders.net\/wp-content\/uploads\/2023\/09\/hro-circular-hydraulic-cylinder-1-1-1-1.webp\" alt=\"\" width=\"1428\" height=\"436\" srcset=\"https:\/\/hydraulic-cylinders.net\/wp-content\/uploads\/2023\/09\/hro-circular-hydraulic-cylinder-1-1-1-1.webp 1428w, https:\/\/hydraulic-cylinders.net\/wp-content\/uploads\/2023\/09\/hro-circular-hydraulic-cylinder-1-1-1-1-1280x391.webp 1280w, https:\/\/hydraulic-cylinders.net\/wp-content\/uploads\/2023\/09\/hro-circular-hydraulic-cylinder-1-1-1-1-980x299.webp 980w, https:\/\/hydraulic-cylinders.net\/wp-content\/uploads\/2023\/09\/hro-circular-hydraulic-cylinder-1-1-1-1-480x147.webp 480w\" sizes=\"(min-width: 0px) and (max-width: 480px) 480px, (min-width: 481px) and (max-width: 980px) 980px, (min-width: 981px) and (max-width: 1280px) 1280px, (min-width: 1281px) 1428px, 100vw\" \/><\/p>\n<h2><strong>Diagram strukture kro\u017enega hidravli\u010dnega cilindra tipa HROA:<\/strong><\/h2>\n<p><img loading=\"lazy\" decoding=\"async\" class=\"alignnone wp-image-1246 size-full\" src=\"https:\/\/hydraulic-cylinders.net\/wp-content\/uploads\/2023\/09\/hro-circular-hydraulic-cylinder-2-1-1.webp\" alt=\"\" width=\"1404\" height=\"889\" srcset=\"https:\/\/hydraulic-cylinders.net\/wp-content\/uploads\/2023\/09\/hro-circular-hydraulic-cylinder-2-1-1.webp 1404w, https:\/\/hydraulic-cylinders.net\/wp-content\/uploads\/2023\/09\/hro-circular-hydraulic-cylinder-2-1-1-1280x810.webp 1280w, https:\/\/hydraulic-cylinders.net\/wp-content\/uploads\/2023\/09\/hro-circular-hydraulic-cylinder-2-1-1-980x621.webp 980w, https:\/\/hydraulic-cylinders.net\/wp-content\/uploads\/2023\/09\/hro-circular-hydraulic-cylinder-2-1-1-480x304.webp 480w\" sizes=\"(min-width: 0px) and (max-width: 480px) 480px, (min-width: 481px) and (max-width: 980px) 980px, (min-width: 981px) and (max-width: 1280px) 1280px, (min-width: 1281px) 1404px, 100vw\" \/><\/p>\n<h2><strong>Parameter kro\u017enega hidravli\u010dnega cilindra z enim cevnim le\u017eajem HROC:<img loading=\"lazy\" decoding=\"async\" class=\"alignnone wp-image-1247 size-full\" src=\"https:\/\/hydraulic-cylinders.net\/wp-content\/uploads\/2023\/09\/hro-circular-hydraulic-cylinder-7.webp\" alt=\"\" width=\"1450\" height=\"1143\" srcset=\"https:\/\/hydraulic-cylinders.net\/wp-content\/uploads\/2023\/09\/hro-circular-hydraulic-cylinder-7.webp 1450w, https:\/\/hydraulic-cylinders.net\/wp-content\/uploads\/2023\/09\/hro-circular-hydraulic-cylinder-7-1280x1009.webp 1280w, https:\/\/hydraulic-cylinders.net\/wp-content\/uploads\/2023\/09\/hro-circular-hydraulic-cylinder-7-980x773.webp 980w, https:\/\/hydraulic-cylinders.net\/wp-content\/uploads\/2023\/09\/hro-circular-hydraulic-cylinder-7-480x378.webp 480w\" sizes=\"(min-width: 0px) and (max-width: 480px) 480px, (min-width: 481px) and (max-width: 980px) 980px, (min-width: 981px) and (max-width: 1280px) 1280px, (min-width: 1281px) 1450px, 100vw\" \/>\u00a0<\/strong><\/h2>\n<h2><strong>Kro\u017eni hidravli\u010dni cilinder HROC Single Trunnion Type <\/strong><strong>Specifikacijski list za tip zunanjega zoba:<\/strong><\/h2>\n<h2><strong><img loading=\"lazy\" decoding=\"async\" class=\"alignnone wp-image-1248 size-full\" src=\"https:\/\/hydraulic-cylinders.net\/wp-content\/uploads\/2023\/09\/hro-circular-hydraulic-cylinder-8.webp\" alt=\"\" width=\"1448\" height=\"564\" srcset=\"https:\/\/hydraulic-cylinders.net\/wp-content\/uploads\/2023\/09\/hro-circular-hydraulic-cylinder-8.webp 1448w, https:\/\/hydraulic-cylinders.net\/wp-content\/uploads\/2023\/09\/hro-circular-hydraulic-cylinder-8-1280x499.webp 1280w, https:\/\/hydraulic-cylinders.net\/wp-content\/uploads\/2023\/09\/hro-circular-hydraulic-cylinder-8-980x382.webp 980w, https:\/\/hydraulic-cylinders.net\/wp-content\/uploads\/2023\/09\/hro-circular-hydraulic-cylinder-8-480x187.webp 480w\" sizes=\"(min-width: 0px) and (max-width: 480px) 480px, (min-width: 481px) and (max-width: 980px) 980px, (min-width: 981px) and (max-width: 1280px) 1280px, (min-width: 1281px) 1448px, 100vw\" \/><\/strong><\/h2>\n<h2><strong>Kro\u017eni hidravli\u010dni cilinder HROC Single Trunnion Type <\/strong><strong>Na\u010din uporabe<\/strong><strong>:<\/strong><\/h2>\n<ol>\n<li><strong>Monta\u017ea in namestitev:<\/strong>\n<ul>\n<li>Dolo\u010dite ustrezno mesto namestitve za enojne cilindre HROC glede na specifi\u010dne zahteve va\u0161e opreme ali stroja.<\/li>\n<li>Prepri\u010dajte se, da je monta\u017ena povr\u0161ina trdna, ravna in lahko varno podpira te\u017eo in obremenitev cilindra.<\/li>\n<\/ul>\n<\/li>\n<li><strong>Priklju\u010dek hidravli\u010dnega sistema:<\/strong>\n<ul>\n<li>Hidravli\u010dni valj priklju\u010dite na hidravli\u010dni sistem z uporabo zdru\u017eljive hidravli\u010dne cevi ali cevi.<\/li>\n<li>Zagotovite pravilno poravnavo in varne povezave, da prepre\u010dite pu\u0161\u010danje in zagotovite optimalno delovanje.<\/li>\n<\/ul>\n<\/li>\n<li><strong>Upravljanje cilindra:<\/strong>\n<ul>\n<li>Za\u017eenite hidravli\u010dni sistem in za\u017eenite premikanje enojnega cilindra HROC.<\/li>\n<li>Hidravli\u010dni krmilni sistem natan\u010dno nadzoruje izteg, vle\u010denje in pozicioniranje cilindra za doseganje u\u010dinkovitega delovanja.<\/li>\n<\/ul>\n<\/li>\n<\/ol>\n<h2><strong>Kro\u017eni hidravli\u010dni cilinder HROC Single Trunnion Type <\/strong><strong>Zna\u010dilnosti<\/strong><strong>:<\/strong><\/h2>\n<ul>\n<li><strong>Inovativna zasnova:<\/strong>\u00a0 Enojni valj HROC z ro\u010dnim le\u017eajem ima najsodobnej\u0161o zasnovo, ki maksimizira zmogljivost, u\u010dinkovitost in vzdr\u017eljivost.<\/li>\n<li><strong>Natan\u010den nadzor:<\/strong>\u00a0 Ta hidravli\u010dni cilinder zagotavlja vrhunski nadzor gibanja in pozicioniranja, kar omogo\u010da natan\u010dno in u\u010dinkovito delovanje.<\/li>\n<li><strong>Visoka nosilnost:<\/strong>\u00a0 Enojni cilindri HROC so zasnovani za prena\u0161anje te\u017ekih obremenitev in zahtevne industrijske aplikacije.<\/li>\n<li><strong>Vsestranske uporabe:<\/strong>\u00a0 Hidravli\u010dni cilinder ima univerzalno zasnovo, ki je primerna za proizvodnjo, gradbeni\u0161tvo, ravnanje z materiali in druge panoge.<\/li>\n<li><strong>Zanesljivost in vzdr\u017eljivost:<\/strong>\u00a0 Enojni cilindri HROC z ro\u010dnim le\u017eajem prenesejo te\u017eke obratovalne pogoje, zagotavljajo dolgotrajno delovanje in zmanj\u0161ujejo \u010das izpada.<\/li>\n<li><strong>Gladko delovanje:<\/strong>\u00a0 Cilinder zagotavlja gladko in zanesljivo delovanje ter zmanj\u0161uje vibracije in hrup med hidravli\u010dnim gibanjem.<\/li>\n<\/ul>\n<h2><strong>Kako te\u017eko je obnoviti hidravli\u010dni cilinder?<\/strong><\/h2>\n<p>Obnova hidravli\u010dnega cilindra je lahko zapletena naloga, ki zahteva mehansko znanje, izku\u0161nje in pravo orodje. Stopnja te\u017eavnosti postopka se lahko razlikuje glede na specifi\u010dno zasnovo in stanje cilindra. Upo\u0161tevati je treba nekaj dejavnikov:<\/p>\n<ol>\n<li><strong>Strokovno znanje in izku\u0161nje:<\/strong><br \/>\nObnova hidravli\u010dnega cilindra zahteva dobro razumevanje njegovih komponent, delovanja in sestave. Postopek je morda la\u017eje obvladljiv, \u010de imate izku\u0161nje z delom s hidravli\u010dnimi sistemi ali ste \u017ee kdaj obnavljali hidravli\u010dne cilindre. Vendar pa je priporo\u010dljivo poiskati strokovno pomo\u010d ali nasvet, \u010de ste na podro\u010dju hidravli\u010dnih sistemov novi.<\/li>\n<li><strong>Zasnova cilindra:<\/strong><br \/>\nKompleksnost obnove hidravli\u010dnega cilindra je lahko odvisna od njegove zasnove. Nekateri cilindri imajo preprostej\u0161o konstrukcijo z manj notranjimi komponentami, zaradi \u010desar jih je relativno la\u017eje obnoviti. Vendar pa so lahko naprednej\u0161e tehnike, kot so tiste z ve\u010d stopnjami ali integriranimi funkcijami, bolj zapletene in zahtevne za pravilno razstavljanje, ponovno tesnjenje in ponovno sestavljanje.<\/li>\n<li><strong>Stanje cilindra:<\/strong><br \/>\nSplo\u0161no stanje hidravli\u010dnega cilindra vpliva tudi na postopek obnove. \u010ce je valj hudo po\u0161kodovan, mo\u010dno obrabljen ali korodiran, bodo morda potrebna dodatna popravila ali zamenjava delov, kar lahko pove\u010da zapletenost obnove. Predhodna ocena stanja cilindra bo pomagala dolo\u010diti obseg potrebnega dela.<\/li>\n<li><strong>Orodja in oprema:<\/strong><br \/>\nObnova hidravli\u010dnega cilindra pogosto zahteva specializirano orodje in opremo. Sem spadajo hidravli\u010dne stiskalnice, orodje za namestitev tesnil, kle\u0161\u010de za varovalne obro\u010de in momentni klju\u010di. Za uspe\u0161no obnovo je klju\u010dnega pomena imeti potrebno orodje in ga pravilno uporabljati.<\/li>\n<li><strong>Zamenjava in monta\u017ea tesnila:<\/strong><br \/>\nEden od klju\u010dnih korakov pri obnovi hidravli\u010dnega cilindra je zamenjava tesnil. Zagotavljanje pravilne izbire in namestitve tesnil je bistvenega pomena za pravilno delovanje in prepre\u010devanje pu\u0161\u010danja. Zahteva natan\u010dnost in pozornost do podrobnosti. Poleg tega je za optimalno delovanje klju\u010dnega pomena ponovna monta\u017ea komponent cilindra v pravilnem vrstnem redu in poravnava.<\/li>\n<li><strong>Testiranje in preverjanje:<\/strong><br \/>\nPo obnovi hidravli\u010dnega cilindra je nujno opraviti temeljito testiranje, da se zagotovi njegovo pravilno delovanje. To lahko vklju\u010duje tla\u010dno testiranje, preverjanje pu\u0161\u010danja ter preverjanje obsega gibanja in delovanja cilindra. Pravilno testiranje pomaga prepoznati te\u017eave in zagotavlja varnost in zanesljivost cilindra.<\/li>\n<\/ol>\n<h2><strong>Zmogljivost in zmogljivost tovarne:<\/strong><\/h2>\n<h3>(1) Sestavljanje<\/h3>\n<p>Imamo prvovrstno neodvisno platformo za raziskave in razvoj. Delavnica za proizvodnjo hidravli\u010dnih cilindrov ima \u0161tiri polavtomatske monta\u017ene linije za dvi\u017ene cilindre in eno avtomatsko monta\u017eno linijo za nagibne cilindre z letno proizvodno zmogljivostjo 1 milijona kosov. Delavnica za posebne cilindre je opremljena z razli\u010dnimi specifikacijami polavtomatskega sistema za \u010di\u0161\u010denje in monta\u017eo z letno proizvodno zmogljivostjo 200.000 kosov ter znano CNC obdelovalno opremo, obdelovalnim centrom, visoko precizno posebno opremo za obdelavo cilindrov, robotskim varilnim strojem, avtomatskim \u010distilnim strojem, avtomatskim strojem za monta\u017eo cilindrov in avtomatsko proizvodno linijo za barvanje. Obstoje\u010da kriti\u010dna oprema obsega ve\u010d kot 300 kompletov (kompletov). Optimalna razporeditev in u\u010dinkovita uporaba opremnih virov zagotavljata zahteve glede natan\u010dnosti izdelkov in izpolnjujeta visoke zahteve glede kakovosti izdelkov.<\/p>\n<p><img loading=\"lazy\" decoding=\"async\" class=\"alignnone wp-image-626\" src=\"https:\/\/hydraulic-cylinders.net\/wp-content\/uploads\/2023\/08\/hydraulic-cylinder-product-1-300x158.webp\" alt=\"\" width=\"495\" height=\"260\" srcset=\"https:\/\/hydraulic-cylinders.net\/wp-content\/uploads\/2023\/08\/hydraulic-cylinder-product-1-300x158.webp 495w, https:\/\/hydraulic-cylinders.net\/wp-content\/uploads\/2023\/08\/hydraulic-cylinder-product-1-480x252.webp 480w\" sizes=\"(min-width: 0px) and (max-width: 480px) 480px, (min-width: 481px) 495px, 100vw\" \/> <img loading=\"lazy\" decoding=\"async\" class=\"alignnone wp-image-627\" src=\"https:\/\/hydraulic-cylinders.net\/wp-content\/uploads\/2023\/08\/hydraulic-cylinder-product-2-300x189.webp\" alt=\"\" width=\"413\" height=\"260\" \/><\/p>\n<h3>(2) Strojna obdelava<\/h3>\n<p>Strojna delavnica je opremljena s prilagojenim centrom za stru\u017eenje nagnjenih tirnic, obdelovalnim centrom, visokohitrostnim strojem za honanje, varilnim robotom in drugo sorodno opremo, ki lahko obdeluje cilindri\u010dne cevi z najve\u010djim notranjim premerom 400 mm in najve\u010djo dol\u017eino 6 metrov.<\/p>\n<p><img loading=\"lazy\" decoding=\"async\" class=\"alignnone wp-image-628 size-large\" src=\"https:\/\/hydraulic-cylinders.net\/wp-content\/uploads\/2023\/08\/hydraulic-cylinder-product-3-1024x391.webp\" alt=\"\" width=\"1024\" height=\"391\" srcset=\"https:\/\/hydraulic-cylinders.net\/wp-content\/uploads\/2023\/08\/hydraulic-cylinder-product-3-980x374.webp 980w, https:\/\/hydraulic-cylinders.net\/wp-content\/uploads\/2023\/08\/hydraulic-cylinder-product-3-480x183.webp 480w\" sizes=\"(min-width: 0px) and (max-width: 480px) 480px, (min-width: 481px) and (max-width: 980px) 980px, (min-width: 981px) 1024px, 100vw\" \/><\/p>\n<h3>(3) Varjenje<\/h3>\n<p><img loading=\"lazy\" decoding=\"async\" class=\"alignnone wp-image-629 size-large\" src=\"https:\/\/hydraulic-cylinders.net\/wp-content\/uploads\/2023\/08\/hydraulic-cylinder-product-4-1024x510.webp\" alt=\"\" width=\"1024\" height=\"510\" srcset=\"https:\/\/hydraulic-cylinders.net\/wp-content\/uploads\/2023\/08\/hydraulic-cylinder-product-4-980x488.webp 980w, https:\/\/hydraulic-cylinders.net\/wp-content\/uploads\/2023\/08\/hydraulic-cylinder-product-4-480x239.webp 480w\" sizes=\"(min-width: 0px) and (max-width: 480px) 480px, (min-width: 481px) and (max-width: 980px) 980px, (min-width: 981px) 1024px, 100vw\" \/><\/p>\n<h3>(4) Barvanje in premazovanje<\/h3>\n<p>Z majhnimi in srednje velikimi cilindri\u010dnimi avtomatskimi linijami za barvanje na vodni osnovi, za doseganje avtomatskega nakladanja in razkladanja robotov ter avtomatskega brizganja, je projektna zmogljivost 4000 kosov na izmeno;<br \/>\nImamo tudi polavtomatsko linijo za proizvodnjo barv za velike jeklenke, ki jo poganja veriga, s projektno zmogljivostjo 60 zabojev na izmeno.<\/p>\n<p><img loading=\"lazy\" decoding=\"async\" class=\"alignnone wp-image-630\" src=\"https:\/\/hydraulic-cylinders.net\/wp-content\/uploads\/2023\/08\/hydraulic-cylinder-product-5-300x213.webp\" alt=\"\" width=\"366\" height=\"260\" \/> <img loading=\"lazy\" decoding=\"async\" class=\"alignnone wp-image-631\" src=\"https:\/\/hydraulic-cylinders.net\/wp-content\/uploads\/2023\/08\/hydraulic-cylinder-product-6-300x225.webp\" alt=\"\" width=\"347\" height=\"260\" \/><\/p>\n<h3>(5) Testiranje<\/h3>\n<p>Imamo prvovrstne in\u0161pekcijske prostore in testne postaje, s katerimi zagotavljamo, da delovanje jeklenke izpolnjuje zahteve.<\/p>\n<p><img loading=\"lazy\" decoding=\"async\" class=\"alignnone wp-image-632\" src=\"https:\/\/hydraulic-cylinders.net\/wp-content\/uploads\/2023\/08\/hydraulic-cylinder-product-8-300x200.webp\" alt=\"\" width=\"389\" height=\"260\" \/><\/p>\n<p>&nbsp;<\/p>\n<p>&nbsp;<\/p>\n<p>Smo eden najbolj\u0161ih proizvajalcev metalur\u0161kih hidravli\u010dnih cilindrov. Ponujamo vam celovito zalogo metalur\u0161kih hidravli\u010dnih cilindrov. Zagotavljamo tudi ustrezne <a href=\"https:\/\/hzpt.com\/agricultural-pto-gearbox\/\" target=\"_blank\" rel=\"noopener\">kmetijski menjalniki<\/a>Na\u0161e izdelke smo izvozili strankam po vsem svetu in si prislu\u017eili dober ugled zaradi vrhunske kakovosti izdelkov in poprodajnih storitev. Z veseljem vas vabimo, da nas kontaktirate za poslovne dogovore, izmenjavo informacij in ... <a href=\"https:\/\/www.hydraulic-cylinders.net\/sl\/contact-us\/\">sodelujte z nami<\/a>!<\/p>\n<h2><\/h2>\n<h2><\/h2>","protected":false},"excerpt":{"rendered":"<p>HROC Single Trunnion Type Circular Hydraulic Cylinder The HROC single trunnion type circular hydraulic cylinder is a cutting-edge hydraulic element designed to provide reliable and efficient power transmission for a variety of industrial applications. With its innovative design and superior performance, this hydraulic cylinder offers precise control, durability, and versatility. Whether in manufacturing, construction, or [&hellip;]<\/p>","protected":false},"featured_media":1258,"comment_status":"open","ping_status":"closed","template":"","meta":{"_et_pb_use_builder":"","_et_pb_old_content":"","_et_gb_content_width":""},"product_brand":[],"product_cat":[1526,1550,1376],"product_tag":[1380],"class_list":{"0":"post-1243","1":"product","2":"type-product","3":"status-publish","4":"has-post-thumbnail","6":"product_cat-assembly-line-hydraulic-cylinders","7":"product_cat-double-acting-hydraulic-cylinder","8":"product_cat-hydraulic-cylinder","9":"product_tag-hydraulic-cylinder","11":"first","12":"instock","13":"shipping-taxable","14":"product-type-simple"},"amp_enabled":true,"_links":{"self":[{"href":"https:\/\/www.hydraulic-cylinders.net\/sl\/wp-json\/wp\/v2\/product\/1243","targetHints":{"allow":["GET"]}}],"collection":[{"href":"https:\/\/www.hydraulic-cylinders.net\/sl\/wp-json\/wp\/v2\/product"}],"about":[{"href":"https:\/\/www.hydraulic-cylinders.net\/sl\/wp-json\/wp\/v2\/types\/product"}],"replies":[{"embeddable":true,"href":"https:\/\/www.hydraulic-cylinders.net\/sl\/wp-json\/wp\/v2\/comments?post=1243"}],"wp:featuredmedia":[{"embeddable":true,"href":"https:\/\/www.hydraulic-cylinders.net\/sl\/wp-json\/wp\/v2\/media\/1258"}],"wp:attachment":[{"href":"https:\/\/www.hydraulic-cylinders.net\/sl\/wp-json\/wp\/v2\/media?parent=1243"}],"wp:term":[{"taxonomy":"product_brand","embeddable":true,"href":"https:\/\/www.hydraulic-cylinders.net\/sl\/wp-json\/wp\/v2\/product_brand?post=1243"},{"taxonomy":"product_cat","embeddable":true,"href":"https:\/\/www.hydraulic-cylinders.net\/sl\/wp-json\/wp\/v2\/product_cat?post=1243"},{"taxonomy":"product_tag","embeddable":true,"href":"https:\/\/www.hydraulic-cylinders.net\/sl\/wp-json\/wp\/v2\/product_tag?post=1243"}],"curies":[{"name":"delovni list","href":"https:\/\/api.w.org\/{rel}","templated":true}]}}