{"id":1250,"date":"2023-09-14T08:25:27","date_gmt":"2023-09-14T08:25:27","guid":{"rendered":"https:\/\/hydraulic-cylinders.net\/?post_type=product&#038;p=1250"},"modified":"2025-04-11T05:26:06","modified_gmt":"2025-04-11T05:26:06","slug":"hroe-rear-flange-type-circular-hydraulic-cylinder","status":"publish","type":"product","link":"https:\/\/www.hydraulic-cylinders.net\/sl\/izdelek\/hroe-rear-flange-type-circular-hydraulic-cylinder\/","title":{"rendered":"Hidravli\u010dni cilinder HROE z zadnjo prirobnico"},"content":{"rendered":"<h1 style=\"text-align: center;\"><strong>Hidravli\u010dni cilinder HROE z zadnjo prirobnico<\/strong><\/h1>\n<p>Kro\u017eni hidravli\u010dni cilinder HROE z zadnjo prirobnico je vrhunski hidravli\u010dni element, zasnovan za zagotavljanje zanesljivega in u\u010dinkovitega prenosa mo\u010di za \u0161irok spekter industrijskih aplikacij. S svojo inovativno zasnovo in vrhunsko zmogljivostjo ta hidravli\u010dni cilinder ponuja natan\u010den nadzor, vzdr\u017eljivost in vsestranskost. Ne glede na to, ali gre za proizvodnjo, gradbeni\u0161tvo ali ravnanje z materiali, zadnja prirobnica HROE optimizira hidravli\u010dno delovanje in pove\u010duje produktivnost.<\/p>\n<p>Okrogli valj serije HRO je varen in stabilen, ima odli\u010den izhod, enostavno vzdr\u017eevanje, lep videz, visoko kakovost, primeren za vse vrste stiskalnic.<\/p>\n<p><img loading=\"lazy\" decoding=\"async\" class=\"aligncenter wp-image-1251\" src=\"https:\/\/hydraulic-cylinders.net\/wp-content\/uploads\/2023\/09\/hro-circular-hydraulic-cylinder-9-1-300x300.webp\" alt=\"\" width=\"400\" height=\"400\" \/><\/p>\n<h2><strong>Karakteristi\u010dni podatki kro\u017enega hidravli\u010dnega cilindra tipa HROA:<\/strong><\/h2>\n<p><img loading=\"lazy\" decoding=\"async\" class=\"alignnone wp-image-1234 size-full\" src=\"https:\/\/hydraulic-cylinders.net\/wp-content\/uploads\/2023\/09\/hro-circular-hydraulic-cylinder-1-1-1.webp\" alt=\"\" width=\"1428\" height=\"436\" srcset=\"https:\/\/hydraulic-cylinders.net\/wp-content\/uploads\/2023\/09\/hro-circular-hydraulic-cylinder-1-1-1.webp 1428w, https:\/\/hydraulic-cylinders.net\/wp-content\/uploads\/2023\/09\/hro-circular-hydraulic-cylinder-1-1-1-1280x391.webp 1280w, https:\/\/hydraulic-cylinders.net\/wp-content\/uploads\/2023\/09\/hro-circular-hydraulic-cylinder-1-1-1-980x299.webp 980w, https:\/\/hydraulic-cylinders.net\/wp-content\/uploads\/2023\/09\/hro-circular-hydraulic-cylinder-1-1-1-480x147.webp 480w\" sizes=\"(min-width: 0px) and (max-width: 480px) 480px, (min-width: 481px) and (max-width: 980px) 980px, (min-width: 981px) and (max-width: 1280px) 1280px, (min-width: 1281px) 1428px, 100vw\" \/><\/p>\n<h2><strong>Diagram strukture kro\u017enega hidravli\u010dnega cilindra tipa HROA:<\/strong><\/h2>\n<p><img loading=\"lazy\" decoding=\"async\" class=\"alignnone wp-image-1235 size-full\" src=\"https:\/\/hydraulic-cylinders.net\/wp-content\/uploads\/2023\/09\/hro-circular-hydraulic-cylinder-2-1.webp\" alt=\"\" width=\"1404\" height=\"889\" srcset=\"https:\/\/hydraulic-cylinders.net\/wp-content\/uploads\/2023\/09\/hro-circular-hydraulic-cylinder-2-1.webp 1404w, https:\/\/hydraulic-cylinders.net\/wp-content\/uploads\/2023\/09\/hro-circular-hydraulic-cylinder-2-1-1280x810.webp 1280w, https:\/\/hydraulic-cylinders.net\/wp-content\/uploads\/2023\/09\/hro-circular-hydraulic-cylinder-2-1-980x621.webp 980w, https:\/\/hydraulic-cylinders.net\/wp-content\/uploads\/2023\/09\/hro-circular-hydraulic-cylinder-2-1-480x304.webp 480w\" sizes=\"(min-width: 0px) and (max-width: 480px) 480px, (min-width: 481px) and (max-width: 980px) 980px, (min-width: 981px) and (max-width: 1280px) 1280px, (min-width: 1281px) 1404px, 100vw\" \/><\/p>\n<h2><strong>Parameter kro\u017enega hidravli\u010dnega cilindra z zadnjo prirobnico HROE:<\/strong> <img loading=\"lazy\" decoding=\"async\" class=\"alignnone wp-image-1252 size-full\" src=\"https:\/\/hydraulic-cylinders.net\/wp-content\/uploads\/2023\/09\/hro-circular-hydraulic-cylinder-9.webp\" alt=\"\" width=\"1452\" height=\"1221\" srcset=\"https:\/\/hydraulic-cylinders.net\/wp-content\/uploads\/2023\/09\/hro-circular-hydraulic-cylinder-9.webp 1452w, https:\/\/hydraulic-cylinders.net\/wp-content\/uploads\/2023\/09\/hro-circular-hydraulic-cylinder-9-1280x1076.webp 1280w, https:\/\/hydraulic-cylinders.net\/wp-content\/uploads\/2023\/09\/hro-circular-hydraulic-cylinder-9-980x824.webp 980w, https:\/\/hydraulic-cylinders.net\/wp-content\/uploads\/2023\/09\/hro-circular-hydraulic-cylinder-9-480x404.webp 480w\" sizes=\"(min-width: 0px) and (max-width: 480px) 480px, (min-width: 481px) and (max-width: 980px) 980px, (min-width: 981px) and (max-width: 1280px) 1280px, (min-width: 1281px) 1452px, 100vw\" \/><\/h2>\n<h2><strong>Hidravli\u010dni cilinder HROE z zadnjo prirobnico <\/strong><strong>Specifikacijski list za tip zunanjega zoba:<\/strong><\/h2>\n<h2><img loading=\"lazy\" decoding=\"async\" class=\"alignnone wp-image-1253 size-full\" src=\"https:\/\/hydraulic-cylinders.net\/wp-content\/uploads\/2023\/09\/hro-circular-hydraulic-cylinder-10.webp\" alt=\"\" width=\"1406\" height=\"491\" srcset=\"https:\/\/hydraulic-cylinders.net\/wp-content\/uploads\/2023\/09\/hro-circular-hydraulic-cylinder-10.webp 1406w, https:\/\/hydraulic-cylinders.net\/wp-content\/uploads\/2023\/09\/hro-circular-hydraulic-cylinder-10-1280x447.webp 1280w, https:\/\/hydraulic-cylinders.net\/wp-content\/uploads\/2023\/09\/hro-circular-hydraulic-cylinder-10-980x342.webp 980w, https:\/\/hydraulic-cylinders.net\/wp-content\/uploads\/2023\/09\/hro-circular-hydraulic-cylinder-10-480x168.webp 480w\" sizes=\"(min-width: 0px) and (max-width: 480px) 480px, (min-width: 481px) and (max-width: 980px) 980px, (min-width: 981px) and (max-width: 1280px) 1280px, (min-width: 1281px) 1406px, 100vw\" \/><\/h2>\n<h2><strong>Hidravli\u010dni cilinder HROE z zadnjo prirobnico <\/strong><strong>Na\u010din uporabe<\/strong><strong>:<\/strong><\/h2>\n<ol>\n<li><strong>Monta\u017ea in namestitev:<\/strong>\n<ul>\n<li>Dolo\u010dite ustrezen polo\u017eaj monta\u017ee za zadnji prirobni\u010dni valj HROE glede na specifi\u010dne zahteve va\u0161e opreme ali strojev.<\/li>\n<li>Prepri\u010dajte se, da je monta\u017ena povr\u0161ina trdna, ravna in da lahko varno podpira te\u017eo in obremenitev jeklenke.<\/li>\n<\/ul>\n<\/li>\n<li><strong>Priklju\u010dek hidravli\u010dnega sistema:<\/strong>\n<ul>\n<li>Hidravli\u010dni valj priklju\u010dite na hidravli\u010dni sistem z uporabo zdru\u017eljivih hidravli\u010dnih cevi ali cevi.<\/li>\n<li>Zagotovite pravilno poravnavo in varne povezave, da prepre\u010dite pu\u0161\u010danje in zagotovite optimalno delovanje.<\/li>\n<\/ul>\n<\/li>\n<li><strong>Upravljanje cilindra:<\/strong>\n<ul>\n<li>Aktivirajte hidravli\u010dni sistem, da spro\u017eite premikanje zadnjega prirobni\u010dnega cilindra HROE.<\/li>\n<li>Za u\u010dinkovito delovanje uporabite hidravli\u010dni krmilni sistem za natan\u010den nadzor iztegovanja, vvla\u010devanja in pozicioniranja cilindra.<\/li>\n<\/ul>\n<\/li>\n<\/ol>\n<h2><strong>Zna\u010dilnosti kro\u017enega hidravli\u010dnega cilindra z zadnjo prirobnico HROE:<\/strong><\/h2>\n<ul>\n<li><strong>Inovativna zasnova:<\/strong>\u00a0 Zadnji prirobni\u010dni valj HROE ima najsodobnej\u0161o zasnovo, ki maksimizira zmogljivost, u\u010dinkovitost in vzdr\u017eljivost.<\/li>\n<li><strong>Natan\u010den nadzor:<\/strong>\u00a0 Ta hidravli\u010dni cilinder zagotavlja vrhunski nadzor gibanja in pozicioniranja, kar omogo\u010da natan\u010dno in u\u010dinkovito delovanje.<\/li>\n<li><strong>Visoka nosilnost:<\/strong>\u00a0 Cilindri HROE z zadnjo prirobnico so zasnovani za prena\u0161anje te\u017ekih obremenitev in zahtevne industrijske aplikacije.<\/li>\n<li><strong>Vsestranske uporabe:<\/strong>\u00a0 Hidravli\u010dni cilinder ima univerzalno zasnovo, ki je primerna za proizvodnjo, gradbeni\u0161tvo, ravnanje z materiali in druge panoge.<\/li>\n<li><strong>Zanesljivost in vzdr\u017eljivost:<\/strong>\u00a0 Cilindri HROE z zadnjo prirobnico lahko prenesejo te\u017eke obratovalne pogoje, kar zagotavlja dolgotrajno delovanje in zmanj\u0161uje \u010das izpada.<\/li>\n<li><strong>Gladko delovanje:<\/strong>\u00a0 Cilinder zagotavlja gladko in zanesljivo delovanje ter zmanj\u0161uje vibracije in hrup med hidravli\u010dnim gibanjem.<\/li>\n<\/ul>\n<h2><strong>Kako odstraniti hidravli\u010dni cilinder s \u010delnega nakladalnika?<\/strong><\/h2>\n<p>Odstranjevanje hidravli\u010dnega cilindra s \u010delnega nakladalnika zahteva skrbno pripravo in izvedbo. Tukaj je navodilo po korakih, ki vam bo pomagalo pri tem postopku:<\/p>\n<ol>\n<li><strong>Varnost na prvem mestu:<\/strong>\n<ul>\n<li>Pred za\u010detkom dela se prepri\u010dajte, da je \u010delni nakladalnik parkiran na ravni povr\u0161ini in da je motor izklopljen.<\/li>\n<li>Zategnite parkirno zavoro in za zadnjimi kolesi namestite zagozde, da prepre\u010dite nenamerno premikanje.<\/li>\n<li>Nosite ustrezno osebno za\u0161\u010ditno opremo (OZO), vklju\u010dno z rokavicami in za\u0161\u010ditnimi o\u010dali.<\/li>\n<\/ul>\n<\/li>\n<li><strong>Prepoznajte valj:<\/strong>\n<ul>\n<li>Poi\u0161\u010dite hidravli\u010dni valj, ki ga nameravate odstraniti. Povezan bo s hidravli\u010dnim sistemom nakladalnika in pritrjen na dolo\u010dene pritrdilne to\u010dke.<\/li>\n<\/ul>\n<\/li>\n<li><strong>Sprostite hidravli\u010dni tlak:<\/strong>\n<ul>\n<li>Da bi se izognili nenadnim premikom ali morebitnim po\u0161kodbam, pred odklopom cilindra sprostite hidravli\u010dni tlak v sistemu.<\/li>\n<li>Za\u017eenite motor in s hidravli\u010dnimi krmilnimi elementi nakladalnika premaknite \u017elico ali priklju\u010dek v popolnoma iztegnjen ali dvignjen polo\u017eaj.<\/li>\n<li>Ugasnite motor in sprostite preostali tlak tako, da nekajkrat pritisnete na hidravli\u010dne krmilne elemente.<\/li>\n<\/ul>\n<\/li>\n<li><strong>Odklopite hidravli\u010dne priklju\u010dke:<\/strong>\n<ul>\n<li>Poi\u0161\u010dite hidravli\u010dne cevi ali vode, priklju\u010dene na valj. Te so obi\u010dajno pritrjene s fitingi, vijaki ali hitrosprostitvenimi spojkami.<\/li>\n<li>Previdno zrahljajte in odklopite hidravli\u010dne priklju\u010dke z ustreznim orodjem, kot je potrebno.<\/li>\n<li>Bodite pripravljeni na morebitno pu\u0161\u010danje hidravli\u010dne teko\u010dine, zato imejte pripravljeno posodo za zbiranje teko\u010dine ali vpojni material, da zmanj\u0161ate razlitje.<\/li>\n<\/ul>\n<\/li>\n<li><strong>Odstranite monta\u017eno opremo:<\/strong>\n<ul>\n<li>Dolo\u010dite pritrdilne to\u010dke, kjer je valj pritrjen na konstrukcijo nakladalnika. To lahko vklju\u010dujejo zati\u010de, vijake ali nosilce.<\/li>\n<li>Z ustreznim orodjem odstranite vse pritrdilne zati\u010de ali vijake, s katerimi je valj pritrjen na nakladalnik.<\/li>\n<li>Med odstranjevanjem strojne opreme jo spremljajte in se prepri\u010dajte, da je ne zalo\u017eite ali izgubite.<\/li>\n<\/ul>\n<\/li>\n<li><strong>Odstranite valj:<\/strong>\n<ul>\n<li>Ko so hidravli\u010dne povezave in pritrdilni material odstranjeni, bi moral biti valj zdaj prosto snemljiv.<\/li>\n<li>Previdno potisnite ali premaknite valj iz njegovega monta\u017enega polo\u017eaja, pri \u010demer ne po\u0161kodujte okoli\u0161kih komponent ali hidravli\u010dnih cevi.<\/li>\n<li>Za varno premikanje in odstranjevanje jeklenke z nakladalnika uporabite dvi\u017eno opremo ali pomo\u010d.<\/li>\n<\/ul>\n<\/li>\n<li><strong>Pravilno shranjevanje in vzdr\u017eevanje:<\/strong>\n<ul>\n<li>Ko je valj odstranjen, ga preglejte glede morebitnih znakov po\u0161kodb ali obrabe. Po potrebi zamenjajte morebitna obrabljena tesnila ali komponente.<\/li>\n<li>Hidravli\u010dni valj shranjujte v \u010distem in suhem prostoru, za\u0161\u010ditenem pred prahom, vlago in ekstremnimi temperaturami.<\/li>\n<li>\u010ce jeklenka potrebuje nadaljnje servisiranje, se posvetujte z navodili proizvajalca ali poi\u0161\u010dite strokovno pomo\u010d.<\/li>\n<\/ul>\n<\/li>\n<\/ol>\n<ol>\n<li style=\"list-style-type: none;\"><\/li>\n<\/ol>\n<h2><strong>Zmogljivost in zmogljivost tovarne:<\/strong><\/h2>\n<h3>(1) Sestavljanje<\/h3>\n<p>Imamo prvovrstno neodvisno platformo za raziskave in razvoj. Delavnica za proizvodnjo hidravli\u010dnih cilindrov ima \u0161tiri polavtomatske monta\u017ene linije za dvi\u017ene cilindre in eno avtomatsko monta\u017eno linijo za nagibne cilindre z letno proizvodno zmogljivostjo 1 milijona kosov. Delavnica za posebne cilindre je opremljena z razli\u010dnimi specifikacijami polavtomatskega sistema za \u010di\u0161\u010denje in monta\u017eo z letno proizvodno zmogljivostjo 200.000 kosov ter znano CNC obdelovalno opremo, obdelovalnim centrom, visoko precizno posebno opremo za obdelavo cilindrov, robotskim varilnim strojem, avtomatskim \u010distilnim strojem, avtomatskim strojem za monta\u017eo cilindrov in avtomatsko proizvodno linijo za barvanje. Obstoje\u010da kriti\u010dna oprema obsega ve\u010d kot 300 kompletov (kompletov). Optimalna razporeditev in u\u010dinkovita uporaba opremnih virov zagotavljata zahteve glede natan\u010dnosti izdelkov in izpolnjujeta visoke zahteve glede kakovosti izdelkov.<\/p>\n<p><img loading=\"lazy\" decoding=\"async\" class=\"alignnone wp-image-626\" src=\"https:\/\/hydraulic-cylinders.net\/wp-content\/uploads\/2023\/08\/hydraulic-cylinder-product-1-300x158.webp\" alt=\"\" width=\"495\" height=\"260\" srcset=\"https:\/\/hydraulic-cylinders.net\/wp-content\/uploads\/2023\/08\/hydraulic-cylinder-product-1-300x158.webp 495w, https:\/\/hydraulic-cylinders.net\/wp-content\/uploads\/2023\/08\/hydraulic-cylinder-product-1-480x252.webp 480w\" sizes=\"(min-width: 0px) and (max-width: 480px) 480px, (min-width: 481px) 495px, 100vw\" \/> <img loading=\"lazy\" decoding=\"async\" class=\"alignnone wp-image-627\" src=\"https:\/\/hydraulic-cylinders.net\/wp-content\/uploads\/2023\/08\/hydraulic-cylinder-product-2-300x189.webp\" alt=\"\" width=\"413\" height=\"260\" \/><\/p>\n<h3>(2) Strojna obdelava<\/h3>\n<p>Strojna delavnica je opremljena s prilagojenim centrom za stru\u017eenje nagnjenih tirnic, obdelovalnim centrom, visokohitrostnim strojem za honanje, varilnim robotom in drugo sorodno opremo, ki lahko obdeluje cilindri\u010dne cevi z najve\u010djim notranjim premerom 400 mm in najve\u010djo dol\u017eino 6 metrov.<\/p>\n<p><img loading=\"lazy\" decoding=\"async\" class=\"alignnone wp-image-628 size-large\" src=\"https:\/\/hydraulic-cylinders.net\/wp-content\/uploads\/2023\/08\/hydraulic-cylinder-product-3-1024x391.webp\" alt=\"\" width=\"1024\" height=\"391\" srcset=\"https:\/\/hydraulic-cylinders.net\/wp-content\/uploads\/2023\/08\/hydraulic-cylinder-product-3-980x374.webp 980w, https:\/\/hydraulic-cylinders.net\/wp-content\/uploads\/2023\/08\/hydraulic-cylinder-product-3-480x183.webp 480w\" sizes=\"(min-width: 0px) and (max-width: 480px) 480px, (min-width: 481px) and (max-width: 980px) 980px, (min-width: 981px) 1024px, 100vw\" \/><\/p>\n<h3>(3) Varjenje<\/h3>\n<p><img loading=\"lazy\" decoding=\"async\" class=\"alignnone wp-image-629 size-large\" src=\"https:\/\/hydraulic-cylinders.net\/wp-content\/uploads\/2023\/08\/hydraulic-cylinder-product-4-1024x510.webp\" alt=\"\" width=\"1024\" height=\"510\" srcset=\"https:\/\/hydraulic-cylinders.net\/wp-content\/uploads\/2023\/08\/hydraulic-cylinder-product-4-980x488.webp 980w, https:\/\/hydraulic-cylinders.net\/wp-content\/uploads\/2023\/08\/hydraulic-cylinder-product-4-480x239.webp 480w\" sizes=\"(min-width: 0px) and (max-width: 480px) 480px, (min-width: 481px) and (max-width: 980px) 980px, (min-width: 981px) 1024px, 100vw\" \/><\/p>\n<h3>(4) Barvanje in premazovanje<\/h3>\n<p>Z majhnimi in srednje velikimi cilindri\u010dnimi avtomatskimi linijami za barvanje na vodni osnovi, za doseganje avtomatskega nakladanja in razkladanja robotov ter avtomatskega brizganja, je projektna zmogljivost 4000 kosov na izmeno;<br \/>\nImamo tudi polavtomatsko linijo za proizvodnjo barv za velike jeklenke, ki jo poganja veriga, s projektno zmogljivostjo 60 zabojev na izmeno.<\/p>\n<p><img loading=\"lazy\" decoding=\"async\" class=\"alignnone wp-image-630\" src=\"https:\/\/hydraulic-cylinders.net\/wp-content\/uploads\/2023\/08\/hydraulic-cylinder-product-5-300x213.webp\" alt=\"\" width=\"366\" height=\"260\" \/> <img loading=\"lazy\" decoding=\"async\" class=\"alignnone wp-image-631\" src=\"https:\/\/hydraulic-cylinders.net\/wp-content\/uploads\/2023\/08\/hydraulic-cylinder-product-6-300x225.webp\" alt=\"\" width=\"347\" height=\"260\" \/><\/p>\n<h3>(5) Testiranje<\/h3>\n<p>Imamo prvovrstne in\u0161pekcijske prostore in testne postaje, s katerimi zagotavljamo, da delovanje jeklenke izpolnjuje zahteve.<\/p>\n<p><img loading=\"lazy\" decoding=\"async\" class=\"alignnone wp-image-632\" src=\"https:\/\/hydraulic-cylinders.net\/wp-content\/uploads\/2023\/08\/hydraulic-cylinder-product-8-300x200.webp\" alt=\"\" width=\"389\" height=\"260\" \/><\/p>\n<p>&nbsp;<\/p>\n<p>&nbsp;<\/p>\n<p>Smo eden najbolj\u0161ih proizvajalcev metalur\u0161kih hidravli\u010dnih cilindrov. Ponujamo vam celovito zalogo metalur\u0161kih hidravli\u010dnih cilindrov. Zagotavljamo tudi ustrezne <a href=\"https:\/\/hzpt.com\/agricultural-pto-gearbox\/\" target=\"_blank\" rel=\"noopener\">kmetijski menjalniki<\/a>Na\u0161e izdelke smo izvozili strankam po vsem svetu in si prislu\u017eili dober ugled zaradi vrhunske kakovosti izdelkov in poprodajnih storitev. Z veseljem vas vabimo, da nas kontaktirate za poslovne dogovore, izmenjavo informacij in ... <a href=\"https:\/\/www.hydraulic-cylinders.net\/sl\/contact-us\/\">sodelujte z nami<\/a>!<\/p>\n<h2><\/h2>\n<h2><\/h2>\n<h2><\/h2>","protected":false},"excerpt":{"rendered":"<p>HROE Rear Flange Type Circular Hydraulic Cylinder The HROE rear flanged circular hydraulic cylinder is a cutting-edge hydraulic element designed to provide reliable and efficient power transmission for a wide range of industrial applications. With its innovative design and superior performance, this hydraulic cylinder offers precise control, durability, and versatility. Whether in manufacturing, construction, or [&hellip;]<\/p>","protected":false},"featured_media":1257,"comment_status":"open","ping_status":"closed","template":"","meta":{"_et_pb_use_builder":"","_et_pb_old_content":"","_et_gb_content_width":""},"product_brand":[],"product_cat":[1526,1550,1376],"product_tag":[1380],"class_list":{"0":"post-1250","1":"product","2":"type-product","3":"status-publish","4":"has-post-thumbnail","6":"product_cat-assembly-line-hydraulic-cylinders","7":"product_cat-double-acting-hydraulic-cylinder","8":"product_cat-hydraulic-cylinder","9":"product_tag-hydraulic-cylinder","11":"first","12":"instock","13":"shipping-taxable","14":"product-type-simple"},"amp_enabled":true,"_links":{"self":[{"href":"https:\/\/www.hydraulic-cylinders.net\/sl\/wp-json\/wp\/v2\/product\/1250","targetHints":{"allow":["GET"]}}],"collection":[{"href":"https:\/\/www.hydraulic-cylinders.net\/sl\/wp-json\/wp\/v2\/product"}],"about":[{"href":"https:\/\/www.hydraulic-cylinders.net\/sl\/wp-json\/wp\/v2\/types\/product"}],"replies":[{"embeddable":true,"href":"https:\/\/www.hydraulic-cylinders.net\/sl\/wp-json\/wp\/v2\/comments?post=1250"}],"wp:featuredmedia":[{"embeddable":true,"href":"https:\/\/www.hydraulic-cylinders.net\/sl\/wp-json\/wp\/v2\/media\/1257"}],"wp:attachment":[{"href":"https:\/\/www.hydraulic-cylinders.net\/sl\/wp-json\/wp\/v2\/media?parent=1250"}],"wp:term":[{"taxonomy":"product_brand","embeddable":true,"href":"https:\/\/www.hydraulic-cylinders.net\/sl\/wp-json\/wp\/v2\/product_brand?post=1250"},{"taxonomy":"product_cat","embeddable":true,"href":"https:\/\/www.hydraulic-cylinders.net\/sl\/wp-json\/wp\/v2\/product_cat?post=1250"},{"taxonomy":"product_tag","embeddable":true,"href":"https:\/\/www.hydraulic-cylinders.net\/sl\/wp-json\/wp\/v2\/product_tag?post=1250"}],"curies":[{"name":"delovni list","href":"https:\/\/api.w.org\/{rel}","templated":true}]}}