{"id":1266,"date":"2023-09-15T07:54:55","date_gmt":"2023-09-15T07:54:55","guid":{"rendered":"https:\/\/hydraulic-cylinders.net\/?post_type=product&#038;p=1266"},"modified":"2025-04-11T05:25:56","modified_gmt":"2025-04-11T05:25:56","slug":"cx-series-homotaxial-compact-hydraulic-cylinder","status":"publish","type":"product","link":"https:\/\/www.hydraulic-cylinders.net\/sl\/izdelek\/cx-series-homotaxial-compact-hydraulic-cylinder\/","title":{"rendered":"Homotaksialni kompaktni hidravli\u010dni cilinder serije CX"},"content":{"rendered":"<h1 style=\"text-align: center;\"><strong>Homotaksialni kompaktni hidravli\u010dni cilinder serije CX<\/strong><\/h1>\n<p>Homotaksialni kompaktni hidravli\u010dni cilinder serije CX je najsodobnej\u0161a hidravli\u010dna komponenta, zasnovana za u\u010dinkovit in zanesljiv prenos mo\u010di v \u0161irokem naboru industrijskih aplikacij. S svojo kompaktno zasnovo, vrhunsko zmogljivostjo in vzdr\u017eljivostjo ta hidravli\u010dni cilinder ponuja natan\u010den nadzor in vsestranskost. Ne glede na to, ali se uporablja v proizvodnji, ravnanju z materiali ali gradbeni\u0161tvu, je homotaksialni kompaktni hidravli\u010dni cilinder serije CX zasnovan za optimizacijo hidravli\u010dnega delovanja in pove\u010danje produktivnosti.<\/p>\n<p>Kompaktni cilindri serije CX se uporabljajo za vpenjanje cilindrov. Njihova namestitev je majhna. Na\u0161a tovarna ima napredno hidravli\u010dno opremo, vklju\u010dno z vertikalnim horizontalnim obdelovalnim centrom ter srednjimi in velikimi hidravli\u010dnimi cilindri. Tehnologija izdelave tankih cilindrov je odli\u010dna.<\/p>\n<p><img loading=\"lazy\" decoding=\"async\" class=\"size-full wp-image-1267 aligncenter\" src=\"https:\/\/hydraulic-cylinders.net\/wp-content\/uploads\/2023\/09\/cx-compact-hydraulic-cylinder-6.webp\" alt=\"\" width=\"245\" height=\"245\" srcset=\"https:\/\/www.hydraulic-cylinders.net\/wp-content\/uploads\/2023\/09\/cx-compact-hydraulic-cylinder-6.webp 245w, https:\/\/www.hydraulic-cylinders.net\/wp-content\/uploads\/2023\/09\/cx-compact-hydraulic-cylinder-6-100x100.webp 100w, https:\/\/www.hydraulic-cylinders.net\/wp-content\/uploads\/2023\/09\/cx-compact-hydraulic-cylinder-6-150x150.webp 150w, https:\/\/www.hydraulic-cylinders.net\/wp-content\/uploads\/2023\/09\/cx-compact-hydraulic-cylinder-6-12x12.webp 12w\" sizes=\"(max-width: 245px) 100vw, 245px\" \/><\/p>\n<h2><strong>Opis modela homotaksialnega kompaktnega hidravli\u010dnega cilindra serije CX:<img loading=\"lazy\" decoding=\"async\" class=\"alignnone wp-image-1269 size-full\" src=\"https:\/\/hydraulic-cylinders.net\/wp-content\/uploads\/2023\/09\/cx-compact-hydraulic-cylinder-2.webp\" alt=\"\" width=\"730\" height=\"119\" srcset=\"https:\/\/hydraulic-cylinders.net\/wp-content\/uploads\/2023\/09\/cx-compact-hydraulic-cylinder-2.webp 730w, https:\/\/hydraulic-cylinders.net\/wp-content\/uploads\/2023\/09\/cx-compact-hydraulic-cylinder-2-480x78.webp 480w\" sizes=\"(min-width: 0px) and (max-width: 480px) 480px, (min-width: 481px) 730px, 100vw\" \/>\u00a0<\/strong><\/h2>\n<h2><strong>Homotaksialni kompaktni hidravli\u010dni cilinder serije CX <\/strong><strong>Zna\u010dilnosti<\/strong>:<\/h2>\n<h2><strong><img loading=\"lazy\" decoding=\"async\" class=\"alignnone wp-image-1270 size-full\" src=\"https:\/\/hydraulic-cylinders.net\/wp-content\/uploads\/2023\/09\/cx-compact-hydraulic-cylinder-3.webp\" alt=\"\" width=\"730\" height=\"87\" srcset=\"https:\/\/hydraulic-cylinders.net\/wp-content\/uploads\/2023\/09\/cx-compact-hydraulic-cylinder-3.webp 730w, https:\/\/hydraulic-cylinders.net\/wp-content\/uploads\/2023\/09\/cx-compact-hydraulic-cylinder-3-480x57.webp 480w\" sizes=\"(min-width: 0px) and (max-width: 480px) 480px, (min-width: 481px) 730px, 100vw\" \/>\u00a0<\/strong><\/h2>\n<h2><strong>Parameter homotaksialnega kompaktnega hidravli\u010dnega cilindra serije CX:<\/strong><\/h2>\n<h2><strong><img loading=\"lazy\" decoding=\"async\" class=\"alignnone wp-image-1271 size-full\" src=\"https:\/\/hydraulic-cylinders.net\/wp-content\/uploads\/2023\/09\/cx-compact-hydraulic-cylinder-4.webp\" alt=\"\" width=\"730\" height=\"878\" srcset=\"https:\/\/hydraulic-cylinders.net\/wp-content\/uploads\/2023\/09\/cx-compact-hydraulic-cylinder-4.webp 730w, https:\/\/hydraulic-cylinders.net\/wp-content\/uploads\/2023\/09\/cx-compact-hydraulic-cylinder-4-480x577.webp 480w\" sizes=\"(min-width: 0px) and (max-width: 480px) 480px, (min-width: 481px) 730px, 100vw\" \/><\/strong><\/h2>\n<h2><strong>Homotaksialni kompaktni hidravli\u010dni cilinder serije CX <\/strong><strong>Klju\u010dne lastnosti in prednosti<\/strong><strong>:<\/strong><\/h2>\n<ol>\n<li><strong>Kompaktna zasnova:<\/strong>\n<ul>\n<li>Koaksialni kompaktni hidravli\u010dni cilindri serije CX so zasnovani tako, da zavzamejo minimalno prostora, zaradi \u010desar so idealni za aplikacije z omejenim prostorom za namestitev.<\/li>\n<li>Njegova kompaktna velikost omogo\u010da brezhibno integracijo v razli\u010dno opremo in mehanske nastavitve.<\/li>\n<\/ul>\n<\/li>\n<li><strong>Natan\u010den nadzor:<\/strong>\n<ul>\n<li>Ta hidravli\u010dni cilinder zagotavlja vrhunski nadzor gibanja in pozicioniranja, kar omogo\u010da natan\u010dno in u\u010dinkovito delovanje.<\/li>\n<li>Natan\u010den krmilni mehanizem zagotavlja gladko in nadzorovano gibanje ter izbolj\u0161uje splo\u0161no u\u010dinkovitost proizvodnje.<\/li>\n<\/ul>\n<\/li>\n<li><strong>Visoka zmogljivost:<\/strong>\n<ul>\n<li>Zasnova koaksialnega kompaktnega hidravli\u010dnega cilindra serije CX zagotavlja visokozmogljiv prenos mo\u010di.<\/li>\n<li>Zmore velike obremenitve in zahtevne industrijske aplikacije, kar zagotavlja zanesljivo in dosledno delovanje.<\/li>\n<\/ul>\n<\/li>\n<li><strong>Vsestranske uporabe:<\/strong>\n<ul>\n<li>Serija koaksialnih kompaktnih hidravli\u010dnih cilindrov CX je zasnovana za ve\u010dnamensko uporabo v proizvodnji, ravnanju z materiali, gradbeni\u0161tvu in drugih panogah.<\/li>\n<li>Uporablja se lahko v razli\u010dni opremi, kot so stiskalnice, kompaktorji, nakladalniki itd.<\/li>\n<\/ul>\n<\/li>\n<\/ol>\n<h2><strong>Homotaksialni kompaktni hidravli\u010dni cilinder serije CX <\/strong><strong>Na\u010din uporabe<\/strong><strong>:<\/strong><\/h2>\n<ol>\n<li><strong>Monta\u017ea in namestitev:<\/strong>\n<ul>\n<li>Dolo\u010dite ustrezno mesto namestitve za koaksialne kompaktne hidravli\u010dne cilindre serije CX glede na specifi\u010dne zahteve va\u0161e opreme ali stroja.<\/li>\n<li>Prepri\u010dajte se, da je monta\u017ena povr\u0161ina trdna, ravna in da lahko varno podpira te\u017eo in obremenitev cilindra.<\/li>\n<\/ul>\n<\/li>\n<li><strong>Priklju\u010dek hidravli\u010dnega sistema:<\/strong>\n<ul>\n<li>Hidravli\u010dni valj priklju\u010dite na hidravli\u010dni sistem z uporabo zdru\u017eljive hidravli\u010dne cevi ali cevi.<\/li>\n<li>Pravilna poravnava in tesne povezave prepre\u010dujejo pu\u0161\u010danje in zagotavljajo optimalno delovanje.<\/li>\n<\/ul>\n<\/li>\n<li><strong>Upravljanje cilindra:<\/strong>\n<ul>\n<li>Za\u017eenite hidravli\u010dni sistem in za\u017eenite gibanje koaksialnega kompaktnega hidravli\u010dnega cilindra serije CX.<\/li>\n<li>Hidravli\u010dni krmilni sistem se uporablja za natan\u010den nadzor iztegovanja, vvla\u010devanja in pozicioniranja cilindra za doseganje u\u010dinkovitega delovanja.<\/li>\n<\/ul>\n<\/li>\n<\/ol>\n<h2><strong>Kako odstraniti hidravli\u010dni cilinder s \u010delnega nakladalnika?<\/strong><\/h2>\n<p>Odstranjevanje hidravli\u010dnega cilindra s \u010delnega nakladalnika zahteva ustrezno pripravo in previdnost. Tukaj je navodilo po korakih, ki vam bo pomagalo pri tem postopku:<\/p>\n<ol>\n<li><strong>Zagotovite varnost:<\/strong>\n<ul>\n<li>Pred za\u010detkom dela parkirajte \u010delni nakladalnik na ravno in stabilno povr\u0161ino.<\/li>\n<li>Zategnite parkirno zavoro in ugasnite motor, da prepre\u010dite nenamerno premikanje.<\/li>\n<\/ul>\n<\/li>\n<li><strong>Prepoznajte valj:<\/strong>\n<ul>\n<li>Poi\u0161\u010dite hidravli\u010dni valj, ki ga je treba odstraniti. Glede na zasnovo nakladalnika je lahko ve\u010d valjev.<\/li>\n<\/ul>\n<\/li>\n<li><strong>Sprostite hidravli\u010dni tlak:<\/strong>\n<ul>\n<li>Da bi prepre\u010dili nenadno sprostitev tlaka, sprostite hidravli\u010dni tlak v sistemu. Ta korak je klju\u010dnega pomena za varnost.<\/li>\n<li>Za\u017eenite motor nakladalnika in s hidravli\u010dnimi krmilnimi elementi premaknite bat cilindra v eno smer.<\/li>\n<li>Ugasnite motor in sprostite preostali tlak s ponovnim upravljanjem krmilnih elementov.<\/li>\n<\/ul>\n<\/li>\n<li><strong>Odklopite hidravli\u010dne cevi:<\/strong>\n<ul>\n<li>Poi\u0161\u010dite hidravli\u010dne cevi, priklju\u010dene na valj. Obi\u010dajno sta na voljo dovodna in povratna cev.<\/li>\n<li>Pod valj namestite odto\u010dno posodo, da ujamete morebitno pu\u0161\u010danje hidravli\u010dne teko\u010dine med odklopom.<\/li>\n<li>Hidravli\u010dne cevi previdno odklopite z valja z ustreznimi klju\u010di ali fitingi. Bodite pripravljeni na morebitno razlitje teko\u010dine.<\/li>\n<\/ul>\n<\/li>\n<li><strong>Podpora cilindra:<\/strong>\n<ul>\n<li>Ker so hidravli\u010dni cilindri lahko te\u017eki, jih je pred odstranitvijo nujno podpreti.<\/li>\n<li>Za varno dr\u017eanje te\u017ee jeklenke uporabite dvigalko, bloke ali katero koli drugo stabilno podporno konstrukcijo.<\/li>\n<\/ul>\n<\/li>\n<li><strong>Odstranite pritrdilne vijake:<\/strong>\n<ul>\n<li>Dolo\u010dite pritrdilne to\u010dke, kjer je valj pritrjen na okvir nakladalnika ali druge komponente.<\/li>\n<li>Z ustreznim orodjem, kot so klju\u010di ali nastavki, odstranite pritrdilne vijake ali zati\u010de, s katerimi je pritrjen valj.<\/li>\n<li>Spremljajte vijake in vso pripadajo\u010do strojno opremo za ponovno namestitev.<\/li>\n<\/ul>\n<\/li>\n<li><strong>Previdno odstranite valj:<\/strong>\n<ul>\n<li>Ko so hidravli\u010dne cevi odklopljene in pritrdilni vijaki odstranjeni, po\u010dasi in previdno potisnite ali dvignite valj iz njegovega pritrdilnega polo\u017eaja.<\/li>\n<li>Bodite pozorni na te\u017eo in velikost jeklenke, da prepre\u010dite nesre\u010de ali po\u0161kodbe med odstranjevanjem.<\/li>\n<\/ul>\n<\/li>\n<li><strong>Pregled in shranjevanje:<\/strong>\n<ul>\n<li>Ko je valj odstranjen, ga preglejte glede morebitnih znakov po\u0161kodb, pu\u0161\u010danja ali prekomerne obrabe. Ta ocena bo pomagala ugotoviti, ali je treba valj popraviti ali zamenjati.<\/li>\n<li>O\u010distite jeklenko in jo shranite na \u010distem in suhem mestu, da prepre\u010dite kontaminacijo ali nadaljnjo \u0161kodo.<\/li>\n<\/ul>\n<\/li>\n<\/ol>\n<h2><strong>Kitajski proizvajalci hidravli\u010dnih cilindrov:<\/strong><\/h2>\n<p>HZPT je podjetje na podro\u010dju raziskav in razvoja ter proizvodnje kompaktnih hidravli\u010dnih cilindrov. Ohranja vodilni polo\u017eaj na kitajskem trgu hidravli\u010dnih cilindrov. Leta 2020 je doma\u010di tr\u017eni dele\u017e zna\u0161al pribli\u017eno 291 TP3T. Proizvajamo kompaktne hidravli\u010dne cilindre za industrijska vozila, kompaktne hidravli\u010dne cilindre za dvigala, hidravli\u010dne cilindre za kmetijsko mehanizacijo in hidravli\u010dne cilindre za sanitarno mehanizacijo.<\/p>\n<p>Imamo prvovrstno neodvisno platformo za raziskave in razvoj za monta\u017eo. Delavnica za proizvodnjo kompaktnih hidravli\u010dnih cilindrov ima \u0161tiri polavtomatske monta\u017ene linije za dvi\u017ene cilindre in eno popolnoma avtomatsko monta\u017eno linijo za nagibne cilindre, z letno proizvodno zmogljivostjo 1 milijona kosov; delavnica za posebne cilindre je opremljena s polavtomatskimi \u010distilnimi in monta\u017enimi sistemi razli\u010dnih specifikacij, z letno proizvodno zmogljivostjo 200.000 esejev. Ima znano CNC obdelovalno opremo, obdelovalne centre, posebno opremo za visoko precizno obdelavo cilindrov, robotske varilne stroje, avtomatske \u010distilne stroje, avtomatske stroje za monta\u017eo cilindrov in avtomatske proizvodne linije za barvanje. Imamo ve\u010d kot 300 kompletov kriti\u010dne opreme, ki deluje. Optimizirana dodelitev in u\u010dinkovita izraba opremnih virov zagotavljata natan\u010dnost izdelkov in izpolnjujeta visoke standarde kakovosti izdelkov.<\/p>\n<table>\n<tbody>\n<tr>\n<td><img loading=\"lazy\" decoding=\"async\" class=\"size-large wp-image-315926 aligncenter\" src=\"https:\/\/hzpt.com\/wp-content\/uploads\/2023\/08\/China-Hydraulic-Cylinder-Manufacturers-1-1024x768.webp\" sizes=\"(min-width: 0px) and (max-width: 480px) 480px, (min-width: 481px) and (max-width: 980px) 980px, (min-width: 981px) 1024px, 100vw\" srcset=\"https:\/\/hzpt.com\/wp-content\/uploads\/2023\/08\/China-Hydraulic-Cylinder-Manufacturers-1-1024x768.webp 1024w, https:\/\/hzpt.com\/wp-content\/uploads\/2023\/08\/China-Hydraulic-Cylinder-Manufacturers-1-980x735.webp 980w, https:\/\/hzpt.com\/wp-content\/uploads\/2023\/08\/China-Hydraulic-Cylinder-Manufacturers-1-480x360.webp 480w\" alt=\"Kitajski proizvajalci hidravli\u010dnih cilindrov\" width=\"1024\" height=\"768\" \/><\/td>\n<td><img loading=\"lazy\" decoding=\"async\" class=\"size-large wp-image-315927 aligncenter\" src=\"https:\/\/hzpt.com\/wp-content\/uploads\/2023\/08\/China-Hydraulic-Cylinder-Manufacturers-2-1024x768.webp\" sizes=\"(min-width: 0px) and (max-width: 480px) 480px, (min-width: 481px) and (max-width: 980px) 980px, (min-width: 981px) 1024px, 100vw\" srcset=\"https:\/\/hzpt.com\/wp-content\/uploads\/2023\/08\/China-Hydraulic-Cylinder-Manufacturers-2-1024x768.webp 1024w, https:\/\/hzpt.com\/wp-content\/uploads\/2023\/08\/China-Hydraulic-Cylinder-Manufacturers-2-980x735.webp 980w, https:\/\/hzpt.com\/wp-content\/uploads\/2023\/08\/China-Hydraulic-Cylinder-Manufacturers-2-480x360.webp 480w\" alt=\"Kitajski proizvajalci hidravli\u010dnih cilindrov\" width=\"1024\" height=\"768\" \/><\/td>\n<\/tr>\n<\/tbody>\n<\/table>\n<p>&nbsp;<\/p>\n<p>&nbsp;<\/p>","protected":false},"excerpt":{"rendered":"<p>CX Series Homotaxial Compact Hydraulic Cylinder The CX series homotaxial compact hydraulic cylinder is a cutting-edge hydraulic component designed to provide efficient and reliable power transmission in a wide range of industrial applications. With its compact design, superior performance, and durability, this hydraulic cylinder offers precise control and versatility. Whether used in manufacturing, material handling, [&hellip;]<\/p>","protected":false},"featured_media":1268,"comment_status":"open","ping_status":"closed","template":"","meta":{"_et_pb_use_builder":"","_et_pb_old_content":"","_et_gb_content_width":""},"product_brand":[],"product_cat":[1526,1550,1376],"product_tag":[1380],"class_list":{"0":"post-1266","1":"product","2":"type-product","3":"status-publish","4":"has-post-thumbnail","6":"product_cat-assembly-line-hydraulic-cylinders","7":"product_cat-double-acting-hydraulic-cylinder","8":"product_cat-hydraulic-cylinder","9":"product_tag-hydraulic-cylinder","11":"first","12":"instock","13":"shipping-taxable","14":"product-type-simple"},"amp_enabled":true,"_links":{"self":[{"href":"https:\/\/www.hydraulic-cylinders.net\/sl\/wp-json\/wp\/v2\/product\/1266","targetHints":{"allow":["GET"]}}],"collection":[{"href":"https:\/\/www.hydraulic-cylinders.net\/sl\/wp-json\/wp\/v2\/product"}],"about":[{"href":"https:\/\/www.hydraulic-cylinders.net\/sl\/wp-json\/wp\/v2\/types\/product"}],"replies":[{"embeddable":true,"href":"https:\/\/www.hydraulic-cylinders.net\/sl\/wp-json\/wp\/v2\/comments?post=1266"}],"wp:featuredmedia":[{"embeddable":true,"href":"https:\/\/www.hydraulic-cylinders.net\/sl\/wp-json\/wp\/v2\/media\/1268"}],"wp:attachment":[{"href":"https:\/\/www.hydraulic-cylinders.net\/sl\/wp-json\/wp\/v2\/media?parent=1266"}],"wp:term":[{"taxonomy":"product_brand","embeddable":true,"href":"https:\/\/www.hydraulic-cylinders.net\/sl\/wp-json\/wp\/v2\/product_brand?post=1266"},{"taxonomy":"product_cat","embeddable":true,"href":"https:\/\/www.hydraulic-cylinders.net\/sl\/wp-json\/wp\/v2\/product_cat?post=1266"},{"taxonomy":"product_tag","embeddable":true,"href":"https:\/\/www.hydraulic-cylinders.net\/sl\/wp-json\/wp\/v2\/product_tag?post=1266"}],"curies":[{"name":"delovni list","href":"https:\/\/api.w.org\/{rel}","templated":true}]}}