{"id":1272,"date":"2023-09-15T08:13:33","date_gmt":"2023-09-15T08:13:33","guid":{"rendered":"https:\/\/hydraulic-cylinders.net\/?post_type=product&#038;p=1272"},"modified":"2025-04-11T05:25:53","modified_gmt":"2025-04-11T05:25:53","slug":"cx-series-biaxial-compact-hydraulic-cylinder","status":"publish","type":"product","link":"https:\/\/www.hydraulic-cylinders.net\/sl\/izdelek\/cx-series-biaxial-compact-hydraulic-cylinder\/","title":{"rendered":"Dvoosni kompaktni hidravli\u010dni cilinder serije CX"},"content":{"rendered":"<h1 style=\"text-align: center;\"><strong>Dvoosni kompaktni hidravli\u010dni cilinder serije CX<\/strong><\/h1>\n<p>The cx Series two-axis compact hydraulic cylinder is a cutting-edge hydraulic element designed to provide efficient and reliable power transmission for a variety of industrial applications. With its compact design, superior performance and durability, this hydraulic cylinder offers precise control and versatility. Whether used in manufacturing, material handling or construction, the cx series of two-axis compact hydraulic cylinders are designed to optimize hydraulic operation and increase productivity.<\/p>\n<p>CX series compact cylinders are used for clamping cylinders. Its installation is small. Our factory has advanced hydraulic equipment, including a vertical, and horizontal machining center and medium and large hydraulic cylinders. Thin cylinder production technology is excellent.<\/p>\n<p><img loading=\"lazy\" decoding=\"async\" class=\"wp-image-1275 aligncenter\" src=\"https:\/\/hydraulic-cylinders.net\/wp-content\/uploads\/2023\/09\/cx-compact-hydraulic-cylinder-1-300x300.webp\" alt=\"\" width=\"400\" height=\"400\" \/><\/p>\n<h2><strong>CX Series Biaxial Compact Hydraulic Cylinder Model Description:<\/strong><\/h2>\n<p><img loading=\"lazy\" decoding=\"async\" class=\"alignnone size-full wp-image-323127\" src=\"https:\/\/hzpt.com\/wp-content\/uploads\/2023\/09\/cx-compact-hydraulic-cylinder-2.webp\" alt=\"\" width=\"730\" height=\"119\" \/><\/p>\n<h2><strong>Dvoosni kompaktni hidravli\u010dni cilinder serije CX <\/strong><strong>Zna\u010dilnosti<\/strong>:<\/h2>\n<p><img loading=\"lazy\" decoding=\"async\" class=\"alignnone size-full wp-image-323128\" src=\"https:\/\/hzpt.com\/wp-content\/uploads\/2023\/09\/cx-compact-hydraulic-cylinder-3.webp\" alt=\"\" width=\"730\" height=\"87\" \/><\/p>\n<h2><strong>CX Series Biaxial Compact Hydraulic Cylinder Parameter:<\/strong><\/h2>\n<p><img loading=\"lazy\" decoding=\"async\" class=\"alignnone wp-image-1274 size-full\" src=\"https:\/\/hydraulic-cylinders.net\/wp-content\/uploads\/2023\/09\/cx-compact-hydraulic-cylinder-5.webp\" alt=\"\" width=\"730\" height=\"871\" srcset=\"https:\/\/hydraulic-cylinders.net\/wp-content\/uploads\/2023\/09\/cx-compact-hydraulic-cylinder-5.webp 730w, https:\/\/hydraulic-cylinders.net\/wp-content\/uploads\/2023\/09\/cx-compact-hydraulic-cylinder-5-480x573.webp 480w\" sizes=\"(min-width: 0px) and (max-width: 480px) 480px, (min-width: 481px) 730px, 100vw\" \/><\/p>\n<h2><strong>Dvoosni kompaktni hidravli\u010dni cilinder serije CX <\/strong><strong>Klju\u010dne lastnosti in prednosti<\/strong><strong>:<\/strong><\/h2>\n<ol>\n<li><strong>Kompaktna zasnova:<\/strong>\n<ul>\n<li>The CX Series two-axle compact hydraulic cylinders feature a space-saving design that makes them suitable for applications with limited mounting areas.<\/li>\n<li>Its compact size allows for easy integration into various device Settings, optimizing space utilization.<\/li>\n<\/ul>\n<\/li>\n<li><strong>Natan\u010den nadzor:<\/strong>\n<ul>\n<li>Ta hidravli\u010dni cilinder zagotavlja vrhunski nadzor gibanja in pozicioniranja, kar omogo\u010da natan\u010dno in u\u010dinkovito delovanje.<\/li>\n<li>Natan\u010den krmilni mehanizem zagotavlja gladko in nadzorovano gibanje ter izbolj\u0161uje splo\u0161no u\u010dinkovitost proizvodnje.<\/li>\n<\/ul>\n<\/li>\n<li><strong>Visoka zmogljivost:<\/strong>\n<ul>\n<li>The CX Series compact two-axis hydraulic cylinders are designed to provide high-performance power transmission capabilities.<\/li>\n<li>Zmore velike obremenitve in zahtevne industrijske aplikacije, kar zagotavlja zanesljivo in dosledno delovanje.<\/li>\n<\/ul>\n<\/li>\n<li><strong>Vsestranske uporabe:<\/strong>\n<ul>\n<li>The CX Series two-axle compact hydraulic cylinders are designed for a variety of industries, including manufacturing, material handling, and construction.<\/li>\n<li>Uporablja se lahko v razli\u010dni opremi, kot so stiskalnice, kompaktorji, nakladalniki itd.<\/li>\n<\/ul>\n<\/li>\n<\/ol>\n<h2><strong>Dvoosni kompaktni hidravli\u010dni cilinder serije CX <\/strong><strong>Na\u010din uporabe<\/strong><strong>:<\/strong><\/h2>\n<ol>\n<li><strong>Monta\u017ea in namestitev:<\/strong>\n<ul>\n<li>Determine the appropriate mounting location for the CX Series two-axle compact hydraulic cylinder based on the specific requirements of your equipment or machine.<\/li>\n<li>Prepri\u010dajte se, da je monta\u017ena povr\u0161ina trdna, ravna in da lahko varno podpira te\u017eo in obremenitev jeklenke.<\/li>\n<\/ul>\n<\/li>\n<li><strong>Priklju\u010dek hidravli\u010dnega sistema:<\/strong>\n<ul>\n<li>Hidravli\u010dni valj priklju\u010dite na hidravli\u010dni sistem z uporabo zdru\u017eljive hidravli\u010dne cevi ali cevi.<\/li>\n<li>Pravilna poravnava in tesne povezave prepre\u010dujejo pu\u0161\u010danje in zagotavljajo optimalno delovanje.<\/li>\n<\/ul>\n<\/li>\n<li><strong>Upravljanje cilindra:<\/strong>\n<ul>\n<li>Start the hydraulic system and start the movement of the CX series compact two-axis hydraulic cylinder.<\/li>\n<\/ul>\n<\/li>\n<\/ol>\n<h2><strong>Kako zamenjati tesnila v hidravli\u010dnem cilindru?<\/strong><\/h2>\n<p>\u010ce \u017eelite odstraniti hidravli\u010dni cilinder s stola, sledite tem korakom:<\/p>\n<ol>\n<li><strong>Pripravite delovni prostor:<\/strong>\n<ul>\n<li>O\u010distite obmo\u010dje okoli stola, da ustvarite varno in neovirano delovno mesto.<\/li>\n<li>Na tla polo\u017eite za\u0161\u010ditno prevleko ali krpo, da prepre\u010dite po\u0161kodbe stola ali okoli\u0161kih povr\u0161in.<\/li>\n<\/ul>\n<\/li>\n<li><strong>Spustite stol:<\/strong>\n<ul>\n<li>Z ro\u010dico za nastavitev ali krmilnim mehanizmom stola ga spustite v najni\u017eji polo\u017eaj.<\/li>\n<li>Ta korak zagotovi, da je valj popolnoma stisnjen, kar olaj\u0161a njegovo odstranitev.<\/li>\n<\/ul>\n<\/li>\n<li><strong>Poi\u0161\u010dite valj:<\/strong>\n<ul>\n<li>Poi\u0161\u010dite hidravli\u010dni cilinder na stolu. Obi\u010dajno se nahaja blizu podno\u017eja stola in je povezan s sede\u017eem ali mehanizmom stola.<\/li>\n<\/ul>\n<\/li>\n<li><strong>Odstranite sede\u017e stola:<\/strong>\n<ul>\n<li>\u010ce je sede\u017e stola snemljiv, poi\u0161\u010dite pritrdilne vijake ali sornike, s katerimi je pritrjen na valj ali podstavek stola.<\/li>\n<li>Za odstranitev vijakov ali matic uporabite ustrezno orodje, kot je izvija\u010d ali klju\u010d.<\/li>\n<li>Dvignite sede\u017e s stola in odkrijte hidravli\u010dni valj.<\/li>\n<\/ul>\n<\/li>\n<li><strong>Podpora predsedniku:<\/strong>\n<ul>\n<li>Ker bo stol brez sede\u017ea nestabilen, mu zagotovite oporo, da se ne bo prevrnil.<\/li>\n<li>Za podporo preostale strukture stola uporabite trden predmet, kot je \u0161katla ali lesen blok.<\/li>\n<\/ul>\n<\/li>\n<li><strong>Odklopite valj:<\/strong>\n<ul>\n<li>Preverite priklju\u010dne to\u010dke med hidravli\u010dnim cilindrom in mehanizmom ali podno\u017ejem stola.<\/li>\n<li>Glede na zasnovo stola boste morda na\u0161li pritrdilne nosilce, sponke ali vijake, ki pritrjujejo valj.<\/li>\n<li>Z ustreznim orodjem odstranite vse pritrdilne elemente, ki dr\u017eijo valj na mestu.<\/li>\n<li>Ko odstranite pritrdilne elemente, ne\u017eno povlecite ali premaknite valj, da ga odstranite s stola.<\/li>\n<\/ul>\n<\/li>\n<li><strong>Zamenjajte ali zavrzite jeklenko:<\/strong>\n<ul>\n<li>\u010ce menjate hidravli\u010dni valj, se prepri\u010dajte, da imate zdru\u017eljiv nadomestni del, ki ustreza specifikacijam starega valja.<\/li>\n<li>Po potrebi se posvetujte s proizvajalcem stola ali strokovnjakom, da dobite pravilen nadomestni valj.<\/li>\n<li>\u010ce odlagate jeklenko, upo\u0161tevajte lokalne predpise in smernice za pravilno odstranjevanje.<\/li>\n<\/ul>\n<\/li>\n<li><strong>Ponovno sestavite stol:<\/strong>\n<ul>\n<li>Ponovno namestite sede\u017e stola tako, da poravnate luknje za vijake in jih pritrdite z ustreznimi vijaki, \u010de ste odstranili sede\u017e stola.<\/li>\n<li>Preden stol ponovno uporabite, se prepri\u010dajte, da je sede\u017e trdno pritrjen in stabilen.<\/li>\n<\/ul>\n<\/li>\n<\/ol>\n<h2><strong>Zmogljivost in zmogljivost tovarne:<\/strong><\/h2>\n<h3>(1) Sestavljanje<\/h3>\n<p>Imamo prvovrstno neodvisno platformo za raziskave in razvoj. Delavnica za proizvodnjo hidravli\u010dnih cilindrov ima \u0161tiri polavtomatske monta\u017ene linije za dvi\u017ene cilindre in eno avtomatsko monta\u017eno linijo za nagibne cilindre z letno proizvodno zmogljivostjo 1 milijona kosov. Delavnica za posebne cilindre je opremljena z razli\u010dnimi specifikacijami polavtomatskega sistema za \u010di\u0161\u010denje in monta\u017eo z letno proizvodno zmogljivostjo 200.000 kosov ter znano CNC obdelovalno opremo, obdelovalnim centrom, visoko precizno posebno opremo za obdelavo cilindrov, robotskim varilnim strojem, avtomatskim \u010distilnim strojem, avtomatskim strojem za monta\u017eo cilindrov in avtomatsko proizvodno linijo za barvanje. Obstoje\u010da kriti\u010dna oprema obsega ve\u010d kot 300 kompletov (kompletov). Optimalna razporeditev in u\u010dinkovita uporaba opremnih virov zagotavljata zahteve glede natan\u010dnosti izdelkov in izpolnjujeta visoke zahteve glede kakovosti izdelkov.<\/p>\n<p><img loading=\"lazy\" decoding=\"async\" class=\"alignnone wp-image-626\" src=\"https:\/\/hydraulic-cylinders.net\/wp-content\/uploads\/2023\/08\/hydraulic-cylinder-product-1-300x158.webp\" alt=\"\" width=\"495\" height=\"260\" srcset=\"https:\/\/hydraulic-cylinders.net\/wp-content\/uploads\/2023\/08\/hydraulic-cylinder-product-1-300x158.webp 495w, https:\/\/hydraulic-cylinders.net\/wp-content\/uploads\/2023\/08\/hydraulic-cylinder-product-1-480x252.webp 480w\" sizes=\"(min-width: 0px) and (max-width: 480px) 480px, (min-width: 481px) 495px, 100vw\" \/> <img loading=\"lazy\" decoding=\"async\" class=\"alignnone wp-image-627\" src=\"https:\/\/hydraulic-cylinders.net\/wp-content\/uploads\/2023\/08\/hydraulic-cylinder-product-2-300x189.webp\" alt=\"\" width=\"413\" height=\"260\" \/><\/p>\n<h3>(2) Strojna obdelava<\/h3>\n<p>Strojna delavnica je opremljena s prilagojenim centrom za stru\u017eenje nagnjenih tirnic, obdelovalnim centrom, visokohitrostnim strojem za honanje, varilnim robotom in drugo sorodno opremo, ki lahko obdeluje cilindri\u010dne cevi z najve\u010djim notranjim premerom 400 mm in najve\u010djo dol\u017eino 6 metrov.<\/p>\n<p><img loading=\"lazy\" decoding=\"async\" class=\"alignnone wp-image-628 size-large\" src=\"https:\/\/hydraulic-cylinders.net\/wp-content\/uploads\/2023\/08\/hydraulic-cylinder-product-3-1024x391.webp\" alt=\"\" width=\"1024\" height=\"391\" srcset=\"https:\/\/hydraulic-cylinders.net\/wp-content\/uploads\/2023\/08\/hydraulic-cylinder-product-3-980x374.webp 980w, https:\/\/hydraulic-cylinders.net\/wp-content\/uploads\/2023\/08\/hydraulic-cylinder-product-3-480x183.webp 480w\" sizes=\"(min-width: 0px) and (max-width: 480px) 480px, (min-width: 481px) and (max-width: 980px) 980px, (min-width: 981px) 1024px, 100vw\" \/><\/p>\n<h3>(3) Varjenje<\/h3>\n<p><img loading=\"lazy\" decoding=\"async\" class=\"alignnone wp-image-629 size-large\" src=\"https:\/\/hydraulic-cylinders.net\/wp-content\/uploads\/2023\/08\/hydraulic-cylinder-product-4-1024x510.webp\" alt=\"\" width=\"1024\" height=\"510\" srcset=\"https:\/\/hydraulic-cylinders.net\/wp-content\/uploads\/2023\/08\/hydraulic-cylinder-product-4-980x488.webp 980w, https:\/\/hydraulic-cylinders.net\/wp-content\/uploads\/2023\/08\/hydraulic-cylinder-product-4-480x239.webp 480w\" sizes=\"(min-width: 0px) and (max-width: 480px) 480px, (min-width: 481px) and (max-width: 980px) 980px, (min-width: 981px) 1024px, 100vw\" \/><\/p>\n<h3>(4) Barvanje in premazovanje<\/h3>\n<p>Z majhnimi in srednje velikimi cilindri\u010dnimi avtomatskimi linijami za barvanje na vodni osnovi, za doseganje avtomatskega nakladanja in razkladanja robotov ter avtomatskega brizganja, je projektna zmogljivost 4000 kosov na izmeno;<br \/>\nImamo tudi polavtomatsko linijo za proizvodnjo barv za velike jeklenke, ki jo poganja veriga, s projektno zmogljivostjo 60 zabojev na izmeno.<\/p>\n<p><img loading=\"lazy\" decoding=\"async\" class=\"alignnone wp-image-630\" src=\"https:\/\/hydraulic-cylinders.net\/wp-content\/uploads\/2023\/08\/hydraulic-cylinder-product-5-300x213.webp\" alt=\"\" width=\"366\" height=\"260\" \/> <img loading=\"lazy\" decoding=\"async\" class=\"alignnone wp-image-631\" src=\"https:\/\/hydraulic-cylinders.net\/wp-content\/uploads\/2023\/08\/hydraulic-cylinder-product-6-300x225.webp\" alt=\"\" width=\"347\" height=\"260\" \/><\/p>\n<h3>(5) Testiranje<\/h3>\n<p>Imamo prvovrstne in\u0161pekcijske prostore in testne postaje, s katerimi zagotavljamo, da delovanje jeklenke izpolnjuje zahteve.<\/p>\n<p><img loading=\"lazy\" decoding=\"async\" class=\"alignnone wp-image-632\" src=\"https:\/\/hydraulic-cylinders.net\/wp-content\/uploads\/2023\/08\/hydraulic-cylinder-product-8-300x200.webp\" alt=\"\" width=\"389\" height=\"260\" \/><\/p>\n<p>&nbsp;<\/p>\n<p>&nbsp;<\/p>\n<p>Smo eden najbolj\u0161ih proizvajalcev kompaktnih hidravli\u010dnih cilindrov. Ponujamo vam celovito zalogo kompaktnih hidravli\u010dnih cilindrov. Zagotavljamo tudi ustrezne <a href=\"https:\/\/hzpt.com\/agricultural-pto-gearbox\/\" target=\"_blank\" rel=\"noopener\">kmetijski menjalniki<\/a>Na\u0161e izdelke smo izvozili strankam po vsem svetu in si prislu\u017eili dober ugled zaradi vrhunske kakovosti izdelkov in poprodajnih storitev. Z veseljem vas vabimo, da nas kontaktirate za poslovne dogovore, izmenjavo informacij in ... <a href=\"https:\/\/www.hydraulic-cylinders.net\/sl\/contact-us\/\">sodelujte z nami<\/a>!<\/p>\n<p>&nbsp;<\/p>","protected":false},"excerpt":{"rendered":"<p>CX Series Biaxial Compact Hydraulic Cylinder The cx Series two-axis compact hydraulic cylinder is a cutting-edge hydraulic element designed to provide efficient and reliable power transmission for a variety of industrial applications. With its compact design, superior performance and durability, this hydraulic cylinder offers precise control and versatility. Whether used in manufacturing, material handling or [&hellip;]<\/p>","protected":false},"featured_media":1276,"comment_status":"open","ping_status":"closed","template":"","meta":{"_et_pb_use_builder":"","_et_pb_old_content":"","_et_gb_content_width":""},"product_brand":[],"product_cat":[1526,1550,1376],"product_tag":[1380],"class_list":{"0":"post-1272","1":"product","2":"type-product","3":"status-publish","4":"has-post-thumbnail","6":"product_cat-assembly-line-hydraulic-cylinders","7":"product_cat-double-acting-hydraulic-cylinder","8":"product_cat-hydraulic-cylinder","9":"product_tag-hydraulic-cylinder","11":"first","12":"instock","13":"shipping-taxable","14":"product-type-simple"},"amp_enabled":true,"_links":{"self":[{"href":"https:\/\/www.hydraulic-cylinders.net\/sl\/wp-json\/wp\/v2\/product\/1272","targetHints":{"allow":["GET"]}}],"collection":[{"href":"https:\/\/www.hydraulic-cylinders.net\/sl\/wp-json\/wp\/v2\/product"}],"about":[{"href":"https:\/\/www.hydraulic-cylinders.net\/sl\/wp-json\/wp\/v2\/types\/product"}],"replies":[{"embeddable":true,"href":"https:\/\/www.hydraulic-cylinders.net\/sl\/wp-json\/wp\/v2\/comments?post=1272"}],"wp:featuredmedia":[{"embeddable":true,"href":"https:\/\/www.hydraulic-cylinders.net\/sl\/wp-json\/wp\/v2\/media\/1276"}],"wp:attachment":[{"href":"https:\/\/www.hydraulic-cylinders.net\/sl\/wp-json\/wp\/v2\/media?parent=1272"}],"wp:term":[{"taxonomy":"product_brand","embeddable":true,"href":"https:\/\/www.hydraulic-cylinders.net\/sl\/wp-json\/wp\/v2\/product_brand?post=1272"},{"taxonomy":"product_cat","embeddable":true,"href":"https:\/\/www.hydraulic-cylinders.net\/sl\/wp-json\/wp\/v2\/product_cat?post=1272"},{"taxonomy":"product_tag","embeddable":true,"href":"https:\/\/www.hydraulic-cylinders.net\/sl\/wp-json\/wp\/v2\/product_tag?post=1272"}],"curies":[{"name":"delovni list","href":"https:\/\/api.w.org\/{rel}","templated":true}]}}