{"id":1277,"date":"2023-09-15T08:39:30","date_gmt":"2023-09-15T08:39:30","guid":{"rendered":"https:\/\/hydraulic-cylinders.net\/?post_type=product&#038;p=1277"},"modified":"2025-03-27T01:00:58","modified_gmt":"2025-03-27T01:00:58","slug":"foot-joint-two-stage-telescopic-hydraulic-cylinder","status":"publish","type":"product","link":"https:\/\/www.hydraulic-cylinders.net\/sl\/izdelek\/foot-joint-two-stage-telescopic-hydraulic-cylinder\/","title":{"rendered":"Dvostopenjski teleskopski hidravli\u010dni cilinder za stopalke"},"content":{"rendered":"<h1 style=\"text-align: center;\"><strong>Dvostopenjski teleskopski hidravli\u010dni cilinder za stopalke<\/strong><\/h1>\n<p>Dvostopenjski teleskopski hidravli\u010dni cilinder s stopalnim spojem je napredna hidravli\u010dna komponenta, ki zagotavlja u\u010dinkovit in zanesljiv prenos mo\u010di v \u0161irokem naboru industrijskih aplikacij. S svojo inovativno zasnovo, vrhunsko zmogljivostjo in vsestranskostjo ta hidravli\u010dni cilinder ponuja natan\u010den nadzor in pove\u010dano produktivnost. Ne glede na to, ali se uporabljajo v gradbeni\u0161tvu, ravnanju z materiali ali kmetijski mehanizaciji, so dvostopenjski teleskopski hidravli\u010dni cilindri s stopalnim spojem zasnovani za optimizacijo hidravli\u010dnega delovanja in zagotavljanje vrhunskih rezultatov.<\/p>\n<p>Kompaktni cilindri serije CX se uporabljajo za vpenjanje cilindrov. Njihova namestitev je majhna. Na\u0161a tovarna ima napredno hidravli\u010dno opremo, vklju\u010dno z vertikalnim in horizontalnim obdelovalnim centrom ter srednjimi in velikimi hidravli\u010dnimi cilindri. Tehnologija izdelave tankih cilindrov je odli\u010dna.<\/p>\n<p><img loading=\"lazy\" decoding=\"async\" class=\"wp-image-1278 aligncenter\" src=\"https:\/\/hydraulic-cylinders.net\/wp-content\/uploads\/2023\/09\/two-stage-telescopic-hydraulic-cylinder-2-300x300.webp\" alt=\"\" width=\"400\" height=\"400\" \/><\/p>\n<h2><strong>Parameter dvostopenjskega teleskopskega hidravli\u010dnega cilindra za stopalni sklep:<\/strong><\/h2>\n<p><img loading=\"lazy\" decoding=\"async\" class=\"alignnone wp-image-1281 size-full\" src=\"https:\/\/hydraulic-cylinders.net\/wp-content\/uploads\/2023\/09\/two-stage-telescopic-hydraulic-cylinder-2-2.webp\" alt=\"\" width=\"1028\" height=\"827\" srcset=\"https:\/\/hydraulic-cylinders.net\/wp-content\/uploads\/2023\/09\/two-stage-telescopic-hydraulic-cylinder-2-2.webp 1028w, https:\/\/hydraulic-cylinders.net\/wp-content\/uploads\/2023\/09\/two-stage-telescopic-hydraulic-cylinder-2-2-980x788.webp 980w, https:\/\/hydraulic-cylinders.net\/wp-content\/uploads\/2023\/09\/two-stage-telescopic-hydraulic-cylinder-2-2-480x386.webp 480w\" sizes=\"(min-width: 0px) and (max-width: 480px) 480px, (min-width: 481px) and (max-width: 980px) 980px, (min-width: 981px) 1028px, 100vw\" \/><\/p>\n<h2><strong>Dvostopenjski teleskopski hidravli\u010dni cilinder za stopalke <\/strong><strong>Klju\u010dne lastnosti in prednosti<\/strong><strong>:<\/strong><\/h2>\n<ol>\n<li><strong>Dvostopenjska teleskopska zasnova:<\/strong>\n<ul>\n<li>Dvostopenjski teleskopski hidravli\u010dni cilinder z no\u017enim sklepom ima dvostopenjsko teleskopsko zasnovo, ki pove\u010da dol\u017eino hoda, hkrati pa ohranja kompaktno velikost kr\u010denja.<\/li>\n<li>Ta zasnova omogo\u010da dalj\u0161i doseg brez ogro\u017eanja prostorskih omejitev, zaradi \u010desar je idealna za aplikacije, kjer sta doseg in kompaktnost pomembna.<\/li>\n<\/ul>\n<\/li>\n<li><strong>Konstrukcija sklepov stopala:<\/strong>\n<ul>\n<li>Cilinder je opremljen s strukturo no\u017enega sklepa za doseganje gladkega sinhronega gibanja med fazo ekspanzije.<\/li>\n<li>Mehanizem no\u017enega sklepa zagotavlja stabilnost, natan\u010dno poravnavo in dobro nosilnost med delovanjem.<\/li>\n<\/ul>\n<\/li>\n<li><strong>Natan\u010den nadzor:<\/strong>\n<ul>\n<li>Dvostopenjski teleskopski hidravli\u010dni cilinder s stopalnim sklepom zagotavlja vrhunski nadzor nad raztezanjem in kr\u010denjem, kar omogo\u010da natan\u010dno pozicioniranje in u\u010dinkovito delovanje.<\/li>\n<li>Natan\u010den krmilni mehanizem zagotavlja gladko in nadzorovano gibanje, kar izbolj\u0161uje splo\u0161no produktivnost in natan\u010dnost.<\/li>\n<\/ul>\n<\/li>\n<li><strong>Visoka nosilnost:<\/strong>\n<ul>\n<li>Dvostopenjski teleskopski hidravli\u010dni cilindri s stopalnim spojem, zasnovani za te\u017eke obremenitve in zahtevne industrijske aplikacije, zagotavljajo izjemno nosilnost.<\/li>\n<li>Zmo\u017een je dvigovanja, potiskanja ali vle\u010denja te\u017ekih predmetov, zaradi \u010desar je zanesljiva izbira za naloge, ki zahtevajo veliko mo\u010di.<\/li>\n<\/ul>\n<\/li>\n<\/ol>\n<h2><strong>Dvostopenjski teleskopski hidravli\u010dni cilinder za stopalke <\/strong><strong>Na\u010din uporabe<\/strong><strong>:<\/strong><\/h2>\n<ol>\n<li><strong>Monta\u017ea in namestitev:<\/strong>\n<ul>\n<li>Dolo\u010dite ustrezno mesto namestitve dvostopenjskega teleskopskega hidravli\u010dnega cilindra s spodnjim sklepom glede na va\u0161o opremo ali mehanske zahteve.<\/li>\n<li>Prepri\u010dajte se, da je monta\u017ena povr\u0161ina trdna, ravna in da lahko varno podpira te\u017eo in obremenitev jeklenke.<\/li>\n<\/ul>\n<\/li>\n<li><strong>Priklju\u010dek hidravli\u010dnega sistema:<\/strong>\n<ul>\n<li>Hidravli\u010dni valj priklju\u010dite na hidravli\u010dni sistem z uporabo zdru\u017eljive hidravli\u010dne cevi ali cevi.<\/li>\n<li>Pravilno poravnajte in pritrdite priklju\u010dke, da prepre\u010dite pu\u0161\u010danje in zagotovite optimalno delovanje.<\/li>\n<\/ul>\n<\/li>\n<li><strong>Upravljanje cilindra:<\/strong>\n<ul>\n<li>Aktivirajte hidravli\u010dni sistem, da spro\u017eite premikanje dvostopenjskega teleskopskega hidravli\u010dnega cilindra no\u017enega sklepa.<\/li>\n<li>Za u\u010dinkovito delovanje uporabite hidravli\u010dne krmilne sisteme, kot so ventili ali ro\u010dice, za natan\u010den nadzor raztezanja in kr\u010denja valja.<\/li>\n<\/ul>\n<\/li>\n<\/ol>\n<h2><strong>Kako dimenzionirate hidravli\u010dni cilinder?<\/strong><\/h2>\n<p>\u010ce \u017eelite odstraniti hidravli\u010dni cilinder s stola, sledite tem korakom:<\/p>\n<ol>\n<li><strong>Pripravite delovni prostor:<\/strong>\n<ul>\n<li>O\u010distite obmo\u010dje okoli stola, da ustvarite varno in neovirano delovno mesto.<\/li>\n<li>Na tla polo\u017eite za\u0161\u010ditno prevleko ali krpo, da prepre\u010dite po\u0161kodbe stola ali okoli\u0161kih povr\u0161in.<\/li>\n<\/ul>\n<\/li>\n<li><strong>Spustite stol:<\/strong>\n<ul>\n<li>Z ro\u010dico za nastavitev ali krmilnim mehanizmom stola ga spustite v najni\u017eji polo\u017eaj.<\/li>\n<li>Ta korak zagotovi, da je valj popolnoma stisnjen, kar olaj\u0161a njegovo odstranitev.<\/li>\n<\/ul>\n<\/li>\n<li><strong>Poi\u0161\u010dite valj:<\/strong>\n<ul>\n<li>Poi\u0161\u010dite hidravli\u010dni cilinder na stolu. Obi\u010dajno se nahaja blizu podno\u017eja stola in je povezan s sede\u017eem ali mehanizmom stola.<\/li>\n<\/ul>\n<\/li>\n<li><strong>Odstranite sede\u017e stola:<\/strong>\n<ul>\n<li>\u010ce je sede\u017e stola snemljiv, poi\u0161\u010dite pritrdilne vijake ali sornike, s katerimi je pritrjen na valj ali podstavek stola.<\/li>\n<li>Za odstranitev vijakov ali matic uporabite ustrezno orodje, kot je izvija\u010d ali klju\u010d.<\/li>\n<li>Dvignite sede\u017e s stola in odkrijte hidravli\u010dni valj.<\/li>\n<\/ul>\n<\/li>\n<li><strong>Podpora predsedniku:<\/strong>\n<ul>\n<li>Ker bo stol brez sede\u017ea nestabilen, mu zagotovite oporo, da se ne bo prevrnil.<\/li>\n<li>Za podporo preostale strukture stola uporabite trden predmet, kot je \u0161katla ali lesen blok.<\/li>\n<\/ul>\n<\/li>\n<li><strong>Odklopite valj:<\/strong>\n<ul>\n<li>Preverite priklju\u010dne to\u010dke med hidravli\u010dnim cilindrom in mehanizmom ali podno\u017ejem stola.<\/li>\n<li>Glede na zasnovo stola boste morda na\u0161li pritrdilne nosilce, sponke ali vijake, ki pritrjujejo valj.<\/li>\n<li>Z ustreznim orodjem odstranite vse pritrdilne elemente, ki dr\u017eijo valj na mestu.<\/li>\n<li>Ko odstranite pritrdilne elemente, ne\u017eno povlecite ali premaknite valj, da ga odstranite s stola.<\/li>\n<\/ul>\n<\/li>\n<li><strong>Zamenjajte ali zavrzite jeklenko:<\/strong>\n<ul>\n<li>\u010ce menjate hidravli\u010dni valj, se prepri\u010dajte, da imate zdru\u017eljiv nadomestni del, ki ustreza specifikacijam starega valja.<\/li>\n<li>Po potrebi se posvetujte s proizvajalcem stola ali strokovnjakom, da dobite pravilen nadomestni valj.<\/li>\n<li>\u010ce odlagate jeklenko, upo\u0161tevajte lokalne predpise in smernice za pravilno odstranjevanje.<\/li>\n<\/ul>\n<\/li>\n<li><strong>Ponovno sestavite stol:<\/strong>\n<ul>\n<li>Ponovno namestite sede\u017e stola tako, da poravnate luknje za vijake in jih pritrdite z ustreznimi vijaki, \u010de ste odstranili sede\u017e stola.<\/li>\n<li>Preden stol ponovno uporabite, se prepri\u010dajte, da je sede\u017e trdno pritrjen in stabilen.<\/li>\n<\/ul>\n<\/li>\n<\/ol>\n<h2><strong>Zmogljivost in zmogljivost tovarne:<\/strong><\/h2>\n<h3>(1) Sestavljanje<\/h3>\n<p>Imamo prvovrstno neodvisno platformo za raziskave in razvoj. Delavnica za proizvodnjo hidravli\u010dnih cilindrov ima \u0161tiri polavtomatske monta\u017ene linije za dvi\u017ene cilindre in eno avtomatsko monta\u017eno linijo za nagibne cilindre z letno proizvodno zmogljivostjo 1 milijona kosov. Delavnica za posebne cilindre je opremljena z razli\u010dnimi specifikacijami polavtomatskega sistema za \u010di\u0161\u010denje in monta\u017eo z letno proizvodno zmogljivostjo 200.000 kosov ter znano CNC obdelovalno opremo, obdelovalnim centrom, visoko precizno posebno opremo za obdelavo cilindrov, robotskim varilnim strojem, avtomatskim \u010distilnim strojem, avtomatskim strojem za monta\u017eo cilindrov in avtomatsko proizvodno linijo za barvanje. Obstoje\u010da kriti\u010dna oprema obsega ve\u010d kot 300 kompletov (kompletov). Optimalna razporeditev in u\u010dinkovita uporaba opremnih virov zagotavljata zahteve glede natan\u010dnosti izdelkov in izpolnjujeta visoke zahteve glede kakovosti izdelkov.<\/p>\n<p><img loading=\"lazy\" decoding=\"async\" class=\"alignnone wp-image-626\" src=\"https:\/\/hydraulic-cylinders.net\/wp-content\/uploads\/2023\/08\/hydraulic-cylinder-product-1-300x158.webp\" alt=\"\" width=\"495\" height=\"260\" srcset=\"https:\/\/hydraulic-cylinders.net\/wp-content\/uploads\/2023\/08\/hydraulic-cylinder-product-1-300x158.webp 495w, https:\/\/hydraulic-cylinders.net\/wp-content\/uploads\/2023\/08\/hydraulic-cylinder-product-1-480x252.webp 480w\" sizes=\"(min-width: 0px) and (max-width: 480px) 480px, (min-width: 481px) 495px, 100vw\" \/> <img loading=\"lazy\" decoding=\"async\" class=\"alignnone wp-image-627\" src=\"https:\/\/hydraulic-cylinders.net\/wp-content\/uploads\/2023\/08\/hydraulic-cylinder-product-2-300x189.webp\" alt=\"\" width=\"413\" height=\"260\" \/><\/p>\n<h3>(2) Strojna obdelava<\/h3>\n<p>Strojna delavnica je opremljena s prilagojenim centrom za stru\u017eenje nagnjenih tirnic, obdelovalnim centrom, visokohitrostnim strojem za honanje, varilnim robotom in drugo sorodno opremo, ki lahko obdeluje cilindri\u010dne cevi z najve\u010djim notranjim premerom 400 mm in najve\u010djo dol\u017eino 6 metrov.<\/p>\n<p><img loading=\"lazy\" decoding=\"async\" class=\"alignnone wp-image-628 size-large\" src=\"https:\/\/hydraulic-cylinders.net\/wp-content\/uploads\/2023\/08\/hydraulic-cylinder-product-3-1024x391.webp\" alt=\"\" width=\"1024\" height=\"391\" srcset=\"https:\/\/hydraulic-cylinders.net\/wp-content\/uploads\/2023\/08\/hydraulic-cylinder-product-3-980x374.webp 980w, https:\/\/hydraulic-cylinders.net\/wp-content\/uploads\/2023\/08\/hydraulic-cylinder-product-3-480x183.webp 480w\" sizes=\"(min-width: 0px) and (max-width: 480px) 480px, (min-width: 481px) and (max-width: 980px) 980px, (min-width: 981px) 1024px, 100vw\" \/><\/p>\n<h3>(3) Varjenje<\/h3>\n<p><img loading=\"lazy\" decoding=\"async\" class=\"alignnone wp-image-629 size-large\" src=\"https:\/\/hydraulic-cylinders.net\/wp-content\/uploads\/2023\/08\/hydraulic-cylinder-product-4-1024x510.webp\" alt=\"\" width=\"1024\" height=\"510\" srcset=\"https:\/\/hydraulic-cylinders.net\/wp-content\/uploads\/2023\/08\/hydraulic-cylinder-product-4-980x488.webp 980w, https:\/\/hydraulic-cylinders.net\/wp-content\/uploads\/2023\/08\/hydraulic-cylinder-product-4-480x239.webp 480w\" sizes=\"(min-width: 0px) and (max-width: 480px) 480px, (min-width: 481px) and (max-width: 980px) 980px, (min-width: 981px) 1024px, 100vw\" \/><\/p>\n<h3>(4) Barvanje in premazovanje<\/h3>\n<p>Z majhnimi in srednje velikimi cilindri\u010dnimi avtomatskimi linijami za barvanje na vodni osnovi, za doseganje avtomatskega nakladanja in razkladanja robotov ter avtomatskega brizganja, je projektna zmogljivost 4000 kosov na izmeno;<br \/>\nImamo tudi polavtomatsko linijo za proizvodnjo barv za velike jeklenke, ki jo poganja veriga, s projektno zmogljivostjo 60 zabojev na izmeno.<\/p>\n<p><img loading=\"lazy\" decoding=\"async\" class=\"alignnone wp-image-630\" src=\"https:\/\/hydraulic-cylinders.net\/wp-content\/uploads\/2023\/08\/hydraulic-cylinder-product-5-300x213.webp\" alt=\"\" width=\"366\" height=\"260\" \/> <img loading=\"lazy\" decoding=\"async\" class=\"alignnone wp-image-631\" src=\"https:\/\/hydraulic-cylinders.net\/wp-content\/uploads\/2023\/08\/hydraulic-cylinder-product-6-300x225.webp\" alt=\"\" width=\"347\" height=\"260\" \/><\/p>\n<h3>(5) Testiranje<\/h3>\n<p>Imamo prvovrstne in\u0161pekcijske prostore in testne postaje, s katerimi zagotavljamo, da delovanje jeklenke izpolnjuje zahteve.<\/p>\n<p><img loading=\"lazy\" decoding=\"async\" class=\"alignnone wp-image-632\" src=\"https:\/\/hydraulic-cylinders.net\/wp-content\/uploads\/2023\/08\/hydraulic-cylinder-product-8-300x200.webp\" alt=\"\" width=\"389\" height=\"260\" \/><\/p>\n<p>&nbsp;<\/p>\n<p>&nbsp;<\/p>\n<p>Smo eden najbolj\u0161ih proizvajalcev kompaktnih hidravli\u010dnih cilindrov. Ponujamo vam celovito zalogo kompaktnih hidravli\u010dnih cilindrov. Zagotavljamo tudi ustrezne <a href=\"https:\/\/hzpt.com\/agricultural-pto-gearbox\/\" target=\"_blank\" rel=\"noopener\">kmetijski menjalniki<\/a>Na\u0161e izdelke smo izvozili strankam po vsem svetu in si prislu\u017eili dober ugled zaradi vrhunske kakovosti izdelkov in poprodajnih storitev. Z veseljem vas vabimo, da nas kontaktirate za poslovne dogovore, izmenjavo informacij in ... <a href=\"https:\/\/www.hydraulic-cylinders.net\/sl\/contact-us\/\">sodelujte z nami<\/a>!<\/p>\n<h2><\/h2>","protected":false},"excerpt":{"rendered":"<p>Foot Joint Two Stage Telescopic Hydraulic Cylinder The foot joint two-stage telescopic hydraulic cylinder is an advanced hydraulic component that provides efficient and reliable power transmission in a wide range of industrial applications. With its innovative design, superior performance and versatility, this hydraulic cylinder offers precise control and increased productivity. Whether used in construction, material [&hellip;]<\/p>","protected":false},"featured_media":1279,"comment_status":"open","ping_status":"closed","template":"","meta":{"_et_pb_use_builder":"","_et_pb_old_content":"","_et_gb_content_width":""},"product_brand":[],"product_cat":[1376,1393],"product_tag":[1380],"class_list":{"0":"post-1277","1":"product","2":"type-product","3":"status-publish","4":"has-post-thumbnail","6":"product_cat-hydraulic-cylinder","7":"product_cat-telescopic-hydraulic-cylinder","8":"product_tag-hydraulic-cylinder","10":"first","11":"instock","12":"shipping-taxable","13":"product-type-simple"},"amp_enabled":true,"_links":{"self":[{"href":"https:\/\/www.hydraulic-cylinders.net\/sl\/wp-json\/wp\/v2\/product\/1277","targetHints":{"allow":["GET"]}}],"collection":[{"href":"https:\/\/www.hydraulic-cylinders.net\/sl\/wp-json\/wp\/v2\/product"}],"about":[{"href":"https:\/\/www.hydraulic-cylinders.net\/sl\/wp-json\/wp\/v2\/types\/product"}],"replies":[{"embeddable":true,"href":"https:\/\/www.hydraulic-cylinders.net\/sl\/wp-json\/wp\/v2\/comments?post=1277"}],"wp:featuredmedia":[{"embeddable":true,"href":"https:\/\/www.hydraulic-cylinders.net\/sl\/wp-json\/wp\/v2\/media\/1279"}],"wp:attachment":[{"href":"https:\/\/www.hydraulic-cylinders.net\/sl\/wp-json\/wp\/v2\/media?parent=1277"}],"wp:term":[{"taxonomy":"product_brand","embeddable":true,"href":"https:\/\/www.hydraulic-cylinders.net\/sl\/wp-json\/wp\/v2\/product_brand?post=1277"},{"taxonomy":"product_cat","embeddable":true,"href":"https:\/\/www.hydraulic-cylinders.net\/sl\/wp-json\/wp\/v2\/product_cat?post=1277"},{"taxonomy":"product_tag","embeddable":true,"href":"https:\/\/www.hydraulic-cylinders.net\/sl\/wp-json\/wp\/v2\/product_tag?post=1277"}],"curies":[{"name":"delovni list","href":"https:\/\/api.w.org\/{rel}","templated":true}]}}