{"id":1286,"date":"2023-09-15T08:52:26","date_gmt":"2023-09-15T08:52:26","guid":{"rendered":"https:\/\/hydraulic-cylinders.net\/?post_type=product&#038;p=1286"},"modified":"2025-03-27T01:00:52","modified_gmt":"2025-03-27T01:00:52","slug":"earring-joint-two-stage-telescopic-hydraulic-cylinder","status":"publish","type":"product","link":"https:\/\/www.hydraulic-cylinders.net\/sl\/izdelek\/earring-joint-two-stage-telescopic-hydraulic-cylinder\/","title":{"rendered":"Dvostopenjski teleskopski hidravli\u010dni cilinder z uhanskim spojem"},"content":{"rendered":"<h1 style=\"text-align: center;\"><strong>Dvostopenjski teleskopski hidravli\u010dni cilinder z uhanskim spojem<\/strong><\/h1>\n<p>Dvostopenjski teleskopski hidravli\u010dni cilinder Earring Joint je najsodobnej\u0161a hidravli\u010dna naprava, zasnovana za u\u010dinkovit prenos mo\u010di v razli\u010dnih industrijskih aplikacijah. Z inovativno zasnovo, vrhunsko zmogljivostjo in vsestranskostjo ta hidravli\u010dni cilinder ponuja natan\u010den nadzor in pove\u010dano produktivnost. Ne glede na to, ali se uporablja v gradbeni\u0161tvu, ravnanju z materiali ali kmetijski mehanizaciji, so dvostopenjski teleskopski hidravli\u010dni cilindri Earring Joint zasnovani za optimizacijo hidravli\u010dnega delovanja in zagotavljanje izjemnih rezultatov.<\/p>\n<p>Kompaktni cilindri serije CX se uporabljajo za vpenjanje cilindrov. Njihova namestitev je majhna. Na\u0161a tovarna ima napredno hidravli\u010dno opremo, vklju\u010dno z vertikalnim in horizontalnim obdelovalnim centrom ter srednjimi in velikimi hidravli\u010dnimi cilindri. Tehnologija izdelave tankih cilindrov je odli\u010dna.<\/p>\n<p><img loading=\"lazy\" decoding=\"async\" class=\"aligncenter wp-image-1287\" src=\"https:\/\/hydraulic-cylinders.net\/wp-content\/uploads\/2023\/09\/two-stage-telescopic-hydraulic-cylinder-3-300x300.webp\" alt=\"\" width=\"400\" height=\"400\" \/><\/p>\n<h2><strong>Parameter dvostopenjskega teleskopskega hidravli\u010dnega cilindra z uhanskim spojem:<\/strong><\/h2>\n<p><img loading=\"lazy\" decoding=\"async\" class=\"alignnone wp-image-1289 size-full\" src=\"https:\/\/hydraulic-cylinders.net\/wp-content\/uploads\/2023\/09\/two-stage-telescopic-hydraulic-cylinder-3-2.webp\" alt=\"\" width=\"1430\" height=\"1123\" srcset=\"https:\/\/hydraulic-cylinders.net\/wp-content\/uploads\/2023\/09\/two-stage-telescopic-hydraulic-cylinder-3-2.webp 1430w, https:\/\/hydraulic-cylinders.net\/wp-content\/uploads\/2023\/09\/two-stage-telescopic-hydraulic-cylinder-3-2-1280x1005.webp 1280w, https:\/\/hydraulic-cylinders.net\/wp-content\/uploads\/2023\/09\/two-stage-telescopic-hydraulic-cylinder-3-2-980x770.webp 980w, https:\/\/hydraulic-cylinders.net\/wp-content\/uploads\/2023\/09\/two-stage-telescopic-hydraulic-cylinder-3-2-480x377.webp 480w\" sizes=\"(min-width: 0px) and (max-width: 480px) 480px, (min-width: 481px) and (max-width: 980px) 980px, (min-width: 981px) and (max-width: 1280px) 1280px, (min-width: 1281px) 1430px, 100vw\" \/><\/p>\n<h2><strong>Dvostopenjski teleskopski hidravli\u010dni cilinder z uhanskim spojem <\/strong><strong>Klju\u010dne lastnosti in prednosti<\/strong><strong>:<\/strong><\/h2>\n<ol>\n<li><strong>Dvostopenjska teleskopska zasnova:<\/strong>\n<ul>\n<li>Dvostopenjski teleskopski hidravli\u010dni cilinder z u\u0161esnim spojem ima dvostopenjsko teleskopsko zasnovo, ki pove\u010da dol\u017eino hoda, hkrati pa ohranja kompaktno zlo\u017eljivo velikost.<\/li>\n<li>Ta zasnova zagotavlja ve\u010dji doseg brez kompromisov pri prostorskih omejitvah, zaradi \u010desar je idealna za aplikacije, kjer sta razdalja in kompaktnost klju\u010dnega pomena.<\/li>\n<\/ul>\n<\/li>\n<li><strong>Konstrukcija spoja uhanov:<\/strong>\n<ul>\n<li>Cilinder je opremljen z u\u0161esno spojno konstrukcijo, ki omogo\u010da gladko in sinhronizirano gibanje teleskopskih nosilcev.<\/li>\n<li>Mehanizem uhanov zagotavlja stabilnost, natan\u010dno poravnavo in odli\u010dno nosilnost med delovanjem.<\/li>\n<\/ul>\n<\/li>\n<li><strong>Natan\u010den nadzor:<\/strong>\n<ul>\n<li>Dvostopenjski teleskopski hidravli\u010dni cilinder z u\u0161esnim spojem zagotavlja odli\u010den nadzor nad raztezanjem in kr\u010denjem, kar omogo\u010da natan\u010dno pozicioniranje in u\u010dinkovito delovanje.<\/li>\n<li>Natan\u010den mehanizem za nadzor zagotavlja gladko in nadzorovano gibanje, kar izbolj\u0161a splo\u0161no produktivnost in natan\u010dnost.<\/li>\n<\/ul>\n<\/li>\n<li><strong>Visoka nosilnost:<\/strong>\n<ul>\n<li>Dvostopenjski teleskopski hidravli\u010dni cilindri z u\u0161esnim spojem, zasnovani za prena\u0161anje te\u017ekih bremen in zahtevne industrijske aplikacije, zagotavljajo izjemno nosilnost.<\/li>\n<li>Lahko dvigne, potiska ali vle\u010de velike koli\u010dine te\u017ee, zaradi \u010desar je zanesljiva izbira za naloge, ki zahtevajo veliko sile.<\/li>\n<\/ul>\n<\/li>\n<\/ol>\n<h2><strong>Dvostopenjski teleskopski hidravli\u010dni cilinder z uhanskim spojem <\/strong><strong>Na\u010din uporabe<\/strong><strong>:<\/strong><\/h2>\n<ol>\n<li><strong>Monta\u017ea in namestitev:<\/strong>\n<ul>\n<li>Dolo\u010dite ustrezno mesto namestitve sekundarnega teleskopskega hidravli\u010dnega cilindra u\u0161esnega spoja glede na va\u0161o opremo ali mehanske zahteve.<\/li>\n<li>Prepri\u010dajte se, da je monta\u017ena povr\u0161ina trdna, ravna in da lahko varno podpira te\u017eo in obremenitev jeklenke.<\/li>\n<\/ul>\n<\/li>\n<li><strong>Priklju\u010dek hidravli\u010dnega sistema:<\/strong>\n<ul>\n<li>Hidravli\u010dni valj priklju\u010dite na hidravli\u010dni sistem z uporabo zdru\u017eljive hidravli\u010dne cevi ali cevi.<\/li>\n<li>Pravilna poravnava in tesne povezave prepre\u010dujejo pu\u0161\u010danje in zagotavljajo optimalno delovanje.<\/li>\n<\/ul>\n<\/li>\n<li><strong>Upravljanje cilindra:<\/strong>\n<ul>\n<li>Aktivirajte hidravli\u010dni sistem in za\u017eenite premikanje sekundarnega teleskopskega hidravli\u010dnega cilindra priklju\u010dka za uhane.<\/li>\n<li>Za u\u010dinkovito delovanje uporabite hidravli\u010dni krmilni sistem, kot je ventil ali vzvod, za natan\u010den nadzor raztezanja in kr\u010denja valja.<\/li>\n<\/ul>\n<\/li>\n<\/ol>\n<h2><strong>Kako deluje enosmerni hidravli\u010dni cilinder?<\/strong><\/h2>\n<p>Enosmerni, enosmerno delujo\u010di hidravli\u010dni cilinder deluje s pomo\u010djo hidravli\u010dnega sistema za ustvarjanje linearnega gibanja v eno smer. Sestavljen je iz cilindra, bata, batnice in hidravli\u010dne teko\u010dine. Takole deluje:<\/p>\n<ol>\n<li><strong>Dovod hidravli\u010dne teko\u010dine:<\/strong>\n<ul>\n<li>Hidravli\u010dni sistem dovaja tla\u010dno teko\u010dino, obi\u010dajno olje, v valj prek hidravli\u010dne \u010drpalke ali vira energije.<\/li>\n<\/ul>\n<\/li>\n<li><strong>Podalj\u0161ek cilindra:<\/strong>\n<ul>\n<li>Ko se hidravli\u010dna teko\u010dina dovaja v valj, vstopi v valj skozi dovodno odprtino.<\/li>\n<li>Tla\u010dna teko\u010dina pritiska na bat, zaradi \u010desar se ta premakne v \u017eeleno smer (obi\u010dajno se batna palica podalj\u0161a).<\/li>\n<li>Ko se tlak teko\u010dine pove\u010da, premaga upor oziroma obremenitev bata, kar povzro\u010di podalj\u0161anje batnice.<\/li>\n<\/ul>\n<\/li>\n<li><strong>Mehanizem tesnjenja:<\/strong>\n<ul>\n<li>Cev valja je zatesnjena, da se prepre\u010di pu\u0161\u010danje teko\u010dine. Obi\u010dajno vklju\u010duje tesnila okoli bata in batnice, kot so O-tesnila ali tesnila z ustjem.<\/li>\n<li>Ta tesnila zagotavljajo, da tla\u010dna teko\u010dina deluje le na eno stran bata, kar ustvarja neravnovesje tlaka, ki bat poganja v \u017eeleno smer.<\/li>\n<\/ul>\n<\/li>\n<li><strong>Povratni hod:<\/strong>\n<ul>\n<li>Po podalj\u0161anem hodu se hidravli\u010dna teko\u010dina sprosti oziroma odzra\u010di iz valja.<\/li>\n<li>Hidravli\u010dni sistem lahko za vrnitev bata in batnice v za\u010detni polo\u017eaj uporabi gravitacijo, vzmet ali zunanjo silo.<\/li>\n<li>Med povratnim hodom hidravli\u010dna teko\u010dina izte\u010de iz valja skozi izstopno odprtino.<\/li>\n<\/ul>\n<\/li>\n<li><strong>Podpora obremenitve:<\/strong>\n<ul>\n<li>Batnica hidravli\u010dnega cilindra je pogosto povezana z obremenitvijo ali mehanizmom, ki zahteva linearno gibanje ali silo.<\/li>\n<li>Ko se bat iztegne ali umakne, zagotovi potrebno silo za premikanje ali podpiranje bremena.<\/li>\n<\/ul>\n<\/li>\n<li><strong>Krmiljenje in ventili:<\/strong>\n<ul>\n<li>Za krmiljenje iztegovanja in vvla\u010devanja enosmernega hidravli\u010dnega cilindra hidravli\u010dni sistem vklju\u010duje ventile, kot so povratni ventili ali razsmerni regulacijski ventili.<\/li>\n<li>Ti ventili uravnavajo pretok hidravli\u010dne teko\u010dine, kar omogo\u010da, da vstopi in izstopi iz valja v \u017eeleni smeri.<\/li>\n<\/ul>\n<\/li>\n<li><strong>Posebnosti uporabe:<\/strong>\n<ul>\n<li>Enosmerni hidravli\u010dni cilindri se pogosto uporabljajo v aplikacijah, kjer je potrebna sila ali gibanje samo v eni smeri, kot so dvigovanje, potiskanje ali vpenjanje.<\/li>\n<li>Pogosto jih najdemo v hidravli\u010dnih dvigalkah, hidravli\u010dnih stiskalnicah, prekucnikih in razli\u010dni drugi industrijski in mobilni opremi.<\/li>\n<\/ul>\n<\/li>\n<\/ol>\n<h2><strong>Zmogljivost in zmogljivost tovarne:<\/strong><\/h2>\n<h3>(1) Sestavljanje<\/h3>\n<p>Imamo prvovrstno neodvisno platformo za raziskave in razvoj. Delavnica za proizvodnjo hidravli\u010dnih cilindrov ima \u0161tiri polavtomatske monta\u017ene linije za dvi\u017ene cilindre in eno avtomatsko monta\u017eno linijo za nagibne cilindre z letno proizvodno zmogljivostjo 1 milijona kosov. Delavnica za posebne cilindre je opremljena z razli\u010dnimi specifikacijami polavtomatskega sistema za \u010di\u0161\u010denje in monta\u017eo z letno proizvodno zmogljivostjo 200.000 kosov ter znano CNC obdelovalno opremo, obdelovalnim centrom, visoko precizno posebno opremo za obdelavo cilindrov, robotskim varilnim strojem, avtomatskim \u010distilnim strojem, avtomatskim strojem za monta\u017eo cilindrov in avtomatsko proizvodno linijo za barvanje. Obstoje\u010da kriti\u010dna oprema obsega ve\u010d kot 300 kompletov (kompletov). Optimalna razporeditev in u\u010dinkovita uporaba opremnih virov zagotavljata zahteve glede natan\u010dnosti izdelkov in izpolnjujeta visoke zahteve glede kakovosti izdelkov.<\/p>\n<p><img loading=\"lazy\" decoding=\"async\" class=\"alignnone wp-image-626\" src=\"https:\/\/hydraulic-cylinders.net\/wp-content\/uploads\/2023\/08\/hydraulic-cylinder-product-1-300x158.webp\" alt=\"\" width=\"495\" height=\"260\" srcset=\"https:\/\/hydraulic-cylinders.net\/wp-content\/uploads\/2023\/08\/hydraulic-cylinder-product-1-300x158.webp 495w, https:\/\/hydraulic-cylinders.net\/wp-content\/uploads\/2023\/08\/hydraulic-cylinder-product-1-480x252.webp 480w\" sizes=\"(min-width: 0px) and (max-width: 480px) 480px, (min-width: 481px) 495px, 100vw\" \/> <img loading=\"lazy\" decoding=\"async\" class=\"alignnone wp-image-627\" src=\"https:\/\/hydraulic-cylinders.net\/wp-content\/uploads\/2023\/08\/hydraulic-cylinder-product-2-300x189.webp\" alt=\"\" width=\"413\" height=\"260\" \/><\/p>\n<h3>(2) Strojna obdelava<\/h3>\n<p>Strojna delavnica je opremljena s prilagojenim centrom za stru\u017eenje nagnjenih tirnic, obdelovalnim centrom, visokohitrostnim strojem za honanje, varilnim robotom in drugo sorodno opremo, ki lahko obdeluje cilindri\u010dne cevi z najve\u010djim notranjim premerom 400 mm in najve\u010djo dol\u017eino 6 metrov.<\/p>\n<p><img loading=\"lazy\" decoding=\"async\" class=\"alignnone wp-image-628 size-large\" src=\"https:\/\/hydraulic-cylinders.net\/wp-content\/uploads\/2023\/08\/hydraulic-cylinder-product-3-1024x391.webp\" alt=\"\" width=\"1024\" height=\"391\" srcset=\"https:\/\/hydraulic-cylinders.net\/wp-content\/uploads\/2023\/08\/hydraulic-cylinder-product-3-980x374.webp 980w, https:\/\/hydraulic-cylinders.net\/wp-content\/uploads\/2023\/08\/hydraulic-cylinder-product-3-480x183.webp 480w\" sizes=\"(min-width: 0px) and (max-width: 480px) 480px, (min-width: 481px) and (max-width: 980px) 980px, (min-width: 981px) 1024px, 100vw\" \/><\/p>\n<h3>(3) Varjenje<\/h3>\n<p><img loading=\"lazy\" decoding=\"async\" class=\"alignnone wp-image-629 size-large\" src=\"https:\/\/hydraulic-cylinders.net\/wp-content\/uploads\/2023\/08\/hydraulic-cylinder-product-4-1024x510.webp\" alt=\"\" width=\"1024\" height=\"510\" srcset=\"https:\/\/hydraulic-cylinders.net\/wp-content\/uploads\/2023\/08\/hydraulic-cylinder-product-4-980x488.webp 980w, https:\/\/hydraulic-cylinders.net\/wp-content\/uploads\/2023\/08\/hydraulic-cylinder-product-4-480x239.webp 480w\" sizes=\"(min-width: 0px) and (max-width: 480px) 480px, (min-width: 481px) and (max-width: 980px) 980px, (min-width: 981px) 1024px, 100vw\" \/><\/p>\n<h3>(4) Barvanje in premazovanje<\/h3>\n<p>Z majhnimi in srednje velikimi cilindri\u010dnimi avtomatskimi linijami za barvanje na vodni osnovi, za doseganje avtomatskega nakladanja in razkladanja robotov ter avtomatskega brizganja, je projektna zmogljivost 4000 kosov na izmeno;<br \/>\nImamo tudi polavtomatsko linijo za proizvodnjo barv za velike jeklenke, ki jo poganja veriga, s projektno zmogljivostjo 60 zabojev na izmeno.<\/p>\n<p><img loading=\"lazy\" decoding=\"async\" class=\"alignnone wp-image-630\" src=\"https:\/\/hydraulic-cylinders.net\/wp-content\/uploads\/2023\/08\/hydraulic-cylinder-product-5-300x213.webp\" alt=\"\" width=\"366\" height=\"260\" \/> <img loading=\"lazy\" decoding=\"async\" class=\"alignnone wp-image-631\" src=\"https:\/\/hydraulic-cylinders.net\/wp-content\/uploads\/2023\/08\/hydraulic-cylinder-product-6-300x225.webp\" alt=\"\" width=\"347\" height=\"260\" \/><\/p>\n<h3>(5) Testiranje<\/h3>\n<p>Imamo prvovrstne in\u0161pekcijske prostore in testne postaje, s katerimi zagotavljamo, da delovanje jeklenke izpolnjuje zahteve.<\/p>\n<p><img loading=\"lazy\" decoding=\"async\" class=\"alignnone wp-image-632\" src=\"https:\/\/hydraulic-cylinders.net\/wp-content\/uploads\/2023\/08\/hydraulic-cylinder-product-8-300x200.webp\" alt=\"\" width=\"389\" height=\"260\" \/><\/p>\n<p>&nbsp;<\/p>\n<p>&nbsp;<\/p>\n<p>Smo eden najbolj\u0161ih proizvajalcev kompaktnih hidravli\u010dnih cilindrov. Ponujamo vam celovito zalogo kompaktnih hidravli\u010dnih cilindrov. Zagotavljamo tudi ustrezne <a href=\"https:\/\/hzpt.com\/agricultural-pto-gearbox\/\" target=\"_blank\" rel=\"noopener\">kmetijski menjalniki<\/a>Na\u0161e izdelke smo izvozili strankam po vsem svetu in si prislu\u017eili dober ugled zaradi vrhunske kakovosti izdelkov in poprodajnih storitev. Z veseljem vas vabimo, da nas kontaktirate za poslovne dogovore, izmenjavo informacij in ... <a href=\"https:\/\/www.hydraulic-cylinders.net\/sl\/contact-us\/\">sodelujte z nami<\/a>!<\/p>\n<h2><\/h2>\n<h2><\/h2>","protected":false},"excerpt":{"rendered":"<p>Earring Joint Two Stage Telescopic Hydraulic Cylinder The earring joint two-stage telescopic hydraulic cylinder is a cutting-edge hydraulic device designed to provide efficient power transmission in a variety of industrial applications. With its innovative design, superior performance and versatility, this hydraulic cylinder offers precise control and increased productivity. Whether used in construction, material handling, or [&hellip;]<\/p>","protected":false},"featured_media":1288,"comment_status":"open","ping_status":"closed","template":"","meta":{"_et_pb_use_builder":"","_et_pb_old_content":"","_et_gb_content_width":""},"product_brand":[],"product_cat":[1376,1393],"product_tag":[1380],"class_list":{"0":"post-1286","1":"product","2":"type-product","3":"status-publish","4":"has-post-thumbnail","6":"product_cat-hydraulic-cylinder","7":"product_cat-telescopic-hydraulic-cylinder","8":"product_tag-hydraulic-cylinder","10":"first","11":"instock","12":"shipping-taxable","13":"product-type-simple"},"amp_enabled":true,"_links":{"self":[{"href":"https:\/\/www.hydraulic-cylinders.net\/sl\/wp-json\/wp\/v2\/product\/1286","targetHints":{"allow":["GET"]}}],"collection":[{"href":"https:\/\/www.hydraulic-cylinders.net\/sl\/wp-json\/wp\/v2\/product"}],"about":[{"href":"https:\/\/www.hydraulic-cylinders.net\/sl\/wp-json\/wp\/v2\/types\/product"}],"replies":[{"embeddable":true,"href":"https:\/\/www.hydraulic-cylinders.net\/sl\/wp-json\/wp\/v2\/comments?post=1286"}],"wp:featuredmedia":[{"embeddable":true,"href":"https:\/\/www.hydraulic-cylinders.net\/sl\/wp-json\/wp\/v2\/media\/1288"}],"wp:attachment":[{"href":"https:\/\/www.hydraulic-cylinders.net\/sl\/wp-json\/wp\/v2\/media?parent=1286"}],"wp:term":[{"taxonomy":"product_brand","embeddable":true,"href":"https:\/\/www.hydraulic-cylinders.net\/sl\/wp-json\/wp\/v2\/product_brand?post=1286"},{"taxonomy":"product_cat","embeddable":true,"href":"https:\/\/www.hydraulic-cylinders.net\/sl\/wp-json\/wp\/v2\/product_cat?post=1286"},{"taxonomy":"product_tag","embeddable":true,"href":"https:\/\/www.hydraulic-cylinders.net\/sl\/wp-json\/wp\/v2\/product_tag?post=1286"}],"curies":[{"name":"delovni list","href":"https:\/\/api.w.org\/{rel}","templated":true}]}}