{"id":1420,"date":"2023-09-18T08:30:35","date_gmt":"2023-09-18T08:30:35","guid":{"rendered":"https:\/\/hydraulic-cylinders.net\/?post_type=product&#038;p=1420"},"modified":"2025-04-11T02:57:08","modified_gmt":"2025-04-11T02:57:08","slug":"32-mdc-series-compact-mold-cylinder","status":"publish","type":"product","link":"https:\/\/www.hydraulic-cylinders.net\/sl\/izdelek\/32-mdc-series-compact-mold-cylinder\/","title":{"rendered":"32 Kompaktni valj za kalupe serije MDC"},"content":{"rendered":"<h1 style=\"text-align: center;\"><strong>32 Kompaktni valj za kalupe serije MDC<\/strong><\/h1>\n<p>The 32 MDC Series compact mold cylinder is an efficient and versatile hydraulic cylinder designed specifically for die applications. With its compact design, superior performance, and durable construction, this cylinder provides reliable and precise operation in various industrial environments. Whether used in injection molding machines, die-casting equipment, or other die-related applications, the 32 MDC compact mold cylinder delivers exceptional functionality and productivity.<\/p>\n<p>\u00b7 MDC je kompaktni hidravli\u010dni cilinder (cx) z elektri\u010dno omarico in batnico za natan\u010den nadzor nevtronskega polo\u017eaja kalupa.<br \/>\n\u00b7 Hidravli\u010dni cilinder, primeren za uporabo v plasti\u010dnih kalupih.<\/p>\n<p><img loading=\"lazy\" decoding=\"async\" class=\"wp-image-323230 aligncenter\" src=\"https:\/\/hzpt.com\/wp-content\/uploads\/2023\/09\/mdc-compact-hydraulic-cylinder-7.webp\" alt=\"\" width=\"400\" height=\"400\" \/><\/p>\n<h2><strong>Opis modela kompaktnega valja za kalupe:<\/strong><\/h2>\n<p><img loading=\"lazy\" decoding=\"async\" class=\"alignnone size-full wp-image-323234\" src=\"https:\/\/hzpt.com\/wp-content\/uploads\/2023\/09\/mdc-compact-hydraulic-cylinder-2.webp\" alt=\"\" width=\"966\" height=\"882\" \/><\/p>\n<h2><strong>Karakteristi\u010dni podatki kompaktnega kalupnega valja:<\/strong><\/h2>\n<p><img loading=\"lazy\" decoding=\"async\" class=\"alignnone size-full wp-image-323236\" src=\"https:\/\/hzpt.com\/wp-content\/uploads\/2023\/09\/mdc-compact-hydraulic-cylinder-3-1.webp\" alt=\"\" width=\"899\" height=\"262\" \/><\/p>\n<h2><strong>Diagram strukture kompaktnega valja za kalupe:<\/strong><\/h2>\n<p><img loading=\"lazy\" decoding=\"async\" class=\"alignnone size-full wp-image-323250\" src=\"https:\/\/hzpt.com\/wp-content\/uploads\/2023\/09\/mdc-compact-hydraulic-cylinder-4-1.webp\" alt=\"\" width=\"737\" height=\"808\" \/><\/p>\n<h2><strong>Diagram velikosti priklju\u010dka batnice:<\/strong><\/h2>\n<p><img loading=\"lazy\" decoding=\"async\" class=\"alignnone size-large wp-image-323239\" src=\"https:\/\/hzpt.com\/wp-content\/uploads\/2023\/09\/mdc-compact-hydraulic-cylinder-5-787x1024.webp\" alt=\"\" width=\"787\" height=\"1024\" \/><\/p>\n<h2><strong>Polo\u017eaj sponke elektri\u010dne omarice, polo\u017eaj oljne odprtine in polo\u017eaj razdelilne vti\u010dnice:<\/strong><\/h2>\n<p><img loading=\"lazy\" decoding=\"async\" class=\"alignnone size-large wp-image-323241\" src=\"https:\/\/hzpt.com\/wp-content\/uploads\/2023\/09\/mdc-compact-hydraulic-cylinder-6-616x1024.webp\" alt=\"\" width=\"616\" height=\"1024\" \/><\/p>\n<h2><strong>32 MDC Series Compact Mold Cylinder Parameter:<\/strong><\/h2>\n<p><img loading=\"lazy\" decoding=\"async\" class=\"alignnone size-large wp-image-323240\" src=\"https:\/\/hzpt.com\/wp-content\/uploads\/2023\/09\/mdc-compact-hydraulic-cylinder-7-1-903x1024.webp\" alt=\"\" width=\"903\" height=\"1024\" \/><\/p>\n<h2><strong>Key Features and Benefits Of 32 MDC Series Compact Mold Cylinder:<\/strong><\/h2>\n<ol>\n<li><strong>Kompaktna zasnova:<\/strong>\n<ul>\n<li>The 32 MDC Series compact mold cylinders feature a compact design that can be easily integrated into narrow Spaces and mold applications with limited clearance.<\/li>\n<li>Its space-saving design ensures optimal use of available workspace while maintaining high performance.<\/li>\n<\/ul>\n<\/li>\n<li><strong>High Precision and Accuracy:<\/strong>\n<ul>\n<li>The cylinder is designed to provide precise and accurate movement, ensuring consistent and repeatable results in mold operation.<\/li>\n<li>It provides excellent control over the mold&#8217;s opening, closing, and clamping actions, enabling high-quality production.<\/li>\n<\/ul>\n<\/li>\n<li><strong>Robustna konstrukcija:<\/strong>\n<ul>\n<li>The 32 MDC Series compact mold cylinders feature high-quality materials and components to withstand demanding operating conditions.<\/li>\n<li>It has excellent durability, wear resistance, and extended service life, minimizing downtime and maintenance costs.<\/li>\n<\/ul>\n<\/li>\n<li><strong>Hiter odzivni \u010das:<\/strong>\n<ul>\n<li>With its efficient hydraulic system and optimized design, the cylinder provides fast response times and reduces cycle times for mold operations.<\/li>\n<li>Rapid response can improve productivity and increase output.<\/li>\n<\/ul>\n<\/li>\n<\/ol>\n<h2><strong>Kako razstaviti hidravli\u010dni cilinder?<\/strong><\/h2>\n<p>Za demonta\u017eo hidravli\u010dnega cilindra sledite tem splo\u0161nim korakom:<\/p>\n<ol>\n<li><strong>Varnostni ukrepi:<\/strong>\n<ul>\n<li>Pred zagonom se prepri\u010dajte, da je hidravli\u010dni sistem brez tlaka in da je vir napajanja odklopljen.<\/li>\n<li>Za za\u0161\u010dito pred morebitnimi nevarnostmi uporabljajte ustrezno osebno za\u0161\u010ditno opremo, kot so rokavice in za\u0161\u010ditna o\u010dala.<\/li>\n<\/ul>\n<\/li>\n<li><strong>Pozicioniranje in podpora:<\/strong>\n<ul>\n<li>Hidravli\u010dni valj postavite na stabilno delovno povr\u0161ino in ga ustrezno podprite, da prepre\u010dite nenamerno premikanje ali po\u0161kodbe.<\/li>\n<\/ul>\n<\/li>\n<li><strong>Odstranite zunanje komponente:<\/strong>\n<ul>\n<li>Odklopite vse zunanje komponente, pritrjene na valj, kot so cevi, priklju\u010dki ali nosilci.<\/li>\n<li>Za previdno odvijanje in odstranitev teh komponent uporabite primerno orodje, kot so klju\u010di ali kle\u0161\u010de.<\/li>\n<\/ul>\n<\/li>\n<li><strong>Izpustite hidravli\u010dno teko\u010dino:<\/strong>\n<ul>\n<li>Poi\u0161\u010dite izpustni \u010dep ali ventil na valju in ga odstranite, da se hidravli\u010dna teko\u010dina izte\u010de v primerno posodo.<\/li>\n<li>Cilinder namestite tako, da omogo\u010dite popolno odtekanje.<\/li>\n<\/ul>\n<\/li>\n<li><strong>Razstavite kon\u010dne pokrov\u010dke:<\/strong>\n<ul>\n<li>Prepoznajte kon\u010dne pokrov\u010dke hidravli\u010dnega cilindra. Obi\u010dajno so name\u0161\u010deni na vsakem koncu cilindra.<\/li>\n<li>Odstranite vijake, vijake ali pritrdilne elemente in pritrdite kon\u010dne pokrov\u010dke z ustreznim orodjem.<\/li>\n<li>Po potrebi ne\u017eno potrkajte po kon\u010dnih pokrov\u010dkih z gumijastim kladivom, da pretrgate morebitno tesnilo ali lepilni spoj.<\/li>\n<\/ul>\n<\/li>\n<li><strong>Lo\u010dene komponente cilindra:<\/strong>\n<ul>\n<li>Ko odstranite kon\u010dne pokrov\u010dke, previdno izvlecite bat in batnico iz cilindra.<\/li>\n<li>Bodite pozorni na morebitna tesnila, le\u017eaje ali pu\u0161e in jih po potrebi odstranite.<\/li>\n<li>Za la\u017ejo ponovno sestavo upo\u0161tevajte vrstni red in orientacijo komponent.<\/li>\n<\/ul>\n<\/li>\n<li><strong>Pregled in \u010di\u0161\u010denje komponent:<\/strong>\n<ul>\n<li>Vsako razstavljeno komponento preglejte glede znakov obrabe, po\u0161kodb ali kontaminacije.<\/li>\n<li>Vse komponente o\u010distite z ustreznim topilom ali \u010distilom, da odstranite umazanijo, ostanke ali staro mazivo.<\/li>\n<li>Za ne\u017eno \u010di\u0161\u010denje povr\u0161in uporabite mehko krpo ali krta\u010do, ne da bi pri tem po\u0161kodovali povr\u0161ine.<\/li>\n<\/ul>\n<\/li>\n<li><strong>Zamenjava ali popravilo komponent:<\/strong>\n<ul>\n<li>\u010ce kateri koli sestavni deli ka\u017eejo znatno obrabo ali po\u0161kodbe, razmislite o njihovi zamenjavi z novimi.<\/li>\n<li>Popravite ali obnovite komponente, kot je zamenjava tesnil ali obnova batnice.<\/li>\n<\/ul>\n<\/li>\n<li><strong>Ponovna monta\u017ea:<\/strong>\n<ul>\n<li>Za ponovno sestavljanje hidravli\u010dnega cilindra sledite obratnemu vrstnemu redu razstavljanja in pri tem pazite na pravilno poravnavo in orientacijo komponent.<\/li>\n<li>Med ponovno monta\u017eo nama\u017eite ustrezne dele s priporo\u010deno hidravli\u010dno teko\u010dino ali mazivom.<\/li>\n<li>Vse pritrdilne elemente privijte v skladu s specifikacijami proizvajalca, po potrebi z momentnim klju\u010dem.<\/li>\n<\/ul>\n<\/li>\n<li><strong>Testiranje in pregled:<\/strong><\/li>\n<\/ol>\n<ul>\n<li>Ko je vse skupaj ponovno sestavljeno, ga temeljito pregledajte, da zagotovite pravilno poravnavo in pritrditev vseh komponent.<\/li>\n<li>Hidravli\u010dni valj preizkusite na nadzorovan na\u010din, da preverite njegovo delovanje in morebitna pu\u0161\u010danja ali nepravilno delovanje.<\/li>\n<\/ul>\n<h2><strong>Zmogljivost in zmogljivost tovarne:<\/strong><\/h2>\n<h3>(1) Sestavljanje<\/h3>\n<p>Imamo prvovrstno neodvisno platformo za raziskave in razvoj. Delavnica za proizvodnjo hidravli\u010dnih cilindrov ima \u0161tiri polavtomatske monta\u017ene linije za dvi\u017ene cilindre in eno avtomatsko monta\u017eno linijo za nagibne cilindre z letno proizvodno zmogljivostjo 1 milijona kosov. Delavnica za posebne cilindre je opremljena z razli\u010dnimi specifikacijami polavtomatskega sistema za \u010di\u0161\u010denje in monta\u017eo z letno proizvodno zmogljivostjo 200.000 kosov ter znano CNC obdelovalno opremo, obdelovalnim centrom, visoko precizno posebno opremo za obdelavo cilindrov, robotskim varilnim strojem, avtomatskim \u010distilnim strojem, avtomatskim strojem za monta\u017eo cilindrov in avtomatsko proizvodno linijo za barvanje. Obstoje\u010da kriti\u010dna oprema obsega ve\u010d kot 300 kompletov (kompletov). Optimalna razporeditev in u\u010dinkovita uporaba opremnih virov zagotavljata zahteve glede natan\u010dnosti izdelkov in izpolnjujeta visoke zahteve glede kakovosti izdelkov.<\/p>\n<p><img loading=\"lazy\" decoding=\"async\" class=\"alignnone wp-image-626\" src=\"https:\/\/hydraulic-cylinders.net\/wp-content\/uploads\/2023\/08\/hydraulic-cylinder-product-1-300x158.webp\" alt=\"\" width=\"495\" height=\"260\" srcset=\"https:\/\/hydraulic-cylinders.net\/wp-content\/uploads\/2023\/08\/hydraulic-cylinder-product-1-300x158.webp 495w, https:\/\/hydraulic-cylinders.net\/wp-content\/uploads\/2023\/08\/hydraulic-cylinder-product-1-480x252.webp 480w\" sizes=\"(min-width: 0px) and (max-width: 480px) 480px, (min-width: 481px) 495px, 100vw\" \/> <img loading=\"lazy\" decoding=\"async\" class=\"alignnone wp-image-627\" src=\"https:\/\/hydraulic-cylinders.net\/wp-content\/uploads\/2023\/08\/hydraulic-cylinder-product-2-300x189.webp\" alt=\"\" width=\"413\" height=\"260\" \/><\/p>\n<h3>(2) Strojna obdelava<\/h3>\n<p>Strojna delavnica je opremljena s prilagojenim centrom za stru\u017eenje nagnjenih tirnic, obdelovalnim centrom, visokohitrostnim strojem za honanje, varilnim robotom in drugo sorodno opremo, ki lahko obdeluje cilindri\u010dne cevi z najve\u010djim notranjim premerom 400 mm in najve\u010djo dol\u017eino 6 metrov.<\/p>\n<p><img loading=\"lazy\" decoding=\"async\" class=\"alignnone wp-image-628 size-large\" src=\"https:\/\/hydraulic-cylinders.net\/wp-content\/uploads\/2023\/08\/hydraulic-cylinder-product-3-1024x391.webp\" alt=\"\" width=\"1024\" height=\"391\" srcset=\"https:\/\/hydraulic-cylinders.net\/wp-content\/uploads\/2023\/08\/hydraulic-cylinder-product-3-980x374.webp 980w, https:\/\/hydraulic-cylinders.net\/wp-content\/uploads\/2023\/08\/hydraulic-cylinder-product-3-480x183.webp 480w\" sizes=\"(min-width: 0px) and (max-width: 480px) 480px, (min-width: 481px) and (max-width: 980px) 980px, (min-width: 981px) 1024px, 100vw\" \/><\/p>\n<h3>(3) Varjenje<\/h3>\n<p><img loading=\"lazy\" decoding=\"async\" class=\"alignnone wp-image-629 size-large\" src=\"https:\/\/hydraulic-cylinders.net\/wp-content\/uploads\/2023\/08\/hydraulic-cylinder-product-4-1024x510.webp\" alt=\"\" width=\"1024\" height=\"510\" srcset=\"https:\/\/hydraulic-cylinders.net\/wp-content\/uploads\/2023\/08\/hydraulic-cylinder-product-4-980x488.webp 980w, https:\/\/hydraulic-cylinders.net\/wp-content\/uploads\/2023\/08\/hydraulic-cylinder-product-4-480x239.webp 480w\" sizes=\"(min-width: 0px) and (max-width: 480px) 480px, (min-width: 481px) and (max-width: 980px) 980px, (min-width: 981px) 1024px, 100vw\" \/><\/p>\n<h3>(4) Barvanje in premazovanje<\/h3>\n<p>Z majhnimi in srednje velikimi cilindri\u010dnimi avtomatskimi linijami za barvanje na vodni osnovi, za doseganje avtomatskega nakladanja in razkladanja robotov ter avtomatskega brizganja, je projektna zmogljivost 4000 kosov na izmeno;<br \/>\nImamo tudi polavtomatsko linijo za proizvodnjo barv za velike jeklenke, ki jo poganja veriga, s projektno zmogljivostjo 60 zabojev na izmeno.<\/p>\n<p><img loading=\"lazy\" decoding=\"async\" class=\"alignnone wp-image-630\" src=\"https:\/\/hydraulic-cylinders.net\/wp-content\/uploads\/2023\/08\/hydraulic-cylinder-product-5-300x213.webp\" alt=\"\" width=\"366\" height=\"260\" \/> <img loading=\"lazy\" decoding=\"async\" class=\"alignnone wp-image-631\" src=\"https:\/\/hydraulic-cylinders.net\/wp-content\/uploads\/2023\/08\/hydraulic-cylinder-product-6-300x225.webp\" alt=\"\" width=\"347\" height=\"260\" \/><\/p>\n<h3>(5) Testiranje<\/h3>\n<p>Imamo prvovrstne in\u0161pekcijske prostore in testne postaje, s katerimi zagotavljamo, da delovanje jeklenke izpolnjuje zahteve.<\/p>\n<p><img loading=\"lazy\" decoding=\"async\" class=\"alignnone wp-image-632\" src=\"https:\/\/hydraulic-cylinders.net\/wp-content\/uploads\/2023\/08\/hydraulic-cylinder-product-8-300x200.webp\" alt=\"\" width=\"389\" height=\"260\" \/><\/p>\n<p>&nbsp;<\/p>\n<p>&nbsp;<\/p>\n<p>Smo eden najbolj\u0161ih proizvajalcev kompaktnih hidravli\u010dnih cilindrov. Ponujamo vam celovito zalogo kompaktnih hidravli\u010dnih cilindrov. Zagotavljamo tudi ustrezne <a href=\"https:\/\/hzpt.com\/agricultural-pto-gearbox\/\" target=\"_blank\" rel=\"noopener\">kmetijski menjalniki<\/a>Na\u0161e izdelke smo izvozili strankam po vsem svetu in si prislu\u017eili dober ugled zaradi vrhunske kakovosti izdelkov in poprodajnih storitev. Z veseljem vas vabimo, da nas kontaktirate za poslovne dogovore, izmenjavo informacij in ... <a href=\"https:\/\/www.hydraulic-cylinders.net\/sl\/contact-us\/\">sodelujte z nami<\/a>!<\/p>\n<h2><\/h2>","protected":false},"excerpt":{"rendered":"<p>32 MDC Series Compact Mold Cylinder The 32 MDC Series compact mold cylinder is an efficient and versatile hydraulic cylinder designed specifically for die applications. With its compact design, superior performance, and durable construction, this cylinder provides reliable and precise operation in various industrial environments. Whether used in injection molding machines, die-casting equipment, or other [&hellip;]<\/p>","protected":false},"featured_media":1421,"comment_status":"open","ping_status":"closed","template":"","meta":{"_et_pb_use_builder":"","_et_pb_old_content":"","_et_gb_content_width":""},"product_brand":[],"product_cat":[1523,1549,1376],"product_tag":[1380],"class_list":{"0":"post-1420","1":"product","2":"type-product","3":"status-publish","4":"has-post-thumbnail","6":"product_cat-injection-molding-hydraulic-cylinders","7":"product_cat-single-acting-hydraulic-cylinder","8":"product_cat-hydraulic-cylinder","9":"product_tag-hydraulic-cylinder","11":"first","12":"instock","13":"shipping-taxable","14":"product-type-simple"},"amp_enabled":true,"_links":{"self":[{"href":"https:\/\/www.hydraulic-cylinders.net\/sl\/wp-json\/wp\/v2\/product\/1420","targetHints":{"allow":["GET"]}}],"collection":[{"href":"https:\/\/www.hydraulic-cylinders.net\/sl\/wp-json\/wp\/v2\/product"}],"about":[{"href":"https:\/\/www.hydraulic-cylinders.net\/sl\/wp-json\/wp\/v2\/types\/product"}],"replies":[{"embeddable":true,"href":"https:\/\/www.hydraulic-cylinders.net\/sl\/wp-json\/wp\/v2\/comments?post=1420"}],"wp:featuredmedia":[{"embeddable":true,"href":"https:\/\/www.hydraulic-cylinders.net\/sl\/wp-json\/wp\/v2\/media\/1421"}],"wp:attachment":[{"href":"https:\/\/www.hydraulic-cylinders.net\/sl\/wp-json\/wp\/v2\/media?parent=1420"}],"wp:term":[{"taxonomy":"product_brand","embeddable":true,"href":"https:\/\/www.hydraulic-cylinders.net\/sl\/wp-json\/wp\/v2\/product_brand?post=1420"},{"taxonomy":"product_cat","embeddable":true,"href":"https:\/\/www.hydraulic-cylinders.net\/sl\/wp-json\/wp\/v2\/product_cat?post=1420"},{"taxonomy":"product_tag","embeddable":true,"href":"https:\/\/www.hydraulic-cylinders.net\/sl\/wp-json\/wp\/v2\/product_tag?post=1420"}],"curies":[{"name":"delovni list","href":"https:\/\/api.w.org\/{rel}","templated":true}]}}