{"id":1431,"date":"2023-09-19T08:50:37","date_gmt":"2023-09-19T08:50:37","guid":{"rendered":"https:\/\/hydraulic-cylinders.net\/?post_type=product&#038;p=1431"},"modified":"2025-04-11T03:49:40","modified_gmt":"2025-04-11T03:49:40","slug":"50-100-double-acting-single-axis-flange-type-mdc-series-compact-mold-cylinder","status":"publish","type":"product","link":"https:\/\/www.hydraulic-cylinders.net\/sl\/izdelek\/50-100-double-acting-single-axis-flange-type-mdc-series-compact-mold-cylinder\/","title":{"rendered":"50-100 Dvosmerni enoosni prirobni\u010dni kompaktni valj za kalupe serije MDC"},"content":{"rendered":"<h1 style=\"text-align: center;\"><strong>50-100 Dvosmerni enoosni prirobni\u010dni kompaktni valj za kalupe serije MDC<\/strong><\/h1>\n<p>Dvosmerni enoosni prirobni\u010dni kompaktni hidravli\u010dni valj serije MDC je vrhunski hidravli\u010dni valj, zasnovan posebej za uporabo v kalupih. Z izjemnimi lastnostmi, zanesljivim delovanjem in kompaktno zasnovo ponuja izjemno funkcionalnost in u\u010dinkovitost v razli\u010dnih industrijskih okoljih. Ne glede na to, ali se uporablja v strojih za brizganje plastike, opremi za tla\u010dno litje ali drugih aplikacijah, povezanih z kalupi, dvosmerni enoosni prirobni\u010dni kompaktni valj serije MDC zagotavlja natan\u010den nadzor in optimalno produktivnost.<\/p>\n<p>\u00b7 MDC je kompaktni hidravli\u010dni cilinder (cx) z elektri\u010dno omarico in batnico za natan\u010den nadzor nevtronskega polo\u017eaja kalupa.<br \/>\n\u00b7 Hidravli\u010dni cilinder, primeren za uporabo v plasti\u010dnih kalupih.<\/p>\n<p><img loading=\"lazy\" decoding=\"async\" class=\"wp-image-323506 aligncenter\" src=\"https:\/\/hzpt.com\/wp-content\/uploads\/2023\/09\/mdc-compact-hydraulic-cylinder-12.webp\" alt=\"\" width=\"400\" height=\"400\" \/><\/p>\n<h2><strong>Opis modela kompaktnega valja za kalupe:<\/strong><\/h2>\n<p><img loading=\"lazy\" decoding=\"async\" class=\"alignnone size-full wp-image-323234\" src=\"https:\/\/hzpt.com\/wp-content\/uploads\/2023\/09\/mdc-compact-hydraulic-cylinder-2.webp\" alt=\"\" width=\"966\" height=\"882\" \/><\/p>\n<h2><strong>Karakteristi\u010dni podatki kompaktnega kalupnega valja:<\/strong><\/h2>\n<p><img loading=\"lazy\" decoding=\"async\" class=\"alignnone size-full wp-image-323236\" src=\"https:\/\/hzpt.com\/wp-content\/uploads\/2023\/09\/mdc-compact-hydraulic-cylinder-3-1.webp\" alt=\"\" width=\"899\" height=\"262\" \/><\/p>\n<h2><strong>Diagram strukture kompaktnega valja za kalupe:<\/strong><\/h2>\n<p><img loading=\"lazy\" decoding=\"async\" class=\"alignnone size-full wp-image-323250\" src=\"https:\/\/hzpt.com\/wp-content\/uploads\/2023\/09\/mdc-compact-hydraulic-cylinder-4-1.webp\" alt=\"\" width=\"737\" height=\"808\" \/><\/p>\n<h2><strong>Diagram velikosti priklju\u010dka batnice:<\/strong><\/h2>\n<p><img loading=\"lazy\" decoding=\"async\" class=\"alignnone size-large wp-image-323239\" src=\"https:\/\/hzpt.com\/wp-content\/uploads\/2023\/09\/mdc-compact-hydraulic-cylinder-5-787x1024.webp\" alt=\"\" width=\"787\" height=\"1024\" \/><\/p>\n<h2><strong>Polo\u017eaj sponke elektri\u010dne omarice, polo\u017eaj oljne odprtine in polo\u017eaj razdelilne vti\u010dnice:<\/strong><\/h2>\n<p><img loading=\"lazy\" decoding=\"async\" class=\"alignnone size-large wp-image-323241\" src=\"https:\/\/hzpt.com\/wp-content\/uploads\/2023\/09\/mdc-compact-hydraulic-cylinder-6-616x1024.webp\" alt=\"\" width=\"616\" height=\"1024\" \/><\/p>\n<h2><strong>50-100 50-100 Dvosmerni enoosni prirobni\u010dni kompaktni valj serije MDC:<\/strong><\/h2>\n<p><img loading=\"lazy\" decoding=\"async\" class=\"alignnone size-large wp-image-323277\" src=\"https:\/\/hzpt.com\/wp-content\/uploads\/2023\/09\/mdc-compact-hydraulic-cylinder-11-1-878x1024.webp\" alt=\"\" width=\"878\" height=\"1024\" \/><\/p>\n<h2><strong>Klju\u010dne zna\u010dilnosti in prednosti kompaktnega cilindra z dvojnim delovanjem in enoosno prirobnico serije MDC serije 50-100:<\/strong><\/h2>\n<ol>\n<li><strong>Dvojno delujo\u010da zasnova:<\/strong><\/li>\n<\/ol>\n<ul>\n<li>Dvosmerno delujo\u010di enoosni prirobni\u010dni kompaktni cilindri serije MDC delujejo v obe smeri, kar omogo\u010da dvosmerno gibanje.<\/li>\n<li>Ta zasnova lahko u\u010dinkovito in natan\u010dno nadzoruje odpiranje in zapiranje kalupa ter izbolj\u0161a fleksibilnost delovanja.<\/li>\n<\/ul>\n<ol start=\"2\">\n<li><strong>Konfiguracija ene osi:<\/strong><\/li>\n<\/ol>\n<ul>\n<li>Ta valj je zasnovan za enoosno gibanje, ki zagotavlja linearno gibanje v eni smeri.<\/li>\n<li>Enoosna konfiguracija je idealna za aplikacije, ki zahtevajo neposredno delovanje kalupa, saj zagotavlja preprostost in enostavnost uporabe.<\/li>\n<\/ul>\n<ol start=\"3\">\n<li><strong>Konstrukcija tipa prirobnice:<\/strong><\/li>\n<\/ol>\n<ul>\n<li>Kompaktni cilindri za kalupe serije MDC so zasnovani s prirobnicami za enostavno namestitev in integracijo v sistem kalupov.<\/li>\n<li>Prirobnice zagotavljajo varne in toge pritrdilne povezave, ki zagotavljajo stabilnost med delovanjem.<\/li>\n<\/ul>\n<ol start=\"4\">\n<li><strong>Kompaktno in prostorsko var\u010dno:<\/strong><\/li>\n<\/ol>\n<ul>\n<li>Kompaktna zasnova kompaktnih valjev za kalupe serije MDC optimizira izrabo prostora v kalupnem sistemu z omejenim prostorom.<\/li>\n<li>Njegova prostorsko var\u010dna struktura omogo\u010da enostavno integracijo v tesne prostore in zagotavlja u\u010dinkovito izrabo razpolo\u017eljivega delovnega prostora.<\/li>\n<\/ul>\n<h2><strong>Kako odzra\u010diti hidravli\u010dni cilinder?<\/strong><\/h2>\n<p>Odstranjevanje hidravli\u010dnega cilindra s \u010delnega nakladalnika zahteva skrbno pripravo in izvedbo. Tukaj je navodilo po korakih, ki vam bo pomagalo pri tem postopku:<\/p>\n<ol>\n<li><strong>Varnost na prvem mestu:<\/strong>\n<ul>\n<li>Pred za\u010detkom dela se prepri\u010dajte, da je \u010delni nakladalnik parkiran na ravni povr\u0161ini in da je motor izklopljen.<\/li>\n<li>Zategnite parkirno zavoro in za zadnjimi kolesi namestite zagozde, da prepre\u010dite nenamerno premikanje.<\/li>\n<li>Nosite ustrezno osebno za\u0161\u010ditno opremo (OZO), vklju\u010dno z rokavicami in za\u0161\u010ditnimi o\u010dali.<\/li>\n<\/ul>\n<\/li>\n<li><strong>Prepoznajte valj:<\/strong>\n<ul>\n<li>Poi\u0161\u010dite hidravli\u010dni valj, ki ga nameravate odstraniti. Povezan bo s hidravli\u010dnim sistemom nakladalnika in pritrjen na dolo\u010dene pritrdilne to\u010dke.<\/li>\n<\/ul>\n<\/li>\n<li><strong>Sprostite hidravli\u010dni tlak:<\/strong>\n<ul>\n<li>Da bi se izognili nenadnim premikom ali morebitnim po\u0161kodbam, pred odklopom cilindra sprostite hidravli\u010dni tlak v sistemu.<\/li>\n<li>Za\u017eenite motor in s hidravli\u010dnimi krmilnimi elementi nakladalnika premaknite \u017elico ali priklju\u010dek v popolnoma iztegnjen ali dvignjen polo\u017eaj.<\/li>\n<li>Ugasnite motor in sprostite preostali tlak tako, da nekajkrat pritisnete na hidravli\u010dne krmilne elemente.<\/li>\n<\/ul>\n<\/li>\n<li><strong>Odklopite hidravli\u010dne priklju\u010dke:<\/strong>\n<ul>\n<li>Poi\u0161\u010dite hidravli\u010dne cevi ali vode, priklju\u010dene na valj. Te so obi\u010dajno pritrjene s fitingi, vijaki ali hitrosprostitvenimi spojkami.<\/li>\n<li>Previdno zrahljajte in odklopite hidravli\u010dne priklju\u010dke z ustreznim orodjem, kot je potrebno.<\/li>\n<li>Bodite pripravljeni na morebitno pu\u0161\u010danje hidravli\u010dne teko\u010dine, zato imejte pripravljeno posodo za zbiranje teko\u010dine ali vpojni material, da zmanj\u0161ate razlitje.<\/li>\n<\/ul>\n<\/li>\n<li><strong>Odstranite monta\u017eno opremo:<\/strong>\n<ul>\n<li>Dolo\u010dite pritrdilne to\u010dke, kjer je valj pritrjen na konstrukcijo nakladalnika. To lahko vklju\u010dujejo zati\u010de, vijake ali nosilce.<\/li>\n<li>Z ustreznim orodjem odstranite vse pritrdilne zati\u010de ali vijake, s katerimi je valj pritrjen na nakladalnik.<\/li>\n<li>Med odstranjevanjem strojne opreme jo spremljajte in se prepri\u010dajte, da je ne zalo\u017eite ali izgubite.<\/li>\n<\/ul>\n<\/li>\n<li><strong>Odstranite valj:<\/strong>\n<ul>\n<li>Ko so hidravli\u010dne povezave in pritrdilni material odstranjeni, bi moral biti valj zdaj prosto snemljiv.<\/li>\n<li>Previdno potisnite ali premaknite valj iz njegovega monta\u017enega polo\u017eaja, pri \u010demer ne po\u0161kodujte okoli\u0161kih komponent ali hidravli\u010dnih cevi.<\/li>\n<li>Za varno premikanje in odstranjevanje jeklenke z nakladalnika uporabite dvi\u017eno opremo ali pomo\u010d.<\/li>\n<\/ul>\n<\/li>\n<li><strong>Pravilno shranjevanje in vzdr\u017eevanje:<\/strong>\n<ul>\n<li>Ko je valj odstranjen, ga preglejte glede morebitnih znakov po\u0161kodb ali obrabe. Po potrebi zamenjajte morebitna obrabljena tesnila ali komponente.<\/li>\n<li>Hidravli\u010dni valj shranjujte v \u010distem in suhem prostoru, za\u0161\u010ditenem pred prahom, vlago in ekstremnimi temperaturami.<\/li>\n<li>\u010ce jeklenka potrebuje nadaljnje servisiranje, se posvetujte z navodili proizvajalca ali poi\u0161\u010dite strokovno pomo\u010d.<\/li>\n<\/ul>\n<\/li>\n<\/ol>\n<h2><strong>Zmogljivost in zmogljivost tovarne:<\/strong><\/h2>\n<h3>(1) Sestavljanje<\/h3>\n<p>Imamo prvovrstno neodvisno platformo za raziskave in razvoj. Delavnica za proizvodnjo hidravli\u010dnih cilindrov ima \u0161tiri polavtomatske monta\u017ene linije za dvi\u017ene cilindre in eno avtomatsko monta\u017eno linijo za nagibne cilindre z letno proizvodno zmogljivostjo 1 milijona kosov. Delavnica za posebne cilindre je opremljena z razli\u010dnimi specifikacijami polavtomatskega sistema za \u010di\u0161\u010denje in monta\u017eo z letno proizvodno zmogljivostjo 200.000 kosov ter znano CNC obdelovalno opremo, obdelovalnim centrom, visoko precizno posebno opremo za obdelavo cilindrov, robotskim varilnim strojem, avtomatskim \u010distilnim strojem, avtomatskim strojem za monta\u017eo cilindrov in avtomatsko proizvodno linijo za barvanje. Obstoje\u010da kriti\u010dna oprema obsega ve\u010d kot 300 kompletov (kompletov). Optimalna razporeditev in u\u010dinkovita uporaba opremnih virov zagotavljata zahteve glede natan\u010dnosti izdelkov in izpolnjujeta visoke zahteve glede kakovosti izdelkov.<\/p>\n<p><img loading=\"lazy\" decoding=\"async\" class=\"alignnone wp-image-626\" src=\"https:\/\/hydraulic-cylinders.net\/wp-content\/uploads\/2023\/08\/hydraulic-cylinder-product-1-300x158.webp\" alt=\"\" width=\"495\" height=\"260\" srcset=\"https:\/\/hydraulic-cylinders.net\/wp-content\/uploads\/2023\/08\/hydraulic-cylinder-product-1-300x158.webp 495w, https:\/\/hydraulic-cylinders.net\/wp-content\/uploads\/2023\/08\/hydraulic-cylinder-product-1-480x252.webp 480w\" sizes=\"(min-width: 0px) and (max-width: 480px) 480px, (min-width: 481px) 495px, 100vw\" \/> <img loading=\"lazy\" decoding=\"async\" class=\"alignnone wp-image-627\" src=\"https:\/\/hydraulic-cylinders.net\/wp-content\/uploads\/2023\/08\/hydraulic-cylinder-product-2-300x189.webp\" alt=\"\" width=\"413\" height=\"260\" \/><\/p>\n<h3>(2) Strojna obdelava<\/h3>\n<p>Strojna delavnica je opremljena s prilagojenim centrom za stru\u017eenje nagnjenih tirnic, obdelovalnim centrom, visokohitrostnim strojem za honanje, varilnim robotom in drugo sorodno opremo, ki lahko obdeluje cilindri\u010dne cevi z najve\u010djim notranjim premerom 400 mm in najve\u010djo dol\u017eino 6 metrov.<\/p>\n<p><img loading=\"lazy\" decoding=\"async\" class=\"alignnone wp-image-628 size-large\" src=\"https:\/\/hydraulic-cylinders.net\/wp-content\/uploads\/2023\/08\/hydraulic-cylinder-product-3-1024x391.webp\" alt=\"\" width=\"1024\" height=\"391\" srcset=\"https:\/\/hydraulic-cylinders.net\/wp-content\/uploads\/2023\/08\/hydraulic-cylinder-product-3-980x374.webp 980w, https:\/\/hydraulic-cylinders.net\/wp-content\/uploads\/2023\/08\/hydraulic-cylinder-product-3-480x183.webp 480w\" sizes=\"(min-width: 0px) and (max-width: 480px) 480px, (min-width: 481px) and (max-width: 980px) 980px, (min-width: 981px) 1024px, 100vw\" \/><\/p>\n<h3>(3) Varjenje<\/h3>\n<p><img loading=\"lazy\" decoding=\"async\" class=\"alignnone wp-image-629 size-large\" src=\"https:\/\/hydraulic-cylinders.net\/wp-content\/uploads\/2023\/08\/hydraulic-cylinder-product-4-1024x510.webp\" alt=\"\" width=\"1024\" height=\"510\" srcset=\"https:\/\/hydraulic-cylinders.net\/wp-content\/uploads\/2023\/08\/hydraulic-cylinder-product-4-980x488.webp 980w, https:\/\/hydraulic-cylinders.net\/wp-content\/uploads\/2023\/08\/hydraulic-cylinder-product-4-480x239.webp 480w\" sizes=\"(min-width: 0px) and (max-width: 480px) 480px, (min-width: 481px) and (max-width: 980px) 980px, (min-width: 981px) 1024px, 100vw\" \/><\/p>\n<h3>(4) Barvanje in premazovanje<\/h3>\n<p>Z majhnimi in srednje velikimi cilindri\u010dnimi avtomatskimi linijami za barvanje na vodni osnovi, za doseganje avtomatskega nakladanja in razkladanja robotov ter avtomatskega brizganja, je projektna zmogljivost 4000 kosov na izmeno;<br \/>\nImamo tudi polavtomatsko linijo za proizvodnjo barv za velike jeklenke, ki jo poganja veriga, s projektno zmogljivostjo 60 zabojev na izmeno.<\/p>\n<p><img loading=\"lazy\" decoding=\"async\" class=\"alignnone wp-image-630\" src=\"https:\/\/hydraulic-cylinders.net\/wp-content\/uploads\/2023\/08\/hydraulic-cylinder-product-5-300x213.webp\" alt=\"\" width=\"366\" height=\"260\" \/> <img loading=\"lazy\" decoding=\"async\" class=\"alignnone wp-image-631\" src=\"https:\/\/hydraulic-cylinders.net\/wp-content\/uploads\/2023\/08\/hydraulic-cylinder-product-6-300x225.webp\" alt=\"\" width=\"347\" height=\"260\" \/><\/p>\n<h3>(5) Testiranje<\/h3>\n<p>Imamo prvovrstne in\u0161pekcijske prostore in testne postaje, s katerimi zagotavljamo, da delovanje jeklenke izpolnjuje zahteve.<\/p>\n<p><img loading=\"lazy\" decoding=\"async\" class=\"alignnone wp-image-632\" src=\"https:\/\/hydraulic-cylinders.net\/wp-content\/uploads\/2023\/08\/hydraulic-cylinder-product-8-300x200.webp\" alt=\"\" width=\"389\" height=\"260\" \/><\/p>\n<p>&nbsp;<\/p>\n<p>&nbsp;<\/p>\n<p>Smo eden najbolj\u0161ih proizvajalcev kompaktnih hidravli\u010dnih cilindrov. Ponujamo vam celovito zalogo kompaktnih hidravli\u010dnih cilindrov. Zagotavljamo tudi ustrezne <a href=\"https:\/\/hzpt.com\/agricultural-pto-gearbox\/\" target=\"_blank\" rel=\"noopener\">kmetijski menjalniki<\/a>Na\u0161e izdelke smo izvozili strankam po vsem svetu in si prislu\u017eili dober ugled zaradi vrhunske kakovosti izdelkov in poprodajnih storitev. Z veseljem vas vabimo, da nas kontaktirate za poslovne dogovore, izmenjavo informacij in ... <a href=\"https:\/\/www.hydraulic-cylinders.net\/sl\/contact-us\/\">sodelujte z nami<\/a>!<\/p>","protected":false},"excerpt":{"rendered":"<p>50-100 Double Acting Single Axis Flange Type MDC Series Compact Mold Cylinder The double acting single axis flange type MDC series compact mold cylinder is a cutting-edge hydraulic cylinder designed specifically for mold applications. With its exceptional features, reliable performance, and compact design, this cylinder offers outstanding functionality and efficiency in various industrial settings. Whether [&hellip;]<\/p>","protected":false},"featured_media":1433,"comment_status":"open","ping_status":"closed","template":"","meta":{"_et_pb_use_builder":"","_et_pb_old_content":"","_et_gb_content_width":""},"product_brand":[],"product_cat":[1376,1550,1523],"product_tag":[1394,1380],"class_list":{"0":"post-1431","1":"product","2":"type-product","3":"status-publish","4":"has-post-thumbnail","6":"product_cat-hydraulic-cylinder","7":"product_cat-double-acting-hydraulic-cylinder","8":"product_cat-injection-molding-hydraulic-cylinders","9":"product_tag-compact-mold-cylinder","10":"product_tag-hydraulic-cylinder","12":"first","13":"instock","14":"shipping-taxable","15":"product-type-simple"},"amp_enabled":true,"_links":{"self":[{"href":"https:\/\/www.hydraulic-cylinders.net\/sl\/wp-json\/wp\/v2\/product\/1431","targetHints":{"allow":["GET"]}}],"collection":[{"href":"https:\/\/www.hydraulic-cylinders.net\/sl\/wp-json\/wp\/v2\/product"}],"about":[{"href":"https:\/\/www.hydraulic-cylinders.net\/sl\/wp-json\/wp\/v2\/types\/product"}],"replies":[{"embeddable":true,"href":"https:\/\/www.hydraulic-cylinders.net\/sl\/wp-json\/wp\/v2\/comments?post=1431"}],"wp:featuredmedia":[{"embeddable":true,"href":"https:\/\/www.hydraulic-cylinders.net\/sl\/wp-json\/wp\/v2\/media\/1433"}],"wp:attachment":[{"href":"https:\/\/www.hydraulic-cylinders.net\/sl\/wp-json\/wp\/v2\/media?parent=1431"}],"wp:term":[{"taxonomy":"product_brand","embeddable":true,"href":"https:\/\/www.hydraulic-cylinders.net\/sl\/wp-json\/wp\/v2\/product_brand?post=1431"},{"taxonomy":"product_cat","embeddable":true,"href":"https:\/\/www.hydraulic-cylinders.net\/sl\/wp-json\/wp\/v2\/product_cat?post=1431"},{"taxonomy":"product_tag","embeddable":true,"href":"https:\/\/www.hydraulic-cylinders.net\/sl\/wp-json\/wp\/v2\/product_tag?post=1431"}],"curies":[{"name":"delovni list","href":"https:\/\/api.w.org\/{rel}","templated":true}]}}