{"id":14501,"date":"2024-12-12T08:49:12","date_gmt":"2024-12-12T08:49:12","guid":{"rendered":"https:\/\/www.hydraulic-cylinders.net\/product\/replacement-of-ta16784-dipperstick-hydraulic-cylinder\/"},"modified":"2024-12-12T08:49:14","modified_gmt":"2024-12-12T08:49:14","slug":"replacement-of-ta16784-dipperstick-hydraulic-cylinder","status":"publish","type":"product","link":"https:\/\/www.hydraulic-cylinders.net\/sl\/izdelek\/replacement-of-ta16784-dipperstick-hydraulic-cylinder\/","title":{"rendered":"Zamenjava hidravli\u010dnega cilindra posode TA16784"},"content":{"rendered":"<h2>Uvod v zamenjavo hidravli\u010dnega cilindra posode TA16784<\/h2>\n<p>Zamenjava hidravli\u010dnega cilindra posode TA16784 je nadomestni del hidravli\u010dnega cilindra, ki se uporablja v razli\u010dnih modelih strojev, kot so 260, 270A, 270B, 1025R in 2025R. Hidravli\u010dni cilinder ima te\u017eo 23,138 lb, vi\u0161ino 3,4 palca, \u0161irino 5,5 palca in dol\u017eino 22,5 palca. Ta hidravli\u010dni cilinder je bistveni del stroja, saj nadzoruje gibanje posode in omogo\u010da stroju enostavno opravljanje razli\u010dnih nalog. <\/p>\n<h2>Specifikacije in modeli<\/h2>\n<h3>Specifikacije<\/h3>\n<ul>\n<li>Te\u017ea: 23,138 lb<\/li>\n<li>Vi\u0161ina: 8,4 cm<\/li>\n<li>\u0160irina: 13,5 cm<\/li>\n<li>Dol\u017eina: 22,5 palca<\/li>\n<\/ul>\n<h3>Modeli<\/h3>\n<ul>\n<li>260<\/li>\n<li>270A<\/li>\n<li>270B<\/li>\n<li>1025R<\/li>\n<li>2025R<\/li>\n<\/ul>\n<h2>Zna\u010dilnosti<\/h2>\n<p>Zamenjava hidravli\u010dnega cilindra potisnega merilnika TA16784 ima razli\u010dne lastnosti, zaradi katerih je idealen nadomestni del:<\/p>\n<ul>\n<li>Izbolj\u0161a delovanje opreme: Zamenjava po\u0161kodovanih ali obrabljenih hidravli\u010dnih cilindrov lahko obnovi normalno delovanje opreme in zagotovi njeno delovanje v razli\u010dnih aplikacijah.<\/li>\n<li>Izbolj\u0161ana varnost: Redna zamenjava hidravli\u010dnih cilindrov lahko zmanj\u0161a varnostna tveganja, ki jih povzro\u010dajo okvare cilindrov, in s tem zagotovi varnost upravljavcev in opreme.<\/li>\n<li>Za\u0161\u010dita pred preobremenitvijo: Nove zasnove valjev obi\u010dajno upo\u0161tevajo bolj\u0161e mehanizme za\u0161\u010dite pred preobremenitvijo, kar pove\u010duje varnost.<\/li>\n<li>Hitra namestitev: Sodobne zasnove hidravli\u010dnih cilindrov obi\u010dajno upo\u0161tevajo enostavno namestitev in zamenjavo, kar zmanj\u0161uje \u010das izpada.<\/li>\n<li>Standardizirani deli: \u0160tevilni hidravli\u010dni cilindri so standardizirani izdelki, zaradi \u010desar je na trgu enostavno dobiti nadomestne dele.<\/li>\n<\/ul>\n<p>Na\u0161e podjetje lahko proizvaja ta izdelek, na\u0161i izdelki pa lahko popolnoma nadomestijo te hidravli\u010dne cilindre.<\/p>\n<h2>Aplikacije<\/h2>\n<p>Zamenjava hidravli\u010dnega cilindra posode TA16784 se lahko uporablja v razli\u010dnih strojih. Trije primeri uporabe hidravli\u010dnega cilindra so:<\/p>\n<ul>\n<li>Bagri: Hidravli\u010dni cilinder v roki ali \u017elici bagra se lahko zaradi dolgotrajne uporabe ali preobremenitve po\u0161koduje, zato ga je treba zamenjati, da se ponovno vzpostavi normalno delovanje.<\/li>\n<li>\u017derjavi: Hidravli\u010dni valj roke \u017eerjava se med pogostim dvigovanjem in spu\u0161\u010danjem obrabi, zato ga je treba redno menjati, da se zagotovi varnost.<\/li>\n<li>Traktorji: Hidravli\u010dni valj v \u010delnem nakladalniku traktorja lahko med neprekinjenim dvigovanjem in nagibanjem pu\u0161\u010da ali ima zmanj\u0161ano delovanje, zaradi \u010desar ga je treba zamenjati.<\/li>\n<\/ul>\n<h2>Vzdr\u017eevanje<\/h2>\n<p>Redno vzdr\u017eevanje je bistvenega pomena za zagotovitev dolge \u017eivljenjske dobe in u\u010dinkovitosti hidravli\u010dnega cilindra posode TA16784. Sledijo tri pogosta vzdr\u017eevalna opravila:<\/p>\n<ul>\n<li>Redni pregledi: Redni pregledi lahko pomagajo prepoznati morebitne te\u017eave, preden postanejo resne.<\/li>\n<li>Pravilno mazanje: Ustrezno mazanje lahko zmanj\u0161a obrabo valja in zagotovi njegovo pravilno delovanje.<\/li>\n<li>Zamenjava tesnila in preverjanje kalibracije: Zamenjava tesnil in preverjanje kalibracije lahko zagotovita pravilno delovanje cilindra in zmanj\u0161ata tveganje za okvaro.<\/li>\n<\/ul>\n<p>Bistveno je zagotoviti ustrezna navodila za namestitev, priporo\u010diti uporabo ustreznih monta\u017enih nosilcev za pritrditev valja ter predlagati postopke pregleda, popravila in zamenjave za podalj\u0161anje uporabe hidravli\u010dnega valja.<\/p>\n<h2>Varnostni in okoljski vidiki<\/h2>\n<p>Pri uporabi nadomestnega hidravli\u010dnega cilindra potisne palice TA16784 je bistveno upo\u0161tevati varnost. Za zmanj\u0161anje tveganja po\u0161kodb ali po\u0161kodb opreme je treba izvesti ustrezne varnostne ukrepe. Okoljski dejavniki, kot so temperatura, vla\u017enost in drugi dejavniki, lahko vplivajo na delovanje cilindra, zato je pri uporabi hidravli\u010dnega cilindra klju\u010dnega pomena upo\u0161tevati te dejavnike.<\/p>\n<h2>Diagnoza napak in pogostih te\u017eav<\/h2>\n<p>Pri zamenjavi hidravli\u010dnega cilindra potisnega merilnika TA16784 se lahko pojavijo okvare in te\u017eave. Nekatere pogoste te\u017eave vklju\u010dujejo:<\/p>\n<ul>\n<li>Pu\u0161\u010danje<\/li>\n<li>Izguba tlaka<\/li>\n<li>Prekomerna vro\u010dina<\/li>\n<li>Po\u010dasno delovanje<\/li>\n<\/ul>\n<p>U\u010dinkovite tehnike diagnosticiranja in re\u0161evanja problemov lahko pomagajo prepoznati in odpraviti te te\u017eave. Za zmanj\u0161anje morebitnih te\u017eav je mogo\u010de sprejeti tudi preventivne ukrepe.<\/p>\n<h2>Oblikovalski vidiki in izbirna merila<\/h2>\n<p>Pri zasnovi in \u200b\u200bizbiri zamenjave hidravli\u010dnega cilindra potisnega droga TA16784 je treba upo\u0161tevati njegovo nosilnost, tesnjenje, vzdr\u017eljivost, varnost in vzdr\u017eevanje. Upo\u0161tevati je treba naslednje to\u010dke:<\/p>\n<ul>\n<li>Nosilnost: Jeklenka mora biti sposobna prenesti te\u017eo in tlak opreme, v kateri se uporablja.<\/li>\n<li>Tesnjenje: Za prepre\u010devanje pu\u0161\u010danja in zagotavljanje pravilnega delovanja je treba uporabiti ustrezna tesnila.<\/li>\n<li>Vzdr\u017eljivost: Jeklenka mora biti vzdr\u017eljiva in sposobna prenesti pogoje, ki jim je izpostavljena.<\/li>\n<li>Varnost: Jeklenka mora biti zasnovana z mislijo na varnost in jo je treba uporabljati v skladu z ustreznimi varnostnimi smernicami.<\/li>\n<li>Vzdr\u017eevanje: Jeklenka mora biti zasnovana tako, da omogo\u010da enostavno vzdr\u017eevanje in zamenjavo delov.<\/li>\n<\/ul>\n<p>Pravilno tesnjenje in mazanje sta bistvena za zagotovitev dolge \u017eivljenjske dobe in u\u010dinkovitega delovanja hidravli\u010dnega cilindra.<\/p>\n<h2>Predstavitev podjetja<\/h2>\n<p>Smo proizvajalec hidravli\u010dnih cilindrov, ki izdeluje \u0161iroko paleto nadomestnih hidravli\u010dnih cilindrov. Smo eden vodilnih proizvajalcev in veleprodajnih distributerjev hidravli\u010dnih cilindrov na doma\u010dem in mednarodnem trgu.<\/p>\n<p>Ponosni smo na svojo profesionalnost, mednarodne certifikate, storitve po meri, proizvodno opremo in poprodajne storitve.<\/p>\n<p><img decoding=\"async\" src=\"https:\/\/www.hydraulic-cylinders.net\/wp-content\/uploads\/2024\/12\/hydraulic-cylinder-factory.webp\" alt=\"Tovarna hidravli\u010dnih cilindrov\"><\/p>\n<p>Avtor: lyl<\/p>","protected":false},"excerpt":{"rendered":"<p>Introduction to Replacement Of TA16784 Dipperstick Hydraulic Cylinder The Replacement Of TA16784 Dipperstick Hydraulic Cylinder is a hydraulic cylinder replacement part used in various machine models such as 260 270A 270B 1025R 2025R. The hydraulic cylinder has a weight of 23.138 lb, a height of 3.4 in, a width of 5.5 in, and a length [&hellip;]<\/p>","protected":false},"featured_media":12421,"comment_status":"open","ping_status":"closed","template":"","meta":{"_et_pb_use_builder":"","_et_pb_old_content":"","_et_gb_content_width":""},"product_brand":[],"product_cat":[1489],"product_tag":[1380,1490,1491],"class_list":{"0":"post-14501","1":"product","2":"type-product","3":"status-publish","4":"has-post-thumbnail","6":"product_cat-replacement-of-john-deere-hydraulic-cylinder","7":"product_tag-hydraulic-cylinder","8":"product_tag-replacement-of-hydraulic-cylinder","9":"product_tag-replacemet-of-john-deere-hydraulic-cylinder","11":"first","12":"instock","13":"shipping-taxable","14":"product-type-simple"},"amp_enabled":true,"_links":{"self":[{"href":"https:\/\/www.hydraulic-cylinders.net\/sl\/wp-json\/wp\/v2\/product\/14501","targetHints":{"allow":["GET"]}}],"collection":[{"href":"https:\/\/www.hydraulic-cylinders.net\/sl\/wp-json\/wp\/v2\/product"}],"about":[{"href":"https:\/\/www.hydraulic-cylinders.net\/sl\/wp-json\/wp\/v2\/types\/product"}],"replies":[{"embeddable":true,"href":"https:\/\/www.hydraulic-cylinders.net\/sl\/wp-json\/wp\/v2\/comments?post=14501"}],"wp:featuredmedia":[{"embeddable":true,"href":"https:\/\/www.hydraulic-cylinders.net\/sl\/wp-json\/wp\/v2\/media\/12421"}],"wp:attachment":[{"href":"https:\/\/www.hydraulic-cylinders.net\/sl\/wp-json\/wp\/v2\/media?parent=14501"}],"wp:term":[{"taxonomy":"product_brand","embeddable":true,"href":"https:\/\/www.hydraulic-cylinders.net\/sl\/wp-json\/wp\/v2\/product_brand?post=14501"},{"taxonomy":"product_cat","embeddable":true,"href":"https:\/\/www.hydraulic-cylinders.net\/sl\/wp-json\/wp\/v2\/product_cat?post=14501"},{"taxonomy":"product_tag","embeddable":true,"href":"https:\/\/www.hydraulic-cylinders.net\/sl\/wp-json\/wp\/v2\/product_tag?post=14501"}],"curies":[{"name":"delovni list","href":"https:\/\/api.w.org\/{rel}","templated":true}]}}