{"id":1479,"date":"2023-09-26T06:16:33","date_gmt":"2023-09-26T06:16:33","guid":{"rendered":"https:\/\/hydraulic-cylinders.net\/?post_type=product&#038;p=1479"},"modified":"2025-04-11T03:41:35","modified_gmt":"2025-04-11T03:41:35","slug":"small-excavator-bucket-cylinder","status":"publish","type":"product","link":"https:\/\/www.hydraulic-cylinders.net\/sl\/izdelek\/small-excavator-bucket-cylinder\/","title":{"rendered":"Majhen bager \u017elica cilinder"},"content":{"rendered":"<h1 style=\"text-align: center;\"><strong>Majhen bager \u017elica cilinder<\/strong><\/h1>\n<p><img loading=\"lazy\" decoding=\"async\" class=\"aligncenter wp-image-1480\" src=\"https:\/\/hydraulic-cylinders.net\/wp-content\/uploads\/2023\/09\/bucket-cylinder-1-300x300.webp\" alt=\"\" width=\"400\" height=\"400\" \/><\/p>\n<p>Cilinder \u017elice majhnega bagra je visokozmogljiva hidravli\u010dna komponenta, zasnovana za optimizacijo kopalnih in dvi\u017enih zmogljivosti majhnih bagrov. S svojo kompaktno velikostjo in robustno konstrukcijo ta cilinder ponuja izjemno trdnost, natan\u010dnost in vzdr\u017eljivost.<\/p>\n<p>Cilinder \u017elice majhnega bagra je robustna in zanesljiva hidravli\u010dna komponenta, ki pove\u010duje u\u010dinkovitost in vsestranskost majhnih bagrov. S svojo kompaktno zasnovo, visoko dvi\u017eno zmogljivostjo in natan\u010dnim krmiljenjem ta cilinder omogo\u010da upravljavcem hitro in natan\u010dno opravljanje razli\u010dnih izkopnih nalog. Z upo\u0161tevanjem priporo\u010denih metod uporabe in vzdr\u017eevalnih praks lahko upravljavci zagotovijo optimalno delovanje in dolgo \u017eivljenjsko dobo cilindra \u017elice majhnega bagra, kar ima za posledico ve\u010djo produktivnost in uspe\u0161en zaklju\u010dek gradbenih in izkopnih projektov. Investirajte v ta izjemen hidravli\u010dni cilinder, da pove\u010date zmogljivosti svojega majhnega bagra in dose\u017eete vrhunske rezultate pri kopanju in dvigovanju.<\/p>\n<p>Klju\u010dne zna\u010dilnosti cilindra \u017elice majhnega bagra:<\/p>\n<ol>\n<li>Kompaktna zasnova in lahka konstrukcija<\/li>\n<\/ol>\n<ul>\n<li>Cilinder \u017elice majhnega bagra je posebej zasnovan za majhne bagre, kar zagotavlja popolno prileganje in optimalno delovanje.<\/li>\n<li>Njegova kompaktna zasnova in lahka konstrukcija zmanj\u0161ujeta skupno te\u017eo bagra, kar izbolj\u0161uje okretnost in u\u010dinkovitost porabe goriva.<\/li>\n<\/ul>\n<ol start=\"2\">\n<li>Visoka dvi\u017ena zmogljivost in sila kopanja<\/li>\n<\/ol>\n<ul>\n<li>Kljub svoji majhnosti cilinder zagotavlja impresivno dvi\u017eno zmogljivost in silo kopanja, kar omogo\u010da u\u010dinkovito izkopavanje in ravnanje z materialom.<\/li>\n<li>Omogo\u010da bagru, da hitro in natan\u010dno opravlja \u0161irok nabor nalog, od kopanja jarkov do \u010di\u0161\u010denja ru\u0161evin.<\/li>\n<\/ul>\n<ol start=\"3\">\n<li>Gladko delovanje in natan\u010den nadzor<\/li>\n<\/ol>\n<ul>\n<li>Napredni hidravli\u010dni sistem cilindra zagotavlja gladko in natan\u010dno delovanje, kar omogo\u010da natan\u010dno pozicioniranje \u017elice za u\u010dinkovito kopanje in nakladanje.<\/li>\n<li>Ponuja odli\u010den nadzor nad gibanjem bagra, kar omogo\u010da upravljavcem delo v tesnih prostorih in doseganje optimalnih rezultatov.<\/li>\n<\/ul>\n<ol start=\"4\">\n<li>Robustna konstrukcija in vzdr\u017eljivost<\/li>\n<\/ol>\n<ul>\n<li>Majhen cilinder \u017elice bagra je izdelan iz visokokakovostnih materialov in po strogih proizvodnih standardih ter odlikuje izjemna trdnost in vzdr\u017eljivost.<\/li>\n<li>Odporen je na zahtevne delovne pogoje, vklju\u010dno s te\u017ekim kopanjem in pogostim delovanjem, kar zagotavlja zanesljivo delovanje v dalj\u0161i \u017eivljenjski dobi.<\/li>\n<\/ul>\n<h2><strong>Parameter cilindra \u017elice majhnega bagra:<\/strong><\/h2>\n<table border=\"1\" cellspacing=\"0\" cellpadding=\"0\">\n<tbody>\n<tr>\n<td>Ime izdelka<\/td>\n<td>Majhen bager \u017elica cilinder<\/td>\n<\/tr>\n<tr>\n<td>Zna\u010dilnosti:<\/td>\n<td>Nadzorujte delovanje vedra<\/td>\n<\/tr>\n<tr>\n<td>Premer izvrtine:<\/td>\n<td>50 mm\uff5e105 mm<\/td>\n<\/tr>\n<tr>\n<td>Premer palice:<\/td>\n<td>25 mm\uff5e70 mm<br \/>\nHod \u2264 1000 mm<\/td>\n<\/tr>\n<tr>\n<td>Potisna sila:<\/td>\n<td>Najve\u010d 255 kN<\/td>\n<\/tr>\n<tr>\n<td>Premer izvrtine:<\/td>\n<td>105 mm\/tlak 29,4 MPa<\/td>\n<\/tr>\n<\/tbody>\n<\/table>\n<h2><strong>Diagram identifikacije cilindra \u017elice majhnega bagra:<\/strong><\/h2>\n<p><img loading=\"lazy\" decoding=\"async\" class=\"alignnone wp-image-1481 size-full\" src=\"https:\/\/hydraulic-cylinders.net\/wp-content\/uploads\/2023\/09\/bucket-cylinder-construction.webp\" alt=\"\" width=\"1481\" height=\"988\" srcset=\"https:\/\/hydraulic-cylinders.net\/wp-content\/uploads\/2023\/09\/bucket-cylinder-construction.webp 1481w, https:\/\/hydraulic-cylinders.net\/wp-content\/uploads\/2023\/09\/bucket-cylinder-construction-1280x854.webp 1280w, https:\/\/hydraulic-cylinders.net\/wp-content\/uploads\/2023\/09\/bucket-cylinder-construction-980x654.webp 980w, https:\/\/hydraulic-cylinders.net\/wp-content\/uploads\/2023\/09\/bucket-cylinder-construction-480x320.webp 480w\" sizes=\"(min-width: 0px) and (max-width: 480px) 480px, (min-width: 481px) and (max-width: 980px) 980px, (min-width: 981px) and (max-width: 1280px) 1280px, (min-width: 1281px) 1481px, 100vw\" \/><\/p>\n<h2><strong>Vzdr\u017eevanje cilindra \u017elice majhnega bagra:<\/strong><\/h2>\n<ol>\n<li><strong>Redni pregledi<\/strong><\/li>\n<\/ol>\n<ul>\n<li>Pred vsakim delovanjem vizualno pregledajte cilinder \u017elice majhnega bagra, da ugotovite morebitne znake pu\u0161\u010danja, po\u0161kodb ali obrabe.<\/li>\n<li>Preverite tesnost in celovitost hidravli\u010dnih priklju\u010dkov, tesnil in pritrdilnih to\u010dk.<\/li>\n<li>Preverite batnico valja in ohi\u0161je valja glede znakov korozije ali zarez.<\/li>\n<\/ul>\n<ol start=\"2\">\n<li><strong>Mazanje in \u010di\u0161\u010denje<\/strong><\/li>\n<\/ol>\n<ul>\n<li>Upo\u0161tevajte priporo\u010dila proizvajalca glede intervalov in postopkov mazanja.<\/li>\n<li>Na batnico valja in tesnila nanesite ustrezna maziva, da zmanj\u0161ate trenje in zagotovite nemoteno delovanje.<\/li>\n<li>Redno \u010distite valj in okoli\u0161ke komponente, da odstranite umazanijo, ostanke in onesna\u017eevalce, ki vplivajo na delovanje.<\/li>\n<\/ul>\n<ol start=\"3\">\n<li><strong>Spremljanje teko\u010din<\/strong><\/li>\n<\/ol>\n<ul>\n<li>Redno preverjajte nivo hidravli\u010dne teko\u010dine v hidravli\u010dnem sistemu bagra.<\/li>\n<li>Vzdr\u017eujte ustrezno raven in kakovost teko\u010dine v skladu s specifikacijami proizvajalca.<\/li>\n<li>Spremljajte hidravli\u010dni sistem glede morebitnih znakov onesna\u017eenja teko\u010dine ali poslab\u0161anja in jih nemudoma odpravite.<\/li>\n<\/ul>\n<ol start=\"4\">\n<li><strong>Profesionalno servisiranje<\/strong><\/li>\n<\/ol>\n<ul>\n<li>Redno vzdr\u017eevanje in servisiranje na\u010drtujte s strani usposobljenih tehnikov.<\/li>\n<li>Za vsa popravila, zamenjave ali odpravljanje te\u017eav z valjem \u017elice majhnega bagra poi\u0161\u010dite strokovno pomo\u010d.<\/li>\n<li>Za maksimalno delovanje in dolgo \u017eivljenjsko dobo cilindra upo\u0161tevajte priporo\u010deni urnik vzdr\u017eevanja.<\/li>\n<\/ul>\n<h2><strong>Kak\u0161na velikost cilindra za bagerski palec?<\/strong><\/h2>\n<p>Velikost cilindra za bagerjev palec se lahko razlikuje glede na specifi\u010dne zahteve bagra in predvideno uporabo priklju\u010dka za palec. Ustrezna velikost cilindra se obi\u010dajno dolo\u010di z upo\u0161tevanjem dejavnikov, kot so delovna te\u017ea bagra, \u017eelena dvi\u017ena zmogljivost palca in zdru\u017eljivost s hidravli\u010dnim sistemom bagra.<\/p>\n<p>Za dolo\u010ditev ustrezne velikosti cilindra za bagerski palec je priporo\u010dljivo, da se posvetujete s proizvajalcem ali dobaviteljem priklju\u010dka za palec. Ta vam lahko ponudi smernice glede na specifikacije bagra in predvideno uporabo palca.<\/p>\n<p>Omeniti velja, da so bagri na voljo v razli\u010dnih velikostih in konfiguracijah, da ustrezajo razli\u010dnim modelom in velikostim bagrov. Priklju\u010dek za palec je obi\u010dajno sestavljen iz osrednje strukture ali okvirja, ki se pritrdi na roko bagra, in hidravli\u010dnega cilindra, ki zagotavlja prijem ali vpenjanje. Velikost cilindra je treba izbrati tako, da se zagotovi zdru\u017eljivost s priklju\u010dkom za palec in potrebna sila prijema za predvidene naloge.<\/p>\n<p>Pri izbiri velikosti cilindra za bager je bistveno najti ravnovesje med zadostno dvi\u017eno zmogljivostjo in zagotovitvijo, da lahko hidravli\u010dni sistem bagra ustrezno podpira delovanje palca. Prevelika velikost cilindra lahko prekomerno obremeni hidravli\u010dni sistem bagra, premajhna velikost pa lahko povzro\u010di omejeno dvi\u017eno zmogljivost in zmanj\u0161ano delovanje.<\/p>\n<p>Skratka, velikost cilindra za palec bagra je treba dolo\u010diti na podlagi dejavnikov, kot so delovna te\u017ea bagra, \u017eelena dvi\u017ena zmogljivost ter zdru\u017eljivost s priklju\u010dkom za palec in hidravli\u010dnim sistemom. Za zagotovitev pravilne velikosti in optimalne zmogljivosti je priporo\u010dljivo posvetovanje s proizvajalcem ali dobaviteljem priklju\u010dka za palec.<\/p>\n<h2><strong>Zmogljivost in zmogljivost tovarne:<\/strong><\/h2>\n<h3>(1) Sestavljanje<\/h3>\n<p>Imamo prvovrstno neodvisno platformo za raziskave in razvoj. Delavnica za proizvodnjo hidravli\u010dnih cilindrov ima \u0161tiri polavtomatske monta\u017ene linije za dvi\u017ene cilindre in eno avtomatsko monta\u017eno linijo za nagibne cilindre z letno proizvodno zmogljivostjo 1 milijona kosov. Delavnica za posebne cilindre je opremljena z razli\u010dnimi specifikacijami polavtomatskega sistema za \u010di\u0161\u010denje in monta\u017eo z letno proizvodno zmogljivostjo 200.000 kosov ter znano CNC obdelovalno opremo, obdelovalnim centrom, visoko precizno posebno opremo za obdelavo cilindrov, robotskim varilnim strojem, avtomatskim \u010distilnim strojem, avtomatskim strojem za monta\u017eo cilindrov in avtomatsko proizvodno linijo za barvanje. Obstoje\u010da kriti\u010dna oprema obsega ve\u010d kot 300 kompletov (kompletov). Optimalna razporeditev in u\u010dinkovita uporaba opremnih virov zagotavljata zahteve glede natan\u010dnosti izdelkov in izpolnjujeta visoke zahteve glede kakovosti izdelkov.<\/p>\n<p><img loading=\"lazy\" decoding=\"async\" class=\"alignnone wp-image-626\" src=\"https:\/\/hydraulic-cylinders.net\/wp-content\/uploads\/2023\/08\/hydraulic-cylinder-product-1-300x158.webp\" alt=\"\" width=\"495\" height=\"260\" srcset=\"https:\/\/hydraulic-cylinders.net\/wp-content\/uploads\/2023\/08\/hydraulic-cylinder-product-1-300x158.webp 495w, https:\/\/hydraulic-cylinders.net\/wp-content\/uploads\/2023\/08\/hydraulic-cylinder-product-1-480x252.webp 480w\" sizes=\"(min-width: 0px) and (max-width: 480px) 480px, (min-width: 481px) 495px, 100vw\" \/> <img loading=\"lazy\" decoding=\"async\" class=\"alignnone wp-image-627\" src=\"https:\/\/hydraulic-cylinders.net\/wp-content\/uploads\/2023\/08\/hydraulic-cylinder-product-2-300x189.webp\" alt=\"\" width=\"413\" height=\"260\" \/><\/p>\n<h3>(2) Strojna obdelava<\/h3>\n<p>Strojna delavnica je opremljena s prilagojenim centrom za stru\u017eenje nagnjenih tirnic, obdelovalnim centrom, visokohitrostnim strojem za honanje, varilnim robotom in drugo sorodno opremo, ki lahko obdeluje cilindri\u010dne cevi z najve\u010djim notranjim premerom 400 mm in najve\u010djo dol\u017eino 6 metrov.<\/p>\n<p><img loading=\"lazy\" decoding=\"async\" class=\"alignnone wp-image-628 size-large\" src=\"https:\/\/hydraulic-cylinders.net\/wp-content\/uploads\/2023\/08\/hydraulic-cylinder-product-3-1024x391.webp\" alt=\"\" width=\"1024\" height=\"391\" srcset=\"https:\/\/hydraulic-cylinders.net\/wp-content\/uploads\/2023\/08\/hydraulic-cylinder-product-3-980x374.webp 980w, https:\/\/hydraulic-cylinders.net\/wp-content\/uploads\/2023\/08\/hydraulic-cylinder-product-3-480x183.webp 480w\" sizes=\"(min-width: 0px) and (max-width: 480px) 480px, (min-width: 481px) and (max-width: 980px) 980px, (min-width: 981px) 1024px, 100vw\" \/><\/p>\n<h3>(3) Varjenje<\/h3>\n<p><img loading=\"lazy\" decoding=\"async\" class=\"alignnone wp-image-629 size-large\" src=\"https:\/\/hydraulic-cylinders.net\/wp-content\/uploads\/2023\/08\/hydraulic-cylinder-product-4-1024x510.webp\" alt=\"\" width=\"1024\" height=\"510\" srcset=\"https:\/\/hydraulic-cylinders.net\/wp-content\/uploads\/2023\/08\/hydraulic-cylinder-product-4-980x488.webp 980w, https:\/\/hydraulic-cylinders.net\/wp-content\/uploads\/2023\/08\/hydraulic-cylinder-product-4-480x239.webp 480w\" sizes=\"(min-width: 0px) and (max-width: 480px) 480px, (min-width: 481px) and (max-width: 980px) 980px, (min-width: 981px) 1024px, 100vw\" \/><\/p>\n<h3>(4) Barvanje in premazovanje<\/h3>\n<p>Z majhnimi in srednje velikimi cilindri\u010dnimi avtomatskimi linijami za barvanje na vodni osnovi, za doseganje avtomatskega nakladanja in razkladanja robotov ter avtomatskega brizganja, je projektna zmogljivost 4000 kosov na izmeno;<br \/>\nImamo tudi polavtomatsko linijo za proizvodnjo barv za velike jeklenke, ki jo poganja veriga, s projektno zmogljivostjo 60 zabojev na izmeno.<\/p>\n<p><img loading=\"lazy\" decoding=\"async\" class=\"alignnone wp-image-630\" src=\"https:\/\/hydraulic-cylinders.net\/wp-content\/uploads\/2023\/08\/hydraulic-cylinder-product-5-300x213.webp\" alt=\"\" width=\"366\" height=\"260\" \/> <img loading=\"lazy\" decoding=\"async\" class=\"alignnone wp-image-631\" src=\"https:\/\/hydraulic-cylinders.net\/wp-content\/uploads\/2023\/08\/hydraulic-cylinder-product-6-300x225.webp\" alt=\"\" width=\"347\" height=\"260\" \/><\/p>\n<h3>(5) Testiranje<\/h3>\n<p>Imamo prvovrstne in\u0161pekcijske prostore in testne postaje, s katerimi zagotavljamo, da delovanje jeklenke izpolnjuje zahteve.<\/p>\n<p><img loading=\"lazy\" decoding=\"async\" class=\"alignnone wp-image-632\" src=\"https:\/\/hydraulic-cylinders.net\/wp-content\/uploads\/2023\/08\/hydraulic-cylinder-product-8-300x200.webp\" alt=\"\" width=\"389\" height=\"260\" \/><\/p>\n<p>&nbsp;<\/p>\n<p>&nbsp;<\/p>\n<p>Smo eden najbolj\u0161ih proizvajalcev hidravli\u010dnih cilindrov. Ponujamo vam celovito ponudbo hidravli\u010dnih cilindrov. Zagotavljamo tudi ustrezne <a href=\"https:\/\/hzpt.com\/agricultural-pto-gearbox\/\" target=\"_blank\" rel=\"noopener\">kmetijski menjalniki<\/a>Na\u0161e izdelke smo izvozili strankam po vsem svetu in si prislu\u017eili dober ugled zaradi vrhunske kakovosti izdelkov in poprodajnih storitev. Z veseljem vas vabimo, da nas kontaktirate za poslovne dogovore, izmenjavo informacij in ... <a href=\"https:\/\/www.hydraulic-cylinders.net\/sl\/contact-us\/\">sodelujte z nami<\/a>!<\/p>","protected":false},"excerpt":{"rendered":"<p>Small Excavator Bucket Cylinder The small excavator bucket cylinder is a high-performance hydraulic component designed to optimize small excavators&#8217; digging and lifting capabilities. With its compact size and robust construction, this cylinder offers exceptional strength, precision, and durability. The small excavator bucket cylinder is a robust and reliable hydraulic component that enhances the efficiency and [&hellip;]<\/p>","protected":false},"featured_media":1482,"comment_status":"open","ping_status":"closed","template":"","meta":{"_et_pb_use_builder":"","_et_pb_old_content":"","_et_gb_content_width":""},"product_brand":[],"product_cat":[1550,1503,1376],"product_tag":[1380],"class_list":{"0":"post-1479","1":"product","2":"type-product","3":"status-publish","4":"has-post-thumbnail","6":"product_cat-double-acting-hydraulic-cylinder","7":"product_cat-excavator-hydraulic-cylinders","8":"product_cat-hydraulic-cylinder","9":"product_tag-hydraulic-cylinder","11":"first","12":"instock","13":"shipping-taxable","14":"product-type-simple"},"amp_enabled":true,"_links":{"self":[{"href":"https:\/\/www.hydraulic-cylinders.net\/sl\/wp-json\/wp\/v2\/product\/1479","targetHints":{"allow":["GET"]}}],"collection":[{"href":"https:\/\/www.hydraulic-cylinders.net\/sl\/wp-json\/wp\/v2\/product"}],"about":[{"href":"https:\/\/www.hydraulic-cylinders.net\/sl\/wp-json\/wp\/v2\/types\/product"}],"replies":[{"embeddable":true,"href":"https:\/\/www.hydraulic-cylinders.net\/sl\/wp-json\/wp\/v2\/comments?post=1479"}],"wp:featuredmedia":[{"embeddable":true,"href":"https:\/\/www.hydraulic-cylinders.net\/sl\/wp-json\/wp\/v2\/media\/1482"}],"wp:attachment":[{"href":"https:\/\/www.hydraulic-cylinders.net\/sl\/wp-json\/wp\/v2\/media?parent=1479"}],"wp:term":[{"taxonomy":"product_brand","embeddable":true,"href":"https:\/\/www.hydraulic-cylinders.net\/sl\/wp-json\/wp\/v2\/product_brand?post=1479"},{"taxonomy":"product_cat","embeddable":true,"href":"https:\/\/www.hydraulic-cylinders.net\/sl\/wp-json\/wp\/v2\/product_cat?post=1479"},{"taxonomy":"product_tag","embeddable":true,"href":"https:\/\/www.hydraulic-cylinders.net\/sl\/wp-json\/wp\/v2\/product_tag?post=1479"}],"curies":[{"name":"delovni list","href":"https:\/\/api.w.org\/{rel}","templated":true}]}}