{"id":1487,"date":"2023-09-26T06:55:27","date_gmt":"2023-09-26T06:55:27","guid":{"rendered":"https:\/\/hydraulic-cylinders.net\/?post_type=product&#038;p=1487"},"modified":"2025-04-11T03:41:29","modified_gmt":"2025-04-11T03:41:29","slug":"small-excavator-stick-cylinder","status":"publish","type":"product","link":"https:\/\/www.hydraulic-cylinders.net\/sl\/izdelek\/small-excavator-stick-cylinder\/","title":{"rendered":"Majhen bagerski valj"},"content":{"rendered":"<h1 style=\"text-align: center;\"><strong>Majhen bagerski valj<\/strong><\/h1>\n<p><img loading=\"lazy\" decoding=\"async\" class=\"aligncenter wp-image-1488\" src=\"https:\/\/hydraulic-cylinders.net\/wp-content\/uploads\/2023\/09\/stick-cylinder-1-300x300.webp\" alt=\"\" width=\"400\" height=\"400\" \/><\/p>\n<p>Cilinder kraka za majhen bager je zelo zanesljiva in robustna hidravli\u010dna komponenta, zasnovana za izbolj\u0161anje zmogljivosti in u\u010dinkovitosti majhnih bagrov. Ta cilinder je posebej zasnovan za zagotavljanje izjemne mo\u010di, natan\u010dnosti in vzdr\u017eljivosti v kompaktnih gradbenih strojih.<\/p>\n<p>Cilinder kraka malega bagra je klju\u010dna hidravli\u010dna komponenta, ki znatno izbolj\u0161a zmogljivost in u\u010dinkovitost majhnih bagrov. S svojo kompaktno zasnovo, impresivnim dosegom in globino kopanja, izbolj\u0161ano silo kopanja in natan\u010dnim nadzorom ta cilinder omogo\u010da upravljavcem enostavno in natan\u010dno opravljanje izkopnih nalog. Z upo\u0161tevanjem priporo\u010denih metod uporabe in vzdr\u017eevalnih praks lahko upravljavci zagotovijo optimalno zmogljivost in dolgo \u017eivljenjsko dobo cilindra kraka malega bagra, kar ima za posledico ve\u010djo produktivnost in uspe\u0161en zaklju\u010dek gradbenih in izkopnih projektov. Investirajte v ta izjemen hidravli\u010dni cilinder, da pove\u010date zmogljivosti svojega malega bagra in dose\u017eete vrhunske rezultate pri izkopavanju.<\/p>\n<p>Klju\u010dne zna\u010dilnosti cilindra kraka majhnega bagra:<\/p>\n<ol>\n<li>Kompaktna zasnova in robustna konstrukcija<\/li>\n<\/ol>\n<ul>\n<li>Cilinder kraka za majhen bager je izdelan posebej za majhne bagre, kar zagotavlja popolno prileganje in optimalno delovanje.<\/li>\n<li>Njegova kompaktna zasnova in robustna konstrukcija omogo\u010data, da prenese zahtevne delovne pogoje in zagotavlja dolgotrajno vzdr\u017eljivost.<\/li>\n<\/ul>\n<ol start=\"2\">\n<li>Impresiven doseg in globina kopanja<\/li>\n<\/ol>\n<ul>\n<li>Despite its small size, the cylinder offers impressive reach and digging depth capability, maximizing the excavator&#8217;s operational range.<\/li>\n<li>Omogo\u010da operaterjem dostop do omejenih prostorov in u\u010dinkovito, natan\u010dno in enostavno izkopavanje v tesnih obmo\u010djih.<\/li>\n<\/ul>\n<ol start=\"3\">\n<li>Izbolj\u0161ana sila in u\u010dinkovitost kopanja<\/li>\n<\/ol>\n<ul>\n<li>Cilinder zagotavlja pove\u010dano silo kopanja, kar omogo\u010da u\u010dinkovito izkopavanje razli\u010dnih materialov, vklju\u010dno z zemljo, kamenjem in ru\u0161evinami.<\/li>\n<li>It optimizes the excavator&#8217;s digging performance, increasing productivity and reducing project completion time.<\/li>\n<\/ul>\n<ol start=\"4\">\n<li>Gladko delovanje in natan\u010den nadzor<\/li>\n<\/ol>\n<ul>\n<li>Cilinder kraka majhnega bagra vklju\u010duje napredne hidravli\u010dne tehnologije za nemoteno delovanje in natan\u010den nadzor.<\/li>\n<li>Ponuja odli\u010dno odzivnost, kar operaterjem omogo\u010da natan\u010dno in u\u010dinkovito izvajanje ob\u010dutljivih operacij.<\/li>\n<\/ul>\n<h2><strong>Parameter cilindra majhnega bagra:<\/strong><\/h2>\n<table border=\"1\" cellspacing=\"0\" cellpadding=\"0\">\n<tbody>\n<tr>\n<td>Ime izdelka<\/td>\n<td>Majhen bagerski valj<\/td>\n<\/tr>\n<tr>\n<td>Zna\u010dilnosti:<\/td>\n<td>Nadzorujte gibanje podlakti<\/td>\n<\/tr>\n<tr>\n<td>Premer izvrtine:<\/td>\n<td>50 mm\uff5e115 mm<\/td>\n<\/tr>\n<tr>\n<td>Premer palice:<\/td>\n<td>25 mm\uff5e70 mm<br \/>\nHod \u2264 1000 mm<\/td>\n<\/tr>\n<tr>\n<td>Potisna sila:<\/td>\n<td>Najve\u010d 305 kN<\/td>\n<\/tr>\n<tr>\n<td>Premer izvrtine:<\/td>\n<td>115 mm\/tlak 29,4 MPa)<\/td>\n<\/tr>\n<\/tbody>\n<\/table>\n<h2><strong>Diagram identifikacije cilindra kraka malega bagra:<\/strong><\/h2>\n<p><img loading=\"lazy\" decoding=\"async\" class=\"alignnone wp-image-1490 size-full\" src=\"https:\/\/hydraulic-cylinders.net\/wp-content\/uploads\/2023\/09\/stick-cylinder-construction.webp\" alt=\"\" width=\"1481\" height=\"988\" srcset=\"https:\/\/hydraulic-cylinders.net\/wp-content\/uploads\/2023\/09\/stick-cylinder-construction.webp 1481w, https:\/\/hydraulic-cylinders.net\/wp-content\/uploads\/2023\/09\/stick-cylinder-construction-1280x854.webp 1280w, https:\/\/hydraulic-cylinders.net\/wp-content\/uploads\/2023\/09\/stick-cylinder-construction-980x654.webp 980w, https:\/\/hydraulic-cylinders.net\/wp-content\/uploads\/2023\/09\/stick-cylinder-construction-480x320.webp 480w\" sizes=\"(min-width: 0px) and (max-width: 480px) 480px, (min-width: 481px) and (max-width: 980px) 980px, (min-width: 981px) and (max-width: 1280px) 1280px, (min-width: 1281px) 1481px, 100vw\" \/><\/p>\n<h2><strong>Na\u010din uporabe valja za majhen bager:<\/strong><\/h2>\n<ol>\n<li>Namestitev in integracija<\/li>\n<\/ol>\n<ul>\n<li>Refer to the manufacturer&#8217;s instructions for proper installation of the Small Excavator Stick Cylinder.<\/li>\n<li>Zagotovite zdru\u017eljivost in varno pritrdite valj na sklop kraka bagra.<\/li>\n<li>Upo\u0161tevajte priporo\u010dene navorne momente in uporabite ustrezno monta\u017eno opremo.<\/li>\n<\/ul>\n<ol start=\"2\">\n<li>Operativni vidiki<\/li>\n<\/ol>\n<ul>\n<li>Seznanite se s kontrolami in delovanjem bagra, vklju\u010dno s cilindrom roke.<\/li>\n<li>Pred za\u010detkom dejanskega dela vadite upravljanje bagra in cilindra kraka v nadzorovanem okolju.<\/li>\n<li>Adhere to safety guidelines and operate within the excavator&#8217;s load and reach limits to prevent accidents and equipment damage.<\/li>\n<\/ul>\n<ol start=\"3\">\n<li>Optimizacija zmogljivosti kopanja<\/li>\n<\/ol>\n<ul>\n<li>Utilize the Small Excavator Stick Cylinder&#8217;s precise control to optimize digging performance.<\/li>\n<li>Med kopanjem ohranjajte stabilen polo\u017eaj in se izogibajte nenadnim ali sunkovitim gibom, ki lahko obremenijo valj.<\/li>\n<li>Za u\u010dinkovito izkopavanje zagotovite pravilno postavitev \u017elice in pravilno zapiranje zob.<\/li>\n<\/ul>\n<h2><strong>Kak\u0161na velikost cilindra za bagerski palec?<\/strong><\/h2>\n<p>Velikost cilindra za bagerjev palec se lahko razlikuje glede na specifi\u010dne zahteve bagra in predvideno uporabo priklju\u010dka za palec. Ustrezna velikost cilindra se obi\u010dajno dolo\u010di z upo\u0161tevanjem dejavnikov, kot so delovna te\u017ea bagra, \u017eelena dvi\u017ena zmogljivost palca in zdru\u017eljivost s hidravli\u010dnim sistemom bagra.<\/p>\n<p>Za dolo\u010ditev ustrezne velikosti cilindra za bagerski palec je priporo\u010dljivo, da se posvetujete s proizvajalcem ali dobaviteljem priklju\u010dka za palec. Ta vam lahko ponudi smernice glede na specifikacije bagra in predvideno uporabo palca.<\/p>\n<p>Omeniti velja, da so bagri na voljo v razli\u010dnih velikostih in konfiguracijah, da ustrezajo razli\u010dnim modelom in velikostim bagrov. Priklju\u010dek za palec je obi\u010dajno sestavljen iz osrednje strukture ali okvirja, ki se pritrdi na roko bagra, in hidravli\u010dnega cilindra, ki zagotavlja prijem ali vpenjanje. Velikost cilindra je treba izbrati tako, da se zagotovi zdru\u017eljivost s priklju\u010dkom za palec in potrebna sila prijema za predvidene naloge.<\/p>\n<p>Pri izbiri velikosti cilindra za bager je bistveno najti ravnovesje med zadostno dvi\u017eno zmogljivostjo in zagotovitvijo, da lahko hidravli\u010dni sistem bagra ustrezno podpira delovanje palca. Prevelika velikost cilindra lahko prekomerno obremeni hidravli\u010dni sistem bagra, premajhna velikost pa lahko povzro\u010di omejeno dvi\u017eno zmogljivost in zmanj\u0161ano delovanje.<\/p>\n<p>Skratka, velikost cilindra za palec bagra je treba dolo\u010diti na podlagi dejavnikov, kot so delovna te\u017ea bagra, \u017eelena dvi\u017ena zmogljivost ter zdru\u017eljivost s priklju\u010dkom za palec in hidravli\u010dnim sistemom. Za zagotovitev pravilne velikosti in optimalne zmogljivosti je priporo\u010dljivo posvetovanje s proizvajalcem ali dobaviteljem priklju\u010dka za palec.<\/p>\n<h2><strong>Zmogljivost in zmogljivost tovarne:<\/strong><\/h2>\n<h3>(1) Sestavljanje<\/h3>\n<p>Imamo prvovrstno neodvisno platformo za raziskave in razvoj. Delavnica za proizvodnjo hidravli\u010dnih cilindrov ima \u0161tiri polavtomatske monta\u017ene linije za dvi\u017ene cilindre in eno avtomatsko monta\u017eno linijo za nagibne cilindre z letno proizvodno zmogljivostjo 1 milijona kosov. Delavnica za posebne cilindre je opremljena z razli\u010dnimi specifikacijami polavtomatskega sistema za \u010di\u0161\u010denje in monta\u017eo z letno proizvodno zmogljivostjo 200.000 kosov ter znano CNC obdelovalno opremo, obdelovalnim centrom, visoko precizno posebno opremo za obdelavo cilindrov, robotskim varilnim strojem, avtomatskim \u010distilnim strojem, avtomatskim strojem za monta\u017eo cilindrov in avtomatsko proizvodno linijo za barvanje. Obstoje\u010da kriti\u010dna oprema obsega ve\u010d kot 300 kompletov (kompletov). Optimalna razporeditev in u\u010dinkovita uporaba opremnih virov zagotavljata zahteve glede natan\u010dnosti izdelkov in izpolnjujeta visoke zahteve glede kakovosti izdelkov.<\/p>\n<p><img loading=\"lazy\" decoding=\"async\" class=\"alignnone wp-image-626\" src=\"https:\/\/hydraulic-cylinders.net\/wp-content\/uploads\/2023\/08\/hydraulic-cylinder-product-1-300x158.webp\" alt=\"\" width=\"495\" height=\"260\" srcset=\"https:\/\/hydraulic-cylinders.net\/wp-content\/uploads\/2023\/08\/hydraulic-cylinder-product-1-300x158.webp 495w, https:\/\/hydraulic-cylinders.net\/wp-content\/uploads\/2023\/08\/hydraulic-cylinder-product-1-480x252.webp 480w\" sizes=\"(min-width: 0px) and (max-width: 480px) 480px, (min-width: 481px) 495px, 100vw\" \/> <img loading=\"lazy\" decoding=\"async\" class=\"alignnone wp-image-627\" src=\"https:\/\/hydraulic-cylinders.net\/wp-content\/uploads\/2023\/08\/hydraulic-cylinder-product-2-300x189.webp\" alt=\"\" width=\"413\" height=\"260\" \/><\/p>\n<h3>(2) Strojna obdelava<\/h3>\n<p>Strojna delavnica je opremljena s prilagojenim centrom za stru\u017eenje nagnjenih tirnic, obdelovalnim centrom, visokohitrostnim strojem za honanje, varilnim robotom in drugo sorodno opremo, ki lahko obdeluje cilindri\u010dne cevi z najve\u010djim notranjim premerom 400 mm in najve\u010djo dol\u017eino 6 metrov.<\/p>\n<p><img loading=\"lazy\" decoding=\"async\" class=\"alignnone wp-image-628 size-large\" src=\"https:\/\/hydraulic-cylinders.net\/wp-content\/uploads\/2023\/08\/hydraulic-cylinder-product-3-1024x391.webp\" alt=\"\" width=\"1024\" height=\"391\" srcset=\"https:\/\/hydraulic-cylinders.net\/wp-content\/uploads\/2023\/08\/hydraulic-cylinder-product-3-980x374.webp 980w, https:\/\/hydraulic-cylinders.net\/wp-content\/uploads\/2023\/08\/hydraulic-cylinder-product-3-480x183.webp 480w\" sizes=\"(min-width: 0px) and (max-width: 480px) 480px, (min-width: 481px) and (max-width: 980px) 980px, (min-width: 981px) 1024px, 100vw\" \/><\/p>\n<h3>(3) Varjenje<\/h3>\n<p><img loading=\"lazy\" decoding=\"async\" class=\"alignnone wp-image-629 size-large\" src=\"https:\/\/hydraulic-cylinders.net\/wp-content\/uploads\/2023\/08\/hydraulic-cylinder-product-4-1024x510.webp\" alt=\"\" width=\"1024\" height=\"510\" srcset=\"https:\/\/hydraulic-cylinders.net\/wp-content\/uploads\/2023\/08\/hydraulic-cylinder-product-4-980x488.webp 980w, https:\/\/hydraulic-cylinders.net\/wp-content\/uploads\/2023\/08\/hydraulic-cylinder-product-4-480x239.webp 480w\" sizes=\"(min-width: 0px) and (max-width: 480px) 480px, (min-width: 481px) and (max-width: 980px) 980px, (min-width: 981px) 1024px, 100vw\" \/><\/p>\n<h3>(4) Barvanje in premazovanje<\/h3>\n<p>Z majhnimi in srednje velikimi cilindri\u010dnimi avtomatskimi linijami za barvanje na vodni osnovi, za doseganje avtomatskega nakladanja in razkladanja robotov ter avtomatskega brizganja, je projektna zmogljivost 4000 kosov na izmeno;<br \/>\nImamo tudi polavtomatsko linijo za proizvodnjo barv za velike jeklenke, ki jo poganja veriga, s projektno zmogljivostjo 60 zabojev na izmeno.<\/p>\n<p><img loading=\"lazy\" decoding=\"async\" class=\"alignnone wp-image-630\" src=\"https:\/\/hydraulic-cylinders.net\/wp-content\/uploads\/2023\/08\/hydraulic-cylinder-product-5-300x213.webp\" alt=\"\" width=\"366\" height=\"260\" \/> <img loading=\"lazy\" decoding=\"async\" class=\"alignnone wp-image-631\" src=\"https:\/\/hydraulic-cylinders.net\/wp-content\/uploads\/2023\/08\/hydraulic-cylinder-product-6-300x225.webp\" alt=\"\" width=\"347\" height=\"260\" \/><\/p>\n<h3>(5) Testiranje<\/h3>\n<p>Imamo prvovrstne in\u0161pekcijske prostore in testne postaje, s katerimi zagotavljamo, da delovanje jeklenke izpolnjuje zahteve.<\/p>\n<p><img loading=\"lazy\" decoding=\"async\" class=\"alignnone wp-image-632\" src=\"https:\/\/hydraulic-cylinders.net\/wp-content\/uploads\/2023\/08\/hydraulic-cylinder-product-8-300x200.webp\" alt=\"\" width=\"389\" height=\"260\" \/><\/p>\n<p>&nbsp;<\/p>\n<p>&nbsp;<\/p>\n<p>Smo eden najbolj\u0161ih proizvajalcev hidravli\u010dnih cilindrov. Ponujamo vam celovite hidravli\u010dne cilindre. Zagotavljamo tudi ustrezne <a href=\"https:\/\/hzpt.com\/agricultural-pto-gearbox\/\" target=\"_blank\" rel=\"noopener\">kmetijski menjalniki<\/a>Na\u0161e izdelke smo izvozili strankam po vsem svetu in si prislu\u017eili dober ugled zaradi vrhunske kakovosti izdelkov in poprodajnih storitev. Z veseljem vas vabimo, da nas kontaktirate za poslovne dogovore, izmenjavo informacij in ... <a href=\"https:\/\/www.hydraulic-cylinders.net\/sl\/contact-us\/\">sodelujte z nami<\/a>!<\/p>","protected":false},"excerpt":{"rendered":"<p>Small Excavator Stick Cylinder The Small Excavator Stick Cylinder is a highly reliable and robust hydraulic component designed to enhance the performance and efficiency of small excavators. This cylinder is specifically engineered to deliver exceptional power, precision, and durability in compact construction machinery. The Small Excavator Stick Cylinder is a vital hydraulic component that significantly [&hellip;]<\/p>","protected":false},"featured_media":1489,"comment_status":"open","ping_status":"closed","template":"","meta":{"_et_pb_use_builder":"","_et_pb_old_content":"","_et_gb_content_width":""},"product_brand":[],"product_cat":[1550,1503,1376],"product_tag":[1380],"class_list":{"0":"post-1487","1":"product","2":"type-product","3":"status-publish","4":"has-post-thumbnail","6":"product_cat-double-acting-hydraulic-cylinder","7":"product_cat-excavator-hydraulic-cylinders","8":"product_cat-hydraulic-cylinder","9":"product_tag-hydraulic-cylinder","11":"first","12":"instock","13":"shipping-taxable","14":"product-type-simple"},"amp_enabled":true,"_links":{"self":[{"href":"https:\/\/www.hydraulic-cylinders.net\/sl\/wp-json\/wp\/v2\/product\/1487","targetHints":{"allow":["GET"]}}],"collection":[{"href":"https:\/\/www.hydraulic-cylinders.net\/sl\/wp-json\/wp\/v2\/product"}],"about":[{"href":"https:\/\/www.hydraulic-cylinders.net\/sl\/wp-json\/wp\/v2\/types\/product"}],"replies":[{"embeddable":true,"href":"https:\/\/www.hydraulic-cylinders.net\/sl\/wp-json\/wp\/v2\/comments?post=1487"}],"wp:featuredmedia":[{"embeddable":true,"href":"https:\/\/www.hydraulic-cylinders.net\/sl\/wp-json\/wp\/v2\/media\/1489"}],"wp:attachment":[{"href":"https:\/\/www.hydraulic-cylinders.net\/sl\/wp-json\/wp\/v2\/media?parent=1487"}],"wp:term":[{"taxonomy":"product_brand","embeddable":true,"href":"https:\/\/www.hydraulic-cylinders.net\/sl\/wp-json\/wp\/v2\/product_brand?post=1487"},{"taxonomy":"product_cat","embeddable":true,"href":"https:\/\/www.hydraulic-cylinders.net\/sl\/wp-json\/wp\/v2\/product_cat?post=1487"},{"taxonomy":"product_tag","embeddable":true,"href":"https:\/\/www.hydraulic-cylinders.net\/sl\/wp-json\/wp\/v2\/product_tag?post=1487"}],"curies":[{"name":"delovni list","href":"https:\/\/api.w.org\/{rel}","templated":true}]}}