{"id":1495,"date":"2023-09-26T08:04:05","date_gmt":"2023-09-26T08:04:05","guid":{"rendered":"https:\/\/hydraulic-cylinders.net\/?post_type=product&#038;p=1495"},"modified":"2025-04-11T03:41:22","modified_gmt":"2025-04-11T03:41:22","slug":"small-excavator-rotary-actuator","status":"publish","type":"product","link":"https:\/\/www.hydraulic-cylinders.net\/sl\/izdelek\/small-excavator-rotary-actuator\/","title":{"rendered":"Rotacijski aktuator za majhen bager"},"content":{"rendered":"<h1 style=\"text-align: center;\"><strong>Rotacijski aktuator za majhen bager<\/strong><\/h1>\n<p><img loading=\"lazy\" decoding=\"async\" class=\"aligncenter wp-image-1497\" src=\"https:\/\/hydraulic-cylinders.net\/wp-content\/uploads\/2023\/09\/rotary-actuator-1-1-300x300.webp\" alt=\"\" width=\"400\" height=\"400\" \/><\/p>\n<p>Rotacijski aktuator za majhen bager je zmogljiva hidravli\u010dna komponenta, zasnovana za izbolj\u0161anje vsestranskosti in zmogljivosti majhnih bagrov. Ta aktuator je natan\u010dno zasnovan za natan\u010dno vrtenje in nadzor, kar omogo\u010da u\u010dinkovito delovanje pri razli\u010dnih gradbenih in izkopnih nalogah.<\/p>\n<p>Rotacijski aktuator majhnega bagra je klju\u010dna hidravli\u010dna komponenta, ki pove\u010duje vsestranskost in zmogljivost majhnih bagrov. S svojo kompaktno zasnovo, natan\u010dnim vrtenjem in krmiljenjem, vsestransko zdru\u017eljivostjo s priklju\u010dki in gladkim delovanjem ta aktuator omogo\u010da upravljavcem u\u010dinkovito opravljanje razli\u010dnih gradbenih in izkopnih nalog. Z upo\u0161tevanjem priporo\u010denih metod uporabe in vzdr\u017eevalnih praks lahko upravljavci zagotovijo optimalno delovanje in dolgo \u017eivljenjsko dobo rotacijskega aktuatorja majhnega bagra, kar ima za posledico ve\u010djo produktivnost in uspe\u0161en zaklju\u010dek projektov. Investirajte v ta izjemen hidravli\u010dni aktuator, da pove\u010date zmogljivosti svojega majhnega bagra in dose\u017eete vrhunske rezultate pri gradbenih in izkopnih delih.<\/p>\n<p>Klju\u010dne zna\u010dilnosti rotacijskega aktuatorja za majhen bager:<\/p>\n<ol>\n<li>Kompaktna zasnova in robustna konstrukcija<\/li>\n<\/ol>\n<ul>\n<li>Rotacijski aktuator za majhne bagre ima kompaktno zasnovo, zaradi \u010desar je idealen za majhne bagre brez kompromisov pri mo\u010di in zmogljivosti.<\/li>\n<li>Izdelan iz visokokakovostnih materialov in robustne konstrukcije, ta aktuator zagotavlja vzdr\u017eljivost in dolgo \u017eivljenjsko dobo tudi v zahtevnih delovnih pogojih.<\/li>\n<\/ul>\n<ol start=\"2\">\n<li>Natan\u010dno vrtenje in nadzor<\/li>\n<\/ol>\n<ul>\n<li>Ta aktuator zagotavlja natan\u010dno vrtenje in nadzor, kar upravljavcem omogo\u010da enostavno pozicioniranje in manevriranje s priklju\u010dki, kot so \u017elice, pol\u017ei in grabe\u017ei.<\/li>\n<li>Omogo\u010da natan\u010dno in u\u010dinkovito delovanje, pove\u010duje produktivnost in skraj\u0161a \u010das, potreben za dokon\u010danje izkopnih nalog.<\/li>\n<\/ul>\n<ol start=\"3\">\n<li>Vsestranska zdru\u017eljivost priklju\u010dkov<\/li>\n<\/ol>\n<ul>\n<li>Rotacijski aktuator za majhen bager je zdru\u017eljiv z razli\u010dnimi priklju\u010dki, zaradi \u010desar je primeren za ve\u010d aplikacij.<\/li>\n<li>Uporablja se lahko z \u017elicami za kopanje, grabljami za ravnanje z materialom in svedri za vrtanje, kar zagotavlja vsestranskost in prilagodljivost na gradbi\u0161\u010du.<\/li>\n<\/ul>\n<ol start=\"4\">\n<li>Gladko in u\u010dinkovito delovanje<\/li>\n<\/ol>\n<ul>\n<li>Opremljen z naprednimi hidravli\u010dnimi tehnologijami, ta aktuator zagotavlja nemoteno in u\u010dinkovito delovanje.<\/li>\n<li>Zagotavlja odli\u010dno odzivnost, kar operaterjem omogo\u010da enostavno in nadzorovano izvajanje natan\u010dnih gibov.<\/li>\n<\/ul>\n<h2><strong>Parameter rotacijskega aktuatorja majhnega bagra:<\/strong><\/h2>\n<table border=\"1\" cellspacing=\"0\" cellpadding=\"0\">\n<tbody>\n<tr>\n<td>Ime izdelka<\/td>\n<td>Majhen bagerski valj<\/td>\n<\/tr>\n<tr>\n<td>Zna\u010dilnosti:<\/td>\n<td>Nadzorujte gibanje podlakti<\/td>\n<\/tr>\n<tr>\n<td>Premer izvrtine:<\/td>\n<td>50 mm\uff5e115 mm<\/td>\n<\/tr>\n<tr>\n<td>Premer palice:<\/td>\n<td>25 mm\uff5e70 mm<br \/>\nHod \u2264 1000 mm<\/td>\n<\/tr>\n<tr>\n<td>Potisna sila:<\/td>\n<td>Najve\u010d 305 kN<\/td>\n<\/tr>\n<tr>\n<td>Premer izvrtine:<\/td>\n<td>115 mm\/tlak 29,4 MPa)<\/td>\n<\/tr>\n<\/tbody>\n<\/table>\n<h2><strong>Diagram identifikacije rotacijskega aktuatorja majhnega bagra:<\/strong><\/h2>\n<p><img loading=\"lazy\" decoding=\"async\" class=\"alignnone wp-image-1490 size-full\" src=\"https:\/\/hydraulic-cylinders.net\/wp-content\/uploads\/2023\/09\/stick-cylinder-construction.webp\" alt=\"\" width=\"1481\" height=\"988\" srcset=\"https:\/\/hydraulic-cylinders.net\/wp-content\/uploads\/2023\/09\/stick-cylinder-construction.webp 1481w, https:\/\/hydraulic-cylinders.net\/wp-content\/uploads\/2023\/09\/stick-cylinder-construction-1280x854.webp 1280w, https:\/\/hydraulic-cylinders.net\/wp-content\/uploads\/2023\/09\/stick-cylinder-construction-980x654.webp 980w, https:\/\/hydraulic-cylinders.net\/wp-content\/uploads\/2023\/09\/stick-cylinder-construction-480x320.webp 480w\" sizes=\"(min-width: 0px) and (max-width: 480px) 480px, (min-width: 481px) and (max-width: 980px) 980px, (min-width: 981px) and (max-width: 1280px) 1280px, (min-width: 1281px) 1481px, 100vw\" \/><\/p>\n<h2><strong>Na\u010din uporabe rotacijskega aktuatorja majhnega bagra:<\/strong><\/h2>\n<ol>\n<li>Namestitev in integracija<\/li>\n<\/ol>\n<ul>\n<li>Za pravilno namestitev rotacijskega aktuatorja za majhen bager najprej upo\u0161tevajte navodila proizvajalca.<\/li>\n<li>Zagotovite zdru\u017eljivost in varno pritrdite aktuator na pritrdilno to\u010dko bagra.<\/li>\n<li>Upo\u0161tevajte priporo\u010dene specifikacije navora in uporabite ustrezno monta\u017eno opremo za varno in zanesljivo povezavo.<\/li>\n<\/ul>\n<ol start=\"2\">\n<li>Operativni vidiki<\/li>\n<\/ol>\n<ul>\n<li>Seznanite se s krmiljenjem in delovanjem majhnega bagra, vklju\u010dno z rotacijskim aktuatorjem.<\/li>\n<li>Pred dejanskimi nalogami vadite upravljanje bagra in aktuatorja v nadzorovanem okolju.<\/li>\n<li>Upo\u0161tevajte varnostne smernice in delajte znotraj omejitev obremenitve bagra, da prepre\u010dite nesre\u010de in po\u0161kodbe opreme.<\/li>\n<\/ul>\n<ol start=\"3\">\n<li>Uporaba in nadzor prilog<\/li>\n<\/ol>\n<ul>\n<li>Na rotacijski aktuator malega bagra pritrdite \u017eeleno orodje ali pripomo\u010dek, kot je \u017elica, grabe\u017e ali sveder.<\/li>\n<li>Z natan\u010dnim krmiljenjem aktuatorja pozicionirajte in upravljajte priklju\u010dke glede na potrebe naloge.<\/li>\n<li>Prilagodite hitrost in smer vrtenja glede na posebne zahteve izkopa ali gradbenega projekta.<\/li>\n<\/ul>\n<h2><strong>Kak\u0161na velikost cilindra za bagerski palec?<\/strong><\/h2>\n<p>Velikost cilindra za bagerjev palec se lahko razlikuje glede na specifi\u010dne zahteve bagra in predvideno uporabo priklju\u010dka za palec. Ustrezna velikost cilindra se obi\u010dajno dolo\u010di z upo\u0161tevanjem dejavnikov, kot so delovna te\u017ea bagra, \u017eelena dvi\u017ena zmogljivost palca in zdru\u017eljivost s hidravli\u010dnim sistemom bagra.<\/p>\n<p>Za dolo\u010ditev ustrezne velikosti cilindra za bagerski palec je priporo\u010dljivo, da se posvetujete s proizvajalcem ali dobaviteljem priklju\u010dka za palec. Ta vam lahko ponudi smernice glede na specifikacije bagra in predvideno uporabo palca.<\/p>\n<p>Omeniti velja, da so bagri na voljo v razli\u010dnih velikostih in konfiguracijah, da ustrezajo razli\u010dnim modelom in velikostim bagrov. Priklju\u010dek za palec je obi\u010dajno sestavljen iz osrednje strukture ali okvirja, ki se pritrdi na roko bagra, in hidravli\u010dnega cilindra, ki zagotavlja prijem ali vpenjanje. Velikost cilindra je treba izbrati tako, da se zagotovi zdru\u017eljivost s priklju\u010dkom za palec in potrebna sila prijema za predvidene naloge.<\/p>\n<p>Pri izbiri velikosti cilindra za bager je bistveno najti ravnovesje med zadostno dvi\u017eno zmogljivostjo in zagotovitvijo, da lahko hidravli\u010dni sistem bagra ustrezno podpira delovanje palca. Prevelika velikost cilindra lahko prekomerno obremeni hidravli\u010dni sistem bagra, premajhna velikost pa lahko povzro\u010di omejeno dvi\u017eno zmogljivost in zmanj\u0161ano delovanje.<\/p>\n<p>Skratka, velikost cilindra za palec bagra je treba dolo\u010diti na podlagi dejavnikov, kot so delovna te\u017ea bagra, \u017eelena dvi\u017ena zmogljivost ter zdru\u017eljivost s priklju\u010dkom za palec in hidravli\u010dnim sistemom. Za zagotovitev pravilne velikosti in optimalne zmogljivosti je priporo\u010dljivo posvetovanje s proizvajalcem ali dobaviteljem priklju\u010dka za palec.<\/p>\n<h2><strong>Zmogljivost in zmogljivost tovarne:<\/strong><\/h2>\n<h3>(1) Sestavljanje<\/h3>\n<p>Imamo prvovrstno neodvisno platformo za raziskave in razvoj. Delavnica za proizvodnjo hidravli\u010dnih cilindrov ima \u0161tiri polavtomatske monta\u017ene linije za dvi\u017ene cilindre in eno avtomatsko monta\u017eno linijo za nagibne cilindre z letno proizvodno zmogljivostjo 1 milijona kosov. Delavnica za posebne cilindre je opremljena z razli\u010dnimi specifikacijami polavtomatskega sistema za \u010di\u0161\u010denje in monta\u017eo z letno proizvodno zmogljivostjo 200.000 kosov ter znano CNC obdelovalno opremo, obdelovalnim centrom, visoko precizno posebno opremo za obdelavo cilindrov, robotskim varilnim strojem, avtomatskim \u010distilnim strojem, avtomatskim strojem za monta\u017eo cilindrov in avtomatsko proizvodno linijo za barvanje. Obstoje\u010da kriti\u010dna oprema obsega ve\u010d kot 300 kompletov (kompletov). Optimalna razporeditev in u\u010dinkovita uporaba opremnih virov zagotavljata zahteve glede natan\u010dnosti izdelkov in izpolnjujeta visoke zahteve glede kakovosti izdelkov.<\/p>\n<p><img loading=\"lazy\" decoding=\"async\" class=\"alignnone wp-image-626\" src=\"https:\/\/hydraulic-cylinders.net\/wp-content\/uploads\/2023\/08\/hydraulic-cylinder-product-1-300x158.webp\" alt=\"\" width=\"495\" height=\"260\" srcset=\"https:\/\/hydraulic-cylinders.net\/wp-content\/uploads\/2023\/08\/hydraulic-cylinder-product-1-300x158.webp 495w, https:\/\/hydraulic-cylinders.net\/wp-content\/uploads\/2023\/08\/hydraulic-cylinder-product-1-480x252.webp 480w\" sizes=\"(min-width: 0px) and (max-width: 480px) 480px, (min-width: 481px) 495px, 100vw\" \/> <img loading=\"lazy\" decoding=\"async\" class=\"alignnone wp-image-627\" src=\"https:\/\/hydraulic-cylinders.net\/wp-content\/uploads\/2023\/08\/hydraulic-cylinder-product-2-300x189.webp\" alt=\"\" width=\"413\" height=\"260\" \/><\/p>\n<h3>(2) Strojna obdelava<\/h3>\n<p>Strojna delavnica je opremljena s prilagojenim centrom za stru\u017eenje nagnjenih tirnic, obdelovalnim centrom, visokohitrostnim strojem za honanje, varilnim robotom in drugo sorodno opremo, ki lahko obdeluje cilindri\u010dne cevi z najve\u010djim notranjim premerom 400 mm in najve\u010djo dol\u017eino 6 metrov.<\/p>\n<p><img loading=\"lazy\" decoding=\"async\" class=\"alignnone wp-image-628 size-large\" src=\"https:\/\/hydraulic-cylinders.net\/wp-content\/uploads\/2023\/08\/hydraulic-cylinder-product-3-1024x391.webp\" alt=\"\" width=\"1024\" height=\"391\" srcset=\"https:\/\/hydraulic-cylinders.net\/wp-content\/uploads\/2023\/08\/hydraulic-cylinder-product-3-980x374.webp 980w, https:\/\/hydraulic-cylinders.net\/wp-content\/uploads\/2023\/08\/hydraulic-cylinder-product-3-480x183.webp 480w\" sizes=\"(min-width: 0px) and (max-width: 480px) 480px, (min-width: 481px) and (max-width: 980px) 980px, (min-width: 981px) 1024px, 100vw\" \/><\/p>\n<h3>(3) Varjenje<\/h3>\n<p><img loading=\"lazy\" decoding=\"async\" class=\"alignnone wp-image-629 size-large\" src=\"https:\/\/hydraulic-cylinders.net\/wp-content\/uploads\/2023\/08\/hydraulic-cylinder-product-4-1024x510.webp\" alt=\"\" width=\"1024\" height=\"510\" srcset=\"https:\/\/hydraulic-cylinders.net\/wp-content\/uploads\/2023\/08\/hydraulic-cylinder-product-4-980x488.webp 980w, https:\/\/hydraulic-cylinders.net\/wp-content\/uploads\/2023\/08\/hydraulic-cylinder-product-4-480x239.webp 480w\" sizes=\"(min-width: 0px) and (max-width: 480px) 480px, (min-width: 481px) and (max-width: 980px) 980px, (min-width: 981px) 1024px, 100vw\" \/><\/p>\n<h3>(4) Barvanje in premazovanje<\/h3>\n<p>Z majhnimi in srednje velikimi cilindri\u010dnimi avtomatskimi linijami za barvanje na vodni osnovi, za doseganje avtomatskega nakladanja in razkladanja robotov ter avtomatskega brizganja, je projektna zmogljivost 4000 kosov na izmeno;<br \/>\nImamo tudi polavtomatsko linijo za proizvodnjo barv za velike jeklenke, ki jo poganja veriga, s projektno zmogljivostjo 60 zabojev na izmeno.<\/p>\n<p><img loading=\"lazy\" decoding=\"async\" class=\"alignnone wp-image-630\" src=\"https:\/\/hydraulic-cylinders.net\/wp-content\/uploads\/2023\/08\/hydraulic-cylinder-product-5-300x213.webp\" alt=\"\" width=\"366\" height=\"260\" \/> <img loading=\"lazy\" decoding=\"async\" class=\"alignnone wp-image-631\" src=\"https:\/\/hydraulic-cylinders.net\/wp-content\/uploads\/2023\/08\/hydraulic-cylinder-product-6-300x225.webp\" alt=\"\" width=\"347\" height=\"260\" \/><\/p>\n<h3>(5) Testiranje<\/h3>\n<p>Imamo prvovrstne in\u0161pekcijske prostore in testne postaje, s katerimi zagotavljamo, da delovanje jeklenke izpolnjuje zahteve.<\/p>\n<p><img loading=\"lazy\" decoding=\"async\" class=\"alignnone wp-image-632\" src=\"https:\/\/hydraulic-cylinders.net\/wp-content\/uploads\/2023\/08\/hydraulic-cylinder-product-8-300x200.webp\" alt=\"\" width=\"389\" height=\"260\" \/><\/p>\n<p>&nbsp;<\/p>\n<p>&nbsp;<\/p>\n<p>Smo eden najbolj\u0161ih proizvajalcev hidravli\u010dnih cilindrov. Ponujamo vam celovite hidravli\u010dne cilindre. Zagotavljamo tudi ustrezne <a href=\"https:\/\/hzpt.com\/agricultural-pto-gearbox\/\" target=\"_blank\" rel=\"noopener\">kmetijski menjalniki<\/a>Na\u0161e izdelke smo izvozili strankam po vsem svetu in si prislu\u017eili dober ugled zaradi vrhunske kakovosti izdelkov in poprodajnih storitev. Z veseljem vas vabimo, da nas kontaktirate za poslovne dogovore, izmenjavo informacij in ... <a href=\"https:\/\/www.hydraulic-cylinders.net\/sl\/contact-us\/\">sodelujte z nami<\/a>!<\/p>","protected":false},"excerpt":{"rendered":"<p>Small Excavator Rotary Actuator The small excavator rotary actuator is a powerful hydraulic component designed to enhance the versatility and performance of small excavators. This actuator is precisely engineered to provide precise rotation and control, enabling efficient operation in various construction and excavation tasks. The small excavator rotary actuator is a crucial hydraulic component that [&hellip;]<\/p>","protected":false},"featured_media":1496,"comment_status":"open","ping_status":"closed","template":"","meta":{"_et_pb_use_builder":"","_et_pb_old_content":"","_et_gb_content_width":""},"product_brand":[],"product_cat":[1550,1503,1376],"product_tag":[1380],"class_list":{"0":"post-1495","1":"product","2":"type-product","3":"status-publish","4":"has-post-thumbnail","6":"product_cat-double-acting-hydraulic-cylinder","7":"product_cat-excavator-hydraulic-cylinders","8":"product_cat-hydraulic-cylinder","9":"product_tag-hydraulic-cylinder","11":"first","12":"instock","13":"shipping-taxable","14":"product-type-simple"},"amp_enabled":true,"_links":{"self":[{"href":"https:\/\/www.hydraulic-cylinders.net\/sl\/wp-json\/wp\/v2\/product\/1495","targetHints":{"allow":["GET"]}}],"collection":[{"href":"https:\/\/www.hydraulic-cylinders.net\/sl\/wp-json\/wp\/v2\/product"}],"about":[{"href":"https:\/\/www.hydraulic-cylinders.net\/sl\/wp-json\/wp\/v2\/types\/product"}],"replies":[{"embeddable":true,"href":"https:\/\/www.hydraulic-cylinders.net\/sl\/wp-json\/wp\/v2\/comments?post=1495"}],"wp:featuredmedia":[{"embeddable":true,"href":"https:\/\/www.hydraulic-cylinders.net\/sl\/wp-json\/wp\/v2\/media\/1496"}],"wp:attachment":[{"href":"https:\/\/www.hydraulic-cylinders.net\/sl\/wp-json\/wp\/v2\/media?parent=1495"}],"wp:term":[{"taxonomy":"product_brand","embeddable":true,"href":"https:\/\/www.hydraulic-cylinders.net\/sl\/wp-json\/wp\/v2\/product_brand?post=1495"},{"taxonomy":"product_cat","embeddable":true,"href":"https:\/\/www.hydraulic-cylinders.net\/sl\/wp-json\/wp\/v2\/product_cat?post=1495"},{"taxonomy":"product_tag","embeddable":true,"href":"https:\/\/www.hydraulic-cylinders.net\/sl\/wp-json\/wp\/v2\/product_tag?post=1495"}],"curies":[{"name":"delovni list","href":"https:\/\/api.w.org\/{rel}","templated":true}]}}