{"id":1502,"date":"2023-09-27T07:01:44","date_gmt":"2023-09-27T07:01:44","guid":{"rendered":"https:\/\/hydraulic-cylinders.net\/?post_type=product&#038;p=1502"},"modified":"2025-04-11T03:41:16","modified_gmt":"2025-04-11T03:41:16","slug":"large-excavator-boom-cylinder","status":"publish","type":"product","link":"https:\/\/www.hydraulic-cylinders.net\/sl\/izdelek\/large-excavator-boom-cylinder\/","title":{"rendered":"Veliki bagerski valj"},"content":{"rendered":"<h1 style=\"text-align: center;\"><strong>Veliki bagerski valj<\/strong><\/h1>\n<p><img loading=\"lazy\" decoding=\"async\" class=\"aligncenter wp-image-1503\" src=\"https:\/\/hydraulic-cylinders.net\/wp-content\/uploads\/2023\/09\/boom-cylinder-1-2-300x300.webp\" alt=\"\" width=\"400\" height=\"400\" \/><\/p>\n<p>Cilinder velikega bagra je klju\u010dna hidravli\u010dna komponenta, ki igra klju\u010dno vlogo pri u\u010dinkovitem delovanju velikih bagrov. Ta cilinder je posebej zasnovan za mo\u010dno iztegovanje in vstavljanje roke, kar omogo\u010da natan\u010den nadzor in izbolj\u0161ano zmogljivost pri te\u017ekih gradbenih projektih.<\/p>\n<p>Cilinder roke velikega bagra je mo\u010dna hidravli\u010dna komponenta, ki je klju\u010dnega pomena za u\u010dinkovito delovanje velikih bagrov. Z robustno konstrukcijo, natan\u010dnim krmiljenjem, podalj\u0161anim dosegom in dvi\u017eno zmogljivostjo ta cilinder omogo\u010da upravljavcem, da dose\u017eejo izbolj\u0161ano zmogljivost in produktivnost pri te\u017ekih gradbenih projektih. Z upo\u0161tevanjem priporo\u010denih metod uporabe in vzdr\u017eevalnih praks lahko upravljavci zagotovijo optimalno zmogljivost in dolgo \u017eivljenjsko dobo cilindra roke velikega bagra, kar ima za posledico ve\u010djo u\u010dinkovitost in uspe\u0161no dokon\u010danje gradbenih nalog. Investirajte v ta izjemen hidravli\u010dni cilinder, da sprostite polni potencial svojega velikega bagra in dvignete svoje gradbene zmogljivosti na nove vi\u0161ine.<\/p>\n<p>Klju\u010dne zna\u010dilnosti cilindra velikega bagra:<\/p>\n<ol>\n<li>Robustna konstrukcija in visoka trdnost<\/li>\n<\/ol>\n<ul>\n<li>Velik cilinder roke bagra je izdelan iz trpe\u017enih materialov in se pona\u0161a z robustno konstrukcijo, ki zagotavlja optimalno delovanje tudi v zahtevnih pogojih.<\/li>\n<li>Ima visoko trdnost, kar mu omogo\u010da, da prenese velike obremenitve in med delovanjem izvaja znatno silo.<\/li>\n<\/ul>\n<ol start=\"2\">\n<li>Natan\u010den nadzor in gladko delovanje<\/li>\n<\/ol>\n<ul>\n<li>Ta cilinder omogo\u010da natan\u010den nadzor nad iztegovanjem in vvla\u010denjem roke, kar upravljavcem omogo\u010da natan\u010dno pozicioniranje in manevriranje.<\/li>\n<li>Zagotavlja gladko in brezhibno delovanje, zmanj\u0161uje sunkovite gibe in optimizira u\u010dinkovitost med gradbenimi opravili.<\/li>\n<\/ul>\n<ol start=\"3\">\n<li>Raz\u0161irjen doseg in dvi\u017ena zmogljivost<\/li>\n<\/ol>\n<ul>\n<li>Z impresivnimi mo\u017enostmi podalj\u0161anja velik cilinder roke bagra omogo\u010da, da bager dose\u017ee ve\u010dje razdalje in tako raz\u0161iri svoj delovni doseg.<\/li>\n<li>Pove\u010da dvi\u017eno zmogljivost bagra, kar omogo\u010da u\u010dinkovito ravnanje s te\u017ekimi materiali in izbolj\u0161ano produktivnost na gradbi\u0161\u010du.<\/li>\n<\/ul>\n<ol start=\"4\">\n<li>Zdru\u017eljivost in prilagodljivost<\/li>\n<\/ol>\n<ul>\n<li>Veliki cilinder roke bagra je zasnovan tako, da je zdru\u017eljiv s \u0161iroko paleto modelov velikih bagrov, kar zagotavlja vsestranskost in enostavno integracijo.<\/li>\n<li>Z lahkoto se prilagodi razli\u010dnim konfiguracijam roke, zaradi \u010desar je vsestranska hidravli\u010dna komponenta za razli\u010dne gradbene aplikacije.<\/li>\n<\/ul>\n<h2><strong>Parameter cilindra velikega bagra:<\/strong><\/h2>\n<table border=\"1\" cellspacing=\"0\" cellpadding=\"0\">\n<tbody>\n<tr>\n<td>Ime izdelka<\/td>\n<td>Veliki bagerski valj<\/td>\n<\/tr>\n<tr>\n<td>Zna\u010dilnosti:<\/td>\n<td>Nadzorujte dvigovanje velike roke<\/td>\n<\/tr>\n<tr>\n<td>Premer izvrtine:<\/td>\n<td>200 mm\uff5e420 mm<\/td>\n<\/tr>\n<tr>\n<td>Premer palice:<\/td>\n<td>140 mm\uff5e300 mm<br \/>\nHod \u22643500 mm<\/td>\n<\/tr>\n<tr>\n<td>Potisna sila:<\/td>\n<td>Najve\u010d 4846,6 kN<\/td>\n<\/tr>\n<tr>\n<td>Premer izvrtine:<\/td>\n<td>420 mm\/tlak 35 MPa<\/td>\n<\/tr>\n<\/tbody>\n<\/table>\n<h2><strong>Diagram identifikacije cilindra roke velikega bagra:<\/strong><\/h2>\n<p><img loading=\"lazy\" decoding=\"async\" class=\"alignnone wp-image-1504 size-full\" src=\"https:\/\/hydraulic-cylinders.net\/wp-content\/uploads\/2023\/09\/boom-cylinder-2.webp\" alt=\"\" width=\"1418\" height=\"946\" srcset=\"https:\/\/hydraulic-cylinders.net\/wp-content\/uploads\/2023\/09\/boom-cylinder-2.webp 1418w, https:\/\/hydraulic-cylinders.net\/wp-content\/uploads\/2023\/09\/boom-cylinder-2-1280x854.webp 1280w, https:\/\/hydraulic-cylinders.net\/wp-content\/uploads\/2023\/09\/boom-cylinder-2-980x654.webp 980w, https:\/\/hydraulic-cylinders.net\/wp-content\/uploads\/2023\/09\/boom-cylinder-2-480x320.webp 480w\" sizes=\"(min-width: 0px) and (max-width: 480px) 480px, (min-width: 481px) and (max-width: 980px) 980px, (min-width: 981px) and (max-width: 1280px) 1280px, (min-width: 1281px) 1418px, 100vw\" \/><\/p>\n<h2><strong>Metoda uporabe velikega cilindra bagra:<\/strong><\/h2>\n<ol>\n<li>Namestitev in konfiguracija<\/li>\n<\/ol>\n<ul>\n<li>Za pravilno namestitev cilindra velikega bagra upo\u0161tevajte navodila proizvajalca.<\/li>\n<li>Zagotovite zdru\u017eljivost in varno pritrdite valj na sklop roke bagra.<\/li>\n<li>Za vzpostavitev zanesljive povezave uporabite priporo\u010dene navorne momente in ustrezno monta\u017eno opremo.<\/li>\n<\/ul>\n<ol start=\"2\">\n<li>Operativni vidiki<\/li>\n<\/ol>\n<ul>\n<li>Seznanite se s kontrolami in delovanjem velikega bagra, vklju\u010dno z cilindrom roke.<\/li>\n<li>Preden se lotite gradbenih del, vadite upravljanje bagra in cilindra v nadzorovanem okolju.<\/li>\n<li>Upo\u0161tevajte varnostne smernice in delajte znotraj omejitev obremenitve bagra, da zagotovite varnost in prepre\u010dite po\u0161kodbe opreme.<\/li>\n<\/ul>\n<ol start=\"3\">\n<li>Optimizacija u\u010dinkovitosti delovanja<\/li>\n<\/ol>\n<ul>\n<li>Izkoristite natan\u010den nadzor, ki ga ponuja velik cilinder roke bagra, da optimizirate zmogljivost med gradbenimi projekti.<\/li>\n<li>Iztegnite in spustite roko, kot je potrebno za dolo\u010dena opravila, kar zagotavlja natan\u010dno odlaganje materialov in u\u010dinkovito kopanje ali dvigovanje.<\/li>\n<li>Prilagodite kot in vi\u0161ino roke glede na zahteve projekta, s \u010dimer pove\u010date doseg in produktivnost na gradbi\u0161\u010du.<\/li>\n<\/ul>\n<h2><strong>Kak\u0161na velikost cilindra za bagerski palec?<\/strong><\/h2>\n<p>Velikost cilindra za bagerjev palec se lahko razlikuje glede na specifi\u010dne zahteve bagra in predvideno uporabo priklju\u010dka za palec. Ustrezna velikost cilindra se obi\u010dajno dolo\u010di z upo\u0161tevanjem dejavnikov, kot so delovna te\u017ea bagra, \u017eelena dvi\u017ena zmogljivost palca in zdru\u017eljivost s hidravli\u010dnim sistemom bagra.<\/p>\n<p>Za dolo\u010ditev ustrezne velikosti cilindra za bagerski palec je priporo\u010dljivo, da se posvetujete s proizvajalcem ali dobaviteljem priklju\u010dka za palec. Ta vam lahko ponudi smernice glede na specifikacije bagra in predvideno uporabo palca.<\/p>\n<p>Omeniti velja, da so bagri na voljo v razli\u010dnih velikostih in konfiguracijah, da ustrezajo razli\u010dnim modelom in velikostim bagrov. Priklju\u010dek za palec je obi\u010dajno sestavljen iz osrednje strukture ali okvirja, ki se pritrdi na roko bagra, in hidravli\u010dnega cilindra, ki zagotavlja prijem ali vpenjanje. Velikost cilindra je treba izbrati tako, da se zagotovi zdru\u017eljivost s priklju\u010dkom za palec in potrebna sila prijema za predvidene naloge.<\/p>\n<p>Pri izbiri velikosti cilindra za bager je bistveno najti ravnovesje med zadostno dvi\u017eno zmogljivostjo in zagotovitvijo, da lahko hidravli\u010dni sistem bagra ustrezno podpira delovanje palca. Prevelika velikost cilindra lahko prekomerno obremeni hidravli\u010dni sistem bagra, premajhna velikost pa lahko povzro\u010di omejeno dvi\u017eno zmogljivost in zmanj\u0161ano delovanje.<\/p>\n<p>Skratka, velikost cilindra za palec bagra je treba dolo\u010diti na podlagi dejavnikov, kot so delovna te\u017ea bagra, \u017eelena dvi\u017ena zmogljivost ter zdru\u017eljivost s priklju\u010dkom za palec in hidravli\u010dnim sistemom. Za zagotovitev pravilne velikosti in optimalne zmogljivosti je priporo\u010dljivo posvetovanje s proizvajalcem ali dobaviteljem priklju\u010dka za palec.<\/p>\n<h2><strong>Zmogljivost in zmogljivost tovarne:<\/strong><\/h2>\n<h3>(1) Sestavljanje<\/h3>\n<p>Imamo prvovrstno neodvisno platformo za raziskave in razvoj. Delavnica za proizvodnjo hidravli\u010dnih cilindrov ima \u0161tiri polavtomatske monta\u017ene linije za dvi\u017ene cilindre in eno avtomatsko monta\u017eno linijo za nagibne cilindre z letno proizvodno zmogljivostjo 1 milijona kosov. Delavnica za posebne cilindre je opremljena z razli\u010dnimi specifikacijami polavtomatskega sistema za \u010di\u0161\u010denje in monta\u017eo z letno proizvodno zmogljivostjo 200.000 kosov ter znano CNC obdelovalno opremo, obdelovalnim centrom, visoko precizno posebno opremo za obdelavo cilindrov, robotskim varilnim strojem, avtomatskim \u010distilnim strojem, avtomatskim strojem za monta\u017eo cilindrov in avtomatsko proizvodno linijo za barvanje. Obstoje\u010da kriti\u010dna oprema obsega ve\u010d kot 300 kompletov (kompletov). Optimalna razporeditev in u\u010dinkovita uporaba opremnih virov zagotavljata zahteve glede natan\u010dnosti izdelkov in izpolnjujeta visoke zahteve glede kakovosti izdelkov.<\/p>\n<p><img loading=\"lazy\" decoding=\"async\" class=\"alignnone wp-image-626\" src=\"https:\/\/hydraulic-cylinders.net\/wp-content\/uploads\/2023\/08\/hydraulic-cylinder-product-1-300x158.webp\" alt=\"\" width=\"495\" height=\"260\" srcset=\"https:\/\/hydraulic-cylinders.net\/wp-content\/uploads\/2023\/08\/hydraulic-cylinder-product-1-300x158.webp 495w, https:\/\/hydraulic-cylinders.net\/wp-content\/uploads\/2023\/08\/hydraulic-cylinder-product-1-480x252.webp 480w\" sizes=\"(min-width: 0px) and (max-width: 480px) 480px, (min-width: 481px) 495px, 100vw\" \/> <img loading=\"lazy\" decoding=\"async\" class=\"alignnone wp-image-627\" src=\"https:\/\/hydraulic-cylinders.net\/wp-content\/uploads\/2023\/08\/hydraulic-cylinder-product-2-300x189.webp\" alt=\"\" width=\"413\" height=\"260\" \/><\/p>\n<h3>(2) Strojna obdelava<\/h3>\n<p>Strojna delavnica je opremljena s prilagojenim centrom za stru\u017eenje nagnjenih tirnic, obdelovalnim centrom, visokohitrostnim strojem za honanje, varilnim robotom in drugo sorodno opremo, ki lahko obdeluje cilindri\u010dne cevi z najve\u010djim notranjim premerom 400 mm in najve\u010djo dol\u017eino 6 metrov.<\/p>\n<p><img loading=\"lazy\" decoding=\"async\" class=\"alignnone wp-image-628 size-large\" src=\"https:\/\/hydraulic-cylinders.net\/wp-content\/uploads\/2023\/08\/hydraulic-cylinder-product-3-1024x391.webp\" alt=\"\" width=\"1024\" height=\"391\" srcset=\"https:\/\/hydraulic-cylinders.net\/wp-content\/uploads\/2023\/08\/hydraulic-cylinder-product-3-980x374.webp 980w, https:\/\/hydraulic-cylinders.net\/wp-content\/uploads\/2023\/08\/hydraulic-cylinder-product-3-480x183.webp 480w\" sizes=\"(min-width: 0px) and (max-width: 480px) 480px, (min-width: 481px) and (max-width: 980px) 980px, (min-width: 981px) 1024px, 100vw\" \/><\/p>\n<h3>(3) Varjenje<\/h3>\n<p><img loading=\"lazy\" decoding=\"async\" class=\"alignnone wp-image-629 size-large\" src=\"https:\/\/hydraulic-cylinders.net\/wp-content\/uploads\/2023\/08\/hydraulic-cylinder-product-4-1024x510.webp\" alt=\"\" width=\"1024\" height=\"510\" srcset=\"https:\/\/hydraulic-cylinders.net\/wp-content\/uploads\/2023\/08\/hydraulic-cylinder-product-4-980x488.webp 980w, https:\/\/hydraulic-cylinders.net\/wp-content\/uploads\/2023\/08\/hydraulic-cylinder-product-4-480x239.webp 480w\" sizes=\"(min-width: 0px) and (max-width: 480px) 480px, (min-width: 481px) and (max-width: 980px) 980px, (min-width: 981px) 1024px, 100vw\" \/><\/p>\n<h3>(4) Barvanje in premazovanje<\/h3>\n<p>Z majhnimi in srednje velikimi cilindri\u010dnimi avtomatskimi linijami za barvanje na vodni osnovi, za doseganje avtomatskega nakladanja in razkladanja robotov ter avtomatskega brizganja, je projektna zmogljivost 4000 kosov na izmeno;<br \/>\nImamo tudi polavtomatsko linijo za proizvodnjo barv za velike jeklenke, ki jo poganja veriga, s projektno zmogljivostjo 60 zabojev na izmeno.<\/p>\n<p><img loading=\"lazy\" decoding=\"async\" class=\"alignnone wp-image-630\" src=\"https:\/\/hydraulic-cylinders.net\/wp-content\/uploads\/2023\/08\/hydraulic-cylinder-product-5-300x213.webp\" alt=\"\" width=\"366\" height=\"260\" \/> <img loading=\"lazy\" decoding=\"async\" class=\"alignnone wp-image-631\" src=\"https:\/\/hydraulic-cylinders.net\/wp-content\/uploads\/2023\/08\/hydraulic-cylinder-product-6-300x225.webp\" alt=\"\" width=\"347\" height=\"260\" \/><\/p>\n<h3>(5) Testiranje<\/h3>\n<p>Imamo prvovrstne in\u0161pekcijske prostore in testne postaje, s katerimi zagotavljamo, da delovanje jeklenke izpolnjuje zahteve.<\/p>\n<p><img loading=\"lazy\" decoding=\"async\" class=\"alignnone wp-image-632\" src=\"https:\/\/hydraulic-cylinders.net\/wp-content\/uploads\/2023\/08\/hydraulic-cylinder-product-8-300x200.webp\" alt=\"\" width=\"389\" height=\"260\" \/><\/p>\n<p>&nbsp;<\/p>\n<p>&nbsp;<\/p>\n<p>Smo eden najbolj\u0161ih proizvajalcev hidravli\u010dnih cilindrov. Ponujamo vam celovite hidravli\u010dne cilindre. Zagotavljamo tudi ustrezne <a href=\"https:\/\/hzpt.com\/agricultural-pto-gearbox\/\" target=\"_blank\" rel=\"noopener\">kmetijski menjalniki<\/a>Na\u0161e izdelke smo izvozili strankam po vsem svetu in si prislu\u017eili dober ugled zaradi vrhunske kakovosti izdelkov in poprodajnih storitev. Z veseljem vas vabimo, da nas kontaktirate za poslovne dogovore, izmenjavo informacij in ... <a href=\"https:\/\/www.hydraulic-cylinders.net\/sl\/contact-us\/\">sodelujte z nami<\/a>!<\/p>","protected":false},"excerpt":{"rendered":"<p>Large Excavator Boom Cylinder The large excavator boom cylinder is a vital hydraulic component that plays a crucial role in efficiently operating large excavators. This cylinder is specifically designed to provide powerful extension and retraction of the boom, enabling precise control and enhanced performance in heavy construction projects. The large excavator boom cylinder is a [&hellip;]<\/p>","protected":false},"featured_media":1505,"comment_status":"open","ping_status":"closed","template":"","meta":{"_et_pb_use_builder":"","_et_pb_old_content":"","_et_gb_content_width":""},"product_brand":[],"product_cat":[1550,1503,1376],"product_tag":[1380],"class_list":{"0":"post-1502","1":"product","2":"type-product","3":"status-publish","4":"has-post-thumbnail","6":"product_cat-double-acting-hydraulic-cylinder","7":"product_cat-excavator-hydraulic-cylinders","8":"product_cat-hydraulic-cylinder","9":"product_tag-hydraulic-cylinder","11":"first","12":"instock","13":"shipping-taxable","14":"product-type-simple"},"amp_enabled":true,"_links":{"self":[{"href":"https:\/\/www.hydraulic-cylinders.net\/sl\/wp-json\/wp\/v2\/product\/1502","targetHints":{"allow":["GET"]}}],"collection":[{"href":"https:\/\/www.hydraulic-cylinders.net\/sl\/wp-json\/wp\/v2\/product"}],"about":[{"href":"https:\/\/www.hydraulic-cylinders.net\/sl\/wp-json\/wp\/v2\/types\/product"}],"replies":[{"embeddable":true,"href":"https:\/\/www.hydraulic-cylinders.net\/sl\/wp-json\/wp\/v2\/comments?post=1502"}],"wp:featuredmedia":[{"embeddable":true,"href":"https:\/\/www.hydraulic-cylinders.net\/sl\/wp-json\/wp\/v2\/media\/1505"}],"wp:attachment":[{"href":"https:\/\/www.hydraulic-cylinders.net\/sl\/wp-json\/wp\/v2\/media?parent=1502"}],"wp:term":[{"taxonomy":"product_brand","embeddable":true,"href":"https:\/\/www.hydraulic-cylinders.net\/sl\/wp-json\/wp\/v2\/product_brand?post=1502"},{"taxonomy":"product_cat","embeddable":true,"href":"https:\/\/www.hydraulic-cylinders.net\/sl\/wp-json\/wp\/v2\/product_cat?post=1502"},{"taxonomy":"product_tag","embeddable":true,"href":"https:\/\/www.hydraulic-cylinders.net\/sl\/wp-json\/wp\/v2\/product_tag?post=1502"}],"curies":[{"name":"delovni list","href":"https:\/\/api.w.org\/{rel}","templated":true}]}}