{"id":1510,"date":"2023-09-27T08:21:25","date_gmt":"2023-09-27T08:21:25","guid":{"rendered":"https:\/\/hydraulic-cylinders.net\/?post_type=product&#038;p=1510"},"modified":"2025-04-11T02:28:21","modified_gmt":"2025-04-11T02:28:21","slug":"large-excavator-tightening-cylinder","status":"publish","type":"product","link":"https:\/\/www.hydraulic-cylinders.net\/sl\/izdelek\/large-excavator-tightening-cylinder\/","title":{"rendered":"Velik bager zategovalni valj"},"content":{"rendered":"<h1 style=\"text-align: center;\"><strong>Velik bager zategovalni valj<\/strong><\/h1>\n<h1 style=\"text-align: center;\"><img loading=\"lazy\" decoding=\"async\" class=\"alignnone wp-image-1511\" src=\"https:\/\/hydraulic-cylinders.net\/wp-content\/uploads\/2023\/09\/tightening-cylinder-1-300x300.webp\" alt=\"\" width=\"400\" height=\"400\" \/><\/h1>\n<p>Zatezni valj velikega bagra je zmogljiva hidravli\u010dna komponenta, zasnovana za zagotavljanje natan\u010dne in nadzorovane sile zategovanja na te\u017eki gradbeni opremi. Ta valj je klju\u010dnega pomena za zagotavljanje stabilnosti in varnosti razli\u010dnih elementov, kot so gosenice, roke in roke, na velikih bagrih.<\/p>\n<p>Velik bagerski zatezni valj je nepogre\u0161ljiva hidravli\u010dna komponenta, ki pove\u010duje u\u010dinkovitost in zanesljivost pri te\u017ekih gradbenih projektih. Z robustno konstrukcijo, natan\u010dno silo zategovanja, hitrim delovanjem in zdru\u017eljivostjo z razli\u010dnimi modeli bagrov ta valj omogo\u010da upravljavcem, da dose\u017eejo optimalno stabilnost in varnost gradbene opreme. Z upo\u0161tevanjem priporo\u010denih metod uporabe in vzdr\u017eevalnih praks lahko upravljavci pove\u010dajo zmogljivost in dolgo \u017eivljenjsko dobo velikega bagerskega zateznega cilindra, kar ima za posledico ve\u010djo produktivnost in uspe\u0161no dokon\u010danje gradbenih nalog. Investirajte v ta izjemen hidravli\u010dni valj, da sprostite polni potencial svojega velikega bagra in dvignete svoje gradbene zmogljivosti na nove vi\u0161ine.<\/p>\n<p>Klju\u010dne zna\u010dilnosti zateznega cilindra velikega bagra:<\/p>\n<ol>\n<li>Robustna konstrukcija in vzdr\u017eljivost:<\/li>\n<\/ol>\n<ul>\n<li>Velik zatezni valj za bager je izdelan iz visokokakovostnih materialov, da prenese zahteve te\u017ekih gradbenih nalog.<\/li>\n<li>Njegova robustna konstrukcija zagotavlja vzdr\u017eljivost, zmanj\u0161uje potrebo po pogostih popravilih in skraj\u0161a \u010das izpada.<\/li>\n<\/ul>\n<ol start=\"2\">\n<li>Natan\u010dna sila zategovanja:<\/li>\n<\/ol>\n<ul>\n<li>Ta valj ponuja natan\u010den nadzor nad silo zategovanja, ki se uporablja za razli\u010dne komponente, kar zagotavlja optimalno stabilnost in varnost.<\/li>\n<li>Omogo\u010da operaterjem, da dose\u017eejo \u017eeleno raven navora in prepre\u010dijo prekomerno ali premalo zategovanje kriti\u010dnih delov.<\/li>\n<\/ul>\n<ol start=\"3\">\n<li>Hitro in u\u010dinkovito delovanje:<\/li>\n<\/ol>\n<ul>\n<li>Velik zatezni valj bagra omogo\u010da hitro in u\u010dinkovito zategovanje komponent, kar skraj\u0161a celoten \u010das gradnje.<\/li>\n<li>Pove\u010da produktivnost z zmanj\u0161anjem \u010dasa, porabljenega za ro\u010dne postopke zategovanja.<\/li>\n<\/ul>\n<ol start=\"4\">\n<li>Zdru\u017eljivost in prilagodljivost:<\/li>\n<\/ol>\n<ul>\n<li>Cilinder je zasnovan tako, da je zdru\u017eljiv s \u0161iroko paleto modelov velikih bagrov, kar ponuja vsestranskost in enostavno integracijo.<\/li>\n<li>Z lahkoto ga je mogo\u010de prilagoditi razli\u010dnim aplikacijam zategovanja, zaradi \u010desar je dragocena hidravli\u010dna komponenta za razli\u010dna gradbena opravila.<\/li>\n<\/ul>\n<h2><strong>Parameter zategovalnega cilindra velikega bagra:<\/strong><\/h2>\n<table border=\"1\" cellspacing=\"0\" cellpadding=\"0\">\n<tbody>\n<tr>\n<td>Ime izdelka<\/td>\n<td>Velik bager zategovalni valj<\/td>\n<\/tr>\n<tr>\n<td>Zna\u010dilnosti:<\/td>\n<td>Nadzorujte delovanje napetosti tirov<\/td>\n<\/tr>\n<tr>\n<td>Premer izvrtine:<\/td>\n<td>280 mm\uff5e380 mm<\/td>\n<\/tr>\n<tr>\n<td>Premer palice:<\/td>\n<td>170 mm\uff5e300 mm<br \/>\nHod \u2264 700 mm<\/td>\n<\/tr>\n<tr>\n<td>Potisna sila:<\/td>\n<td>Najve\u010d 3967,4 kN<\/td>\n<\/tr>\n<tr>\n<td>Premer izvrtine:<\/td>\n<td>380 mm\/tlak 35 MPa<\/td>\n<\/tr>\n<\/tbody>\n<\/table>\n<h2><strong>Diagram identifikacije velikega bagra:<\/strong><\/h2>\n<p><img loading=\"lazy\" decoding=\"async\" class=\"alignnone wp-image-1513 size-full\" src=\"https:\/\/hydraulic-cylinders.net\/wp-content\/uploads\/2023\/09\/large-excavator-cylinder-construction.webp\" alt=\"\" width=\"1418\" height=\"946\" srcset=\"https:\/\/hydraulic-cylinders.net\/wp-content\/uploads\/2023\/09\/large-excavator-cylinder-construction.webp 1418w, https:\/\/hydraulic-cylinders.net\/wp-content\/uploads\/2023\/09\/large-excavator-cylinder-construction-1280x854.webp 1280w, https:\/\/hydraulic-cylinders.net\/wp-content\/uploads\/2023\/09\/large-excavator-cylinder-construction-980x654.webp 980w, https:\/\/hydraulic-cylinders.net\/wp-content\/uploads\/2023\/09\/large-excavator-cylinder-construction-480x320.webp 480w\" sizes=\"(min-width: 0px) and (max-width: 480px) 480px, (min-width: 481px) and (max-width: 980px) 980px, (min-width: 981px) and (max-width: 1280px) 1280px, (min-width: 1281px) 1418px, 100vw\" \/><\/p>\n<h2><strong>Metoda uporabe velikega zategovalnega cilindra bagra:<\/strong><\/h2>\n<ol>\n<li><strong>Namestitev in konfiguracija:<\/strong><\/li>\n<\/ol>\n<ul>\n<li>Za pravilno namestitev velikega zateznega cilindra bagra upo\u0161tevajte navodila proizvajalca.<\/li>\n<li>Zagotovite zdru\u017eljivost in varno pritrdite valj na za to dolo\u010dene pritrdilne to\u010dke na bagru.<\/li>\n<li>Za vzpostavitev zanesljive povezave uporabite priporo\u010dene navorne momente in ustrezno monta\u017eno opremo.<\/li>\n<\/ul>\n<ol start=\"2\">\n<li><strong>Postopek zategovanja:<\/strong><\/li>\n<\/ol>\n<ul>\n<li>Na podlagi specifi\u010dnih konstrukcijskih zahtev dolo\u010dite komponente, ki jih je treba zategniti, kot so tirnice, roke ali nosilci.<\/li>\n<li>Prilagodite polo\u017eaj in poravnavo valja, da zagotovite optimalen stik in porazdelitev tlaka med postopkom zategovanja.<\/li>\n<li>Z uporabo krmilnih mehanizmov postopoma uporabite potrebno silo in pri tem skrbno spremljajte raven navora.<\/li>\n<\/ul>\n<ol start=\"3\">\n<li><strong>Varnostni vidiki:<\/strong><\/li>\n<\/ol>\n<ul>\n<li>Pri upravljanju velikega zateznega cilindra bagra upo\u0161tevajte varnostne smernice in najbolj\u0161e prakse.<\/li>\n<li>Med postopkom zategovanja se prepri\u010dajte, da ni nobenega osebja na delovnem obmo\u010dju, da prepre\u010dite nesre\u010de ali po\u0161kodbe.<\/li>\n<li>Redno pregledujte jeklenko in pripadajo\u010de komponente, da odkrijete morebitne znake obrabe ali po\u0161kodb, ki bi lahko vplivale na delovanje in varnost.<\/li>\n<\/ul>\n<h2><strong>Kak\u0161na velikost cilindra za bagerski palec?<\/strong><\/h2>\n<p>Velikost cilindra za bagerjev palec se lahko razlikuje glede na specifi\u010dne zahteve bagra in predvideno uporabo priklju\u010dka za palec. Ustrezna velikost cilindra se obi\u010dajno dolo\u010di z upo\u0161tevanjem dejavnikov, kot so delovna te\u017ea bagra, \u017eelena dvi\u017ena zmogljivost palca in zdru\u017eljivost s hidravli\u010dnim sistemom bagra.<\/p>\n<p>Za dolo\u010ditev ustrezne velikosti cilindra za bagerski palec je priporo\u010dljivo, da se posvetujete s proizvajalcem ali dobaviteljem priklju\u010dka za palec. Ta vam lahko ponudi smernice glede na specifikacije bagra in predvideno uporabo palca.<\/p>\n<p>Omeniti velja, da so bagri na voljo v razli\u010dnih velikostih in konfiguracijah, da ustrezajo razli\u010dnim modelom in velikostim bagrov. Priklju\u010dek za palec je obi\u010dajno sestavljen iz osrednje strukture ali okvirja, ki se pritrdi na roko bagra, in hidravli\u010dnega cilindra, ki zagotavlja prijem ali vpenjanje. Velikost cilindra je treba izbrati tako, da se zagotovi zdru\u017eljivost s priklju\u010dkom za palec in potrebna sila prijema za predvidene naloge.<\/p>\n<p>Pri izbiri velikosti cilindra za bager je bistveno najti ravnovesje med zadostno dvi\u017eno zmogljivostjo in zagotovitvijo, da lahko hidravli\u010dni sistem bagra ustrezno podpira delovanje palca. Prevelika velikost cilindra lahko prekomerno obremeni hidravli\u010dni sistem bagra, premajhna velikost pa lahko povzro\u010di omejeno dvi\u017eno zmogljivost in zmanj\u0161ano delovanje.<\/p>\n<p>Skratka, velikost cilindra za palec bagra je treba dolo\u010diti na podlagi dejavnikov, kot so delovna te\u017ea bagra, \u017eelena dvi\u017ena zmogljivost ter zdru\u017eljivost s priklju\u010dkom za palec in hidravli\u010dnim sistemom. Za zagotovitev pravilne velikosti in optimalne zmogljivosti je priporo\u010dljivo posvetovanje s proizvajalcem ali dobaviteljem priklju\u010dka za palec.<\/p>\n<h2><strong>Zmogljivost in zmogljivost tovarne:<\/strong><\/h2>\n<h3>(1) Sestavljanje<\/h3>\n<p>Imamo prvovrstno neodvisno platformo za raziskave in razvoj. Delavnica za proizvodnjo hidravli\u010dnih cilindrov ima \u0161tiri polavtomatske monta\u017ene linije za dvi\u017ene cilindre in eno avtomatsko monta\u017eno linijo za nagibne cilindre z letno proizvodno zmogljivostjo 1 milijona kosov. Delavnica za posebne cilindre je opremljena z razli\u010dnimi specifikacijami polavtomatskega sistema za \u010di\u0161\u010denje in monta\u017eo z letno proizvodno zmogljivostjo 200.000 kosov ter znano CNC obdelovalno opremo, obdelovalnim centrom, visoko precizno posebno opremo za obdelavo cilindrov, robotskim varilnim strojem, avtomatskim \u010distilnim strojem, avtomatskim strojem za monta\u017eo cilindrov in avtomatsko proizvodno linijo za barvanje. Obstoje\u010da kriti\u010dna oprema obsega ve\u010d kot 300 kompletov (kompletov). Optimalna razporeditev in u\u010dinkovita uporaba opremnih virov zagotavljata zahteve glede natan\u010dnosti izdelkov in izpolnjujeta visoke zahteve glede kakovosti izdelkov.<\/p>\n<p><img loading=\"lazy\" decoding=\"async\" class=\"alignnone wp-image-626\" src=\"https:\/\/hydraulic-cylinders.net\/wp-content\/uploads\/2023\/08\/hydraulic-cylinder-product-1-300x158.webp\" alt=\"\" width=\"495\" height=\"260\" srcset=\"https:\/\/hydraulic-cylinders.net\/wp-content\/uploads\/2023\/08\/hydraulic-cylinder-product-1-300x158.webp 495w, https:\/\/hydraulic-cylinders.net\/wp-content\/uploads\/2023\/08\/hydraulic-cylinder-product-1-480x252.webp 480w\" sizes=\"(min-width: 0px) and (max-width: 480px) 480px, (min-width: 481px) 495px, 100vw\" \/> <img loading=\"lazy\" decoding=\"async\" class=\"alignnone wp-image-627\" src=\"https:\/\/hydraulic-cylinders.net\/wp-content\/uploads\/2023\/08\/hydraulic-cylinder-product-2-300x189.webp\" alt=\"\" width=\"413\" height=\"260\" \/><\/p>\n<h3>(2) Strojna obdelava<\/h3>\n<p>Strojna delavnica je opremljena s prilagojenim centrom za stru\u017eenje nagnjenih tirnic, obdelovalnim centrom, visokohitrostnim strojem za honanje, varilnim robotom in drugo sorodno opremo, ki lahko obdeluje cilindri\u010dne cevi z najve\u010djim notranjim premerom 400 mm in najve\u010djo dol\u017eino 6 metrov.<\/p>\n<p><img loading=\"lazy\" decoding=\"async\" class=\"alignnone wp-image-628 size-large\" src=\"https:\/\/hydraulic-cylinders.net\/wp-content\/uploads\/2023\/08\/hydraulic-cylinder-product-3-1024x391.webp\" alt=\"\" width=\"1024\" height=\"391\" srcset=\"https:\/\/hydraulic-cylinders.net\/wp-content\/uploads\/2023\/08\/hydraulic-cylinder-product-3-980x374.webp 980w, https:\/\/hydraulic-cylinders.net\/wp-content\/uploads\/2023\/08\/hydraulic-cylinder-product-3-480x183.webp 480w\" sizes=\"(min-width: 0px) and (max-width: 480px) 480px, (min-width: 481px) and (max-width: 980px) 980px, (min-width: 981px) 1024px, 100vw\" \/><\/p>\n<h3>(3) Varjenje<\/h3>\n<p><img loading=\"lazy\" decoding=\"async\" class=\"alignnone wp-image-629 size-large\" src=\"https:\/\/hydraulic-cylinders.net\/wp-content\/uploads\/2023\/08\/hydraulic-cylinder-product-4-1024x510.webp\" alt=\"\" width=\"1024\" height=\"510\" srcset=\"https:\/\/hydraulic-cylinders.net\/wp-content\/uploads\/2023\/08\/hydraulic-cylinder-product-4-980x488.webp 980w, https:\/\/hydraulic-cylinders.net\/wp-content\/uploads\/2023\/08\/hydraulic-cylinder-product-4-480x239.webp 480w\" sizes=\"(min-width: 0px) and (max-width: 480px) 480px, (min-width: 481px) and (max-width: 980px) 980px, (min-width: 981px) 1024px, 100vw\" \/><\/p>\n<h3>(4) Barvanje in premazovanje<\/h3>\n<p>Z majhnimi in srednje velikimi cilindri\u010dnimi avtomatskimi linijami za barvanje na vodni osnovi, za doseganje avtomatskega nakladanja in razkladanja robotov ter avtomatskega brizganja, je projektna zmogljivost 4000 kosov na izmeno;<br \/>\nImamo tudi polavtomatsko linijo za proizvodnjo barv za velike jeklenke, ki jo poganja veriga, s projektno zmogljivostjo 60 zabojev na izmeno.<\/p>\n<p><img loading=\"lazy\" decoding=\"async\" class=\"alignnone wp-image-630\" src=\"https:\/\/hydraulic-cylinders.net\/wp-content\/uploads\/2023\/08\/hydraulic-cylinder-product-5-300x213.webp\" alt=\"\" width=\"366\" height=\"260\" \/> <img loading=\"lazy\" decoding=\"async\" class=\"alignnone wp-image-631\" src=\"https:\/\/hydraulic-cylinders.net\/wp-content\/uploads\/2023\/08\/hydraulic-cylinder-product-6-300x225.webp\" alt=\"\" width=\"347\" height=\"260\" \/><\/p>\n<h3>(5) Testiranje<\/h3>\n<p>Imamo prvovrstne in\u0161pekcijske prostore in testne postaje, s katerimi zagotavljamo, da delovanje jeklenke izpolnjuje zahteve.<\/p>\n<p><img loading=\"lazy\" decoding=\"async\" class=\"alignnone wp-image-632\" src=\"https:\/\/hydraulic-cylinders.net\/wp-content\/uploads\/2023\/08\/hydraulic-cylinder-product-8-300x200.webp\" alt=\"\" width=\"389\" height=\"260\" \/><\/p>\n<p>&nbsp;<\/p>\n<p>&nbsp;<\/p>\n<p>Smo eden najbolj\u0161ih proizvajalcev hidravli\u010dnih cilindrov. Ponujamo vam celovite hidravli\u010dne cilindre. Zagotavljamo tudi ustrezne <a href=\"https:\/\/hzpt.com\/agricultural-pto-gearbox\/\" target=\"_blank\" rel=\"noopener\">kmetijski menjalniki<\/a>Na\u0161e izdelke smo izvozili strankam po vsem svetu in si prislu\u017eili dober ugled zaradi vrhunske kakovosti izdelkov in poprodajnih storitev. Z veseljem vas vabimo, da nas kontaktirate za poslovne dogovore, izmenjavo informacij in ... <a href=\"https:\/\/www.hydraulic-cylinders.net\/sl\/contact-us\/\">sodelujte z nami<\/a>!<\/p>","protected":false},"excerpt":{"rendered":"<p>Large Excavator Tightening Cylinder The large excavator tightening cylinder is a powerful hydraulic component designed to provide precise and controlled tightening force on heavy construction equipment. This cylinder is crucial in ensuring the stability and safety of various features, such as tracks, arms, and booms, on large excavators. The large excavator tightening cylinder is an [&hellip;]<\/p>","protected":false},"featured_media":1512,"comment_status":"open","ping_status":"closed","template":"","meta":{"_et_pb_use_builder":"","_et_pb_old_content":"","_et_gb_content_width":""},"product_brand":[],"product_cat":[1503,1549,1376],"product_tag":[1380],"class_list":{"0":"post-1510","1":"product","2":"type-product","3":"status-publish","4":"has-post-thumbnail","6":"product_cat-excavator-hydraulic-cylinders","7":"product_cat-single-acting-hydraulic-cylinder","8":"product_cat-hydraulic-cylinder","9":"product_tag-hydraulic-cylinder","11":"first","12":"instock","13":"shipping-taxable","14":"product-type-simple"},"amp_enabled":true,"_links":{"self":[{"href":"https:\/\/www.hydraulic-cylinders.net\/sl\/wp-json\/wp\/v2\/product\/1510","targetHints":{"allow":["GET"]}}],"collection":[{"href":"https:\/\/www.hydraulic-cylinders.net\/sl\/wp-json\/wp\/v2\/product"}],"about":[{"href":"https:\/\/www.hydraulic-cylinders.net\/sl\/wp-json\/wp\/v2\/types\/product"}],"replies":[{"embeddable":true,"href":"https:\/\/www.hydraulic-cylinders.net\/sl\/wp-json\/wp\/v2\/comments?post=1510"}],"wp:featuredmedia":[{"embeddable":true,"href":"https:\/\/www.hydraulic-cylinders.net\/sl\/wp-json\/wp\/v2\/media\/1512"}],"wp:attachment":[{"href":"https:\/\/www.hydraulic-cylinders.net\/sl\/wp-json\/wp\/v2\/media?parent=1510"}],"wp:term":[{"taxonomy":"product_brand","embeddable":true,"href":"https:\/\/www.hydraulic-cylinders.net\/sl\/wp-json\/wp\/v2\/product_brand?post=1510"},{"taxonomy":"product_cat","embeddable":true,"href":"https:\/\/www.hydraulic-cylinders.net\/sl\/wp-json\/wp\/v2\/product_cat?post=1510"},{"taxonomy":"product_tag","embeddable":true,"href":"https:\/\/www.hydraulic-cylinders.net\/sl\/wp-json\/wp\/v2\/product_tag?post=1510"}],"curies":[{"name":"delovni list","href":"https:\/\/api.w.org\/{rel}","templated":true}]}}