{"id":15118,"date":"2025-01-19T14:07:43","date_gmt":"2025-01-19T14:07:43","guid":{"rendered":"https:\/\/www.hydraulic-cylinders.net\/product\/bucket-cylinder-for-komatsu-small-excavator-pc40\/"},"modified":"2025-01-19T14:07:45","modified_gmt":"2025-01-19T14:07:45","slug":"bucket-cylinder-for-komatsu-small-excavator-pc40","status":"publish","type":"product","link":"https:\/\/www.hydraulic-cylinders.net\/sl\/izdelek\/bucket-cylinder-for-komatsu-small-excavator-pc40\/","title":{"rendered":"Cilinder \u017elice za majhen bager Komatsu PC40"},"content":{"rendered":"<h2>Uvod<\/h2>\n<h3>Kaj je valj \u017elice za majhen bager Komatsu PC40?<\/h3>\n<p>Hidravli\u010dni cilinder \u017elice za majhen bager Komatsu PC40 je posebej zasnovan hidravli\u010dni cilinder, ki se uporablja za krmiljenje gibanja \u017elic v te\u017ekih strojih, kot so bagri, bagri z nakladalniki in \u010delni nakladalniki. Njegova glavna funkcija je omogo\u010danje dvigovanja, spu\u0161\u010danja in nagibanja \u017elice, kar olaj\u0161a razli\u010dna opravila ravnanja z materiali. V hidravli\u010dnem sistemu cilinder \u017elice dose\u017ee natan\u010den nadzor gibanja \u017elice s spremembami tlaka hidravli\u010dnega olja, kar upravljavcem omogo\u010da u\u010dinkovito ravnanje s te\u017ekimi bremeni in prilagajanje kompleksnim delovnim okoljem ter raznolikim operativnim zahtevam.<\/p>\n<p><img decoding=\"async\" src=\"https:\/\/www.hydraulic-cylinders.net\/wp-content\/uploads\/2025\/01\/songte-company-2.webp\" alt=\"Cilinder \u017elice za majhen bager Komatsu PC40\"><\/p>\n<h2>Zna\u010dilnosti<\/h2>\n<ul>\n<li><strong>Visoka trdnost in vzdr\u017eljivost:<\/strong> Obi\u010dajno je izdelan iz visoko trdnega jekla ali aluminija, zato lahko prenese visok tlak in velike obremenitve ter se prilagaja zahtevnim delovnim okoljem. Njegova zasnova upo\u0161teva odpornost proti obrabi in koroziji, kar podalj\u0161uje njegovo \u017eivljenjsko dobo.<\/li>\n<li><strong>U\u010dinkovito hidravli\u010dno delovanje:<\/strong> Gladko teleskopsko delovanje je dose\u017eeno z uporabo hidravli\u010dnega tlaka olja, kar omogo\u010da hiter odziv na krmilne ukaze, zagotavlja mo\u010dno potisno-vle\u010dno silo in je primerno za rokovanje s te\u017ekimi bremeni in kompleksnimi operativnimi nalogami.<\/li>\n<li><strong>Razli\u010dne vrste:<\/strong> Glede na operativne zahteve je mogo\u010de izbrati enosmerno delujo\u010de (hidravli\u010dno delovanje samo v eno smer) ali dvosmerno delujo\u010de (hidravli\u010dno delovanje v obe smeri) cilindre. Nekateri modeli so teleskopski, kar omogo\u010da ve\u010dji razteg brez pove\u010danja zunanjih dimenzij, primerni za uporabo z omejenim prostorom.<\/li>\n<li><strong>Izdelava po meri:<\/strong> Izdelujemo lahko ta izdelek, ki lahko popolnoma nadomesti te hidravli\u010dne cilindre.<\/li>\n<\/ul>\n<p><img decoding=\"async\" src=\"https:\/\/www.hydraulic-cylinders.net\/wp-content\/uploads\/2025\/01\/songte-cylinder-head-with-all-kinds-excavator-models.webp\" alt=\"Cilinder \u017elice za majhen bager Komatsu PC40\"><\/p>\n<h2>Uporaba<\/h2>\n<p>Cilinder \u017elice za majhen bager Komatsu PC40 se pogosto uporablja v razli\u010dnih panogah, kot so gradbena oprema, kmetijska mehanizacija, bagri in nakladalci. <\/p>\n<h3>Gradbena oprema:<\/h3>\n<ul>\n<li>Pri bagrih je bistvenega pomena za izkopavanje, nalaganje in premikanje zemlje ali ru\u0161evin.<\/li>\n<li> Pri bagrih z nakladalno \u017elico cilinder pomaga tako pri kopanju kot pri dvigovanju.<\/li>\n<li> Pri \u010delnih nakladalnikih u\u010dinkovito pomaga pri dvigovanju in nagibanju blaga.<\/li>\n<\/ul>\n<h3>Kmetijska mehanizacija:<\/h3>\n<p>Uporablja se za \u010delne nakladalnike, zajemanje, dvigovanje in prevoz zemlje, sena in drugih materialov.<\/p>\n<h3>Bagri:<\/h3>\n<p>Cilinder \u017elice omogo\u010da izkopavanje tako, da \u017elica prodre v zemljo. <\/p>\n<p><img decoding=\"async\" src=\"https:\/\/www.hydraulic-cylinders.net\/wp-content\/uploads\/2025\/01\/songte-bushings-with-all-kinds-of-excavator-models.webp\" alt=\"Cilinder \u017elice za majhen bager Komatsu PC40\"><\/p>\n<h2>Oblikovalski vidiki in standardi izbire<\/h2>\n<ul>\n<li><strong>Nosilnost:<\/strong> Cilinder vedra mora prenesti visoke tla\u010dne obremenitve.<\/li>\n<li><strong>Tesnjenje:<\/strong> Razli\u010dna tesnila, kot so tesnila bata in tesnila palic, morajo biti izdelana iz materialov, odpornih proti obrabi, kot sta poliuretan in nitrilna guma, da se zagotovi tesnilna u\u010dinkovitost.<\/li>\n<li><strong>Vzdr\u017eljivost:<\/strong> Telo valja in navojna kon\u010dna povr\u0161ina morata biti fino obdelana, da se izbolj\u0161a odpornost proti obrabi.<\/li>\n<li><strong>Varnost:<\/strong> Pri zasnovi je treba upo\u0161tevati varnost delovanja jeklenke.<\/li>\n<li><strong>Vzdr\u017eevanje:<\/strong> Jeklenka mora biti enostavna za popravilo in vzdr\u017eevanje.<\/li>\n<\/ul>\n<p><img decoding=\"async\" src=\"https:\/\/www.hydraulic-cylinders.net\/wp-content\/uploads\/2025\/01\/songte-oil-pipes-and-spare-parts.webp\" alt=\"Cilinder \u017elice za majhen bager Komatsu PC40\"><\/p>\n<h2>Tesnjenje in mazanje<\/h2>\n<p>Razli\u010dne tesnilne komponente, kot so tesnila bata in ojnice, morajo biti izdelane iz materialov, odpornih proti obrabi, kot sta poliuretan in nitrilni kav\u010duk, da se zagotovi u\u010dinkovito tesnjenje. Telo valja in navojna \u010delnica morata biti fino obdelana za pove\u010danje odpornosti proti obrabi. Za mazanje je potrebno redno dodajanje ustreznega hidravli\u010dnega olja.<\/p>\n<p><img decoding=\"async\" src=\"https:\/\/www.hydraulic-cylinders.net\/wp-content\/uploads\/2025\/01\/songte-chushion-collar.webp\" alt=\"Cilinder \u017elice za majhen bager Komatsu PC40\"><\/p>\n<h2>Vzdr\u017eevanje in popravila<\/h2>\n<p>Redni pregledi, ustrezno mazanje, zamenjava tesnil in preverjanje kalibracije so pogosta vzdr\u017eevalna opravila. Pravilna namestitev, mazanje in nastavitev so klju\u010dnega pomena, med namestitvijo pa je treba zagotoviti ustrezna navodila za poravnavo. Za pritrditev jeklenke je treba priporo\u010diti ustrezne nosilce, za podalj\u0161anje \u017eivljenjske dobe jeklenke pa je treba zagotoviti postopke preverjanja, popravila in zamenjave.<\/p>\n<h2>Varnostni vidiki in okoljski dejavniki<\/h2>\n<p>Pri uporabi cilindrov z \u017elico je nujno upo\u0161tevati varnostne ukrepe za za\u0161\u010dito pred morebitnimi tveganji. Pri ravnanju s hidravli\u010dnim oljem in drugimi materiali je treba upo\u0161tevati okoljske predpise.<\/p>\n<h2>Diagnoza napak in pogoste te\u017eave<\/h2>\n<p>Pogoste te\u017eave z cilindri \u017elice vklju\u010dujejo pu\u0161\u010danje teko\u010dine, nezadostno silo in nenavaden hrup. Diagnoza napake mora temeljiti na temeljitem pregledu cilindra in okoli\u0161kih komponent. Za prepre\u010devanje tak\u0161nih te\u017eav sta potrebna pravilno vzdr\u017eevanje in pravo\u010dasna popravila.<\/p>\n<h2>Predstavitev podjetja<\/h2>\n<p>Smo proizvajalec nadomestnih hidravli\u010dnih cilindrov in ponujamo celotno paleto izdelkov. Smo eden vodilnih proizvajalcev in veleprodajnih distributerjev hidravli\u010dnih cilindrov na doma\u010dem in mednarodnem trgu. Prizadevamo si za odli\u010dno kakovost in se zana\u0161amo na industrializirane strategije upravljanja proizvodnje v natan\u010dno izdelanih delavnicah, pri \u010demer nenehno izbolj\u0161ujemo proizvodno platformo, izpopolnjujemo proizvodno linijo za kakovost izdelkov in imamo mo\u010dne proizvodne zmogljivosti. Na\u0161 cilj je izpolniti zahteve strank z visoko u\u010dinkovitostjo, visoko natan\u010dnostjo in visokokakovostnimi na\u010deli.<\/p>\n<p><img decoding=\"async\" src=\"https:\/\/hzpt.com\/wp-content\/uploads\/2024\/11\/songte-company-1.webp\" alt=\"Cilinder \u017elice za majhen bager Komatsu PC40\"><\/p>\n<h2>Profesionalnost in mednarodna certifikacija<\/h2>\n<p>Na\u0161e podjetje je zavezano k zagotavljanju, da imajo vsi zaposleni potrebne kvalifikacije in znanja za zagotavljanje profesionalnih storitev na\u0161im strankam. Pridobili smo ustrezne mednarodne certifikate, kot sta ISO in CE, da zagotovimo, da na\u0161i izdelki izpolnjujejo mednarodne standarde kakovosti.<\/p>\n<h2>Prilagojene storitve in proizvodna oprema<\/h2>\n<p>Ponujamo prilagojene storitve za re\u0161itve hidravli\u010dnih cilindrov, ki ustrezajo edinstvenim potrebam vsake stranke. Imamo napredno proizvodno opremo, kot so CNC stroji in profesionalni testni sistemi, da zagotovimo, da je vsak izdelek usposobljen in zanesljiv.<\/p>\n<h2>Poprodajne storitve<\/h2>\n<p>Na\u0161e podjetje nudi celovito paleto poprodajnih storitev, vklju\u010dno s popravilom, zamenjavo in obnovo izdelkov, ki jih ponujamo. Zavezani smo k zagotavljanju visokokakovostnih tehni\u010dnih re\u0161itev in storitev na\u0161im strankam, da bi zagotovili, da prejmejo najbolj\u0161o vrednost za svojo nalo\u017ebo.<\/p>\n<p>Avtor: lyl<\/p>","protected":false},"excerpt":{"rendered":"<p>Introduction What is Bucket Cylinder for Komatsu Small Excavator PC40? Bucket Cylinder for Komatsu Small Excavator PC40 is a specially designed hydraulic cylinder used for controlling the movement of buckets in heavy machinery such as excavators, backhoe excavators, and front-end loaders. Its main function is to enable the bucket to lift, lower, and tilt, thus [&hellip;]<\/p>","protected":false},"featured_media":14788,"comment_status":"open","ping_status":"closed","template":"","meta":{"_et_pb_use_builder":"","_et_pb_old_content":"","_et_gb_content_width":""},"product_brand":[],"product_cat":[1494],"product_tag":[1495,1496],"class_list":{"0":"post-15118","1":"product","2":"type-product","3":"status-publish","4":"has-post-thumbnail","6":"product_cat-bucket-cylinders","7":"product_tag-bucket-cylinders","8":"product_tag-hydraulic-cylinders","10":"first","11":"instock","12":"shipping-taxable","13":"product-type-simple"},"amp_enabled":true,"_links":{"self":[{"href":"https:\/\/www.hydraulic-cylinders.net\/sl\/wp-json\/wp\/v2\/product\/15118","targetHints":{"allow":["GET"]}}],"collection":[{"href":"https:\/\/www.hydraulic-cylinders.net\/sl\/wp-json\/wp\/v2\/product"}],"about":[{"href":"https:\/\/www.hydraulic-cylinders.net\/sl\/wp-json\/wp\/v2\/types\/product"}],"replies":[{"embeddable":true,"href":"https:\/\/www.hydraulic-cylinders.net\/sl\/wp-json\/wp\/v2\/comments?post=15118"}],"wp:featuredmedia":[{"embeddable":true,"href":"https:\/\/www.hydraulic-cylinders.net\/sl\/wp-json\/wp\/v2\/media\/14788"}],"wp:attachment":[{"href":"https:\/\/www.hydraulic-cylinders.net\/sl\/wp-json\/wp\/v2\/media?parent=15118"}],"wp:term":[{"taxonomy":"product_brand","embeddable":true,"href":"https:\/\/www.hydraulic-cylinders.net\/sl\/wp-json\/wp\/v2\/product_brand?post=15118"},{"taxonomy":"product_cat","embeddable":true,"href":"https:\/\/www.hydraulic-cylinders.net\/sl\/wp-json\/wp\/v2\/product_cat?post=15118"},{"taxonomy":"product_tag","embeddable":true,"href":"https:\/\/www.hydraulic-cylinders.net\/sl\/wp-json\/wp\/v2\/product_tag?post=15118"}],"curies":[{"name":"delovni list","href":"https:\/\/api.w.org\/{rel}","templated":true}]}}