{"id":15122,"date":"2025-01-19T14:08:00","date_gmt":"2025-01-19T14:08:00","guid":{"rendered":"https:\/\/www.hydraulic-cylinders.net\/product\/bucket-cylinder-for-komatsu-small-excavator-pc30-8\/"},"modified":"2025-01-19T14:08:03","modified_gmt":"2025-01-19T14:08:03","slug":"bucket-cylinder-for-komatsu-small-excavator-pc30-8","status":"publish","type":"product","link":"https:\/\/www.hydraulic-cylinders.net\/sl\/izdelek\/bucket-cylinder-for-komatsu-small-excavator-pc30-8\/","title":{"rendered":"Cilinder \u017elice za majhen bager Komatsu PC30-8"},"content":{"rendered":"<h1>Cilinder \u017elice za majhen bager Komatsu PC30-8<\/h1>\n<h2>Uvod<\/h2>\n<p>Hidravli\u010dni cilinder \u017elice za majhen bager Komatsu PC30-8 je posebej zasnovan hidravli\u010dni cilinder, ki se uporablja za krmiljenje gibanja \u017elice v te\u017ekih strojih, kot so bagri, bagri nakladalniki in \u010delni nakladalniki. Njegova glavna funkcija je omogo\u010danje dvigovanja, spu\u0161\u010danja in nagibanja \u017elice, kar jo naredi priro\u010dno za razli\u010dna opravila ravnanja z materiali. V hidravli\u010dnem sistemu cilinder \u017elice dose\u017ee natan\u010den nadzor nad \u017elico s spremembami tlaka hidravli\u010dnega olja, kar upravljavcem omogo\u010da u\u010dinkovito ravnanje s te\u017ekimi bremeni in prilagajanje kompleksnim delovnim okoljem ter raznolikim operativnim potrebam.<\/p>\n<p><img decoding=\"async\" src=\"https:\/\/www.hydraulic-cylinders.net\/wp-content\/uploads\/2025\/01\/songte-company-2.webp\" alt=\"Slika izdelka\"><\/p>\n<h2>Zna\u010dilnosti<\/h2>\n<ul>\n<li>Visoka trdnost in vzdr\u017eljivost: Obi\u010dajno so izdelani iz visoko trdnega jekla ali aluminija, sposobni prenesti visok tlak in velike obremenitve, se prilagajajo zahtevnim delovnim okoljem in so zasnovani z upo\u0161tevanjem odpornosti proti obrabi in koroziji za podalj\u0161anje \u017eivljenjske dobe.<\/li>\n<li>U\u010dinkovito hidravli\u010dno delovanje: Uporaba tlaka hidravli\u010dnega olja za doseganje gladkih gibov iztegovanja in vvla\u010devanja, sposobnost hitrega odzivanja na krmilne ukaze, zagotavljanje mo\u010dnih potiskih in vle\u010dnih sil, primerno za ravnanje s te\u017ekimi bremeni in kompleksne operativne naloge.<\/li>\n<li>Razli\u010dne vrste: Na voljo z enosmernim (hidravli\u010dni cilindri se uporabljajo samo v eni smeri) ali dvosmernim (hidravli\u010dni cilindri se uporabljajo v obeh smereh), kar omogo\u010da razli\u010dne operativne zahteve. Nekateri modeli so teleskopski, kar omogo\u010da ve\u010dji razteg brez pove\u010danja zunanjih dimenzij, primerni za uporabo z omejenim prostorom.<\/li>\n<li>Popolna zamenjava: Na\u0161i izdelki lahko popolnoma nadomestijo te hidravli\u010dne cilindre.<\/li>\n<\/ul>\n<p><img decoding=\"async\" src=\"https:\/\/www.hydraulic-cylinders.net\/wp-content\/uploads\/2025\/01\/songte-cylinder-head-with-all-kinds-excavator-models.webp\" alt=\"Slika izdelka\"><\/p>\n<h2>Aplikacije<\/h2>\n<ul>\n<li>Gradbena oprema: Nahajajo se v bagrih in so klju\u010dnega pomena za kopanje, nakladanje in premikanje zemlje ali ru\u0161evin. Pri bagrih nakladalnikih cilinder \u017elice pomaga tako pri kopanju kot pri dvigovanju.<\/li>\n<li>Kmetijska mehanizacija: Uporablja se v \u010delnih nakladalnikih za zajemanje, dvigovanje in prevoz zemlje, sena in drugih materialov.<\/li>\n<li>Bagri: Cilinder \u017elice omogo\u010da kopanje, saj \u017elici omogo\u010da prodiranje v zemljo.<\/li>\n<li>Nakladalci: Pri \u010delnih nakladalcih pomagajo pri u\u010dinkovitem dvigovanju in odlaganju blaga.<\/li>\n<\/ul>\n<h2>Oblikovalski vidiki in izbirna merila<\/h2>\n<ul>\n<li>Bearing Capacity: Discuss the keyword&#8217;s ability to bear heavy loads.<\/li>\n<li>Tesnjenje: Razpravljajte o pomenu ustreznega tesnjenja in uporabi razli\u010dnih tesnilnih komponent, kot so tesnila bata in tesnila batnic iz materialov, odpornih proti obrabi.<\/li>\n<li>Vzdr\u017eljivost: Razpravljajte o vzdr\u017eljivosti valja in povr\u0161inski obdelavi telesa valja ter navojnih koncev za izbolj\u0161anje odpornosti proti obrabi.<\/li>\n<li>Varnost: Razpravljajte o varnostnih funkcijah in vidikih pri zasnovi jeklenke.<\/li>\n<li>Vzdr\u017eevanje: Razpravljajte o enostavnosti vzdr\u017eevanja in razpolo\u017eljivosti rezervnih delov za valj.<\/li>\n<\/ul>\n<p><img decoding=\"async\" src=\"https:\/\/www.hydraulic-cylinders.net\/wp-content\/uploads\/2025\/01\/songte-oil-pipes-and-spare-parts.webp\" alt=\"Slika izdelka\"><\/p>\n<h2>Tesnjenje in mazanje<\/h2>\n<p>Valj \u017elice uporablja razli\u010dne tesnilne komponente, kot so tesnila bata in tesnila palic, izdelana iz materialov, odpornih proti obrabi. Telo valja in navojni konci so podvr\u017eeni natan\u010dni povr\u0161inski obdelavi za izbolj\u0161anje odpornosti proti obrabi. Za zagotovitev nemotenega delovanja in podalj\u0161anje \u017eivljenjske dobe valja je potrebno redno mazanje z ustrezno koli\u010dino hidravli\u010dnega olja.<\/p>\n<h2>Redni pregledi in preventivno vzdr\u017eevanje<\/h2>\n<ul>\n<li>Redno pregledujte stanje cilindra, vklju\u010dno s tesnili, palicami in pritrdilnimi to\u010dkami.<\/li>\n<li>Zagotovite ustrezno mazanje vseh gibljivih delov.<\/li>\n<li>Obrabljena ali po\u0161kodovana tesnila nemudoma zamenjajte.<\/li>\n<li>Za ohranjanje optimalne zmogljivosti izvedite kalibracijske preglede.<\/li>\n<\/ul>\n<h2>Pravilni vodnik za namestitev<\/h2>\n<p>1. Med namestitvijo pravilno poravnajte valj.<\/p>\n<p>2. Za pritrditev cilindra uporabite ustrezne monta\u017ene nosilce.<\/p>\n<p>3. Upo\u0161tevajte priporo\u010dene postopke za pregled, popravilo in zamenjavo.<\/p>\n<p>4. Navedite nasvete za podalj\u0161anje \u017eivljenjske dobe jeklenke.<\/p>\n<p><img decoding=\"async\" src=\"https:\/\/www.hydraulic-cylinders.net\/wp-content\/uploads\/2025\/01\/songte-chushion-collar.webp\" alt=\"Slika izdelka\"><\/p>\n<h2>Varnostni vidiki in okoljski dejavniki<\/h2>\n<p>Razpravljajte o pomenu varnostnih ukrepov pri uporabi klju\u010dne besede in kako le-ti prispevajo k varnemu delovnemu okolju.<\/p>\n<h2>Odpravljanje te\u017eav in pogoste te\u017eave<\/h2>\n<p>Pogovorite se o pogostih te\u017eavah in ponudite nasvete za odpravljanje te\u017eav ter re\u0161itve za u\u010dinkovito diagnosticiranje in re\u0161evanje te\u017eav. Predlagajte tudi preventivne ukrepe za zmanj\u0161anje morebitnih te\u017eav.<\/p>\n<p><img decoding=\"async\" src=\"https:\/\/www.hydraulic-cylinders.net\/wp-content\/uploads\/2025\/01\/songte-bushings-with-all-kinds-of-excavator-models.webp\" alt=\"Slika izdelka\"><\/p>\n<h2>O na\u0161em podjetju<\/h2>\n<p>Smo proizvajalec nadomestnih hidravli\u010dnih cilindrov in ponujamo \u0161iroko paleto izdelkov. Postali smo eden vodilnih proizvajalcev in veleprodajnih distributerjev hidravli\u010dnih cilindrov na doma\u010dem in mednarodnem trgu. V na\u0161i prefinjeni proizvodni delavnici se dr\u017eimo na\u010del odli\u010dne kakovosti in se zana\u0161amo na industrializirane strategije upravljanja proizvodnje. S poudarkom na tehnolo\u0161kih talentih, vrhunski digitalni proizvodni opremi in profesionalnih testnih sistemih nenehno izbolj\u0161ujemo na\u0161o proizvodno platformo in proizvodne poti za kakovost izdelkov. Imamo mo\u010dno inovativno zmogljivost, ki zagotavlja visoko u\u010dinkovitost, natan\u010dnost in kakovost, da bi zadovoljili raznolike potrebe na\u0161ih strank.<\/p>\n<p><img decoding=\"async\" src=\"https:\/\/www.hydraulic-cylinders.net\/wp-content\/uploads\/2025\/01\/songte-company-3.webp\" alt=\"Slika izdelka\"><\/p>\n<p>Ponosni smo na svojo profesionalnost, mednarodne certifikate, prilagojene storitve, proizvodno opremo in poprodajne storitve, med drugim.<\/p>\n<p>Avtor: lyl.<\/p>","protected":false},"excerpt":{"rendered":"<p>Bucket Cylinder For Komatsu Small Excavator PC30-8 Introduction The Bucket Cylinder for Komatsu Small Excavator PC30-8 is a specially designed hydraulic cylinder used to control the movement of the bucket in heavy machinery such as excavators, backhoe loaders, and front-end loaders. Its main function is to enable the bucket to lift, lower, and tilt, making [&hellip;]<\/p>","protected":false},"featured_media":14782,"comment_status":"open","ping_status":"closed","template":"","meta":{"_et_pb_use_builder":"","_et_pb_old_content":"","_et_gb_content_width":""},"product_brand":[],"product_cat":[1494],"product_tag":[1495,1496],"class_list":{"0":"post-15122","1":"product","2":"type-product","3":"status-publish","4":"has-post-thumbnail","6":"product_cat-bucket-cylinders","7":"product_tag-bucket-cylinders","8":"product_tag-hydraulic-cylinders","10":"first","11":"instock","12":"shipping-taxable","13":"product-type-simple"},"amp_enabled":true,"_links":{"self":[{"href":"https:\/\/www.hydraulic-cylinders.net\/sl\/wp-json\/wp\/v2\/product\/15122","targetHints":{"allow":["GET"]}}],"collection":[{"href":"https:\/\/www.hydraulic-cylinders.net\/sl\/wp-json\/wp\/v2\/product"}],"about":[{"href":"https:\/\/www.hydraulic-cylinders.net\/sl\/wp-json\/wp\/v2\/types\/product"}],"replies":[{"embeddable":true,"href":"https:\/\/www.hydraulic-cylinders.net\/sl\/wp-json\/wp\/v2\/comments?post=15122"}],"wp:featuredmedia":[{"embeddable":true,"href":"https:\/\/www.hydraulic-cylinders.net\/sl\/wp-json\/wp\/v2\/media\/14782"}],"wp:attachment":[{"href":"https:\/\/www.hydraulic-cylinders.net\/sl\/wp-json\/wp\/v2\/media?parent=15122"}],"wp:term":[{"taxonomy":"product_brand","embeddable":true,"href":"https:\/\/www.hydraulic-cylinders.net\/sl\/wp-json\/wp\/v2\/product_brand?post=15122"},{"taxonomy":"product_cat","embeddable":true,"href":"https:\/\/www.hydraulic-cylinders.net\/sl\/wp-json\/wp\/v2\/product_cat?post=15122"},{"taxonomy":"product_tag","embeddable":true,"href":"https:\/\/www.hydraulic-cylinders.net\/sl\/wp-json\/wp\/v2\/product_tag?post=15122"}],"curies":[{"name":"delovni list","href":"https:\/\/api.w.org\/{rel}","templated":true}]}}