{"id":15128,"date":"2025-01-19T14:08:23","date_gmt":"2025-01-19T14:08:23","guid":{"rendered":"https:\/\/www.hydraulic-cylinders.net\/product\/bucket-cylinder-for-komatsu-small-excavator-pc55-55uu\/"},"modified":"2025-01-19T14:08:25","modified_gmt":"2025-01-19T14:08:25","slug":"bucket-cylinder-for-komatsu-small-excavator-pc55-55uu","status":"publish","type":"product","link":"https:\/\/www.hydraulic-cylinders.net\/sl\/izdelek\/bucket-cylinder-for-komatsu-small-excavator-pc55-55uu\/","title":{"rendered":"Cilinder \u017elice za majhen bager Komatsu PC55 55UU"},"content":{"rendered":"<h1>Cilinder \u017elice za majhen bager Komatsu PC55 55UU<\/h1>\n<h2>Uvod<\/h2>\n<p>Hidravli\u010dni cilinder \u017elice za majhen bager Komatsu PC55 55UU je specializiran hidravli\u010dni cilinder, ki se uporablja predvsem za nadzor gibanja \u017elice v te\u017ekih strojih, kot so bagri, bagri z nakladalniki in \u010delni nakladalniki. Njegova glavna funkcija je omogo\u010danje dvigovanja, spu\u0161\u010danja in nagibanja \u017elice, kar olaj\u0161a razli\u010dna opravila ravnanja z materiali. V hidravli\u010dnem sistemu cilinder \u017elice dose\u017ee natan\u010den nadzor nad \u017elico s spremembami tlaka hidravli\u010dnega olja in omogo\u010da upravljavcem u\u010dinkovito rokovanje s te\u017ekimi predmeti, prilagajanje kompleksnim delovnim okoljem in raznolikim operativnim zahtevam.<\/p>\n<p><img decoding=\"async\" src=\"https:\/\/www.hydraulic-cylinders.net\/wp-content\/uploads\/2025\/01\/songte-company-2.webp\" alt=\"Slika valjaste \u017elice\"><\/p>\n<h2>Zna\u010dilnosti<\/h2>\n<ul>\n<li>Visoka trdnost in vzdr\u017eljivost: obi\u010dajno izdelani iz visoko trdnega jekla ali aluminija, sposobni prenesti visok tlak in velike obremenitve, primerni za zahtevna delovna okolja, zasnovani z mislijo na odpornost proti obrabi in koroziji ter podalj\u0161ano \u017eivljenjsko dobo.<\/li>\n<li>U\u010dinkovito hidravli\u010dno delovanje: gladko iztezanje in kr\u010denje, dose\u017eeno s tlakom hidravli\u010dnega olja, hiter odziv na krmilne ukaze, zagotavlja mo\u010dno potisno in vle\u010dno silo, primerno za ravnanje s te\u017ekimi predmeti in kompleksne operativne naloge.<\/li>\n<li>Na voljo so razli\u010dne vrste: enosmerno delujo\u010di (hidravli\u010dni, ki se uporabljajo samo v eni smeri) ali dvosmerno delujo\u010di (hidravli\u010dni, ki se uporabljajo v dveh smereh). Glede na potrebe je mogo\u010de izbrati cilindre za izpolnjevanje razli\u010dnih operativnih zahtev. Nekateri modeli so teleskopski, kar omogo\u010da ve\u010djo raz\u0161iritev brez pove\u010danja zunanjih dimenzij, primerni za uporabo z omejenim prostorom.<\/li>\n<li>Popolna zamenjava za hidravli\u010dni valj: na\u0161 izdelek lahko popolnoma nadomesti te hidravli\u010dne cilindre.<\/li>\n<\/ul>\n<p><img decoding=\"async\" src=\"https:\/\/www.hydraulic-cylinders.net\/wp-content\/uploads\/2025\/01\/songte-cylinder-head-with-all-kinds-excavator-models.webp\" alt=\"Slika valjaste \u017elice\"><\/p>\n<h2>Aplikacije<\/h2>\n<p>Cilinder \u017elice za majhen bager Komatsu PC55 55UU ima razli\u010dne aplikacije na razli\u010dnih podro\u010djih:<\/p>\n<ul>\n<li>Gradbena oprema: pogosto se uporablja v bagrih za kopanje, nakladanje in premikanje zemlje ali ru\u0161evin, v bagrih z nakladalno glavo pa cilindri z \u017elico pomagajo tako pri izkopavanju kot dvigovanju. <\/li>\n<li>Kmetijski stroji: uporabljajo se za \u010delne nakladalnike, pobiranje, dvigovanje in prevoz zemlje, sena in drugih materialov; pri bagrih cilindri \u017elice omogo\u010dajo kopanje, saj omogo\u010dajo, da \u017elica prodre v zemljo. <\/li>\n<li>Nakladalniki: pri \u010delnih nakladalnikih pomagajo u\u010dinkovito dvigovati in nagibati blago. <\/li>\n<\/ul>\n<h2>Oblikovalski vidiki in izbirna merila<\/h2>\n<p>Pri oblikovanju cilindra \u017elice za majhen bager Komatsu PC55 55UU so bili upo\u0161tevani naslednji konstrukcijski vidiki:<\/p>\n<ul>\n<li>Nosilnost: sposobna prenesti obremenitev in tlak v delovnem okolju.<\/li>\n<li>U\u010dinkovitost tesnjenja: Uporaba razli\u010dnih tesnil, kot so tesnila bata in tesnila palic, iz materialov, odpornih proti obrabi, uporaba naprednega postopka nana\u0161anja premaza na ohi\u0161je valja in navojno kon\u010dno povr\u0161ino za izbolj\u0161anje odpornosti proti obrabi ter redno mazanje s hidravli\u010dnim oljem za u\u010dinkovito tesnjenje in mazanje.<\/li>\n<li>Vzdr\u017eljivost: Sposoben je prenesti te\u017eke delovne pogoje, saj je izdelan iz visoko trdnih materialov, zasnovan pa je z mislijo na odpornost proti obrabi in koroziji, kar podalj\u0161uje \u017eivljenjsko dobo izdelka.<\/li>\n<li>Varnost: Strogo upo\u0161tevanje varnostnih standardov in predpisov, zagotavljanje varnostnih ukrepov in postopkov za uporabnike ter zagotavljanje varnosti uporabnikov med delovanjem.<\/li>\n<li>Vzdr\u017eevanje: Enostavno vzdr\u017eevanje, uporaba visokokakovostnih komponent ter redno vzdr\u017eevanje in pregledi za podalj\u0161anje \u017eivljenjske dobe izdelka.<\/li>\n<\/ul>\n<p><img decoding=\"async\" src=\"https:\/\/www.hydraulic-cylinders.net\/wp-content\/uploads\/2025\/01\/songte-oil-pipes-and-spare-parts.webp\" alt=\"Slika valjaste \u017elice\"><\/p>\n<h2>Tesnjenje in mazanje<\/h2>\n<p>Cilinder \u017elice za majhen bager Komatsu PC55 55UU uporablja razli\u010dna tesnila, kot so tesnila bata in tesnila palic, iz materialov, odpornih proti obrabi, telo cilindra in navojna kon\u010dna povr\u0161ina pa sta podvr\u017eena finemu postopku obdelave za izbolj\u0161anje odpornosti proti obrabi. Redno mazanje s hidravli\u010dnim oljem lahko u\u010dinkovito nama\u017ee cilinder in zagotovi u\u010dinkovitost tesnjenja izdelka.<\/p>\n<h2>Vzdr\u017eevanje in popravila<\/h2>\n<p>Redni pregledi in preventivno vzdr\u017eevanje lahko podalj\u0161ajo \u017eivljenjsko dobo cilindra vedra. Pogosta vzdr\u017eevalna opravila vklju\u010dujejo:<\/p>\n<ul>\n<li>Redni pregled<\/li>\n<li>Pravilno mazanje<\/li>\n<li>Zamenjava tesnila<\/li>\n<li>Preverjanje kalibracije<\/li>\n<\/ul>\n<p>Pravilna namestitev cilindra z \u017elico je prav tako klju\u010dnega pomena, zato priporo\u010damo uporabo ustreznih monta\u017enih nosilcev za pritrditev cilindra. Med namestitvijo je potrebna pravilna poravnava cilindra. Zagotavljamo priporo\u010dene postopke pregleda, popravila in zamenjave, zamenjave delov in storitev obnove, ki pomagajo podalj\u0161ati \u017eivljenjsko dobo izdelka.<\/p>\n<p><img decoding=\"async\" src=\"https:\/\/www.hydraulic-cylinders.net\/wp-content\/uploads\/2025\/01\/songte-chushion-collar.webp\" alt=\"Slika valjaste \u017elice\"><\/p>\n<h2>Varnostni in okoljski vidiki<\/h2>\n<p>Pri uporabi cilindra z vedrom je treba dosledno upo\u0161tevati varnostne ukrepe, da se prepre\u010dijo nesre\u010de in zagotovi varnost uporabnika. Med delovanjem je treba nositi ustrezno za\u0161\u010ditno opremo. Okoljski vidiki vklju\u010dujejo pravilno odstranjevanje odpadkov in upo\u0161tevanje okoljskih predpisov med proizvodnjo in uporabo.<\/p>\n<h2>Odpravljanje te\u017eav in pogoste te\u017eave<\/h2>\n<p>Med uporabo lahko pride do nekaterih pogostih te\u017eav z valjem \u017elice za majhen bager Komatsu PC55 55UU, kot so pu\u0161\u010danje, obraba in zmanj\u0161ana zmogljivost. Pravilna diagnoza in preventivni ukrepi lahko pomagajo zmanj\u0161ati in prepre\u010diti te te\u017eave ter zagotoviti pravilno delovanje izdelka. Ponujamo nasvete in re\u0161itve za odpravljanje te\u017eav, ki bralcem pomagajo pri diagnosticiranju in re\u0161evanju te\u017eav ter predlagamo preventivne ukrepe.<\/p>\n<p><img decoding=\"async\" src=\"https:\/\/www.hydraulic-cylinders.net\/wp-content\/uploads\/2025\/01\/songte-bushings-with-all-kinds-of-excavator-models.webp\" alt=\"Slika valjaste \u017elice\"><\/p>\n<h2>O na\u0161em podjetju<\/h2>\n<p>Smo proizvajalec nadomestnih hidravli\u010dnih cilindrov s celovito paleto izdelkov in smo eden vodilnih proizvajalcev in veleprodajnih distributerjev hidravli\u010dnih cilindrov na doma\u010dem in mednarodnem trgu. Dr\u017eimo se na\u010dela odli\u010dne kakovosti, se zana\u0161amo na fine proizvodne delavnice za strategije upravljanja industrijske proizvodnje in nenehno izbolj\u0161ujemo proizvodno platformo delavnice z uporabo tehni\u010dnih talentov, vrhunske digitalne proizvodne opreme in profesionalnih sistemov za testiranje. Imamo mo\u010dno ustvarjalnost in z na\u010deli visoke u\u010dinkovitosti, visoke natan\u010dnosti in visoke kakovosti lahko zadovoljimo raznolike potrebe strank. <\/p>\n<p><img decoding=\"async\" src=\"https:\/\/hzpt.com\/wp-content\/uploads\/2024\/11\/songte-company-1.webp\" alt=\"Slika valjaste \u017elice\"><\/p>\n<h3>Profesionalnost<\/h3>\n<p>Imamo strokovno ekipo z bogatimi izku\u0161njami na podro\u010dju hidravli\u010dnih izdelkov, ki strankam zagotavlja visokokakovostne re\u0161itve in storitve.<\/p>\n<h3>Mednarodno certificiranje<\/h3>\n<p>Na\u0161i izdelki so prestali mednarodne certifikate, kot so CE, ISO9001 in SGS, kar zagotavlja kakovost in varnost izdelkov.<\/p>\n<h3>Storitve prilagajanja<\/h3>\n<p>Nudimo prilagojene storitve, ki ustrezajo edinstvenim potrebam strank, izdelke po meri in re\u0161itve, s katerimi strankam zagotavljamo najbolj\u0161o izku\u0161njo.<\/p>\n<h3>Proizvodna oprema<\/h3>\n<p>Uporabljamo napredno in vrhunsko proizvodno opremo, da zagotovimo kakovost in u\u010dinkovitost na\u0161ih izdelkov.<\/p>\n<h3>Poprodajne storitve<\/h3>\n<p>Nudimo celovite poprodajne storitve, kot so tehni\u010dna podpora, vzdr\u017eevanje, popravila, zamenjava delov in obnova.<\/p>\n<p>Avtor: lyl<\/p>","protected":false},"excerpt":{"rendered":"<p>Bucket Cylinder For Komatsu Small Excavator PC55 55UU Introduction The bucket cylinder for Komatsu small excavator PC55 55UU is a specialized hydraulic cylinder mainly used to control the movement of the bucket in heavy machinery, such as excavators, backhoe excavators, and front loaders. Its primary function is to allow the bucket to lift, lower, and [&hellip;]<\/p>","protected":false},"featured_media":14769,"comment_status":"open","ping_status":"closed","template":"","meta":{"_et_pb_use_builder":"","_et_pb_old_content":"","_et_gb_content_width":""},"product_brand":[],"product_cat":[1494],"product_tag":[1495,1496],"class_list":{"0":"post-15128","1":"product","2":"type-product","3":"status-publish","4":"has-post-thumbnail","6":"product_cat-bucket-cylinders","7":"product_tag-bucket-cylinders","8":"product_tag-hydraulic-cylinders","10":"first","11":"instock","12":"shipping-taxable","13":"product-type-simple"},"amp_enabled":true,"_links":{"self":[{"href":"https:\/\/www.hydraulic-cylinders.net\/sl\/wp-json\/wp\/v2\/product\/15128","targetHints":{"allow":["GET"]}}],"collection":[{"href":"https:\/\/www.hydraulic-cylinders.net\/sl\/wp-json\/wp\/v2\/product"}],"about":[{"href":"https:\/\/www.hydraulic-cylinders.net\/sl\/wp-json\/wp\/v2\/types\/product"}],"replies":[{"embeddable":true,"href":"https:\/\/www.hydraulic-cylinders.net\/sl\/wp-json\/wp\/v2\/comments?post=15128"}],"wp:featuredmedia":[{"embeddable":true,"href":"https:\/\/www.hydraulic-cylinders.net\/sl\/wp-json\/wp\/v2\/media\/14769"}],"wp:attachment":[{"href":"https:\/\/www.hydraulic-cylinders.net\/sl\/wp-json\/wp\/v2\/media?parent=15128"}],"wp:term":[{"taxonomy":"product_brand","embeddable":true,"href":"https:\/\/www.hydraulic-cylinders.net\/sl\/wp-json\/wp\/v2\/product_brand?post=15128"},{"taxonomy":"product_cat","embeddable":true,"href":"https:\/\/www.hydraulic-cylinders.net\/sl\/wp-json\/wp\/v2\/product_cat?post=15128"},{"taxonomy":"product_tag","embeddable":true,"href":"https:\/\/www.hydraulic-cylinders.net\/sl\/wp-json\/wp\/v2\/product_tag?post=15128"}],"curies":[{"name":"delovni list","href":"https:\/\/api.w.org\/{rel}","templated":true}]}}