{"id":15131,"date":"2025-01-19T14:08:35","date_gmt":"2025-01-19T14:08:35","guid":{"rendered":"https:\/\/www.hydraulic-cylinders.net\/product\/bucket-cylinder-for-komatsu-small-excavator-pc130-8mo-hb205-1mo-hb2152c-1mo\/"},"modified":"2025-01-19T14:08:43","modified_gmt":"2025-01-19T14:08:43","slug":"bucket-cylinder-for-komatsu-small-excavator-pc130-8mo-hb205-1mo-hb2152c-1mo","status":"publish","type":"product","link":"https:\/\/www.hydraulic-cylinders.net\/sl\/izdelek\/bucket-cylinder-for-komatsu-small-excavator-pc130-8mo-hb205-1mo-hb2152c-1mo\/","title":{"rendered":"Cilinder \u017elice za majhen bager Komatsu PC130-8MO.HB205-1MO.HB2152C-1MO"},"content":{"rendered":"<h1>Cilinder \u017elice za majhen bager Komatsu PC130-8MO.HB205-1MO.HB2152C-1MO<\/h1>\n<h2>Uvod<\/h2>\n<p>Hidravli\u010dni valj \u017elice je posebej zasnovan hidravli\u010dni valj, ki se uporablja predvsem za krmiljenje gibanja \u017elic v te\u017ekih strojih, kot so bagri, bagri nakladalniki in \u010delni nakladalniki. Njegova glavna funkcija je omogo\u010danje dvigovanja, spu\u0161\u010danja in nagibanja \u017elice, kar olaj\u0161a opravljanje razli\u010dnih nalog ravnanja z materiali. V hidravli\u010dnem sistemu valj \u017elice dose\u017ee natan\u010den nadzor nad \u017elico s spreminjanjem tlaka hidravli\u010dnega olja, kar omogo\u010da upravljavcem u\u010dinkovito ravnanje s te\u017ekimi predmeti, prilagajanje kompleksnim delovnim okoljem in raznolikim operativnim zahtevam.<\/p>\n<p><img decoding=\"async\" src=\"https:\/\/www.hydraulic-cylinders.net\/wp-content\/uploads\/2025\/01\/songte-company-2.webp\" alt=\"Slika valjaste \u017elice\"><\/p>\n<h2>Zna\u010dilnosti<\/h2>\n<ul>\n<li>Visoka trdnost in vzdr\u017eljivost: Obi\u010dajno je izdelan iz visoko trdnega jekla ali aluminija, lahko prenese visok tlak in velike obremenitve ter je zasnovan z mislijo na odpornost proti obrabi in koroziji, kar podalj\u0161uje njegovo \u017eivljenjsko dobo.<\/li>\n<li>U\u010dinkovito hidravli\u010dno delovanje: Z uporabo tlaka hidravli\u010dnega olja za doseganje gladkega raztezanja in kr\u010denja se lahko hitro odzove na krmilne ukaze, kar zagotavlja mo\u010dno potisno in vle\u010dno silo, primerno za ravnanje s te\u017ekimi predmeti in kompleksne delovne naloge.<\/li>\n<li>Razli\u010dne vrste: Enojno delujo\u010de (hidravlika se uporablja samo v eno smer) ali dvostransko delujo\u010de (hidravlika se uporablja v obe smeri) cilindre je mogo\u010de izbrati glede na potrebe in razli\u010dne operativne zahteve. Nekateri modeli so teleskopski, kar omogo\u010da ve\u010dji razteg brez pove\u010danja zunanjih dimenzij, zaradi \u010desar so primerni za uporabo v omejenem prostoru.<\/li>\n<li>Popolna zamenjava: Na\u0161 izdelek lahko popolnoma nadomesti te hidravli\u010dne cilindre s \u0161iroko paleto zdru\u017eljivih modelov.<\/li>\n<\/ul>\n<p><img decoding=\"async\" src=\"https:\/\/www.hydraulic-cylinders.net\/wp-content\/uploads\/2025\/01\/songte-cylinder-head-with-all-kinds-excavator-models.webp\" alt=\"Slika zamenjave cilindra vedra\"><\/p>\n<h2>Uporaba<\/h2>\n<p>Valji z \u017elico se pogosto uporabljajo v gradbeni\u0161tvu, kmetijstvu in izkopnih strojih. Spodaj je navedenih nekaj njihovih pomembnih uporab:<\/p>\n<h3>Gradbena oprema<\/h3>\n<p>Cilindri \u017elice so bistveni za kopanje, nakladanje in premikanje zemlje ali ru\u0161evin v bagrih. Pri bagrih nakladalnikih cilindri \u017elice pomagajo tako pri kopanju kot pri dvigovanju. <\/p>\n<h3>Kmetijska mehanizacija<\/h3>\n<p>Uporabljajo se za \u010delne nakladalnike, za zajemanje, dvigovanje in prevoz zemlje, sena in drugih materialov.<\/p>\n<h3>Bagri<\/h3>\n<p>Cilindri \u017elice omogo\u010dajo kopanje, saj omogo\u010dajo, da \u017elica prodre v zemljo.<\/p>\n<h3>Nakladalci<\/h3>\n<p>Pri \u010delnih nakladalnikih pomagajo pri u\u010dinkovitem dvigovanju in razkladanju tovora.<\/p>\n<p><img decoding=\"async\" src=\"https:\/\/www.hydraulic-cylinders.net\/wp-content\/uploads\/2025\/01\/songte-bushings-with-all-kinds-of-excavator-models.webp\" alt=\"Slika uporabe cilindra vedra\"><\/p>\n<h2>Oblikovalski vidiki in izbirna merila<\/h2>\n<p>Valji \u017elice so klju\u010dni sestavni deli te\u017eke mehanizacije, zato je treba za optimalno delovanje upo\u0161tevati njihova merila za zasnovo in izbiro. Nekaj \u200b\u200bpomembnih dejavnikov vklju\u010duje:<\/p>\n<h3>Nosilnost<\/h3>\n<p>Jeklenka mora biti sposobna prenesti velike obremenitve, ki so zna\u010dilne za gradbene in izkopne stroje. <\/p>\n<h3>Tesnjenje in vzdr\u017eljivost<\/h3>\n<p>Za zagotovitev trajnosti je treba izbrati tesnila, kot so tesnila bata in ojnice, izdelana iz materialov, odpornih proti obrabi, kot sta poliuretan in nitrilni kav\u010duk. Prav tako je treba ohi\u0161je valja in navojne kon\u010dne povr\u0161ine fino obdelati za izbolj\u0161anje odpornosti proti obrabi. <\/p>\n<h3>Varnost in vzdr\u017eevanje<\/h3>\n<p>Sestavne dele cilindra \u017elice je treba sestaviti in vzdr\u017eevati, da se zagotovi varno delovanje in prepre\u010dijo nesre\u010de. Za optimalno delovanje je treba izvajati redno vzdr\u017eevanje, kot so mazanje, zamenjava tesnil in preverjanje kalibracije.<\/p>\n<p><img decoding=\"async\" src=\"https:\/\/www.hydraulic-cylinders.net\/wp-content\/uploads\/2025\/01\/songte-oil-pipes-and-spare-parts.webp\" alt=\"Slika zasnove valja vedra\"><\/p>\n<h2>Tesnjenje in mazanje<\/h2>\n<p>Za cilindre \u017elice so potrebni razli\u010dni tesnilni deli, kot so tesnila bata in tesnila palic, ki so izdelana iz materialov, odpornih proti obrabi, kot sta poliuretan in nitrilna guma. Telo cilindra in navojne kon\u010dne povr\u0161ine so prav tako fino obdelane za izbolj\u0161anje odpornosti proti obrabi. Redno dodajanje ustreznega hidravli\u010dnega olja je pomembno za zagotovitev mazanja.<\/p>\n<h2>Vzdr\u017eevanje in popravila<\/h2>\n<p>Pravilno vzdr\u017eevanje cilindrov \u017elice je klju\u010dnega pomena za njihovo optimalno delovanje in dolgo \u017eivljenjsko dobo. Za zagotovitev optimalnega delovanja je treba redno pregledovati, maza, menjati tesnila in kalibrirati. <\/p>\n<h2>Navodila za namestitev<\/h2>\n<p>Pravilna namestitev je bistvenega pomena za pravilno delovanje jeklenk. Upo\u0161tevajte naslednje nasvete:<\/p>\n<ul>\n<li>Zagotovite pravilno poravnavo cilindra z opremo<\/li>\n<li>Za pritrditev cilindra uporabite ustrezne nosilce<\/li>\n<li>Upo\u0161tevajte priporo\u010dene postopke pregleda, popravila in zamenjave<\/li>\n<li>Za podalj\u0161anje \u017eivljenjske dobe cilindra uporabite pravilne dele in storitve obnove<\/li>\n<\/ul>\n<p><img decoding=\"async\" src=\"https:\/\/www.hydraulic-cylinders.net\/wp-content\/uploads\/2025\/01\/songte-chushion-collar.webp\" alt=\"Slika namestitve cilindra vedra\"><\/p>\n<h2>Varnostni vidiki in okoljski dejavniki<\/h2>\n<p>Za zagotovitev varnosti je treba jeklenke namestiti in vzdr\u017eevati v skladu s proizvajal\u010devimi navodili. Okoljski dejavniki, kot so vreme, temperatura in vla\u017enost, lahko vplivajo na delovanje jeklenke, zato je treba redno izvajati vzdr\u017eevalne preglede, da se zagotovi optimalno delovanje.<\/p>\n<h2>Odpravljanje te\u017eav in pogoste te\u017eave<\/h2>\n<p>Nekatere pogoste te\u017eave, s katerimi se lahko soo\u010dajo cilindri \u017elic, vklju\u010dujejo pu\u0161\u010danje, slabo delovanje in obrabo. Za odpravljanje teh te\u017eav je pomembno pravilno diagnosticirati te\u017eavo in uporabiti ustrezne metode popravila in zamenjave. Preventivni ukrepi, kot sta redno vzdr\u017eevanje in zamenjava obrabljenih delov, lahko pomagajo zmanj\u0161ati morebitne te\u017eave.<\/p>\n<p><img decoding=\"async\" src=\"https:\/\/hzpt.com\/wp-content\/uploads\/2024\/11\/songte-company-1.webp\" alt=\"Slika odpravljanja te\u017eav z valjem \u017elice\"><\/p>\n<h2>O na\u0161em podjetju<\/h2>\n<p>Smo proizvajalec nadomestnih hidravli\u010dnih cilindrov in vodilni proizvajalec ter veleprodajni distributer hidravli\u010dnih cilindrov na doma\u010dem in mednarodnem trgu. Sledimo strategiji industrijskega upravljanja proizvodnje, ki temelji na odli\u010dni kakovosti, pri \u010demer se zana\u0161amo na uporabo tehni\u010dnih talentov, vrhunske digitalne proizvodne opreme in profesionalnih sistemov testiranja. Nenehno izbolj\u0161ujemo proizvodno platformo delavnice, izbolj\u0161ujemo proizvodno linijo za kakovost izdelkov in imamo mo\u010dno ustvarjalno sposobnost, da zadovoljimo raznolike potrebe strank z na\u010deli visoke u\u010dinkovitosti, visoke natan\u010dnosti in visoke kakovosti.<\/p>\n<p><img decoding=\"async\" src=\"https:\/\/www.hydraulic-cylinders.net\/wp-content\/uploads\/2025\/01\/songte-company-3.webp\" alt=\"O na\u0161em podjetju Slika\"><\/p>\n<h3>Profesionalnost<\/h3>\n<p>Imamo ekipo strokovnjakov, ki so predani zagotavljanju kakovostnih storitev in podpore.<\/p>\n<h3>Mednarodno certificiranje<\/h3>\n<p>Na\u0161i izdelki so pridobili mednarodne certifikate, kar zagotavlja, da izpolnjujejo najvi\u0161je standarde kakovosti.<\/p>\n<h3>Prilagajanje<\/h3>\n<p>Sposobni smo prilagoditi se individualnim zahtevam strank.<\/p>\n<h3>Proizvodna oprema<\/h3>\n<p>Za proizvodnjo na\u0161ih izdelkov uporabljamo vrhunsko opremo za optimalno delovanje in dolgo \u017eivljenjsko dobo.<\/p>\n<h3>Poprodajne storitve<\/h3>\n<p>Nudimo poprodajne storitve, da zagotovimo, da so na\u0161e stranke zadovoljne z na\u0161imi izdelki in storitvami.<\/p>\n<p>Avtor: lyl<\/p>","protected":false},"excerpt":{"rendered":"<p>Bucket Cylinder For Komatsu Small Excavator PC130-8MO.HB205-1MO.HB2152C-1MO Introduction A bucket cylinder is a specially designed hydraulic cylinder, mainly used to control the movement of buckets in heavy machinery such as excavators, backhoe loaders, and front-end loaders. Its main function is to enable the bucket to lift, lower, and tilt, making it easier to handle various [&hellip;]<\/p>","protected":false},"featured_media":14761,"comment_status":"open","ping_status":"closed","template":"","meta":{"_et_pb_use_builder":"","_et_pb_old_content":"","_et_gb_content_width":""},"product_brand":[],"product_cat":[1494],"product_tag":[1495,1496],"class_list":{"0":"post-15131","1":"product","2":"type-product","3":"status-publish","4":"has-post-thumbnail","6":"product_cat-bucket-cylinders","7":"product_tag-bucket-cylinders","8":"product_tag-hydraulic-cylinders","10":"first","11":"instock","12":"shipping-taxable","13":"product-type-simple"},"amp_enabled":true,"_links":{"self":[{"href":"https:\/\/www.hydraulic-cylinders.net\/sl\/wp-json\/wp\/v2\/product\/15131","targetHints":{"allow":["GET"]}}],"collection":[{"href":"https:\/\/www.hydraulic-cylinders.net\/sl\/wp-json\/wp\/v2\/product"}],"about":[{"href":"https:\/\/www.hydraulic-cylinders.net\/sl\/wp-json\/wp\/v2\/types\/product"}],"replies":[{"embeddable":true,"href":"https:\/\/www.hydraulic-cylinders.net\/sl\/wp-json\/wp\/v2\/comments?post=15131"}],"wp:featuredmedia":[{"embeddable":true,"href":"https:\/\/www.hydraulic-cylinders.net\/sl\/wp-json\/wp\/v2\/media\/14761"}],"wp:attachment":[{"href":"https:\/\/www.hydraulic-cylinders.net\/sl\/wp-json\/wp\/v2\/media?parent=15131"}],"wp:term":[{"taxonomy":"product_brand","embeddable":true,"href":"https:\/\/www.hydraulic-cylinders.net\/sl\/wp-json\/wp\/v2\/product_brand?post=15131"},{"taxonomy":"product_cat","embeddable":true,"href":"https:\/\/www.hydraulic-cylinders.net\/sl\/wp-json\/wp\/v2\/product_cat?post=15131"},{"taxonomy":"product_tag","embeddable":true,"href":"https:\/\/www.hydraulic-cylinders.net\/sl\/wp-json\/wp\/v2\/product_tag?post=15131"}],"curies":[{"name":"delovni list","href":"https:\/\/api.w.org\/{rel}","templated":true}]}}