{"id":15134,"date":"2025-01-19T14:08:54","date_gmt":"2025-01-19T14:08:54","guid":{"rendered":"https:\/\/www.hydraulic-cylinders.net\/product\/bucket-cylinder-for-komatsu-middle-excavator-pc228\/"},"modified":"2025-01-19T14:08:56","modified_gmt":"2025-01-19T14:08:56","slug":"bucket-cylinder-for-komatsu-middle-excavator-pc228","status":"publish","type":"product","link":"https:\/\/www.hydraulic-cylinders.net\/sl\/izdelek\/bucket-cylinder-for-komatsu-middle-excavator-pc228\/","title":{"rendered":"Cilinder \u017elice za srednji bager Komatsu PC228"},"content":{"rendered":"<h1>Cilinder \u017elice za srednji bager Komatsu PC228<\/h1>\n<h2>Uvod<\/h2>\n<p>The Bucket Cylinder for Komatsu Middle Excavator PC228 is a specialized hydraulic cylinder designed to control the movement of the bucket in heavy machinery such as excavators, backhoes, and front-end loaders. Its primary function is to allow the bucket to lift, lower, and tilt, making it easier to handle various material handling tasks. In the hydraulic system, the bucket cylinder controls the bucket&#8217;s precise movement by changing the pressure of the hydraulic oil, allowing the operator to efficiently handle heavy loads and adapt to complex working environments and diverse operational requirements.<\/p>\n<p><img decoding=\"async\" src=\"https:\/\/www.hydraulic-cylinders.net\/wp-content\/uploads\/2025\/01\/songte-company-2.webp\" alt=\"Cilinder \u017elice za srednji bager Komatsu PC228\" \/><\/p>\n<h2>Zna\u010dilnosti<\/h2>\n<ul>\n<li><strong>Visoka trdnost in vzdr\u017eljivost:<\/strong> Obi\u010dajno je izdelan iz visoko trdnega jekla ali aluminija, zato lahko prenese visok tlak in velike obremenitve, s \u010dimer se prilagaja zahtevnim delovnim okoljem. Njegova zasnova upo\u0161teva odpornost proti obrabi in koroziji, kar podalj\u0161uje njegovo \u017eivljenjsko dobo.<\/li>\n<li><strong>U\u010dinkovito hidravli\u010dno delovanje:<\/strong> Z uporabo tlaka hidravli\u010dnega olja za doseganje gladkega teleskopskega gibanja se lahko hitro odzove na operativne ukaze in zagotovi mo\u010dno potisno in vle\u010dno silo, primerno za ravnanje s te\u017ekimi bremeni in kompleksnimi delovnimi nalogami.<\/li>\n<li><strong>Razli\u010dne vrste:<\/strong> Izbirate lahko med enosmerno delujo\u010dimi (hidravli\u010dni se uporablja samo v eni smeri) ali dvosmerno delujo\u010dimi (hidravli\u010dni se uporablja v obeh smereh) cilindri glede na va\u0161e zahteve, nekateri modeli so teleskopski, kar omogo\u010da ve\u010dji razteg brez pove\u010danja zunanjih dimenzij, primerni za aplikacije z omejenim prostorom.<\/li>\n<li><strong>Prilagodljivo:<\/strong> Na\u0161e podjetje lahko proizvaja ta izdelek in popolno zamenjavo za druge hidravli\u010dne cilindre.<\/li>\n<\/ul>\n<p><img decoding=\"async\" src=\"https:\/\/www.hydraulic-cylinders.net\/wp-content\/uploads\/2025\/01\/songte-cylinder-head-with-all-kinds-excavator-models.webp\" alt=\"Cilinder \u017elice za srednji bager Komatsu PC228\" \/><\/p>\n<h2>Aplikacije<\/h2>\n<p>Cilinder \u017elice za srednji bager Komatsu PC228 je primeren za razli\u010dne te\u017eke stroje, vklju\u010dno z:<\/p>\n<ul>\n<li><strong>Gradbena oprema:<\/strong> Nahajajo se v bagrih in so bistveni za kopanje, nakladanje in premikanje zemlje ali ru\u0161evin. Pri bagrih nakladalnikih cilinder \u017elice pomaga tako pri kopanju kot dvigovanju.<\/li>\n<li><strong>Kmetijska mehanizacija:<\/strong> Uporabljajo se za \u010delne nakladalnike, ki lahko zajemajo, dvigujejo in preva\u017eajo zemljo, seno in druge materiale. Pri bagrih cilindri \u017elice omogo\u010dajo izkopavanje tako, da \u017elici omogo\u010dijo prodiranje v zemljo.<\/li>\n<li><strong>Oprema nakladalnika:<\/strong> Pri \u010delnih nakladalnikih pomagajo u\u010dinkovito dvigovati in nagibati tovor.<\/li>\n<\/ul>\n<h2>Oblikovalski vidiki in izbirna merila<\/h2>\n<ul>\n<li><strong>Nosilnost:<\/strong> Moral bi biti sposoben prenesti najve\u010dje obremenitve, s katerimi se lahko soo\u010di med delovanjem.<\/li>\n<li><strong>Tesnjenje:<\/strong> Uporaba razli\u010dnih tesnilnih elementov, kot so tesnila bata, tesnila palic itd. Tesnilni elementi morajo biti izdelani iz materialov, odpornih proti obrabi, kot sta poliuretan ali nitrilna guma, telo valja in navojne kon\u010dne povr\u0161ine pa morajo biti fino obdelane za izbolj\u0161anje odpornosti proti obrabi.<\/li>\n<li><strong>Vzdr\u017eljivost:<\/strong> Jeklenka mora biti zasnovana tako, da prenese okoljske dejavnike, ki jim bo izpostavljena, kot sta korozija in abrazija.<\/li>\n<li><strong>Varnost:<\/strong> V zasnovo je treba vklju\u010diti varnostne elemente, da se prepre\u010dijo nesre\u010de in po\u0161kodbe.<\/li>\n<li><strong>Vzdr\u017eevanje:<\/strong> Izdelek mora biti enostaven za vzdr\u017eevanje in popravilo, da se skraj\u0161a \u010das izpada in zagotovi dolga \u017eivljenjska doba.<\/li>\n<\/ul>\n<p><img decoding=\"async\" src=\"https:\/\/www.hydraulic-cylinders.net\/wp-content\/uploads\/2025\/01\/songte-oil-pipes-and-spare-parts.webp\" alt=\"Cilinder \u017elice za srednji bager Komatsu PC228\" \/><\/p>\n<h2>Tesnjenje in mazanje<\/h2>\n<p>The Bucket Cylinder for Komatsu Middle Excavator PC228 uses various sealing elements to ensure the hydraulic system&#8217;s efficient operation. The cylinder&#8217;s body and threaded end surfaces are precisely processed to improve wear resistance. Regular lubrication with appropriate hydraulic oil is necessary.<\/p>\n<p><img decoding=\"async\" src=\"https:\/\/www.hydraulic-cylinders.net\/wp-content\/uploads\/2025\/01\/songte-chushion-collar.webp\" alt=\"Cilinder \u017elice za srednji bager Komatsu PC228\" \/><\/p>\n<h2>Vzdr\u017eevanje in popravila<\/h2>\n<p>Pogosta vzdr\u017eevalna opravila so naslednja:<\/p>\n<ul>\n<li>Redni pregled<\/li>\n<li>Pravilno mazanje<\/li>\n<li>Zamenjava tesnila<\/li>\n<li>Preverjanje kalibracije<\/li>\n<\/ul>\n<p>Pravilna namestitev, mazanje in nastavitev so klju\u010dnega pomena za zagotovitev dolge \u017eivljenjske dobe. Med namestitvijo je priporo\u010dljivo pravilno poravnati valj in uporabiti ustrezne nosilce za njegovo pritrditev. Za ohranjanje optimalne zmogljivosti in podalj\u0161anje \u017eivljenjske dobe \u017elice za srednji bager Komatsu PC228 so priporo\u010dljivi redni pregledi, popravila in zamenjave.<\/p>\n<p><img decoding=\"async\" src=\"https:\/\/www.hydraulic-cylinders.net\/wp-content\/uploads\/2025\/01\/songte-bushings-with-all-kinds-of-excavator-models.webp\" alt=\"Cilinder \u017elice za srednji bager Komatsu PC228\" \/><\/p>\n<h2>Varnostni vidiki in okoljski dejavniki<\/h2>\n<p>Pri uporabi cilindra \u017elice za srednji bager Komatsu PC228 so varnostni ukrepi bistvenega pomena za prepre\u010devanje nesre\u010d in po\u0161kodb. Pri na\u010drtovanju in izbiri hidravli\u010dnih cilindrov je treba upo\u0161tevati okoljske dejavnike, kot sta temperatura in vla\u017enost.<\/p>\n<h2>Diagnoza napak in pogoste te\u017eave<\/h2>\n<p>Pogoste napake vklju\u010dujejo pu\u0161\u010danje olja, nenavaden hrup in po\u010dasno ali nestabilno gibanje. Te lahko povzro\u010dijo razli\u010dni dejavniki, kot so obraba, odpoved tesnila ali nepravilna namestitev.<\/p>\n<h2>Predstavitev podjetja<\/h2>\n<p>Smo proizvajalec kakovostnih nadomestnih hidravli\u010dnih cilindrov in vodilni proizvajalec ter veleprodajni distributer hidravli\u010dnih cilindrov na doma\u010dem in tujem trgu. Sledimo strategiji odli\u010dne kakovosti, se zana\u0161amo na industrijsko upravljanje proizvodnje v finih proizvodnih delavnicah in nenehno izbolj\u0161ujemo proizvodno platformo izdelkov za delavnice v smislu tehni\u010dnih talentov, digitalne vrhunske proizvodne opreme in profesionalnih sistemov za testiranje. Z u\u010dinkovitimi, natan\u010dnimi in visokokakovostnimi na\u010deli izpolnjujemo raznolike potrebe strank.<\/p>\n<p><img decoding=\"async\" src=\"https:\/\/hzpt.com\/wp-content\/uploads\/2024\/11\/songte-company-1.webp\" alt=\"Cilinder \u017elice za srednji bager Komatsu PC228\" \/><\/p>\n<h3>Profesionalnost:<\/h3>\n<p>Imamo ekipo strokovnjakov, ki pri svojem delu sledijo najvi\u0161jim standardom in zagotavljajo, da na\u0161im strankam zagotavljamo visokokakovostne izdelke in storitve.<\/p>\n<h3>Mednarodno certificiranje:<\/h3>\n<p>Na\u0161e podjetje ima razli\u010dne mednarodne certifikate, kot sta ISO9001 in CE, kar zagotavlja, da na\u0161i izdelki ustrezajo svetovnim standardom kakovosti.<\/p>\n<h3>Storitve prilagajanja:<\/h3>\n<p>Ponujamo storitve prilagajanja, da zadostimo vsem specifi\u010dnim potrebam in zahtevam na\u0161ih strank.<\/p>\n<h3>Proizvodna oprema:<\/h3>\n<p>Na\u0161a proizvodna oprema vklju\u010duje napredne CNC obdelovalne centre, testno opremo in drugo visokotehnolo\u0161ko opremo, kar nam omogo\u010da izdelavo visokokakovostnih izdelkov.<\/p>\n<h3>Poprodajne storitve:<\/h3>\n<p>Nudimo odli\u010dne poprodajne storitve, da zagotovimo zadovoljstvo na\u0161ih strank z na\u0161imi izdelki in storitvami, vklju\u010dno z rednim vzdr\u017eevanjem, pregledi, popravilom in zamenjavo delov.<\/p>\n<p>Avtor: lyl<\/p>","protected":false},"excerpt":{"rendered":"<p>Bucket Cylinder For Komatsu Middle Excavator PC228 Introduction The Bucket Cylinder for Komatsu Middle Excavator PC228 is a specialized hydraulic cylinder designed to control the movement of the bucket in heavy machinery such as excavators, backhoes, and front-end loaders. Its primary function is to allow the bucket to lift, lower, and tilt, making it easier [&hellip;]<\/p>","protected":false},"featured_media":14787,"comment_status":"open","ping_status":"closed","template":"","meta":{"_et_pb_use_builder":"","_et_pb_old_content":"","_et_gb_content_width":""},"product_brand":[],"product_cat":[1494],"product_tag":[1495,1496],"class_list":{"0":"post-15134","1":"product","2":"type-product","3":"status-publish","4":"has-post-thumbnail","6":"product_cat-bucket-cylinders","7":"product_tag-bucket-cylinders","8":"product_tag-hydraulic-cylinders","10":"first","11":"instock","12":"shipping-taxable","13":"product-type-simple"},"amp_enabled":true,"_links":{"self":[{"href":"https:\/\/www.hydraulic-cylinders.net\/sl\/wp-json\/wp\/v2\/product\/15134","targetHints":{"allow":["GET"]}}],"collection":[{"href":"https:\/\/www.hydraulic-cylinders.net\/sl\/wp-json\/wp\/v2\/product"}],"about":[{"href":"https:\/\/www.hydraulic-cylinders.net\/sl\/wp-json\/wp\/v2\/types\/product"}],"replies":[{"embeddable":true,"href":"https:\/\/www.hydraulic-cylinders.net\/sl\/wp-json\/wp\/v2\/comments?post=15134"}],"wp:featuredmedia":[{"embeddable":true,"href":"https:\/\/www.hydraulic-cylinders.net\/sl\/wp-json\/wp\/v2\/media\/14787"}],"wp:attachment":[{"href":"https:\/\/www.hydraulic-cylinders.net\/sl\/wp-json\/wp\/v2\/media?parent=15134"}],"wp:term":[{"taxonomy":"product_brand","embeddable":true,"href":"https:\/\/www.hydraulic-cylinders.net\/sl\/wp-json\/wp\/v2\/product_brand?post=15134"},{"taxonomy":"product_cat","embeddable":true,"href":"https:\/\/www.hydraulic-cylinders.net\/sl\/wp-json\/wp\/v2\/product_cat?post=15134"},{"taxonomy":"product_tag","embeddable":true,"href":"https:\/\/www.hydraulic-cylinders.net\/sl\/wp-json\/wp\/v2\/product_tag?post=15134"}],"curies":[{"name":"delovni list","href":"https:\/\/api.w.org\/{rel}","templated":true}]}}