{"id":1514,"date":"2023-09-27T09:17:18","date_gmt":"2023-09-27T09:17:18","guid":{"rendered":"https:\/\/hydraulic-cylinders.net\/?post_type=product&#038;p=1514"},"modified":"2025-04-11T01:49:35","modified_gmt":"2025-04-11T01:49:35","slug":"aerial-work-platform-electric-cylinder","status":"publish","type":"product","link":"https:\/\/www.hydraulic-cylinders.net\/sl\/izdelek\/aerial-work-platform-electric-cylinder\/","title":{"rendered":"Elektri\u010dni cilinder za delovno plo\u0161\u010dad"},"content":{"rendered":"<h1 style=\"text-align: center;\"><strong>Elektri\u010dni cilinder za delovno plo\u0161\u010dad<\/strong><\/h1>\n<p><img loading=\"lazy\" decoding=\"async\" class=\"wp-image-1515 aligncenter\" src=\"https:\/\/hydraulic-cylinders.net\/wp-content\/uploads\/2023\/09\/electric-cylinder-1-300x300.webp\" alt=\"\" width=\"400\" height=\"400\" \/><\/p>\n<p>Elektri\u010dni cilinder za delovno plo\u0161\u010dad na visjih delovnih mestih je najsodobnej\u0161a hidravli\u010dna komponenta, zasnovana za pove\u010danje u\u010dinkovitosti in varnosti v dvignjenih delovnih okoljih. Ta inovativni cilinder je klju\u010dnega pomena pri delovnih plo\u0161\u010dadih na visjih delovnih mestih, saj zagotavlja natan\u010dno in nadzorovano navpi\u010dno gibanje delavcev, orodja in opreme.<\/p>\n<p>Z vse stro\u017ejimi zakoni in predpisi o varstvu okolja se okoljska ozave\u0161\u010denost ljudi postopoma pove\u010duje, zahteve po gradbenih strojih pa nara\u0161\u010dajo. Z nizkim hrupom in drugimi prednostmi elektri\u010dni cilindri brez pu\u0161\u010danja, visoko u\u010dinkovitostjo in nizkim onesna\u017eevanjem le zadovoljujejo to potrebo. Vse vrste gradbenih strojev ali manipulatorjev z elektri\u010dnimi cilindri kot mehanskimi nosilci so postopoma postale priljubljene v mnogih podjetjih.<\/p>\n<p>Kot vrsta elektri\u010dnega aktuatorja ima elektri\u010dni valj zna\u010dilnosti nizkih stro\u0161kov, kompaktne strukture, enostavne namestitve, visoke natan\u010dnosti krmiljenja in prilagodljivega delovanja. Kot mehanski nosilec gibanja elektri\u010dni valj poganja krogli\u010dno vreteno z vrtenjem servo motorja, tako da se kotni premik pretvori v linearni premik, kar dose\u017ee natan\u010den nadzor hitrosti, nadzor polo\u017eaja in nadzor potiska.<\/p>\n<p>Elektri\u010dni valj ima prednosti visoke u\u010dinkovitosti, velike nosilnosti, hitre hitrosti, natan\u010dnega in nadzorovanega gibanja itd. \u0160iroko se uporablja v vesoljskih testih, simulaciji z ve\u010d stopnjami svobode, dinami\u010dni zabavi z ve\u010d stopnjami svobode, natan\u010dni obdelavi z ve\u010d stopnjami svobode, robotiki, avtomobilski proizvodnji in drugih podro\u010djih opreme, litju jeklenih povezav, petrokemiji, ravnanju z materiali, strojih za brizganje, krmiljenju kalupov, krmiljenju ventilov, preciznih strojih, farmacevtskih strojih, predelavi hrane in drugih podro\u010djih.<\/p>\n<p>Klju\u010dne zna\u010dilnosti elektri\u010dnega cilindra za dviganje delovne plo\u0161\u010dadi:<\/p>\n<ol>\n<li>Gladko in natan\u010dno navpi\u010dno gibanje:<\/li>\n<\/ol>\n<ul>\n<li>Elektri\u010dni cilinder delovne plo\u0161\u010dadi omogo\u010da gladko in natan\u010dno navpi\u010dno gibanje, kar zagotavlja natan\u010dno pozicioniranje na \u017eelenih vi\u0161inah.<\/li>\n<li>Omogo\u010da operaterjem enostavno prilagajanje vi\u0161ine plo\u0161\u010dadi, kar olaj\u0161a u\u010dinkovito izvajanje dela in pove\u010da produktivnost.<\/li>\n<\/ul>\n<ol start=\"2\">\n<li>Zmogljivost elektri\u010dnega pogona:<\/li>\n<\/ol>\n<ul>\n<li>Ta jeklenka deluje na elektri\u010dno energijo, kar odpravlja potrebo po ro\u010dnem \u010drpanju ali zunanjih virih energije.<\/li>\n<li>Ponuja tiho in u\u010dinkovito delovanje, zaradi \u010desar je primeren za uporabo v zaprtih prostorih, kjer je treba zmanj\u0161ati hrup in emisije.<\/li>\n<\/ul>\n<ol start=\"3\">\n<li>Visoka nosilnost:<\/li>\n<\/ol>\n<ul>\n<li>Elektri\u010dni cilinder za dvi\u017eno delovno plo\u0161\u010dad se pona\u0161a z visoko nosilnostjo, kar omogo\u010da enostavno podporo delavcem, orodju in te\u017eki opremi.<\/li>\n<li>Zasnovan je tako, da prenese zahtevna delovna okolja in prenese znatne obremenitve, ne da bi pri tem ogrozil varnost ali zmogljivost.<\/li>\n<\/ul>\n<ol start=\"4\">\n<li>Varnostne funkcije:<\/li>\n<\/ol>\n<ul>\n<li>Ta valj ima napredne varnostne funkcije, kot so kon\u010dna stikala, gumbi za zaustavitev v sili in za\u0161\u010dita pred preobremenitvijo.<\/li>\n<li>Ti varnostni mehanizmi zagotavljajo varnost upravljavca, saj prepre\u010dujejo prekomerno premikanje plo\u0161\u010dadi, preobremenitev ali nenamerno delovanje.<\/li>\n<\/ul>\n<h2><strong>Parameter elektri\u010dnega cilindra za zra\u010dno delovno plo\u0161\u010dad:<\/strong><\/h2>\n<table border=\"1\" cellspacing=\"0\" cellpadding=\"0\">\n<tbody>\n<tr>\n<td>Ime izdelka<\/td>\n<td>Elektri\u010dni cilinder za delovno plo\u0161\u010dad<\/td>\n<\/tr>\n<tr>\n<td>Zna\u010dilnosti:<\/td>\n<td>Uresni\u010dite teleskopsko funkcijo<\/td>\n<\/tr>\n<tr>\n<td>Potisna sila:<\/td>\n<td>1\u20131000 kN<\/td>\n<\/tr>\n<tr>\n<td>Napetost:<\/td>\n<td>24V, 48V, 220V, 380V\u2026<\/td>\n<\/tr>\n<tr>\n<td>Zna\u010dilnosti elektri\u010dnega cilindra:<\/td>\n<td>Visoka u\u010dinkovitost, hitra hitrost,<br \/>\nTe\u017eka obremenitev, visoka natan\u010dnost<\/td>\n<\/tr>\n<tr>\n<td>Uporaba elektri\u010dnih cilindrov:<\/td>\n<td>\u0160karjasta dvi\u017ena delovna plo\u0161\u010dad, dvi\u017ena delovna plo\u0161\u010dad Mast,<br \/>\nGasilsko vozilo, avtomatska proizvodna linija itd.<\/td>\n<\/tr>\n<\/tbody>\n<\/table>\n<h2><strong>Diagram identifikacije delovne plo\u0161\u010dadi v zraku:<\/strong><\/h2>\n<p><img loading=\"lazy\" decoding=\"async\" class=\"alignnone wp-image-1517 size-full\" src=\"https:\/\/hydraulic-cylinders.net\/wp-content\/uploads\/2023\/09\/aerial-work-platform-cylinder-construct.webp\" alt=\"\" width=\"600\" height=\"400\" srcset=\"https:\/\/hydraulic-cylinders.net\/wp-content\/uploads\/2023\/09\/aerial-work-platform-cylinder-construct.webp 600w, https:\/\/hydraulic-cylinders.net\/wp-content\/uploads\/2023\/09\/aerial-work-platform-cylinder-construct-480x320.webp 480w\" sizes=\"(min-width: 0px) and (max-width: 480px) 480px, (min-width: 481px) 600px, 100vw\" \/><img loading=\"lazy\" decoding=\"async\" class=\"alignnone wp-image-1518\" src=\"https:\/\/hydraulic-cylinders.net\/wp-content\/uploads\/2023\/09\/electric-cylinder-3.webp\" alt=\"\" width=\"600\" height=\"277\" srcset=\"https:\/\/hydraulic-cylinders.net\/wp-content\/uploads\/2023\/09\/electric-cylinder-3.webp 600w, https:\/\/hydraulic-cylinders.net\/wp-content\/uploads\/2023\/09\/electric-cylinder-3-480x222.webp 480w\" sizes=\"(min-width: 0px) and (max-width: 480px) 480px, (min-width: 481px) 600px, 100vw\" \/><\/p>\n<h2><strong>Na\u010din uporabe elektri\u010dnega cilindra delovne plo\u0161\u010dadi za zra\u010dne delovne povr\u0161ine:<\/strong><\/h2>\n<ol>\n<li><strong>Namestitev platforme:<\/strong><\/li>\n<\/ol>\n<ul>\n<li>Za pravilno namestitev elektri\u010dnega cilindra dvi\u017ene delovne plo\u0161\u010dadi upo\u0161tevajte navodila proizvajalca.<\/li>\n<li>Prepri\u010dajte se, da je jeklenka varno pritrjena na okvir dvi\u017ene delovne plo\u0161\u010dadi, kar zagotavlja stabilno in zanesljivo povezavo.<\/li>\n<\/ul>\n<ol start=\"2\">\n<li><strong>Elektri\u010dna povezava:<\/strong><\/li>\n<\/ol>\n<ul>\n<li>Jeklenko priklju\u010dite na elektri\u010dno napajanje v skladu s prilo\u017eenimi navodili.<\/li>\n<li>Za prepre\u010ditev elektri\u010dnih nevarnosti se prepri\u010dajte, da so vse elektri\u010dne povezave varne in pravilno izolirane.<\/li>\n<\/ul>\n<ol start=\"3\">\n<li><strong>Nastavitev vi\u0161ine platforme:<\/strong><\/li>\n<\/ol>\n<ul>\n<li>Za nastavitev vi\u0161ine plo\u0161\u010dadi uporabite nadzorno plo\u0161\u010do ali vmesnik.<\/li>\n<li>Za nemoteno in nadzorovano navpi\u010dno gibanje upo\u0161tevajte priporo\u010dene operativne postopke in varnostne smernice.<\/li>\n<\/ul>\n<ol start=\"4\">\n<li><strong>Varnostni vidiki:<\/strong><\/li>\n<\/ol>\n<ul>\n<li>Preden za\u010dnete uporabljati dvi\u017eno delovno plo\u0161\u010dad, se seznanite z varnostnimi funkcijami in postopki v sili.<\/li>\n<li>Zagotovite, da so vsi upravljavci ustrezno usposobljeni za varno upravljanje plo\u0161\u010dadi in elektri\u010dnega cilindra dvi\u017ene delovne plo\u0161\u010dadi.<\/li>\n<\/ul>\n<h2><strong>Uporaba elektri\u010dnega cilindra:<\/strong><\/h2>\n<p><img loading=\"lazy\" decoding=\"async\" id=\"thepasted-1\" class=\"alignnone wp-image-1519 size-full\" src=\"https:\/\/hydraulic-cylinders.net\/wp-content\/uploads\/2023\/09\/electric-cylinder-4.webp\" alt=\"\" width=\"968\" height=\"831\" srcset=\"https:\/\/hydraulic-cylinders.net\/wp-content\/uploads\/2023\/09\/electric-cylinder-4.webp 968w, https:\/\/hydraulic-cylinders.net\/wp-content\/uploads\/2023\/09\/electric-cylinder-4-480x412.webp 480w\" sizes=\"(min-width: 0px) and (max-width: 480px) 480px, (min-width: 481px) 968px, 100vw\" \/><\/p>\n<h2><strong>Kako deluje hidravli\u010dni sistem?<\/strong><\/h2>\n<p>Hidravli\u010dni sistem je mehanski sistem za prenos mo\u010di, ki za ustvarjanje in prenos mo\u010di uporablja silo teko\u010dine. Deluje na podlagi Pascalovega zakona, ki pravi, da se pri delovanju na omejeno teko\u010dino tlak enakomerno prena\u0161a v vse smeri.<\/p>\n<p>Tukaj je poenostavljena razlaga delovanja hidravli\u010dnega sistema:<\/p>\n<ol>\n<li><strong>Komponente hidravli\u010dnega sistema:<\/strong>\n<ul>\n<li>Hidravli\u010dna teko\u010dina: Obi\u010dajno je na osnovi olja in je medij za prenos mo\u010di.<\/li>\n<li>Hidravli\u010dna \u010drpalka: ustvarja pretok teko\u010dine in tlak v sistemu.<\/li>\n<li>Hidravli\u010dni cilinder: Pretvarja tlak teko\u010dine v linearno gibanje ali silo.<\/li>\n<li>Krmilni ventili: Regulirajo pretok in smer hidravli\u010dne teko\u010dine.<\/li>\n<li>Hidravli\u010dni motor: Pretvarja tlak teko\u010dine v rotacijsko gibanje.<\/li>\n<\/ul>\n<\/li>\n<li><strong>\u010crpalna teko\u010dina:<\/strong>\n<ul>\n<li>Hidravli\u010dna \u010drpalka \u010drpa hidravli\u010dno teko\u010dino iz rezervoarja in jo pod tlakom dovaja v preostali del sistema.<\/li>\n<li>Med delovanjem \u010drpalke se ustvari vakuum, ki vsesava teko\u010dino v dovodno odprtino.<\/li>\n<\/ul>\n<\/li>\n<li><strong>Porazdelitev teko\u010dine:<\/strong>\n<ul>\n<li>Tla\u010dna teko\u010dina te\u010de skozi hidravli\u010dne cevi ali cevi in \u200b\u200bdose\u017ee razli\u010dne komponente sistema.<\/li>\n<li>Te cevi so zasnovane tako, da prenesejo visok tlak in prena\u0161ajo teko\u010dino brez pu\u0161\u010danja.<\/li>\n<\/ul>\n<\/li>\n<li><strong>Regulacijski ventili:<\/strong>\n<ul>\n<li>Krmilni ventili dolo\u010dajo smer pretoka, hitrost in tlak hidravli\u010dne teko\u010dine.<\/li>\n<li>Upravljajo se ro\u010dno ali elektronsko in so odgovorni za aktiviranje ali deaktiviranje dolo\u010denih hidravli\u010dnih komponent.<\/li>\n<\/ul>\n<\/li>\n<li><strong>Hidravli\u010dni cilinder:<\/strong>\n<ul>\n<li>Hidravli\u010dni cilinder je sestavljen iz valjaste cevi, bata in palice.<\/li>\n<li>Ko teko\u010dina pod tlakom vstopi na eno stran valja, potisne bat, ki premakne palico.<\/li>\n<li>To linearno gibanje lahko dviguje, potiska ali premika zunanje obremenitve.<\/li>\n<\/ul>\n<\/li>\n<li><strong>Hidravli\u010dni motor:<\/strong>\n<ul>\n<li>Hidravli\u010dni motor pretvarja tlak teko\u010dine v rotacijsko gibanje.<\/li>\n<li>Sestavljen je iz rotorja in statorja, tla\u010dna teko\u010dina pa povzro\u010da vrtenje rotorja.<\/li>\n<li>Vrtilni u\u010dinek se lahko uporablja za pogon strojev ali opravljanje dela.<\/li>\n<\/ul>\n<\/li>\n<li><strong>Vra\u010danje in filtracija:<\/strong>\n<ul>\n<li>Po opravljeni funkciji se hidravli\u010dna teko\u010dina vrne v rezervoar za ponovno uporabo.<\/li>\n<li>Filtracijski sistemi zagotavljajo, da je teko\u010dina \u010dista in brez ne\u010disto\u010d, kar prepre\u010duje po\u0161kodbe hidravli\u010dnih komponent.<\/li>\n<\/ul>\n<\/li>\n<li><strong>Nadzor in varnost:<\/strong>\n<ul>\n<li>Hidravli\u010dni sistemi vklju\u010dujejo razli\u010dne krmilne mehanizme, kot so varnostni ventili, ki prepre\u010dujejo prekomerno kopi\u010denje tlaka in zagotavljajo varnost sistema.<\/li>\n<li>Senzorji in naprave za povratno zanko lahko spremljajo in regulirajo sistemske parametre, kot so tlak, temperatura in pretok.<\/li>\n<\/ul>\n<\/li>\n<\/ol>\n<h2><strong>Zmogljivost in zmogljivost tovarne:<\/strong><\/h2>\n<h3>(1) Sestavljanje<\/h3>\n<p>Imamo prvovrstno neodvisno platformo za raziskave in razvoj. Delavnica za proizvodnjo hidravli\u010dnih cilindrov ima \u0161tiri polavtomatske monta\u017ene linije za dvi\u017ene cilindre in eno avtomatsko monta\u017eno linijo za nagibne cilindre z letno proizvodno zmogljivostjo 1 milijona kosov. Delavnica za posebne cilindre je opremljena z razli\u010dnimi specifikacijami polavtomatskega sistema za \u010di\u0161\u010denje in monta\u017eo z letno proizvodno zmogljivostjo 200.000 kosov ter znano CNC obdelovalno opremo, obdelovalnim centrom, visoko precizno posebno opremo za obdelavo cilindrov, robotskim varilnim strojem, avtomatskim \u010distilnim strojem, avtomatskim strojem za monta\u017eo cilindrov in avtomatsko proizvodno linijo za barvanje. Obstoje\u010da kriti\u010dna oprema obsega ve\u010d kot 300 kompletov (kompletov). Optimalna razporeditev in u\u010dinkovita uporaba opremnih virov zagotavljata zahteve glede natan\u010dnosti izdelkov in izpolnjujeta visoke zahteve glede kakovosti izdelkov.<\/p>\n<p><img loading=\"lazy\" decoding=\"async\" class=\"alignnone wp-image-626\" src=\"https:\/\/hydraulic-cylinders.net\/wp-content\/uploads\/2023\/08\/hydraulic-cylinder-product-1-300x158.webp\" alt=\"\" width=\"495\" height=\"260\" srcset=\"https:\/\/hydraulic-cylinders.net\/wp-content\/uploads\/2023\/08\/hydraulic-cylinder-product-1-300x158.webp 495w, https:\/\/hydraulic-cylinders.net\/wp-content\/uploads\/2023\/08\/hydraulic-cylinder-product-1-480x252.webp 480w\" sizes=\"(min-width: 0px) and (max-width: 480px) 480px, (min-width: 481px) 495px, 100vw\" \/> <img loading=\"lazy\" decoding=\"async\" class=\"alignnone wp-image-627\" src=\"https:\/\/hydraulic-cylinders.net\/wp-content\/uploads\/2023\/08\/hydraulic-cylinder-product-2-300x189.webp\" alt=\"\" width=\"413\" height=\"260\" \/><\/p>\n<h3>(2) Strojna obdelava<\/h3>\n<p>Strojna delavnica je opremljena s prilagojenim centrom za stru\u017eenje nagnjenih tirnic, obdelovalnim centrom, visokohitrostnim strojem za honanje, varilnim robotom in drugo sorodno opremo, ki lahko obdeluje cilindri\u010dne cevi z najve\u010djim notranjim premerom 400 mm in najve\u010djo dol\u017eino 6 metrov.<\/p>\n<p><img loading=\"lazy\" decoding=\"async\" class=\"alignnone wp-image-628 size-large\" src=\"https:\/\/hydraulic-cylinders.net\/wp-content\/uploads\/2023\/08\/hydraulic-cylinder-product-3-1024x391.webp\" alt=\"\" width=\"1024\" height=\"391\" srcset=\"https:\/\/hydraulic-cylinders.net\/wp-content\/uploads\/2023\/08\/hydraulic-cylinder-product-3-980x374.webp 980w, https:\/\/hydraulic-cylinders.net\/wp-content\/uploads\/2023\/08\/hydraulic-cylinder-product-3-480x183.webp 480w\" sizes=\"(min-width: 0px) and (max-width: 480px) 480px, (min-width: 481px) and (max-width: 980px) 980px, (min-width: 981px) 1024px, 100vw\" \/><\/p>\n<h3>(3) Varjenje<\/h3>\n<p><img loading=\"lazy\" decoding=\"async\" class=\"alignnone wp-image-629 size-large\" src=\"https:\/\/hydraulic-cylinders.net\/wp-content\/uploads\/2023\/08\/hydraulic-cylinder-product-4-1024x510.webp\" alt=\"\" width=\"1024\" height=\"510\" srcset=\"https:\/\/hydraulic-cylinders.net\/wp-content\/uploads\/2023\/08\/hydraulic-cylinder-product-4-980x488.webp 980w, https:\/\/hydraulic-cylinders.net\/wp-content\/uploads\/2023\/08\/hydraulic-cylinder-product-4-480x239.webp 480w\" sizes=\"(min-width: 0px) and (max-width: 480px) 480px, (min-width: 481px) and (max-width: 980px) 980px, (min-width: 981px) 1024px, 100vw\" \/><\/p>\n<h3>(4) Barvanje in premazovanje<\/h3>\n<p>Z majhnimi in srednje velikimi cilindri\u010dnimi avtomatskimi linijami za barvanje na vodni osnovi, za doseganje avtomatskega nakladanja in razkladanja robotov ter avtomatskega brizganja, je projektna zmogljivost 4000 kosov na izmeno;<br \/>\nImamo tudi polavtomatsko linijo za proizvodnjo barv za velike jeklenke, ki jo poganja veriga, s projektno zmogljivostjo 60 zabojev na izmeno.<\/p>\n<p><img loading=\"lazy\" decoding=\"async\" class=\"alignnone wp-image-630\" src=\"https:\/\/hydraulic-cylinders.net\/wp-content\/uploads\/2023\/08\/hydraulic-cylinder-product-5-300x213.webp\" alt=\"\" width=\"366\" height=\"260\" \/> <img loading=\"lazy\" decoding=\"async\" class=\"alignnone wp-image-631\" src=\"https:\/\/hydraulic-cylinders.net\/wp-content\/uploads\/2023\/08\/hydraulic-cylinder-product-6-300x225.webp\" alt=\"\" width=\"347\" height=\"260\" \/><\/p>\n<h3>(5) Testiranje<\/h3>\n<p>Imamo prvovrstne in\u0161pekcijske prostore in testne postaje, s katerimi zagotavljamo, da delovanje jeklenke izpolnjuje zahteve.<\/p>\n<p><img loading=\"lazy\" decoding=\"async\" class=\"alignnone wp-image-632\" src=\"https:\/\/hydraulic-cylinders.net\/wp-content\/uploads\/2023\/08\/hydraulic-cylinder-product-8-300x200.webp\" alt=\"\" width=\"389\" height=\"260\" \/><\/p>\n<p>&nbsp;<\/p>\n<p>&nbsp;<\/p>\n<p>Smo eden najbolj\u0161ih proizvajalcev hidravli\u010dnih cilindrov. Ponujamo vam celovite hidravli\u010dne cilindre. Zagotavljamo tudi ustrezne <a href=\"https:\/\/hzpt.com\/agricultural-pto-gearbox\/\" target=\"_blank\" rel=\"noopener\">kmetijski menjalniki<\/a>Na\u0161e izdelke smo izvozili strankam po vsem svetu in si prislu\u017eili dober ugled zaradi vrhunske kakovosti izdelkov in poprodajnih storitev. Z veseljem vas vabimo, da nas kontaktirate za poslovne dogovore, izmenjavo informacij in ... <a href=\"https:\/\/www.hydraulic-cylinders.net\/sl\/contact-us\/\">sodelujte z nami<\/a>!<\/p>","protected":false},"excerpt":{"rendered":"<p>Aerial Work Platform Electric Cylinder The aerial work platform electric cylinder is a cutting-edge hydraulic component designed to enhance efficiency and safety in elevated work environments. This innovative cylinder is critical in aerial work platforms, providing precise and controlled vertical movement for workers, tools, and equipment. With the increasingly strict environmental protection laws and regulations, [&hellip;]<\/p>","protected":false},"featured_media":1516,"comment_status":"open","ping_status":"closed","template":"","meta":{"_et_pb_use_builder":"","_et_pb_old_content":"","_et_gb_content_width":""},"product_brand":[],"product_cat":[1500,1549,1376],"product_tag":[1380],"class_list":{"0":"post-1514","1":"product","2":"type-product","3":"status-publish","4":"has-post-thumbnail","6":"product_cat-aerial-work-vehicle-hydraulic-cylinder","7":"product_cat-single-acting-hydraulic-cylinder","8":"product_cat-hydraulic-cylinder","9":"product_tag-hydraulic-cylinder","11":"first","12":"instock","13":"shipping-taxable","14":"product-type-simple"},"amp_enabled":true,"_links":{"self":[{"href":"https:\/\/www.hydraulic-cylinders.net\/sl\/wp-json\/wp\/v2\/product\/1514","targetHints":{"allow":["GET"]}}],"collection":[{"href":"https:\/\/www.hydraulic-cylinders.net\/sl\/wp-json\/wp\/v2\/product"}],"about":[{"href":"https:\/\/www.hydraulic-cylinders.net\/sl\/wp-json\/wp\/v2\/types\/product"}],"replies":[{"embeddable":true,"href":"https:\/\/www.hydraulic-cylinders.net\/sl\/wp-json\/wp\/v2\/comments?post=1514"}],"wp:featuredmedia":[{"embeddable":true,"href":"https:\/\/www.hydraulic-cylinders.net\/sl\/wp-json\/wp\/v2\/media\/1516"}],"wp:attachment":[{"href":"https:\/\/www.hydraulic-cylinders.net\/sl\/wp-json\/wp\/v2\/media?parent=1514"}],"wp:term":[{"taxonomy":"product_brand","embeddable":true,"href":"https:\/\/www.hydraulic-cylinders.net\/sl\/wp-json\/wp\/v2\/product_brand?post=1514"},{"taxonomy":"product_cat","embeddable":true,"href":"https:\/\/www.hydraulic-cylinders.net\/sl\/wp-json\/wp\/v2\/product_cat?post=1514"},{"taxonomy":"product_tag","embeddable":true,"href":"https:\/\/www.hydraulic-cylinders.net\/sl\/wp-json\/wp\/v2\/product_tag?post=1514"}],"curies":[{"name":"delovni list","href":"https:\/\/api.w.org\/{rel}","templated":true}]}}