{"id":15147,"date":"2025-01-19T14:09:54","date_gmt":"2025-01-19T14:09:54","guid":{"rendered":"https:\/\/www.hydraulic-cylinders.net\/product\/bucket-cylinder-for-komatsu-large-excavator-pc360-8mo\/"},"modified":"2025-01-19T14:09:56","modified_gmt":"2025-01-19T14:09:56","slug":"bucket-cylinder-for-komatsu-large-excavator-pc360-8mo","status":"publish","type":"product","link":"https:\/\/www.hydraulic-cylinders.net\/sl\/izdelek\/bucket-cylinder-for-komatsu-large-excavator-pc360-8mo\/","title":{"rendered":"Cilinder \u017elice za velik bager Komatsu PC360-8MO"},"content":{"rendered":"<h1>Cilinder \u017elice za velik bager Komatsu PC360-8MO<\/h1>\n<h2>Uvod<\/h2>\n<h3>Definiranje cilindra vedra<\/h3>\n<p>Hidravli\u010dni valj \u017elice je posebej zasnovan hidravli\u010dni valj, ki se uporablja za krmiljenje gibanja \u017elice v te\u017ekih strojih, kot so bagri, bagri z nakladalnimi ko\u0161arami in \u010delni nakladalniki. Njegova glavna funkcija je omogo\u010danje dvigovanja, spu\u0161\u010danja in nagibanja \u017elice, kar olaj\u0161a opravljanje razli\u010dnih nalog ravnanja z materiali. V hidravli\u010dnem sistemu valj \u017elice dose\u017ee natan\u010den nadzor nad \u017elico s spremembami tlaka hidravli\u010dnega olja, kar omogo\u010da upravljavcem u\u010dinkovito ravnanje s te\u017ekimi bremeni, prilagajanje kompleksnim delovnim okoljem in raznolikim operativnim zahtevam.<\/p>\n<p><img decoding=\"async\" src=\"https:\/\/www.hydraulic-cylinders.net\/wp-content\/uploads\/2025\/01\/songte-company-2.webp\" alt=\"Slika valjaste \u017elice\"><\/p>\n<h3>Zna\u010dilnosti cilindra vedra<\/h3>\n<ul>\n<li>Visoka trdnost in vzdr\u017eljivost: Obi\u010dajno je izdelan iz visoko trdnega jekla ali aluminija, lahko prenese visok tlak in velike obremenitve, se prilagodi zahtevnim delovnim okoljem in pri zasnovi upo\u0161teva odpornost proti obrabi in koroziji za podalj\u0161anje \u017eivljenjske dobe.<\/li>\n<li>U\u010dinkovito hidravli\u010dno delovanje: Gladko raztezanje in kr\u010denje se dose\u017ee z uporabo hidravli\u010dnega tlaka olja, kar zagotavlja mo\u010dno potisno in vle\u010dno silo ter je primerno za ravnanje s te\u017ekimi bremeni in kompleksnimi operativnimi nalogami.<\/li>\n<li>Razli\u010dne vrste: Enojno delujo\u010di (hidravlika se uporablja samo v eni smeri) ali dvostransko delujo\u010di (hidravlika se uporablja v obeh smereh) cilindri se lahko izberejo glede na potrebe za izpolnjevanje razli\u010dnih obratovalnih zahtev. Nekateri modeli so teleskopski, kar omogo\u010da ve\u010dji razteg brez pove\u010danja zunanjih dimenzij, primerni za uporabo z omejenim prostorom.<\/li>\n<li>Zamenljivo z razli\u010dnimi modeli: Na\u0161i izdelki lahko popolnoma nadomestijo te hidravli\u010dne cilindre.<\/li>\n<\/ul>\n<p><img decoding=\"async\" src=\"https:\/\/www.hydraulic-cylinders.net\/wp-content\/uploads\/2025\/01\/songte-cylinder-head-with-all-kinds-excavator-models.webp\" alt=\"Slika zamenjave cilindra vedra\"><\/p>\n<h3>Uporaba valja z \u017elico<\/h3>\n<p>Valji z \u017elico se pogosto uporabljajo v razli\u010dnih vrstah strojev, kot so:<\/p>\n<ul>\n<li>Gradbena oprema: Pri bagrih so klju\u010dni za kopanje, nakladanje in premikanje zemlje ali ru\u0161evin. Pri bagrih nakladalnikih pomagajo tako pri kopanju kot dvigovanju.<\/li>\n<li>Kmetijski stroji: Uporabljajo se za \u010delne nakladalnike, pobiranje, dvigovanje in prevoz zemlje, sena in drugih materialov.<\/li>\n<li>Bagri: Cilinder \u017elice omogo\u010da izkopavanje, saj \u017elici omogo\u010da prodiranje v zemljo.<\/li>\n<li>Nakladalniki: Pri \u010delnih nakladalnikih pomagajo pri u\u010dinkovitem dvigovanju in nagibanju tovora.<\/li>\n<\/ul>\n<h3>Konstrukcijski vidiki za valj vedra<\/h3>\n<p>Pri na\u010drtovanju cilindra z \u017elico so bistveni naslednji dejavniki:<\/p>\n<h4>Nosilnost<\/h4>\n<p>Pri zasnovi cilindra je treba upo\u0161tevati koli\u010dino obremenitve, ki jo lahko valj prenese brez deformacije ali okvare.<\/p>\n<h4>Tesnjenje<\/h4>\n<p>Ustrezno tesnjenje je bistvenega pomena za prepre\u010devanje pu\u0161\u010danja hidravli\u010dnega olja in za zagotovitev u\u010dinkovitega delovanja valja.<\/p>\n<h4>Vzdr\u017eljivost<\/h4>\n<p>Material cilindra mora biti odporen na zahtevne delovne pogoje ter biti odporen proti obrabi in koroziji.<\/p>\n<h4>Varnost<\/h4>\n<p>Valji z \u017elico morajo biti zasnovani z mislijo na varnost, pri \u010demer je treba upo\u0161tevati vse morebitne nevarnosti in zagotoviti, da valj med delovanjem ne odpove.<\/p>\n<h4>Vzdr\u017eevanje<\/h4>\n<p>Jeklenka mora biti zasnovana tako, da omogo\u010da enostavno popravilo in vzdr\u017eevanje, da se zagotovi optimalno delovanje in dolga \u017eivljenjsko dobo.<\/p>\n<p><img decoding=\"async\" src=\"https:\/\/www.hydraulic-cylinders.net\/wp-content\/uploads\/2025\/01\/songte-oil-pipes-and-spare-parts.webp\" alt=\"Slika zasnove valja vedra\"><\/p>\n<h3>Tesnjenje in mazanje cilindra \u017elice<\/h3>\n<p>Za u\u010dinkovito tesnjenje cilindra \u017elice so potrebni razli\u010dni tesnilni elementi, kot so tesnila bata in ojnice, izdelani iz materialov, odpornih proti obrabi, kot sta poliuretan in nitrilna guma. Telo cilindra in navojna kon\u010dna povr\u0161ina sta fino obdelana za izbolj\u0161anje odpornosti proti obrabi. Redno mazanje s hidravli\u010dnim oljem je potrebno za zagotovitev optimalne zmogljivosti in dolge \u017eivljenjske dobe.<\/p>\n<h3>Preventivno vzdr\u017eevanje in odpravljanje te\u017eav z cilindrom vedra<\/h3>\n<ul>\n<li>Redni pregledi: Redno pregledujte jeklenko, da odkrijete in odpravite morebitne te\u017eave, preden postanejo resne.<\/li>\n<li>Pravilno mazanje: Ustrezno mazanje je bistvenega pomena za u\u010dinkovito delovanje valja in zmanj\u0161anje obrabe.<\/li>\n<li>Zamenjava tesnila: Obrabljena tesnila lahko povzro\u010dijo pu\u0161\u010danje in zmanj\u0161ajo u\u010dinkovitost valja; njihova zamenjava lahko pomaga ohranjati optimalno delovanje.<\/li>\n<\/ul>\n<p>Bistveno je, da pravilno namestite in natan\u010dno poravnate valj \u017elice. Priporo\u010dljiva je uporaba ustreznih monta\u017enih nosilcev za pritrditev valja. Redni pregledi, popravila in zamenjave so bistveni za podalj\u0161anje \u017eivljenjske dobe valja \u017elice.<\/p>\n<p><img decoding=\"async\" src=\"https:\/\/www.hydraulic-cylinders.net\/wp-content\/uploads\/2025\/01\/songte-chushion-collar.webp\" alt=\"Slika vzdr\u017eevanja cilindra vedra\"><\/p>\n<h3>Varnostni vidiki in okoljski dejavniki<\/h3>\n<p>Pri uporabi hidravli\u010dnih valjev z \u017elico je bistveno upo\u0161tevati varnostne ukrepe, da se zagotovi u\u010dinkovito delovanje valja in prepre\u010dijo izgube ali po\u0161kodbe. Za prepre\u010devanje onesna\u017eevanja okolja in zagotavljanje varnosti je treba upo\u0161tevati pravilno odstranjevanje rabljenih hidravli\u010dnih valjev.<\/p>\n<h3>Diagnostika in odpravljanje te\u017eav z cilindrom \u017elice<\/h3>\n<p>Najpogostej\u0161a te\u017eava z vedri\u010dnimi cilindri je po\u0161kodba tesnil, kar lahko povzro\u010di pu\u0161\u010danje in zmanj\u0161a u\u010dinkovitost cilindra. Redni pregledi, pravilen urnik vzdr\u017eevanja in pravo\u010dasna zamenjava po\u0161kodovanih delov lahko prepre\u010dijo to te\u017eavo.<\/p>\n<p><img decoding=\"async\" src=\"https:\/\/www.hydraulic-cylinders.net\/wp-content\/uploads\/2025\/01\/songte-bushings-with-all-kinds-of-excavator-models.webp\" alt=\"Slika odpravljanja te\u017eav z valjem \u017elice\"><\/p>\n<h2>O nas<\/h2>\n<p>Smo proizvajalec nadomestnih hidravli\u010dnih cilindrov s celotno paleto izdelkov in smo postali eden vodilnih proizvajalcev in veletrgovcev s hidravli\u010dnimi cilindri na doma\u010dem in mednarodnem trgu. Sledimo strategiji industrijskega upravljanja proizvodnje, ki temelji na odli\u010dni kakovosti, in se zana\u0161amo na uporabo tehni\u010dnih talentov, vrhunske digitalne proizvodne opreme in profesionalnih sistemov testiranja, da bi nenehno izbolj\u0161evali proizvodno linijo delavnice, izbolj\u0161ali kakovost izdelkov na proizvodni liniji in imeli mo\u010dno ustvarjalno sposobnost zadovoljevanja raznolikih potreb strank z na\u010deli visoke u\u010dinkovitosti, visoke natan\u010dnosti in visoke kakovosti.<\/p>\n<p><img decoding=\"async\" src=\"https:\/\/hzpt.com\/wp-content\/uploads\/2024\/11\/songte-company-1.webp\" alt=\"O nas Slika\"><\/p>\n<h3>Na\u0161e specialitete<\/h3>\n<ul>\n<li>Profesionalnost: Imamo ekipo strokovnjakov, ki dobro poznajo hidravli\u010dne cilindre in lahko ponudijo prilagojene re\u0161itve za razli\u010dne stranke.<\/li>\n<li>Mednarodni certifikati: Na\u0161i izdelki so mednarodno certificirani, kar zagotavlja, da izpolnjujejo industrijske standarde in predpise.<\/li>\n<li>Storitve prilagajanja: Ponujamo hidravli\u010dne cilindre po meri glede na potrebe strank, s \u010dimer zagotavljamo, da valj ustreza njihovim specifi\u010dnim zahtevam.<\/li>\n<li>Proizvodna oprema: Imamo napredno proizvodno opremo in tehnologijo za zagotavljanje kakovosti in u\u010dinkovitosti izdelkov.<\/li>\n<li>Poprodajne storitve: Nudimo celovite poprodajne storitve, vklju\u010dno z nadomestnimi deli in obnovo, da zagotovimo dolgo \u017eivljenjsko dobo na\u0161ih izdelkov.<\/li>\n<\/ul>\n<p><img decoding=\"async\" src=\"https:\/\/www.hydraulic-cylinders.net\/wp-content\/uploads\/2025\/01\/songte-company-3.webp\" alt=\"Podoba na\u0161ega podjetja\"><\/p>\n<p><em>Avtor: lyl<\/em><\/p>","protected":false},"excerpt":{"rendered":"<p>Bucket Cylinder for Komatsu Large Excavator PC360-8MO Introduction Defining Bucket Cylinder A bucket cylinder is a specially designed hydraulic cylinder used to control the movement of the bucket in heavy machinery such as excavators, backhoe excavators, and front-end loaders. Its main function is to enable the bucket to lift, lower, and tilt, making it easier [&hellip;]<\/p>","protected":false},"featured_media":14789,"comment_status":"open","ping_status":"closed","template":"","meta":{"_et_pb_use_builder":"","_et_pb_old_content":"","_et_gb_content_width":""},"product_brand":[],"product_cat":[1494],"product_tag":[1495,1496],"class_list":{"0":"post-15147","1":"product","2":"type-product","3":"status-publish","4":"has-post-thumbnail","6":"product_cat-bucket-cylinders","7":"product_tag-bucket-cylinders","8":"product_tag-hydraulic-cylinders","10":"first","11":"instock","12":"shipping-taxable","13":"product-type-simple"},"amp_enabled":true,"_links":{"self":[{"href":"https:\/\/www.hydraulic-cylinders.net\/sl\/wp-json\/wp\/v2\/product\/15147","targetHints":{"allow":["GET"]}}],"collection":[{"href":"https:\/\/www.hydraulic-cylinders.net\/sl\/wp-json\/wp\/v2\/product"}],"about":[{"href":"https:\/\/www.hydraulic-cylinders.net\/sl\/wp-json\/wp\/v2\/types\/product"}],"replies":[{"embeddable":true,"href":"https:\/\/www.hydraulic-cylinders.net\/sl\/wp-json\/wp\/v2\/comments?post=15147"}],"wp:featuredmedia":[{"embeddable":true,"href":"https:\/\/www.hydraulic-cylinders.net\/sl\/wp-json\/wp\/v2\/media\/14789"}],"wp:attachment":[{"href":"https:\/\/www.hydraulic-cylinders.net\/sl\/wp-json\/wp\/v2\/media?parent=15147"}],"wp:term":[{"taxonomy":"product_brand","embeddable":true,"href":"https:\/\/www.hydraulic-cylinders.net\/sl\/wp-json\/wp\/v2\/product_brand?post=15147"},{"taxonomy":"product_cat","embeddable":true,"href":"https:\/\/www.hydraulic-cylinders.net\/sl\/wp-json\/wp\/v2\/product_cat?post=15147"},{"taxonomy":"product_tag","embeddable":true,"href":"https:\/\/www.hydraulic-cylinders.net\/sl\/wp-json\/wp\/v2\/product_tag?post=15147"}],"curies":[{"name":"delovni list","href":"https:\/\/api.w.org\/{rel}","templated":true}]}}