{"id":15150,"date":"2025-01-19T14:10:08","date_gmt":"2025-01-19T14:10:08","guid":{"rendered":"https:\/\/www.hydraulic-cylinders.net\/product\/bucket-cylinder-for-komatsu-large-excavator-pc350-5-6-7\/"},"modified":"2025-01-19T14:10:10","modified_gmt":"2025-01-19T14:10:10","slug":"bucket-cylinder-for-komatsu-large-excavator-pc350-5-6-7","status":"publish","type":"product","link":"https:\/\/www.hydraulic-cylinders.net\/sl\/izdelek\/bucket-cylinder-for-komatsu-large-excavator-pc350-5-6-7\/","title":{"rendered":"Cilinder \u017elice za velik bager Komatsu PC350-5-6-7"},"content":{"rendered":"<h2>Cilinder \u017elice za velik bager Komatsu PC350-5-6-7<\/h2>\n<h3>Uvod<\/h3>\n<p>Hidravli\u010dni valj \u017elice je posebej zasnovan hidravli\u010dni valj, ki se uporablja za krmiljenje gibanja \u017elice v te\u017ekih strojih, kot so bagri, bagri z nakladalniki in \u010delni nakladalniki. Njegova glavna funkcija je omogo\u010danje dvigovanja, spu\u0161\u010danja in nagibanja \u017elice, kar olaj\u0161a razli\u010dna opravila ravnanja z materiali. V hidravli\u010dnem sistemu valj \u017elice dose\u017ee natan\u010den nadzor nad \u017elico s spreminjanjem tlaka hidravli\u010dnega olja, kar omogo\u010da upravljavcem u\u010dinkovito ravnanje s te\u017ekimi predmeti, prilagajanje kompleksnim delovnim okoljem in raznolikim operativnim zahtevam. <\/p>\n<p><img decoding=\"async\" src=\"https:\/\/www.hydraulic-cylinders.net\/wp-content\/uploads\/2025\/01\/songte-company-2.webp\" \/><\/p>\n<h3>Zna\u010dilnosti<\/h3>\n<ul>\n<li>Visoka trdnost in vzdr\u017eljivost: obi\u010dajno izdelani iz visoko trdnega jekla ali aluminija, sposobni prenesti visok tlak in velike obremenitve, se prilagajajo zahtevnim delovnim okoljem in so zasnovani z odpornostjo proti obrabi in koroziji za podalj\u0161anje \u017eivljenjske dobe.<\/li>\n<li>U\u010dinkovito hidravli\u010dno delovanje: izkori\u0161\u010da tlak hidravli\u010dnega olja za doseganje gladkih gibov iztegovanja in kr\u010denja, se lahko hitro odzove na ukaze za upravljanje, zagotavlja mo\u010dne potisne in vle\u010dne sile, primerno za ravnanje s te\u017ekimi predmeti in kompleksne operativne naloge.<\/li>\n<li>Glede na operativne potrebe je mogo\u010de izbrati razli\u010dne vrste cilindrov: enosmerno delujo\u010de (hidravlika se uporablja samo v eni smeri) ali dvosmerno delujo\u010de (hidravlika se uporablja v obeh smereh). Nekateri modeli so teleskopski, kar omogo\u010da ve\u010dji razteg brez pove\u010danja zunanje mere, primerni za uporabo z omejenim prostorom.<\/li>\n<li>Lahko nadomesti druge hidravli\u010dne cilindre: na\u0161i cilindri lahko popolnoma nadomestijo druge hidravli\u010dne cilindre in zagotavljajo stro\u0161kovno u\u010dinkovite re\u0161itve za vzdr\u017eevanje in popravila opreme.<\/li>\n<\/ul>\n<p><img decoding=\"async\" src=\"https:\/\/www.hydraulic-cylinders.net\/wp-content\/uploads\/2025\/01\/songte-cylinder-head-with-all-kinds-excavator-models.webp\" \/><\/p>\n<h3>Aplikacije<\/h3>\n<p>Valji \u017elic se uporabljajo v razli\u010dnih aplikacijah te\u017eke mehanizacije, vklju\u010dno z:<\/p>\n<ul>\n<li>Gradbena oprema: pri bagrih so klju\u010dni za izkopavanje, nakladanje in premikanje zemlje ali ru\u0161evin. Pri bagrih z nakladalno glavo cilindri \u017elice pomagajo tako pri izkopavanju kot pri dvigovanju. <\/li>\n<li>Kmetijski stroji: uporabljajo se v \u010delnih nakladalnikih za zajemanje, dvigovanje in prevoz zemlje, sena in drugih materialov. <\/li>\n<li>Bagri: cilindri \u017elice omogo\u010dajo izkopavanje tako, da \u017elica prodre v zemljo.<\/li>\n<li>Nakladalniki: pri \u010delnih nakladalnikih pomagajo pri u\u010dinkovitem dvigovanju in razkladanju tovora.<\/li>\n<\/ul>\n<h3>Oblikovalski vidiki in izbirna merila<\/h3>\n<p>Pri na\u010drtovanju upo\u0161tevamo:<\/p>\n<ul>\n<li>Nosilnost: cilindri z \u017elico so zasnovani tako, da prenesejo visok tlak in velike obremenitve.<\/li>\n<li>Tesnjenje: za prepre\u010devanje pu\u0161\u010danja hidravli\u010dne teko\u010dine iz valja se uporabljajo razli\u010dne tesnilne komponente, kot so tesnila bata in tesnila ojnic.<\/li>\n<li>Vzdr\u017eljivost: cilindri z \u017elico so zasnovani tako, da so odporni proti obrabi, nekateri modeli pa imajo eloksirane trde prevleke za dodatno za\u0161\u010dito.<\/li>\n<li>Varnost: cilindri z \u017elico so zasnovani tako, da zmanj\u0161ujejo mo\u017enost nesre\u010d, na primer z vklju\u010ditvijo varnostnih ventilov.<\/li>\n<li>Vzdr\u017eevanje: cilindri z \u017elico so zasnovani za enostavno servisiranje in vzdr\u017eevanje, z lastnostmi, kot so odstranljivi kon\u010dni pokrovi in \u200b\u200benostaven dostop do notranjih komponent. <\/li>\n<\/ul>\n<p><img decoding=\"async\" src=\"https:\/\/www.hydraulic-cylinders.net\/wp-content\/uploads\/2025\/01\/songte-oil-pipes-and-spare-parts.webp\" \/><\/p>\n<p>Premisleki glede tesnjenja in mazanja:<\/p>\n<ul>\n<li>Za prepre\u010devanje pu\u0161\u010danja hidravli\u010dne teko\u010dine iz valja se uporabljajo razli\u010dne tesnilne komponente, kot so tesnila bata, tesnila ojnic in brisalci.<\/li>\n<li>Tesnilne komponente so obi\u010dajno izdelane iz materialov, odpornih proti obrabi, kot sta poliuretan in nitrilna guma.<\/li>\n<li>Telo valja in navojne kon\u010dne povr\u0161ine so fino obdelane za izbolj\u0161anje odpornosti proti obrabi.<\/li>\n<li>Cilinder \u017elice zahteva redno mazanje z ustrezno koli\u010dino hidravli\u010dnega olja.<\/li>\n<\/ul>\n<p>Redno vzdr\u017eevanje in preventivni ukrepi vklju\u010dujejo:<\/p>\n<ul>\n<li>Redno pregledujte ohi\u0161je valja in bat glede po\u0161kodb ali obrabe.<\/li>\n<li>Redno mazanje z ustreznim hidravli\u010dnim oljem.<\/li>\n<li>Redna zamenjava obrabljenih ali po\u0161kodovanih tesnilnih komponent.<\/li>\n<li>Redni pregledi kalibracije za zagotovitev pravilnega delovanja jeklenke.<\/li>\n<\/ul>\n<p><img decoding=\"async\" src=\"https:\/\/www.hydraulic-cylinders.net\/wp-content\/uploads\/2025\/01\/songte-chushion-collar.webp\" \/><\/p>\n<h3>Varnostni vidiki in okoljski dejavniki<\/h3>\n<p>Pri uporabi jeklenk z vedrom je nujno upo\u0161tevati varnostne ukrepe, kot so:<\/p>\n<ul>\n<li>Prepri\u010dajte se, da je valj pravilno in varno name\u0161\u010den.<\/li>\n<li>Poskrbite, da bo valj ustrezno mazan in vzdr\u017eevan.<\/li>\n<li>Nosite ustrezno osebno za\u0161\u010ditno opremo, kot so rokavice in za\u0161\u010ditna o\u010dala.<\/li>\n<li>Bodite pozorni na morebitne nevarnosti, kot sta visok tlak in te\u017eke obremenitve.<\/li>\n<\/ul>\n<p>Valji z vedrom so obi\u010dajno izdelani iz materialov, ki jih je mogo\u010de reciklirati in so okolju prijazni. <\/p>\n<h3>Diagnoza in odpravljanje te\u017eav<\/h3>\n<p>Pogoste te\u017eave z cilindri \u017elice lahko vklju\u010dujejo pu\u0161\u010danje hidravli\u010dne teko\u010dine, po\u0161kodbe batnic ali tesnil ter nepravilno ali nezadostno mazanje. <\/p>\n<p>Za diagnosticiranje in odpravljanje te\u017eav z cilindri \u017elice:<\/p>\n<ul>\n<li>Preverite znake pu\u0161\u010danja hidravli\u010dne teko\u010dine.<\/li>\n<li>Preverite bat in tesnila glede po\u0161kodb ali obrabe.<\/li>\n<li>Prepri\u010dajte se, da je valj ustrezno namazan.<\/li>\n<li>Preverite hidravli\u010dni sistem glede morebitnih te\u017eav.<\/li>\n<\/ul>\n<p>Preventivni ukrepi vklju\u010dujejo redno vzdr\u017eevanje in mazanje ter zagotavljanje ustrezne namestitve in kalibracije jeklenke.<\/p>\n<p><img decoding=\"async\" src=\"https:\/\/www.hydraulic-cylinders.net\/wp-content\/uploads\/2025\/01\/songte-bushings-with-all-kinds-of-excavator-models.webp\" \/><\/p>\n<h3>O na\u0161em podjetju<\/h3>\n<p>Smo vodilni proizvajalec in veleprodajni distributer hidravli\u010dnih cilindrov, ki ponuja stro\u0161kovno u\u010dinkovite re\u0161itve za vzdr\u017eevanje in popravila opreme. Specializirani smo za proizvodnjo \u0161iroke palete hidravli\u010dnih cilindrov, na\u0161o proizvodnjo pa podpira ekipa tehni\u010dnih talentov, najsodobnej\u0161a oprema in profesionalni sistemi za testiranje. Na\u0161o proizvodno platformo nenehno izbolj\u0161ujemo, da bi dosegli najvi\u0161je standarde u\u010dinkovitosti, natan\u010dnosti in kakovosti. Ponujamo prilagojene storitve in imamo bogate izku\u0161nje s proizvodnjo hidravli\u010dnih cilindrov za razli\u010dne aplikacije. Velik poudarek dajemo zadovoljstvu strank in si prizadevamo za vrhunsko storitev in podporo.<\/p>\n<ul>\n<li>Profesionalnost: Na\u0161o ekipo sestavljajo tehni\u010dni strokovnjaki z bogatimi izku\u0161njami na podro\u010dju na\u010drtovanja in proizvodnje hidravli\u010dnih cilindrov.<\/li>\n<li>Mednarodni certifikati: Na\u0161e izdelke so testirale in certificirale mednarodne organizacije za standardizacijo, kot je ISO.<\/li>\n<li>Prilagojene storitve: Ponujamo re\u0161itve hidravli\u010dnih cilindrov po meri, ki ustrezajo specifi\u010dnim potrebam na\u0161ih strank.<\/li>\n<li>Proizvodna oprema: Na\u0161i proizvodni obrati so opremljeni z najsodobnej\u0161o opremo, vklju\u010dno s CNC stroji in robotskimi varilnimi sistemi.<\/li>\n<li>Poprodajne storitve: Nudimo celovite poprodajne storitve, vklju\u010dno z nadomestnimi deli in obnovo, da zagotovimo dolgo \u017eivljenjsko dobo in zanesljivost na\u0161ih izdelkov.<\/li>\n<\/ul>\n<p><img decoding=\"async\" src=\"https:\/\/hzpt.com\/wp-content\/uploads\/2024\/11\/songte-company-1.webp\" \/><\/p>\n<p>Avtor: lyl<\/p>","protected":false},"excerpt":{"rendered":"<p>Bucket Cylinder For Komatsu Large Excavator PC350-5-6-7 Introduction A bucket cylinder is a specially designed hydraulic cylinder used to control the movement of the bucket in heavy machinery such as excavators, backhoe excavators, and front-end loaders. Its main function is to enable the bucket to lift, lower, and tilt, making it easier for various materials [&hellip;]<\/p>","protected":false},"featured_media":14785,"comment_status":"open","ping_status":"closed","template":"","meta":{"_et_pb_use_builder":"","_et_pb_old_content":"","_et_gb_content_width":""},"product_brand":[],"product_cat":[1494],"product_tag":[1495,1496],"class_list":{"0":"post-15150","1":"product","2":"type-product","3":"status-publish","4":"has-post-thumbnail","6":"product_cat-bucket-cylinders","7":"product_tag-bucket-cylinders","8":"product_tag-hydraulic-cylinders","10":"first","11":"instock","12":"shipping-taxable","13":"product-type-simple"},"amp_enabled":true,"_links":{"self":[{"href":"https:\/\/www.hydraulic-cylinders.net\/sl\/wp-json\/wp\/v2\/product\/15150","targetHints":{"allow":["GET"]}}],"collection":[{"href":"https:\/\/www.hydraulic-cylinders.net\/sl\/wp-json\/wp\/v2\/product"}],"about":[{"href":"https:\/\/www.hydraulic-cylinders.net\/sl\/wp-json\/wp\/v2\/types\/product"}],"replies":[{"embeddable":true,"href":"https:\/\/www.hydraulic-cylinders.net\/sl\/wp-json\/wp\/v2\/comments?post=15150"}],"wp:featuredmedia":[{"embeddable":true,"href":"https:\/\/www.hydraulic-cylinders.net\/sl\/wp-json\/wp\/v2\/media\/14785"}],"wp:attachment":[{"href":"https:\/\/www.hydraulic-cylinders.net\/sl\/wp-json\/wp\/v2\/media?parent=15150"}],"wp:term":[{"taxonomy":"product_brand","embeddable":true,"href":"https:\/\/www.hydraulic-cylinders.net\/sl\/wp-json\/wp\/v2\/product_brand?post=15150"},{"taxonomy":"product_cat","embeddable":true,"href":"https:\/\/www.hydraulic-cylinders.net\/sl\/wp-json\/wp\/v2\/product_cat?post=15150"},{"taxonomy":"product_tag","embeddable":true,"href":"https:\/\/www.hydraulic-cylinders.net\/sl\/wp-json\/wp\/v2\/product_tag?post=15150"}],"curies":[{"name":"delovni list","href":"https:\/\/api.w.org\/{rel}","templated":true}]}}