{"id":15152,"date":"2025-01-19T14:10:16","date_gmt":"2025-01-19T14:10:16","guid":{"rendered":"https:\/\/www.hydraulic-cylinders.net\/product\/bucket-cylinder-for-komatsu-large-excavator-pc70lc-8\/"},"modified":"2025-01-19T14:10:18","modified_gmt":"2025-01-19T14:10:18","slug":"bucket-cylinder-for-komatsu-large-excavator-pc70lc-8","status":"publish","type":"product","link":"https:\/\/www.hydraulic-cylinders.net\/sl\/izdelek\/bucket-cylinder-for-komatsu-large-excavator-pc70lc-8\/","title":{"rendered":"Cilinder \u017elice za velik bager Komatsu PC70LC-8"},"content":{"rendered":"<h1>Cilinder \u017elice za velik bager Komatsu PC70LC-8<\/h1>\n<h2>Uvod<\/h2>\n<p>Hidravli\u010dni cilinder \u017elice za velik bager Komatsu PC70LC-8 je posebej zasnovan hidravli\u010dni cilinder, ki se uporablja za krmiljenje gibanja \u017elice v te\u017ekih strojih, kot so bagri, bagri in \u010delni nakladalniki. Njegova glavna funkcija je omogo\u010danje dvigovanja, spu\u0161\u010danja in nagibanja \u017elice, kar olaj\u0161a opravljanje razli\u010dnih nalog ravnanja z materiali. V hidravli\u010dnem sistemu cilinder \u017elice dose\u017ee natan\u010den nadzor nad \u017elico s spremembami tlaka hidravli\u010dnega olja, kar omogo\u010da upravljavcem u\u010dinkovito ravnanje s te\u017ekimi bremeni in prilagajanje kompleksnim delovnim okoljem ter raznolikim operativnim zahtevam.<\/p>\n<p><img decoding=\"async\" src=\"https:\/\/www.hydraulic-cylinders.net\/wp-content\/uploads\/2025\/01\/songte-company-2.webp\"><\/p>\n<h2>Zna\u010dilnosti<\/h2>\n<ul>\n<li>Visoka trdnost in vzdr\u017eljivost: Obi\u010dajno je izdelan iz visoko trdnega jekla ali aluminija, zato lahko prenese visok tlak in velike obremenitve, se prilagodi zahtevnim delovnim okoljem in je zasnovan z mislijo na odpornost proti obrabi in koroziji, kar podalj\u0161uje njegovo \u017eivljenjsko dobo.<\/li>\n<li>U\u010dinkovito hidravli\u010dno delovanje: Gladko teleskopsko delovanje, dose\u017eeno s tlakom hidravli\u010dnega olja, se lahko hitro odzove na operativne ukaze in zagotavlja mo\u010dno potisno in vle\u010dno silo, primerno za ravnanje s te\u017ekimi bremeni in kompleksne operativne naloge.<\/li>\n<li>Razli\u010dne vrste: Za razli\u010dne operativne potrebe je mogo\u010de izbrati enosmerno delujo\u010de (hidravli\u010dne samo v eno smer) ali dvosmerno delujo\u010de (hidravli\u010dne v obe smeri) cilindre. Nekateri modeli so teleskopski, kar omogo\u010da ve\u010dji razteg brez pove\u010danja zunanje mere, primerni za uporabo z omejenim prostorom.<\/li>\n<li>Enostavna izdelava: Na\u0161 izdelek je lahko popolna zamenjava za te hidravli\u010dne cilindre.<\/li>\n<\/ul>\n<p><img decoding=\"async\" src=\"https:\/\/www.hydraulic-cylinders.net\/wp-content\/uploads\/2025\/01\/songte-cylinder-head-with-all-kinds-excavator-models.webp\"><\/p>\n<h2>Aplikacije<\/h2>\n<p>Cilinder \u017elice za velik bager Komatsu PC70LC-8 se lahko uporablja v razli\u010dnih panogah, vklju\u010dno z:<\/p>\n<ul>\n<li>Gradbena oprema: Pri bagrih so klju\u010dni za kopanje, nakladanje in premikanje zemlje ali ru\u0161evin. Pri bagrih cilinder \u017elice pomaga tako pri kopanju kot pri dvigovanju. <\/li>\n<li>Kmetijski stroji: Uporabljajo se v \u010delnih nakladalnikih za zajemanje, dvigovanje in prevoz zemlje, sena in drugih materialov. Bagri: Cilindri \u017elice omogo\u010dajo kopanje, saj omogo\u010dajo, da \u017elica prodre v zemljo.<\/li>\n<li>Nakladalniki: Pri \u010delnih nakladalnikih u\u010dinkovito pomagajo pri dvigovanju in nagibanju blaga.<\/li>\n<\/ul>\n<h2>Oblikovalski vidiki in izbirna merila<\/h2>\n<p>Pri na\u010drtovanju in izbiri cilindrov z \u017elico je treba upo\u0161tevati klju\u010dne dejavnike, kot so nosilnost, tesnjenje, vzdr\u017eljivost, varnost in vzdr\u017eevanje:<\/p>\n<ul>\n<li>Nosilnost: Valj mora biti sposoben prenesti te\u017eo bremena in tlak hidravli\u010dnega sistema.<\/li>\n<li>Tesnjenje: Razli\u010dne tesnilne komponente, kot so tesnila bata in tesnila palic, je treba izbrati na podlagi materialov, odpornih proti obrabi, kot sta poliuretan in nitrilna guma, da se zagotovi dolga \u017eivljenjska doba.<\/li>\n<li>Vzdr\u017eljivost: Povr\u0161ina ohi\u0161ja valja in navojna kon\u010dna povr\u0161ina morata biti fino obdelani, da se izbolj\u0161a odpornost proti obrabi.<\/li>\n<li>Varnost: Pri na\u010drtovanju in izbiri jeklenk je treba vedno upo\u0161tevati varno namestitev, delovanje in vzdr\u017eevanje.<\/li>\n<li>Vzdr\u017eevanje: Za zagotovitev dolge \u017eivljenjske dobe cilindra je potrebno redno vzdr\u017eevanje.<\/li>\n<\/ul>\n<p><img decoding=\"async\" src=\"https:\/\/www.hydraulic-cylinders.net\/wp-content\/uploads\/2025\/01\/songte-oil-pipes-and-spare-parts.webp\"><\/p>\n<h2>Tesnjenje in mazanje<\/h2>\n<p>Za tesnjenje in mazanje valja se uporabljajo razli\u010dni tesnilni elementi, kot so tesnila bata in tesnila palice. Izdelani so iz materialov, odpornih proti obrabi, kot sta poliuretan in nitrilna guma. Telo valja in navojna kon\u010dna povr\u0161ina sta fino obdelana za izbolj\u0161anje odpornosti proti obrabi. Za mazanje je potrebno redno dodajanje ustrezne koli\u010dine hidravli\u010dnega olja.<\/p>\n<p><img decoding=\"async\" src=\"https:\/\/www.hydraulic-cylinders.net\/wp-content\/uploads\/2025\/01\/songte-chushion-collar.webp\"><\/p>\n<h2>Vzdr\u017eevanje in popravila<\/h2>\n<p>Redno je treba izvajati preglede in preventivne vzdr\u017eevalne ukrepe, vklju\u010dno z:<\/p>\n<ul>\n<li>Redni pregledi in mazanje<\/li>\n<li>Zamenjava tesnil in preverjanje kalibracije<\/li>\n<li>Pravilna namestitev in poravnava cilindra<\/li>\n<li>Uporaba ustreznih monta\u017enih nosilcev za pritrditev cilindra<\/li>\n<li>Priporo\u010deni postopki pregleda, popravila in zamenjave<\/li>\n<li>Zamenjava delov in storitve obnove<\/li>\n<\/ul>\n<h2>Varnostni in okoljski vidiki<\/h2>\n<p>Pri uporabi jeklenk z vedrom so varnostni ukrepi izjemnega pomena. Upo\u0161tevati je treba tudi vpliv na okolje in sprejeti ustrezne ukrepe za zmanj\u0161anje negativnega vpliva.<\/p>\n<h2>Diagnoza napak in pogoste te\u017eave<\/h2>\n<p>Pogoste te\u017eave z cilindri \u017elic vklju\u010dujejo:<\/p>\n<ul>\n<li>Nezadosten hidravli\u010dni tlak<\/li>\n<li>Pu\u0161\u010danje tesnil<\/li>\n<li>Ukrivljena ali po\u0161kodovana batnica<\/li>\n<li>Obrabljena cev cilindra<\/li>\n<\/ul>\n<p>Za re\u0161itev teh te\u017eav je treba ustrezno diagnosticirati napake in sprejeti ukrepe za odpravljanje te\u017eav.<\/p>\n<p><img decoding=\"async\" src=\"https:\/\/www.hydraulic-cylinders.net\/wp-content\/uploads\/2025\/01\/songte-bushings-with-all-kinds-of-excavator-models.webp\"><\/p>\n<h2>O nas<\/h2>\n<p>Smo proizvajalec nadomestnih hidravli\u010dnih cilindrov s celotno paleto izdelkov. Smo eden vodilnih proizvajalcev in veleprodajnih distributerjev hidravli\u010dnih cilindrov na doma\u010dem in mednarodnem trgu. Sledimo na\u010delu odli\u010dnosti in se zana\u0161amo na industrializirane strategije upravljanja proizvodnje v finih proizvodnih delavnicah, pri \u010demer uporabljamo tehnolo\u0161ke talente, digitalizirano vrhunsko proizvodno opremo in profesionalne sisteme testiranja za nenehno izbolj\u0161evanje proizvodne platforme delavnice, izbolj\u0161anje kakovosti izdelkov v proizvodni liniji in imamo mo\u010dno sposobnost ustvarjanja visoko u\u010dinkovitih, visoko natan\u010dnih in visokokakovostnih izdelkov, ki ustrezajo raznolikim potrebam na\u0161ih strank.<\/p>\n<p><img decoding=\"async\" src=\"https:\/\/hzpt.com\/wp-content\/uploads\/2024\/11\/songte-company-1.webp\"><\/p>\n<p>Specializirani smo za zagotavljanje mednarodnih certifikatov, prilagojenih storitev, proizvodne opreme in poprodajnih storitev. Na\u0161 cilj je na\u0161im strankam zagotoviti najbolj\u0161e izdelke in storitve.<\/p>\n<p>Avtor: lyl<\/p>","protected":false},"excerpt":{"rendered":"<p>Bucket Cylinder For Komatsu Large Excavator PC70LC-8 Introduction The bucket cylinder for Komatsu large excavator PC70LC-8 is a specifically designed hydraulic cylinder used to control the movement of the bucket in heavy machinery such as excavators, backhoes, and front loaders. Its main function is to enable the bucket to lift, lower and tilt, making it [&hellip;]<\/p>","protected":false},"featured_media":14782,"comment_status":"open","ping_status":"closed","template":"","meta":{"_et_pb_use_builder":"","_et_pb_old_content":"","_et_gb_content_width":""},"product_brand":[],"product_cat":[1494],"product_tag":[1495,1496],"class_list":{"0":"post-15152","1":"product","2":"type-product","3":"status-publish","4":"has-post-thumbnail","6":"product_cat-bucket-cylinders","7":"product_tag-bucket-cylinders","8":"product_tag-hydraulic-cylinders","10":"first","11":"instock","12":"shipping-taxable","13":"product-type-simple"},"amp_enabled":true,"_links":{"self":[{"href":"https:\/\/www.hydraulic-cylinders.net\/sl\/wp-json\/wp\/v2\/product\/15152","targetHints":{"allow":["GET"]}}],"collection":[{"href":"https:\/\/www.hydraulic-cylinders.net\/sl\/wp-json\/wp\/v2\/product"}],"about":[{"href":"https:\/\/www.hydraulic-cylinders.net\/sl\/wp-json\/wp\/v2\/types\/product"}],"replies":[{"embeddable":true,"href":"https:\/\/www.hydraulic-cylinders.net\/sl\/wp-json\/wp\/v2\/comments?post=15152"}],"wp:featuredmedia":[{"embeddable":true,"href":"https:\/\/www.hydraulic-cylinders.net\/sl\/wp-json\/wp\/v2\/media\/14782"}],"wp:attachment":[{"href":"https:\/\/www.hydraulic-cylinders.net\/sl\/wp-json\/wp\/v2\/media?parent=15152"}],"wp:term":[{"taxonomy":"product_brand","embeddable":true,"href":"https:\/\/www.hydraulic-cylinders.net\/sl\/wp-json\/wp\/v2\/product_brand?post=15152"},{"taxonomy":"product_cat","embeddable":true,"href":"https:\/\/www.hydraulic-cylinders.net\/sl\/wp-json\/wp\/v2\/product_cat?post=15152"},{"taxonomy":"product_tag","embeddable":true,"href":"https:\/\/www.hydraulic-cylinders.net\/sl\/wp-json\/wp\/v2\/product_tag?post=15152"}],"curies":[{"name":"delovni list","href":"https:\/\/api.w.org\/{rel}","templated":true}]}}