{"id":15156,"date":"2025-01-19T14:10:31","date_gmt":"2025-01-19T14:10:31","guid":{"rendered":"https:\/\/www.hydraulic-cylinders.net\/product\/bucket-cylinder-for-komatsu-wheel-excavator-pw270-7\/"},"modified":"2025-01-19T14:10:33","modified_gmt":"2025-01-19T14:10:33","slug":"bucket-cylinder-for-komatsu-wheel-excavator-pw270-7","status":"publish","type":"product","link":"https:\/\/www.hydraulic-cylinders.net\/sl\/izdelek\/bucket-cylinder-for-komatsu-wheel-excavator-pw270-7\/","title":{"rendered":"Cilinder \u017elice za kolesni bager Komatsu PW270-7"},"content":{"rendered":"<h2>Cilinder \u017elice za kolesni bager Komatsu PW270-7<\/h2>\n<h3>Uvod<\/h3>\n<p>Hidravli\u010dni valj \u017elice je posebej zasnovan hidravli\u010dni valj, ki se uporablja predvsem za krmiljenje gibanja \u017elic v te\u017ekih strojih, kot so bagri, bagri nakladalniki in \u010delni nakladalniki. Njegova glavna funkcija je omogo\u010danje dvigovanja, spu\u0161\u010danja in nagibanja \u017elice, kar olaj\u0161a opravljanje razli\u010dnih nalog ravnanja z materiali. V hidravli\u010dnem sistemu valj \u017elice dose\u017ee natan\u010den nadzor nad \u017elico s spremembami tlaka hidravli\u010dnega olja, kar omogo\u010da upravljavcem u\u010dinkovito ravnanje s te\u017ekimi bremeni, prilagajanje kompleksnim delovnim okoljem in raznolikim zahtevam dela.<\/p>\n<p><img decoding=\"async\" src=\"https:\/\/www.hydraulic-cylinders.net\/wp-content\/uploads\/2025\/01\/songte-company-2.webp\"\/><\/p>\n<h3>Zna\u010dilnosti izdelka<\/h3>\n<ul>\n<li>Visoka trdnost in vzdr\u017eljivost: Obi\u010dajno je izdelan iz visoko trdnega jekla ali aluminija, zato lahko prenese visok tlak in velike obremenitve ter se prilagaja zahtevnim delovnim okoljem. Zasnova upo\u0161teva tudi odpornost proti obrabi in koroziji za podalj\u0161anje \u017eivljenjske dobe.<\/li>\n<li>U\u010dinkovito hidravli\u010dno delovanje: Izkori\u0161\u010da tlak hidravli\u010dnega olja za doseganje gladkega teleskopskega delovanja, hitro odzivanje na krmilne ukaze, zagotavljanje mo\u010dne potisne in vle\u010dne sile, primerno za rokovanje s te\u017ekimi bremeni in kompleksne delovne naloge.<\/li>\n<li>Razli\u010dne vrste: Enojno delujo\u010di (hidravli\u010dni, ki se uporabljajo samo v eno smer) ali dvostransko delujo\u010di (hidravli\u010dni, ki se uporabljajo v obe smeri) cilindri se lahko izberejo glede na zahteve za razli\u010dne operativne potrebe. Nekateri modeli so teleskopski, kar omogo\u010da ve\u010dji razteg brez pove\u010danja zunanjih dimenzij, primerni za uporabo v omejenem prostoru.<\/li>\n<li>Neposredna zamenjava: Na\u0161 izdelek lahko popolnoma nadomesti te hidravli\u010dne cilindre.<\/li>\n<\/ul>\n<p><img decoding=\"async\" src=\"https:\/\/www.hydraulic-cylinders.net\/wp-content\/uploads\/2025\/01\/songte-cylinder-head-with-all-kinds-excavator-models.webp\"\/><\/p>\n<h3>Aplikacije<\/h3>\n<p>Cilinder \u017elice se pogosto uporablja v razli\u010dnih te\u017ekih strojih, vklju\u010dno z:<\/p>\n<ul>\n<li>Gradbena oprema: Pri bagrih so bistveni za kopanje, nakladanje in premikanje zemlje ali ru\u0161evin. Pri bagrih nakladalnikih cilinder \u017elice pomaga tako pri kopanju kot pri dvigovanju. <\/li>\n<li>Kmetijski stroji: Uporabljajo se v \u010delnih nakladalnikih za kopanje, dvigovanje in prevoz zemlje, sena in drugih materialov.<\/li>\n<li>Bagri: Cilinder \u017elice dose\u017ee izkopno delovanje tako, da \u017elici omogo\u010di prodiranje v zemljo.<\/li>\n<li>\u010celni nakladalniki: Pri \u010delnih nakladalnikih pomagajo pri u\u010dinkovitem dvigovanju in razkladanju blaga.<\/li>\n<\/ul>\n<p>Vsaka uporaba klju\u010dne besede je podrobno opisana spodaj:<\/p>\n<h4>Gradbena oprema<\/h4>\n<p>Bagri se pogosto uporabljajo v gradbeni\u0161tvu in so bistveni za kopanje, nakladanje in premikanje zemlje ali ru\u0161evin. Pri bagrih se cilinder \u017elice uporablja za nadzor gibanja \u017elice, kar ji omogo\u010da prodiranje v zemljo in izkopavanje. Pri bagrih nakladalnikih cilinder \u017elice pomaga tako pri kopanju kot dvigovanju, kar olaj\u0161a rokovanje z razli\u010dnimi materiali.<\/p>\n<p><img decoding=\"async\" src=\"https:\/\/hzpt.com\/wp-content\/uploads\/2024\/11\/songte-company-1.webp\"\/><\/p>\n<h4>Kmetijska mehanizacija<\/h4>\n<p>Kmetijska mehanizacija se uporablja v razli\u010dnih aplikacijah, kot so \u017eetev pridelkov, sajenje in predelava. Cilinder \u017elice se lahko uporablja v \u010delnih nakladalnikih, kar omogo\u010da kopanje, dvigovanje in prevoz zemlje, sena in drugih materialov.<\/p>\n<h4>Bagri<\/h4>\n<p>Bagri se uporabljajo v razli\u010dnih aplikacijah, kot so gradbeni\u0161tvo, rudarstvo in gozdarstvo. Cilindri\u010dni \u017elici pomagajo pri izkopavanju zemlje in premikanju ru\u0161evin, kar omogo\u010da enostavno rokovanje s te\u017ekimi bremeni in prilagajanje razli\u010dnim delovnim okoljem.<\/p>\n<h4>\u010celni nakladalci<\/h4>\n<p>\u010celni nakladalniki se pogosto uporabljajo v razli\u010dnih panogah, kot so gradbeni\u0161tvo, rudarstvo in kmetijstvo. Valj \u017elice pomaga pri u\u010dinkovitem dvigovanju in odlaganju blaga, kar olaj\u0161a rokovanje z razli\u010dnimi materiali.<\/p>\n<h3>Oblikovalski vidiki in izbirna merila<\/h3>\n<p>Valj \u017elice je zasnovan ob upo\u0161tevanju ve\u010d dejavnikov, kot so nosilnost, tesnjenje, vzdr\u017eljivost, varnost in vzdr\u017eevanje. Vsaka to\u010dka je obravnavana spodaj:<\/p>\n<ul>\n<li>Nosilnost: Valj vedra je zasnovan tako, da prenese visok tlak in velike obremenitve, kar zagotavlja, da lahko obvladuje razli\u010dne materiale.<\/li>\n<li>Tesnost: Za zagotovitev tesnosti valja in vzdr\u017eevanja konstantnega tlaka se uporabljajo razli\u010dna tesnila, kot so tesnila bata, tesnila palic itd.<\/li>\n<li>Vzdr\u017eljivost: Cilinder vedra je izdelan za dolgo \u017eivljenjsko dobo, izdelan iz visoko trdnih materialov in zasnovan tako, da je odporen proti obrabi.<\/li>\n<li>Varnost: Cilinder vedra je zasnovan za varno delovanje, kar zmanj\u0161uje tveganje nesre\u010d zaradi preobremenitve ali napa\u010dne uporabe.<\/li>\n<li>Vzdr\u017eevanje: Cilinder vedra je zasnovan za enostavno vzdr\u017eevanje, z zamenljivimi tesnili in drugimi komponentami, ki omogo\u010dajo redno servisiranje in vzdr\u017eevanje.<\/li>\n<\/ul>\n<p><img decoding=\"async\" src=\"https:\/\/www.hydraulic-cylinders.net\/wp-content\/uploads\/2025\/01\/songte-oil-pipes-and-spare-parts.webp\"\/><\/p>\n<h3>Tesnjenje in mazanje<\/h3>\n<p>Velik valj je opremljen z razli\u010dnimi tesnili, kot so tesnila bata, tesnila palice itd., ki zagotavljajo tesnjenje in vzdr\u017eevanje konstantnega tlaka. Za tesnila se obi\u010dajno uporablja poliuretanska ali nitrilna guma, ki zagotavlja odli\u010dno odpornost proti obrabi. Telo valja in navojna kon\u010dna povr\u0161ina sta fino obdelana za izbolj\u0161anje odpornosti proti obrabi. Za ohranjanje optimalne zmogljivosti valja je potrebno redno mazanje, zato je treba redno dodajati ustrezno koli\u010dino hidravli\u010dnega olja.<\/p>\n<h3>Vzdr\u017eevanje in preventivni ukrepi<\/h3>\n<p>Redno vzdr\u017eevanje in preventivni ukrepi so bistveni za dolgo \u017eivljenjsko dobo in optimalno delovanje cilindra z \u017elico. Tri pogosta vzdr\u017eevalna opravila so redni pregledi, ustrezno mazanje ter zamenjava tesnil in preverjanje kalibracije. Pravilna namestitev, mazanje in nastavitev so bistvenega pomena med postopkom namestitve. Med namestitvijo cilindra je treba zagotoviti ustrezno poravnavo, za pritrditev cilindra pa je treba uporabiti ustrezne nosilce. Za optimizacijo \u017eivljenjske dobe klju\u010dne besede so na voljo priporo\u010deni postopki pregleda, popravila in zamenjave, nadomestni deli in storitve obnove.<\/p>\n<p><img decoding=\"async\" src=\"https:\/\/www.hydraulic-cylinders.net\/wp-content\/uploads\/2025\/01\/songte-chushion-collar.webp\"\/><\/p>\n<h3>Varnostni vidiki in okoljski dejavniki<\/h3>\n<p>Pri uporabi cilindra z vedrom so varnostni ukrepi bistveni za zmanj\u0161anje tveganja nesre\u010d. Pravilna uporaba, namestitev in vzdr\u017eevanje so klju\u010dnega pomena za optimizacijo delovanja in \u017eivljenjske dobe cilindra z vedrom. Med uporabo je treba upo\u0161tevati tudi okoljske dejavnike, kot so temperatura, vla\u017enost, prah in izpostavljenost kemikalijam.<\/p>\n<h3>Odpravljanje te\u017eav in pogoste te\u017eave<\/h3>\n<p>Pogoste te\u017eave z valjem vedra lahko vklju\u010dujejo pu\u0161\u010danje olja, po\u0161kodbo tesnila in nezadosten tlak. Na voljo so nasveti in re\u0161itve za odpravljanje te\u017eav, ki pomagajo u\u010dinkovito diagnosticirati in re\u0161evati te\u017eave, priporo\u010deni pa so tudi preventivni ukrepi za zmanj\u0161anje morebitnih te\u017eav. <\/p>\n<p><img decoding=\"async\" src=\"https:\/\/www.hydraulic-cylinders.net\/wp-content\/uploads\/2025\/01\/songte-bushings-with-all-kinds-of-excavator-models.webp\"\/><\/p>\n<h2>O na\u0161em podjetju<\/h2>\n<p>Smo proizvajalec nadomestnih hidravli\u010dnih cilindrov s celotno paleto izdelkov. Kot eden vodilnih proizvajalcev in veleprodajnih distributerjev hidravli\u010dnih cilindrov na doma\u010dem in mednarodnem trgu se dr\u017eimo na\u010dela odli\u010dne kakovosti in se zana\u0161amo na strategije upravljanja industrijske proizvodnje v natan\u010dno izdelanih delavnicah. Na\u0161e podjetje nenehno izbolj\u0161uje proizvodno platformo delavnice, izpopolnjuje proizvodno linijo za kakovost izdelkov in ima mo\u010dne proizvodne zmogljivosti. Z na\u010deli visoke u\u010dinkovitosti, visoke natan\u010dnosti in visoke kakovosti zagotavljamo razli\u010dnim strankam zadovoljive izdelke in storitve.<\/p>\n<p>Nudimo profesionalne izdelke in storitve za hidravli\u010dne cilindre, mednarodno certificiranje, prilagojene storitve, napredno proizvodno opremo in odli\u010dno poprodajno storitev. <\/p>\n<p><img decoding=\"async\" src=\"https:\/\/www.hydraulic-cylinders.net\/wp-content\/uploads\/2025\/01\/songte-company-3.webp\"\/><\/p>\n<p>Avtor: lyl<\/p>","protected":false},"excerpt":{"rendered":"<p>Bucket Cylinder for Komatsu Wheel Excavator PW270-7 Introduction A bucket cylinder is a specially designed hydraulic cylinder primarily used to control the movement of buckets in heavy machinery such as excavators, backhoe loaders, and front-end loaders. Its main function is to allow the bucket to lift, lower, and tilt, making it easy to handle various [&hellip;]<\/p>","protected":false},"featured_media":14773,"comment_status":"open","ping_status":"closed","template":"","meta":{"_et_pb_use_builder":"","_et_pb_old_content":"","_et_gb_content_width":""},"product_brand":[],"product_cat":[1494],"product_tag":[1495,1496],"class_list":{"0":"post-15156","1":"product","2":"type-product","3":"status-publish","4":"has-post-thumbnail","6":"product_cat-bucket-cylinders","7":"product_tag-bucket-cylinders","8":"product_tag-hydraulic-cylinders","10":"first","11":"instock","12":"shipping-taxable","13":"product-type-simple"},"amp_enabled":true,"_links":{"self":[{"href":"https:\/\/www.hydraulic-cylinders.net\/sl\/wp-json\/wp\/v2\/product\/15156","targetHints":{"allow":["GET"]}}],"collection":[{"href":"https:\/\/www.hydraulic-cylinders.net\/sl\/wp-json\/wp\/v2\/product"}],"about":[{"href":"https:\/\/www.hydraulic-cylinders.net\/sl\/wp-json\/wp\/v2\/types\/product"}],"replies":[{"embeddable":true,"href":"https:\/\/www.hydraulic-cylinders.net\/sl\/wp-json\/wp\/v2\/comments?post=15156"}],"wp:featuredmedia":[{"embeddable":true,"href":"https:\/\/www.hydraulic-cylinders.net\/sl\/wp-json\/wp\/v2\/media\/14773"}],"wp:attachment":[{"href":"https:\/\/www.hydraulic-cylinders.net\/sl\/wp-json\/wp\/v2\/media?parent=15156"}],"wp:term":[{"taxonomy":"product_brand","embeddable":true,"href":"https:\/\/www.hydraulic-cylinders.net\/sl\/wp-json\/wp\/v2\/product_brand?post=15156"},{"taxonomy":"product_cat","embeddable":true,"href":"https:\/\/www.hydraulic-cylinders.net\/sl\/wp-json\/wp\/v2\/product_cat?post=15156"},{"taxonomy":"product_tag","embeddable":true,"href":"https:\/\/www.hydraulic-cylinders.net\/sl\/wp-json\/wp\/v2\/product_tag?post=15156"}],"curies":[{"name":"delovni list","href":"https:\/\/api.w.org\/{rel}","templated":true}]}}