{"id":15159,"date":"2025-01-19T14:10:49","date_gmt":"2025-01-19T14:10:49","guid":{"rendered":"https:\/\/www.hydraulic-cylinders.net\/product\/bucket-cylinder-for-komatsu-wheel-excavator-pw130es-6\/"},"modified":"2025-01-19T14:10:51","modified_gmt":"2025-01-19T14:10:51","slug":"bucket-cylinder-for-komatsu-wheel-excavator-pw130es-6","status":"publish","type":"product","link":"https:\/\/www.hydraulic-cylinders.net\/sl\/izdelek\/bucket-cylinder-for-komatsu-wheel-excavator-pw130es-6\/","title":{"rendered":"Cilinder \u017elice za kolesni bager Komatsu PW130ES-6"},"content":{"rendered":"<p><!DOCTYPE html><br \/>\n<html><\/p>\n<p><head><br \/>\n    <title>Cilinder \u017elice za kolesni bager Komatsu PW130ES-6<\/title><br \/>\n<\/head><\/p>\n<p><body><\/p>\n<h1>Cilinder \u017elice za kolesni bager Komatsu PW130ES-6<\/h1>\n<h2>Opredelitev cilindra vedra<\/h2>\n<p>Hidravli\u010dni valj \u017elice je posebej zasnovan hidravli\u010dni valj, ki se uporablja za krmiljenje gibanja \u017elice v te\u017ekih strojih, kot so bagri, bagri na kolesih in nakladalniki. Njegova glavna funkcija je omogo\u010diti \u017elici dvigovanje, spu\u0161\u010danje in nagibanje, kar olaj\u0161a opravljanje razli\u010dnih nalog ravnanja z materiali. V hidravli\u010dnem sistemu valj \u017elice dose\u017ee natan\u010den nadzor nad \u017elico z izkori\u0161\u010danjem sprememb tlaka hidravli\u010dnega olja, kar upravljavcem omogo\u010da u\u010dinkovito ravnanje s te\u017ekimi bremeni in prilagajanje kompleksnim delovnim okoljem ter raznolikim operativnim zahtevam.<\/p>\n<p>    <img decoding=\"async\" src=\"https:\/\/www.hydraulic-cylinders.net\/wp-content\/uploads\/2025\/01\/songte-company-2.webp\"><\/p>\n<h2>Zna\u010dilnosti cilindra vedra<\/h2>\n<ul>\n<li>Visoka trdnost in vzdr\u017eljivost: Obi\u010dajno so izdelani iz visoko trdnega jekla ali aluminija, sposobni prenesti visok tlak in velike obremenitve, se prilagajajo zahtevnim delovnim okoljem in so zasnovani z upo\u0161tevanjem odpornosti proti obrabi in koroziji za podalj\u0161anje \u017eivljenjske dobe.<\/li>\n<li>U\u010dinkovito hidravli\u010dno delovanje: Uporaba tlaka hidravli\u010dnega olja za doseganje gladkih gibov iztegovanja in vvla\u010devanja, sposobnost hitrega odzivanja na krmilne ukaze, zagotavljanje mo\u010dnih potiskih in vle\u010dnih sil, primerno za ravnanje s te\u017ekimi bremeni in kompleksne operativne naloge.<\/li>\n<li>Razli\u010dne vrste: Izbirate lahko med enosmerno delujo\u010dimi (hidravli\u010dnimi, ki se uporabljajo samo v eni smeri) ali dvosmerno delujo\u010dimi (hidravli\u010dnimi, ki se uporabljajo v obeh smereh) cilindri glede na specifi\u010dne operativne zahteve. Nekateri modeli so teleskopski, kar omogo\u010da ve\u010dji razteg brez pove\u010danja zunanjih dimenzij, primerni za uporabo v omejenem prostoru.<\/li>\n<\/ul>\n<p>    <img decoding=\"async\" src=\"https:\/\/www.hydraulic-cylinders.net\/wp-content\/uploads\/2025\/01\/songte-cylinder-head-with-all-kinds-excavator-models.webp\"><\/p>\n<h2>Uporaba valja z \u017elico<\/h2>\n<p>Valji z \u017elico se uporabljajo v razli\u010dni opremi:<\/p>\n<ul>\n<li>Gradbena oprema: Najdemo jih v bagrih in so klju\u010dni za kopanje, nakladanje in premikanje zemlje ali ru\u0161evin. Pri bagrih nakladalnikih cilindri \u017elice pomagajo tako pri kopanju kot dvigovanju.<\/li>\n<li>Kmetijska mehanizacija: Uporablja se v \u010delnih nakladalnikih za zajemanje, dvigovanje in prevoz zemlje, sena in drugih materialov.<\/li>\n<li>Bagri: Cilindri \u017elice omogo\u010dajo kopanje tako, da \u017elica prodre v zemljo.<\/li>\n<li>Kolesni nakladalci: Pri kolesnih nakladalcih pomagajo pri dvigovanju in nagibanju za u\u010dinkovito odlaganje blaga.<\/li>\n<\/ul>\n<h2>Oblikovalski vidiki in izbirna merila<\/h2>\n<p>Pri na\u010drtovanju in izbiri cilindrov za vedra je treba upo\u0161tevati ve\u010d dejavnikov:<\/p>\n<ul>\n<li>Nosilnost: Cilinder mora biti sposoben prenesti pri\u010dakovano obremenitev brez okvare.<\/li>\n<li>Tesnjenje: Za zagotovitev ustreznega tesnjenja in prepre\u010devanje pu\u0161\u010danja je treba uporabiti razli\u010dne tesnilne elemente, kot so tesnila bata in ojnice, izdelana iz materialov, odpornih proti obrabi, kot sta poliuretan ali nitrilna guma.<\/li>\n<li>Vzdr\u017eljivost: Ohi\u0161je valja in navojni konci morajo biti fino obdelani za izbolj\u0161anje odpornosti proti obrabi.<\/li>\n<li>Varnost: Vgrajene morajo biti varnostne funkcije, kot so varnostni ventili za prepre\u010devanje preobremenitve in zagotavljanje varnega delovanja.<\/li>\n<li>Vzdr\u017eevanje: Upo\u0161tevati je treba enostaven dostop za vzdr\u017eevanje in popravila, kar omogo\u010da u\u010dinkovito servisiranje in zmanj\u0161anje \u010dasa izpada.<\/li>\n<\/ul>\n<p>    <img decoding=\"async\" src=\"https:\/\/www.hydraulic-cylinders.net\/wp-content\/uploads\/2025\/01\/songte-oil-pipes-and-spare-parts.webp\"><\/p>\n<h2>Tesnjenje in mazanje<\/h2>\n<p>V cilindrih z \u017elico se uporabljajo razli\u010dna tesnila, kot so tesnila bata in tesnila palic, izdelana iz materialov, odpornih proti obrabi, kot sta poliuretan ali nitrilna guma. Telo cilindra in navojni konci so fino obdelani za izbolj\u0161anje odpornosti proti obrabi. Redno mazanje z ustrezno koli\u010dino hidravli\u010dnega olja je potrebno za zagotovitev nemotenega delovanja in podalj\u0161anje \u017eivljenjske dobe cilindra.<\/p>\n<h2>Vzdr\u017eevanje in preventivni ukrepi<\/h2>\n<p>Redni pregledi in preventivno vzdr\u017eevanje so bistveni za optimalno delovanje in dolgo \u017eivljenjsko dobo cilindrov z \u017elico. Nekateri ukrepi, ki jih je treba upo\u0161tevati, vklju\u010dujejo:<\/p>\n<ul>\n<li>Redno pregledovanje cilindra glede morebitnih znakov po\u0161kodb ali obrabe.<\/li>\n<li>Pravilno mazanje za zagotovitev nemotenega delovanja in prepre\u010devanje te\u017eav, povezanih s trenjem.<\/li>\n<li>Redna menjava tesnil za vzdr\u017eevanje ustreznega tesnjenja in prepre\u010devanje pu\u0161\u010danja.<\/li>\n<li>Preverjanje kalibracije za zagotovitev natan\u010dnega delovanja jeklenke.<\/li>\n<\/ul>\n<p>    <img decoding=\"async\" src=\"https:\/\/www.hydraulic-cylinders.net\/wp-content\/uploads\/2025\/01\/songte-chushion-collar.webp\"><\/p>\n<h2>Varnostni vidiki in okoljski dejavniki<\/h2>\n<p>Pri uporabi jeklenk z \u017elico je klju\u010dnega pomena dati prednost varnostnim ukrepom za prepre\u010devanje nesre\u010d in zagotavljanje dobrega po\u010dutja upravljavcev in okoli\u0161kega osebja. Upo\u0161tevati je treba varne operativne postopke, ustrezno usposabljanje in upo\u0161tevanje varnostnih smernic, ki jih dolo\u010dijo regulativni organi.<\/p>\n<h2>Diagnoza napak in pogoste te\u017eave<\/h2>\n<p>V primeru kakr\u0161ne koli sistemske okvare je pomembno, da te\u017eavo diagnosticirate in odpravite takoj. Nekatere pogoste te\u017eave, ki se lahko pojavijo, vklju\u010dujejo:<\/p>\n<ul>\n<li>Pu\u0161\u010danje: Preverite, ali so tesnila po\u0161kodovana ali povezave zrahljane, in jih ustrezno zamenjajte ali privijte.<\/li>\n<li>Po\u010dasno ali nedosledno gibanje: Preverite hidravli\u010dni sistem glede morebitnih blokad ali nezadostne ravni teko\u010dine in te\u017eavo odpravite tako, da odstranite ovire ali dolijete teko\u010dino.<\/li>\n<li>Prekomerni hrup ali vibracije: Preu\u010dite mo\u017ene vzroke, kot so nepravilna poravnava, obrabljene komponente ali neustrezno mazanje, in sprejmite ustrezne korektivne ukrepe.<\/li>\n<\/ul>\n<p>    <img decoding=\"async\" src=\"https:\/\/www.hydraulic-cylinders.net\/wp-content\/uploads\/2025\/01\/songte-bushings-with-all-kinds-of-excavator-models.webp\"><\/p>\n<h2>Vzdr\u017eevalna opravila<\/h2>\n<p>Pogosta vzdr\u017eevalna opravila za cilindre z \u017elico vklju\u010dujejo:<\/p>\n<ul>\n<li>Redni pregledi za odkrivanje morebitnih te\u017eav ali obrabe.<\/li>\n<li>Ustrezno mazanje za zagotovitev nemotenega delovanja in zmanj\u0161anje trenja.<\/li>\n<li>Zamenjava tesnila za ohranjanje ustreznega tesnjenja in prepre\u010devanje pu\u0161\u010danja.<\/li>\n<li>Kalibracijski pregledi za zagotovitev natan\u010dnega delovanja.<\/li>\n<\/ul>\n<h2>Pomen pravilne namestitve<\/h2>\n<p>Pravilna namestitev cilindrov z \u017elico je bistvenega pomena za njihovo optimalno delovanje in dolgo \u017eivljenjsko dobo. Pomembno je, da cilindre med namestitvijo pravilno poravnate. Priporo\u010dljiva je uporaba ustreznih monta\u017enih nosilcev za pritrditev cilindra. \u010clanek vsebuje priporo\u010dene postopke za pregled, popravilo in zamenjavo ter nasvete za podalj\u0161anje \u017eivljenjske dobe cilindra z \u017elico.<\/p>\n<p>    <img decoding=\"async\" src=\"https:\/\/www.hydraulic-cylinders.net\/wp-content\/uploads\/2025\/01\/songte-company-1.webp\"><\/p>\n<h2>Predstavitev podjetja<\/h2>\n<p>Smo proizvajalec nadomestnih hidravli\u010dnih cilindrov in eden vodilnih proizvajalcev in veleprodajnih distributerjev na doma\u010dem in mednarodnem trgu. Na\u0161a ponudba izdelkov je obse\u017ena in dr\u017eimo se na\u010del odli\u010dne kakovosti in u\u010dinkovitega upravljanja proizvodnje. Z uporabo napredne proizvodne opreme, profesionalnih sistemov testiranja in izkori\u0161\u010danjem tehnolo\u0161kih talentov nenehno izbolj\u0161ujemo na\u0161o proizvodno platformo in kakovost izdelkov, da bi zadovoljili raznolike potrebe strank.<\/p>\n<h3>Poudarki na\u0161ega podjetja:<\/h3>\n<ul>\n<li>Profesionalnost: Dajemo prednost strokovnemu znanju na podro\u010dju hidravli\u010dnih cilindrov, kar zagotavlja vrhunsko kakovost izdelkov in storitev.<\/li>\n<li>Mednarodni certifikati: Na\u0161i izdelki izpolnjujejo mednarodne standarde in so podvr\u017eeni strogim postopkom nadzora kakovosti.<\/li>\n<li>Storitve prilagajanja: Ponujamo re\u0161itve po meri, ki ustrezajo specifi\u010dnim zahtevam strank.<\/li>\n<li>Najsodobnej\u0161a proizvodna oprema: Uporabljamo napredno proizvodno opremo za zagotavljanje u\u010dinkovitosti in natan\u010dnosti.<\/li>","protected":false},"excerpt":{"rendered":"<p>Bucket Cylinder For Komatsu Wheel Excavator PW130ES-6 Bucket Cylinder For Komatsu Wheel Excavator PW130ES-6 Definition of Bucket Cylinder A bucket cylinder is a specially designed hydraulic cylinder used to control the movement of the bucket in heavy machinery such as excavators, backhoe excavators, and wheel loaders. Its main function is to enable the bucket to [&hellip;]<\/p>","protected":false},"featured_media":14765,"comment_status":"open","ping_status":"closed","template":"","meta":{"_et_pb_use_builder":"","_et_pb_old_content":"","_et_gb_content_width":""},"product_brand":[],"product_cat":[1494],"product_tag":[1495,1496],"class_list":{"0":"post-15159","1":"product","2":"type-product","3":"status-publish","4":"has-post-thumbnail","6":"product_cat-bucket-cylinders","7":"product_tag-bucket-cylinders","8":"product_tag-hydraulic-cylinders","10":"first","11":"instock","12":"shipping-taxable","13":"product-type-simple"},"amp_enabled":true,"_links":{"self":[{"href":"https:\/\/www.hydraulic-cylinders.net\/sl\/wp-json\/wp\/v2\/product\/15159","targetHints":{"allow":["GET"]}}],"collection":[{"href":"https:\/\/www.hydraulic-cylinders.net\/sl\/wp-json\/wp\/v2\/product"}],"about":[{"href":"https:\/\/www.hydraulic-cylinders.net\/sl\/wp-json\/wp\/v2\/types\/product"}],"replies":[{"embeddable":true,"href":"https:\/\/www.hydraulic-cylinders.net\/sl\/wp-json\/wp\/v2\/comments?post=15159"}],"wp:featuredmedia":[{"embeddable":true,"href":"https:\/\/www.hydraulic-cylinders.net\/sl\/wp-json\/wp\/v2\/media\/14765"}],"wp:attachment":[{"href":"https:\/\/www.hydraulic-cylinders.net\/sl\/wp-json\/wp\/v2\/media?parent=15159"}],"wp:term":[{"taxonomy":"product_brand","embeddable":true,"href":"https:\/\/www.hydraulic-cylinders.net\/sl\/wp-json\/wp\/v2\/product_brand?post=15159"},{"taxonomy":"product_cat","embeddable":true,"href":"https:\/\/www.hydraulic-cylinders.net\/sl\/wp-json\/wp\/v2\/product_cat?post=15159"},{"taxonomy":"product_tag","embeddable":true,"href":"https:\/\/www.hydraulic-cylinders.net\/sl\/wp-json\/wp\/v2\/product_tag?post=15159"}],"curies":[{"name":"delovni list","href":"https:\/\/api.w.org\/{rel}","templated":true}]}}