{"id":15169,"date":"2025-01-19T14:11:30","date_gmt":"2025-01-19T14:11:30","guid":{"rendered":"https:\/\/www.hydraulic-cylinders.net\/product\/bucket-cylinder-for-sumitomo-small-excavator-sh130-5\/"},"modified":"2025-01-19T14:11:32","modified_gmt":"2025-01-19T14:11:32","slug":"bucket-cylinder-for-sumitomo-small-excavator-sh130-5","status":"publish","type":"product","link":"https:\/\/www.hydraulic-cylinders.net\/sl\/izdelek\/bucket-cylinder-for-sumitomo-small-excavator-sh130-5\/","title":{"rendered":"Cilinder \u017elice za majhen bager Sumitomo SH130-5"},"content":{"rendered":"<h1>Cilinder \u017elice za majhen bager Sumitomo SH130-5<\/h1>\n<h2>Uvod<\/h2>\n<p>A bucket cylinder is a specially designed hydraulic cylinder primarily used to control the movement of buckets in heavy machinery such as excavators, backhoes, and front loaders. Its main function is to allow the bucket to lift, lower, and tilt, making it easier to handle various material handling tasks. In the hydraulic system, the bucket cylinder controls the bucket&#8217;s precise movements with pressure changes in the hydraulic oil, allowing operators to efficiently handle heavy loads and adapt to complex working environments and diverse operation requirements.<\/p>\n<p><img decoding=\"async\" src=\"https:\/\/www.hydraulic-cylinders.net\/wp-content\/uploads\/2025\/01\/songte-company-2.webp\" alt=\"Slika valjaste \u017elice\"><\/p>\n<h2>Zna\u010dilnosti<\/h2>\n<ul>\n<li>Visoka trdnost in vzdr\u017eljivost: Obi\u010dajno je izdelan iz visoko trdnega jekla ali aluminija, zato lahko prenese visok pritisk in velike obremenitve ter se prilagaja zahtevnim delovnim okoljem. Zasnova upo\u0161teva odpornost proti obrabi in koroziji, kar podalj\u0161uje \u017eivljenjsko dobo.<\/li>\n<li>U\u010dinkovito hidravli\u010dno delovanje: Uporablja hidravli\u010dni tlak olja za doseganje gladkega teleskopskega gibanja, se hitro odziva na krmilne ukaze, zagotavlja mo\u010dno potisno in vle\u010dno silo ter je primeren za ravnanje s te\u017ekimi bremeni in kompleksne operativne naloge.<\/li>\n<li>Ve\u010d vrst: Izbirate lahko med enosmerno delujo\u010dimi (hidravli\u010dni cilindri se uporabljajo samo v eni smeri) ali dvosmerno delujo\u010dimi (hidravli\u010dni cilindri se uporabljajo v obeh smereh) glede na potrebe in razli\u010dne obratovalne zahteve. Nekateri modeli so teleskopski, kar omogo\u010da ve\u010dji razteg brez pove\u010danja zunanjih dimenzij, primerni za uporabo v omejenem prostoru.<\/li>\n<li>Na voljo za proizvodnjo: Na\u0161 izdelek lahko popolnoma nadomesti hidravli\u010dni valj. <\/li>\n<\/ul>\n<p><img decoding=\"async\" src=\"https:\/\/www.hydraulic-cylinders.net\/wp-content\/uploads\/2025\/01\/songte-cylinder-head-with-all-kinds-excavator-models.webp\" alt=\"Slika izdelka\"><\/p>\n<h2>Aplikacije<\/h2>\n<h3>Gradbena oprema<\/h3>\n<p>Pri bagrih so klju\u010dni za kopanje, nakladanje in premikanje zemlje ali ru\u0161evin. Pri bagrih nakladalnikih cilindri \u017elice pomagajo tako pri kopanju kot pri dvigovanju. <\/p>\n<h3>Kmetijska mehanizacija<\/h3>\n<p>Uporablja se za \u010delne nakladalnike, za zajemanje, dvigovanje in prevoz zemlje, sena in drugih materialov. <\/p>\n<h3>Bagri<\/h3>\n<p>Cilinder \u017elice omogo\u010da, da \u017elica prodre v zemljo in dose\u017ee kopanje. <\/p>\n<h3>Nakladalci<\/h3>\n<p>Cilindri \u017elice pomagajo u\u010dinkovito dvigovati in nagibati blago pri \u010delnih nakladalnikih. <\/p>\n<h2>Oblikovalski vidiki in izbirna merila<\/h2>\n<ul>\n<li>Nosilnost: Jeklenka mora biti sposobna prenesti najve\u010djo obremenitev, ne da bi se zlomila ali deformirala.<\/li>\n<li>Tesnjenje: Uporabljajo se razli\u010dna tesnila, kot so tesnila bata in tesnila palic, izdelana iz materialov, odpornih proti obrabi, kot sta poliuretan in nitrilna guma. Telo valja in povr\u0161ina navojnega konca sta fino obdelana za izbolj\u0161anje odpornosti proti obrabi. <\/li>\n<li>Vzdr\u017eljivost: Jeklenka mora biti sposobna prenesti neprekinjeno in intenzivno uporabo ter se prilagajati zahtevnim okoljem. <\/li>\n<li>Varnost: V jeklenki ne sme biti nenadnih padcev tlaka ali nepri\u010dakovanih premikov, ki bi lahko ogrozili opremo ali upravljavca. <\/li>\n<li>Vzdr\u017eevanje: Jeklenka mora imeti enostavno in redno vzdr\u017eevanje. <\/li>\n<\/ul>\n<p><img decoding=\"async\" src=\"https:\/\/www.hydraulic-cylinders.net\/wp-content\/uploads\/2025\/01\/songte-oil-pipes-and-spare-parts.webp\" alt=\"Slika delov izdelka\"><\/p>\n<h2>Tesnjenje in mazanje<\/h2>\n<p>Uporabljajo se razli\u010dna tesnila, kot so tesnila bata in tesnila palic, izdelana iz materialov, odpornih proti obrabi, kot sta poliuretan in nitrilna guma. Telo valja in povr\u0161ina navojnega konca sta fino obdelana za izbolj\u0161anje odpornosti proti obrabi. Za mazanje je treba valj redno mazati z ustrezno koli\u010dino hidravli\u010dnega olja.<\/p>\n<h2>Vzdr\u017eevanje in preventivni ukrepi<\/h2>\n<ul>\n<li>Redni pregled<\/li>\n<li>Pravilno mazanje<\/li>\n<li>Zamenjava tesnila in preverjanje kalibracije<\/li>\n<\/ul>\n<p>Pravilna namestitev, mazanje in nastavitev so klju\u010dnega pomena za dolgo \u017eivljenjsko dobo jeklenke. Med namestitvijo zagotovite pravilno poravnavo jeklenke in predlagajte uporabo ustreznih monta\u017enih nosilcev za pritrditev jeklenke. Priporo\u010dite preglede, popravila, postopke zamenjave ter storitve zamenjave in obnove delov, da podalj\u0161ate \u017eivljenjsko dobo jeklenke.<\/p>\n<p><img decoding=\"async\" src=\"https:\/\/www.hydraulic-cylinders.net\/wp-content\/uploads\/2025\/01\/songte-chushion-collar.webp\" alt=\"Slika ovratnika izdelka\"><\/p>\n<h2>Varnostni vidiki in okoljski dejavniki<\/h2>\n<p>Pri uporabi cilindra je nujno upo\u0161tevati varnostne ukrepe za prepre\u010devanje nesre\u010d. Pravilno odstranjevanje hidravli\u010dnega olja in delov je nujno za varstvo okolja.<\/p>\n<h2>Odpravljanje te\u017eav in pogoste te\u017eave<\/h2>\n<p>Pogoste te\u017eave z cilindri \u017elice vklju\u010dujejo pu\u0161\u010danje, po\u0161kodbe batnice ali stene cilindra ali upognjeno ali zlomljeno palico. Pregled in vzdr\u017eevanje lahko pomagata prepre\u010diti te te\u017eave.<\/p>\n<p>\u010ce pride do te\u017eav, diagnosti\u010dne in popravne metode vklju\u010dujejo \u010di\u0161\u010denje valja, zamenjavo tesnil in odpravljanje nepravilne poravnave. Preventivni ukrepi, kot sta redni pregledi in vzdr\u017eevanje, lahko zmanj\u0161ajo tveganje za morebitne te\u017eave.<\/p>\n<p><img decoding=\"async\" src=\"https:\/\/www.hydraulic-cylinders.net\/wp-content\/uploads\/2025\/01\/songte-bushings-with-all-kinds-of-excavator-models.webp\" alt=\"Slika pu\u0161e izdelka\"><\/p>\n<h2>O na\u0161em podjetju<\/h2>\n<p>Smo proizvajalec nadomestnih delov za hidravli\u010dne cilindre s celovito paleto izdelkov in smo eden vodilnih proizvajalcev in veleprodajnih distributerjev hidravli\u010dnih cilindrov na doma\u010dem in mednarodnem trgu. Na\u0161e podjetje se dr\u017ei na\u010dela odli\u010dne kakovosti, pri \u010demer se zana\u0161a na industrializirano strategijo upravljanja proizvodnje v finih proizvodnih delavnicah in nenehno izbolj\u0161uje proizvodno platformo delavnice z uporabo tehni\u010dnih talentov, vrhunske digitalne proizvodne opreme in profesionalnih sistemov za testiranje. Imamo mo\u010dno ustvarjalnost in z visoko u\u010dinkovitostjo, visoko natan\u010dnostjo in visoko kakovostjo izpolnjujemo raznolike potrebe strank.<\/p>\n<p><img decoding=\"async\" src=\"https:\/\/hzpt.com\/wp-content\/uploads\/2024\/11\/songte-company-1.webp\" alt=\"Slika podjetja\"><\/p>\n<h3>Profesionalnost<\/h3>\n<p>Na\u0161e podjetje ima predano ekipo strokovnjakov, ki so strokovnjaki na podro\u010dju proizvodnje hidravli\u010dnih cilindrov. <\/p>\n<h3>Mednarodno certificiranje<\/h3>\n<p>We have acquired various international certifications, including ISO9001, CE, RoHS, and SGS, ensuring our products&#8217; quality and safety. <\/p>\n<h3>Storitve prilagajanja<\/h3>\n<p>Ponujamo prilagojene storitve, ki ustrezajo specifi\u010dnim zahtevam strank.<\/p>\n<h3>Proizvodna oprema<\/h3>\n<p>Na\u0161e podjetje ima celotno paleto napredne proizvodne opreme, vklju\u010dno s stru\u017enicami, brusilniki, rezkalnimi stroji in testno opremo, kar zagotavlja kakovost na\u0161ih izdelkov.<\/p>\n<h3>Poprodajne storitve<\/h3>\n<p>Nudimo odli\u010dno poprodajno storitev, vklju\u010dno s tehni\u010dno podporo in odpravljanjem te\u017eav z izdelki. <\/p>\n<p>Avtor: lyl.<\/p>","protected":false},"excerpt":{"rendered":"<p>Bucket Cylinder For Sumitomo Small Excavator SH130-5 Introduction A bucket cylinder is a specially designed hydraulic cylinder primarily used to control the movement of buckets in heavy machinery such as excavators, backhoes, and front loaders. Its main function is to allow the bucket to lift, lower, and tilt, making it easier to handle various material [&hellip;]<\/p>","protected":false},"featured_media":14778,"comment_status":"open","ping_status":"closed","template":"","meta":{"_et_pb_use_builder":"","_et_pb_old_content":"","_et_gb_content_width":""},"product_brand":[],"product_cat":[1494],"product_tag":[1495,1496],"class_list":{"0":"post-15169","1":"product","2":"type-product","3":"status-publish","4":"has-post-thumbnail","6":"product_cat-bucket-cylinders","7":"product_tag-bucket-cylinders","8":"product_tag-hydraulic-cylinders","10":"first","11":"instock","12":"shipping-taxable","13":"product-type-simple"},"amp_enabled":true,"_links":{"self":[{"href":"https:\/\/www.hydraulic-cylinders.net\/sl\/wp-json\/wp\/v2\/product\/15169","targetHints":{"allow":["GET"]}}],"collection":[{"href":"https:\/\/www.hydraulic-cylinders.net\/sl\/wp-json\/wp\/v2\/product"}],"about":[{"href":"https:\/\/www.hydraulic-cylinders.net\/sl\/wp-json\/wp\/v2\/types\/product"}],"replies":[{"embeddable":true,"href":"https:\/\/www.hydraulic-cylinders.net\/sl\/wp-json\/wp\/v2\/comments?post=15169"}],"wp:featuredmedia":[{"embeddable":true,"href":"https:\/\/www.hydraulic-cylinders.net\/sl\/wp-json\/wp\/v2\/media\/14778"}],"wp:attachment":[{"href":"https:\/\/www.hydraulic-cylinders.net\/sl\/wp-json\/wp\/v2\/media?parent=15169"}],"wp:term":[{"taxonomy":"product_brand","embeddable":true,"href":"https:\/\/www.hydraulic-cylinders.net\/sl\/wp-json\/wp\/v2\/product_brand?post=15169"},{"taxonomy":"product_cat","embeddable":true,"href":"https:\/\/www.hydraulic-cylinders.net\/sl\/wp-json\/wp\/v2\/product_cat?post=15169"},{"taxonomy":"product_tag","embeddable":true,"href":"https:\/\/www.hydraulic-cylinders.net\/sl\/wp-json\/wp\/v2\/product_tag?post=15169"}],"curies":[{"name":"delovni list","href":"https:\/\/api.w.org\/{rel}","templated":true}]}}