{"id":15170,"date":"2025-01-19T14:11:34","date_gmt":"2025-01-19T14:11:34","guid":{"rendered":"https:\/\/www.hydraulic-cylinders.net\/product\/bucket-cylinder-for-sumitomo-small-excavator-sh60a3\/"},"modified":"2025-01-19T14:11:36","modified_gmt":"2025-01-19T14:11:36","slug":"bucket-cylinder-for-sumitomo-small-excavator-sh60a3","status":"publish","type":"product","link":"https:\/\/www.hydraulic-cylinders.net\/sl\/izdelek\/bucket-cylinder-for-sumitomo-small-excavator-sh60a3\/","title":{"rendered":"Cilinder \u017elice za majhen bager Sumitomo SH60A3"},"content":{"rendered":"<h1>Cilinder \u017elice za majhen bager Sumitomo SH60A3<\/h1>\n<h2>Uvod<\/h2>\n<p>Hidravli\u010dni cilinder \u017elice za majhen bager Sumitomo SH60A3 je specializiran hidravli\u010dni cilinder, ki se uporablja predvsem za krmiljenje gibanja \u017elic v te\u017ekih strojih, kot so bagri, bagri in \u010delni nakladalniki. Njegova glavna funkcija je omogo\u010danje dvigovanja, spu\u0161\u010danja in nagibanja \u017elice, kar olaj\u0161a rokovanje z razli\u010dnimi materiali. V hidravli\u010dnem sistemu cilinder \u017elice dose\u017ee natan\u010den nadzor nad \u017elico s spremembami tlaka hidravli\u010dnega olja, kar omogo\u010da upravljavcem u\u010dinkovito rokovanje s te\u017ekimi bremeni in prilagajanje kompleksnim delovnim okoljem ter raznolikim operativnim zahtevam.<\/p>\n<p><img decoding=\"async\" src=\"https:\/\/www.hydraulic-cylinders.net\/wp-content\/uploads\/2025\/01\/songte-company-2.webp\"\/><\/p>\n<h2>Zna\u010dilnosti<\/h2>\n<ul>\n<li>Visoka trdnost in vzdr\u017eljivost: Obi\u010dajno je izdelan iz visoko trdnega jekla ali aluminija, zato lahko prenese visok tlak in velike obremenitve, se prilagaja zahtevnim delovnim okoljem in je zasnovan z mislijo na odpornost proti obrabi in koroziji, kar podalj\u0161uje njegovo \u017eivljenjsko dobo.<\/li>\n<li>U\u010dinkovito hidravli\u010dno delovanje: Z uporabo hidravli\u010dnega tlaka olja za doseganje gladkega teleskopskega gibanja se lahko hitro odzove na krmilne ukaze in zagotavlja mo\u010dne potisne in vle\u010dne sile, primerne za ravnanje s te\u017ekimi bremeni in kompleksnimi delovnimi nalogami.<\/li>\n<li>Razli\u010dne vrste: Za razli\u010dne operativne zahteve je mogo\u010de izbrati enosmerno delujo\u010de (hidravli\u010dno delovanje samo v eno smer) ali dvosmerno delujo\u010de (hidravli\u010dno delovanje v obe smeri). Nekateri modeli so teleskopski, kar omogo\u010da ve\u010dji razteg brez pove\u010danja zunanjih dimenzij, primerni za uporabo v omejenem prostoru.<\/li>\n<li>Popolna zamenjava: Na\u0161 izdelek lahko popolnoma nadomesti te hidravli\u010dne cilindre.<\/li>\n<\/ul>\n<p><img decoding=\"async\" src=\"https:\/\/www.hydraulic-cylinders.net\/wp-content\/uploads\/2025\/01\/songte-cylinder-head-with-all-kinds-excavator-models.webp\"\/><\/p>\n<h2>Aplikacije<\/h2>\n<p>Cilinder \u017elice za majhen bager Sumitomo SH60A3 se pogosto uporablja v razli\u010dnih panogah. Nekatere pogoste uporabe so:<\/p>\n<ul>\n<li>Gradbena oprema: Pri bagrih so klju\u010dni za izkopavanje, nakladanje in premikanje zemlje ali ru\u0161evin. Pri bagrih nakladalnikih \u017elicski cilindri pomagajo tako pri izkopavanju kot pri dvigovanju. <\/li>\n<li>Kmetijska mehanizacija: Uporablja se v \u010delnih nakladalnikih za zajemanje, dvigovanje in prevoz zemlje, sena in drugih materialov. <\/li>\n<li>Bagri: Cilindri \u017elice dose\u017eejo kopanje tako, da \u017elici omogo\u010dijo prodiranje v zemljo. <\/li>\n<li>Nakladalniki: Pri \u010delnih nakladalnikih pomagajo pri u\u010dinkovitem dvigovanju in nagibanju blaga. <\/li>\n<\/ul>\n<h2>Oblikovalski vidiki in izbirna merila<\/h2>\n<p>Pri izbiri cilindra \u017elice za majhen bager Sumitomo SH60A3 je treba upo\u0161tevati ve\u010d konstrukcijskih vidikov in izbirnih meril, kot so:<\/p>\n<ul>\n<li>Nosilnost: Jeklenka mora biti sposobna prenesti najve\u010djo nosilnost opreme.<\/li>\n<li>Tesnjenje: Za zagotovitev minimalnega pu\u0161\u010danja in dalj\u0161e \u017eivljenjske dobe je treba uporabiti razli\u010dne tesnilne komponente, kot so tesnila bata in tesnila batnic. <\/li>\n<li>Vzdr\u017eljivost: Jeklenka mora biti zasnovana tako, da prenese te\u017eke delovne pogoje, telo jeklenke in povr\u0161ina navojnega konca pa morata biti fino obdelana za izbolj\u0161anje odpornosti proti obrabi. <\/li>\n<li>Varnost: Jeklenka mora biti zasnovana z varnostnimi elementi, da se prepre\u010dijo nesre\u010de med delovanjem. <\/li>\n<li>Vzdr\u017eevanje: Jeklenka mora biti enostavna za vzdr\u017eevanje, rezervni deli pa morajo biti zlahka dostopni.<\/li>\n<\/ul>\n<p><img decoding=\"async\" src=\"https:\/\/www.hydraulic-cylinders.net\/wp-content\/uploads\/2025\/01\/songte-oil-pipes-and-spare-parts.webp\"\/><\/p>\n<h2>Tesnjenje in mazanje<\/h2>\n<p>Cilinder \u017elice za majhen bager Sumitomo SH60A3 uporablja razli\u010dne tesnilne komponente, kot so tesnila bata in tesnila palic, izdelana iz materialov, odpornih proti obrabi, kot sta poliuretan in nitrilna guma, da se zmanj\u0161a pu\u0161\u010danje in podalj\u0161a \u017eivljenjska doba. Telo cilindra in povr\u0161ina navojnega konca sta prav tako obdelana za izbolj\u0161anje odpornosti proti obrabi. Za pravilno delovanje cilindra je potrebno redno mazanje s hidravli\u010dnim oljem.<\/p>\n<h2>Vzdr\u017eevanje in popravila<\/h2>\n<p>Redni pregledi in preventivno vzdr\u017eevanje so klju\u010dnega pomena za zagotovitev u\u010dinkovitega delovanja cilindra \u017elice za majhen bager Sumitomo SH60A3. Nekatera pogosta vzdr\u017eevalna opravila vklju\u010dujejo:<\/p>\n<ul>\n<li>Redni pregled: Preverite valj glede obrabe ali po\u0161kodb in po potrebi popravite ali zamenjajte dele. <\/li>\n<li>Mazanje: Za pravilno delovanje cilinder redno ma\u017eite s hidravli\u010dnim oljem. <\/li>\n<li>Zamenjava tesnila: Po potrebi zamenjajte tesnila, da prepre\u010dite pu\u0161\u010danje. <\/li>\n<li>Preverjanje kalibracije: Preverite pravilno kalibracijo valja, da zagotovite u\u010dinkovito delovanje.<\/li>\n<\/ul>\n<p><img decoding=\"async\" src=\"https:\/\/www.hydraulic-cylinders.net\/wp-content\/uploads\/2025\/01\/songte-chushion-collar.webp\"\/><\/p>\n<h2>Varnostni vidiki in okoljski dejavniki<\/h2>\n<p>Pri uporabi cilindra \u017elice za majhen bager Sumitomo SH60A3 je treba sprejeti varnostne ukrepe za prepre\u010devanje nesre\u010d med delovanjem. Prav tako je pomembno upo\u0161tevati vpliv delovanja cilindra na okolje in sprejeti ustrezne ukrepe za njegovo zmanj\u0161anje.<\/p>\n<h2>Odpravljanje te\u017eav in pogoste te\u017eave<\/h2>\n<p>Nekatere pogoste te\u017eave, ki se lahko pojavijo pri uporabi cilindra \u017elice za majhen bager Sumitomo SH60A3, vklju\u010dujejo pu\u0161\u010danje, nizek tlak in neenakomerno gibanje. Pravilen pregled in diagnoza sta bistvena za ugotavljanje vzroka te\u017eave in sprejemanje potrebnih korektivnih ukrepov.<\/p>\n<h2>Podatki o podjetju<\/h2>\n<p>Smo proizvajalec nadomestnih hidravli\u010dnih cilindrov, ki ponuja celotno paleto izdelkov in je eden vodilnih proizvajalcev in veleprodajnih distributerjev hidravli\u010dnih cilindrov na doma\u010dem in mednarodnem trgu. Dr\u017eimo se na\u010dela odli\u010dne kakovosti, se zana\u0161amo na strategijo upravljanja industrijske proizvodnje v fini proizvodni delavnici in nenehno izbolj\u0161ujemo proizvodno platformo delavnice, izbolj\u0161ujemo kakovost proizvodnje izdelkov in imamo mo\u010dno ustvarjalno sposobnost. Z visoko u\u010dinkovitostjo, visoko natan\u010dnostjo in visoko kakovostjo izpolnjujemo raznolike potrebe strank. <\/p>\n<p><img decoding=\"async\" src=\"https:\/\/hzpt.com\/wp-content\/uploads\/2024\/11\/songte-company-1.webp\"\/><\/p>\n<h3>Profesionalnost<\/h3>\n<p>Na\u0161e podjetje ima ekipo tehni\u010dnih strokovnjakov z dolgoletnimi izku\u0161njami v hidravli\u010dni industriji, ki strankam zagotavljajo profesionalne in visokokakovostne storitve.<\/p>\n<h3>Mednarodno certificiranje<\/h3>\n<p>Na\u0161i izdelki so prejeli razli\u010dne mednarodne certifikate, kot so ISO9001, CE in SGS, kar zagotavlja, da na\u0161i izdelki izpolnjujejo mednarodne standarde kakovosti in se izva\u017eajo v \u0161tevilne dr\u017eave in regije.<\/p>\n<h3>Storitve prilagajanja<\/h3>\n<p>Strankam nudimo prilagojene hidravli\u010dne cilindre glede na njihove specifi\u010dne zahteve in re\u0161itve po meri, ki ustrezajo njihovim potrebam.<\/p>\n<h3>Proizvodna oprema<\/h3>\n<p>Na\u0161e podjetje ima napredno proizvodno opremo in tehnologijo, vklju\u010dno s CNC obdelovalnimi centri, preciznimi brusilnimi stroji in avtomatskimi varilnimi stroji, kar zagotavlja visoko kakovost in natan\u010dnost na\u0161ih izdelkov.<\/p>\n<h3>Poprodajne storitve<\/h3>\n<p>Strankam nudimo celovite poprodajne storitve, vklju\u010dno s tehni\u010dno podporo, popravilom izdelkov in zamenjavo, da zagotovimo zadovoljstvo na\u0161ih strank z na\u0161imi izdelki in storitvami.<\/p>\n<h4>Avtor: lyl<\/h4>","protected":false},"excerpt":{"rendered":"<p>Bucket Cylinder For Sumitomo Small Excavator SH60A3 Introduction The bucket cylinder for Sumitomo small excavator SH60A3 is a specialized hydraulic cylinder primarily used to control the movement of buckets in heavy machinery such as excavators, backhoes, and front loaders. Its main function is to allow the bucket to lift, lower, and tilt, making it easier [&hellip;]<\/p>","protected":false},"featured_media":14776,"comment_status":"open","ping_status":"closed","template":"","meta":{"_et_pb_use_builder":"","_et_pb_old_content":"","_et_gb_content_width":""},"product_brand":[],"product_cat":[1494],"product_tag":[1495,1496],"class_list":{"0":"post-15170","1":"product","2":"type-product","3":"status-publish","4":"has-post-thumbnail","6":"product_cat-bucket-cylinders","7":"product_tag-bucket-cylinders","8":"product_tag-hydraulic-cylinders","10":"first","11":"instock","12":"shipping-taxable","13":"product-type-simple"},"amp_enabled":true,"_links":{"self":[{"href":"https:\/\/www.hydraulic-cylinders.net\/sl\/wp-json\/wp\/v2\/product\/15170","targetHints":{"allow":["GET"]}}],"collection":[{"href":"https:\/\/www.hydraulic-cylinders.net\/sl\/wp-json\/wp\/v2\/product"}],"about":[{"href":"https:\/\/www.hydraulic-cylinders.net\/sl\/wp-json\/wp\/v2\/types\/product"}],"replies":[{"embeddable":true,"href":"https:\/\/www.hydraulic-cylinders.net\/sl\/wp-json\/wp\/v2\/comments?post=15170"}],"wp:featuredmedia":[{"embeddable":true,"href":"https:\/\/www.hydraulic-cylinders.net\/sl\/wp-json\/wp\/v2\/media\/14776"}],"wp:attachment":[{"href":"https:\/\/www.hydraulic-cylinders.net\/sl\/wp-json\/wp\/v2\/media?parent=15170"}],"wp:term":[{"taxonomy":"product_brand","embeddable":true,"href":"https:\/\/www.hydraulic-cylinders.net\/sl\/wp-json\/wp\/v2\/product_brand?post=15170"},{"taxonomy":"product_cat","embeddable":true,"href":"https:\/\/www.hydraulic-cylinders.net\/sl\/wp-json\/wp\/v2\/product_cat?post=15170"},{"taxonomy":"product_tag","embeddable":true,"href":"https:\/\/www.hydraulic-cylinders.net\/sl\/wp-json\/wp\/v2\/product_tag?post=15170"}],"curies":[{"name":"delovni list","href":"https:\/\/api.w.org\/{rel}","templated":true}]}}