{"id":15172,"date":"2025-01-19T14:11:42","date_gmt":"2025-01-19T14:11:42","guid":{"rendered":"https:\/\/www.hydraulic-cylinders.net\/product\/bucket-cylinder-for-sumitomo-small-excavator-sh120a1a2a3\/"},"modified":"2025-01-19T14:11:50","modified_gmt":"2025-01-19T14:11:50","slug":"bucket-cylinder-for-sumitomo-small-excavator-sh120a1a2a3","status":"publish","type":"product","link":"https:\/\/www.hydraulic-cylinders.net\/sl\/izdelek\/bucket-cylinder-for-sumitomo-small-excavator-sh120a1a2a3\/","title":{"rendered":"Cilinder \u017elice za majhen bager Sumitomo SH120A1A2A3"},"content":{"rendered":"<p><!DOCTYPE html><br \/>\n<html><br \/>\n<head><br \/>\n<title>Cilinder \u017elice za majhen bager Sumitomo SH120A1A2A3<\/title><br \/>\n<\/head><br \/>\n<body><\/p>\n<h1>Cilinder \u017elice za majhen bager Sumitomo SH120A1A2A3<\/h1>\n<h2>Uvod<\/h2>\n<p>Hidravli\u010dni cilinder \u017elice za majhen bager Sumitomo SH120A1A2A3 je specializiran hidravli\u010dni cilinder, zasnovan za nadzor gibanja \u017elice v te\u017ekih strojih, kot so bagri, bagri nakladalniki in \u010delni nakladalniki. Njegova glavna funkcija je omogo\u010danje dvigovanja, spu\u0161\u010danja in nagibanja \u017elice, kar olaj\u0161a razli\u010dna opravila ravnanja z materiali. V hidravli\u010dnih sistemih cilinder \u017elice dose\u017ee natan\u010den nadzor nad \u017elico z izkori\u0161\u010danjem sprememb tlaka hidravli\u010dnega olja, kar omogo\u010da upravljavcem u\u010dinkovito ravnanje s te\u017ekimi bremeni in prilagajanje kompleksnim delovnim okoljem ter raznolikim zahtevam dela.<\/p>\n<p><img decoding=\"async\" src=\"https:\/\/www.hydraulic-cylinders.net\/wp-content\/uploads\/2025\/01\/songte-company-2.webp\" alt=\"Slika valjaste \u017elice\"><\/p>\n<h2>Zna\u010dilnosti<\/h2>\n<ul>\n<li><strong>Visoka trdnost in vzdr\u017eljivost:<\/strong> Obi\u010dajno izdelan iz visoko trdnega jekla ali aluminija, lahko vedrni valj prenese visok tlak in velike obremenitve, s \u010dimer se prilagodi te\u017ekim delovnim pogojem. Njegova zasnova upo\u0161teva odpornost proti obrabi in koroziji, kar podalj\u0161uje njegovo \u017eivljenjsko dobo.<\/li>\n<li><strong>U\u010dinkovito hidravli\u010dno delovanje:<\/strong> Z uporabo tlaka hidravli\u010dnega olja dose\u017ee valj \u017elice gladko iztegovanje in vle\u010denje, kar zagotavlja hiter odziv na krmilne ukaze in mo\u010dne potisne in vle\u010dne sile, zaradi \u010desar je primeren za ravnanje s te\u017ekimi bremeni in kompleksnimi delovnimi nalogami.<\/li>\n<li><strong>Vsestranske vrste:<\/strong> Valj \u017elice je lahko glede na specifi\u010dne operativne potrebe enosmerno delujo\u010d (hidravli\u010dni tlak deluje samo v eni smeri) ali dvosmerno delujo\u010d (hidravli\u010dni tlak deluje v obeh smereh). Nekateri modeli so teleskopski, kar omogo\u010da ve\u010dji razteg brez pove\u010danja zunanjih dimenzij, zaradi \u010desar so idealni za uporabo v omejenem prostoru.<\/li>\n<li><strong>Zamenjava izdelka:<\/strong> Na\u0161i izdelki lahko popolnoma nadomestijo te hidravli\u010dne cilindre.<\/li>\n<\/ul>\n<p><img decoding=\"async\" src=\"https:\/\/www.hydraulic-cylinders.net\/wp-content\/uploads\/2025\/01\/songte-cylinder-head-with-all-kinds-excavator-models.webp\" alt=\"Slika zamenjave izdelka\"><\/p>\n<h2>Aplikacije<\/h2>\n<p>Cilinder \u017elice za majhen bager Sumitomo SH120A1A2A3 se uporablja v razli\u010dni opremi:<\/p>\n<ul>\n<li>Gradbena oprema: Pri bagrih so klju\u010dni za izkopavanje, nakladanje in premikanje zemlje ali ru\u0161evin. Pri bagrih nakladalnikih cilinder \u017elice pomaga tako pri kopanju kot dvigovanju.<\/li>\n<li>Kmetijska mehanizacija: Uporablja se v \u010delnih nakladalnikih za zajemanje, dvigovanje in prevoz zemlje, sena in drugih materialov.<\/li>\n<li>Bagri: Cilinder \u017elice omogo\u010da kopanje, saj \u017elici omogo\u010da prodiranje v zemljo.<\/li>\n<li>Nakladalniki: Pri \u010delnih nakladalnikih pomagajo pri u\u010dinkovitem dvigovanju in razkladanju blaga.<\/li>\n<\/ul>\n<h2>Oblikovalski vidiki in izbirna merila<\/h2>\n<ul>\n<li><strong>Nosilnost:<\/strong> Cilinder z \u017elico je zasnovan za prena\u0161anje te\u017ekih bremen in visok tlak.<\/li>\n<li><strong>Tesnjenje:<\/strong> Uporabljajo se razli\u010dne tesnilne komponente, kot so tesnila bata in tesnila palic, z materiali, kot sta poliuretan in nitrilna guma, znana po svoji odpornosti proti obrabi.<\/li>\n<li><strong>Vzdr\u017eljivost:<\/strong> Telo valja in navojni konci so fino obdelani za pove\u010danje odpornosti proti obrabi.<\/li>\n<li><strong>Varnost:<\/strong> Med na\u010drtovanjem se upo\u0161tevajo varnostni ukrepi za zagotovitev varnega delovanja.<\/li>\n<li><strong>Vzdr\u017eevanje:<\/strong> Za optimalno delovanje je potreben reden pregled in preventivno vzdr\u017eevanje valjaste \u017elice.<\/li>\n<\/ul>\n<p><img decoding=\"async\" src=\"https:\/\/www.hydraulic-cylinders.net\/wp-content\/uploads\/2025\/01\/songte-oil-pipes-and-spare-parts.webp\" alt=\"Slika oblikovalskih premislekov\"><\/p>\n<h2>Tesnjenje in mazanje<\/h2>\n<p>Valj \u017elice uporablja razli\u010dne tesnilne komponente, kot so tesnila bata in tesnila palic, ki so izdelana iz materialov, odpornih proti obrabi, kot sta poliuretan in nitrilna guma. Telo valja in navojni konci so fino obdelani za ve\u010djo odpornost proti obrabi. Za nemoteno delovanje je potrebno redno mazanje z ustrezno koli\u010dino hidravli\u010dnega olja.<\/p>\n<h2>Redni pregledi in preventivno vzdr\u017eevanje<\/h2>\n<ul>\n<li>Redno pregledujte valj \u017elice glede morebitnih znakov po\u0161kodb ali obrabe.<\/li>\n<li>Zagotovite ustrezno mazanje, da prepre\u010dite trenje in zmanj\u0161ate obrabo.<\/li>\n<li>Za ohranjanje optimalne zmogljivosti zamenjajte obrabljena ali po\u0161kodovana tesnila.<\/li>\n<li>Za zagotovitev natan\u010dnega delovanja izvedite kalibracijske preglede.<\/li>\n<\/ul>\n<p><img decoding=\"async\" src=\"https:\/\/www.hydraulic-cylinders.net\/wp-content\/uploads\/2025\/01\/songte-chushion-collar.webp\" alt=\"Slika rednega pregleda\"><\/p>\n<h2>Varnostni vidiki in okoljski dejavniki<\/h2>\n<p>Pri uporabi cilindra z vedrom je pomembno upo\u0161tevati varnostne ukrepe za prepre\u010devanje nesre\u010d in zagotavljanje varnega delovnega okolja. Ustrezno usposabljanje in upo\u0161tevanje varnostnih smernic sta klju\u010dnega pomena.<\/p>\n<h2>Diagnoza napak in odpravljanje te\u017eav<\/h2>\n<p>V primeru okvare je pomembno diagnosticirati te\u017eavo in uporabiti ustrezne metode za odpravljanje te\u017eav. Pravo\u010dasno odpravljanje te\u017eav bo zagotovilo optimalno delovanje cilindra \u017elice. Za zmanj\u0161anje morebitnih te\u017eav je treba izvajati tudi preventivne ukrepe.<\/p>\n<p><img decoding=\"async\" src=\"https:\/\/www.hydraulic-cylinders.net\/wp-content\/uploads\/2025\/01\/songte-bushings-with-all-kinds-of-excavator-models.webp\" alt=\"Slika diagnoze napake\"><\/p>\n<h2>Predstavitev podjetja<\/h2>\n<p>Smo proizvajalec nadomestnih hidravli\u010dnih cilindrov. Na\u0161e podjetje ponuja \u0161iroko paleto izdelkov in je postalo eden vodilnih proizvajalcev in veleprodajnih distributerjev hidravli\u010dnih cilindrov na doma\u010dem in mednarodnem trgu. V na\u0161ih dobro opremljenih proizvodnih delavnicah se dr\u017eimo na\u010del odli\u010dnosti in se zana\u0161amo na industrializirane strategije upravljanja proizvodnje. Nenehno izbolj\u0161ujemo na\u0161o proizvodno platformo, izbolj\u0161ujemo proizvodne poti za kakovost izdelkov in imamo mo\u010dne ustvarjalne sposobnosti. Z visoko u\u010dinkovitostjo, natan\u010dnostjo in kakovostjo si prizadevamo zadovoljiti raznolike potrebe strank.<\/p>\n<p><img decoding=\"async\" src=\"https:\/\/hzpt.com\/wp-content\/uploads\/2024\/11\/songte-company-1.webp\" alt=\"Slika podjetja\"><\/p>\n<h3>Profesionalnost:<\/h3>\n<p>Na\u0161e podjetje deluje profesionalno in zagotavlja najvi\u0161je standarde kakovosti in storitev.<\/p>\n<h3>Mednarodno certificiranje:<\/h3>\n<p>Pridobili smo mednarodne certifikate, ki dokazujejo na\u0161o zavezanost kakovosti in skladnosti.<\/p>\n<h3>Storitve prilagajanja:<\/h3>\n<p>Nudimo storitve prilagajanja, da zadostimo specifi\u010dnim zahtevam strank.<\/p>\n<h3>Proizvodna oprema:<\/h3>\n<p>Uporabljamo napredno proizvodno opremo za zagotavljanje u\u010dinkovite in natan\u010dne proizvodnje.<\/p>\n<h3>Poprodajne storitve:<\/h3>\n<p>Ponujamo celovite poprodajne storitve za zagotavljanje zadovoljstva in podpore strankam.<\/p>\n<p><img decoding=\"async\" src=\"https:\/\/www.hydraulic-cylinders.net\/wp-content\/uploads\/2025\/01\/songte-company-3.webp\" alt=\"Slika predstavitve podjetja\"><\/p>\n<p>Avtor: lyl<\/p>\n<p><\/body><br \/>\n<\/html><\/p>","protected":false},"excerpt":{"rendered":"<p>Bucket Cylinder For Sumitomo Small Excavator SH120A1A2A3 Bucket Cylinder For Sumitomo Small Excavator SH120A1A2A3 Introduction The bucket cylinder for Sumitomo small excavator SH120A1A2A3 is a specialized hydraulic cylinder designed to control the movement of the bucket in heavy machinery such as excavators, backhoe loaders, and front-end loaders. Its main function is to enable the lifting, [&hellip;]<\/p>","protected":false},"featured_media":14771,"comment_status":"open","ping_status":"closed","template":"","meta":{"_et_pb_use_builder":"","_et_pb_old_content":"","_et_gb_content_width":""},"product_brand":[],"product_cat":[1494],"product_tag":[1495,1496],"class_list":{"0":"post-15172","1":"product","2":"type-product","3":"status-publish","4":"has-post-thumbnail","6":"product_cat-bucket-cylinders","7":"product_tag-bucket-cylinders","8":"product_tag-hydraulic-cylinders","10":"first","11":"instock","12":"shipping-taxable","13":"product-type-simple"},"amp_enabled":true,"_links":{"self":[{"href":"https:\/\/www.hydraulic-cylinders.net\/sl\/wp-json\/wp\/v2\/product\/15172","targetHints":{"allow":["GET"]}}],"collection":[{"href":"https:\/\/www.hydraulic-cylinders.net\/sl\/wp-json\/wp\/v2\/product"}],"about":[{"href":"https:\/\/www.hydraulic-cylinders.net\/sl\/wp-json\/wp\/v2\/types\/product"}],"replies":[{"embeddable":true,"href":"https:\/\/www.hydraulic-cylinders.net\/sl\/wp-json\/wp\/v2\/comments?post=15172"}],"wp:featuredmedia":[{"embeddable":true,"href":"https:\/\/www.hydraulic-cylinders.net\/sl\/wp-json\/wp\/v2\/media\/14771"}],"wp:attachment":[{"href":"https:\/\/www.hydraulic-cylinders.net\/sl\/wp-json\/wp\/v2\/media?parent=15172"}],"wp:term":[{"taxonomy":"product_brand","embeddable":true,"href":"https:\/\/www.hydraulic-cylinders.net\/sl\/wp-json\/wp\/v2\/product_brand?post=15172"},{"taxonomy":"product_cat","embeddable":true,"href":"https:\/\/www.hydraulic-cylinders.net\/sl\/wp-json\/wp\/v2\/product_cat?post=15172"},{"taxonomy":"product_tag","embeddable":true,"href":"https:\/\/www.hydraulic-cylinders.net\/sl\/wp-json\/wp\/v2\/product_tag?post=15172"}],"curies":[{"name":"delovni list","href":"https:\/\/api.w.org\/{rel}","templated":true}]}}