{"id":15178,"date":"2025-01-19T14:12:13","date_gmt":"2025-01-19T14:12:13","guid":{"rendered":"https:\/\/www.hydraulic-cylinders.net\/product\/bucket-cylinder-for-sumitomo-middle-excavator-ls430fj2\/"},"modified":"2025-01-19T14:12:15","modified_gmt":"2025-01-19T14:12:15","slug":"bucket-cylinder-for-sumitomo-middle-excavator-ls430fj2","status":"publish","type":"product","link":"https:\/\/www.hydraulic-cylinders.net\/sl\/izdelek\/bucket-cylinder-for-sumitomo-middle-excavator-ls430fj2\/","title":{"rendered":"Cilinder \u017elice za srednji bager Sumitomo LS430FJ2"},"content":{"rendered":"<p><!DOCTYPE html><br \/>\n<html><br \/>\n<head><br \/>\n<title>Cilinder \u017elice za srednji bager Sumitomo LS430FJ2<\/title><br \/>\n<\/head><br \/>\n<body><\/p>\n<h1>Cilinder \u017elice za srednji bager Sumitomo LS430FJ2<\/h1>\n<h2>Uvod<\/h2>\n<p>Hidravli\u010dni valj \u017elice je posebej zasnovan hidravli\u010dni valj, ki se uporablja za nadzor gibanja \u017elice v te\u017ekih strojih, kot so bagri, bagri nakladalniki in \u010delni nakladalniki. Njegova glavna funkcija je omogo\u010danje dvigovanja, spu\u0161\u010danja in nagibanja \u017elice, kar olaj\u0161a razli\u010dna opravila ravnanja z materiali. V hidravli\u010dnem sistemu valj \u017elice dose\u017ee natan\u010den nadzor nad \u017elico z izkori\u0161\u010danjem sprememb tlaka hidravli\u010dnega olja, kar upravljavcem omogo\u010da u\u010dinkovito ravnanje s te\u017ekimi bremeni in prilagajanje kompleksnim delovnim okoljem ter raznolikim operativnim zahtevam.<\/p>\n<p><img decoding=\"async\" src=\"https:\/\/www.hydraulic-cylinders.net\/wp-content\/uploads\/2025\/01\/songte-company-2.webp\"><\/p>\n<h2>Zna\u010dilnosti<\/h2>\n<ul>\n<li>Visoka trdnost in vzdr\u017eljivost: Obi\u010dajno je izdelan iz visoko trdnega jekla ali aluminija, zato lahko prenese visok tlak in velike obremenitve ter se prilagaja zahtevnim delovnim okoljem. Zasnova upo\u0161teva odpornost proti obrabi in koroziji, kar podalj\u0161uje njegovo \u017eivljenjsko dobo.<\/li>\n<li>U\u010dinkovito hidravli\u010dno delovanje: Z uporabo tlaka hidravli\u010dnega olja dose\u017ee gladke gibe iztegovanja in vvla\u010devanja, kar omogo\u010da hiter odziv na krmilne ukaze in zagotavlja mo\u010dne potisne in vle\u010dne sile, primerne za ravnanje s te\u017ekimi bremeni in kompleksnimi nalogami.<\/li>\n<li>Razli\u010dne vrste: Valj \u017elice je mogo\u010de izbrati kot enosmerno delujo\u010d (hidravli\u010dno delovanje samo v eno smer) ali dvosmerno delujo\u010d (hidravli\u010dno delovanje v obe smeri), odvisno od potreb, ki izpolnjujejo razli\u010dne operativne zahteve. Nekateri modeli so teleskopski, kar omogo\u010da ve\u010dji razteg brez pove\u010danja zunanjih dimenzij, kar je idealno za uporabo z omejenim prostorom.<\/li>\n<li>Popolna zamenjava: Na\u0161i izdelki lahko popolnoma nadomestijo te hidravli\u010dne cilindre. <\/li>\n<\/ul>\n<p><img decoding=\"async\" src=\"https:\/\/www.hydraulic-cylinders.net\/wp-content\/uploads\/2025\/01\/songte-cylinder-head-with-all-kinds-excavator-models.webp\"><\/p>\n<h2>Aplikacije<\/h2>\n<p>Cilinder z \u017elico se pogosto uporablja v razli\u010dni opremi, vklju\u010dno z:<\/p>\n<ul>\n<li>Gradbena oprema: Nahajajo se v bagrih in so klju\u010dnega pomena za kopanje, nakladanje in premikanje zemlje ali ru\u0161evin. Pri bagrih nakladalnikih cilinder \u017elice pomaga tako pri kopanju kot pri dvigovanju.<\/li>\n<li>Kmetijska mehanizacija: Uporablja se v \u010delnih nakladalnikih za zajemanje, dvigovanje in prevoz zemlje, sena in drugih materialov.<\/li>\n<li>Bagri: Cilinder \u017elice omogo\u010da kopanje, saj \u017elici omogo\u010da prodiranje v zemljo.<\/li>\n<li>Nakladalci: Pri \u010delnih nakladalcih pomagajo pri u\u010dinkovitem dvigovanju in odlaganju blaga.<\/li>\n<\/ul>\n<p>Vsaka aplikacija je podrobneje pojasnjena spodaj:<\/p>\n<p>Gradbena oprema: Pri bagrih igrajo klju\u010dno vlogo pri kopanju, nakladanju in premikanju zemlje ali ru\u0161evin. Pri bagrih nakladalnikih cilinder \u017elice pomaga tako pri kopanju kot pri dvigovanju.<\/p>\n<p>Kmetijska mehanizacija: Cilinder \u017elice se uporablja v \u010delnih nakladalnikih za zajemanje, dvigovanje in prevoz zemlje, sena in drugih materialov.<\/p>\n<p>Bagri: Cilinder \u017elice omogo\u010da kopanje, saj omogo\u010da, da \u017elica prodre v zemljo.<\/p>\n<p>Nakladalci: Pri \u010delnih nakladalcih pomagajo pri u\u010dinkovitem dvigovanju in odlaganju blaga.<\/p>\n<h2>Oblikovalski vidiki in izbirna merila<\/h2>\n<p>Pri izbiri in izbiri lokomotivskega valja je treba upo\u0161tevati ve\u010d dejavnikov:<\/p>\n<ul>\n<li>Nosilnost: Valj \u017elice mora biti sposoben prenesti najve\u010djo obremenitev, ki jo bo do\u017eivel med delovanjem.<\/li>\n<li>Tesnjenje: Za prepre\u010devanje pu\u0161\u010danja in zagotavljanje pravilnega delovanja valja se uporabljajo razli\u010dne tesnilne komponente, kot so tesnila bata in tesnila palice.<\/li>\n<li>Vzdr\u017eljivost: Cilinder z \u017elico mora biti zasnovan tako, da prenese pri\u010dakovane obratovalne pogoje in ima dolgo \u017eivljenjsko dobo.<\/li>\n<li>Varnost: Za prepre\u010devanje previsokega tlaka je treba vklju\u010diti varnostne elemente, kot so varnostni ventili.<\/li>\n<li>Vzdr\u017eevanje: Enostaven dostop za vzdr\u017eevanje in popravila je bistvenega pomena za zmanj\u0161anje izpadov.<\/li>\n<\/ul>\n<p><img decoding=\"async\" src=\"https:\/\/www.hydraulic-cylinders.net\/wp-content\/uploads\/2025\/01\/songte-oil-pipes-and-spare-parts.webp\"><\/p>\n<h2>Tesnjenje in mazanje<\/h2>\n<p>Valj \u017elice uporablja razli\u010dne tesnilne komponente, kot so tesnila bata in tesnila palic, ki so izdelana iz materialov, odpornih proti obrabi, kot sta poliuretan in nitrilna guma. Telo valja in navojne kon\u010dne povr\u0161ine so fino obdelane za izbolj\u0161anje odpornosti proti obrabi. Za nemoteno delovanje je potrebno redno mazanje z ustrezno koli\u010dino hidravli\u010dnega olja.<\/p>\n<h2>Redni pregledi in preventivno vzdr\u017eevanje<\/h2>\n<p>Za ohranjanje optimalnega delovanja cilindra vedra priporo\u010damo redne preglede in preventivno vzdr\u017eevanje. Sprejeti je treba naslednje ukrepe:<\/p>\n<ul>\n<li>Redno pregledujte jeklenko glede morebitnih znakov obrabe, po\u0161kodb ali pu\u0161\u010danja.<\/li>\n<li>Pravilno mazanje vseh gibljivih delov za zagotovitev nemotenega delovanja.<\/li>\n<li>Pravo\u010dasna zamenjava obrabljenih ali po\u0161kodovanih tesnil za prepre\u010devanje pu\u0161\u010danja in zagotavljanje ustreznega tesnjenja.<\/li>\n<li>Kalibracijski pregledi za zagotovitev natan\u010dnega delovanja.<\/li>\n<\/ul>\n<h2>Pravilen priro\u010dnik za namestitev izdelka<\/h2>\n<p>Pravilna namestitev je klju\u010dnega pomena za optimalno delovanje in dolgo \u017eivljenjsko dobo cilindra z \u017elico. Upo\u0161tevajte naslednje korake:<\/p>\n<ul>\n<li>Med namestitvijo zagotovite pravilno poravnavo cilindra.<\/li>\n<li>Za pritrditev cilindra uporabite ustrezne monta\u017ene nosilce.<\/li>\n<li>Upo\u0161tevajte priporo\u010dene postopke pregleda, popravila in zamenjave.<\/li>\n<li>Zagotavljamo storitve obnove in nadomestne dele za podalj\u0161anje \u017eivljenjske dobe cilindra vedra.<\/li>\n<\/ul>\n<p><img decoding=\"async\" src=\"https:\/\/www.hydraulic-cylinders.net\/wp-content\/uploads\/2025\/01\/songte-chushion-collar.webp\"><\/p>\n<h2>Varnostni vidiki in okoljski dejavniki<\/h2>\n<p>Pri uporabi jeklenke z vedrom je pomembno dati prednost varnostnim ukrepom za prepre\u010devanje nesre\u010d. Za zagotovitev pravilnega delovanja in dolge \u017eivljenjske dobe jeklenke je treba upo\u0161tevati tudi okoljske dejavnike, kot sta temperatura in vla\u017enost.<\/p>\n<h2>Odpravljanje te\u017eav in pogoste te\u017eave<\/h2>\n<p>\u010ce se pojavijo kakr\u0161ne koli te\u017eave z valjem \u017elice, vam lahko naslednji nasveti in re\u0161itve za odpravljanje te\u017eav pomagajo pri u\u010dinkovitem diagnosticiranju in odpravljanju te\u017eav. Za zmanj\u0161anje morebitnih te\u017eav je treba sprejeti previdnostne ukrepe.<\/p>\n<p><img decoding=\"async\" src=\"https:\/\/www.hydraulic-cylinders.net\/wp-content\/uploads\/2025\/01\/songte-bushings-with-all-kinds-of-excavator-models.webp\"><\/p>\n<h2>Pregled podjetja<\/h2>\n<p>Smo proizvajalec nadomestnih hidravli\u010dnih cilindrov s \u0161iroko paleto izdelkov. Postali smo eden vodilnih proizvajalcev in veleprodajnih distributerjev hidravli\u010dnih cilindrov na doma\u010dem in mednarodnem trgu. V na\u0161i dobro opremljeni proizvodni delavnici se dr\u017eimo na\u010del odli\u010dne kakovosti in se zana\u0161amo na strategije industrijskega upravljanja proizvodnje. Z na\u0161o ekipo tehni\u010dnih strokovnjakov, najsodobnej\u0161o proizvodno opremo in profesionalnimi testnimi sistemi nenehno izbolj\u0161ujemo na\u0161o proizvodno platformo in proizvodno pot za zagotavljanje kakovosti izdelkov. Imamo mo\u010dne inovativne zmogljivosti in si prizadevamo zadovoljiti raznolike potrebe na\u0161ih strank z visoko u\u010dinkovitostjo, visoko natan\u010dnostjo in visokokakovostnimi izdelki.<\/p>\n<p><img decoding=\"async\" src=\"https:\/\/hzpt.com\/wp-content\/uploads\/2024\/11\/songte-company-1.webp\"><\/p>\n<h2>Podrobnosti o podjetju<\/h2>\n<p>Na\u0161e podjetje na trgu izstopa zaradi naslednjega:<\/p>\n<ul>\n<li>Profesionalnost: Imamo ekipo strokovnjakov, ki zagotavljajo najvi\u0161jo raven profesionalnosti pri vseh na\u0161ih dejavnostih.<\/li>\n<li>Mednarodni certifikati: Na\u0161i izdelki izpolnjujejo mednarodne standarde kakovosti in varnosti, kar zagotavlja zanesljivost in zadovoljstvo strank.<\/li>\n<li>Storitve prilagajanja: Ponujamo storitve prilagajanja, da zadostimo specifi\u010dnim zahtevam strank.<\/li>\n<li>Proizvodna oprema: Na\u0161 proizvodni obrat je opremljen z naprednimi stroji, ki zagotavljajo natan\u010dno in u\u010dinkovito proizvodnjo.<\/li>\n<li>Poprodajne storitve: Nudimo celovite poprodajne storitve, ki zagotavljajo podporo in zadovoljstvo strank.<\/li>\n<\/ul>\n<p><img decoding=\"async\" src=\"https:\/\/www.hydraulic-cylinders.net\/wp-content\/uploads\/2025\/01\/songte-company-3.webp\"><\/p>\n<p>Avtor: lyl<\/p>\n<p><\/body><br \/>\n<\/html><\/p>","protected":false},"excerpt":{"rendered":"<p>Bucket Cylinder For Sumitomo Middle Excavator LS430FJ2 Bucket Cylinder For Sumitomo Middle Excavator LS430FJ2 Introduction The bucket cylinder is a specially designed hydraulic cylinder used to control the movement of the bucket in heavy machinery such as excavators, backhoe loaders, and front-end loaders. Its main function is to enable the lifting, lowering, and tilting of [&hellip;]<\/p>","protected":false},"featured_media":14788,"comment_status":"open","ping_status":"closed","template":"","meta":{"_et_pb_use_builder":"","_et_pb_old_content":"","_et_gb_content_width":""},"product_brand":[],"product_cat":[1494],"product_tag":[1495,1496],"class_list":{"0":"post-15178","1":"product","2":"type-product","3":"status-publish","4":"has-post-thumbnail","6":"product_cat-bucket-cylinders","7":"product_tag-bucket-cylinders","8":"product_tag-hydraulic-cylinders","10":"first","11":"instock","12":"shipping-taxable","13":"product-type-simple"},"amp_enabled":true,"_links":{"self":[{"href":"https:\/\/www.hydraulic-cylinders.net\/sl\/wp-json\/wp\/v2\/product\/15178","targetHints":{"allow":["GET"]}}],"collection":[{"href":"https:\/\/www.hydraulic-cylinders.net\/sl\/wp-json\/wp\/v2\/product"}],"about":[{"href":"https:\/\/www.hydraulic-cylinders.net\/sl\/wp-json\/wp\/v2\/types\/product"}],"replies":[{"embeddable":true,"href":"https:\/\/www.hydraulic-cylinders.net\/sl\/wp-json\/wp\/v2\/comments?post=15178"}],"wp:featuredmedia":[{"embeddable":true,"href":"https:\/\/www.hydraulic-cylinders.net\/sl\/wp-json\/wp\/v2\/media\/14788"}],"wp:attachment":[{"href":"https:\/\/www.hydraulic-cylinders.net\/sl\/wp-json\/wp\/v2\/media?parent=15178"}],"wp:term":[{"taxonomy":"product_brand","embeddable":true,"href":"https:\/\/www.hydraulic-cylinders.net\/sl\/wp-json\/wp\/v2\/product_brand?post=15178"},{"taxonomy":"product_cat","embeddable":true,"href":"https:\/\/www.hydraulic-cylinders.net\/sl\/wp-json\/wp\/v2\/product_cat?post=15178"},{"taxonomy":"product_tag","embeddable":true,"href":"https:\/\/www.hydraulic-cylinders.net\/sl\/wp-json\/wp\/v2\/product_tag?post=15178"}],"curies":[{"name":"delovni list","href":"https:\/\/api.w.org\/{rel}","templated":true}]}}