{"id":15179,"date":"2025-01-19T14:12:17","date_gmt":"2025-01-19T14:12:17","guid":{"rendered":"https:\/\/www.hydraulic-cylinders.net\/product\/bucket-cylinder-for-sumitomo-middle-excavator-sh200-3g\/"},"modified":"2025-01-19T14:12:19","modified_gmt":"2025-01-19T14:12:19","slug":"bucket-cylinder-for-sumitomo-middle-excavator-sh200-3g","status":"publish","type":"product","link":"https:\/\/www.hydraulic-cylinders.net\/sl\/izdelek\/bucket-cylinder-for-sumitomo-middle-excavator-sh200-3g\/","title":{"rendered":"Cilinder \u017elice za srednji bager Sumitomo SH200-3G"},"content":{"rendered":"<h1>Cilinder \u017elice za srednji bager Sumitomo SH200-3G<\/h1>\n<h2>Uvod<\/h2>\n<p>Hidravli\u010dni cilinder \u017elice za bager Sumitomo Middle Excavator SH200-3G je specializiran hidravli\u010dni cilinder, ki se uporablja predvsem za nadzor gibanja \u017elice v te\u017ekih strojih, kot so bagri, bagri z nakladalniki in \u010delni nakladalniki. Njegova glavna funkcija je omogo\u010danje dvigovanja, spu\u0161\u010danja in nagibanja \u017elice, kar olaj\u0161a rokovanje z razli\u010dnimi materiali. V hidravli\u010dnem sistemu cilinder \u017elice uporablja spremembe tlaka hidravli\u010dnega olja za doseganje natan\u010dnega nadzora \u017elice, kar omogo\u010da upravljavcem u\u010dinkovito rokovanje s te\u017ekimi bremeni in prilagajanje kompleksnim delovnim okoljem ter raznolikim operativnim zahtevam.<\/p>\n<p><img decoding=\"async\" src=\"https:\/\/www.hydraulic-cylinders.net\/wp-content\/uploads\/2025\/01\/songte-company-2.webp\" alt=\"Slika valjaste \u017elice\"><\/p>\n<h3>Zna\u010dilnosti<\/h3>\n<ul>\n<li><strong>Visoka trdnost in vzdr\u017eljivost:<\/strong> Obi\u010dajno je izdelan iz visoko trdnega jekla ali aluminija, lahko prenese visok tlak in velike obremenitve, se prilagodi zahtevnim delovnim okoljem in pri zasnovi upo\u0161teva odpornost proti obrabi in koroziji za podalj\u0161anje \u017eivljenjske dobe.<\/li>\n<li><strong>U\u010dinkovito hidravli\u010dno delovanje:<\/strong> Z uporabo tlaka hidravli\u010dnega olja za doseganje gladkega gibanja raztezanja in kr\u010denja se lahko hitro odzove na operativne ukaze, zagotavlja mo\u010dno potisno in vle\u010dno silo ter je primeren za ravnanje s te\u017ekimi bremeni in kompleksnimi operativnimi nalogami.<\/li>\n<li><strong>Ve\u010d vrst:<\/strong> Cilinder je lahko enosmerno delujo\u010d (hidravlika se uporablja samo v eni smeri) ali dvosmerno delujo\u010d (hidravlika se uporablja v dveh smereh), odvisno od razli\u010dnih operativnih potreb. Nekateri modeli so teleskopski, kar omogo\u010da ve\u010dji razteg brez pove\u010danja zunanjih dimenzij, primerni za uporabo v omejenem prostoru.<\/li>\n<li><strong>Produkcija:<\/strong> Na\u0161e podjetje lahko proizvaja ta izdelek, na\u0161i izdelki pa lahko popolnoma nadomestijo te hidravli\u010dne cilindre.<\/li>\n<\/ul>\n<p><img decoding=\"async\" src=\"https:\/\/www.hydraulic-cylinders.net\/wp-content\/uploads\/2025\/01\/songte-cylinder-head-with-all-kinds-excavator-models.webp\" alt=\"Slika izdelka\"><\/p>\n<h2>Aplikacije<\/h2>\n<p>Cilinder \u017elice za srednji bager Sumitomo SH200-3G se lahko uporablja v razli\u010dnih aplikacijah, kot so:<\/p>\n<ul>\n<li><strong>Gradbena oprema:<\/strong> Pri bagrih so pomembni za kopanje, nakladanje in premikanje zemlje ali ru\u0161evin. Pri bagrih z nakladalno glavo cilinder \u017elice pomaga tako pri kopanju kot pri dvigovanju. <\/li>\n<li><strong>Kmetijska mehanizacija:<\/strong> Uporablja se v \u010delnih nakladalnikih za zajemanje, dvigovanje in prevoz zemlje, sena in drugih materialov. <\/li>\n<li><strong>Bagri:<\/strong> Cilinder \u017elice dose\u017ee kopanje tako, da \u017elici omogo\u010di prodiranje v zemljo. <\/li>\n<li><strong>Nakladalci:<\/strong> Pri \u010delnih nakladalnikih pomagajo pri u\u010dinkovitem dvigovanju in nagibanju tovora. <\/li>\n<\/ul>\n<h2>Oblikovalski vidiki in izbirna merila<\/h2>\n<p>Pri na\u010drtovanju cilindra \u017elice za srednji bager Sumitomo SH200-3G je treba upo\u0161tevati naslednje:<\/p>\n<ul>\n<li><strong>Nosilnost:<\/strong> Jeklenka mora imeti zadostno trdnost, da prenese obremenitve, s katerimi se bo soo\u010dila med uporabo.<\/li>\n<li><strong>Tesnjenje:<\/strong> Za prepre\u010devanje pu\u0161\u010danja hidravli\u010dne teko\u010dine iz valja se uporabljajo razli\u010dna tesnila, kot so tesnila bata in tesnila ojnic.<\/li>\n<li><strong>Vzdr\u017eljivost:<\/strong> Jeklenka mora biti zasnovana tako, da je odporna proti obrabi in koroziji, kar je mogo\u010de dose\u010di s skrbno izbiro materiala, povr\u0161insko obdelavo in drugimi tehnikami. <\/li>\n<li><strong>Varnost:<\/strong> Jeklenka mora biti zasnovana z mislijo na varnost, z elementi, kot so varnostni ventili za prepre\u010devanje preobremenitve in varnostni pokrovi za za\u0161\u010dito delavcev pred po\u0161kodbami. <\/li>\n<li><strong>Vzdr\u017eevanje:<\/strong> Jeklenka mora biti zasnovana za enostavno vzdr\u017eevanje, z lastnostmi, kot so lahko dostopne komponente in standardni priklju\u010dki za la\u017ejo zamenjavo tesnil in drugih delov.<\/li>\n<\/ul>\n<p><img decoding=\"async\" src=\"https:\/\/www.hydraulic-cylinders.net\/wp-content\/uploads\/2025\/01\/songte-oil-pipes-and-spare-parts.webp\" alt=\"Slika delov hidravli\u010dnega cilindra\"><\/p>\n<h2>Tesnjenje in mazanje<\/h2>\n<p>Cilinder \u017elice za srednji bager Sumitomo SH200-3G uporablja razli\u010dna tesnila, kot so tesnila bata in tesnila palic, izdelana iz materialov, odpornih proti obrabi, kot sta poliuretan in nitrilna guma, da se prepre\u010di pu\u0161\u010danje hidravli\u010dne teko\u010dine iz cilindra. Telo cilindra in navojna kon\u010dna povr\u0161ina sta natan\u010dno obdelana za izbolj\u0161anje odpornosti proti obrabi. Za nemoteno delovanje cilindra je potrebno redno dodajanje ustrezne koli\u010dine hidravli\u010dnega olja za mazanje.<\/p>\n<h2>Vzdr\u017eevanje in popravila<\/h2>\n<p>Redno vzdr\u017eevanje in popravila so bistvenega pomena za dolgo \u017eivljenjsko dobo valja vedra. Sledi nekaj pogostih vzdr\u017eevalnih opravil:<\/p>\n<ul>\n<li>Redni pregled <\/li>\n<li>Pravilno mazanje <\/li>\n<li>Zamenjava tesnila <\/li>\n<li>Preverjanja kalibracije <\/li>\n<\/ul>\n<p>Pomembno je, da med namestitvijo pravilno poravnate valj in uporabite ustrezne nosilce za pritrditev valja. Za podalj\u0161anje \u017eivljenjske dobe valja z \u017elico priporo\u010damo uporabo na\u0161ih priporo\u010denih postopkov pregleda, popravila in zamenjave. Ponujamo tudi nadomestne dele in storitve obnove.<\/p>\n<p><img decoding=\"async\" src=\"https:\/\/www.hydraulic-cylinders.net\/wp-content\/uploads\/2025\/01\/songte-chushion-collar.webp\" alt=\"Slika delov hidravli\u010dnega cilindra\"><\/p>\n<h2>Varnostni in okoljski vidiki<\/h2>\n<p>Pri uporabi cilindra \u017elice za srednji bager Sumitomo SH200-3G je pomembno upo\u0161tevati ustrezne varnostne ukrepe. Z zagotavljanjem pravilne namestitve, rednega pregleda in vzdr\u017eevanja se lahko izognete morebitnim operativnim tveganjem. Pravilno odstranjevanje hidravli\u010dnih teko\u010din in drugih nevarnih odpadkov je potrebno za zmanj\u0161anje negativnih vplivov na okolje.<\/p>\n<h2> Odpravljanje te\u017eav in pogoste te\u017eave<\/h2>\n<p>Pogoste te\u017eave z cilindrom \u017elice za srednji bager Sumitomo SH200-3G vklju\u010dujejo pu\u0161\u010danje olja, nezadostno ali neenakomerno silo in nenavaden hrup. Te te\u017eave je pogosto mogo\u010de odpraviti s preverjanjem tesnil, nivoja hidravli\u010dne teko\u010dine in zamenjavo morebitnih okvarjenih delov. Za prepre\u010devanje nadaljnjih te\u017eav priporo\u010damo redno vzdr\u017eevanje in preglede. <\/p>\n<p><img decoding=\"async\" src=\"https:\/\/www.hydraulic-cylinders.net\/wp-content\/uploads\/2025\/01\/songte-bushings-with-all-kinds-of-excavator-models.webp\" alt=\"Slika delov hidravli\u010dnega cilindra\"><\/p>\n<h2>O na\u0161em podjetju<\/h2>\n<p>Smo proizvajalec nadomestnih hidravli\u010dnih cilindrov. Na\u0161e podjetje proizvaja \u0161iroko paleto izdelkov in je postalo eden vodilnih proizvajalcev in veleprodajnih distributerjev hidravli\u010dnih cilindrov na doma\u010dem in mednarodnem trgu. Sledimo strategiji odli\u010dne kakovosti, pri \u010demer se zana\u0161amo na industrializirano upravljanje proizvodnje v finih proizvodnih delavnicah, nenehno izbolj\u0161evanje na\u0161ih delavnic in popolne proizvodne linije. Imamo mo\u010dne ustvarjalne sposobnosti in uporabljamo na\u010dela visoke u\u010dinkovitosti, visoke natan\u010dnosti in visoke kakovosti, da bi zadovoljili raznolike potrebe strank. <\/p>\n<h3>Profesionalnost<\/h3>\n<p>Na\u0161a ekipa strokovnjakov je osredoto\u010dena na zagotavljanje visokokakovostnih izdelkov in storitev na\u0161im strankam, pri \u010demer si prizadevamo ohraniti svoj polo\u017eaj vodilnega proizvajalca hidravli\u010dnih cilindrov z nenehnim izbolj\u0161evanjem in inovacijami na\u0161ih izdelkov.<\/p>\n<h3>Mednarodno certificiranje<\/h3>\n<p>Na\u0161i izdelki so pridobili mednarodne certifikate, kot sta ISO in CE, kar zagotavlja, da na\u0161i izdelki izpolnjujejo mednarodne standarde in predpise kakovosti.<\/p>\n<h3>Storitve prilagajanja<\/h3>\n<p>Ponujamo storitve prilagajanja, da zadostimo specifi\u010dnim potrebam na\u0161ih strank, in zagotavljamo re\u0161itve po meri, ki ustrezajo edinstvenim zahtevam projekta.<\/p>\n<h3>Proizvodna oprema<\/h3>\n<p>Za izdelavo na\u0161ih izdelkov uporabljamo napredno proizvodno opremo, ki zagotavlja visoko natan\u010dnost, kakovost in u\u010dinkovitost. <\/p>\n<h3>Poprodajne storitve<\/h3>\n<p>Zagotavljamo u\u010dinkovite in celovite poprodajne storitve, vklju\u010dno s tehni\u010dno podporo in nadomestnimi deli, da bi na\u0161im strankam zagotovili, da kar najbolje izkoristijo na\u0161e izdelke.<\/p>\n<p><img decoding=\"async\" src=\"https:\/\/hzpt.com\/wp-content\/uploads\/2024\/11\/songte-company-1.webp\" alt=\"Slika valjaste \u017elice\"><\/p>\n<p>Avtor: lyl<\/p>","protected":false},"excerpt":{"rendered":"<p>Bucket Cylinder For Sumitomo Middle Excavator SH200-3G Introduction The bucket cylinder for Sumitomo Middle Excavator SH200-3G is a specialized hydraulic cylinder that is mainly used to control the movement of the bucket in heavy machinery such as excavators, backhoe excavators, and front-end loaders. Its main function is to allow the bucket to be lifted, lowered, [&hellip;]<\/p>","protected":false},"featured_media":14787,"comment_status":"open","ping_status":"closed","template":"","meta":{"_et_pb_use_builder":"","_et_pb_old_content":"","_et_gb_content_width":""},"product_brand":[],"product_cat":[1494],"product_tag":[1495,1496],"class_list":{"0":"post-15179","1":"product","2":"type-product","3":"status-publish","4":"has-post-thumbnail","6":"product_cat-bucket-cylinders","7":"product_tag-bucket-cylinders","8":"product_tag-hydraulic-cylinders","10":"first","11":"instock","12":"shipping-taxable","13":"product-type-simple"},"amp_enabled":true,"_links":{"self":[{"href":"https:\/\/www.hydraulic-cylinders.net\/sl\/wp-json\/wp\/v2\/product\/15179","targetHints":{"allow":["GET"]}}],"collection":[{"href":"https:\/\/www.hydraulic-cylinders.net\/sl\/wp-json\/wp\/v2\/product"}],"about":[{"href":"https:\/\/www.hydraulic-cylinders.net\/sl\/wp-json\/wp\/v2\/types\/product"}],"replies":[{"embeddable":true,"href":"https:\/\/www.hydraulic-cylinders.net\/sl\/wp-json\/wp\/v2\/comments?post=15179"}],"wp:featuredmedia":[{"embeddable":true,"href":"https:\/\/www.hydraulic-cylinders.net\/sl\/wp-json\/wp\/v2\/media\/14787"}],"wp:attachment":[{"href":"https:\/\/www.hydraulic-cylinders.net\/sl\/wp-json\/wp\/v2\/media?parent=15179"}],"wp:term":[{"taxonomy":"product_brand","embeddable":true,"href":"https:\/\/www.hydraulic-cylinders.net\/sl\/wp-json\/wp\/v2\/product_brand?post=15179"},{"taxonomy":"product_cat","embeddable":true,"href":"https:\/\/www.hydraulic-cylinders.net\/sl\/wp-json\/wp\/v2\/product_cat?post=15179"},{"taxonomy":"product_tag","embeddable":true,"href":"https:\/\/www.hydraulic-cylinders.net\/sl\/wp-json\/wp\/v2\/product_tag?post=15179"}],"curies":[{"name":"delovni list","href":"https:\/\/api.w.org\/{rel}","templated":true}]}}