{"id":15185,"date":"2025-01-19T14:12:40","date_gmt":"2025-01-19T14:12:40","guid":{"rendered":"https:\/\/www.hydraulic-cylinders.net\/product\/bucket-cylinder-for-sumitomo-large-excavator-sh350-5\/"},"modified":"2025-01-19T14:12:42","modified_gmt":"2025-01-19T14:12:42","slug":"bucket-cylinder-for-sumitomo-large-excavator-sh350-5","status":"publish","type":"product","link":"https:\/\/www.hydraulic-cylinders.net\/sl\/izdelek\/bucket-cylinder-for-sumitomo-large-excavator-sh350-5\/","title":{"rendered":"Cilinder \u017elice za velik bager Sumitomo SH350-5"},"content":{"rendered":"<h2>Cilinder \u017elice za velik bager Sumitomo SH350-5<\/h2>\n<p><img decoding=\"async\" src=\"https:\/\/www.hydraulic-cylinders.net\/wp-content\/uploads\/2025\/01\/songte-company-2.webp\" alt=\"Slika valjaste \u017elice\"><\/p>\n<h3>Definicija in razlaga<\/h3>\n<p>Hidravli\u010dni valj \u017elice je posebej zasnovan hidravli\u010dni valj, ki se uporablja za nadzor gibanja \u017elice v te\u017ekih strojih, kot so bagri, bagri nakladalniki in \u010delni nakladalniki. Njegova glavna funkcija je omogo\u010danje dvigovanja, spu\u0161\u010danja in nagibanja \u017elice, kar olaj\u0161a opravljanje razli\u010dnih nalog ravnanja z materiali. V hidravli\u010dnem sistemu valj \u017elice dose\u017ee natan\u010den nadzor nad \u017elico z uporabo sprememb tlaka hidravli\u010dnega olja, kar omogo\u010da upravljavcem u\u010dinkovito ravnanje s te\u017ekimi bremeni in prilagajanje kompleksnim delovnim okoljem ter raznolikim zahtevam dela.<\/p>\n<h3>Zna\u010dilnosti cilindra vedra<\/h3>\n<ol>\n<li>Visoka trdnost in vzdr\u017eljivost: Valj z \u017elico, ki je obi\u010dajno izdelan iz visoko trdnega jekla ali aluminija, lahko prenese visok tlak in velike obremenitve, s \u010dimer se prilagaja zahtevnim delovnim okoljem. Njegova zasnova upo\u0161teva odpornost proti obrabi in koroziji, kar podalj\u0161uje njegovo \u017eivljenjsko dobo.<\/li>\n<li>U\u010dinkovito hidravli\u010dno delovanje: Z uporabo hidravli\u010dnega oljnega tlaka valj \u017elice dose\u017ee gladke gibe iztegovanja in vvla\u010devanja, kar omogo\u010da hiter odziv na krmilne ukaze in zagotavlja mo\u010dne potisne in vle\u010dne sile, primerne za ravnanje s te\u017ekimi bremeni in kompleksne delovne naloge.<\/li>\n<li>Vsestranske vrste: Valj \u017elice je mogo\u010de izbrati kot enosmerno delujo\u010d (hidravli\u010dni tlak se uporablja samo v eni smeri) ali dvosmerno delujo\u010d (hidravli\u010dni tlak se uporablja v obeh smereh), glede na specifi\u010dne operativne zahteve. Nekateri modeli so teleskopski, kar omogo\u010da ve\u010dji razteg brez pove\u010danja zunanjih dimenzij, zaradi \u010desar so primerni za uporabo z omejenim prostorom.<\/li>\n<li>Popolna zamenjava: Na\u0161 izdelek lahko popolnoma nadomesti te hidravli\u010dne cilindre.<\/li>\n<\/ol>\n<p><img decoding=\"async\" src=\"https:\/\/www.hydraulic-cylinders.net\/wp-content\/uploads\/2025\/01\/songte-cylinder-head-with-all-kinds-excavator-models.webp\" alt=\"Zamenjava cilindra \u017elice\"><\/p>\n<h3>Uporaba valja z \u017elico<\/h3>\n<p>Valji z \u017elico so bistveni v razli\u010dni opremi in strojih za razli\u010dne aplikacije:<\/p>\n<ul>\n<li>Gradbena oprema: Najdemo jih v bagrih in so klju\u010dni za kopanje, nakladanje in premikanje zemlje ali ru\u0161evin. Pri bagrih nakladalnikih cilinder \u017elice pomaga tako pri izkopavanju kot pri dvigovanju.<\/li>\n<li>Kmetijski stroji: Uporabljajo se v \u010delnih nakladalnikih in pomagajo pri zajemanju, dvigovanju in prevozu zemlje, sena in drugih materialov.<\/li>\n<li>Bagri: Cilinder \u017elice omogo\u010da izkopavanje, saj \u017elici omogo\u010da prodiranje v zemljo.<\/li>\n<li>Nakladalniki: Pri \u010delnih nakladalnikih pomagajo pri u\u010dinkovitem dvigovanju in nagibanju blaga.<\/li>\n<\/ul>\n<h3>Oblikovalski vidiki in izbirna merila<\/h3>\n<p>Pri na\u010drtovanju cilindrov z \u017elico je treba upo\u0161tevati ve\u010d dejavnikov in izbirnih meril:<\/p>\n<ul>\n<li>Nosilnost: Jeklenka mora biti sposobna prenesti najve\u010djo obremenitev, ki jo bo do\u017eivela med delovanjem.<\/li>\n<li>Tesnjenje: Za zagotovitev u\u010dinkovitega tesnjenja se uporabljajo razli\u010dne tesnilne komponente, kot so tesnila bata in tesnila ojnic, izdelana iz materialov, odpornih proti obrabi, kot sta poliuretan ali nitrilna guma.<\/li>\n<li>Vzdr\u017eljivost: Telo valja in navojne kon\u010dne povr\u0161ine so fino obdelane za izbolj\u0161anje odpornosti proti obrabi.<\/li>\n<li>Varnost: Za prepre\u010devanje nesre\u010d med delovanjem je treba izvajati varnostne ukrepe.<\/li>\n<li>Vzdr\u017eevanje: Upo\u0161tevati je treba enostavne postopke vzdr\u017eevanja in popravil, ki omogo\u010dajo u\u010dinkovito vzdr\u017eevanje jeklenke.<\/li>\n<\/ul>\n<p><img decoding=\"async\" src=\"https:\/\/www.hydraulic-cylinders.net\/wp-content\/uploads\/2025\/01\/songte-oil-pipes-and-spare-parts.webp\" alt=\"Deli hidravli\u010dnega cilindra\"><\/p>\n<h3>Tesnjenje in mazanje<\/h3>\n<p>Valji z \u017elico uporabljajo razli\u010dne tesnilne komponente, kot so tesnila bata in tesnila palic, ki so izdelana iz materialov, odpornih proti obrabi, kot sta poliuretan in nitrilna guma. Telo valja in navojne kon\u010dne povr\u0161ine so fino obdelane za ve\u010djo odpornost proti obrabi. Za nemoteno delovanje je potrebno redno mazanje z ustreznim hidravli\u010dnim oljem.<\/p>\n<h3>Redni pregledi in preventivni vzdr\u017eevalni ukrepi<\/h3>\n<ul>\n<li>Redno pregledujte jeklenko glede morebitnih znakov po\u0161kodb, pu\u0161\u010danja ali nenormalne obrabe.<\/li>\n<li>Zagotovite ustrezno mazanje v skladu s priporo\u010dili proizvajalca.<\/li>\n<li>Za optimalno delovanje redno menjajte obrabljena tesnila.<\/li>\n<li>Izvedite kalibracijske preglede, da zagotovite delovanje valja znotraj dolo\u010denih parametrov.<\/li>\n<\/ul>\n<p><img decoding=\"async\" src=\"https:\/\/www.hydraulic-cylinders.net\/wp-content\/uploads\/2025\/01\/songte-chushion-collar.webp\" alt=\"Vzdr\u017eevanje hidravli\u010dnih cilindrov\"><\/p>\n<h3>Varnostni vidiki in okoljski dejavniki<\/h3>\n<p>Pri uporabi jeklenk z \u017elico je bistveno dati prednost varnostnim ukrepom za prepre\u010devanje nesre\u010d in zagotavljanje dobrega po\u010dutja upravljavcev in okoli\u0161kega osebja.<\/p>\n<h3>Odpravljanje te\u017eav in pogoste te\u017eave<\/h3>\n<p>Pogoste te\u017eave, ki se lahko pojavijo pri cilindrih vedra, vklju\u010dujejo pu\u0161\u010danje, pomanjkanje odzivnosti in nenavadne zvoke. Za odpravo teh te\u017eav:<\/p>\n<ul>\n<li>Preverite morebitna vidna pu\u0161\u010danja ali po\u0161kodovana tesnila.<\/li>\n<li>Preverite, ali ima hidravli\u010dni sistem dovolj olja in pravilen tlak.<\/li>\n<li>Preverite valj glede morebitnih znakov nepravilne poravnave ali mehanskih te\u017eav.<\/li>\n<\/ul>\n<p><img decoding=\"async\" src=\"https:\/\/www.hydraulic-cylinders.net\/wp-content\/uploads\/2025\/01\/songte-bushings-with-all-kinds-of-excavator-models.webp\" alt=\"Pu\u0161e hidravli\u010dnih cilindrov\"><\/p>\n<h3>Nasveti za vzdr\u017eevanje<\/h3>\n<p>Redna vzdr\u017eevalna opravila za cilindre z \u017elico vklju\u010dujejo redne preglede, ustrezno mazanje, zamenjavo tesnil in preverjanje kalibracije. Pravilna namestitev, mazanje in nastavitev so klju\u010dnega pomena, med postopkom namestitve pa je treba zagotoviti navodila za poravnavo. Priporo\u010dljiva je uporaba ustreznih monta\u017enih nosilcev za pritrditev cilindra. Upo\u0161tevati je treba priporo\u010dene postopke pregleda, popravila in zamenjave ter izvajati tehnike za podalj\u0161anje \u017eivljenjske dobe cilindra z \u017elico.<\/p>\n<h3>O na\u0161em podjetju<\/h3>\n<p><img decoding=\"async\" src=\"https:\/\/hzpt.com\/wp-content\/uploads\/2024\/11\/songte-company-1.webp\" alt=\"Slika podjetja\"><\/p>\n<p>Smo proizvajalec nadomestnih hidravli\u010dnih cilindrov in ponujamo \u0161iroko paleto izdelkov. Postali smo eden vodilnih proizvajalcev in veleprodajnih distributerjev hidravli\u010dnih cilindrov na doma\u010dem in mednarodnem trgu. V na\u0161i prefinjeni proizvodni delavnici se dr\u017eimo na\u010del odli\u010dne kakovosti in se zana\u0161amo na strategije industrijskega upravljanja proizvodnje. Z uporabo tehnolo\u0161kih talentov, napredne proizvodne opreme in profesionalnih sistemov testiranja nenehno izbolj\u0161ujemo na\u0161o proizvodno platformo in proizvodne linije za kakovost izdelkov. Imamo mo\u010dne ustvarjalne sposobnosti in dajemo prednost u\u010dinkovitosti, natan\u010dnosti in visoki kakovosti, da bi zadovoljili raznolike potrebe na\u0161ih strank.<\/p>\n<p><img decoding=\"async\" src=\"https:\/\/www.hydraulic-cylinders.net\/wp-content\/uploads\/2025\/01\/songte-company-3.webp\" alt=\"Podatki o podjetju\"><\/p>\n<p>Ponosni smo na svojo profesionalnost, mednarodne certifikate, storitve po meri, proizvodno opremo in poprodajne storitve.<\/p>","protected":false},"excerpt":{"rendered":"<p>Bucket Cylinder For Sumitomo Large Excavator SH350-5 Definition and Explanation A bucket cylinder is a specially designed hydraulic cylinder used to control the movement of the bucket in heavy machinery, such as excavators, backhoe loaders, and front-end loaders. Its main function is to enable the lifting, lowering, and tilting of the bucket, making it easier [&hellip;]<\/p>","protected":false},"featured_media":14776,"comment_status":"open","ping_status":"closed","template":"","meta":{"_et_pb_use_builder":"","_et_pb_old_content":"","_et_gb_content_width":""},"product_brand":[],"product_cat":[1494],"product_tag":[1495,1496],"class_list":{"0":"post-15185","1":"product","2":"type-product","3":"status-publish","4":"has-post-thumbnail","6":"product_cat-bucket-cylinders","7":"product_tag-bucket-cylinders","8":"product_tag-hydraulic-cylinders","10":"first","11":"instock","12":"shipping-taxable","13":"product-type-simple"},"amp_enabled":true,"_links":{"self":[{"href":"https:\/\/www.hydraulic-cylinders.net\/sl\/wp-json\/wp\/v2\/product\/15185","targetHints":{"allow":["GET"]}}],"collection":[{"href":"https:\/\/www.hydraulic-cylinders.net\/sl\/wp-json\/wp\/v2\/product"}],"about":[{"href":"https:\/\/www.hydraulic-cylinders.net\/sl\/wp-json\/wp\/v2\/types\/product"}],"replies":[{"embeddable":true,"href":"https:\/\/www.hydraulic-cylinders.net\/sl\/wp-json\/wp\/v2\/comments?post=15185"}],"wp:featuredmedia":[{"embeddable":true,"href":"https:\/\/www.hydraulic-cylinders.net\/sl\/wp-json\/wp\/v2\/media\/14776"}],"wp:attachment":[{"href":"https:\/\/www.hydraulic-cylinders.net\/sl\/wp-json\/wp\/v2\/media?parent=15185"}],"wp:term":[{"taxonomy":"product_brand","embeddable":true,"href":"https:\/\/www.hydraulic-cylinders.net\/sl\/wp-json\/wp\/v2\/product_brand?post=15185"},{"taxonomy":"product_cat","embeddable":true,"href":"https:\/\/www.hydraulic-cylinders.net\/sl\/wp-json\/wp\/v2\/product_cat?post=15185"},{"taxonomy":"product_tag","embeddable":true,"href":"https:\/\/www.hydraulic-cylinders.net\/sl\/wp-json\/wp\/v2\/product_tag?post=15185"}],"curies":[{"name":"delovni list","href":"https:\/\/api.w.org\/{rel}","templated":true}]}}