{"id":15187,"date":"2025-01-19T14:12:54","date_gmt":"2025-01-19T14:12:54","guid":{"rendered":"https:\/\/www.hydraulic-cylinders.net\/product\/bucket-cylinder-for-sumitomo-large-excavator-sh450a2\/"},"modified":"2025-01-19T14:12:56","modified_gmt":"2025-01-19T14:12:56","slug":"bucket-cylinder-for-sumitomo-large-excavator-sh450a2","status":"publish","type":"product","link":"https:\/\/www.hydraulic-cylinders.net\/sl\/izdelek\/bucket-cylinder-for-sumitomo-large-excavator-sh450a2\/","title":{"rendered":"Cilinder \u017elice za velik bager Sumitomo SH450A2"},"content":{"rendered":"<h1>Cilinder \u017elice za velik bager Sumitomo SH450A2<\/h1>\n<h2>Uvod<\/h2>\n<p>Hidravli\u010dni cilinder \u017elice za veliki bager Sumitomo SH450A2 je posebej zasnovan hidravli\u010dni cilinder, ki se uporablja za krmiljenje gibanja \u017elice v te\u017ekih strojih, kot so bagri, bagri nakladalniki in \u010delni nakladalniki. Njegova glavna funkcija je omogo\u010diti \u017elici dvigovanje, spu\u0161\u010danje in nagibanje, kar olaj\u0161a razli\u010dna opravila ravnanja z materiali. V hidravli\u010dnem sistemu cilinder \u017elice dose\u017ee natan\u010den nadzor nad \u017elico s spremembami tlaka hidravli\u010dnega olja, kar omogo\u010da upravljavcem u\u010dinkovito ravnanje s te\u017ekimi bremeni in prilagajanje kompleksnim delovnim okoljem ter raznolikim zahtevam dela.<\/p>\n<p><img decoding=\"async\" src=\"https:\/\/www.hydraulic-cylinders.net\/wp-content\/uploads\/2025\/01\/songte-company-2.webp\" alt=\"Slika valjaste \u017elice\"><\/p>\n<h2>Zna\u010dilnosti<\/h2>\n<ul>\n<li>Visoka trdnost in vzdr\u017eljivost: Valj z \u017elico, ki je obi\u010dajno izdelan iz visoko trdnega jekla ali aluminija, lahko prenese visok tlak in velike obremenitve ter se prilagaja zahtevnim delovnim okoljem. Zasnova upo\u0161teva odpornost proti obrabi in koroziji, da se podalj\u0161a njegova \u017eivljenjska doba.<\/li>\n<li>U\u010dinkovito hidravli\u010dno delovanje: Z uporabo hidravli\u010dnega tlaka olja omogo\u010da valj \u017elice gladko iztegovanje in vstavljanje, kar zagotavlja hiter odziv na krmilne ukaze in mo\u010dne potisne in vle\u010dne sile, zaradi \u010desar je primeren za ravnanje s te\u017ekimi bremeni in kompleksnimi delovnimi nalogami.<\/li>\n<li>Razli\u010dne vrste: Valj \u017elice je lahko glede na operativne zahteve enosmerno delujo\u010d (hidravli\u010dni se uporablja samo v eni smeri) ali dvosmerno delujo\u010d (hidravli\u010dni se uporablja v obeh smereh). Nekateri modeli so teleskopski, kar omogo\u010da ve\u010dji razteg brez pove\u010danja zunanjih dimenzij, zaradi \u010desar so primerni za uporabo v omejenem prostoru.<\/li>\n<\/ul>\n<p><img decoding=\"async\" src=\"https:\/\/www.hydraulic-cylinders.net\/wp-content\/uploads\/2025\/01\/songte-cylinder-head-with-all-kinds-excavator-models.webp\" alt=\"Slika uporabe cilindra vedra\"><\/p>\n<h2>Aplikacije<\/h2>\n<p>Valj z \u017elico se uporablja v razli\u010dni opremi:<\/p>\n<ul>\n<li>Gradbena oprema: Pri bagrih so klju\u010dni za kopanje, nakladanje in premikanje zemlje ali ru\u0161evin. Pri bagrih nakladalnikih cilinder \u017elice pomaga tako pri kopanju kot pri dvigovanju.<\/li>\n<li>Kmetijska mehanizacija: Uporablja se v \u010delnih nakladalnikih za zajemanje, dvigovanje in prevoz zemlje, sena in drugih materialov.<\/li>\n<li>Bagri: Cilinder \u017elice omogo\u010da kopanje, saj \u017elici omogo\u010da prodiranje v zemljo.<\/li>\n<li>Nakladalniki: Pri \u010delnih nakladalnikih pomagajo pri u\u010dinkovitem dvigovanju in odlaganju blaga.<\/li>\n<\/ul>\n<h2>Oblikovalski vidiki in izbirna merila<\/h2>\n<ul>\n<li>Nosilnost: Valj \u017elice je zasnovan tako, da prenese pri\u010dakovane obremenitve in sile, ki nastanejo med delovanjem.<\/li>\n<li>Tesnjenje: Uporabljajo se razli\u010dne tesnilne komponente, kot so tesnila bata in tesnila ojnic, obi\u010dajno izdelane iz materialov, odpornih proti obrabi, kot sta poliuretan in nitrilna guma, kar zagotavlja u\u010dinkovito tesnjenje.<\/li>\n<li>Vzdr\u017eljivost: Telo in navojni konci valja so natan\u010dno obdelani za ve\u010djo odpornost proti obrabi.<\/li>\n<li>Varnost: Pri na\u010drtovanju je treba upo\u0161tevati prepre\u010devanje morebitnih nevarnosti in uporabo varnostnih elementov.<\/li>\n<li>Vzdr\u017eevanje: Cilinder vedra je zasnovan tako, da omogo\u010da enostavno vzdr\u017eevanje in popravilo, kar omogo\u010da u\u010dinkovito zamenjavo delov in obnovo za podalj\u0161anje njegove \u017eivljenjske dobe.<\/li>\n<\/ul>\n<p><img decoding=\"async\" src=\"https:\/\/www.hydraulic-cylinders.net\/wp-content\/uploads\/2025\/01\/songte-oil-pipes-and-spare-parts.webp\" alt=\"Slika zasnove valja vedra\"><\/p>\n<h2>Tesnjenje in mazanje<\/h2>\n<p>Valj \u017elice uporablja razli\u010dne tesnilne komponente, kot so tesnila bata in tesnila palic, ki so izdelana iz materialov, odpornih proti obrabi, kot sta poliuretan in nitrilna guma. Telo valja in navojni konci so fino obdelani za izbolj\u0161anje odpornosti proti obrabi. Redno mazanje z ustreznim hidravli\u010dnim oljem je potrebno za zagotovitev nemotenega delovanja in ohranjanje optimalne zmogljivosti.<\/p>\n<h2>Redni pregledi in preventivno vzdr\u017eevanje<\/h2>\n<ul>\n<li>Redno pregledujte valj vedra glede morebitnih znakov obrabe, po\u0161kodb ali pu\u0161\u010danja.<\/li>\n<li>Zagotovite ustrezno mazanje vseh gibljivih delov.<\/li>\n<li>Za ohranjanje u\u010dinkovitega tesnjenja redno menjajte tesnila.<\/li>\n<li>Za zagotovitev natan\u010dnega delovanja izvedite kalibracijske preglede.<\/li>\n<\/ul>\n<p><img decoding=\"async\" src=\"https:\/\/www.hydraulic-cylinders.net\/wp-content\/uploads\/2025\/01\/songte-chushion-collar.webp\" alt=\"Slika vzdr\u017eevanja cilindra vedra\"><\/p>\n<h2>Varnostni vidiki in okoljski dejavniki<\/h2>\n<p>Pri delu z valjem za vodo je bistveno upo\u0161tevati ustrezne varnostne ukrepe za prepre\u010devanje nesre\u010d in zagotavljanje dobrega po\u010dutja upravljavcev in okoli\u0161kega osebja. Upo\u0161tevanje okoljskih dejavnikov pomaga zmanj\u0161ati vpliv na okolje in spodbuja trajnostne prakse.<\/p>\n<h2>Diagnoza napak in odpravljanje te\u017eav<\/h2>\n<p>V primeru okvare je pomembno natan\u010dno diagnosticirati te\u017eavo. Pogoste te\u017eave z valjem \u017elice lahko vklju\u010dujejo pu\u0161\u010danje, nezadostno silo ali neenakomerno gibanje. Navedite nasvete in re\u0161itve za odpravljanje te\u017eav, ki bralcem pomagajo pri u\u010dinkovitem diagnosticiranju in re\u0161evanju te\u017eav. Predlagajte tudi preventivne ukrepe za zmanj\u0161anje morebitnih te\u017eav.<\/p>\n<p><img decoding=\"async\" src=\"https:\/\/www.hydraulic-cylinders.net\/wp-content\/uploads\/2025\/01\/songte-bushings-with-all-kinds-of-excavator-models.webp\" alt=\"Slika odpravljanja te\u017eav z valjem \u017elice\"><\/p>\n<p>Ne pozabite logi\u010dno organizirati \u010dlanka, uporabiti podnaslovov za la\u017ejo navigacijo, vklju\u010diti ustreznih slik ali grafikonov za bolj\u0161e razumevanje ter zagotoviti, da je vsebina jasna, jedrnata in primerna za bralce z razli\u010dnimi stopnjami tehni\u010dnega znanja.<\/p>\n<h2>O na\u0161em podjetju<\/h2>\n<p>Smo proizvajalec nadomestnih hidravli\u010dnih cilindrov in eden vodilnih proizvajalcev in veleprodajnih distributerjev hidravli\u010dnih cilindrov na doma\u010dem in mednarodnem trgu. V na\u0161i sofisticirani proizvodni delavnici se dr\u017eimo na\u010del odli\u010dne kakovosti in se zana\u0161amo na strategije industrijskega upravljanja proizvodnje. Z na\u0161imi tehni\u010dnimi talenti, napredno digitalno proizvodno opremo in profesionalnimi testnimi sistemi nenehno izbolj\u0161ujemo na\u0161o proizvodno platformo, optimiziramo proizvodni proces in imamo mo\u010dne proizvodne zmogljivosti. Prizadevamo si zadovoljiti raznolike potrebe strank z visoko u\u010dinkovitostjo, natan\u010dnostjo in kakovostjo.<\/p>\n<p><img decoding=\"async\" src=\"https:\/\/www.hydraulic-cylinders.net\/wp-content\/uploads\/2025\/01\/songte-company-3.webp\" alt=\"Slika podjetja\"><\/p>\n<h3>Poudarki na\u0161ega podjetja:<\/h3>\n<ul>\n<li>Strokovno znanje: Z bogatimi izku\u0161njami in znanjem zagotavljamo visokokakovostne hidravli\u010dne cilindre.<\/li>\n<li>Mednarodni certifikati: Na\u0161i izdelki izpolnjujejo mednarodne standarde in certifikate, kar zagotavlja njihovo zanesljivost in delovanje.<\/li>\n<li>Storitve prilagajanja: Ponujamo re\u0161itve hidravli\u010dnih cilindrov po meri, ki ustrezajo specifi\u010dnim zahtevam.<\/li>\n<li>Proizvodna oprema: Na\u0161e podjetje uporablja napredno proizvodno opremo za natan\u010dno izdelavo.<\/li>\n<li>Poprodajne storitve: Zagotavljamo odli\u010dne poprodajne storitve, vklju\u010dno z zamenjavo delov in obnovo, da podalj\u0161amo \u017eivljenjsko dobo na\u0161ih hidravli\u010dnih cilindrov.<\/li>\n<\/ul>\n<p>Avtor: lyl<\/p>","protected":false},"excerpt":{"rendered":"<p>Bucket Cylinder For Sumitomo Large Excavator SH450A2 Introduction The bucket cylinder for Sumitomo large excavator SH450A2 is a specially designed hydraulic cylinder used to control the movement of the bucket in heavy machinery such as excavators, backhoe loaders, and front loaders. Its main function is to enable the bucket to perform lifting, lowering, and tilting [&hellip;]<\/p>","protected":false},"featured_media":14771,"comment_status":"open","ping_status":"closed","template":"","meta":{"_et_pb_use_builder":"","_et_pb_old_content":"","_et_gb_content_width":""},"product_brand":[],"product_cat":[1494],"product_tag":[1495,1496],"class_list":{"0":"post-15187","1":"product","2":"type-product","3":"status-publish","4":"has-post-thumbnail","6":"product_cat-bucket-cylinders","7":"product_tag-bucket-cylinders","8":"product_tag-hydraulic-cylinders","10":"first","11":"instock","12":"shipping-taxable","13":"product-type-simple"},"amp_enabled":true,"_links":{"self":[{"href":"https:\/\/www.hydraulic-cylinders.net\/sl\/wp-json\/wp\/v2\/product\/15187","targetHints":{"allow":["GET"]}}],"collection":[{"href":"https:\/\/www.hydraulic-cylinders.net\/sl\/wp-json\/wp\/v2\/product"}],"about":[{"href":"https:\/\/www.hydraulic-cylinders.net\/sl\/wp-json\/wp\/v2\/types\/product"}],"replies":[{"embeddable":true,"href":"https:\/\/www.hydraulic-cylinders.net\/sl\/wp-json\/wp\/v2\/comments?post=15187"}],"wp:featuredmedia":[{"embeddable":true,"href":"https:\/\/www.hydraulic-cylinders.net\/sl\/wp-json\/wp\/v2\/media\/14771"}],"wp:attachment":[{"href":"https:\/\/www.hydraulic-cylinders.net\/sl\/wp-json\/wp\/v2\/media?parent=15187"}],"wp:term":[{"taxonomy":"product_brand","embeddable":true,"href":"https:\/\/www.hydraulic-cylinders.net\/sl\/wp-json\/wp\/v2\/product_brand?post=15187"},{"taxonomy":"product_cat","embeddable":true,"href":"https:\/\/www.hydraulic-cylinders.net\/sl\/wp-json\/wp\/v2\/product_cat?post=15187"},{"taxonomy":"product_tag","embeddable":true,"href":"https:\/\/www.hydraulic-cylinders.net\/sl\/wp-json\/wp\/v2\/product_tag?post=15187"}],"curies":[{"name":"delovni list","href":"https:\/\/api.w.org\/{rel}","templated":true}]}}