{"id":15193,"date":"2025-01-19T14:13:19","date_gmt":"2025-01-19T14:13:19","guid":{"rendered":"https:\/\/www.hydraulic-cylinders.net\/product\/bucket-cylinder-for-sumitomo-large-excavator-sh480hd-5\/"},"modified":"2025-01-19T14:13:21","modified_gmt":"2025-01-19T14:13:21","slug":"bucket-cylinder-for-sumitomo-large-excavator-sh480hd-5","status":"publish","type":"product","link":"https:\/\/www.hydraulic-cylinders.net\/sl\/izdelek\/bucket-cylinder-for-sumitomo-large-excavator-sh480hd-5\/","title":{"rendered":"Cilinder \u017elice za velik bager Sumitomo SH480HD-5"},"content":{"rendered":"<h1>Cilinder \u017elice za velik bager Sumitomo SH480HD-5<\/h1>\n<h2>Uvod<\/h2>\n<p>Hidravli\u010dni valj \u017elice je posebej zasnovan hidravli\u010dni valj, ki se uporablja predvsem za nadzor gibanja \u017elic v te\u017ekih strojih, kot so bagri, bagri in \u010delni nakladalniki. Njegova glavna funkcija je omogo\u010danje dvigovanja, spu\u0161\u010danja in nagibanja \u017elice, zaradi \u010desar je idealen za razli\u010dna opravila ravnanja z materiali. V hidravli\u010dnem sistemu cilindri \u017elice nadzorujejo natan\u010dno gibanje \u017elice z uporabo sprememb tlaka hidravli\u010dnega olja, kar omogo\u010da upravljavcem u\u010dinkovito ravnanje s te\u017ekimi bremeni in prilagajanje kompleksnim delovnim okoljem ter raznolikim zahtevam dela.<\/p>\n<p><img decoding=\"async\" src=\"https:\/\/www.hydraulic-cylinders.net\/wp-content\/uploads\/2025\/01\/songte-company-2.webp\" alt=\"Cilinder \u017elice za velik bager Sumitomo SH480HD-5\"><\/p>\n<h2>Zna\u010dilnosti<\/h2>\n<ul>\n<li>\n<h3>Visoka trdnost in vzdr\u017eljivost<\/h3>\n<p>Valji z \u017elico so obi\u010dajno izdelani iz visoko trdnega jekla ali aluminija, ki lahko prenesejo visok tlak in velike obremenitve, se prilagajajo zahtevnim delovnim okoljem in so zasnovani z mislijo na vzdr\u017eljivost in odpornost proti koroziji, kar podalj\u0161uje njihovo \u017eivljenjsko dobo.<\/p>\n<\/li>\n<li>\n<h3>U\u010dinkovito hidravli\u010dno delovanje<\/h3>\n<p>Cilindri \u017elice uporabljajo hidravli\u010dni tlak olja za doseganje gladkih gibov iztegovanja in kr\u010denja, se hitro odzivajo na krmilne ukaze, zagotavljajo mo\u010dne potisne in vle\u010dne sile ter so primerni za ravnanje s te\u017ekimi bremeni in kompleksnimi delovnimi nalogami.<\/p>\n<\/li>\n<li>\n<h3>Razli\u010dne vrste<\/h3>\n<p>Valji \u017elice so lahko enojno ali dvosmerno delujo\u010di (z uporabo hidravli\u010dnega tlaka v eni ali obeh smereh), odvisno od operativnih zahtev. Nekateri modeli so teleskopski, kar omogo\u010da ve\u010dji razteg brez pove\u010danja zunanjih dimenzij, primerni za uporabo v omejenem prostoru.<\/p>\n<\/li>\n<li>\n<h3>Zamenljivo<\/h3>\n<p>Na\u0161 izdelek lahko popolnoma nadomesti te hidravli\u010dne cilindre.<\/p>\n<\/li>\n<\/ul>\n<p><img decoding=\"async\" src=\"https:\/\/www.hydraulic-cylinders.net\/wp-content\/uploads\/2025\/01\/songte-cylinder-head-with-all-kinds-excavator-models.webp\" alt=\"Cilinder \u017elice za velik bager Sumitomo SH480HD-5\"><\/p>\n<h2>Aplikacije<\/h2>\n<p>Valji z \u017elico se pogosto uporabljajo v razli\u010dnih panogah, vklju\u010dno z gradbeno opremo, kmetijskimi stroji, bagri in nakladalniki. Spodaj je navedenih nekaj najpogostej\u0161ih uporab:<\/p>\n<ul>\n<li>\n<h3>Gradbena oprema<\/h3>\n<p>Pri bagrih so bistveni za kopanje, nakladanje in premikanje zemlje ali ru\u0161evin. Pri bagrih nakladalnikih \u017elicski cilindri pomagajo tako pri izkopavanju kot pri dvigovanju. Pri \u010delnih nakladalnikih pomagajo pri u\u010dinkovitem dvigovanju in prekucanju tovora.<\/p>\n<\/li>\n<li>\n<h3>Kmetijska mehanizacija<\/h3>\n<p>Uporabljajo se v \u010delnih nakladalnikih za zajemanje, dvigovanje in prevoz zemlje, sena in drugih materialov.<\/p>\n<\/li>\n<li>\n<h3>Bagri<\/h3>\n<p>Cilindri \u017elice omogo\u010dajo kopanje tako, da \u017elica bagra prodre v zemljo.<\/p>\n<\/li>\n<li>\n<h3>Nakladalci<\/h3>\n<p>Pri \u010delnih nakladalnikih pomagajo pri u\u010dinkovitem dvigovanju in razkladanju tovora.<\/p>\n<\/li>\n<\/ul>\n<h2>Oblikovalski vidiki in izbirna merila<\/h2>\n<p>Pri izbiri cilindrov z \u017elico je treba upo\u0161tevati ve\u010d konstrukcijskih vidikov, vklju\u010dno z:<\/p>\n<ul>\n<li>\n<h3>Nosilnost<\/h3>\n<p>Nosilnost cilindra mora biti zadostna za prena\u0161anje obremenitve in zagotavljanje nemotenega delovanja.<\/p>\n<\/li>\n<li>\n<h3>Tesnjenje<\/h3>\n<p>Za prepre\u010devanje pu\u0161\u010danja in zagotavljanje pravilnega delovanja valja je treba uporabiti razli\u010dne tesnilne komponente, kot so tesnila bata in tesnila ojnic.<\/p>\n<\/li>\n<li>\n<h3>Vzdr\u017eljivost<\/h3>\n<p>Jeklenka mora biti zasnovana tako, da je vzdr\u017eljiva v te\u017ekih okoljskih pogojih ter odporna proti koroziji in obrabi.<\/p>\n<\/li>\n<li>\n<h3>Varnost<\/h3>\n<p>Valji z \u017elico morajo biti zasnovani z varnostnimi elementi, kot so varnostni ventili za prepre\u010devanje preobremenitve in zagotavljanje varnega delovanja.<\/p>\n<\/li>\n<li>\n<h3>Vzdr\u017eevanje<\/h3>\n<p>Jeklenka mora biti zasnovana za enostavno vzdr\u017eevanje, vklju\u010dno z enostavno demonta\u017eo in ponovno monta\u017eo, enostavnim dostopom do komponent in mo\u017enostjo hitre zamenjave delov.<\/p>\n<\/li>\n<\/ul>\n<p><img decoding=\"async\" src=\"https:\/\/www.hydraulic-cylinders.net\/wp-content\/uploads\/2025\/01\/songte-oil-pipes-and-spare-parts.webp\" alt=\"Cilinder \u017elice za velik bager Sumitomo SH480HD-5\"><\/p>\n<h2>Tesnjenje in mazanje<\/h2>\n<p>Za prepre\u010devanje pu\u0161\u010danja in zagotavljanje pravilnega delovanja valja je treba uporabiti razli\u010dne tesnilne komponente, kot so tesnila bata in ojnice. Telo valja in navojne kon\u010dne povr\u0161ine so fino obdelane za izbolj\u0161anje odpornosti proti obrabi. Redno dodajajte ustrezno hidravli\u010dno olje za mazanje valja.<\/p>\n<h2>Vzdr\u017eevanje in odpravljanje te\u017eav<\/h2>\n<p>Redni pregledi, ustrezno mazanje, zamenjava tesnil in preverjanje kalibracije so pogosta vzdr\u017eevalna opravila. Pravilna namestitev, mazanje in nastavitev so bistvenega pomena za zagotovitev dolge \u017eivljenjske dobe cilindra z \u017elico. Med namestitvijo je treba zagotoviti ustrezno poravnavo in za pritrditev cilindra uporabiti ustrezne nosilce.<\/p>\n<p><img decoding=\"async\" src=\"https:\/\/www.hydraulic-cylinders.net\/wp-content\/uploads\/2025\/01\/songte-chushion-collar.webp\" alt=\"Cilinder \u017elice za velik bager Sumitomo SH480HD-5\"><\/p>\n<h2>Varnostni vidiki in okoljski dejavniki<\/h2>\n<p>Varnostni ukrepi so klju\u010dnega pomena pri uporabi jeklenk z vedri. Namestiti je treba varnostne elemente, kot so varnostni ventili za prepre\u010devanje preobremenitve in zagotavljanje varnega delovanja. Sprejeti je treba ustrezne ukrepe za varstvo okolja, da se prepre\u010di pu\u0161\u010danje olja in \u0161koda za okolje.<\/p>\n<h2>Predstavitev podjetja<\/h2>\n<p>Smo vodilni proizvajalec in distributer hidravli\u010dnih cilindrov na doma\u010dem in mednarodnem trgu, specializirani za nadomestne hidravli\u010dne cilindre. Dr\u017eimo se na\u010del odli\u010dne kakovosti, pri \u010demer se zana\u0161amo na industrializirano strategijo upravljanja proizvodnje s prefinjenimi proizvodnimi delavnicami. Proizvodno platformo na\u0161e delavnice nenehno izbolj\u0161ujemo z uporabo tehni\u010dnih talentov, vrhunske digitalne proizvodne opreme in profesionalnih sistemov za testiranje, izpopolnjujemo proizvodno linijo za kakovost izdelkov in imamo mo\u010dne proizvodne zmogljivosti za zadovoljevanje raznolikih potreb strank z visoko u\u010dinkovitostjo, visoko natan\u010dnostjo in visoko kakovostjo.<\/p>\n<p><img decoding=\"async\" src=\"https:\/\/hzpt.com\/wp-content\/uploads\/2024\/11\/songte-company-1.webp\" alt=\"Cilinder \u017elice za velik bager Sumitomo SH480HD-5\"><\/p>\n<h3>Profesionalnost<\/h3>\n<p>Imamo ekipo strokovnjakov za hidravli\u010dne cilindre, ki strankam pomagajo izbrati pravi cilinder za njihove specifi\u010dne potrebe.<\/p>\n<h3>Mednarodno certificiranje<\/h3>\n<p>Na\u0161i izdelki so prestali certifikat ISO9001: 2008 in CE.<\/p>\n<h3>Storitve prilagajanja<\/h3>\n<p>Nudimo prilagojene storitve, ki ustrezajo razli\u010dnim potrebam strank, in ponujamo re\u0161itve po meri.<\/p>\n<h3>Proizvodna oprema<\/h3>\n<p>Opremljeni smo z napredno opremo, kot so CNC stroji, avtomatski varilni stroji in stroji za galvanizacijo, ki lahko zadovoljijo raznolike zahteve na\u0161ih strank.<\/p>\n<h3>Poprodajne storitve<\/h3>\n<p>Nudimo poprodajne storitve, vklju\u010dno s popravili in vzdr\u017eevanjem, da zagotovimo nemoteno delovanje opreme na\u0161ih strank.<\/p>\n<p>Avtor: lyl<\/p>","protected":false},"excerpt":{"rendered":"<p>Bucket Cylinder For Sumitomo Large Excavator SH480HD-5 Introduction A bucket cylinder is a specially designed hydraulic cylinder used primarily to control the movement of buckets in heavy machinery such as excavators, backhoes, and front-end loaders. Its main function is to enable the bucket to lift, lower, and tilt, making it ideal for various material handling [&hellip;]<\/p>","protected":false},"featured_media":14788,"comment_status":"open","ping_status":"closed","template":"","meta":{"_et_pb_use_builder":"","_et_pb_old_content":"","_et_gb_content_width":""},"product_brand":[],"product_cat":[1494],"product_tag":[1495,1496],"class_list":{"0":"post-15193","1":"product","2":"type-product","3":"status-publish","4":"has-post-thumbnail","6":"product_cat-bucket-cylinders","7":"product_tag-bucket-cylinders","8":"product_tag-hydraulic-cylinders","10":"first","11":"instock","12":"shipping-taxable","13":"product-type-simple"},"amp_enabled":true,"_links":{"self":[{"href":"https:\/\/www.hydraulic-cylinders.net\/sl\/wp-json\/wp\/v2\/product\/15193","targetHints":{"allow":["GET"]}}],"collection":[{"href":"https:\/\/www.hydraulic-cylinders.net\/sl\/wp-json\/wp\/v2\/product"}],"about":[{"href":"https:\/\/www.hydraulic-cylinders.net\/sl\/wp-json\/wp\/v2\/types\/product"}],"replies":[{"embeddable":true,"href":"https:\/\/www.hydraulic-cylinders.net\/sl\/wp-json\/wp\/v2\/comments?post=15193"}],"wp:featuredmedia":[{"embeddable":true,"href":"https:\/\/www.hydraulic-cylinders.net\/sl\/wp-json\/wp\/v2\/media\/14788"}],"wp:attachment":[{"href":"https:\/\/www.hydraulic-cylinders.net\/sl\/wp-json\/wp\/v2\/media?parent=15193"}],"wp:term":[{"taxonomy":"product_brand","embeddable":true,"href":"https:\/\/www.hydraulic-cylinders.net\/sl\/wp-json\/wp\/v2\/product_brand?post=15193"},{"taxonomy":"product_cat","embeddable":true,"href":"https:\/\/www.hydraulic-cylinders.net\/sl\/wp-json\/wp\/v2\/product_cat?post=15193"},{"taxonomy":"product_tag","embeddable":true,"href":"https:\/\/www.hydraulic-cylinders.net\/sl\/wp-json\/wp\/v2\/product_tag?post=15193"}],"curies":[{"name":"delovni list","href":"https:\/\/api.w.org\/{rel}","templated":true}]}}