{"id":15195,"date":"2025-01-19T14:13:27","date_gmt":"2025-01-19T14:13:27","guid":{"rendered":"https:\/\/www.hydraulic-cylinders.net\/product\/bucket-cylinder-for-jcb-small-excavator-js200sc\/"},"modified":"2025-01-19T14:13:29","modified_gmt":"2025-01-19T14:13:29","slug":"bucket-cylinder-for-jcb-small-excavator-js200sc","status":"publish","type":"product","link":"https:\/\/www.hydraulic-cylinders.net\/sl\/izdelek\/bucket-cylinder-for-jcb-small-excavator-js200sc\/","title":{"rendered":"Cilinder \u017elice za majhen bager JCB JS200SC"},"content":{"rendered":"<h1>Cilinder \u017elice za majhen bager JCB JS200SC<\/h1>\n<h2>Uvod<\/h2>\n<p>Hidravli\u010dni cilinder \u017elice za majhen bager JCB JS200SC je posebej zasnovan hidravli\u010dni cilinder, ki se uporablja za nadzor gibanja \u017elice v te\u017ekih strojih, kot so bagri, bagri z nakladalniki in \u010delni nakladalniki. Njegova glavna funkcija je omogo\u010danje dvigovanja, spu\u0161\u010danja in nagibanja \u017elice, kar olaj\u0161a opravljanje razli\u010dnih nalog ravnanja z materiali. V hidravli\u010dnem sistemu cilinder \u017elice nadzoruje natan\u010dne gibe \u017elice s spreminjanjem tlaka hidravli\u010dnega olja, kar omogo\u010da upravljavcem u\u010dinkovito ravnanje s te\u017ekimi bremeni in prilagajanje kompleksnim delovnim okoljem ter raznolikim operativnim potrebam.<\/p>\n<p><img decoding=\"async\" src=\"https:\/\/www.hydraulic-cylinders.net\/wp-content\/uploads\/2025\/01\/songte-company-2.webp\" alt=\"Cilinder za vedro\"><\/p>\n<h2>Zna\u010dilnosti<\/h2>\n<ul>\n<li>Visoka trdnost in vzdr\u017eljivost: Obi\u010dajno so izdelani iz visoko trdnega jekla ali aluminija, sposobni prenesti visok tlak in velike obremenitve, prilagodljivi te\u017ekim delovnim okoljem, zasnovani z mislijo na odpornost proti obrabi in koroziji za podalj\u0161anje \u017eivljenjske dobe.<\/li>\n<li>U\u010dinkovito hidravli\u010dno delovanje: Izkori\u0161\u010da tlak hidravli\u010dnega olja za doseganje gladkega iztegovanja in umikanja, se lahko hitro odzove na krmilne ukaze in zagotavlja mo\u010dne potisne in vle\u010dne sile, primerne za ravnanje s te\u017ekimi bremeni in kompleksne operativne naloge.<\/li>\n<li>Razli\u010dne vrste: Enosmerni (hidravli\u010dni tlak se uporablja samo v eni smeri) ali dvosmerni (hidravli\u010dni tlak se uporablja v obeh smereh) cilindri, nekateri modeli so teleskopski, kar omogo\u010da ve\u010dji razteg brez pove\u010danja zunanjih dimenzij, primerni za uporabo z omejenim prostorom.<\/li>\n<li>Zamenljivo: Na\u0161 izdelek je popolna zamenjava za te hidravli\u010dne cilindre.<\/li>\n<\/ul>\n<p><img decoding=\"async\" src=\"https:\/\/www.hydraulic-cylinders.net\/wp-content\/uploads\/2025\/01\/songte-cylinder-head-with-all-kinds-excavator-models.webp\" alt=\"Cilinder za vedro\"><\/p>\n<h2>Aplikacije<\/h2>\n<p>Cilinder \u017elice za majhen bager JCB JS200SC se pogosto uporablja v razli\u010dnih panogah, kot so:<\/p>\n<ul>\n<li>Gradbena oprema: Pri bagrih so bistveni za izkopavanje, nakladanje in premikanje zemlje ali ru\u0161evin. Pri bagrih z nakladalno glavo cilindri \u017elice pomagajo tako pri izkopavanju kot pri dvigovanju. <\/li>\n<li>Kmetijski stroji: Uporabljajo se za \u010delne nakladalnike, za zajemanje, dvigovanje in prevoz zemlje, sena in drugih materialov. <\/li>\n<li>Bagri: Cilindri \u017elice omogo\u010dajo izkopavanje, saj omogo\u010dajo, da \u017elica prodre v zemljo. <\/li>\n<li>Nakladalci: Pri \u010delnih nakladalcih pomagajo pri u\u010dinkovitem dvigovanju in razkladanju blaga. <\/li>\n<\/ul>\n<p>Hidravli\u010dni cilinder \u017elice za majhen bager JCB JS200SC je izjemno vsestranski, zaradi \u010desar je nepogre\u0161ljiv hidravli\u010dni cilinder za razli\u010dne panoge in aplikacije.<\/p>\n<h2>Oblikovalski vidiki in izbirna merila<\/h2>\n<p>Pri na\u010drtovanju cilindra \u017elice za majhen bager JCB JS200SC je treba upo\u0161tevati naslednje:<\/p>\n<ul>\n<li>Nosilnost: Jeklenka mora biti sposobna prenesti nosilnost, ki je potrebna za specifi\u010dno uporabo.<\/li>\n<li>Tesnjenje: Za prepre\u010devanje pu\u0161\u010danja hidravli\u010dne teko\u010dine se uporabljajo razli\u010dna tesnila, kot so tesnila bata, tesnila palic in druga.<\/li>\n<li>Vzdr\u017eljivost: Izdelani iz visoko trdnih materialov in povr\u0161insko obdelani za odpornost proti obrabi in koroziji.<\/li>\n<li>Varnost: Zasnovan z varnostnimi funkcijami, kot so tla\u010dni varnostni ventili, za prepre\u010devanje preobremenitve in nenadnih nesre\u010d.<\/li>\n<li>Vzdr\u017eevanje: Zasnovano z mislijo na vzdr\u017eevanje, kar omogo\u010da enostaven dostop in zamenjavo delov.<\/li>\n<\/ul>\n<p><img decoding=\"async\" src=\"https:\/\/www.hydraulic-cylinders.net\/wp-content\/uploads\/2025\/01\/songte-oil-pipes-and-spare-parts.webp\" alt=\"Cilinder za vedro\"><\/p>\n<h2>Tesnjenje in mazanje<\/h2>\n<p>Cilinder \u017elice za majhen bager JCB JS200SC uporablja razli\u010dna tesnila, vklju\u010dno s tesnili bata in palice, izdelanimi iz materialov, odpornih proti obrabi, kot sta poliuretan in nitrilna guma. Telo cilindra in navojne kon\u010dne povr\u0161ine so fino obdelane za izbolj\u0161anje odpornosti proti obrabi. Redno mazanje s hidravli\u010dnim oljem je potrebno za nemoteno in u\u010dinkovito delovanje cilindra.<\/p>\n<p><img decoding=\"async\" src=\"https:\/\/www.hydraulic-cylinders.net\/wp-content\/uploads\/2025\/01\/songte-chushion-collar.webp\" alt=\"Cilinder za vedro\"><\/p>\n<h2>Pregled in preventivno vzdr\u017eevanje<\/h2>\n<p>Redni pregledi in preventivno vzdr\u017eevanje so klju\u010dnega pomena za zagotovitev nemotenega delovanja cilindra \u017elice za majhen bager JCB JS200SC. Nekatera pogosta vzdr\u017eevalna opravila vklju\u010dujejo:<\/p>\n<ul>\n<li>Redno pregledovanje cilindra glede znakov obrabe in po\u0161kodb.<\/li>\n<li>Redno mazanje cilindra s hidravli\u010dnim oljem.<\/li>\n<li>Zamenjava tesnil in preverjanje kalibracije.<\/li>\n<\/ul>\n<p>Pravilna namestitev, mazanje in nastavitev so bistvenega pomena za zagotovitev dolge \u017eivljenjske dobe cilindra z \u017elico. Uporaba ustreznih monta\u017enih nosilcev za pritrditev cilindra in upo\u0161tevanje priporo\u010denih postopkov pregleda, popravila in zamenjave lahko prav tako pripomorejo k podalj\u0161anju \u017eivljenjske dobe cilindra.<\/p>\n<h2>Varnostni vidiki in okoljski dejavniki<\/h2>\n<p>Pri uporabi cilindra \u017elice za majhen bager JCB JS200SC je pomembno upo\u0161tevati varnostne ukrepe, kot sta no\u0161enje ustrezne osebne za\u0161\u010ditne opreme in upo\u0161tevanje priporo\u010denih varnostnih smernic. Poleg tega je treba med namestitvijo in delovanjem upo\u0161tevati okoljske dejavnike, kot sta temperatura in vla\u017enost.<\/p>\n<p><img decoding=\"async\" src=\"https:\/\/www.hydraulic-cylinders.net\/wp-content\/uploads\/2025\/01\/songte-bushings-with-all-kinds-of-excavator-models.webp\" alt=\"Cilinder za vedro\"><\/p>\n<h2>Odpravljanje te\u017eav in pogoste te\u017eave<\/h2>\n<p>Pri te\u017eavah z valjastim cilindrom \u017elice za majhen bager JCB JS200SC je bistveno diagnosticirati te\u017eavo in sprejeti ustrezne korektivne ukrepe. Nekatere pogoste te\u017eave vklju\u010dujejo:<\/p>\n<ul>\n<li>Pu\u0161\u010danje hidravli\u010dne teko\u010dine zaradi obrabljenih tesnil ali po\u0161kodovanih povr\u0161in.<\/li>\n<li>Zmanj\u0161ana zmogljivost zaradi nizkega hidravli\u010dnega tlaka ali zama\u0161enih oljnih filtrov.<\/li>\n<li>Prekomerne vibracije ali hrup zaradi obrabljenih le\u017eajev ali ohlapnih delov.<\/li>\n<\/ul>\n<p>Redni pregledi, pravilno mazanje in vzdr\u017eevanje lahko pomagajo prepre\u010diti tak\u0161ne te\u017eave in zagotoviti nemoteno in u\u010dinkovito delovanje cilindra \u017elice za majhen bager JCB JS200SC.<\/p>\n<h2>O na\u0161em podjetju<\/h2>\n<p>Smo vodilni proizvajalec in veletrgovec hidravli\u010dnih cilindrov, vklju\u010dno z cilindrom \u017elice za majhen bager JCB JS200SC. Na\u0161a ponudba izdelkov je raznolika in zavezani smo k odli\u010dnosti v kakovosti in zadovoljstvu strank.<\/p>\n<p>Na\u0161e podjetje ima najsodobnej\u0161o proizvodno delavnico in uporablja najsodobnej\u0161o tehnologijo ter profesionalne sisteme testiranja za izbolj\u0161anje u\u010dinkovitosti proizvodnje in kakovosti izdelkov. Zagotavljamo prilagojene storitve, ki ustrezajo raznolikim potrebam na\u0161ih strank. Na\u0161i izdelki so mednarodno certificirani in ponujamo celovite poprodajne storitve za zagotavljanje zadovoljstva strank.<\/p>\n<p><img decoding=\"async\" src=\"https:\/\/hzpt.com\/wp-content\/uploads\/2024\/11\/songte-company-1.webp\" alt=\"Slika podjetja\"><\/p>\n<p>Hvala, ker ste izbrali na\u0161e izdelke. Za ve\u010d informacij nas prosim kontaktirajte.<\/p>\n<p>Avtor: lyl<\/p>","protected":false},"excerpt":{"rendered":"<p>Bucket Cylinder For JCB Small Excavator JS200SC Introduction The bucket cylinder for JCB small excavator JS200SC is a specially designed hydraulic cylinder used for controlling the movement of the bucket in heavy machinery such as excavators, backhoe excavators, and front-end loaders. Its main function is to enable the bucket to lift, lower, and tilt, making [&hellip;]<\/p>","protected":false},"featured_media":14785,"comment_status":"open","ping_status":"closed","template":"","meta":{"_et_pb_use_builder":"","_et_pb_old_content":"","_et_gb_content_width":""},"product_brand":[],"product_cat":[1494],"product_tag":[1495,1496],"class_list":{"0":"post-15195","1":"product","2":"type-product","3":"status-publish","4":"has-post-thumbnail","6":"product_cat-bucket-cylinders","7":"product_tag-bucket-cylinders","8":"product_tag-hydraulic-cylinders","10":"first","11":"instock","12":"shipping-taxable","13":"product-type-simple"},"amp_enabled":true,"_links":{"self":[{"href":"https:\/\/www.hydraulic-cylinders.net\/sl\/wp-json\/wp\/v2\/product\/15195","targetHints":{"allow":["GET"]}}],"collection":[{"href":"https:\/\/www.hydraulic-cylinders.net\/sl\/wp-json\/wp\/v2\/product"}],"about":[{"href":"https:\/\/www.hydraulic-cylinders.net\/sl\/wp-json\/wp\/v2\/types\/product"}],"replies":[{"embeddable":true,"href":"https:\/\/www.hydraulic-cylinders.net\/sl\/wp-json\/wp\/v2\/comments?post=15195"}],"wp:featuredmedia":[{"embeddable":true,"href":"https:\/\/www.hydraulic-cylinders.net\/sl\/wp-json\/wp\/v2\/media\/14785"}],"wp:attachment":[{"href":"https:\/\/www.hydraulic-cylinders.net\/sl\/wp-json\/wp\/v2\/media?parent=15195"}],"wp:term":[{"taxonomy":"product_brand","embeddable":true,"href":"https:\/\/www.hydraulic-cylinders.net\/sl\/wp-json\/wp\/v2\/product_brand?post=15195"},{"taxonomy":"product_cat","embeddable":true,"href":"https:\/\/www.hydraulic-cylinders.net\/sl\/wp-json\/wp\/v2\/product_cat?post=15195"},{"taxonomy":"product_tag","embeddable":true,"href":"https:\/\/www.hydraulic-cylinders.net\/sl\/wp-json\/wp\/v2\/product_tag?post=15195"}],"curies":[{"name":"delovni list","href":"https:\/\/api.w.org\/{rel}","templated":true}]}}