{"id":15200,"date":"2025-01-19T14:13:46","date_gmt":"2025-01-19T14:13:46","guid":{"rendered":"https:\/\/www.hydraulic-cylinders.net\/product\/bucket-cylinder-for-caterpillar-small-excavator-e70-70b\/"},"modified":"2025-01-19T14:13:54","modified_gmt":"2025-01-19T14:13:54","slug":"bucket-cylinder-for-caterpillar-small-excavator-e70-70b","status":"publish","type":"product","link":"https:\/\/www.hydraulic-cylinders.net\/sl\/izdelek\/bucket-cylinder-for-caterpillar-small-excavator-e70-70b\/","title":{"rendered":"Cilinder \u017elice za majhen bager Caterpillar E70\/70B"},"content":{"rendered":"<h1>Cilinder \u017elice za majhen bager Caterpillar E70\/70B<\/h1>\n<h2>Uvod<\/h2>\n<p>Hidravli\u010dni valj \u017elice je posebej zasnovan hidravli\u010dni valj, ki se uporablja predvsem za nadzor gibanja \u017elice v te\u017ekih strojih, kot so bagri, bagri in \u010delni nakladalniki. Njegova glavna funkcija je omogo\u010diti \u017elici dvigovanje, spu\u0161\u010danje in nagibanje, zaradi \u010desar je priro\u010dna za razli\u010dna opravila ravnanja z materiali. V hidravli\u010dnem sistemu valj \u017elice dose\u017ee natan\u010den nadzor nad \u017elico s spremembami tlaka hidravli\u010dnega olja, kar omogo\u010da upravljavcem u\u010dinkovito ravnanje s te\u017ekimi bremeni in prilagajanje kompleksnim delovnim okoljem ter raznolikim operativnim zahtevam.<\/p>\n<p><img decoding=\"async\" src=\"https:\/\/www.hydraulic-cylinders.net\/wp-content\/uploads\/2025\/01\/songte-company-2.webp\" alt=\"Cilinder za vedro\"><\/p>\n<h2>Zna\u010dilnosti<\/h2>\n<ul>\n<li>Visoka trdnost in vzdr\u017eljivost: Obi\u010dajno izdelani iz visoko trdnega jekla ali aluminija, lahko prenesejo visok tlak in velike obremenitve, primerni za zahtevna delovna okolja, zasnovani z mislijo na odpornost proti obrabi in koroziji, kar podalj\u0161a \u017eivljenjsko dobo.<\/li>\n<li>U\u010dinkovito hidravli\u010dno delovanje: Gladko iztegovanje in vstavljanje se dose\u017ee z uporabo tlaka hidravli\u010dnega olja, kar omogo\u010da hiter odziv na krmilne ukaze, zagotavlja mo\u010dne potisne in vle\u010dne sile ter je primerno za ravnanje s te\u017ekimi bremeni in kompleksnimi operativnimi nalogami.<\/li>\n<li>Razli\u010dne vrste: Enosmerno delujo\u010di (hidravli\u010dni, ki se uporabljajo samo v eni smeri) ali dvosmerno delujo\u010di (hidravli\u010dni, ki se uporabljajo v obeh smereh) cilindri se lahko izberejo glede na potrebe in razli\u010dne operativne zahteve. Nekateri modeli so teleskopski, kar omogo\u010da ve\u010dji razteg brez pove\u010danja zunanjih dimenzij, primerni za uporabo z omejenim prostorom.<\/li>\n<li>Enostavna namestitev: Enostavno namestitev namesto originalnega cilindra, kar prihrani \u010das in stro\u0161ke dela. Prilagodljivo glede na zahteve strank.<\/li>\n<li>Univerzalna zdru\u017eljivost: Lahko nadomesti razli\u010dne hidravli\u010dne cilindre in zagotavlja stro\u0161kovno u\u010dinkovito re\u0161itev za vzdr\u017eevanje in popravilo opreme.<\/li>\n<\/ul>\n<p><img decoding=\"async\" src=\"https:\/\/www.hydraulic-cylinders.net\/wp-content\/uploads\/2025\/01\/songte-cylinder-head-with-all-kinds-excavator-models.webp\" alt=\"Glava valja\"><\/p>\n<h2>Aplikacije<\/h2>\n<p>Cilinder \u017elice se pogosto uporablja v razli\u010dnih te\u017ekih strojih, vklju\u010dno z:<\/p>\n<ul>\n<li>Gradbena oprema: Pri bagrih so bistveni za kopanje, nakladanje in premikanje zemlje ali ru\u0161evin. Pri bagrih cilindri \u017elice pomagajo pri kopanju in dvigovanju. <\/li>\n<li>Kmetijska mehanizacija: Uporablja se v \u010delnih nakladalnikih za zajemanje, dvigovanje in prevoz zemlje, sena in drugih materialov. <\/li>\n<li>Oprema za ravnanje z materiali: Uporablja se v vili\u010darjih in drugih industrijskih vozilih za dvigovanje, prevoz in zlaganje blaga.<\/li>\n<\/ul>\n<h2>Oblikovalski vidiki in izbirna merila<\/h2>\n<p>Zasnova cilindra vedra je klju\u010dnega pomena za njegovo delovanje in vzdr\u017eljivost. Klju\u010dni dejavniki vklju\u010dujejo:<\/p>\n<ul>\n<li>Nosilnost: Cilinder mora biti sposoben prenesti pri\u010dakovano obremenitev brez okvare ali po\u0161kodb.<\/li>\n<li>Tesnjenje: Jeklenka mora biti zatesnjena, da se prepre\u010di pu\u0161\u010danje in kontaminacija.<\/li>\n<li>Vzdr\u017eljivost: Jeklenka mora biti sposobna prenesti pri\u010dakovano obrabo zaradi uporabe v zahtevnih okoljih.<\/li>\n<li>Varnost: Jeklenka mora biti zasnovana z varnostnimi elementi za prepre\u010devanje nesre\u010d in po\u0161kodb.<\/li>\n<li>Vzdr\u017eevanje: Jeklenka mora biti zasnovana za enostavno vzdr\u017eevanje in popravilo.<\/li>\n<\/ul>\n<p><img decoding=\"async\" src=\"https:\/\/www.hydraulic-cylinders.net\/wp-content\/uploads\/2025\/01\/songte-oil-pipes-and-spare-parts.webp\" alt=\"Oljne cevi in \u200b\u200brezervni deli\"><\/p>\n<h2>Tesnjenje in mazanje<\/h2>\n<p>Valj \u017elice uporablja razli\u010dne tesnilne komponente, kot so tesnilni obro\u010dki bata in tesnilni obro\u010dki palice, izdelani iz materialov, odpornih proti obrabi, kot sta poliuretan in nitrilna guma. Telo valja in navojne kon\u010dne povr\u0161ine so fino obdelane za izbolj\u0161anje odpornosti proti obrabi. Redno mazanje z ustreznim hidravli\u010dnim oljem je potrebno za zagotovitev nemotenega delovanja in podalj\u0161anje \u017eivljenjske dobe valja.<\/p>\n<h2>Vzdr\u017eevanje in popravila<\/h2>\n<p>Redni pregledi, mazanje in zamenjava tesnil so bistveni za ohranjanje delovanja cilindra in podalj\u0161anje njegove \u017eivljenjske dobe. Pravilna namestitev, mazanje in nastavitev so klju\u010dnega pomena za zagotovitev u\u010dinkovitega delovanja cilindra in prepre\u010devanje po\u0161kodb ali okvar. Priporo\u010dljivo je, da za pritrditev cilindra uporabite ustrezne monta\u017ene nosilce in upo\u0161tevate priporo\u010dene postopke pregleda, popravila in zamenjave, da zagotovite pravilno delovanje in varnost.<\/p>\n<p><img decoding=\"async\" src=\"https:\/\/www.hydraulic-cylinders.net\/wp-content\/uploads\/2025\/01\/songte-chushion-collar.webp\" alt=\"Ovratnik Chushion\"><\/p>\n<h2>Varnostni in okoljski vidiki<\/h2>\n<p>Pri uporabi jeklenke z vedrom je nujno upo\u0161tevati ustrezne varnostne postopke, da prepre\u010dite nesre\u010de in po\u0161kodbe. Redno vzdr\u017eevanje in pregledi lahko pomagajo prepre\u010diti tudi onesna\u017eenje okolja zaradi pu\u0161\u010danja teko\u010dine ali drugih po\u0161kodb jeklenke.<\/p>\n<h2>Odpravljanje te\u017eav in pogoste te\u017eave<\/h2>\n<p>Pogoste te\u017eave z cilindrom vedra vklju\u010dujejo pu\u0161\u010danje, zmanj\u0161ano delovanje in nepravilno delovanje. Pravilna diagnoza in popravilo teh te\u017eav zahtevata izku\u0161nje in strokovno znanje ter ju smejo izvajati le usposobljeni strokovnjaki. Redno vzdr\u017eevanje in pregledi lahko pomagajo prepre\u010diti nastanek teh te\u017eav.<\/p>\n<p><img decoding=\"async\" src=\"https:\/\/www.hydraulic-cylinders.net\/wp-content\/uploads\/2025\/01\/songte-bushings-with-all-kinds-of-excavator-models.webp\" alt=\"Pu\u0161e\"><\/p>\n<h2>O na\u0161em podjetju<\/h2>\n<p>Smo proizvajalec nadomestnih hidravli\u010dnih cilindrov in vodilni proizvajalec ter veletrgovec s hidravli\u010dnimi cilindri na doma\u010dem in mednarodnem trgu. Sledimo na\u010delu odli\u010dnosti v kakovosti in se zana\u0161amo na industrializirane strategije upravljanja proizvodnje v finih proizvodnih delavnicah. Na\u0161e podjetje nenehno izbolj\u0161uje proizvodno platformo delavnice z uporabo tehni\u010dnih talentov, vrhunske digitalne proizvodne opreme in profesionalnih sistemov testiranja, da bi izbolj\u0161alo kakovost proizvodne poti izdelka. Na\u0161e podjetje ima mo\u010dno ustvarjalno sposobnost in temelji na na\u010delih visoke u\u010dinkovitosti, visoke natan\u010dnosti in visoke kakovosti, da bi zadovoljilo raznolike potrebe strank.<\/p>\n<ul>\n<li>Profesionalnost: Na\u0161a ekipa strokovnjakov nudi profesionalne storitve in tehni\u010dno podporo strankam iz razli\u010dnih panog.<\/li>\n<li>Mednarodno certificiranje: Na\u0161i izdelki so prejeli razli\u010dne mednarodne certifikate, kot sta ISO in CE.<\/li>\n<li>Storitve prilagajanja: Nudimo hidravli\u010dne cilindre po meri glede na zahteve in specifikacije strank.<\/li>\n<li>Proizvodna oprema: Uporabljamo napredno proizvodno opremo za zagotavljanje kakovosti in natan\u010dnosti izdelkov.<\/li>\n<li>Poprodajne storitve: Zagotavljamo pravo\u010dasno in u\u010dinkovito poprodajno storitev, da zagotovimo zadovoljstvo strank.<\/li>\n<\/ul>\n<p><img decoding=\"async\" src=\"https:\/\/www.hydraulic-cylinders.net\/wp-content\/uploads\/2025\/01\/songte-company-3.webp\" alt=\"Podjetje\"><\/p>\n<p>Avtor: lyl<\/p>","protected":false},"excerpt":{"rendered":"<p>Bucket Cylinder For Caterpillar Small Excavator E70\/70B Introduction A bucket cylinder is a specially designed hydraulic cylinder primarily used to control the movement of the bucket in heavy machinery such as excavators, backhoes, and front-end loaders. Its main function is to enable the bucket to perform lifting, lowering, and tilting operations, making it convenient for [&hellip;]<\/p>","protected":false},"featured_media":14776,"comment_status":"open","ping_status":"closed","template":"","meta":{"_et_pb_use_builder":"","_et_pb_old_content":"","_et_gb_content_width":""},"product_brand":[],"product_cat":[1494],"product_tag":[1495,1496],"class_list":{"0":"post-15200","1":"product","2":"type-product","3":"status-publish","4":"has-post-thumbnail","6":"product_cat-bucket-cylinders","7":"product_tag-bucket-cylinders","8":"product_tag-hydraulic-cylinders","10":"first","11":"instock","12":"shipping-taxable","13":"product-type-simple"},"amp_enabled":true,"_links":{"self":[{"href":"https:\/\/www.hydraulic-cylinders.net\/sl\/wp-json\/wp\/v2\/product\/15200","targetHints":{"allow":["GET"]}}],"collection":[{"href":"https:\/\/www.hydraulic-cylinders.net\/sl\/wp-json\/wp\/v2\/product"}],"about":[{"href":"https:\/\/www.hydraulic-cylinders.net\/sl\/wp-json\/wp\/v2\/types\/product"}],"replies":[{"embeddable":true,"href":"https:\/\/www.hydraulic-cylinders.net\/sl\/wp-json\/wp\/v2\/comments?post=15200"}],"wp:featuredmedia":[{"embeddable":true,"href":"https:\/\/www.hydraulic-cylinders.net\/sl\/wp-json\/wp\/v2\/media\/14776"}],"wp:attachment":[{"href":"https:\/\/www.hydraulic-cylinders.net\/sl\/wp-json\/wp\/v2\/media?parent=15200"}],"wp:term":[{"taxonomy":"product_brand","embeddable":true,"href":"https:\/\/www.hydraulic-cylinders.net\/sl\/wp-json\/wp\/v2\/product_brand?post=15200"},{"taxonomy":"product_cat","embeddable":true,"href":"https:\/\/www.hydraulic-cylinders.net\/sl\/wp-json\/wp\/v2\/product_cat?post=15200"},{"taxonomy":"product_tag","embeddable":true,"href":"https:\/\/www.hydraulic-cylinders.net\/sl\/wp-json\/wp\/v2\/product_tag?post=15200"}],"curies":[{"name":"delovni list","href":"https:\/\/api.w.org\/{rel}","templated":true}]}}