{"id":15202,"date":"2025-01-19T14:14:00","date_gmt":"2025-01-19T14:14:00","guid":{"rendered":"https:\/\/www.hydraulic-cylinders.net\/product\/bucket-cylinder-for-caterpillar-small-excavator-e305ecr\/"},"modified":"2025-01-19T14:14:02","modified_gmt":"2025-01-19T14:14:02","slug":"bucket-cylinder-for-caterpillar-small-excavator-e305ecr","status":"publish","type":"product","link":"https:\/\/www.hydraulic-cylinders.net\/sl\/izdelek\/bucket-cylinder-for-caterpillar-small-excavator-e305ecr\/","title":{"rendered":"Cilinder \u017elice za majhen bager Caterpillar E305ECR"},"content":{"rendered":"<h1>Cilinder \u017elice za majhen bager Caterpillar E305ECR<\/h1>\n<h2>Uvod<\/h2>\n<p>Hidravli\u010dni cilinder \u017elice za majhen bager Caterpillar E305ECR je posebej zasnovan hidravli\u010dni cilinder, ki se uporablja za krmiljenje gibanja \u017elic v te\u017ekih strojih, kot so bagri, bagri z nakladalniki in \u010delni nakladalniki. Njegova glavna funkcija je omogo\u010danje dvigovanja, spu\u0161\u010danja in nagibanja \u017elice, zaradi \u010desar je priro\u010dna za razli\u010dna opravila ravnanja z materiali. V hidravli\u010dnih sistemih cilindri \u017elice dosegajo natan\u010den nadzor nad gibanjem \u017elice s spremembami tlaka hidravli\u010dnega olja, kar upravljavcem omogo\u010da u\u010dinkovito ravnanje s te\u017ekimi bremeni in prilagajanje kompleksnim delovnim okoljem ter raznolikim operativnim potrebam.<\/p>\n<p><img decoding=\"async\" src=\"https:\/\/www.hydraulic-cylinders.net\/wp-content\/uploads\/2025\/01\/songte-company-2.webp\" alt=\"Cilinder \u017elice za majhen bager Caterpillar E305ECR\"><\/p>\n<h2>Zna\u010dilnosti izdelka<\/h2>\n<ul>\n<li>Visoka trdnost in vzdr\u017eljivost: Izdelano iz visoko trdnega jekla ali aluminija, lahko prenese visok tlak in velike obremenitve, se prilagaja zahtevnim delovnim okoljem in je zasnovano za odpornost proti obrabi in koroziji, da se podalj\u0161a njegova \u017eivljenjska doba.<\/li>\n<li>U\u010dinkovito hidravli\u010dno delovanje: Izkori\u0161\u010da tlak hidravli\u010dnega olja za doseganje gladkega teleskopskega delovanja, se lahko hitro odzove na krmilne ukaze, zagotavlja mo\u010dno potisno in vle\u010dno silo ter je primeren za ravnanje s te\u017ekimi bremeni in kompleksnimi operativnimi nalogami.<\/li>\n<li>Razli\u010dne vrste: Glede na operativne potrebe je mogo\u010de izbrati enosmerno delujo\u010de (hidravli\u010dno delovanje samo v eni smeri) ali dvosmerno delujo\u010de (hidravli\u010dno delovanje v dveh smereh) cilindre. Nekateri modeli so teleskopski, kar omogo\u010da ve\u010dji razteg brez pove\u010danja zunanjih dimenzij, primerni za uporabo v omejenem prostoru.<\/li>\n<li>Zamenljivo: Na\u0161 izdelek lahko popolnoma nadomesti te hidravli\u010dne cilindre.<\/li>\n<\/ul>\n<p><img decoding=\"async\" src=\"https:\/\/www.hydraulic-cylinders.net\/wp-content\/uploads\/2025\/01\/songte-cylinder-head-with-all-kinds-excavator-models.webp\" alt=\"Cilinder \u017elice za majhen bager Caterpillar E305ECR\"><\/p>\n<h2>Scenariji uporabe<\/h2>\n<h3>Gradbena oprema<\/h3>\n<p>Pri bagrih so bistveni za kopanje, nakladanje in premikanje zemlje ali ru\u0161evin. Pri bagrih z nakladalno \u017elico cilindri pomagajo tako pri kopanju kot pri dvigovanju. Uporabljajo se pri \u010delnih nakladalnikih za zajemanje, dvigovanje in prevoz zemlje, sena in drugih materialov.<\/p>\n<h3>Kmetijska mehanizacija<\/h3>\n<p>Uporablja se za \u010delne nakladalnike za zajemanje, dvigovanje in prevoz zemlje, sena in drugih materialov.<\/p>\n<h3>Bagri<\/h3>\n<p>Cilindri \u017elice dose\u017eejo kopanje tako, da \u017elici omogo\u010dijo prodiranje v zemljo.<\/p>\n<h3>Nakladalci<\/h3>\n<p>Pri \u010delnih nakladalnikih pomagajo pri u\u010dinkovitem dvigovanju in razkladanju tovora.<\/p>\n<h2>Oblikovalski vidiki in izbirna merila<\/h2>\n<p>Valji z \u017elico morajo biti zasnovani tako, da prenesejo velike obremenitve, zatesnjeni, da prepre\u010dijo pu\u0161\u010danje, in trpe\u017eni, da prenesejo te\u017eke delovne pogoje. Prav tako morajo biti varni in enostavni za vzdr\u017eevanje.<\/p>\n<h3>Nosilnost<\/h3>\n<p>Valji z \u017elico so izdelani iz visoko trdnih materialov, ki prenesejo visok tlak in velike obremenitve. Batnica mora biti izdelana iz visoko trdnega jekla.<\/p>\n<h3>Tesnjenje<\/h3>\n<p>Za prepre\u010devanje pu\u0161\u010danja hidravli\u010dne teko\u010dine se uporabljajo razli\u010dna tesnila, kot so tesnila bata in tesnila palic. Za tesnila se zaradi odpornosti proti obrabi pogosto uporabljata poliuretan in nitrilni kav\u010duk. Telo valja in navojna \u010delnica sta fino obdelana za izbolj\u0161anje odpornosti proti obrabi. Redno mazanje je potrebno za prepre\u010devanje obrabe in zagotavljanje nemotenega delovanja.<\/p>\n<h3>Vzdr\u017eljivost<\/h3>\n<p>Valji z \u017elico morajo biti zasnovani tako, da prenesejo te\u017eke delovne pogoje in so odporni proti koroziji. Za zagotovitev dolge \u017eivljenjske dobe je treba uporabiti visokokakovostne materiale in premaze.<\/p>\n<h3>Varnost<\/h3>\n<p>Valji z vedrom morajo biti zasnovani tako, da zagotavljajo varnost upravljavca. Namestiti je treba varnostne ventile, da se prepre\u010di nadtlak in preobremenitev.<\/p>\n<h3>Vzdr\u017eevanje<\/h3>\n<p>Redni pregledi in vzdr\u017eevanje so potrebni za zagotovitev varnega in u\u010dinkovitega delovanja cilindrov \u017elice. To vklju\u010duje preverjanje pu\u0161\u010danja, zagotavljanje ustreznega mazanja, zamenjavo obrabljenih tesnil in preverjanje kalibracije.<\/p>\n<p><img decoding=\"async\" src=\"https:\/\/www.hydraulic-cylinders.net\/wp-content\/uploads\/2025\/01\/songte-oil-pipes-and-spare-parts.webp\" alt=\"Cilinder \u017elice za majhen bager Caterpillar E305ECR\"><\/p>\n<h2>Navodila za namestitev<\/h2>\n<p>Za namestitev cilindra z \u017elico ga je treba pravilno poravnati. Priporo\u010dljivo je uporabiti ustrezne monta\u017ene nosilce za pritrditev cilindra. Priporo\u010dljiva so naslednja vzdr\u017eevalna opravila:<\/p>\n<ul>\n<li>Redni pregled<\/li>\n<li>Pravilno mazanje<\/li>\n<li>Zamenjava tesnila<\/li>\n<li>Preverjanja kalibracije<\/li>\n<\/ul>\n<p><img decoding=\"async\" src=\"https:\/\/www.hydraulic-cylinders.net\/wp-content\/uploads\/2025\/01\/songte-chushion-collar.webp\" alt=\"Cilinder \u017elice za majhen bager Caterpillar E305ECR\"><\/p>\n<h2>Varnostni in okoljski vidiki<\/h2>\n<p>Pri uporabi jeklenk z vedrom je nujno upo\u0161tevati varnostne ukrepe, da prepre\u010dite nesre\u010de in po\u0161kodbe. Pravilna uporaba in vzdr\u017eevanje jeklenke lahko prepre\u010dita okoljsko \u0161kodo in zagotovita dolgo \u017eivljenjsko dobo jeklenke.<\/p>\n<h2>Odpravljanje te\u017eav in pogoste te\u017eave<\/h2>\n<p>Ko pride do te\u017eav z cilindri \u017elice, lahko to povzro\u010di zamude in varnostne pomisleke. Najpogostej\u0161e te\u017eave vklju\u010dujejo pu\u0161\u010danje, premikanje cilindra in slabo delovanje. Redni pregledi in vzdr\u017eevanje lahko pomagajo prepre\u010diti te te\u017eave.<\/p>\n<h2>O na\u0161em podjetju<\/h2>\n<p>Smo vodilni proizvajalec in veleprodajni distributer hidravli\u010dnih cilindrov na doma\u010dem in mednarodnem trgu. Sledimo strategiji odli\u010dnosti proizvodnje, pri \u010demer se zana\u0161amo na natan\u010dno ugla\u0161ene strategije upravljanja industrijske proizvodnje, tehnolo\u0161ke talente, vrhunsko digitalno proizvodno opremo in profesionalne sisteme testiranja za nenehno izbolj\u0161evanje na\u0161e proizvodne platforme. Zagotavljamo visokokakovostne izdelke, ki zadovoljujejo raznolike potrebe strank in izbolj\u0161ujejo njihovo operativno u\u010dinkovitost. Ponujamo profesionalne storitve in prilagojene re\u0161itve, ki ustrezajo njihovim specifi\u010dnim potrebam.<\/p>\n<ul>\n<li>Profesionalnost<\/li>\n<li>Mednarodno certificiranje<\/li>\n<li>Prilagojene storitve<\/li>\n<li>Proizvodna oprema<\/li>\n<li>Poprodajne storitve<\/li>\n<\/ul>\n<p><img decoding=\"async\" src=\"https:\/\/hzpt.com\/wp-content\/uploads\/2024\/11\/songte-company-1.webp\" alt=\"Cilinder \u017elice za majhen bager Caterpillar E305ECR\"><\/p>\n<p>Avtor: lyl.<\/p>","protected":false},"excerpt":{"rendered":"<p>Bucket Cylinder For Caterpillar Small Excavator E305ECR Introduction A bucket cylinder for Caterpillar small excavator E305ECR is a specially designed hydraulic cylinder used to control the movements of buckets in heavy machinery such as excavators, backhoe excavators, and front-end loaders. Its main function is to enable the bucket to lift, lower, and tilt, making it [&hellip;]<\/p>","protected":false},"featured_media":14771,"comment_status":"open","ping_status":"closed","template":"","meta":{"_et_pb_use_builder":"","_et_pb_old_content":"","_et_gb_content_width":""},"product_brand":[],"product_cat":[1494],"product_tag":[1495,1496],"class_list":{"0":"post-15202","1":"product","2":"type-product","3":"status-publish","4":"has-post-thumbnail","6":"product_cat-bucket-cylinders","7":"product_tag-bucket-cylinders","8":"product_tag-hydraulic-cylinders","10":"first","11":"instock","12":"shipping-taxable","13":"product-type-simple"},"amp_enabled":true,"_links":{"self":[{"href":"https:\/\/www.hydraulic-cylinders.net\/sl\/wp-json\/wp\/v2\/product\/15202","targetHints":{"allow":["GET"]}}],"collection":[{"href":"https:\/\/www.hydraulic-cylinders.net\/sl\/wp-json\/wp\/v2\/product"}],"about":[{"href":"https:\/\/www.hydraulic-cylinders.net\/sl\/wp-json\/wp\/v2\/types\/product"}],"replies":[{"embeddable":true,"href":"https:\/\/www.hydraulic-cylinders.net\/sl\/wp-json\/wp\/v2\/comments?post=15202"}],"wp:featuredmedia":[{"embeddable":true,"href":"https:\/\/www.hydraulic-cylinders.net\/sl\/wp-json\/wp\/v2\/media\/14771"}],"wp:attachment":[{"href":"https:\/\/www.hydraulic-cylinders.net\/sl\/wp-json\/wp\/v2\/media?parent=15202"}],"wp:term":[{"taxonomy":"product_brand","embeddable":true,"href":"https:\/\/www.hydraulic-cylinders.net\/sl\/wp-json\/wp\/v2\/product_brand?post=15202"},{"taxonomy":"product_cat","embeddable":true,"href":"https:\/\/www.hydraulic-cylinders.net\/sl\/wp-json\/wp\/v2\/product_cat?post=15202"},{"taxonomy":"product_tag","embeddable":true,"href":"https:\/\/www.hydraulic-cylinders.net\/sl\/wp-json\/wp\/v2\/product_tag?post=15202"}],"curies":[{"name":"delovni list","href":"https:\/\/api.w.org\/{rel}","templated":true}]}}