{"id":15203,"date":"2025-01-19T14:14:05","date_gmt":"2025-01-19T14:14:05","guid":{"rendered":"https:\/\/www.hydraulic-cylinders.net\/product\/bucket-cylinder-for-caterpillar-small-excavator-e308b\/"},"modified":"2025-01-19T14:14:07","modified_gmt":"2025-01-19T14:14:07","slug":"bucket-cylinder-for-caterpillar-small-excavator-e308b","status":"publish","type":"product","link":"https:\/\/www.hydraulic-cylinders.net\/sl\/izdelek\/bucket-cylinder-for-caterpillar-small-excavator-e308b\/","title":{"rendered":"Cilinder \u017elice za majhen bager Caterpillar E308B"},"content":{"rendered":"<h1>Cilinder \u017elice za majhen bager Caterpillar E308B<\/h1>\n<h2>Uvod<\/h2>\n<p>Hidravli\u010dni cilinder \u017elice je specializiran hidravli\u010dni cilinder, zasnovan predvsem za krmiljenje gibanja \u017elice v te\u017ekih strojih, kot so bagri, bagri in \u010delni nakladalniki. Njegova glavna funkcija je omogo\u010diti dvigovanje, spu\u0161\u010danje in nagibanje \u017elice, kar olaj\u0161a opravljanje razli\u010dnih nalog ravnanja z materiali. V hidravli\u010dnem sistemu cilinder \u017elice dose\u017ee natan\u010den nadzor nad gibanjem \u017elice s spremembami tlaka hidravli\u010dnega olja, kar omogo\u010da upravljavcem u\u010dinkovito ravnanje s te\u017ekimi bremeni in prilagajanje kompleksnim delovnim okoljem ter raznolikim zahtevam dela.<\/p>\n<p><img decoding=\"async\" src=\"https:\/\/www.hydraulic-cylinders.net\/wp-content\/uploads\/2025\/01\/songte-company-2.webp\"><\/p>\n<h2>Zna\u010dilnosti<\/h2>\n<ul>\n<li><strong>Visoka trdnost in vzdr\u017eljivost:<\/strong> Obi\u010dajno je izdelan iz visoko trdnega jekla ali aluminija, lahko prenese visok tlak in velike obremenitve, se prilagodi zahtevnim delovnim okoljem in je zasnovan z mislijo na odpornost proti obrabi in koroziji, da podalj\u0161a \u017eivljenjsko dobo.<\/li>\n<li><strong>U\u010dinkovito hidravli\u010dno delovanje:<\/strong> Valj \u017elice dose\u017ee gladko iztegovanje in vle\u010denje s pritiskom hidravli\u010dnega olja, kar omogo\u010da hiter odziv na krmilne ukaze, zagotavlja mo\u010dne potisne in vle\u010dne sile ter je primeren za ravnanje s te\u017ekimi bremeni in kompleksnimi nalogami.<\/li>\n<li><strong>Razli\u010dne vrste:<\/strong> Valj \u017elice je mogo\u010de izbrati kot enosmerni (hidravlika se uporablja samo v eni smeri) ali dvosmerni (hidravlika se uporablja v obeh smereh) glede na potrebe za izpolnjevanje razli\u010dnih operativnih zahtev. Nekateri modeli so teleskopski, kar omogo\u010da ve\u010dji izvle\u010dek brez pove\u010danja zunanjih dimenzij, zaradi \u010desar so primerni za uporabo z omejenim prostorom.<\/li>\n<li><strong>Enostavna zamenjava:<\/strong> Na\u0161i izdelki lahko popolnoma nadomestijo te hidravli\u010dne cilindre. <\/li>\n<\/ul>\n<p><img decoding=\"async\" src=\"https:\/\/www.hydraulic-cylinders.net\/wp-content\/uploads\/2025\/01\/songte-cylinder-head-with-all-kinds-excavator-models.webp\"><\/p>\n<h2>Aplikacije<\/h2>\n<p>Cilinder \u017elice je bistvenega pomena za izkopavanje, nakladanje in premikanje zemlje ali ru\u0161evin v razli\u010dnih te\u017ekih strojih, vklju\u010dno z:<\/p>\n<ul>\n<li><strong>Gradbena oprema:<\/strong> Pri bagrih so klju\u010dni za kopanje, nakladanje in premikanje zemlje ali ru\u0161evin. Pri bagrih cilinder \u017elice pomaga pri kopanju in dvigovanju. <\/li>\n<li><strong>Kmetijska mehanizacija:<\/strong> Uporablja se za \u010delne nakladalnike, pobiranje, dvigovanje in prevoz zemlje, sena in drugih materialov. <\/li>\n<li><strong>Bagri:<\/strong> Cilinder \u017elice dose\u017ee kopanje tako, da \u017elici omogo\u010di prodiranje v zemljo. <\/li>\n<li><strong>Nakladalci:<\/strong> Pri \u010delnih nakladalnikih pomagajo pri u\u010dinkovitem dvigovanju in razkladanju blaga.<\/li>\n<\/ul>\n<h2>Oblikovalski vidiki in izbirna merila<\/h2>\n<p>Pri izbiri cilindra za vedro je treba upo\u0161tevati ve\u010d dejavnikov, vklju\u010dno z:<\/p>\n<ul>\n<li><strong>Nosilnost:<\/strong> Valj vedra mora biti sposoben podpirati te\u017eo materiala, s katerim se ravna.<\/li>\n<li><strong>Tesnjenje:<\/strong> Razli\u010dna tesnila, kot so tesnila bata, tesnila palic itd., morajo biti izdelana iz materialov, odpornih proti obrabi, kot sta poliuretan in nitrilna guma, povr\u0161ina telesa valja in navojnih koncev pa mora biti fino obdelana za izbolj\u0161anje odpornosti proti obrabi.<\/li>\n<li><strong>Vzdr\u017eljivost:<\/strong> Valj vedra mora biti izdelan iz visoko trdnih materialov, ki prenesejo visok tlak in velike obremenitve, ter zasnovan z mislijo na materiale, odporne proti obrabi in koroziji, da se podalj\u0161a \u017eivljenjska doba.<\/li>\n<li><strong>Varnost in vzdr\u017eevanje:<\/strong> Jeklenka vedra mora biti zasnovana tako, da zagotavlja varno in enostavno vzdr\u017eevanje, vklju\u010dno z enostavnim dostopom do fitingov za pregled, enostavno zamenjavo tesnil ali drugih delov itd.<\/li>\n<\/ul>\n<p><img decoding=\"async\" src=\"https:\/\/www.hydraulic-cylinders.net\/wp-content\/uploads\/2025\/01\/songte-oil-pipes-and-spare-parts.webp\"><\/p>\n<h2>Tesnjenje in mazanje<\/h2>\n<p>Valj \u017elice uporablja razli\u010dne tesnilne komponente, kot so tesnila bata, tesnila palice itd., izdelane iz materialov, odpornih proti obrabi, kot sta poliuretan in nitrilna guma. Povr\u0161ina ohi\u0161ja valja in navojnih koncev je fino obdelana za izbolj\u0161anje odpornosti proti obrabi, za mazanje pa je treba redno dodajati ustrezno koli\u010dino hidravli\u010dnega olja.<\/p>\n<h2>Preventivno vzdr\u017eevanje in pregled<\/h2>\n<p>Redni pregledi in preventivno vzdr\u017eevanje lahko zmanj\u0161ajo verjetnost nepri\u010dakovanih izpadov in podalj\u0161ajo \u017eivljenjsko dobo cilindra vedra. Pogosta vzdr\u017eevalna opravila vklju\u010dujejo:<\/p>\n<ul>\n<li>Redni pregled<\/li>\n<li>Pravilno mazanje<\/li>\n<li>Zamenjava tesnila<\/li>\n<li>Preverjanje kalibracije<\/li>\n<\/ul>\n<p><img decoding=\"async\" src=\"https:\/\/www.hydraulic-cylinders.net\/wp-content\/uploads\/2025\/01\/songte-chushion-collar.webp\"><\/p>\n<h2>Varnostni vidiki in okoljski dejavniki<\/h2>\n<p>Pri upravljanju cilindra z vedrom je nujno upo\u0161tevati varnostne protokole, da prepre\u010dite po\u0161kodbe ali \u0161kodo na opremi. Sprejeti je treba ustrezne varnostne ukrepe za zagotovitev varne uporabe cilindra z vedrom med delovanjem. Upo\u0161tevati je treba tudi okoljske dejavnike, da se zagotovi uporaba cilindra z vedrom v skladu s predpisi in pravili za varstvo okolja.<\/p>\n<h2>Odpravljanje te\u017eav in pogoste te\u017eave<\/h2>\n<p>Nekatere pogoste te\u017eave, ki se lahko pojavijo pri uporabi cilindra z \u017elico, vklju\u010dujejo:<\/p>\n<ul>\n<li>Pu\u0161\u010danje hidravli\u010dne teko\u010dine<\/li>\n<li>Nenavadni zvoki med delovanjem<\/li>\n<li>Te\u017eave pri nadzoru \u017elice<\/li>\n<\/ul>\n<p>Za re\u0161itev teh te\u017eav je priporo\u010dljivo, da se posvetujete s strokovnjakom. Redno vzdr\u017eevanje lahko pomaga prepre\u010diti nastanek teh te\u017eav.<\/p>\n<p><img decoding=\"async\" src=\"https:\/\/www.hydraulic-cylinders.net\/wp-content\/uploads\/2025\/01\/songte-bushings-with-all-kinds-of-excavator-models.webp\"><\/p>\n<h2>O na\u0161em podjetju<\/h2>\n<p>Smo proizvajalec nadomestnih hidravli\u010dnih cilindrov s celotno paleto izdelkov in smo postali eden vodilnih proizvajalcev in veleprodajnih distributerjev hidravli\u010dnih cilindrov na doma\u010dem in mednarodnem trgu. Dr\u017eimo se na\u010dela odli\u010dne kakovosti in se zana\u0161amo na industrializirane strategije upravljanja proizvodnje v prefinjenih proizvodnih delavnicah. Na\u0161e podjetje nenehno izbolj\u0161uje proizvodno platformo, izpopolnjuje pot kakovosti proizvodnje in ima mo\u010dno ustvarjalno sposobnost. Z na\u010deli visoke u\u010dinkovitosti, visoke natan\u010dnosti in visoke kakovosti izpolnjujemo raznolike potrebe na\u0161ih strank.<\/p>\n<p>Na\u0161e podjetje je certificirano z razli\u010dnimi mednarodnimi certifikati in nudimo prilagojene storitve, vrhunsko digitalno proizvodno opremo in profesionalne sisteme za testiranje. Prizadevamo si, da vam zagotovimo najbolj\u0161e izdelke in storitve.<\/p>\n<h3>Specialitete<\/h3>\n<ul>\n<li>Mednarodno certificiranje<\/li>\n<li>Storitve prilagajanja<\/li>\n<li>Vrhunska proizvodna oprema<\/li>\n<li>Poprodajne storitve<\/li>\n<\/ul>\n<p><img decoding=\"async\" src=\"https:\/\/hzpt.com\/wp-content\/uploads\/2024\/11\/songte-company-1.webp\"><\/p>\n<p>Avtor: lyl.<\/p>","protected":false},"excerpt":{"rendered":"<p>Bucket Cylinder For Caterpillar Small Excavator E308B Introduction A bucket cylinder is a specialized hydraulic cylinder designed primarily for controlling the movement of the bucket in heavy machinery such as excavators, backhoes, and front-end loaders. Its main function is to enable the bucket to lift, lower, and tilt, making it easy to handle various material-handling [&hellip;]<\/p>","protected":false},"featured_media":14769,"comment_status":"open","ping_status":"closed","template":"","meta":{"_et_pb_use_builder":"","_et_pb_old_content":"","_et_gb_content_width":""},"product_brand":[],"product_cat":[1494],"product_tag":[1495,1496],"class_list":{"0":"post-15203","1":"product","2":"type-product","3":"status-publish","4":"has-post-thumbnail","6":"product_cat-bucket-cylinders","7":"product_tag-bucket-cylinders","8":"product_tag-hydraulic-cylinders","10":"first","11":"instock","12":"shipping-taxable","13":"product-type-simple"},"amp_enabled":true,"_links":{"self":[{"href":"https:\/\/www.hydraulic-cylinders.net\/sl\/wp-json\/wp\/v2\/product\/15203","targetHints":{"allow":["GET"]}}],"collection":[{"href":"https:\/\/www.hydraulic-cylinders.net\/sl\/wp-json\/wp\/v2\/product"}],"about":[{"href":"https:\/\/www.hydraulic-cylinders.net\/sl\/wp-json\/wp\/v2\/types\/product"}],"replies":[{"embeddable":true,"href":"https:\/\/www.hydraulic-cylinders.net\/sl\/wp-json\/wp\/v2\/comments?post=15203"}],"wp:featuredmedia":[{"embeddable":true,"href":"https:\/\/www.hydraulic-cylinders.net\/sl\/wp-json\/wp\/v2\/media\/14769"}],"wp:attachment":[{"href":"https:\/\/www.hydraulic-cylinders.net\/sl\/wp-json\/wp\/v2\/media?parent=15203"}],"wp:term":[{"taxonomy":"product_brand","embeddable":true,"href":"https:\/\/www.hydraulic-cylinders.net\/sl\/wp-json\/wp\/v2\/product_brand?post=15203"},{"taxonomy":"product_cat","embeddable":true,"href":"https:\/\/www.hydraulic-cylinders.net\/sl\/wp-json\/wp\/v2\/product_cat?post=15203"},{"taxonomy":"product_tag","embeddable":true,"href":"https:\/\/www.hydraulic-cylinders.net\/sl\/wp-json\/wp\/v2\/product_tag?post=15203"}],"curies":[{"name":"delovni list","href":"https:\/\/api.w.org\/{rel}","templated":true}]}}