{"id":15204,"date":"2025-01-19T14:14:09","date_gmt":"2025-01-19T14:14:09","guid":{"rendered":"https:\/\/www.hydraulic-cylinders.net\/product\/bucket-cylinder-for-caterpillar-small-excavator-e312dl\/"},"modified":"2025-01-19T14:14:11","modified_gmt":"2025-01-19T14:14:11","slug":"bucket-cylinder-for-caterpillar-small-excavator-e312dl","status":"publish","type":"product","link":"https:\/\/www.hydraulic-cylinders.net\/sl\/izdelek\/bucket-cylinder-for-caterpillar-small-excavator-e312dl\/","title":{"rendered":"Cilinder \u017elice za majhen bager Caterpillar E312DL"},"content":{"rendered":"<p><!DOCTYPE html><br \/>\n<html><br \/>\n<head><br \/>\n<title>Cilinder \u017elice za majhen bager Caterpillar E312DL<\/title><br \/>\n<\/head><br \/>\n<body><\/p>\n<h1>Cilinder \u017elice za majhen bager Caterpillar E312DL<\/h1>\n<h2>Uvod<\/h2>\n<p>Hidravli\u010dni cilinder \u017elice za majhen bager Caterpillar E312DL je posebej zasnovan hidravli\u010dni cilinder, ki nadzoruje gibanje \u017elice v te\u017ekih strojih, kot so bagri, bagri nakladalniki in \u010delni nakladalniki. Njegova glavna funkcija je omogo\u010danje dvigovanja, spu\u0161\u010danja in nagibanja \u017elice, zaradi \u010desar je priro\u010dna za razli\u010dna opravila ravnanja z materiali. V hidravli\u010dnem sistemu cilinder \u017elice dose\u017ee natan\u010den nadzor nad \u017elico s spreminjanjem tlaka hidravli\u010dnega olja, kar omogo\u010da upravljavcem u\u010dinkovito ravnanje s te\u017ekimi bremeni in prilagajanje kompleksnim delovnim okoljem ter raznolikim zahtevam dela.<\/p>\n<p><img decoding=\"async\" src=\"https:\/\/www.hydraulic-cylinders.net\/wp-content\/uploads\/2025\/01\/songte-company-2.webp\" alt=\"Slika valjaste \u017elice\"><\/p>\n<h2>Zna\u010dilnosti<\/h2>\n<ul>\n<li>Visoka trdnost in vzdr\u017eljivost: Obi\u010dajno je izdelan iz visoko trdnega jekla ali aluminija, zato lahko prenese visok tlak in velike obremenitve ter se prilagaja zahtevnim delovnim okoljem. Zasnova upo\u0161teva odpornost proti obrabi in koroziji, da se podalj\u0161a njegova \u017eivljenjska doba.<\/li>\n<li>U\u010dinkovito hidravli\u010dno delovanje: Z uporabo tlaka hidravli\u010dnega olja dose\u017ee gladko iztegovanje in vle\u010denje, se hitro odziva na krmilne ukaze, zagotavlja mo\u010dne potisne in vle\u010dne sile ter je primeren za ravnanje s te\u017ekimi bremeni in kompleksnimi delovnimi nalogami.<\/li>\n<li>Razli\u010dne vrste: Enojno delujo\u010di (hidravli\u010dni, ki se uporabljajo samo v eni smeri) ali dvostransko delujo\u010di (hidravli\u010dni, ki se uporabljajo v obeh smereh) cilindri se lahko izberejo glede na potrebe, nekateri modeli pa so tudi teleskopski, kar omogo\u010da ve\u010dji razteg brez pove\u010danja zunanjih dimenzij, zaradi \u010desar so primerni za uporabo z omejenim prostorom.<\/li>\n<li>Neposredna zamenjava: Na\u0161 izdelek lahko popolnoma nadomesti te hidravli\u010dne cilindre.<\/li>\n<\/ul>\n<p><img decoding=\"async\" src=\"https:\/\/www.hydraulic-cylinders.net\/wp-content\/uploads\/2025\/01\/songte-cylinder-head-with-all-kinds-excavator-models.webp\" alt=\"Slika izdelka\"><\/p>\n<h2>Aplikacije<\/h2>\n<ul>\n<li>Gradbena oprema: Nahajajo se v bagrih in so bistveni za kopanje, nakladanje in premikanje zemlje ali ru\u0161evin. Pri bagrih nakladalnikih cilinder \u017elice pomaga tako pri izkopavanju kot pri dvigovanju.<\/li>\n<li>Kmetijska mehanizacija: Uporablja se v \u010delnih nakladalnikih za zajemanje, dvigovanje in prevoz zemlje, sena in drugih materialov.<\/li>\n<li>Bagri: Cilinder \u017elice omogo\u010da kopanje, saj \u017elici omogo\u010da prodiranje v zemljo.<\/li>\n<li>Nakladalniki: Pri \u010delnih nakladalnikih pomagajo pri u\u010dinkovitem dvigovanju in odlaganju blaga.<\/li>\n<\/ul>\n<h2>Oblikovalski vidiki in izbirna merila<\/h2>\n<ul>\n<li>Nosilnost: Razpravljajte o sposobnosti valja, da prenese obremenitve.<\/li>\n<li>Tesnjenje: Pojasnite pomen u\u010dinkovitega tesnjenja za prepre\u010devanje pu\u0161\u010danja.<\/li>\n<li>Vzdr\u017eljivost: Razpravljajte o odpornosti cilindra proti obrabi in koroziji.<\/li>\n<li>Varnost: Pri na\u010drtovanju upo\u0161tevajte varnostne vidike.<\/li>\n<li>Vzdr\u017eevanje: Razpravljajte o enostavnosti vzdr\u017eevanja in popravila.<\/li>\n<\/ul>\n<p><img decoding=\"async\" src=\"https:\/\/www.hydraulic-cylinders.net\/wp-content\/uploads\/2025\/01\/songte-oil-pipes-and-spare-parts.webp\" alt=\"Slika izdelka\"><\/p>\n<h2>Tesnjenje in mazanje<\/h2>\n<p>Valj \u017elice uporablja razli\u010dne tesnilne elemente, kot so tesnila bata in palice, izdelana iz trpe\u017enih materialov, kot sta poliuretan in nitrilna guma. Telo valja in navojni konci so fino obdelani za izbolj\u0161anje odpornosti proti obrabi. Redno mazanje z ustrezno koli\u010dino hidravli\u010dnega olja je potrebno za zagotovitev nemotenega delovanja in podalj\u0161anje \u017eivljenjske dobe valja.<\/p>\n<h2>Redni pregledi in preventivno vzdr\u017eevanje<\/h2>\n<ul>\n<li>Redno pregledujte valj glede morebitnih znakov po\u0161kodb ali obrabe.<\/li>\n<li>Zagotovite ustrezno mazanje.<\/li>\n<li>Po potrebi zamenjajte tesnila.<\/li>\n<li>Za ohranjanje optimalne zmogljivosti izvedite kalibracijske preglede.<\/li>\n<\/ul>\n<h2>Navodila za namestitev<\/h2>\n<p>Pravilna namestitev je klju\u010dnega pomena za delovanje cilindra z \u017elico. Navedite navodila za pravilno poravnavo cilindra in priporo\u010dite uporabo ustreznih nosilcev za pritrditev cilindra. Vklju\u010dite navodila po korakih, priporo\u010dene postopke pregleda, popravila in zamenjave ter nasvete za podalj\u0161anje \u017eivljenjske dobe cilindra.<\/p>\n<p><img decoding=\"async\" src=\"https:\/\/www.hydraulic-cylinders.net\/wp-content\/uploads\/2025\/01\/songte-chushion-collar.webp\" alt=\"Slika izdelka\"><\/p>\n<h2>Varnostni vidiki in okoljski dejavniki<\/h2>\n<p>Pogovorite se o pomenu varnostnih ukrepov pri uporabi jeklenke z vedrom in obravnavajte morebitne okoljske pomisleke, povezane z njenim delovanjem.<\/p>\n<h2>Odpravljanje te\u017eav in pogoste te\u017eave<\/h2>\n<p>Navedite pogoste te\u017eave, ki se lahko pojavijo z valjem \u017elice, in bralcem ponudite nasvete za odpravljanje te\u017eav ter re\u0161itve, ki bodo bralcem pomagale u\u010dinkovito diagnosticirati in odpraviti te\u017eave. Ponudite preventivne ukrepe za zmanj\u0161anje morebitnih te\u017eav.<\/p>\n<p><img decoding=\"async\" src=\"https:\/\/www.hydraulic-cylinders.net\/wp-content\/uploads\/2025\/01\/songte-bushings-with-all-kinds-of-excavator-models.webp\" alt=\"Slika izdelka\"><\/p>\n<p>Ne pozabite logi\u010dno organizirati \u010dlanka, uporabiti podnaslovov za la\u017ejo navigacijo, vklju\u010diti ustreznih slik ali grafikonov za bolj\u0161e razumevanje ter zagotoviti, da je vsebina jasna, jedrnata in primerna za bralce z razli\u010dnimi stopnjami tehni\u010dnega znanja.<\/p>\n<h2>O na\u0161em podjetju<\/h2>\n<p>Na\u0161e podjetje je proizvajalec nadomestnih hidravli\u010dnih cilindrov. Ponujamo \u0161iroko paleto izdelkov in smo postali eden vodilnih proizvajalcev in veleprodajnih distributerjev hidravli\u010dnih cilindrov na doma\u010dem in mednarodnem trgu. Dajemo prednost odli\u010dni kakovosti in se v na\u0161ih prefinjenih proizvodnih delavnicah zana\u0161amo na strategije industrijskega upravljanja proizvodnje. Z mo\u010dno ustvarjalno sposobnostjo izpolnjujemo raznolike potrebe strank z visoko u\u010dinkovitostjo, natan\u010dnostjo in kakovostjo. Na\u0161e podjetje je znano po profesionalnosti, mednarodnih certifikatih, prilagojenih storitvah, napredni proizvodni opremi in odli\u010dnih poprodajnih storitvah.<\/p>\n<p><img decoding=\"async\" src=\"https:\/\/www.hydraulic-cylinders.net\/wp-content\/uploads\/2025\/01\/songte-company-3.webp\" alt=\"Slika podjetja\"><\/p>\n<p>Avtor: lyl<\/p>\n<p><\/body><br \/>\n<\/html><\/p>","protected":false},"excerpt":{"rendered":"<p>Bucket Cylinder For Caterpillar Small Excavator E312DL Bucket Cylinder For Caterpillar Small Excavator E312DL Introduction The bucket cylinder for Caterpillar small excavator E312DL is a specially designed hydraulic cylinder that controls the movement of the bucket in heavy machinery such as excavators, backhoe loaders, and front-end loaders. Its main function is to enable the lifting, [&hellip;]<\/p>","protected":false},"featured_media":14765,"comment_status":"open","ping_status":"closed","template":"","meta":{"_et_pb_use_builder":"","_et_pb_old_content":"","_et_gb_content_width":""},"product_brand":[],"product_cat":[1494],"product_tag":[1495,1496],"class_list":{"0":"post-15204","1":"product","2":"type-product","3":"status-publish","4":"has-post-thumbnail","6":"product_cat-bucket-cylinders","7":"product_tag-bucket-cylinders","8":"product_tag-hydraulic-cylinders","10":"first","11":"instock","12":"shipping-taxable","13":"product-type-simple"},"amp_enabled":true,"_links":{"self":[{"href":"https:\/\/www.hydraulic-cylinders.net\/sl\/wp-json\/wp\/v2\/product\/15204","targetHints":{"allow":["GET"]}}],"collection":[{"href":"https:\/\/www.hydraulic-cylinders.net\/sl\/wp-json\/wp\/v2\/product"}],"about":[{"href":"https:\/\/www.hydraulic-cylinders.net\/sl\/wp-json\/wp\/v2\/types\/product"}],"replies":[{"embeddable":true,"href":"https:\/\/www.hydraulic-cylinders.net\/sl\/wp-json\/wp\/v2\/comments?post=15204"}],"wp:featuredmedia":[{"embeddable":true,"href":"https:\/\/www.hydraulic-cylinders.net\/sl\/wp-json\/wp\/v2\/media\/14765"}],"wp:attachment":[{"href":"https:\/\/www.hydraulic-cylinders.net\/sl\/wp-json\/wp\/v2\/media?parent=15204"}],"wp:term":[{"taxonomy":"product_brand","embeddable":true,"href":"https:\/\/www.hydraulic-cylinders.net\/sl\/wp-json\/wp\/v2\/product_brand?post=15204"},{"taxonomy":"product_cat","embeddable":true,"href":"https:\/\/www.hydraulic-cylinders.net\/sl\/wp-json\/wp\/v2\/product_cat?post=15204"},{"taxonomy":"product_tag","embeddable":true,"href":"https:\/\/www.hydraulic-cylinders.net\/sl\/wp-json\/wp\/v2\/product_tag?post=15204"}],"curies":[{"name":"delovni list","href":"https:\/\/api.w.org\/{rel}","templated":true}]}}