{"id":15205,"date":"2025-01-19T14:14:12","date_gmt":"2025-01-19T14:14:12","guid":{"rendered":"https:\/\/www.hydraulic-cylinders.net\/product\/bucket-cylinder-for-caterpillar-small-excavator-e314dcr\/"},"modified":"2025-01-19T14:14:14","modified_gmt":"2025-01-19T14:14:14","slug":"bucket-cylinder-for-caterpillar-small-excavator-e314dcr","status":"publish","type":"product","link":"https:\/\/www.hydraulic-cylinders.net\/sl\/izdelek\/bucket-cylinder-for-caterpillar-small-excavator-e314dcr\/","title":{"rendered":"Cilinder \u017elice za majhen bager Caterpillar E314DCR"},"content":{"rendered":"<h1>Cilinder \u017elice za majhen bager Caterpillar E314DCR<\/h1>\n<h2>Uvod<\/h2>\n<p>Hidravli\u010dni cilinder \u017elice za majhen bager Caterpillar E314DCR je specializiran hidravli\u010dni cilinder, zasnovan za krmiljenje gibanja \u017elice v te\u017ekih strojih, kot so bagri, bagri z nakladalniki in \u010delni nakladalniki. Njegova glavna funkcija je omogo\u010danje dvigovanja, spu\u0161\u010danja in nagibanja \u017elice, kar olaj\u0161a opravljanje razli\u010dnih nalog ravnanja z materiali. V hidravli\u010dnem sistemu cilinder \u017elice dose\u017ee natan\u010den nadzor nad gibanjem \u017elice s spremembami tlaka hidravli\u010dnega olja, kar omogo\u010da upravljavcem u\u010dinkovito ravnanje s te\u017ekimi bremeni in prilagajanje kompleksnim delovnim okoljem ter raznolikim zahtevam dela.<\/p>\n<p><img decoding=\"async\" src=\"https:\/\/www.hydraulic-cylinders.net\/wp-content\/uploads\/2025\/01\/songte-company-2.webp\"><\/p>\n<h2>Zna\u010dilnosti<\/h2>\n<ul>\n<li>Visoka trdnost in vzdr\u017eljivost: Obi\u010dajno je izdelan iz visoko trdnega jekla ali aluminija, zato lahko prenese visok tlak in velike obremenitve, se prilagodi zahtevnim delovnim okoljem in je zasnovan z mislijo na odpornost proti obrabi in koroziji, da se podalj\u0161a njegova \u017eivljenjska doba.<\/li>\n<li>U\u010dinkovito hidravli\u010dno delovanje: Z uporabo hidravli\u010dnega tlaka olja za doseganje gladkega raztezanja in kr\u010denja se lahko hitro odzove na krmilne ukaze, zagotavlja mo\u010dno potisno in vle\u010dno silo ter je primeren za ravnanje s te\u017ekimi bremeni in kompleksnimi delovnimi nalogami.<\/li>\n<li>Razli\u010dne vrste: Enosmerno delujo\u010di (hidravli\u010dni pogon se uporablja samo v eni smeri) ali dvosmerno delujo\u010di (hidravli\u010dni pogon se uporablja v obeh smereh) cilindri se lahko izberejo glede na zahteve za razli\u010dne operativne potrebe. Nekateri modeli so teleskopski, kar omogo\u010da ve\u010dji razteg brez pove\u010danja zunanjih dimenzij, zaradi \u010desar so primerni za uporabo z omejenim prostorom.<\/li>\n<li>Prilagodljivo: Ta izdelek lahko izdelamo in na\u0161i izdelki lahko popolnoma nadomestijo te hidravli\u010dne cilindre.<\/li>\n<\/ul>\n<p><img decoding=\"async\" src=\"https:\/\/www.hydraulic-cylinders.net\/wp-content\/uploads\/2025\/01\/songte-cylinder-head-with-all-kinds-excavator-models.webp\"><\/p>\n<h2>Aplikacije<\/h2>\n<p>Cilinder \u017elice za majhen bager Caterpillar E314DCR se pogosto uporablja v razli\u010dnih panogah, vklju\u010dno z:<\/p>\n<ul>\n<li>Gradbena oprema: Pri bagrih so bistveni za izkopavanje, nakladanje in premikanje zemlje ali ru\u0161evin. Pri bagrih z nakladalno \u017elico cilindri pomagajo tako pri izkopavanju kot pri dvigovanju. Pri \u010delnih nakladalnikih pomagajo pri u\u010dinkovitem dvigovanju in odlaganju blaga.<\/li>\n<li>Kmetijski stroji: Uporabljajo se v \u010delnih nakladalnikih za zajemanje, dvigovanje in prevoz zemlje, sena in drugih materialov. Pri bagrih cilindri \u017elice dose\u017eejo kopanje tako, da \u017elici omogo\u010dijo prodiranje v zemljo.<\/li>\n<\/ul>\n<p>To je le nekaj primerov \u0161tevilnih uporab za cilindre z \u017elico v razli\u010dnih panogah.<\/p>\n<h2>Oblikovalski vidiki in izbirna merila<\/h2>\n<p>Pri izbiri cilindra za vodo je treba upo\u0161tevati ve\u010d dejavnikov:<\/p>\n<ul>\n<li>Nosilnost: Jeklenka mora biti sposobna prenesti te\u017eo dvignjenega bremena brez okvare.<\/li>\n<li>Tesnjenje: Za prepre\u010devanje pu\u0161\u010danja hidravli\u010dnega olja in zagotavljanje u\u010dinkovitega delovanja je treba ustrezno uporabljati razli\u010dna tesnila, kot so tesnila bata in tesnila ojnic. Tesnila morajo biti izdelana iz materialov, odpornih proti obrabi, kot sta poliuretan in nitrilna guma.<\/li>\n<li>Vzdr\u017eljivost: Jeklenka mora biti zasnovana z mislijo na odpornost proti obrabi in koroziji, da se podalj\u0161a njena \u017eivljenjska doba.<\/li>\n<li>Varnost: Jeklenka mora biti zasnovana z varnostnimi elementi, kot so varnostni ventili in varnostne klju\u010davnice, da se prepre\u010dijo nesre\u010de.<\/li>\n<li>Vzdr\u017eevanje: Jeklenka mora biti zasnovana za enostavno vzdr\u017eevanje, z zamenljivimi deli in jasnimi postopki za obnovo.<\/li>\n<\/ul>\n<p><img decoding=\"async\" src=\"https:\/\/www.hydraulic-cylinders.net\/wp-content\/uploads\/2025\/01\/songte-oil-pipes-and-spare-parts.webp\"><\/p>\n<h2>Tesnjenje in mazanje<\/h2>\n<p>Valj \u017elice mora biti opremljen z razli\u010dnimi tesnili, da se prepre\u010di pu\u0161\u010danje hidravli\u010dnega olja in zagotovi u\u010dinkovito delovanje. Tesnila morajo biti izdelana iz materialov, odpornih proti obrabi, kot sta poliuretan in nitrilna guma. Ohi\u0161je valja in navojna kon\u010dna povr\u0161ina morata biti fino obdelana za izbolj\u0161anje odpornosti proti obrabi. Poleg tega je treba redno dodajati ustrezno koli\u010dino hidravli\u010dnega olja za mazanje.<\/p>\n<h2>Pregledi in preventivni vzdr\u017eevalni ukrepi<\/h2>\n<p>Redni pregledi in preventivni vzdr\u017eevalni ukrepi lahko podalj\u0161ajo \u017eivljenjsko dobo cilindra vedra. Pogosta vzdr\u017eevalna opravila so naslednja:<\/p>\n<ul>\n<li>Redni pregled: Preverite morebitne pu\u0161\u010danja olja, znake obrabe in morebitne nenavadne zvoke med delovanjem.<\/li>\n<li>Pravilno mazanje: Redno dodajajte ustrezno koli\u010dino hidravli\u010dnega olja.<\/li>\n<li>Zamenjava tesnila in pregled kalibracije: Redno menjajte obrabljena tesnila in preverjajte kalibracijo valja.<\/li>\n<\/ul>\n<p>Med namestitvijo je pomembno, da jeklenko pravilno poravnate in za pritrditev uporabite ustrezne nosilce. Priporo\u010deni postopki pregleda, popravila in zamenjave lahko podalj\u0161ajo \u017eivljenjsko dobo jeklenke.<\/p>\n<p><img decoding=\"async\" src=\"https:\/\/www.hydraulic-cylinders.net\/wp-content\/uploads\/2025\/01\/songte-chushion-collar.webp\"><\/p>\n<h2>Varnostni vidiki in okoljski dejavniki<\/h2>\n<p>Pri uporabi cilindra \u017elice je pomembno upo\u0161tevati varnostne ukrepe, kot sta no\u0161enje osebne za\u0161\u010ditne opreme in delo v dobro prezra\u010devanem prostoru. Za za\u0161\u010dito okolja je pomembno tudi pravilno odstranjevanje rabljenega hidravli\u010dnega olja.<\/p>\n<h2>Odpravljanje te\u017eav in pogoste te\u017eave<\/h2>\n<p>Pogoste te\u017eave z cilindri \u017elice vklju\u010dujejo pu\u0161\u010danje olja, nezadosten tlak in nenavadne zvoke med delovanjem. Na voljo so nasveti in re\u0161itve za odpravljanje te\u017eav, ki pomagajo pri diagnosticiranju in re\u0161evanju te\u017eav, preventivni ukrepi pa lahko pomagajo zmanj\u0161ati morebitne te\u017eave.<\/p>\n<p><img decoding=\"async\" src=\"https:\/\/www.hydraulic-cylinders.net\/wp-content\/uploads\/2025\/01\/songte-bushings-with-all-kinds-of-excavator-models.webp\"><\/p>\n<h2>O na\u0161em podjetju<\/h2>\n<p>Smo proizvajalec nadomestnih hidravli\u010dnih cilindrov s celotno paleto izdelkov in smo postali eden vodilnih proizvajalcev in veleprodajnih distributerjev hidravli\u010dnih cilindrov na doma\u010dem in mednarodnem trgu. Dr\u017eimo se na\u010dela vrhunske kakovosti in se zana\u0161amo na industrializirano strategijo upravljanja proizvodnje v finih proizvodnih delavnicah. Nenehno izbolj\u0161ujemo proizvodno platformo delavnice in izbolj\u0161ujemo kakovost proizvodnje linije izdelkov. Imamo mo\u010dno ustvarjalno sposobnost, da zadovoljimo raznolike potrebe strank z visoko u\u010dinkovitostjo, visoko natan\u010dnostjo in visokokakovostnimi na\u010deli.<\/p>\n<p>Ponujamo profesionalne storitve, mednarodno certificiranje, prilagojene storitve, proizvodno opremo in poprodajne storitve, da zadostimo potrebam in pri\u010dakovanjem strank.<\/p>\n<p><img decoding=\"async\" src=\"https:\/\/hzpt.com\/wp-content\/uploads\/2024\/11\/songte-company-1.webp\"><\/p>\n<h2>O avtorju<\/h2>\n<p>Avtor: lyl<\/p>","protected":false},"excerpt":{"rendered":"<p>Bucket Cylinder For Caterpillar Small Excavator E314DCR Introduction The bucket cylinder for Caterpillar small excavator E314DCR is a specialized hydraulic cylinder designed for controlling the movement of the bucket in heavy machinery, such as excavators, backhoe excavators, and front-end loaders. Its main function is to enable the bucket to lift, lower, and tilt, making it [&hellip;]<\/p>","protected":false},"featured_media":14762,"comment_status":"open","ping_status":"closed","template":"","meta":{"_et_pb_use_builder":"","_et_pb_old_content":"","_et_gb_content_width":""},"product_brand":[],"product_cat":[1494],"product_tag":[1495,1496],"class_list":{"0":"post-15205","1":"product","2":"type-product","3":"status-publish","4":"has-post-thumbnail","6":"product_cat-bucket-cylinders","7":"product_tag-bucket-cylinders","8":"product_tag-hydraulic-cylinders","10":"first","11":"instock","12":"shipping-taxable","13":"product-type-simple"},"amp_enabled":true,"_links":{"self":[{"href":"https:\/\/www.hydraulic-cylinders.net\/sl\/wp-json\/wp\/v2\/product\/15205","targetHints":{"allow":["GET"]}}],"collection":[{"href":"https:\/\/www.hydraulic-cylinders.net\/sl\/wp-json\/wp\/v2\/product"}],"about":[{"href":"https:\/\/www.hydraulic-cylinders.net\/sl\/wp-json\/wp\/v2\/types\/product"}],"replies":[{"embeddable":true,"href":"https:\/\/www.hydraulic-cylinders.net\/sl\/wp-json\/wp\/v2\/comments?post=15205"}],"wp:featuredmedia":[{"embeddable":true,"href":"https:\/\/www.hydraulic-cylinders.net\/sl\/wp-json\/wp\/v2\/media\/14762"}],"wp:attachment":[{"href":"https:\/\/www.hydraulic-cylinders.net\/sl\/wp-json\/wp\/v2\/media?parent=15205"}],"wp:term":[{"taxonomy":"product_brand","embeddable":true,"href":"https:\/\/www.hydraulic-cylinders.net\/sl\/wp-json\/wp\/v2\/product_brand?post=15205"},{"taxonomy":"product_cat","embeddable":true,"href":"https:\/\/www.hydraulic-cylinders.net\/sl\/wp-json\/wp\/v2\/product_cat?post=15205"},{"taxonomy":"product_tag","embeddable":true,"href":"https:\/\/www.hydraulic-cylinders.net\/sl\/wp-json\/wp\/v2\/product_tag?post=15205"}],"curies":[{"name":"delovni list","href":"https:\/\/api.w.org\/{rel}","templated":true}]}}