{"id":15210,"date":"2025-01-19T14:14:32","date_gmt":"2025-01-19T14:14:32","guid":{"rendered":"https:\/\/www.hydraulic-cylinders.net\/product\/bucket-cylinder-for-caterpillar-small-excavator-e312d2gc\/"},"modified":"2025-01-19T14:14:34","modified_gmt":"2025-01-19T14:14:34","slug":"bucket-cylinder-for-caterpillar-small-excavator-e312d2gc","status":"publish","type":"product","link":"https:\/\/www.hydraulic-cylinders.net\/sl\/izdelek\/bucket-cylinder-for-caterpillar-small-excavator-e312d2gc\/","title":{"rendered":"Cilinder \u017elice za majhen bager Caterpillar E312D2GC"},"content":{"rendered":"<h1>Cilinder \u017elice za majhen bager Caterpillar E312D2GC<\/h1>\n<h2>Uvod<\/h2>\n<p>Hidravli\u010dni cilinder, znan tudi kot hidravli\u010dni cilinder, je specializiran hidravli\u010dni cilinder, ki se uporablja za nadzor gibanja \u017elice v te\u017ekih strojih, kot so bagri, bagri in nakladalniki. Njegova glavna funkcija je omogo\u010diti dvigovanje, spu\u0161\u010danje in nagibanje \u017elice, kar olaj\u0161a rokovanje z razli\u010dnimi materiali. V hidravli\u010dnem sistemu cilinder \u017elice natan\u010dno nadzoruje gibanje \u017elice s spreminjanjem tlaka hidravli\u010dnega olja, kar upravljavcem omogo\u010da u\u010dinkovito rokovanje s te\u017ekimi predmeti in prilagajanje kompleksnim delovnim okoljem ter raznolikim operativnim potrebam.<\/p>\n<p><img decoding=\"async\" src=\"https:\/\/www.hydraulic-cylinders.net\/wp-content\/uploads\/2025\/01\/songte-company-2.webp\" alt=\"Slika valjaste \u017elice\"><\/p>\n<h2>Zna\u010dilnosti<\/h2>\n<ul>\n<li>\n<h3>Visoka trdnost in vzdr\u017eljivost<\/h3>\n<p>Valji z \u017elico so obi\u010dajno izdelani iz visoko trdnega jekla ali aluminija, ki lahko prenese visok tlak in velike obremenitve, zaradi \u010desar so primerni za zahtevna delovna okolja. Zasnova upo\u0161teva tudi odpornost proti obrabi in koroziji, kar podalj\u0161uje njihovo \u017eivljenjsko dobo.<\/p>\n<\/li>\n<li>\n<h3>U\u010dinkovito hidravli\u010dno delovanje<\/h3>\n<p>Valj \u017elice uporablja tlak hidravli\u010dnega olja za doseganje gladkih gibov raztezanja in kr\u010denja, se hitro odziva na krmilne ukaze in zagotavlja mo\u010dne potisne in vle\u010dne sile, zaradi \u010desar je primeren za ravnanje s te\u017ekimi predmeti in kompleksna delovna opravila.<\/p>\n<\/li>\n<li>\n<h3>Razli\u010dne vrste<\/h3>\n<p>Cilindre \u017elice je mogo\u010de izbrati glede na potrebe, vklju\u010dno z enosmerno delujo\u010dimi (hidravli\u010dni se uporablja samo v eno smer) ali dvosmerno delujo\u010dimi (hidravli\u010dni se uporablja v obe smeri) cilindri, da se izpolnijo razli\u010dne zahteve delovanja. Nekateri modeli so teleskopski, kar omogo\u010da ve\u010dji razteg brez pove\u010danja zunanjih dimenzij, zaradi \u010desar so primerni za uporabo v omejenem prostoru.<\/p>\n<\/li>\n<li>\n<h3>Zamenjava izdelka<\/h3>\n<p>Na\u0161i izdelki lahko odli\u010dno nadomestijo hidravli\u010dne cilindre razli\u010dnih znamk, modelov in velikosti.<\/p>\n<\/li>\n<li>\n<h3>Aplikacije<\/h3>\n<p>Valji z \u017elico se pogosto uporabljajo v razli\u010dnih te\u017ekih strojih, vklju\u010dno z:<\/p>\n<ul>\n<li>Gradbena oprema: Pri bagrih so bistveni za kopanje, nakladanje in premikanje zemlje ali ru\u0161evin. Pri bagrih cilinder \u017elice pomaga pri kopanju in dvigovanju. <\/li>\n<li>Kmetijska mehanizacija: Uporablja se v \u010delnih nakladalnikih za zajemanje, dvigovanje in prevoz zemlje, sena in drugih materialov. <\/li>\n<li>Bagri: Cilinder \u017elice omogo\u010da, da \u017elica prodre v zemljo. <\/li>\n<li>Nakladalniki: Pri \u010delnih nakladalnikih pomagajo pri u\u010dinkovitem dvigovanju in nagibanju bremen.<\/li>\n<\/ul>\n<\/li>\n<\/ul>\n<h2>Oblikovalski vidiki in izbirna merila<\/h2>\n<p>Pri zasnovi in \u200b\u200bizbiri valja za \u017elico se upo\u0161tevajo razli\u010dni dejavniki, vklju\u010dno z:<\/p>\n<ul>\n<li>\n<h3>Nosilnost<\/h3>\n<p>Jeklenka mora imeti zadostno trdnost, da prenese velike obremenitve in visok tlak. <\/p>\n<\/li>\n<li>\n<h3>Tesnjenje in vzdr\u017eljivost<\/h3>\n<p>Jeklenka mora imeti visokokakovostna tesnila in materiale, ki so odporni proti obrabi in koroziji, kar podalj\u0161a njeno \u017eivljenjsko dobo. <\/p>\n<\/li>\n<li>\n<h3>Varnost in vzdr\u017eevanje<\/h3>\n<p>Jeklenka mora biti zasnovana z mislijo na varnostne funkcije in enostavno vzdr\u017eevanje, kar operaterjem omogo\u010da enostavno in varno preverjanje, popravilo in zamenjavo delov. <\/p>\n<\/li>\n<\/ul>\n<p><img decoding=\"async\" src=\"https:\/\/www.hydraulic-cylinders.net\/wp-content\/uploads\/2025\/01\/songte-oil-pipes-and-spare-parts.webp\" alt=\"Slika delov hidravli\u010dnega cilindra\"><\/p>\n<h2>Tesnjenje in mazanje<\/h2>\n<p>Valj \u017elice uporablja razli\u010dna tesnila, vklju\u010dno s tesnili bata, tesnili palice in tesnili brisalcev, izdelana iz materialov, odpornih proti obrabi, kot sta poliuretan in nitrilna guma. Telo valja in navoji so fino obdelani za izbolj\u0161anje odpornosti proti obrabi. Za mazanje je potrebno redno dodajanje hidravli\u010dnega olja.<\/p>\n<p><img decoding=\"async\" src=\"https:\/\/www.hydraulic-cylinders.net\/wp-content\/uploads\/2025\/01\/songte-chushion-collar.webp\" alt=\"Slika delov hidravli\u010dnega cilindra\"><\/p>\n<h2>Vzdr\u017eevanje in popravila<\/h2>\n<p>Redno vzdr\u017eevanje in popravila so bistvena za podalj\u0161anje \u017eivljenjske dobe cilindra vedra in zagotavljanje varnega delovanja. Pogosta vzdr\u017eevalna opravila vklju\u010dujejo:<\/p>\n<ul>\n<li>Redni pregled<\/li>\n<li>Ustrezno mazanje<\/li>\n<li>Zamenjava tesnila<\/li>\n<li>Preverjanje kalibracije<\/li>\n<\/ul>\n<p>Pravilna namestitev, mazanje in nastavitev so klju\u010dnega pomena za varno in u\u010dinkovito delovanje. Priporo\u010damo pravilno poravnavo cilindra, uporabo ustreznih monta\u017enih nosilcev za pritrditev cilindra ter upo\u0161tevanje priporo\u010denih postopkov pregleda, popravila in zamenjave.<\/p>\n<p><img decoding=\"async\" src=\"https:\/\/www.hydraulic-cylinders.net\/wp-content\/uploads\/2025\/01\/songte-bushings-with-all-kinds-of-excavator-models.webp\" alt=\"Slika delov hidravli\u010dnega cilindra\"><\/p>\n<h2>Varnostni vidiki in okoljski dejavniki<\/h2>\n<p>Pri upravljanju cilindra z \u017elico imajo varnostni ukrepi klju\u010dno vlogo. Upravljavci morajo upo\u0161tevati varne delovne postopke, upo\u0161tevati ustrezne varnostne smernice in nositi ustrezno osebno za\u0161\u010ditno opremo. Upo\u0161tevamo tudi okoljske dejavnike in si prizadevamo zmanj\u0161ati odpadke, onesna\u017eevanje in porabo energije med na\u0161imi proizvodnimi procesi.<\/p>\n<h2>Diagnoza napak in pogoste te\u017eave<\/h2>\n<p>Na cilindru \u017elice se lahko pojavijo razli\u010dne napake, vklju\u010dno s pu\u0161\u010danjem tesnila, nezadostnim tlakom olja in zmanj\u0161ano nosilnostjo. Pogoste te\u017eave vklju\u010dujejo obrabo, korozijo in po\u0161kodbe notranjih komponent. Za prepre\u010devanje nadaljnjih po\u0161kodb in zagotavljanje varnega delovanja sta potrebna pravilna diagnoza in hitro popravilo.<\/p>\n<p><img decoding=\"async\" src=\"https:\/\/hzpt.com\/wp-content\/uploads\/2024\/11\/songte-company-1.webp\" alt=\"Slika delov hidravli\u010dnega cilindra\"><\/p>\n<h2>O nas<\/h2>\n<p>Smo vodilni proizvajalec in veleprodajni distributer hidravli\u010dnih cilindrov, ki ponuja \u0161iroko paleto izdelkov na doma\u010dem in mednarodnem trgu. Prizadevamo si za odli\u010dno kakovost in se v na\u0161ih delavnicah za natan\u010dno proizvodnjo zana\u0161amo na industrializirane strategije upravljanja proizvodnje. Na\u0161i izdelki so izdelani z uporabo najsodobnej\u0161e tehnologije, vrhunske proizvodne opreme in profesionalnih kontrolnih sistemov, kar nam omogo\u010da u\u010dinkovito in natan\u010dno izpolnjevanje raznolikih potreb strank.<\/p>\n<p>Ponujamo prilagojene storitve, napredno proizvodno opremo in zanesljive poprodajne storitve. Na\u0161e podjetje je pridobilo mednarodne certifikate in se uveljavilo kot vodilni proizvajalec hidravli\u010dnih cilindrov na svetu. <\/p>\n<p><img decoding=\"async\" src=\"https:\/\/www.hydraulic-cylinders.net\/wp-content\/uploads\/2025\/01\/songte-company-3.webp\" alt=\"Slika podjetja\"><\/p>\n<p>Avtor: lyl<\/p>","protected":false},"excerpt":{"rendered":"<p>Bucket Cylinder For Caterpillar Small Excavator E312D2GC Introduction The bucket cylinder, also known as the hydraulic cylinder, is a specialized hydraulic ram used to control the movement of the bucket in heavy machinery such as excavators, backhoes, and loaders. Its primary function is to enable the bucket to lift, lower, and tilt, making it easier [&hellip;]<\/p>","protected":false},"featured_media":14785,"comment_status":"open","ping_status":"closed","template":"","meta":{"_et_pb_use_builder":"","_et_pb_old_content":"","_et_gb_content_width":""},"product_brand":[],"product_cat":[1494],"product_tag":[1495,1496],"class_list":{"0":"post-15210","1":"product","2":"type-product","3":"status-publish","4":"has-post-thumbnail","6":"product_cat-bucket-cylinders","7":"product_tag-bucket-cylinders","8":"product_tag-hydraulic-cylinders","10":"first","11":"instock","12":"shipping-taxable","13":"product-type-simple"},"amp_enabled":true,"_links":{"self":[{"href":"https:\/\/www.hydraulic-cylinders.net\/sl\/wp-json\/wp\/v2\/product\/15210","targetHints":{"allow":["GET"]}}],"collection":[{"href":"https:\/\/www.hydraulic-cylinders.net\/sl\/wp-json\/wp\/v2\/product"}],"about":[{"href":"https:\/\/www.hydraulic-cylinders.net\/sl\/wp-json\/wp\/v2\/types\/product"}],"replies":[{"embeddable":true,"href":"https:\/\/www.hydraulic-cylinders.net\/sl\/wp-json\/wp\/v2\/comments?post=15210"}],"wp:featuredmedia":[{"embeddable":true,"href":"https:\/\/www.hydraulic-cylinders.net\/sl\/wp-json\/wp\/v2\/media\/14785"}],"wp:attachment":[{"href":"https:\/\/www.hydraulic-cylinders.net\/sl\/wp-json\/wp\/v2\/media?parent=15210"}],"wp:term":[{"taxonomy":"product_brand","embeddable":true,"href":"https:\/\/www.hydraulic-cylinders.net\/sl\/wp-json\/wp\/v2\/product_brand?post=15210"},{"taxonomy":"product_cat","embeddable":true,"href":"https:\/\/www.hydraulic-cylinders.net\/sl\/wp-json\/wp\/v2\/product_cat?post=15210"},{"taxonomy":"product_tag","embeddable":true,"href":"https:\/\/www.hydraulic-cylinders.net\/sl\/wp-json\/wp\/v2\/product_tag?post=15210"}],"curies":[{"name":"delovni list","href":"https:\/\/api.w.org\/{rel}","templated":true}]}}