{"id":15213,"date":"2025-01-19T14:14:44","date_gmt":"2025-01-19T14:14:44","guid":{"rendered":"https:\/\/www.hydraulic-cylinders.net\/product\/bucket-cylinder-for-caterpillar-small-excavator-e300-9d301-7d\/"},"modified":"2025-01-19T14:14:46","modified_gmt":"2025-01-19T14:14:46","slug":"bucket-cylinder-for-caterpillar-small-excavator-e300-9d301-7d","status":"publish","type":"product","link":"https:\/\/www.hydraulic-cylinders.net\/sl\/izdelek\/bucket-cylinder-for-caterpillar-small-excavator-e300-9d301-7d\/","title":{"rendered":"Cilinder \u017elice za majhen bager Caterpillar E300.9D301.7D"},"content":{"rendered":"<h1>Cilinder \u017elice za majhen bager Caterpillar E300.9D301.7D<\/h1>\n<h2>Uvod<\/h2>\n<p>Hidravli\u010dni valj \u017elice je posebej zasnovan hidravli\u010dni valj, ki se uporablja predvsem za krmiljenje gibanja \u017elice v te\u017ekih strojih, kot so bagri, bagri in \u010delni nakladalniki. Njegova glavna funkcija je omogo\u010diti dvigovanje, spu\u0161\u010danje in nagibanje \u017elice, kar olaj\u0161a opravljanje razli\u010dnih nalog ravnanja z materiali. V hidravli\u010dnem sistemu valj \u017elice dose\u017ee natan\u010den nadzor nad \u017elico s spremembami tlaka hidravli\u010dnega olja, kar omogo\u010da upravljavcem u\u010dinkovito ravnanje s te\u017ekimi bremeni in prilagajanje kompleksnim delovnim okoljem ter raznolikim zahtevam dela.<\/p>\n<p><img decoding=\"async\" src=\"https:\/\/www.hydraulic-cylinders.net\/wp-content\/uploads\/2025\/01\/songte-company-2.webp\"><\/p>\n<h2>Zna\u010dilnosti<\/h2>\n<ul>\n<li>Visoka trdnost in vzdr\u017eljivost: Obi\u010dajno so izdelani iz visoko trdnega jekla ali aluminija, sposobni prenesti visok tlak in velike obremenitve ter zasnovani z upo\u0161tevanjem odpornosti proti obrabi in koroziji, kar podalj\u0161uje \u017eivljenjsko dobo.<\/li>\n<li>U\u010dinkovito hidravli\u010dno delovanje: Gladko teleskopsko delovanje, dose\u017eeno z uporabo hidravli\u010dnega tlaka olja, ki se lahko hitro odzove na krmilne ukaze in zagotavlja mo\u010dno potisno in vle\u010dno silo, primerno za rokovanje s te\u017ekimi bremeni in kompleksnimi delovnimi nalogami.<\/li>\n<li>Razli\u010dne vrste: Enojno delujo\u010de (hidravlika se uporablja samo v eni smeri) ali dvostransko delujo\u010de (hidravlika se uporablja v dveh smereh) cilindre je mogo\u010de izbrati glede na potrebe in razli\u010dne operativne zahteve. Nekateri modeli so teleskopski, kar omogo\u010da ve\u010dji razteg brez pove\u010danja zunanjih dimenzij, primerni za uporabo z omejenim prostorom.<\/li>\n<li>Popolna zamenjava: Na\u0161 izdelek lahko popolnoma nadomesti te hidravli\u010dne cilindre.<\/li>\n<\/ul>\n<p><img decoding=\"async\" src=\"https:\/\/www.hydraulic-cylinders.net\/wp-content\/uploads\/2025\/01\/songte-cylinder-head-with-all-kinds-excavator-models.webp\"><\/p>\n<h2>Aplikacije<\/h2>\n<h3>Gradbena oprema<\/h3>\n<p>Pri bagrih so bistveni za izkopavanje, nakladanje in premikanje zemlje ali ru\u0161evin. Pri bagrih nakladalnikih cilindri \u017elice pomagajo tako pri kopanju kot dvigovanju. Pri \u010delnih nakladalnikih pomagajo pri u\u010dinkovitem dvigovanju in odlaganju tovora.<\/p>\n<h3>Kmetijska mehanizacija<\/h3>\n<p>Uporablja se za \u010delne nakladalnike, pobiranje, dvigovanje in prevoz zemlje, sena in drugih materialov. Pri bagrih cilinder \u017elice omogo\u010da kopanje, saj \u017elici omogo\u010da prodiranje v zemljo. Pri \u010delnih nakladalnikih pomagajo pri u\u010dinkovitem dvigovanju in nagibanju blaga.<\/p>\n<p><img decoding=\"async\" src=\"https:\/\/www.hydraulic-cylinders.net\/wp-content\/uploads\/2025\/01\/songte-chushion-collar.webp\"><\/p>\n<h2>Oblikovalski vidiki in izbirna merila<\/h2>\n<h3>Nosilnost<\/h3>\n<p>Pri izbiri ali na\u010drtovanju je treba upo\u0161tevati nosilnost cilindra z \u017elico. Zasnovan mora biti tako, da prenese zahtevano nosilnost, da se zagotovi varnost med delovanjem.<\/p>\n<h3>Tesnjenje<\/h3>\n<p>Tesnjenje cilindra vedra je klju\u010dnega pomena za njegovo delovanje. Uporabljati mora razli\u010dne tesnilne naprave, kot sta tesnilni obro\u010d bata in tesnilni obro\u010d palice. Tesnilni material mora biti iz materiala, odpornega proti obrabi, kot je poliuretan ali nitrilna guma, telo cilindra in navojna kon\u010dna povr\u0161ina pa morata biti fino obdelana za izbolj\u0161anje odpornosti proti obrabi.<\/p>\n<h3>Vzdr\u017eljivost<\/h3>\n<p>Vedro valja mora imeti dolgo \u017eivljenjsko dobo. Zato mora uporabljeni material izpolnjevati zahtevane standarde trdnosti in \u017eilavosti, biti odporen proti obrabi in koroziji ter biti sposoben prenesti zahtevna delovna okolja.<\/p>\n<h3>Varnost<\/h3>\n<p>Jeklenka z \u017elico mora imeti varnostne elemente, kot so varnostni ventili za nadtlak, da se prepre\u010dijo nesre\u010de zaradi okvare ali preobremenitve. Za zagotovitev varnega delovanja je treba posebno pozornost nameniti zasnovi in \u200b\u200bizbiri komponent.<\/p>\n<h3>Vzdr\u017eevanje<\/h3>\n<p>Cilinder \u017elice mora biti zasnovan za enostavno vzdr\u017eevanje, s komponentami, ki jih je mogo\u010de enostavno zamenjati. Za zagotovitev u\u010dinkovitega delovanja je treba redno pregledovati in menjati tesnila, mazavati in nastavljati batnico.<\/p>\n<p><img decoding=\"async\" src=\"https:\/\/www.hydraulic-cylinders.net\/wp-content\/uploads\/2025\/01\/songte-oil-pipes-and-spare-parts.webp\"><\/p>\n<h2>Navodila za namestitev<\/h2>\n<p>Namestitev cilindra z \u017elico mora potekati po naslednjih korakih:<\/p>\n<ul>\n<li>Pravilno poravnajte valj<\/li>\n<li>Za pritrditev cilindra uporabite ustrezne monta\u017ene nosilce<\/li>\n<li>Prepri\u010dajte se, da so vse povezave varne in ne pu\u0161\u010dajo<\/li>\n<li>Dodajte ustrezno koli\u010dino hidravli\u010dnega olja za mazanje<\/li>\n<\/ul>\n<h2>Vzdr\u017eevanje<\/h2>\n<p>Redno vzdr\u017eevanje je klju\u010dnega pomena za zagotovitev u\u010dinkovitega delovanja in podalj\u0161ane \u017eivljenjske dobe cilindra vedra. Pogosta vzdr\u017eevalna opravila so naslednja:<\/p>\n<ul>\n<li>Redni pregled<\/li>\n<li>Pravilno mazanje<\/li>\n<li>Zamenjava tesnil<\/li>\n<li>Preverjanja kalibracije<\/li>\n<\/ul>\n<h2>Varnostni vidiki in okoljski dejavniki<\/h2>\n<p>Pri uporabi jeklenke z vedrom je treba upo\u0161tevati varnostne ukrepe, da se prepre\u010dijo nesre\u010de. Za zagotovitev pravilnega delovanja jeklenke je treba upo\u0161tevati tudi okoljske dejavnike, kot so delovni pogoji in temperatura.<\/p>\n<h2>Odpravljanje te\u017eav in pogoste te\u017eave<\/h2>\n<p>Pogoste te\u017eave z valjem \u017elice vklju\u010dujejo pu\u0161\u010danje olja, nezadosten tlak in nenavaden hrup. Nasveti za odpravljanje te\u017eav vklju\u010dujejo pregled tesnil, preverjanje nivoja in kakovosti olja ter pregled batnice glede znakov obrabe. Previdnostni ukrepi, kot sta redno vzdr\u017eevanje in pravilna uporaba, lahko pomagajo zmanj\u0161ati morebitne te\u017eave.<\/p>\n<p><img decoding=\"async\" src=\"https:\/\/www.hydraulic-cylinders.net\/wp-content\/uploads\/2025\/01\/songte-bushings-with-all-kinds-of-excavator-models.webp\"><\/p>\n<h2>O na\u0161em podjetju<\/h2>\n<p>Smo proizvajalec hidravli\u010dnih cilindrov, ki ponuja celotno paleto izdelkov. Smo eden vodilnih proizvajalcev in veleprodajnih distributerjev hidravli\u010dnih cilindrov na doma\u010dem in mednarodnem trgu. Sledimo na\u010delu odli\u010dne kakovosti in se zana\u0161amo na industrializirane strategije upravljanja proizvodnje v natan\u010dno izdelanih delavnicah. Na\u0161e podjetje nenehno izbolj\u0161uje proizvodno platformo delavnice, izpopolnjuje proizvodno pot kakovosti izdelkov in ima mo\u010dno ustvarjalnost pri uporabi visoko u\u010dinkovitih, visoko natan\u010dnih in visokokakovostnih na\u010del za zadovoljevanje raznolikih potreb strank.<\/p>\n<p><img decoding=\"async\" src=\"https:\/\/hzpt.com\/wp-content\/uploads\/2024\/11\/songte-company-1.webp\"><\/p>\n<h3>Profesionalnost<\/h3>\n<p>Na\u0161e podjetje ima ekipo profesionalnih in\u017eenirjev in tehnikov, ki strankam zagotavljajo u\u010dinkovite in zanesljive re\u0161itve za hidravli\u010dne cilindre. Z bogatimi izku\u0161njami v proizvodnji in mo\u010dno tehni\u010dno mo\u010djo lahko strankam zagotovimo visokokakovostne izdelke in storitve.<\/p>\n<h3>Mednarodno certificiranje<\/h3>\n<p>Na\u0161e podjetje je opravilo vrsto mednarodnih certifikatov, kot sta ISO in CE, da bi zagotovilo kakovost in varnost na\u0161ih izdelkov.<\/p>\n<h3>Storitve prilagajanja<\/h3>\n<p>Za stranke s posebnimi zahtevami nudimo re\u0161itve hidravli\u010dnih cilindrov po meri, ki ustrezajo njihovim edinstvenim potrebam.<\/p>\n<h3>Proizvodna oprema<\/h3>\n<p>Na\u0161e podjetje uporablja napredno digitalno proizvodno opremo za zagotavljanje natan\u010dnosti hidravli\u010dnih cilindrov.<\/p>\n<h3>Poprodajne storitve<\/h3>\n<p>Zagotavljamo celovite poprodajne storitve, vklju\u010dno z vzdr\u017eevanjem, popravilom in zamenjavo, da zagotovimo dolgoro\u010dno u\u010dinkovito delovanje na\u0161ih hidravli\u010dnih cilindrov.<\/p>\n<p>Avtor: lyl<\/p>","protected":false},"excerpt":{"rendered":"<p>Bucket Cylinder For Caterpillar Small Excavator E300.9D301.7D Introduction A bucket cylinder is a specially designed hydraulic cylinder primarily used to control the movement of a bucket in heavy machinery such as excavators, backhoes, and front-end loaders. Its main function is to enable the bucket to lift, lower, and tilt, making it easier to handle various [&hellip;]<\/p>","protected":false},"featured_media":14780,"comment_status":"open","ping_status":"closed","template":"","meta":{"_et_pb_use_builder":"","_et_pb_old_content":"","_et_gb_content_width":""},"product_brand":[],"product_cat":[1494],"product_tag":[1495,1496],"class_list":{"0":"post-15213","1":"product","2":"type-product","3":"status-publish","4":"has-post-thumbnail","6":"product_cat-bucket-cylinders","7":"product_tag-bucket-cylinders","8":"product_tag-hydraulic-cylinders","10":"first","11":"instock","12":"shipping-taxable","13":"product-type-simple"},"amp_enabled":true,"_links":{"self":[{"href":"https:\/\/www.hydraulic-cylinders.net\/sl\/wp-json\/wp\/v2\/product\/15213","targetHints":{"allow":["GET"]}}],"collection":[{"href":"https:\/\/www.hydraulic-cylinders.net\/sl\/wp-json\/wp\/v2\/product"}],"about":[{"href":"https:\/\/www.hydraulic-cylinders.net\/sl\/wp-json\/wp\/v2\/types\/product"}],"replies":[{"embeddable":true,"href":"https:\/\/www.hydraulic-cylinders.net\/sl\/wp-json\/wp\/v2\/comments?post=15213"}],"wp:featuredmedia":[{"embeddable":true,"href":"https:\/\/www.hydraulic-cylinders.net\/sl\/wp-json\/wp\/v2\/media\/14780"}],"wp:attachment":[{"href":"https:\/\/www.hydraulic-cylinders.net\/sl\/wp-json\/wp\/v2\/media?parent=15213"}],"wp:term":[{"taxonomy":"product_brand","embeddable":true,"href":"https:\/\/www.hydraulic-cylinders.net\/sl\/wp-json\/wp\/v2\/product_brand?post=15213"},{"taxonomy":"product_cat","embeddable":true,"href":"https:\/\/www.hydraulic-cylinders.net\/sl\/wp-json\/wp\/v2\/product_cat?post=15213"},{"taxonomy":"product_tag","embeddable":true,"href":"https:\/\/www.hydraulic-cylinders.net\/sl\/wp-json\/wp\/v2\/product_tag?post=15213"}],"curies":[{"name":"delovni list","href":"https:\/\/api.w.org\/{rel}","templated":true}]}}