{"id":15225,"date":"2025-01-19T14:15:41","date_gmt":"2025-01-19T14:15:41","guid":{"rendered":"https:\/\/www.hydraulic-cylinders.net\/product\/bucket-cylinder-for-caterpillar-middle-excavator-e200b\/"},"modified":"2025-01-19T14:15:43","modified_gmt":"2025-01-19T14:15:43","slug":"bucket-cylinder-for-caterpillar-middle-excavator-e200b","status":"publish","type":"product","link":"https:\/\/www.hydraulic-cylinders.net\/sl\/izdelek\/bucket-cylinder-for-caterpillar-middle-excavator-e200b\/","title":{"rendered":"Cilinder \u017elice za Caterpillar srednji bager E200B"},"content":{"rendered":"<h1>Cilinder \u017elice za Caterpillar srednji bager E200B<\/h1>\n<h2>Uvod<\/h2>\n<p>A bucket cylinder is a type of hydraulic cylinder specially designed for controlling the movement of the bucket in heavy machinery such as excavators, backhoes, and front loaders. Its main function is to enable the bucket to perform lifting, lowering, and tilting operations, thus facilitating material handling tasks of various kinds. In the hydraulic system, the bucket cylinder achieves precise control of the bucket&#8217;s movement through changes in hydraulic oil pressure, allowing operators to handle heavy loads efficiently and adapt to complex working environments and diverse job requirements.<\/p>\n<p><img decoding=\"async\" src=\"https:\/\/www.hydraulic-cylinders.net\/wp-content\/uploads\/2025\/01\/songte-company-2.webp\" alt=\"Cilinder za vedro\"><\/p>\n<h2>Zna\u010dilnosti<\/h2>\n<ul>\n<li>Visoka trdnost in vzdr\u017eljivost: Obi\u010dajno je izdelan iz visoko trdnega jekla ali aluminija, zato lahko prenese visok tlak in velike obremenitve ter se prilagaja zahtevnim delovnim okoljem. Zasnovan je z mislijo na odpornost proti obrabi in koroziji, kar podalj\u0161a \u017eivljenjsko dobo.<\/li>\n<li>U\u010dinkovito hidravli\u010dno delovanje: Z uporabo hidravli\u010dnega tlaka olja za doseganje gladkega iztegovanja in vvla\u010devanja se lahko hitro odzove na krmilne ukaze ter zagotavlja mo\u010dno potisno in vle\u010dno silo, primerno za rokovanje s te\u017ekimi bremeni in kompleksnimi delovnimi nalogami.<\/li>\n<li>Razli\u010dne vrste: Enojno delujo\u010di (hidravli\u010dni, ki se uporabljajo samo v eno smer) ali dvostransko delujo\u010di (hidravli\u010dni, ki se uporabljajo v obe smeri) cilindri se lahko izberejo glede na potrebe in izpolnijo razli\u010dne zahteve delovanja. Nekateri modeli so teleskopski, kar omogo\u010da ve\u010dji razteg brez pove\u010danja zunanjih dimenzij, primerni za uporabo z omejenim prostorom.<\/li>\n<li>Popolna zamenjava: Na\u0161 izdelek lahko popolnoma nadomesti druge hidravli\u010dne cilindre.<\/li>\n<\/ul>\n<p><img decoding=\"async\" src=\"https:\/\/www.hydraulic-cylinders.net\/wp-content\/uploads\/2025\/01\/songte-cylinder-head-with-all-kinds-excavator-models.webp\" alt=\"Zamenjava cilindra \u017elice\"><\/p>\n<h2>Aplikacije<\/h2>\n<p>Valji z \u017elico se pogosto uporabljajo v razli\u010dnih aplikacijah, kot so:<\/p>\n<ul>\n<li>Gradbena oprema: Pri bagrih so klju\u010dni za kopanje, nakladanje in premikanje zemlje ali ru\u0161evin. Pri bagrih cilindri \u017elice pomagajo tako pri kopanju kot pri dvigovanju. <\/li>\n<li>Kmetijski stroji: Uporabljajo se v \u010delnih nakladalnikih za zajemanje, dvigovanje in prevoz zemlje, sena in drugih materialov. <\/li>\n<li>Bagri: Cilindri \u017elice dose\u017eejo kopanje tako, da \u017elici omogo\u010dijo prodiranje v zemljo. <\/li>\n<li>Nakladalniki: Pri \u010delnih nakladalnikih pomagajo pri u\u010dinkovitem dvigovanju in nagibanju blaga. <\/li>\n<\/ul>\n<h2>Oblikovalski vidiki in izbirna merila<\/h2>\n<p>Pri izbiri cilindrov z \u017elico je treba upo\u0161tevati ve\u010d klju\u010dnih konstrukcijskih vidikov:<\/p>\n<ul>\n<li>Nosilnost: Jeklenka mora biti sposobna prenesti visok tlak in velike obremenitve. <\/li>\n<li>Tesnjenje: Tesnilni obro\u010d bata, tesnilni obro\u010d palice in druge tesnilne komponente morajo biti izdelane iz materialov, odpornih proti obrabi, kot sta poliuretan ali nitrilna guma, telo valja in povr\u0161ina navojnega konca pa morata biti fino obdelana za izbolj\u0161anje odpornosti proti obrabi. <\/li>\n<li>Vzdr\u017eljivost: Jeklenka mora biti sposobna prenesti te\u017eke obratovalne pogoje in imeti dolgo \u017eivljenjsko dobo. <\/li>\n<li>Varnost: Jeklenka mora biti zasnovana z mislijo na varnost, da se zagotovi, da med delovanjem ne bo odpovedala ali povzro\u010dila po\u0161kodb. <\/li>\n<li>Vzdr\u017eevanje: Jeklenka mora biti enostavna za vzdr\u017eevanje in popravilo, kar omogo\u010da hitro zamenjavo obrabljenih delov in zmanj\u0161anje \u010dasa izpada.<\/li>\n<\/ul>\n<p><img decoding=\"async\" src=\"https:\/\/www.hydraulic-cylinders.net\/wp-content\/uploads\/2025\/01\/songte-oil-pipes-and-spare-parts.webp\" alt=\"Deli cilindra \u017elice\"><\/p>\n<h2>Tesnjenje in mazanje<\/h2>\n<p>V cilindrih z \u017elico se uporabljajo razli\u010dne tesnilne komponente, kot so tesnilni obro\u010dki bata in tesnilni obro\u010dki palice, izdelani iz materialov, odpornih proti obrabi, kot sta poliuretan ali nitrilna guma. Telo cilindra in povr\u0161ina navoja sta fino obdelana za izbolj\u0161anje odpornosti proti obrabi. Za nemoteno delovanje je treba redno mazanje s hidravli\u010dnim oljem.<\/p>\n<h2>Vzdr\u017eevanje in popravila<\/h2>\n<p>Za zagotovitev optimalne zmogljivosti in podalj\u0161anje \u017eivljenjske dobe cilindrov \u017elice je potrebno redno vzdr\u017eevanje. Pogosta vzdr\u017eevalna opravila vklju\u010dujejo:<\/p>\n<ul>\n<li>Redni pregledi<\/li>\n<li>Pravilno mazanje<\/li>\n<li>Zamenjava tesnila<\/li>\n<li>Preverjanja kalibracije<\/li>\n<\/ul>\n<p>Proper installation is also crucial, and alignment guidelines should be provided. The cylinder should be secured using appropriate mounting brackets. Recommended inspection, repair, and replacement procedures should be followed to maximize the cylinder&#8217;s service life.<\/p>\n<p><img decoding=\"async\" src=\"https:\/\/www.hydraulic-cylinders.net\/wp-content\/uploads\/2025\/01\/songte-chushion-collar.webp\" alt=\"Namestitev cilindra vedra\"><\/p>\n<h2>Varnostni vidiki in okoljski dejavniki<\/h2>\n<p>Z jeklenkami je treba upravljati v skladu z vsemi ustreznimi varnostnimi predpisi in smernicami. Pri delu s te\u017ekimi stroji je treba sprejeti ustrezne varnostne ukrepe. Pri izbiri in upravljanju jeklenk je treba upo\u0161tevati tudi okoljske dejavnike, kot sta temperatura in vla\u017enost.<\/p>\n<h2>Pogoste napake in odpravljanje te\u017eav<\/h2>\n<p>Pogoste napake, ki se lahko pojavijo pri cilindrih \u017elic, vklju\u010dujejo:<\/p>\n<ul>\n<li>Pu\u0161\u010danje olja<\/li>\n<li>Po\u010dasno delovanje<\/li>\n<li>Neenakomerno gibanje<\/li>\n<\/ul>\n<p>Za u\u010dinkovito diagnosticiranje in re\u0161evanje teh te\u017eav je treba upo\u0161tevati ustrezne tehnike odpravljanja te\u017eav. Redno vzdr\u017eevanje in pregledi lahko pomagajo prepre\u010diti morebitne te\u017eave.<\/p>\n<p><img decoding=\"async\" src=\"https:\/\/www.hydraulic-cylinders.net\/wp-content\/uploads\/2025\/01\/songte-bushings-with-all-kinds-of-excavator-models.webp\" alt=\"Pu\u0161e cilindra \u017elice\"><\/p>\n<h2>O nas<\/h2>\n<p>Smo vodilni proizvajalec in veletrgovec hidravli\u010dnih cilindrov na doma\u010dem in mednarodnem trgu. Na\u0161a celovita ponudba izdelkov in odli\u010dna kakovost sta nas uvrstili med najbolj zaupanja vredna in spo\u0161tovana imena v panogi. Velik poudarek dajemo kakovosti na\u0161ih izdelkov, pri \u010demer v na\u0161ih naprednih proizvodnih obratih uporabljamo dober sistem upravljanja proizvodnje in nenehno izbolj\u0161ujemo kakovost na\u0161ih izdelkov z uporabo tehnologije, strokovnega osebja in profesionalnih sistemov testiranja. Imamo mo\u010dno ekipo za raziskave in razvoj ter smo zavezani k zagotavljanju visoko u\u010dinkovitih, visoko natan\u010dnih in visokokakovostnih izdelkov, ki ustrezajo raznolikim potrebam na\u0161ih strank.<\/p>\n<p><img decoding=\"async\" src=\"https:\/\/hzpt.com\/wp-content\/uploads\/2024\/11\/songte-company-1.webp\" alt=\"Podjetje\"><\/p>\n<h3>Na\u0161e prednosti vklju\u010dujejo:<\/h3>\n<ul>\n<li>Profesionalnost<\/li>\n<li>Mednarodno certificiranje<\/li>\n<li>Storitve prilagajanja<\/li>\n<li>Napredna proizvodna oprema<\/li>\n<li>Poprodajne storitve<\/li>\n<\/ul>\n<p>Avtor: lyl<\/p>","protected":false},"excerpt":{"rendered":"<p>Bucket Cylinder For Caterpillar Middle Excavator E200B Introduction A bucket cylinder is a type of hydraulic cylinder specially designed for controlling the movement of the bucket in heavy machinery such as excavators, backhoes, and front loaders. Its main function is to enable the bucket to perform lifting, lowering, and tilting operations, thus facilitating material handling [&hellip;]<\/p>","protected":false},"featured_media":14785,"comment_status":"open","ping_status":"closed","template":"","meta":{"_et_pb_use_builder":"","_et_pb_old_content":"","_et_gb_content_width":""},"product_brand":[],"product_cat":[1494],"product_tag":[1495,1496],"class_list":{"0":"post-15225","1":"product","2":"type-product","3":"status-publish","4":"has-post-thumbnail","6":"product_cat-bucket-cylinders","7":"product_tag-bucket-cylinders","8":"product_tag-hydraulic-cylinders","10":"first","11":"instock","12":"shipping-taxable","13":"product-type-simple"},"amp_enabled":true,"_links":{"self":[{"href":"https:\/\/www.hydraulic-cylinders.net\/sl\/wp-json\/wp\/v2\/product\/15225","targetHints":{"allow":["GET"]}}],"collection":[{"href":"https:\/\/www.hydraulic-cylinders.net\/sl\/wp-json\/wp\/v2\/product"}],"about":[{"href":"https:\/\/www.hydraulic-cylinders.net\/sl\/wp-json\/wp\/v2\/types\/product"}],"replies":[{"embeddable":true,"href":"https:\/\/www.hydraulic-cylinders.net\/sl\/wp-json\/wp\/v2\/comments?post=15225"}],"wp:featuredmedia":[{"embeddable":true,"href":"https:\/\/www.hydraulic-cylinders.net\/sl\/wp-json\/wp\/v2\/media\/14785"}],"wp:attachment":[{"href":"https:\/\/www.hydraulic-cylinders.net\/sl\/wp-json\/wp\/v2\/media?parent=15225"}],"wp:term":[{"taxonomy":"product_brand","embeddable":true,"href":"https:\/\/www.hydraulic-cylinders.net\/sl\/wp-json\/wp\/v2\/product_brand?post=15225"},{"taxonomy":"product_cat","embeddable":true,"href":"https:\/\/www.hydraulic-cylinders.net\/sl\/wp-json\/wp\/v2\/product_cat?post=15225"},{"taxonomy":"product_tag","embeddable":true,"href":"https:\/\/www.hydraulic-cylinders.net\/sl\/wp-json\/wp\/v2\/product_tag?post=15225"}],"curies":[{"name":"delovni list","href":"https:\/\/api.w.org\/{rel}","templated":true}]}}