{"id":15229,"date":"2025-01-19T14:16:02","date_gmt":"2025-01-19T14:16:02","guid":{"rendered":"https:\/\/www.hydraulic-cylinders.net\/product\/bucket-cylinder-for-caterpillar-middle-excavator-e324d-324dz\/"},"modified":"2025-01-19T14:16:04","modified_gmt":"2025-01-19T14:16:04","slug":"bucket-cylinder-for-caterpillar-middle-excavator-e324d-324dz","status":"publish","type":"product","link":"https:\/\/www.hydraulic-cylinders.net\/sl\/izdelek\/bucket-cylinder-for-caterpillar-middle-excavator-e324d-324dz\/","title":{"rendered":"Cilinder \u017elice za Caterpillar srednji bager E324D\/324DZ"},"content":{"rendered":"<p><!DOCTYPE html><br \/>\n<html><br \/>\n<head><br \/>\n<title>Cilinder \u017elice za Caterpillar srednji bager E324D\/324DZ<\/title><br \/>\n<\/head><br \/>\n<body><\/p>\n<h1>Cilinder \u017elice za Caterpillar srednji bager E324D\/324DZ<\/h1>\n<h2>Uvod<\/h2>\n<p>Hidravli\u010dni valj \u017elice je posebej zasnovan hidravli\u010dni valj, ki se uporablja za krmiljenje gibanja \u017elice v te\u017ekih strojih, kot so bagri, bagri nakladalniki in \u010delni nakladalniki. Njegova glavna funkcija je omogo\u010danje dvigovanja, spu\u0161\u010danja in nagibanja \u017elice, kar olaj\u0161a opravljanje razli\u010dnih nalog ravnanja z materiali. V hidravli\u010dnem sistemu valj \u017elice dose\u017ee natan\u010den nadzor nad \u017elico z uporabo sprememb tlaka hidravli\u010dnega olja, kar omogo\u010da upravljavcem u\u010dinkovito ravnanje s te\u017ekimi bremeni in prilagajanje kompleksnim delovnim okoljem ter raznolikim zahtevam dela.<\/p>\n<p><img decoding=\"async\" src=\"https:\/\/www.hydraulic-cylinders.net\/wp-content\/uploads\/2025\/01\/songte-company-2.webp\" alt=\"Slika valjaste \u017elice\"><\/p>\n<h2>Zna\u010dilnosti<\/h2>\n<ul>\n<li><strong>Visoka trdnost in vzdr\u017eljivost:<\/strong> Obi\u010dajno izdelan iz visoko trdnega jekla ali aluminija, je valj z \u017elico odporen na visok tlak in velike obremenitve, zato se prilagaja zahtevnim delovnim okoljem. Zasnovan je z upo\u0161tevanjem odpornosti proti obrabi in koroziji, kar podalj\u0161uje njegovo \u017eivljenjsko dobo.<\/li>\n<li><strong>U\u010dinkovito hidravli\u010dno delovanje:<\/strong> Z izkori\u0161\u010danjem tlaka hidravli\u010dnega olja dose\u017ee valj \u017elice gladko iztegovanje in vle\u010denje, kar omogo\u010da hiter odziv na krmilne ukaze in zagotavlja mo\u010dne potisne in vle\u010dne sile. Primeren je za ravnanje s te\u017ekimi bremeni in kompleksnimi delovnimi nalogami.<\/li>\n<li><strong>Razli\u010dne vrste:<\/strong> Valj \u017elice je lahko glede na specifi\u010dne operativne potrebe enosmerno delujo\u010d (hidravlika se uporablja samo v eni smeri) ali dvosmerno delujo\u010d (hidravlika se uporablja v obeh smereh). Nekateri modeli so teleskopski, kar omogo\u010da ve\u010dji razteg brez pove\u010danja zunanjih dimenzij, zaradi \u010desar so primerni za uporabo z omejenim prostorom.<\/li>\n<\/ul>\n<p><img decoding=\"async\" src=\"https:\/\/www.hydraulic-cylinders.net\/wp-content\/uploads\/2025\/01\/songte-cylinder-head-with-all-kinds-excavator-models.webp\" alt=\"Slika izdelka\"><\/p>\n<h2>Aplikacije<\/h2>\n<p>Valj z \u017elico se uporablja v razli\u010dni opremi:<\/p>\n<ul>\n<li><strong>Gradbena oprema:<\/strong> Najdemo jih v bagrih in so bistveni za izkopavanje, nakladanje in premikanje zemlje ali ru\u0161evin. Pri bagrih nakladalnikih cilinder \u017elice pomaga tako pri kopanju kot dvigovanju.<\/li>\n<li><strong>Kmetijska mehanizacija:<\/strong> Uporablja se v \u010delnih nakladalnikih za zajemanje, dvigovanje in prevoz zemlje, sena in drugih materialov.<\/li>\n<li><strong>Bagri:<\/strong> Cilinder \u017elice omogo\u010da kopanje, saj \u017elici omogo\u010da prodiranje v zemljo.<\/li>\n<li><strong>Nakladalci:<\/strong> Pri \u010delnih nakladalnikih pomagajo pri u\u010dinkovitem dvigovanju in razkladanju blaga.<\/li>\n<\/ul>\n<h2>Oblikovalski vidiki in izbirna merila<\/h2>\n<p>Kar zadeva konstrukcijske vidike, so nosilnost, tesnjenje, vzdr\u017eljivost, varnost in vzdr\u017eevanje cilindra \u017elice izjemnega pomena:<\/p>\n<p><img decoding=\"async\" src=\"https:\/\/www.hydraulic-cylinders.net\/wp-content\/uploads\/2025\/01\/songte-oil-pipes-and-spare-parts.webp\" alt=\"Slika izdelka\"><\/p>\n<h2>Tesnjenje in mazanje<\/h2>\n<p>Valj \u017elice uporablja razli\u010dna tesnila, kot so tesnila bata in tesnila palic, izdelana iz materialov, odpornih proti obrabi, kot sta poliuretan in nitrilna guma. Telo valja in navojna kon\u010dna povr\u0161ina sta fino obdelana za izbolj\u0161anje odpornosti proti obrabi. Za nemoteno delovanje je potrebno redno mazanje z ustrezno koli\u010dino hidravli\u010dnega olja.<\/p>\n<h2>Redni pregledi in preventivno vzdr\u017eevanje<\/h2>\n<p>Redni pregledi in preventivni vzdr\u017eevalni ukrepi so bistveni za ohranjanje delovanja in dolge \u017eivljenjske dobe cilindra vedra. Nekateri klju\u010dni ukrepi vklju\u010dujejo:<\/p>\n<h2>Vodnik za namestitev izdelka<\/h2>\n<p>Pravilna namestitev izdelka je klju\u010dnega pomena za zagotovitev optimalne u\u010dinkovitosti in varnosti. Tukaj je nekaj pomembnih to\u010dk, ki jih je treba upo\u0161tevati:<\/p>\n<p><img decoding=\"async\" src=\"https:\/\/www.hydraulic-cylinders.net\/wp-content\/uploads\/2025\/01\/songte-chushion-collar.webp\" alt=\"Slika izdelka\"><\/p>\n<h2>Vzdr\u017eevalna opravila<\/h2>\n<p>Pogosta vzdr\u017eevalna opravila za valj vedra vklju\u010dujejo redne preglede, ustrezno mazanje, zamenjavo tesnil in preverjanje kalibracije. Pomembno je zagotoviti ustrezna navodila za poravnavo valja med postopkom namestitve in priporo\u010diti uporabo ustreznih monta\u017enih nosilcev za pritrditev valja. Za podalj\u0161anje \u017eivljenjske dobe valja vedra so na voljo priporo\u010deni postopki pregleda, popravila in zamenjave.<\/p>\n<h2>Varnostni vidiki in okoljski dejavniki<\/h2>\n<p>Pri uporabi jeklenke z vedrom je treba dati prednost varnostnim ukrepom. Pri delu z jeklenko je pomembno upo\u0161tevati varnostne ukrepe, da prepre\u010dite nesre\u010de ter za\u0161\u010ditite osebje in opremo.<\/p>\n<p><img decoding=\"async\" src=\"https:\/\/www.hydraulic-cylinders.net\/wp-content\/uploads\/2025\/01\/songte-bushings-with-all-kinds-of-excavator-models.webp\" alt=\"Slika izdelka\"><\/p>\n<h2>Odpravljanje te\u017eav in pogoste te\u017eave<\/h2>\n<p>Tukaj je nekaj pogostih nasvetov in re\u0161itev za odpravljanje te\u017eav, ki vam bodo pomagale u\u010dinkovito diagnosticirati in odpraviti te\u017eave. Pomembno je tudi zagotoviti preventivne ukrepe za zmanj\u0161anje morebitnih te\u017eav.<\/p>\n<h2>O na\u0161em podjetju<\/h2>\n<p>Smo proizvajalec nadomestnih hidravli\u010dnih cilindrov in ponujamo \u0161iroko paleto izdelkov. Smo eden vodilnih proizvajalcev in veleprodajnih distributerjev hidravli\u010dnih cilindrov na doma\u010dem in mednarodnem trgu. V na\u0161i prefinjeni proizvodni delavnici se dr\u017eimo na\u010del odli\u010dnosti in se zana\u0161amo na strategije upravljanja industrijske proizvodnje. Z osredoto\u010danjem na tehnolo\u0161ke talente, vrhunsko digitalno proizvodno opremo in profesionalne sisteme testiranja nenehno izbolj\u0161ujemo na\u0161o proizvodno platformo in proizvodne poti za kakovost izdelkov. Imamo mo\u010dno ustvarjalno sposobnost in si prizadevamo zadovoljiti raznolike potrebe strank z visoko u\u010dinkovitostjo, natan\u010dnostjo in kakovostjo.<\/p>\n<p><img decoding=\"async\" src=\"https:\/\/www.hydraulic-cylinders.net\/wp-content\/uploads\/2025\/01\/songte-company-3.webp\" alt=\"Slika podjetja\"><\/p>\n<p>Na\u0161e podjetje lahko podrobneje predstavimo z naslednjih vidikov:<\/p>\n<ul>\n<li><strong>Profesionalnost:<\/strong> Imamo ekipo strokovnjakov, ki so predani zagotavljanju visokokakovostnih hidravli\u010dnih cilindrov.<\/li>\n<li><strong>Mednarodni certifikati:<\/strong> Na\u0161i izdelki ustrezajo mednarodnim standardom kakovosti in certifikatom.<\/li>\n<li><strong>Storitve prilagajanja:<\/strong> Ponujamo prilagojene re\u0161itve, ki ustrezajo specifi\u010dnim zahtevam strank.<\/li>\n<li><strong>Proizvodna oprema:<\/strong> Imamo napredno proizvodno opremo, ki zagotavlja kakovost in u\u010dinkovitost na\u0161ih izdelkov.<\/li>\n<li><strong>Poprodajne storitve:<\/strong> Zagotavljamo celovite poprodajne storitve za zagotavljanje zadovoljstva strank.<\/li>\n<\/ul>\n<p>Avtor: lyl<\/p>\n<p><\/body><br \/>\n<\/html><\/p>","protected":false},"excerpt":{"rendered":"<p>Bucket Cylinder For Caterpillar Middle Excavator E324D\/324DZ Bucket Cylinder For Caterpillar Middle Excavator E324D\/324DZ Introduction The bucket cylinder is a specially designed hydraulic cylinder used to control the movement of the bucket in heavy machinery such as excavators, backhoe loaders, and front-end loaders. Its main function is to enable the lifting, lowering, and tilting of [&hellip;]<\/p>","protected":false},"featured_media":14778,"comment_status":"open","ping_status":"closed","template":"","meta":{"_et_pb_use_builder":"","_et_pb_old_content":"","_et_gb_content_width":""},"product_brand":[],"product_cat":[1494],"product_tag":[1495,1496],"class_list":{"0":"post-15229","1":"product","2":"type-product","3":"status-publish","4":"has-post-thumbnail","6":"product_cat-bucket-cylinders","7":"product_tag-bucket-cylinders","8":"product_tag-hydraulic-cylinders","10":"first","11":"instock","12":"shipping-taxable","13":"product-type-simple"},"amp_enabled":true,"_links":{"self":[{"href":"https:\/\/www.hydraulic-cylinders.net\/sl\/wp-json\/wp\/v2\/product\/15229","targetHints":{"allow":["GET"]}}],"collection":[{"href":"https:\/\/www.hydraulic-cylinders.net\/sl\/wp-json\/wp\/v2\/product"}],"about":[{"href":"https:\/\/www.hydraulic-cylinders.net\/sl\/wp-json\/wp\/v2\/types\/product"}],"replies":[{"embeddable":true,"href":"https:\/\/www.hydraulic-cylinders.net\/sl\/wp-json\/wp\/v2\/comments?post=15229"}],"wp:featuredmedia":[{"embeddable":true,"href":"https:\/\/www.hydraulic-cylinders.net\/sl\/wp-json\/wp\/v2\/media\/14778"}],"wp:attachment":[{"href":"https:\/\/www.hydraulic-cylinders.net\/sl\/wp-json\/wp\/v2\/media?parent=15229"}],"wp:term":[{"taxonomy":"product_brand","embeddable":true,"href":"https:\/\/www.hydraulic-cylinders.net\/sl\/wp-json\/wp\/v2\/product_brand?post=15229"},{"taxonomy":"product_cat","embeddable":true,"href":"https:\/\/www.hydraulic-cylinders.net\/sl\/wp-json\/wp\/v2\/product_cat?post=15229"},{"taxonomy":"product_tag","embeddable":true,"href":"https:\/\/www.hydraulic-cylinders.net\/sl\/wp-json\/wp\/v2\/product_tag?post=15229"}],"curies":[{"name":"delovni list","href":"https:\/\/api.w.org\/{rel}","templated":true}]}}