{"id":15230,"date":"2025-01-19T14:16:10","date_gmt":"2025-01-19T14:16:10","guid":{"rendered":"https:\/\/www.hydraulic-cylinders.net\/product\/bucket-cylinder-for-caterpillar-middle-excavator-e240bl\/"},"modified":"2025-01-19T14:16:12","modified_gmt":"2025-01-19T14:16:12","slug":"bucket-cylinder-for-caterpillar-middle-excavator-e240bl","status":"publish","type":"product","link":"https:\/\/www.hydraulic-cylinders.net\/sl\/izdelek\/bucket-cylinder-for-caterpillar-middle-excavator-e240bl\/","title":{"rendered":"Cilinder \u017elice za Caterpillar srednji bager E240BL"},"content":{"rendered":"<h1>Cilinder \u017elice za Caterpillar srednji bager E240BL<\/h1>\n<h2>Uvod<\/h2>\n<p>Hidravli\u010dni valj \u017elice je posebej zasnovan hidravli\u010dni valj, ki se uporablja za krmiljenje gibanja \u017elic v te\u017ekih strojih, kot so bagri, bagri in \u010delni nakladalniki. Njegova glavna funkcija je omogo\u010diti \u017elici dvigovanje, spu\u0161\u010danje in nagibanje, kar olaj\u0161a opravljanje razli\u010dnih nalog ravnanja z materiali. V hidravli\u010dnem sistemu valj \u017elice dose\u017ee natan\u010den nadzor nad gibanjem \u017elice s spremembami tlaka hidravli\u010dnega olja, kar upravljavcem omogo\u010da u\u010dinkovito ravnanje s te\u017ekimi bremeni in prilagajanje kompleksnim delovnim okoljem ter raznolikim operativnim zahtevam.<\/p>\n<p><img decoding=\"async\" src=\"https:\/\/www.hydraulic-cylinders.net\/wp-content\/uploads\/2025\/01\/songte-company-2.webp\" alt=\"Slika valjaste \u017elice\"><\/p>\n<h2>Zna\u010dilnosti<\/h2>\n<ul>\n<li>Visoka trdnost in vzdr\u017eljivost: Obi\u010dajno je izdelan iz visoko trdnega jekla ali aluminija, lahko prenese visok tlak in velike obremenitve, se prilagodi zahtevnim delovnim okoljem in je zasnovan tako, da upo\u0161teva odpornost proti obrabi in koroziji, kar podalj\u0161a njegovo \u017eivljenjsko dobo.<\/li>\n<li>U\u010dinkovito hidravli\u010dno delovanje: Gladko iztezanje in kr\u010denje se dose\u017ee z uporabo tlaka hidravli\u010dnega olja, naprava pa se lahko hitro odzove na krmilne ukaze in zagotavlja mo\u010dne potisne in vle\u010dne sile, zaradi \u010desar je primerna za ravnanje s te\u017ekimi bremeni in kompleksnimi delovnimi nalogami.<\/li>\n<li>Razli\u010dne vrste: Enojno delujo\u010di (hidravli\u010dni, ki se uporabljajo v eni smeri) ali dvostransko delujo\u010di (hidravli\u010dni, ki se uporabljajo v dveh smereh) cilindri se lahko izberejo glede na zahteve za izpolnjevanje razli\u010dnih operativnih potreb. Nekateri modeli so teleskopski, kar omogo\u010da ve\u010dji razteg brez pove\u010danja zunanjih dimenzij, zaradi \u010desar so primerni za uporabo z omejenim prostorom.<\/li>\n<li>Na\u0161 izdelek lahko popolnoma nadomesti te hidravli\u010dne cilindre.<\/li>\n<\/ul>\n<p><img decoding=\"async\" src=\"https:\/\/www.hydraulic-cylinders.net\/wp-content\/uploads\/2025\/01\/songte-cylinder-head-with-all-kinds-excavator-models.webp\" alt=\"Slika valjaste \u017elice\"><\/p>\n<h2>Aplikacije<\/h2>\n<p>Cilinder \u017elice se uporablja v razli\u010dnih te\u017ekih strojih:<\/p>\n<ul>\n<li>Gradbena oprema: Za bagre je bistvenega pomena pri kopanju, nakladanju in premikanju zemlje ali ru\u0161evin. Pri bagrih cilinder \u017elice pomaga tako pri izkopavanju kot pri dvigovanju. <\/li>\n<li>Kmetijski stroji: Uporabljajo se v \u010delnih nakladalnikih za zajemanje, dvigovanje in prevoz zemlje, sena in drugih materialov. <\/li>\n<li>Bagri: Cilindri \u017elice omogo\u010dajo kopanje tako, da \u017elica prodre v zemljo. <\/li>\n<li>Nakladalci: Pri \u010delnih nakladalcih pomagajo pri u\u010dinkovitem dvigovanju in nagibanju blaga. <\/li>\n<\/ul>\n<h2>Oblikovalski vidiki in izbirna merila<\/h2>\n<p>Zasnova cilindra vedra je bistvenega pomena za zagotovitev njegove zanesljive zmogljivosti delovanja v te\u017ekih delovnih pogojih. Sledi nekaj klju\u010dnih premislekov pri zasnovi in \u200b\u200bizbirnih meril:<\/p>\n<ul>\n<li>Nosilnost: Mora biti sposobna prenesti visok tlak in velike obremenitve. <\/li>\n<li>Tesnjenje: Imeti mora visokokakovostne tesnilne elemente, kot so tesnila bata in ojnice, ki so izdelani iz materialov, odpornih proti obrabi, kot sta poliuretan in nitrilna guma. <\/li>\n<li>Vzdr\u017eljivost: Telo valja in navojne kon\u010dne povr\u0161ine morajo biti fino obdelane, da se izbolj\u0161a odpornost proti obrabi. <\/li>\n<li>Varnost: Imeti mora varnostne funkcije, kot so obvodni ventili in tla\u010dni varnostni ventili, da se prepre\u010di preobremenitev. <\/li>\n<li>Vzdr\u017eevanje: Imeti mora enostavno zamenljive obrabne dele in zasnovo, ki jo je enostavno razstaviti za vzdr\u017eevanje. <\/li>\n<\/ul>\n<p><img decoding=\"async\" src=\"https:\/\/www.hydraulic-cylinders.net\/wp-content\/uploads\/2025\/01\/songte-oil-pipes-and-spare-parts.webp\" alt=\"Slika valjaste \u017elice\"><\/p>\n<h2>Tesnjenje in mazanje<\/h2>\n<p>Za prepre\u010devanje pu\u0161\u010danja olja in zagotavljanje ustreznega mazanja je potreben razli\u010dni tesnilni elementi za valj \u017elice. Upo\u0161tevati je treba naslednje pomembne to\u010dke:<\/p>\n<ul>\n<li>Uporabite razli\u010dne tesnilne elemente, kot so tesnila bata in tesnila batnic<\/li>\n<li>Izberite tesnilne elemente iz materialov, odpornih proti obrabi, kot sta poliuretan in nitrilni kav\u010duk<\/li>\n<li>Prepri\u010dajte se, da sta ohi\u0161je valja in navojne kon\u010dne povr\u0161ine fino obdelani, da se izbolj\u0161a odpornost proti obrabi.<\/li>\n<li>Redno dodajajte ustrezno hidravli\u010dno olje za mazanje<\/li>\n<\/ul>\n<h2>Vzdr\u017eevanje in popravila<\/h2>\n<p>Za optimalno delovanje in vzdr\u017eljivost cilindra vedra je potreben reden pregled in preventivno vzdr\u017eevanje. Sledi nekaj pogostih vzdr\u017eevalnih opravil:<\/p>\n<ul>\n<li>Redni pregled<\/li>\n<li>Pravilno mazanje<\/li>\n<li>Zamenjava tesnila<\/li>\n<li>Preverjanje kalibracije<\/li>\n<\/ul>\n<p><img decoding=\"async\" src=\"https:\/\/www.hydraulic-cylinders.net\/wp-content\/uploads\/2025\/01\/songte-chushion-collar.webp\" alt=\"Slika valjaste \u017elice\"><\/p>\n<h2>Varnostni in okoljski vidiki<\/h2>\n<p>Pri uporabi cilindra z \u017elico je treba sprejeti varnostne ukrepe za zagotovitev varnega delovanja. Poleg tega je treba upo\u0161tevati tudi okoljske vidike, kot je pu\u0161\u010danje olja.<\/p>\n<h2>Diagnosti\u010dne in pogoste te\u017eave<\/h2>\n<p>Sledi nekaj pogostih te\u017eav, ki se lahko pojavijo pri uporabi valja z \u017elico:<\/p>\n<ul>\n<li>Pu\u0161\u010danje olja<\/li>\n<li>Nezadosten tlak<\/li>\n<li>Po\u010dasno gibanje<\/li>\n<li>Prekomerne vibracije<\/li>\n<\/ul>\n<h2>Predstavitev podjetja<\/h2>\n<p>Smo proizvajalec hidravli\u010dnih cilindrov, ki lahko nadomestijo originalne cilindre. Izdelki na\u0161ega podjetja so raznoliki in smo postali eden vodilnih proizvajalcev in veleprodajnih distributerjev hidravli\u010dnih cilindrov na doma\u010dem in mednarodnem trgu. Sledimo na\u010delu odli\u010dne kakovosti in se zana\u0161amo na strategije industrijskega upravljanja proizvodnje v natan\u010dno izdelanih delavnicah. Nenehno izbolj\u0161ujemo na\u0161e proizvodne platforme in izpopolnjujemo na\u0161e proizvodne linije za kakovost izdelkov ter imamo mo\u010dne proizvodne zmogljivosti. Raznolike potrebe na\u0161ih strank izpolnjujemo na podlagi na\u0161ih na\u010del visoke u\u010dinkovitosti, visoke natan\u010dnosti in visoke kakovosti.<\/p>\n<p>Na\u0161e podjetje ponuja tudi prilagojene storitve in mednarodne certifikate, vklju\u010dno z ISO9001, ISO14001 in CE certifikati. Imamo profesionalno proizvodno opremo in poprodajne storitve, vklju\u010dno z zamenjavo rezervnih delov in obnovo, da zagotovimo dolgo \u017eivljenjsko dobo na\u0161ih izdelkov.<\/p>\n<p><img decoding=\"async\" src=\"https:\/\/hzpt.com\/wp-content\/uploads\/2024\/11\/songte-company-1.webp\" alt=\"Slika valjaste \u017elice\"><\/p>\n<p>Avtor: lyl<\/p>","protected":false},"excerpt":{"rendered":"<p>Bucket Cylinder For Caterpillar Middle Excavator E240BL Introduction A bucket cylinder is a specially designed hydraulic cylinder used to control the movement of buckets in heavy-duty machinery such as excavators, backhoes, and front loaders. Its main function is to enable the bucket to perform lifting, lowering, and tilting actions, making it easier to handle various [&hellip;]<\/p>","protected":false},"featured_media":14776,"comment_status":"open","ping_status":"closed","template":"","meta":{"_et_pb_use_builder":"","_et_pb_old_content":"","_et_gb_content_width":""},"product_brand":[],"product_cat":[1494],"product_tag":[1495,1496],"class_list":{"0":"post-15230","1":"product","2":"type-product","3":"status-publish","4":"has-post-thumbnail","6":"product_cat-bucket-cylinders","7":"product_tag-bucket-cylinders","8":"product_tag-hydraulic-cylinders","10":"first","11":"instock","12":"shipping-taxable","13":"product-type-simple"},"amp_enabled":true,"_links":{"self":[{"href":"https:\/\/www.hydraulic-cylinders.net\/sl\/wp-json\/wp\/v2\/product\/15230","targetHints":{"allow":["GET"]}}],"collection":[{"href":"https:\/\/www.hydraulic-cylinders.net\/sl\/wp-json\/wp\/v2\/product"}],"about":[{"href":"https:\/\/www.hydraulic-cylinders.net\/sl\/wp-json\/wp\/v2\/types\/product"}],"replies":[{"embeddable":true,"href":"https:\/\/www.hydraulic-cylinders.net\/sl\/wp-json\/wp\/v2\/comments?post=15230"}],"wp:featuredmedia":[{"embeddable":true,"href":"https:\/\/www.hydraulic-cylinders.net\/sl\/wp-json\/wp\/v2\/media\/14776"}],"wp:attachment":[{"href":"https:\/\/www.hydraulic-cylinders.net\/sl\/wp-json\/wp\/v2\/media?parent=15230"}],"wp:term":[{"taxonomy":"product_brand","embeddable":true,"href":"https:\/\/www.hydraulic-cylinders.net\/sl\/wp-json\/wp\/v2\/product_brand?post=15230"},{"taxonomy":"product_cat","embeddable":true,"href":"https:\/\/www.hydraulic-cylinders.net\/sl\/wp-json\/wp\/v2\/product_cat?post=15230"},{"taxonomy":"product_tag","embeddable":true,"href":"https:\/\/www.hydraulic-cylinders.net\/sl\/wp-json\/wp\/v2\/product_tag?post=15230"}],"curies":[{"name":"delovni list","href":"https:\/\/api.w.org\/{rel}","templated":true}]}}